{"id":13158,"date":"2024-10-10T11:50:34","date_gmt":"2024-10-10T09:50:34","guid":{"rendered":"https:\/\/camping-savoie-levaugrais.com\/canyoning-aufenthalt-in-den-schluchten-von-bugey\/"},"modified":"2024-10-10T13:54:21","modified_gmt":"2024-10-10T11:54:21","slug":"canyoning-aufenthalt-in-den-schluchten-von-bugey","status":"publish","type":"page","link":"https:\/\/camping-savoie-levaugrais.com\/de\/canyoning-aufenthalt-in-den-schluchten-von-bugey\/","title":{"rendered":"Canyoning-Aufenthalt in den Schluchten von Bugey"},"content":{"rendered":"\n<div class=\"wp-block-columns is-layout-flex wp-container-core-columns-is-layout-8f761849 wp-block-columns-is-layout-flex\">\n<div class=\"wp-block-column is-layout-flow wp-block-column-is-layout-flow\">\n<h2 class=\"wp-block-heading\">Canyon du Bugey vor den Toren der Savoyen<\/h2>\n\n\n\n<p class=\"wp-block-paragraph\">Lust auf<strong>Adrenalin<\/strong> und<strong>Wasserabenteuer<\/strong> mit Freunden oder der Familie? Auf unserem <a href=\"https:\/\/camping-savoie-levaugrais.com\/de\/\">Campingplatz<\/a> Le Vaugrais in <a href=\"https:\/\/camping-savoie-levaugrais.com\/de\/\">der N\u00e4he von Savoyen<\/a> k\u00f6nnen Sie den sch\u00f6nsten <strong>Canyon<\/strong> <strong>von Bugey<\/strong> entdecken und Ihre Technik entwickeln. <\/p>\n\n\n\n<p class=\"wp-block-paragraph\">Der 3-Sterne-Campingplatz Le Vaugrais bietet Ihnen einen Aufenthalt in Bugey vor <strong>den Toren der Savoyen<\/strong> mit Unterkunft im <a href=\"https:\/\/camping-savoie-levaugrais.com\/de\/vermietung-von-mobilheimen-und-chalets-in-savoyen\/\">Mobilheim<\/a> oder auf einem <a href=\"https:\/\/camping-savoie-levaugrais.com\/de\/camping-stellplaetze-vor-den-toren-der-savoyen\/\">Stellplatz<\/a> f\u00fcr Zelt, Wohnwagen oder Wohnmobil und einer Canyoning-Aktivit\u00e4t mit einem staatlich gepr\u00fcften Lehrer, um den Canyon du Groin, den fossilen Canyon von Cerveyrieu und den Canyon des S\u00e9ran zu entdecken, die weniger als 3 km entfernt sind.<\/p>\n\n\n\n<figure class=\"wp-block-embed is-type-video is-provider-youtube wp-block-embed-youtube wp-embed-aspect-16-9 wp-has-aspect-ratio\"><div class=\"wp-block-embed__wrapper\">\n<iframe loading=\"lazy\" title=\"MUR67 Canyon du Groin et Canyon fossile de Cerveyrieu\" width=\"500\" height=\"281\" src=\"https:\/\/www.youtube.com\/embed\/5-dqZphKXqk?feature=oembed\" frameborder=\"0\" allow=\"accelerometer; autoplay; clipboard-write; encrypted-media; gyroscope; picture-in-picture; web-share\" referrerpolicy=\"strict-origin-when-cross-origin\" allowfullscreen><\/iframe>\n<\/div><\/figure>\n<\/div>\n\n\n\n<div class=\"wp-block-column is-layout-flow wp-block-column-is-layout-flow\">\n<h2 class=\"wp-block-heading\">Spektakul\u00e4re Canyons f\u00fcr jedes Niveau<\/h2>\n\n\n\n<ul class=\"wp-block-list\">\n<li><strong>Canyon du Groin<\/strong>: D4, 2 Std. Abstieg, 120 m H\u00f6henunterschied, 1000 m L\u00e4nge. <br><em>St\u00e4rken<\/em>: sch\u00f6nster Canyon des Bugey, Abseilen von 12 m, lange Schwimmstrecken, darunter ein wundersch\u00f6ner 130 m langer, fast unterirdischer Abschnitt.<\/li>\n<\/ul>\n\n\n\n<ul class=\"wp-block-list\">\n<li><strong>Fossiler Canyon von Cerveyrieu <\/strong>: AD 2, 1 Stunde Abstieg, 65 m H\u00f6henunterschied, 50 m L\u00e4nge. <br><em>St\u00e4rken<\/em>: kein Wasser, abwechslungsreicher und kurzer Standort, ideal, um die Techniken des Canyoning oder der H\u00f6hlenforschung zu \u00fcben, 9 m lange Rutsche und 40 m Abstieg.<\/li>\n<\/ul>\n\n\n\n<ul class=\"wp-block-list\">\n<li><strong>Canyon du S\u00e9ran<\/strong>: TD2, 3-4 Std. Abstieg, 160 m H\u00f6henunterschied, 2,5 km L\u00e4nge.<br><em>Highlights <\/em>: tiefe Marmites und B\u00e4che, spektakul\u00e4re Aussicht vom Gipfel des 60 m hohen Wasserfalls am Ende des Weges.<\/li>\n<\/ul>\n\n\n\n<p class=\"wp-block-paragraph\"><a rel=\"noreferrer noopener\" href=\"https:\/\/www.lezard-des-bois.fr\/\" target=\"_blank\">L\u00e9zard des<\/a><a href=\"https:\/\/www.lezard-des-bois.fr\/\" target=\"_blank\" rel=\"noreferrer noopener\">Bois<\/a><a rel=\"noreferrer noopener\" href=\"https:\/\/www.lezard-des-bois.fr\/\" target=\"_blank\"> <\/a>steht Ihnen zur Verf\u00fcgung, um Ihnen diese Aktivit\u00e4t zu zeigen &#8230; (ab 6 Jahren m\u00f6glich), aber auch andere Anbieter stehen Ihnen zur Verf\u00fcgung, um diese Aktivit\u00e4t w\u00e4hrend Ihres Aufenthalts zu entdecken.<\/p>\n\n\n\n<p class=\"wp-block-paragraph\">Klicken Sie <a rel=\"noreferrer noopener\" href=\"http:\/\/bugeysud-tourisme.fr\/fr\/sports-deau\/canyoning\/\" target=\"_blank\">hier<\/a>, um mehr \u00fcber die Anbieter von Canyoning zu erfahren.<\/p>\n<\/div>\n<\/div>\n\n\n\t\t\t<div id=\"sevgallery-1263465792\" class=\"sev-diaporama sev-diaporama-portfolio\">\n\t\t\t<div class=\"row\">\n\n\t\t\t\n\t\t\t\t\n\t\t\t\t<div class=\"sev-diaporama-portfolio-item col-12 col-lg \">\n\t\t\t\t\t<!--<a href=\"https:\/\/camping-savoie-levaugrais.com\/wp-content\/uploads\/2021\/07\/AIN-CanyonGroin-MC-050.jpg_800.jpg\" data-lightbox=\"sevgallery-1263465792\" style=\"background-image: url(https:\/\/camping-savoie-levaugrais.com\/wp-content\/uploads\/2021\/07\/AIN-CanyonGroin-MC-050.jpg_800.jpg)\">-->\n\t\t\t\t\t<a href=\"https:\/\/camping-savoie-levaugrais.com\/wp-content\/uploads\/2021\/07\/AIN-CanyonGroin-MC-050.jpg_800.jpg\" data-lightbox=\"sevgallery-1263465792\">\n\t\t\t\t\t\t<img decoding=\"async\" src=\"https:\/\/camping-savoie-levaugrais.com\/wp-content\/uploads\/2021\/07\/AIN-CanyonGroin-MC-050.jpg_800.jpg\" alt=\"canyoning dans l&#039;ain\" loading=\"lazy\">\n\t\t\t\t\t<\/a>\n\t\t\t\t<\/div>\n\n\t\t\t\t\n\t\t\t\t\t\t\t\t\t\t\t\n\t\t\t\t\n\t\t\t\t<div class=\"sev-diaporama-portfolio-item col-12 col-lg \">\n\t\t\t\t\t<!--<a href=\"https:\/\/camping-savoie-levaugrais.com\/wp-content\/uploads\/2021\/07\/AIN-CanyonGroin-MC-054.jpg\" data-lightbox=\"sevgallery-1263465792\" style=\"background-image: url(https:\/\/camping-savoie-levaugrais.com\/wp-content\/uploads\/2021\/07\/AIN-CanyonGroin-MC-054.jpg)\">-->\n\t\t\t\t\t<a href=\"https:\/\/camping-savoie-levaugrais.com\/wp-content\/uploads\/2021\/07\/AIN-CanyonGroin-MC-054.jpg\" data-lightbox=\"sevgallery-1263465792\">\n\t\t\t\t\t\t<img decoding=\"async\" src=\"https:\/\/camping-savoie-levaugrais.com\/wp-content\/uploads\/2021\/07\/AIN-CanyonGroin-MC-054.jpg\" alt=\"canyoning dans l&#039;ain 2\" loading=\"lazy\">\n\t\t\t\t\t<\/a>\n\t\t\t\t<\/div>\n\n\t\t\t\t\n\t\t\t\t\t\t\t\t\t\t\t\n\t\t\t\t\n\t\t\t\t<div class=\"sev-diaporama-portfolio-item col-12 col-lg  col-shrink\">\n\t\t\t\t\t<!--<a href=\"https:\/\/camping-savoie-levaugrais.com\/wp-content\/uploads\/2021\/07\/AIN-CanyonGroin-MC-058.jpg_800.jpg\" data-lightbox=\"sevgallery-1263465792\" style=\"background-image: url(https:\/\/camping-savoie-levaugrais.com\/wp-content\/uploads\/2021\/07\/AIN-CanyonGroin-MC-058.jpg_800.jpg)\">-->\n\t\t\t\t\t<a href=\"https:\/\/camping-savoie-levaugrais.com\/wp-content\/uploads\/2021\/07\/AIN-CanyonGroin-MC-058.jpg_800.jpg\" data-lightbox=\"sevgallery-1263465792\">\n\t\t\t\t\t\t<img decoding=\"async\" src=\"https:\/\/camping-savoie-levaugrais.com\/wp-content\/uploads\/2021\/07\/AIN-CanyonGroin-MC-058.jpg_800.jpg\" alt=\"canyoning dans l&#039;ain 3\" loading=\"lazy\">\n\t\t\t\t\t<\/a>\n\t\t\t\t<\/div>\n\n\t\t\t\t\n\t\t\t\t\t\t\t\t\t\t\t\n\t\t\t\t\n\t\t\t\t<div class=\"sev-diaporama-portfolio-item col-12 col-lg \">\n\t\t\t\t\t<!--<a href=\"https:\/\/camping-savoie-levaugrais.com\/wp-content\/uploads\/2021\/07\/AIN-CanyonGroin-MC-063.jpg\" data-lightbox=\"sevgallery-1263465792\" style=\"background-image: url(https:\/\/camping-savoie-levaugrais.com\/wp-content\/uploads\/2021\/07\/AIN-CanyonGroin-MC-063.jpg)\">-->\n\t\t\t\t\t<a href=\"https:\/\/camping-savoie-levaugrais.com\/wp-content\/uploads\/2021\/07\/AIN-CanyonGroin-MC-063.jpg\" data-lightbox=\"sevgallery-1263465792\">\n\t\t\t\t\t\t<img decoding=\"async\" src=\"https:\/\/camping-savoie-levaugrais.com\/wp-content\/uploads\/2021\/07\/AIN-CanyonGroin-MC-063.jpg\" alt=\"canyoning dans l&#039;ain 4\" loading=\"lazy\">\n\t\t\t\t\t<\/a>\n\t\t\t\t<\/div>\n\n\t\t\t\t\t\t\t\t\t<div class=\"w-100\"><\/div>\n\t\t\t\t\t\t\t\t\t\n\t\t\t\t\t\t\t\t\t\t\t\n\t\t\t\t\n\t\t\t\t<div class=\"sev-diaporama-portfolio-item col-12 col-lg  col-grow\">\n\t\t\t\t\t<!--<a href=\"https:\/\/camping-savoie-levaugrais.com\/wp-content\/uploads\/2021\/07\/AIN-CanyonGroin-MC-065.jpg_800.jpg\" data-lightbox=\"sevgallery-1263465792\" style=\"background-image: url(https:\/\/camping-savoie-levaugrais.com\/wp-content\/uploads\/2021\/07\/AIN-CanyonGroin-MC-065.jpg_800.jpg)\">-->\n\t\t\t\t\t<a href=\"https:\/\/camping-savoie-levaugrais.com\/wp-content\/uploads\/2021\/07\/AIN-CanyonGroin-MC-065.jpg_800.jpg\" data-lightbox=\"sevgallery-1263465792\">\n\t\t\t\t\t\t<img decoding=\"async\" src=\"https:\/\/camping-savoie-levaugrais.com\/wp-content\/uploads\/2021\/07\/AIN-CanyonGroin-MC-065.jpg_800.jpg\" alt=\"canyoning dans l&#039;ain 5\" loading=\"lazy\">\n\t\t\t\t\t<\/a>\n\t\t\t\t<\/div>\n\n\t\t\t\t\n\t\t\t\t\t\t\t\t\t\t\t\n\t\t\t\t\n\t\t\t\t<div class=\"sev-diaporama-portfolio-item col-12 col-lg \">\n\t\t\t\t\t<!--<a href=\"https:\/\/camping-savoie-levaugrais.com\/wp-content\/uploads\/2021\/07\/AIN-CanyonGroin-MC-075.jpg\" data-lightbox=\"sevgallery-1263465792\" style=\"background-image: url(https:\/\/camping-savoie-levaugrais.com\/wp-content\/uploads\/2021\/07\/AIN-CanyonGroin-MC-075.jpg)\">-->\n\t\t\t\t\t<a href=\"https:\/\/camping-savoie-levaugrais.com\/wp-content\/uploads\/2021\/07\/AIN-CanyonGroin-MC-075.jpg\" data-lightbox=\"sevgallery-1263465792\">\n\t\t\t\t\t\t<img decoding=\"async\" src=\"https:\/\/camping-savoie-levaugrais.com\/wp-content\/uploads\/2021\/07\/AIN-CanyonGroin-MC-075.jpg\" alt=\"canyoning dans l&#039;ain 6\" loading=\"lazy\">\n\t\t\t\t\t<\/a>\n\t\t\t\t<\/div>\n\n\t\t\t\t\n\t\t\t\t\t\t\t\t\t\t\t\n\t\t\t\t\n\t\t\t\t<div class=\"sev-diaporama-portfolio-item col-12 col-lg  col-grow\">\n\t\t\t\t\t<!--<a href=\"https:\/\/camping-savoie-levaugrais.com\/wp-content\/uploads\/2021\/07\/canyoning9jpg.jpg\" data-lightbox=\"sevgallery-1263465792\" style=\"background-image: url(https:\/\/camping-savoie-levaugrais.com\/wp-content\/uploads\/2021\/07\/canyoning9jpg.jpg)\">-->\n\t\t\t\t\t<a href=\"https:\/\/camping-savoie-levaugrais.com\/wp-content\/uploads\/2021\/07\/canyoning9jpg.jpg\" data-lightbox=\"sevgallery-1263465792\">\n\t\t\t\t\t\t<img decoding=\"async\" src=\"https:\/\/camping-savoie-levaugrais.com\/wp-content\/uploads\/2021\/07\/canyoning9jpg.jpg\" alt=\"canyoning dans l&#039;ain 15\" loading=\"lazy\">\n\t\t\t\t\t<\/a>\n\t\t\t\t<\/div>\n\n\t\t\t\t\n\t\t\t\t\t\t\t\t\t\t\t\n\t\t\t\t\n\t\t\t\t<div class=\"sev-diaporama-portfolio-item col-12 col-lg \">\n\t\t\t\t\t<!--<a href=\"https:\/\/camping-savoie-levaugrais.com\/wp-content\/uploads\/2021\/07\/canyoning.jpg\" data-lightbox=\"sevgallery-1263465792\" style=\"background-image: url(https:\/\/camping-savoie-levaugrais.com\/wp-content\/uploads\/2021\/07\/canyoning.jpg)\">-->\n\t\t\t\t\t<a href=\"https:\/\/camping-savoie-levaugrais.com\/wp-content\/uploads\/2021\/07\/canyoning.jpg\" data-lightbox=\"sevgallery-1263465792\">\n\t\t\t\t\t\t<img decoding=\"async\" src=\"https:\/\/camping-savoie-levaugrais.com\/wp-content\/uploads\/2021\/07\/canyoning.jpg\" alt=\"canyoning dans l&#039;ain\" loading=\"lazy\">\n\t\t\t\t\t<\/a>\n\t\t\t\t<\/div>\n\n\t\t\t\t\t\t\t\t\t<div class=\"w-100\"><\/div>\n\t\t\t\t\t\t\t\t\t\n\t\t\t\t\t\t\t\t\t\t\t\n\t\t\t\t\n\t\t\t\t<div class=\"sev-diaporama-portfolio-item col-12 col-lg \">\n\t\t\t\t\t<!--<a href=\"https:\/\/camping-savoie-levaugrais.com\/wp-content\/uploads\/2021\/07\/canyoning1.jpg\" data-lightbox=\"sevgallery-1263465792\" style=\"background-image: url(https:\/\/camping-savoie-levaugrais.com\/wp-content\/uploads\/2021\/07\/canyoning1.jpg)\">-->\n\t\t\t\t\t<a href=\"https:\/\/camping-savoie-levaugrais.com\/wp-content\/uploads\/2021\/07\/canyoning1.jpg\" data-lightbox=\"sevgallery-1263465792\">\n\t\t\t\t\t\t<img decoding=\"async\" src=\"https:\/\/camping-savoie-levaugrais.com\/wp-content\/uploads\/2021\/07\/canyoning1.jpg\" alt=\"canyoning dans l&#039;ain 16\" loading=\"lazy\">\n\t\t\t\t\t<\/a>\n\t\t\t\t<\/div>\n\n\t\t\t\t\n\t\t\t\t\t\t\t\t\t\t\t\n\t\t\t\t\n\t\t\t\t<div class=\"sev-diaporama-portfolio-item col-12 col-lg  col-grow\">\n\t\t\t\t\t<!--<a href=\"https:\/\/camping-savoie-levaugrais.com\/wp-content\/uploads\/2021\/07\/canyoning2.jpg\" data-lightbox=\"sevgallery-1263465792\" style=\"background-image: url(https:\/\/camping-savoie-levaugrais.com\/wp-content\/uploads\/2021\/07\/canyoning2.jpg)\">-->\n\t\t\t\t\t<a href=\"https:\/\/camping-savoie-levaugrais.com\/wp-content\/uploads\/2021\/07\/canyoning2.jpg\" data-lightbox=\"sevgallery-1263465792\">\n\t\t\t\t\t\t<img decoding=\"async\" src=\"https:\/\/camping-savoie-levaugrais.com\/wp-content\/uploads\/2021\/07\/canyoning2.jpg\" alt=\"canyoning dans l&#039;ain 16\" loading=\"lazy\">\n\t\t\t\t\t<\/a>\n\t\t\t\t<\/div>\n\n\t\t\t\t\n\t\t\t\t\t\t\t\t\t\t\t\n\t\t\t\t\n\t\t\t\t<div class=\"sev-diaporama-portfolio-item col-12 col-lg \">\n\t\t\t\t\t<!--<a href=\"https:\/\/camping-savoie-levaugrais.com\/wp-content\/uploads\/2021\/07\/canyoning3jpg.jpg\" data-lightbox=\"sevgallery-1263465792\" style=\"background-image: url(https:\/\/camping-savoie-levaugrais.com\/wp-content\/uploads\/2021\/07\/canyoning3jpg.jpg)\">-->\n\t\t\t\t\t<a href=\"https:\/\/camping-savoie-levaugrais.com\/wp-content\/uploads\/2021\/07\/canyoning3jpg.jpg\" data-lightbox=\"sevgallery-1263465792\">\n\t\t\t\t\t\t<img decoding=\"async\" src=\"https:\/\/camping-savoie-levaugrais.com\/wp-content\/uploads\/2021\/07\/canyoning3jpg.jpg\" alt=\"canyoning dans l&#039;ain 17\" loading=\"lazy\">\n\t\t\t\t\t<\/a>\n\t\t\t\t<\/div>\n\n\t\t\t\t\n\t\t\t\t\t\t\t\t\t\t\t\n\t\t\t\t\n\t\t\t\t<div class=\"sev-diaporama-portfolio-item col-12 col-lg \">\n\t\t\t\t\t<!--<a href=\"https:\/\/camping-savoie-levaugrais.com\/wp-content\/uploads\/2021\/07\/canyoning4jpg.jpg\" data-lightbox=\"sevgallery-1263465792\" style=\"background-image: url(https:\/\/camping-savoie-levaugrais.com\/wp-content\/uploads\/2021\/07\/canyoning4jpg.jpg)\">-->\n\t\t\t\t\t<a href=\"https:\/\/camping-savoie-levaugrais.com\/wp-content\/uploads\/2021\/07\/canyoning4jpg.jpg\" data-lightbox=\"sevgallery-1263465792\">\n\t\t\t\t\t\t<img decoding=\"async\" src=\"https:\/\/camping-savoie-levaugrais.com\/wp-content\/uploads\/2021\/07\/canyoning4jpg.jpg\" alt=\"canyoning dans l&#039;ain 18\" loading=\"lazy\">\n\t\t\t\t\t<\/a>\n\t\t\t\t<\/div>\n\n\t\t\t\t\t\t\t\t\t<div class=\"w-100\"><\/div>\n\t\t\t\t\t\t\t\t\t\n\t\t\t\t\t\t\t\t\t\t\t\n\t\t\t\t\n\t\t\t\t<div class=\"sev-diaporama-portfolio-item col-12 col-lg  col-shrink\">\n\t\t\t\t\t<!--<a href=\"https:\/\/camping-savoie-levaugrais.com\/wp-content\/uploads\/2021\/07\/canyoning5jpg.jpg\" data-lightbox=\"sevgallery-1263465792\" style=\"background-image: url(https:\/\/camping-savoie-levaugrais.com\/wp-content\/uploads\/2021\/07\/canyoning5jpg.jpg)\">-->\n\t\t\t\t\t<a href=\"https:\/\/camping-savoie-levaugrais.com\/wp-content\/uploads\/2021\/07\/canyoning5jpg.jpg\" data-lightbox=\"sevgallery-1263465792\">\n\t\t\t\t\t\t<img decoding=\"async\" src=\"https:\/\/camping-savoie-levaugrais.com\/wp-content\/uploads\/2021\/07\/canyoning5jpg.jpg\" alt=\"canyoning dans l&#039;ain19\" loading=\"lazy\">\n\t\t\t\t\t<\/a>\n\t\t\t\t<\/div>\n\n\t\t\t\t\n\t\t\t\t\t\t\t\t\t\t\t\n\t\t\t\t\n\t\t\t\t<div class=\"sev-diaporama-portfolio-item col-12 col-lg  col-shrink\">\n\t\t\t\t\t<!--<a href=\"https:\/\/camping-savoie-levaugrais.com\/wp-content\/uploads\/2021\/07\/canyoning6.jpg\" data-lightbox=\"sevgallery-1263465792\" style=\"background-image: url(https:\/\/camping-savoie-levaugrais.com\/wp-content\/uploads\/2021\/07\/canyoning6.jpg)\">-->\n\t\t\t\t\t<a href=\"https:\/\/camping-savoie-levaugrais.com\/wp-content\/uploads\/2021\/07\/canyoning6.jpg\" data-lightbox=\"sevgallery-1263465792\">\n\t\t\t\t\t\t<img decoding=\"async\" src=\"https:\/\/camping-savoie-levaugrais.com\/wp-content\/uploads\/2021\/07\/canyoning6.jpg\" alt=\"canyoning dans l&#039;ain 19\" loading=\"lazy\">\n\t\t\t\t\t<\/a>\n\t\t\t\t<\/div>\n\n\t\t\t\t\n\t\t\t\t\t\t\t\t\t\t\t\n\t\t\t\t\n\t\t\t\t<div class=\"sev-diaporama-portfolio-item col-12 col-lg  col-shrink\">\n\t\t\t\t\t<!--<a href=\"https:\/\/camping-savoie-levaugrais.com\/wp-content\/uploads\/2021\/07\/canyoning7.jpg\" data-lightbox=\"sevgallery-1263465792\" style=\"background-image: url(https:\/\/camping-savoie-levaugrais.com\/wp-content\/uploads\/2021\/07\/canyoning7.jpg)\">-->\n\t\t\t\t\t<a href=\"https:\/\/camping-savoie-levaugrais.com\/wp-content\/uploads\/2021\/07\/canyoning7.jpg\" data-lightbox=\"sevgallery-1263465792\">\n\t\t\t\t\t\t<img decoding=\"async\" src=\"https:\/\/camping-savoie-levaugrais.com\/wp-content\/uploads\/2021\/07\/canyoning7.jpg\" alt=\"canyoning dans l&#039;ain 20\" loading=\"lazy\">\n\t\t\t\t\t<\/a>\n\t\t\t\t<\/div>\n\n\t\t\t\t\n\t\t\t\t\t\t\t\t\t\t\t\n\t\t\t\t\n\t\t\t\t<div class=\"sev-diaporama-portfolio-item col-12 col-lg  col-shrink\">\n\t\t\t\t\t<!--<a href=\"https:\/\/camping-savoie-levaugrais.com\/wp-content\/uploads\/2021\/07\/canyoning8jpg.jpg\" data-lightbox=\"sevgallery-1263465792\" style=\"background-image: url(https:\/\/camping-savoie-levaugrais.com\/wp-content\/uploads\/2021\/07\/canyoning8jpg.jpg)\">-->\n\t\t\t\t\t<a href=\"https:\/\/camping-savoie-levaugrais.com\/wp-content\/uploads\/2021\/07\/canyoning8jpg.jpg\" data-lightbox=\"sevgallery-1263465792\">\n\t\t\t\t\t\t<img decoding=\"async\" src=\"https:\/\/camping-savoie-levaugrais.com\/wp-content\/uploads\/2021\/07\/canyoning8jpg.jpg\" alt=\"canyoning dans l&#039;ain 20\" loading=\"lazy\">\n\t\t\t\t\t<\/a>\n\t\t\t\t<\/div>\n\n\t\t\t\t\t\t\t\t\t<div class=\"w-100\"><\/div>\n\t\t\t\t\t\t\t\t\t\n\t\t\t\t\t\t\t\t\t\t\t\t\t\t<\/div>\n\t\t\t<\/div>\n\n\t\t\t<script>\n\t\t\tjQuery(function($) {\n\n\t\t\t\tvar marginPortfolio = function() {\n\n\t\t\t\t\tvar $diapo          = $('#sevgallery-1263465792');\n\t\t\t\t\tvar container_width = $diapo.parent().outerWidth();\n\t\t\t\t\tvar side            = ( $(window).innerWidth() - container_width ) \/ 2;\n\n\t\t\t\t\t$diapo.css( {\n\t\t\t\t\t\t'margin-left': '-' + side + 'px',\n\t\t\t\t\t\t'margin-right': '-' + side + 'px',\n\t\t\t\t\t} );\n\t\t\t\t};\n\n\t\t\t\t$( window ).resize( function() {\n\t\t\t\t\tmarginPortfolio();\n\t\t\t\t} );\n\t\t\t\tmarginPortfolio();\n\t\t\t});\n\t\t\t<\/script>\n\t\t\t\n\n\n\n<p class=\"wp-block-paragraph\"><\/p>\n","protected":false},"excerpt":{"rendered":"<p>Canyon du Bugey vor den Toren der Savoyen Lust aufAdrenalin undWasserabenteuer mit Freunden oder der Familie? Auf unserem Campingplatz Le Vaugrais in der N\u00e4he von Savoyen k\u00f6nnen Sie den sch\u00f6nsten Canyon von Bugey entdecken und Ihre Technik entwickeln. Der 3-Sterne-Campingplatz Le Vaugrais bietet Ihnen einen Aufenthalt in Bugey vor den Toren der Savoyen mit Unterkunft [&hellip;]<\/p>\n","protected":false},"author":1,"featured_media":0,"parent":0,"menu_order":0,"comment_status":"closed","ping_status":"closed","template":"","meta":{"_seopress_robots_primary_cat":"","_seopress_titles_title":"Canyoning-Aufenthalt in den Schluchten von Bugey Camping le Vaugrais","_seopress_titles_desc":"Canyoning-Aufenthalt in den Schluchten von Bugey. Buchen Sie Ihren Aufenthalt auf dem Campingplatz Le Vaugrais.","_seopress_robots_index":"","_crdt_document":"","footnotes":""},"class_list":["post-13158","page","type-page","status-publish","hentry"],"_links":{"self":[{"href":"https:\/\/camping-savoie-levaugrais.com\/de\/wp-json\/wp\/v2\/pages\/13158","targetHints":{"allow":["GET"]}}],"collection":[{"href":"https:\/\/camping-savoie-levaugrais.com\/de\/wp-json\/wp\/v2\/pages"}],"about":[{"href":"https:\/\/camping-savoie-levaugrais.com\/de\/wp-json\/wp\/v2\/types\/page"}],"author":[{"embeddable":true,"href":"https:\/\/camping-savoie-levaugrais.com\/de\/wp-json\/wp\/v2\/users\/1"}],"replies":[{"embeddable":true,"href":"https:\/\/camping-savoie-levaugrais.com\/de\/wp-json\/wp\/v2\/comments?post=13158"}],"version-history":[{"count":2,"href":"https:\/\/camping-savoie-levaugrais.com\/de\/wp-json\/wp\/v2\/pages\/13158\/revisions"}],"predecessor-version":[{"id":13606,"href":"https:\/\/camping-savoie-levaugrais.com\/de\/wp-json\/wp\/v2\/pages\/13158\/revisions\/13606"}],"wp:attachment":[{"href":"https:\/\/camping-savoie-levaugrais.com\/de\/wp-json\/wp\/v2\/media?parent=13158"}],"curies":[{"name":"wp","href":"https:\/\/api.w.org\/{rel}","templated":true}]}}