{"id":13170,"date":"2024-10-10T11:50:38","date_gmt":"2024-10-10T09:50:38","guid":{"rendered":"https:\/\/camping-savoie-levaugrais.com\/aix-les-bains\/"},"modified":"2024-10-10T11:50:39","modified_gmt":"2024-10-10T09:50:39","slug":"aix-les-bains","status":"publish","type":"page","link":"https:\/\/camping-savoie-levaugrais.com\/de\/aix-les-bains\/","title":{"rendered":"Aix Les Bains"},"content":{"rendered":"\n<h2 class=\"wp-block-heading\">Campingplatz in der N\u00e4he von Aix les Bains<\/h2>\n\n<p class=\"wp-block-paragraph\">Dieser h\u00fcbsche Kurort, 35 km vom Campingplatz entfernt, liegt zwischen dem See von Bourget und den Bergen von Revard und hat seinen Charme bewahrt.<br\/>F\u00fcr einen beruhigenden Urlaub sollten Sie sich w\u00e4hrend Ihres Aufenthalts f\u00fcr dieses Ziel entscheiden.<br\/>Die Rivi\u00e8ra der Alpen genannt: die Herrenh\u00e4user und alten Herrenh\u00e4user inspirieren zu Feinheit und Spiritualit\u00e4t. Die Stadt hat auch alte, symboltr\u00e4chtige \u00dcberreste wie die r\u00f6mischen \u00dcberreste und das Schloss La Roche du Roi im Stil der Belle Epoque.<br\/>Der ideale Ort f\u00fcr einen Spaziergang ist der Hafen, wo die Esplanade ein gro\u00dfer Park mit B\u00e4umen ist, in dem Sie flanieren und die Aussicht auf den See und den Dent du Chat genie\u00dfen k\u00f6nnen.<br\/>Zahlreiche Parks und Pl\u00e4tze laden zum Flanieren ein. <\/p>\n\n<p class=\"wp-block-paragraph\"><\/p>\n\t\t\t<div id=\"sevgallery-1579748176\" class=\"sev-diaporama sev-diaporama-portfolio\">\n\t\t\t<div class=\"row\">\n\n\t\t\t\n\t\t\t\t\n\t\t\t\t<div class=\"sev-diaporama-portfolio-item col-12 col-lg \">\n\t\t\t\t\t<!--<a href=\"https:\/\/camping-savoie-levaugrais.com\/wp-content\/uploads\/2021\/07\/aix-les-bains-lac-bourget.jpg\" data-lightbox=\"sevgallery-1579748176\" style=\"background-image: url(https:\/\/camping-savoie-levaugrais.com\/wp-content\/uploads\/2021\/07\/aix-les-bains-lac-bourget.jpg)\">-->\n\t\t\t\t\t<a href=\"https:\/\/camping-savoie-levaugrais.com\/wp-content\/uploads\/2021\/07\/aix-les-bains-lac-bourget.jpg\" data-lightbox=\"sevgallery-1579748176\">\n\t\t\t\t\t\t<img decoding=\"async\" src=\"https:\/\/camping-savoie-levaugrais.com\/wp-content\/uploads\/2021\/07\/aix-les-bains-lac-bourget.jpg\" alt=\"Aix les bains\" loading=\"lazy\">\n\t\t\t\t\t<\/a>\n\t\t\t\t<\/div>\n\n\t\t\t\t\n\t\t\t\t\t\t\t\t\t\t\t\n\t\t\t\t\n\t\t\t\t<div class=\"sev-diaporama-portfolio-item col-12 col-lg  col-shrink\">\n\t\t\t\t\t<!--<a href=\"https:\/\/camping-savoie-levaugrais.com\/wp-content\/uploads\/2021\/07\/competition-aix-les-bains.jpg\" data-lightbox=\"sevgallery-1579748176\" style=\"background-image: url(https:\/\/camping-savoie-levaugrais.com\/wp-content\/uploads\/2021\/07\/competition-aix-les-bains.jpg)\">-->\n\t\t\t\t\t<a href=\"https:\/\/camping-savoie-levaugrais.com\/wp-content\/uploads\/2021\/07\/competition-aix-les-bains.jpg\" data-lightbox=\"sevgallery-1579748176\">\n\t\t\t\t\t\t<img decoding=\"async\" src=\"https:\/\/camping-savoie-levaugrais.com\/wp-content\/uploads\/2021\/07\/competition-aix-les-bains.jpg\" alt=\"voile aix les bains\" loading=\"lazy\">\n\t\t\t\t\t<\/a>\n\t\t\t\t<\/div>\n\n\t\t\t\t\n\t\t\t\t\t\t\t\t\t\t\t\n\t\t\t\t\n\t\t\t\t<div class=\"sev-diaporama-portfolio-item col-12 col-lg  col-shrink\">\n\t\t\t\t\t<!--<a href=\"https:\/\/camping-savoie-levaugrais.com\/wp-content\/uploads\/2021\/07\/SMBT_CM0029.jpg\" data-lightbox=\"sevgallery-1579748176\" style=\"background-image: url(https:\/\/camping-savoie-levaugrais.com\/wp-content\/uploads\/2021\/07\/SMBT_CM0029.jpg)\">-->\n\t\t\t\t\t<a href=\"https:\/\/camping-savoie-levaugrais.com\/wp-content\/uploads\/2021\/07\/SMBT_CM0029.jpg\" data-lightbox=\"sevgallery-1579748176\">\n\t\t\t\t\t\t<img decoding=\"async\" src=\"https:\/\/camping-savoie-levaugrais.com\/wp-content\/uploads\/2021\/07\/SMBT_CM0029.jpg\" alt=\"camping proche aix les bains\" loading=\"lazy\">\n\t\t\t\t\t<\/a>\n\t\t\t\t<\/div>\n\n\t\t\t\t\n\t\t\t\t\t\t\t\t\t\t\t\n\t\t\t\t\n\t\t\t\t<div class=\"sev-diaporama-portfolio-item col-12 col-lg \">\n\t\t\t\t\t<!--<a href=\"https:\/\/camping-savoie-levaugrais.com\/wp-content\/uploads\/2021\/07\/SMBT_CR0235.jpg\" data-lightbox=\"sevgallery-1579748176\" style=\"background-image: url(https:\/\/camping-savoie-levaugrais.com\/wp-content\/uploads\/2021\/07\/SMBT_CR0235.jpg)\">-->\n\t\t\t\t\t<a href=\"https:\/\/camping-savoie-levaugrais.com\/wp-content\/uploads\/2021\/07\/SMBT_CR0235.jpg\" data-lightbox=\"sevgallery-1579748176\">\n\t\t\t\t\t\t<img decoding=\"async\" src=\"https:\/\/camping-savoie-levaugrais.com\/wp-content\/uploads\/2021\/07\/SMBT_CR0235.jpg\" alt=\"la ville d&#039;aix les bains\" loading=\"lazy\">\n\t\t\t\t\t<\/a>\n\t\t\t\t<\/div>\n\n\t\t\t\t\t\t\t\t\t<div class=\"w-100\"><\/div>\n\t\t\t\t\t\t\t\t\t\n\t\t\t\t\t\t\t\t\t\t\t\t\t\t<\/div>\n\t\t\t<\/div>\n\n\t\t\t<script>\n\t\t\tjQuery(function($) {\n\n\t\t\t\tvar marginPortfolio = function() {\n\n\t\t\t\t\tvar $diapo          = $('#sevgallery-1579748176');\n\t\t\t\t\tvar container_width = $diapo.parent().outerWidth();\n\t\t\t\t\tvar side            = ( $(window).innerWidth() - container_width ) \/ 2;\n\n\t\t\t\t\t$diapo.css( {\n\t\t\t\t\t\t'margin-left': '-' + side + 'px',\n\t\t\t\t\t\t'margin-right': '-' + side + 'px',\n\t\t\t\t\t} );\n\t\t\t\t};\n\n\t\t\t\t$( window ).resize( function() {\n\t\t\t\t\tmarginPortfolio();\n\t\t\t\t} );\n\t\t\t\tmarginPortfolio();\n\t\t\t});\n\t\t\t<\/script>\n\t\t\t\n","protected":false},"excerpt":{"rendered":"<p>Campingplatz in der N\u00e4he von Aix les Bains Dieser h\u00fcbsche Kurort, 35 km vom Campingplatz entfernt, liegt zwischen dem See von Bourget und den Bergen von Revard und hat seinen Charme bewahrt.F\u00fcr einen beruhigenden Urlaub sollten Sie sich w\u00e4hrend Ihres Aufenthalts f\u00fcr dieses Ziel entscheiden.Die Rivi\u00e8ra der Alpen genannt: die Herrenh\u00e4user und alten Herrenh\u00e4user inspirieren [&hellip;]<\/p>\n","protected":false},"author":1,"featured_media":0,"parent":0,"menu_order":0,"comment_status":"closed","ping_status":"closed","template":"","meta":{"_seopress_robots_primary_cat":"","_seopress_titles_title":"3-Sterne Campingplatz in der N\u00e4he von Aix les Bains - Le Vaugrais","_seopress_titles_desc":"Nur wenige Minuten vom Campingplatz entfernt liegt die Stadt Aix les Bains. Genie\u00dfen Sie das s\u00fc\u00dfe Leben.   ","_seopress_robots_index":"","_crdt_document":"","footnotes":""},"class_list":["post-13170","page","type-page","status-publish","hentry"],"_links":{"self":[{"href":"https:\/\/camping-savoie-levaugrais.com\/de\/wp-json\/wp\/v2\/pages\/13170","targetHints":{"allow":["GET"]}}],"collection":[{"href":"https:\/\/camping-savoie-levaugrais.com\/de\/wp-json\/wp\/v2\/pages"}],"about":[{"href":"https:\/\/camping-savoie-levaugrais.com\/de\/wp-json\/wp\/v2\/types\/page"}],"author":[{"embeddable":true,"href":"https:\/\/camping-savoie-levaugrais.com\/de\/wp-json\/wp\/v2\/users\/1"}],"replies":[{"embeddable":true,"href":"https:\/\/camping-savoie-levaugrais.com\/de\/wp-json\/wp\/v2\/comments?post=13170"}],"version-history":[{"count":1,"href":"https:\/\/camping-savoie-levaugrais.com\/de\/wp-json\/wp\/v2\/pages\/13170\/revisions"}],"predecessor-version":[{"id":13171,"href":"https:\/\/camping-savoie-levaugrais.com\/de\/wp-json\/wp\/v2\/pages\/13170\/revisions\/13171"}],"wp:attachment":[{"href":"https:\/\/camping-savoie-levaugrais.com\/de\/wp-json\/wp\/v2\/media?parent=13170"}],"curies":[{"name":"wp","href":"https:\/\/api.w.org\/{rel}","templated":true}]}}