{"id":13172,"date":"2024-10-10T11:50:38","date_gmt":"2024-10-10T09:50:38","guid":{"rendered":"https:\/\/camping-savoie-levaugrais.com\/annecy\/"},"modified":"2024-10-10T11:50:39","modified_gmt":"2024-10-10T09:50:39","slug":"annecy","status":"publish","type":"page","link":"https:\/\/camping-savoie-levaugrais.com\/de\/annecy\/","title":{"rendered":"Annecy"},"content":{"rendered":"\n<h2 class=\"wp-block-heading\">Campingplatz in der N\u00e4he von Annecy<\/h2>\n\n<div class=\"wp-block-columns is-layout-flex wp-container-core-columns-is-layout-8f761849 wp-block-columns-is-layout-flex\">\n<div class=\"wp-block-column is-layout-flow wp-block-column-is-layout-flow\">\n<p class=\"wp-block-paragraph\">Etwa 48 km vom <a href=\"https:\/\/camping-savoie-levaugrais.com\/de\/\">Campingplatz Le Vaugrais<\/a> entfernt k\u00f6nnen Sie Annecy mit seiner sch\u00f6nen <strong>, harmonischen Landschaft<\/strong> und der Wasserqualit\u00e4t des Sees entdecken, der <strong>als der sauberste<\/strong> See Europas gilt. Touristen k\u00f6nnen eine gro\u00dfe Auswahl an sportlichen Aktivit\u00e4ten genie\u00dfen. Wassersport (Schwimmen, Segeln, Wasserski, Tauchen &#8230;), Radfahren, aber auch Bergsport (Wandern, Mountainbike, Klettersteig, Canyoning, Paragliding&#8230;.) &#8211; alles ist m\u00f6glich! Die kulturellen Aktivit\u00e4ten sind reich an Museumsbesuchen (\u00d6komuseum des Sees von Annecy, Paccard-Museum), Schl\u00f6ssern (der Bergfried der Herren, Schloss Monrottier, Schloss Clermont, Schloss Thorens&#8230;).   <\/p>\n\n\n\n<p class=\"wp-block-paragraph\">Annecy ist das ganze Jahr \u00fcber sehr touristisch und eine sehr angenehme Stadt, die man besuchen kann. Rund um den See zieht die Altstadt mit ihren vielen Restaurants, Caf\u00e9s und Gesch\u00e4ften viele Schaulustige an.   <\/p>\n\n\n\n<h2 class=\"wp-block-heading\">Das Venedig der Alpen!<\/h2>\n\n\n\n<p class=\"wp-block-paragraph\">Das reine, klare Wasser flie\u00dft vom See in die blumengeschm\u00fcckten Kan\u00e4le, die das historische Zentrum der &#8222;Altstadt&#8220; durchziehen, was ihr das malerische Aussehen eines &#8222;Venedigs der Alpen&#8220; verleiht.  <\/p>\n\n\n\n<p class=\"wp-block-paragraph\"><\/p>\n<\/div>\n\n\n\n<div class=\"wp-block-column is-vertically-aligned-center is-layout-flow wp-block-column-is-layout-flow\">\n<figure class=\"wp-block-embed aligncenter is-type-video is-provider-youtube wp-block-embed-youtube wp-embed-aspect-16-9 wp-has-aspect-ratio\"><div class=\"wp-block-embed__wrapper\">\n<iframe loading=\"lazy\" title=\"Lac d&#039;Annecy vu du ciel\" width=\"500\" height=\"281\" src=\"https:\/\/www.youtube.com\/embed\/fRSE4yzkRto?feature=oembed\" frameborder=\"0\" allow=\"accelerometer; autoplay; clipboard-write; encrypted-media; gyroscope; picture-in-picture; web-share\" referrerpolicy=\"strict-origin-when-cross-origin\" allowfullscreen><\/iframe>\n<\/div><\/figure>\n<\/div>\n<\/div>\n\t\t\t<div id=\"sevgallery-274740779\" class=\"sev-diaporama sev-diaporama-portfolio\">\n\t\t\t<div class=\"row\">\n\n\t\t\t\n\t\t\t\t\n\t\t\t\t<div class=\"sev-diaporama-portfolio-item col-12 col-lg  col-shrink\">\n\t\t\t\t\t<!--<a href=\"https:\/\/camping-savoie-levaugrais.com\/wp-content\/uploads\/2021\/09\/SMBT-SB06188-SavoieMontBlanc-Bijasson-4000px.jpg\" data-lightbox=\"sevgallery-274740779\" style=\"background-image: url(https:\/\/camping-savoie-levaugrais.com\/wp-content\/uploads\/2021\/09\/SMBT-SB06188-SavoieMontBlanc-Bijasson-4000px.jpg)\">-->\n\t\t\t\t\t<a href=\"https:\/\/camping-savoie-levaugrais.com\/wp-content\/uploads\/2021\/09\/SMBT-SB06188-SavoieMontBlanc-Bijasson-4000px.jpg\" data-lightbox=\"sevgallery-274740779\">\n\t\t\t\t\t\t<img decoding=\"async\" src=\"https:\/\/camping-savoie-levaugrais.com\/wp-content\/uploads\/2021\/09\/SMBT-SB06188-SavoieMontBlanc-Bijasson-4000px.jpg\" alt=\"Annecy\" loading=\"lazy\">\n\t\t\t\t\t<\/a>\n\t\t\t\t<\/div>\n\n\t\t\t\t\n\t\t\t\t\t\t\t\t\t\t\t\n\t\t\t\t\n\t\t\t\t<div class=\"sev-diaporama-portfolio-item col-12 col-lg  col-grow\">\n\t\t\t\t\t<!--<a href=\"https:\/\/camping-savoie-levaugrais.com\/wp-content\/uploads\/2021\/09\/SMBT-SC0254-SavoieMontBlanc-Chabance-4000px.jpg\" data-lightbox=\"sevgallery-274740779\" style=\"background-image: url(https:\/\/camping-savoie-levaugrais.com\/wp-content\/uploads\/2021\/09\/SMBT-SC0254-SavoieMontBlanc-Chabance-4000px.jpg)\">-->\n\t\t\t\t\t<a href=\"https:\/\/camping-savoie-levaugrais.com\/wp-content\/uploads\/2021\/09\/SMBT-SC0254-SavoieMontBlanc-Chabance-4000px.jpg\" data-lightbox=\"sevgallery-274740779\">\n\t\t\t\t\t\t<img decoding=\"async\" src=\"https:\/\/camping-savoie-levaugrais.com\/wp-content\/uploads\/2021\/09\/SMBT-SC0254-SavoieMontBlanc-Chabance-4000px.jpg\" alt=\"Annecy\" loading=\"lazy\">\n\t\t\t\t\t<\/a>\n\t\t\t\t<\/div>\n\n\t\t\t\t\n\t\t\t\t\t\t\t\t\t\t\t\n\t\t\t\t\n\t\t\t\t<div class=\"sev-diaporama-portfolio-item col-12 col-lg  col-grow\">\n\t\t\t\t\t<!--<a href=\"https:\/\/camping-savoie-levaugrais.com\/wp-content\/uploads\/2021\/07\/lac-annecy.jpg\" data-lightbox=\"sevgallery-274740779\" style=\"background-image: url(https:\/\/camping-savoie-levaugrais.com\/wp-content\/uploads\/2021\/07\/lac-annecy.jpg)\">-->\n\t\t\t\t\t<a href=\"https:\/\/camping-savoie-levaugrais.com\/wp-content\/uploads\/2021\/07\/lac-annecy.jpg\" data-lightbox=\"sevgallery-274740779\">\n\t\t\t\t\t\t<img decoding=\"async\" src=\"https:\/\/camping-savoie-levaugrais.com\/wp-content\/uploads\/2021\/07\/lac-annecy.jpg\" alt=\"lac d&#039;Annecy\" loading=\"lazy\">\n\t\t\t\t\t<\/a>\n\t\t\t\t<\/div>\n\n\t\t\t\t\n\t\t\t\t\t\t\t\t\t\t\t\n\t\t\t\t\n\t\t\t\t<div class=\"sev-diaporama-portfolio-item col-12 col-lg \">\n\t\t\t\t\t<!--<a href=\"https:\/\/camping-savoie-levaugrais.com\/wp-content\/uploads\/2021\/07\/panorama-lac-annecy.jpg\" data-lightbox=\"sevgallery-274740779\" style=\"background-image: url(https:\/\/camping-savoie-levaugrais.com\/wp-content\/uploads\/2021\/07\/panorama-lac-annecy.jpg)\">-->\n\t\t\t\t\t<a href=\"https:\/\/camping-savoie-levaugrais.com\/wp-content\/uploads\/2021\/07\/panorama-lac-annecy.jpg\" data-lightbox=\"sevgallery-274740779\">\n\t\t\t\t\t\t<img decoding=\"async\" src=\"https:\/\/camping-savoie-levaugrais.com\/wp-content\/uploads\/2021\/07\/panorama-lac-annecy.jpg\" alt=\"panorama lac Annecy\" loading=\"lazy\">\n\t\t\t\t\t<\/a>\n\t\t\t\t<\/div>\n\n\t\t\t\t\t\t\t\t\t<div class=\"w-100\"><\/div>\n\t\t\t\t\t\t\t\t\t\n\t\t\t\t\t\t\t\t\t\t\t\n\t\t\t\t\n\t\t\t\t<div class=\"sev-diaporama-portfolio-item col-12 col-lg  col-grow\">\n\t\t\t\t\t<!--<a href=\"https:\/\/camping-savoie-levaugrais.com\/wp-content\/uploads\/2021\/07\/SMBT_AR0049.jpg\" data-lightbox=\"sevgallery-274740779\" style=\"background-image: url(https:\/\/camping-savoie-levaugrais.com\/wp-content\/uploads\/2021\/07\/SMBT_AR0049.jpg)\">-->\n\t\t\t\t\t<a href=\"https:\/\/camping-savoie-levaugrais.com\/wp-content\/uploads\/2021\/07\/SMBT_AR0049.jpg\" data-lightbox=\"sevgallery-274740779\">\n\t\t\t\t\t\t<img decoding=\"async\" src=\"https:\/\/camping-savoie-levaugrais.com\/wp-content\/uploads\/2021\/07\/SMBT_AR0049.jpg\" alt=\"Annecy\" loading=\"lazy\">\n\t\t\t\t\t<\/a>\n\t\t\t\t<\/div>\n\n\t\t\t\t\n\t\t\t\t\t\t\t\t\t\t\t\n\t\t\t\t\n\t\t\t\t<div class=\"sev-diaporama-portfolio-item col-12 col-lg  col-grow\">\n\t\t\t\t\t<!--<a href=\"https:\/\/camping-savoie-levaugrais.com\/wp-content\/uploads\/2021\/09\/SMBT-SC0482-SavoieMontBlanc-Chabance-4000px.jpg\" data-lightbox=\"sevgallery-274740779\" style=\"background-image: url(https:\/\/camping-savoie-levaugrais.com\/wp-content\/uploads\/2021\/09\/SMBT-SC0482-SavoieMontBlanc-Chabance-4000px.jpg)\">-->\n\t\t\t\t\t<a href=\"https:\/\/camping-savoie-levaugrais.com\/wp-content\/uploads\/2021\/09\/SMBT-SC0482-SavoieMontBlanc-Chabance-4000px.jpg\" data-lightbox=\"sevgallery-274740779\">\n\t\t\t\t\t\t<img decoding=\"async\" src=\"https:\/\/camping-savoie-levaugrais.com\/wp-content\/uploads\/2021\/09\/SMBT-SC0482-SavoieMontBlanc-Chabance-4000px.jpg\" alt=\"March\u00e9 dans la vieille ville d&#039;Annecy\" loading=\"lazy\">\n\t\t\t\t\t<\/a>\n\t\t\t\t<\/div>\n\n\t\t\t\t\n\t\t\t\t\t\t\t\t\t\t\t\n\t\t\t\t\n\t\t\t\t<div class=\"sev-diaporama-portfolio-item col-12 col-lg  col-grow\">\n\t\t\t\t\t<!--<a href=\"https:\/\/camping-savoie-levaugrais.com\/wp-content\/uploads\/2021\/09\/SMBT-SC0486-SavoieMontBlanc-Chabance-4000px.jpg\" data-lightbox=\"sevgallery-274740779\" style=\"background-image: url(https:\/\/camping-savoie-levaugrais.com\/wp-content\/uploads\/2021\/09\/SMBT-SC0486-SavoieMontBlanc-Chabance-4000px.jpg)\">-->\n\t\t\t\t\t<a href=\"https:\/\/camping-savoie-levaugrais.com\/wp-content\/uploads\/2021\/09\/SMBT-SC0486-SavoieMontBlanc-Chabance-4000px.jpg\" data-lightbox=\"sevgallery-274740779\">\n\t\t\t\t\t\t<img decoding=\"async\" src=\"https:\/\/camping-savoie-levaugrais.com\/wp-content\/uploads\/2021\/09\/SMBT-SC0486-SavoieMontBlanc-Chabance-4000px.jpg\" alt=\"Annecy\" loading=\"lazy\">\n\t\t\t\t\t<\/a>\n\t\t\t\t<\/div>\n\n\t\t\t\t\n\t\t\t\t\t\t\t\t\t\t\t\n\t\t\t\t\n\t\t\t\t<div class=\"sev-diaporama-portfolio-item col-12 col-lg  col-shrink\">\n\t\t\t\t\t<!--<a href=\"https:\/\/camping-savoie-levaugrais.com\/wp-content\/uploads\/2021\/09\/SMBT-SC0485-SavoieMontBlanc-Chabance-4000px.jpg\" data-lightbox=\"sevgallery-274740779\" style=\"background-image: url(https:\/\/camping-savoie-levaugrais.com\/wp-content\/uploads\/2021\/09\/SMBT-SC0485-SavoieMontBlanc-Chabance-4000px.jpg)\">-->\n\t\t\t\t\t<a href=\"https:\/\/camping-savoie-levaugrais.com\/wp-content\/uploads\/2021\/09\/SMBT-SC0485-SavoieMontBlanc-Chabance-4000px.jpg\" data-lightbox=\"sevgallery-274740779\">\n\t\t\t\t\t\t<img decoding=\"async\" src=\"https:\/\/camping-savoie-levaugrais.com\/wp-content\/uploads\/2021\/09\/SMBT-SC0485-SavoieMontBlanc-Chabance-4000px.jpg\" alt=\"Annecy\" loading=\"lazy\">\n\t\t\t\t\t<\/a>\n\t\t\t\t<\/div>\n\n\t\t\t\t\t\t\t\t\t<div class=\"w-100\"><\/div>\n\t\t\t\t\t\t\t\t\t\n\t\t\t\t\t\t\t\t\t\t\t\n\t\t\t\t\n\t\t\t\t<div class=\"sev-diaporama-portfolio-item col-12 col-lg \">\n\t\t\t\t\t<!--<a href=\"https:\/\/camping-savoie-levaugrais.com\/wp-content\/uploads\/2021\/07\/annecy.jpg\" data-lightbox=\"sevgallery-274740779\" style=\"background-image: url(https:\/\/camping-savoie-levaugrais.com\/wp-content\/uploads\/2021\/07\/annecy.jpg)\">-->\n\t\t\t\t\t<a href=\"https:\/\/camping-savoie-levaugrais.com\/wp-content\/uploads\/2021\/07\/annecy.jpg\" data-lightbox=\"sevgallery-274740779\">\n\t\t\t\t\t\t<img decoding=\"async\" src=\"https:\/\/camping-savoie-levaugrais.com\/wp-content\/uploads\/2021\/07\/annecy.jpg\" alt=\"Annecy\" loading=\"lazy\">\n\t\t\t\t\t<\/a>\n\t\t\t\t<\/div>\n\n\t\t\t\t\n\t\t\t\t\t\t\t\t\t\t\t\n\t\t\t\t\n\t\t\t\t<div class=\"sev-diaporama-portfolio-item col-12 col-lg  col-shrink\">\n\t\t\t\t\t<!--<a href=\"https:\/\/camping-savoie-levaugrais.com\/wp-content\/uploads\/2021\/09\/SMBT-SC0433-SavoieMontBlanc-Chabance-4000px.jpg\" data-lightbox=\"sevgallery-274740779\" style=\"background-image: url(https:\/\/camping-savoie-levaugrais.com\/wp-content\/uploads\/2021\/09\/SMBT-SC0433-SavoieMontBlanc-Chabance-4000px.jpg)\">-->\n\t\t\t\t\t<a href=\"https:\/\/camping-savoie-levaugrais.com\/wp-content\/uploads\/2021\/09\/SMBT-SC0433-SavoieMontBlanc-Chabance-4000px.jpg\" data-lightbox=\"sevgallery-274740779\">\n\t\t\t\t\t\t<img decoding=\"async\" src=\"https:\/\/camping-savoie-levaugrais.com\/wp-content\/uploads\/2021\/09\/SMBT-SC0433-SavoieMontBlanc-Chabance-4000px.jpg\" alt=\"Annecy\" loading=\"lazy\">\n\t\t\t\t\t<\/a>\n\t\t\t\t<\/div>\n\n\t\t\t\t\n\t\t\t\t\t\t\t\t\t\t\t\n\t\t\t\t\n\t\t\t\t<div class=\"sev-diaporama-portfolio-item col-12 col-lg  col-shrink\">\n\t\t\t\t\t<!--<a href=\"https:\/\/camping-savoie-levaugrais.com\/wp-content\/uploads\/2021\/09\/SMBT-SC0375-SavoieMontBlanc-Chabance-4000px.jpg\" data-lightbox=\"sevgallery-274740779\" style=\"background-image: url(https:\/\/camping-savoie-levaugrais.com\/wp-content\/uploads\/2021\/09\/SMBT-SC0375-SavoieMontBlanc-Chabance-4000px.jpg)\">-->\n\t\t\t\t\t<a href=\"https:\/\/camping-savoie-levaugrais.com\/wp-content\/uploads\/2021\/09\/SMBT-SC0375-SavoieMontBlanc-Chabance-4000px.jpg\" data-lightbox=\"sevgallery-274740779\">\n\t\t\t\t\t\t<img decoding=\"async\" src=\"https:\/\/camping-savoie-levaugrais.com\/wp-content\/uploads\/2021\/09\/SMBT-SC0375-SavoieMontBlanc-Chabance-4000px.jpg\" alt=\"Annecy\" loading=\"lazy\">\n\t\t\t\t\t<\/a>\n\t\t\t\t<\/div>\n\n\t\t\t\t\n\t\t\t\t\t\t\t\t\t\t\t\n\t\t\t\t\n\t\t\t\t<div class=\"sev-diaporama-portfolio-item col-12 col-lg  col-grow\">\n\t\t\t\t\t<!--<a href=\"https:\/\/camping-savoie-levaugrais.com\/wp-content\/uploads\/2021\/09\/SMBT-DT0012-SavoieMontBlanc-Triquet-4000px.jpg\" data-lightbox=\"sevgallery-274740779\" style=\"background-image: url(https:\/\/camping-savoie-levaugrais.com\/wp-content\/uploads\/2021\/09\/SMBT-DT0012-SavoieMontBlanc-Triquet-4000px.jpg)\">-->\n\t\t\t\t\t<a href=\"https:\/\/camping-savoie-levaugrais.com\/wp-content\/uploads\/2021\/09\/SMBT-DT0012-SavoieMontBlanc-Triquet-4000px.jpg\" data-lightbox=\"sevgallery-274740779\">\n\t\t\t\t\t\t<img decoding=\"async\" src=\"https:\/\/camping-savoie-levaugrais.com\/wp-content\/uploads\/2021\/09\/SMBT-DT0012-SavoieMontBlanc-Triquet-4000px.jpg\" alt=\"Annecy\" loading=\"lazy\">\n\t\t\t\t\t<\/a>\n\t\t\t\t<\/div>\n\n\t\t\t\t\t\t\t\t\t<div class=\"w-100\"><\/div>\n\t\t\t\t\t\t\t\t\t\n\t\t\t\t\t\t\t\t\t\t\t\n\t\t\t\t\n\t\t\t\t<div class=\"sev-diaporama-portfolio-item col-12 col-lg \">\n\t\t\t\t\t<!--<a href=\"https:\/\/camping-savoie-levaugrais.com\/wp-content\/uploads\/2021\/09\/SMBT-DT0010-SavoieMontBlanc-Triquet-4000px.jpg\" data-lightbox=\"sevgallery-274740779\" style=\"background-image: url(https:\/\/camping-savoie-levaugrais.com\/wp-content\/uploads\/2021\/09\/SMBT-DT0010-SavoieMontBlanc-Triquet-4000px.jpg)\">-->\n\t\t\t\t\t<a href=\"https:\/\/camping-savoie-levaugrais.com\/wp-content\/uploads\/2021\/09\/SMBT-DT0010-SavoieMontBlanc-Triquet-4000px.jpg\" data-lightbox=\"sevgallery-274740779\">\n\t\t\t\t\t\t<img decoding=\"async\" src=\"https:\/\/camping-savoie-levaugrais.com\/wp-content\/uploads\/2021\/09\/SMBT-DT0010-SavoieMontBlanc-Triquet-4000px.jpg\" alt=\"Annecy\" loading=\"lazy\">\n\t\t\t\t\t<\/a>\n\t\t\t\t<\/div>\n\n\t\t\t\t\n\t\t\t\t\t\t\t\t\t\t\t\n\t\t\t\t\n\t\t\t\t<div class=\"sev-diaporama-portfolio-item col-12 col-lg  col-grow\">\n\t\t\t\t\t<!--<a href=\"https:\/\/camping-savoie-levaugrais.com\/wp-content\/uploads\/2021\/09\/SMBT-CR0197-SavoieMontBlanc-Raih-4000px.jpg\" data-lightbox=\"sevgallery-274740779\" style=\"background-image: url(https:\/\/camping-savoie-levaugrais.com\/wp-content\/uploads\/2021\/09\/SMBT-CR0197-SavoieMontBlanc-Raih-4000px.jpg)\">-->\n\t\t\t\t\t<a href=\"https:\/\/camping-savoie-levaugrais.com\/wp-content\/uploads\/2021\/09\/SMBT-CR0197-SavoieMontBlanc-Raih-4000px.jpg\" data-lightbox=\"sevgallery-274740779\">\n\t\t\t\t\t\t<img decoding=\"async\" src=\"https:\/\/camping-savoie-levaugrais.com\/wp-content\/uploads\/2021\/09\/SMBT-CR0197-SavoieMontBlanc-Raih-4000px.jpg\" alt=\"chanaz\" loading=\"lazy\">\n\t\t\t\t\t<\/a>\n\t\t\t\t<\/div>\n\n\t\t\t\t\n\t\t\t\t\t\t\t\t\t\t\t\n\t\t\t\t\n\t\t\t\t<div class=\"sev-diaporama-portfolio-item col-12 col-lg \">\n\t\t\t\t\t<!--<a href=\"https:\/\/camping-savoie-levaugrais.com\/wp-content\/uploads\/2021\/09\/SMBT-SC0247-SavoieMontBlanc-Chabance-4000px.jpg\" data-lightbox=\"sevgallery-274740779\" style=\"background-image: url(https:\/\/camping-savoie-levaugrais.com\/wp-content\/uploads\/2021\/09\/SMBT-SC0247-SavoieMontBlanc-Chabance-4000px.jpg)\">-->\n\t\t\t\t\t<a href=\"https:\/\/camping-savoie-levaugrais.com\/wp-content\/uploads\/2021\/09\/SMBT-SC0247-SavoieMontBlanc-Chabance-4000px.jpg\" data-lightbox=\"sevgallery-274740779\">\n\t\t\t\t\t\t<img decoding=\"async\" src=\"https:\/\/camping-savoie-levaugrais.com\/wp-content\/uploads\/2021\/09\/SMBT-SC0247-SavoieMontBlanc-Chabance-4000px.jpg\" alt=\"Annecy\" loading=\"lazy\">\n\t\t\t\t\t<\/a>\n\t\t\t\t<\/div>\n\n\t\t\t\t\n\t\t\t\t\t\t\t\t\t\t\t\n\t\t\t\t\n\t\t\t\t<div class=\"sev-diaporama-portfolio-item col-12 col-lg  col-shrink\">\n\t\t\t\t\t<!--<a href=\"https:\/\/camping-savoie-levaugrais.com\/wp-content\/uploads\/2021\/09\/SMBT-EB07424-SavoieMontBlanc-Boutet-4000px.jpg\" data-lightbox=\"sevgallery-274740779\" style=\"background-image: url(https:\/\/camping-savoie-levaugrais.com\/wp-content\/uploads\/2021\/09\/SMBT-EB07424-SavoieMontBlanc-Boutet-4000px.jpg)\">-->\n\t\t\t\t\t<a href=\"https:\/\/camping-savoie-levaugrais.com\/wp-content\/uploads\/2021\/09\/SMBT-EB07424-SavoieMontBlanc-Boutet-4000px.jpg\" data-lightbox=\"sevgallery-274740779\">\n\t\t\t\t\t\t<img decoding=\"async\" src=\"https:\/\/camping-savoie-levaugrais.com\/wp-content\/uploads\/2021\/09\/SMBT-EB07424-SavoieMontBlanc-Boutet-4000px.jpg\" alt=\"\" loading=\"lazy\">\n\t\t\t\t\t<\/a>\n\t\t\t\t<\/div>\n\n\t\t\t\t\t\t\t\t\t<div class=\"w-100\"><\/div>\n\t\t\t\t\t\t\t\t\t\n\t\t\t\t\t\t\t\t\t\t\t\n\t\t\t\t\n\t\t\t\t<div class=\"sev-diaporama-portfolio-item col-12 col-lg  col-grow\">\n\t\t\t\t\t<!--<a href=\"https:\/\/camping-savoie-levaugrais.com\/wp-content\/uploads\/2021\/09\/SMBT-EB07428-SavoieMontBlanc-Boutet-4000px.jpg\" data-lightbox=\"sevgallery-274740779\" style=\"background-image: url(https:\/\/camping-savoie-levaugrais.com\/wp-content\/uploads\/2021\/09\/SMBT-EB07428-SavoieMontBlanc-Boutet-4000px.jpg)\">-->\n\t\t\t\t\t<a href=\"https:\/\/camping-savoie-levaugrais.com\/wp-content\/uploads\/2021\/09\/SMBT-EB07428-SavoieMontBlanc-Boutet-4000px.jpg\" data-lightbox=\"sevgallery-274740779\">\n\t\t\t\t\t\t<img decoding=\"async\" src=\"https:\/\/camping-savoie-levaugrais.com\/wp-content\/uploads\/2021\/09\/SMBT-EB07428-SavoieMontBlanc-Boutet-4000px.jpg\" alt=\"Annecy\" loading=\"lazy\">\n\t\t\t\t\t<\/a>\n\t\t\t\t<\/div>\n\n\t\t\t\t\n\t\t\t\t\t\t\t\t\t\t\t\n\t\t\t\t\n\t\t\t\t<div class=\"sev-diaporama-portfolio-item col-12 col-lg  col-shrink\">\n\t\t\t\t\t<!--<a href=\"https:\/\/camping-savoie-levaugrais.com\/wp-content\/uploads\/2021\/09\/SMBT-SB06153-SavoieMontBlanc-Bijasson-4000px.jpg\" data-lightbox=\"sevgallery-274740779\" style=\"background-image: url(https:\/\/camping-savoie-levaugrais.com\/wp-content\/uploads\/2021\/09\/SMBT-SB06153-SavoieMontBlanc-Bijasson-4000px.jpg)\">-->\n\t\t\t\t\t<a href=\"https:\/\/camping-savoie-levaugrais.com\/wp-content\/uploads\/2021\/09\/SMBT-SB06153-SavoieMontBlanc-Bijasson-4000px.jpg\" data-lightbox=\"sevgallery-274740779\">\n\t\t\t\t\t\t<img decoding=\"async\" src=\"https:\/\/camping-savoie-levaugrais.com\/wp-content\/uploads\/2021\/09\/SMBT-SB06153-SavoieMontBlanc-Bijasson-4000px.jpg\" alt=\"Annecy\" loading=\"lazy\">\n\t\t\t\t\t<\/a>\n\t\t\t\t<\/div>\n\n\t\t\t\t\n\t\t\t\t\t\t\t\t\t\t\t\n\t\t\t\t\n\t\t\t\t<div class=\"sev-diaporama-portfolio-item col-12 col-lg \">\n\t\t\t\t\t<!--<a href=\"https:\/\/camping-savoie-levaugrais.com\/wp-content\/uploads\/2021\/09\/SMBT-SB06167-SavoieMontBlanc-Bijasson-4000px.jpg\" data-lightbox=\"sevgallery-274740779\" style=\"background-image: url(https:\/\/camping-savoie-levaugrais.com\/wp-content\/uploads\/2021\/09\/SMBT-SB06167-SavoieMontBlanc-Bijasson-4000px.jpg)\">-->\n\t\t\t\t\t<a href=\"https:\/\/camping-savoie-levaugrais.com\/wp-content\/uploads\/2021\/09\/SMBT-SB06167-SavoieMontBlanc-Bijasson-4000px.jpg\" data-lightbox=\"sevgallery-274740779\">\n\t\t\t\t\t\t<img decoding=\"async\" src=\"https:\/\/camping-savoie-levaugrais.com\/wp-content\/uploads\/2021\/09\/SMBT-SB06167-SavoieMontBlanc-Bijasson-4000px.jpg\" alt=\"Annecy\" loading=\"lazy\">\n\t\t\t\t\t<\/a>\n\t\t\t\t<\/div>\n\n\t\t\t\t\n\t\t\t\t\t\t\t\t\t\t\t\n\t\t\t\t\n\t\t\t\t<div class=\"sev-diaporama-portfolio-item col-12 col-lg  col-shrink\">\n\t\t\t\t\t<!--<a href=\"https:\/\/camping-savoie-levaugrais.com\/wp-content\/uploads\/2021\/09\/SMBT-SB06182-SavoieMontBlanc-Bijasson-4000px.jpg\" data-lightbox=\"sevgallery-274740779\" style=\"background-image: url(https:\/\/camping-savoie-levaugrais.com\/wp-content\/uploads\/2021\/09\/SMBT-SB06182-SavoieMontBlanc-Bijasson-4000px.jpg)\">-->\n\t\t\t\t\t<a href=\"https:\/\/camping-savoie-levaugrais.com\/wp-content\/uploads\/2021\/09\/SMBT-SB06182-SavoieMontBlanc-Bijasson-4000px.jpg\" data-lightbox=\"sevgallery-274740779\">\n\t\t\t\t\t\t<img decoding=\"async\" src=\"https:\/\/camping-savoie-levaugrais.com\/wp-content\/uploads\/2021\/09\/SMBT-SB06182-SavoieMontBlanc-Bijasson-4000px.jpg\" alt=\"Annecy\" loading=\"lazy\">\n\t\t\t\t\t<\/a>\n\t\t\t\t<\/div>\n\n\t\t\t\t\t\t\t\t\t<div class=\"w-100\"><\/div>\n\t\t\t\t\t\t\t\t\t\n\t\t\t\t\t\t\t\t\t\t\t\t\t\t<\/div>\n\t\t\t<\/div>\n\n\t\t\t<script>\n\t\t\tjQuery(function($) {\n\n\t\t\t\tvar marginPortfolio = function() {\n\n\t\t\t\t\tvar $diapo          = $('#sevgallery-274740779');\n\t\t\t\t\tvar container_width = $diapo.parent().outerWidth();\n\t\t\t\t\tvar side            = ( $(window).innerWidth() - container_width ) \/ 2;\n\n\t\t\t\t\t$diapo.css( {\n\t\t\t\t\t\t'margin-left': '-' + side + 'px',\n\t\t\t\t\t\t'margin-right': '-' + side + 'px',\n\t\t\t\t\t} );\n\t\t\t\t};\n\n\t\t\t\t$( window ).resize( function() {\n\t\t\t\t\tmarginPortfolio();\n\t\t\t\t} );\n\t\t\t\tmarginPortfolio();\n\t\t\t});\n\t\t\t<\/script>\n\t\t\t\n\n<p class=\"wp-block-paragraph\">@ Savoie Mont Blanc \/ Chabance (Markt in der Altstadt von Annecy)<\/p>\n","protected":false},"excerpt":{"rendered":"<p>Campingplatz in der N\u00e4he von Annecy Etwa 48 km vom Campingplatz Le Vaugrais entfernt k\u00f6nnen Sie Annecy mit seiner sch\u00f6nen , harmonischen Landschaft und der Wasserqualit\u00e4t des Sees entdecken, der als der sauberste See Europas gilt. Touristen k\u00f6nnen eine gro\u00dfe Auswahl an sportlichen Aktivit\u00e4ten genie\u00dfen. Wassersport (Schwimmen, Segeln, Wasserski, Tauchen &#8230;), Radfahren, aber auch Bergsport [&hellip;]<\/p>\n","protected":false},"author":1,"featured_media":0,"parent":0,"menu_order":0,"comment_status":"closed","ping_status":"closed","template":"","meta":{"_seopress_robots_primary_cat":"","_seopress_titles_title":"3-Sterne Campingplatz in der N\u00e4he von Annecy und seinem See - Le Vaugrais","_seopress_titles_desc":"Entdecken Sie Annecy und seinen wundersch\u00f6nen See. Ein Muss f\u00fcr Ihren Aufenthalt auf unserem 3-Sterne-Campingplatz.   ","_seopress_robots_index":"","_crdt_document":"","footnotes":""},"class_list":["post-13172","page","type-page","status-publish","hentry"],"_links":{"self":[{"href":"https:\/\/camping-savoie-levaugrais.com\/de\/wp-json\/wp\/v2\/pages\/13172","targetHints":{"allow":["GET"]}}],"collection":[{"href":"https:\/\/camping-savoie-levaugrais.com\/de\/wp-json\/wp\/v2\/pages"}],"about":[{"href":"https:\/\/camping-savoie-levaugrais.com\/de\/wp-json\/wp\/v2\/types\/page"}],"author":[{"embeddable":true,"href":"https:\/\/camping-savoie-levaugrais.com\/de\/wp-json\/wp\/v2\/users\/1"}],"replies":[{"embeddable":true,"href":"https:\/\/camping-savoie-levaugrais.com\/de\/wp-json\/wp\/v2\/comments?post=13172"}],"version-history":[{"count":1,"href":"https:\/\/camping-savoie-levaugrais.com\/de\/wp-json\/wp\/v2\/pages\/13172\/revisions"}],"predecessor-version":[{"id":13173,"href":"https:\/\/camping-savoie-levaugrais.com\/de\/wp-json\/wp\/v2\/pages\/13172\/revisions\/13173"}],"wp:attachment":[{"href":"https:\/\/camping-savoie-levaugrais.com\/de\/wp-json\/wp\/v2\/media?parent=13172"}],"curies":[{"name":"wp","href":"https:\/\/api.w.org\/{rel}","templated":true}]}}