{"id":13176,"date":"2024-10-10T11:50:39","date_gmt":"2024-10-10T09:50:39","guid":{"rendered":"https:\/\/camping-savoie-levaugrais.com\/le-grand-colombier\/"},"modified":"2025-01-03T13:09:08","modified_gmt":"2025-01-03T12:09:08","slug":"le-grand-colombier","status":"publish","type":"page","link":"https:\/\/camping-savoie-levaugrais.com\/de\/le-grand-colombier\/","title":{"rendered":"Le Grand Colombier"},"content":{"rendered":"\n<h2 class=\"wp-block-heading has-text-align-center\">Campingplatz am Fu\u00dfe des Col du Colombier<\/h2>\n\n\n<div class=\"wp-block-image\">\n<figure class=\"aligncenter size-large is-resized\"><img loading=\"lazy\" decoding=\"async\" width=\"1024\" height=\"576\" src=\"https:\/\/camping-savoie-levaugrais.com\/wp-content\/uploads\/2025\/01\/partez-a-laventure-en-allemand-7-1024x576.jpg\" alt=\"\" class=\"wp-image-16518\" style=\"width:352px;height:auto\" srcset=\"https:\/\/camping-savoie-levaugrais.com\/wp-content\/uploads\/2025\/01\/partez-a-laventure-en-allemand-7-1024x576.jpg 1024w, https:\/\/camping-savoie-levaugrais.com\/wp-content\/uploads\/2025\/01\/partez-a-laventure-en-allemand-7-300x169.jpg 300w, https:\/\/camping-savoie-levaugrais.com\/wp-content\/uploads\/2025\/01\/partez-a-laventure-en-allemand-7-768x432.jpg 768w, https:\/\/camping-savoie-levaugrais.com\/wp-content\/uploads\/2025\/01\/partez-a-laventure-en-allemand-7-1536x864.jpg 1536w, https:\/\/camping-savoie-levaugrais.com\/wp-content\/uploads\/2025\/01\/partez-a-laventure-en-allemand-7.jpg 1920w\" sizes=\"auto, (max-width: 1024px) 100vw, 1024px\" \/><\/figure>\n<\/div>\n\n\n<p class=\"wp-block-paragraph\">13 km von Le Grand Colombier entfernt. Rucksacktouristen, ob gro\u00df oder klein, Sportler oder Spazierg\u00e4nger, finden hier sicher eine Wanderung in Reichweite. Sie genie\u00dfen ein 360\u00b0-Panorama auf den Mont Blanc, das Massiv der Bauges und den Lac du Bourget. <\/p>\n\n\n\n<p class=\"wp-block-paragraph\">Aber wenn Sie <strong>den Col du Colombier mit dem Fahrrad<\/strong> \u00fcber die Seite von Virieu le Petit mit Steigungen von mehr als 25% erklimmen, werden Sie mit einem atemberaubenden Panorama belohnt, wenn Sie den Gipfel erreicht haben. Auf dem Gipfel befindet sich ein Gasthaus &#8222;Le Relais du Colombier&#8220;, wo Sie sich st\u00e4rken und die k\u00f6stlichen Heidelbeer-T\u00f6rtchen entdecken k\u00f6nnen. <\/p>\n\n\n\n<p class=\"wp-block-paragraph\">Der Verein &#8222;Les F\u00e9l\u00e9s du Colombier&#8220; organisiert jeden Samstag von Juni bis September den Aufstieg zum Col du Colombier mit dem Fahrrad (die Stra\u00dfe ist f\u00fcr Autos gesperrt) &#8211; Und vielleicht schlie\u00dfen Sie sich den F\u00e9l\u00e9s an, indem Sie an einem Tag alle vier Seiten des Col du Colombier befahren.<\/p>\n\n\n\t\t\t<div id=\"sevgallery-313769916\" class=\"sev-diaporama sev-diaporama-portfolio\">\n\t\t\t<div class=\"row\">\n\n\t\t\t\n\t\t\t\t\n\t\t\t\t<div class=\"sev-diaporama-portfolio-item col-12 col-lg  col-shrink\">\n\t\t\t\t\t<!--<a href=\"https:\/\/camping-savoie-levaugrais.com\/wp-content\/uploads\/2021\/08\/Grand-Colombier.jpg\" data-lightbox=\"sevgallery-313769916\" style=\"background-image: url(https:\/\/camping-savoie-levaugrais.com\/wp-content\/uploads\/2021\/08\/Grand-Colombier.jpg)\">-->\n\t\t\t\t\t<a href=\"https:\/\/camping-savoie-levaugrais.com\/wp-content\/uploads\/2021\/08\/Grand-Colombier.jpg\" data-lightbox=\"sevgallery-313769916\">\n\t\t\t\t\t\t<img decoding=\"async\" src=\"https:\/\/camping-savoie-levaugrais.com\/wp-content\/uploads\/2021\/08\/Grand-Colombier.jpg\" alt=\"Grand Colombier\" loading=\"lazy\">\n\t\t\t\t\t<\/a>\n\t\t\t\t<\/div>\n\n\t\t\t\t\n\t\t\t\t\t\t\t\t\t\t\t\n\t\t\t\t\n\t\t\t\t<div class=\"sev-diaporama-portfolio-item col-12 col-lg \">\n\t\t\t\t\t<!--<a href=\"https:\/\/camping-savoie-levaugrais.com\/wp-content\/uploads\/2021\/09\/Sommet-Gd-Colombier.jpg\" data-lightbox=\"sevgallery-313769916\" style=\"background-image: url(https:\/\/camping-savoie-levaugrais.com\/wp-content\/uploads\/2021\/09\/Sommet-Gd-Colombier.jpg)\">-->\n\t\t\t\t\t<a href=\"https:\/\/camping-savoie-levaugrais.com\/wp-content\/uploads\/2021\/09\/Sommet-Gd-Colombier.jpg\" data-lightbox=\"sevgallery-313769916\">\n\t\t\t\t\t\t<img decoding=\"async\" src=\"https:\/\/camping-savoie-levaugrais.com\/wp-content\/uploads\/2021\/09\/Sommet-Gd-Colombier.jpg\" alt=\"Sommet-Gd-Colombier\" loading=\"lazy\">\n\t\t\t\t\t<\/a>\n\t\t\t\t<\/div>\n\n\t\t\t\t\n\t\t\t\t\t\t\t\t\t\t\t\n\t\t\t\t\n\t\t\t\t<div class=\"sev-diaporama-portfolio-item col-12 col-lg  col-grow\">\n\t\t\t\t\t<!--<a href=\"https:\/\/camping-savoie-levaugrais.com\/wp-content\/uploads\/2021\/08\/coldugrandcolombier.jpg\" data-lightbox=\"sevgallery-313769916\" style=\"background-image: url(https:\/\/camping-savoie-levaugrais.com\/wp-content\/uploads\/2021\/08\/coldugrandcolombier.jpg)\">-->\n\t\t\t\t\t<a href=\"https:\/\/camping-savoie-levaugrais.com\/wp-content\/uploads\/2021\/08\/coldugrandcolombier.jpg\" data-lightbox=\"sevgallery-313769916\">\n\t\t\t\t\t\t<img decoding=\"async\" src=\"https:\/\/camping-savoie-levaugrais.com\/wp-content\/uploads\/2021\/08\/coldugrandcolombier.jpg\" alt=\"col du grand colombier\" loading=\"lazy\">\n\t\t\t\t\t<\/a>\n\t\t\t\t<\/div>\n\n\t\t\t\t\n\t\t\t\t\t\t\t\t\t\t\t\n\t\t\t\t\n\t\t\t\t<div class=\"sev-diaporama-portfolio-item col-12 col-lg  col-shrink\">\n\t\t\t\t\t<!--<a href=\"https:\/\/camping-savoie-levaugrais.com\/wp-content\/uploads\/2021\/07\/AIN-randoGrandColombier-MC-028.jpg_800.jpg\" data-lightbox=\"sevgallery-313769916\" style=\"background-image: url(https:\/\/camping-savoie-levaugrais.com\/wp-content\/uploads\/2021\/07\/AIN-randoGrandColombier-MC-028.jpg_800.jpg)\">-->\n\t\t\t\t\t<a href=\"https:\/\/camping-savoie-levaugrais.com\/wp-content\/uploads\/2021\/07\/AIN-randoGrandColombier-MC-028.jpg_800.jpg\" data-lightbox=\"sevgallery-313769916\">\n\t\t\t\t\t\t<img decoding=\"async\" src=\"https:\/\/camping-savoie-levaugrais.com\/wp-content\/uploads\/2021\/07\/AIN-randoGrandColombier-MC-028.jpg_800.jpg\" alt=\"Randonn\u00e9e Le Grand Colombier\" loading=\"lazy\">\n\t\t\t\t\t<\/a>\n\t\t\t\t<\/div>\n\n\t\t\t\t\t\t\t\t\t<div class=\"w-100\"><\/div>\n\t\t\t\t\t\t\t\t\t\n\t\t\t\t\t\t\t\t\t\t\t\n\t\t\t\t\n\t\t\t\t<div class=\"sev-diaporama-portfolio-item col-12 col-lg  col-shrink\">\n\t\t\t\t\t<!--<a href=\"https:\/\/camping-savoie-levaugrais.com\/wp-content\/uploads\/2021\/07\/AIN-randoGrandColombier-MC-032.jpg_800.jpg\" data-lightbox=\"sevgallery-313769916\" style=\"background-image: url(https:\/\/camping-savoie-levaugrais.com\/wp-content\/uploads\/2021\/07\/AIN-randoGrandColombier-MC-032.jpg_800.jpg)\">-->\n\t\t\t\t\t<a href=\"https:\/\/camping-savoie-levaugrais.com\/wp-content\/uploads\/2021\/07\/AIN-randoGrandColombier-MC-032.jpg_800.jpg\" data-lightbox=\"sevgallery-313769916\">\n\t\t\t\t\t\t<img decoding=\"async\" src=\"https:\/\/camping-savoie-levaugrais.com\/wp-content\/uploads\/2021\/07\/AIN-randoGrandColombier-MC-032.jpg_800.jpg\" alt=\"Rando Le Grand Colombier proche camping\" loading=\"lazy\">\n\t\t\t\t\t<\/a>\n\t\t\t\t<\/div>\n\n\t\t\t\t\n\t\t\t\t\t\t\t\t\t\t\t\n\t\t\t\t\n\t\t\t\t<div class=\"sev-diaporama-portfolio-item col-12 col-lg \">\n\t\t\t\t\t<!--<a href=\"https:\/\/camping-savoie-levaugrais.com\/wp-content\/uploads\/2023\/10\/IMG_6132web1-site-internet.jpg\" data-lightbox=\"sevgallery-313769916\" style=\"background-image: url(https:\/\/camping-savoie-levaugrais.com\/wp-content\/uploads\/2023\/10\/IMG_6132web1-site-internet.jpg)\">-->\n\t\t\t\t\t<a href=\"https:\/\/camping-savoie-levaugrais.com\/wp-content\/uploads\/2023\/10\/IMG_6132web1-site-internet.jpg\" data-lightbox=\"sevgallery-313769916\">\n\t\t\t\t\t\t<img decoding=\"async\" src=\"https:\/\/camping-savoie-levaugrais.com\/wp-content\/uploads\/2023\/10\/IMG_6132web1-site-internet.jpg\" alt=\"Le Vaugrais - camping nature\" loading=\"lazy\">\n\t\t\t\t\t<\/a>\n\t\t\t\t<\/div>\n\n\t\t\t\t\n\t\t\t\t\t\t\t\t\t\t\t\n\t\t\t\t\n\t\t\t\t<div class=\"sev-diaporama-portfolio-item col-12 col-lg \">\n\t\t\t\t\t<!--<a href=\"https:\/\/camping-savoie-levaugrais.com\/wp-content\/uploads\/2023\/10\/IMG_6154-site-internet.jpg\" data-lightbox=\"sevgallery-313769916\" style=\"background-image: url(https:\/\/camping-savoie-levaugrais.com\/wp-content\/uploads\/2023\/10\/IMG_6154-site-internet.jpg)\">-->\n\t\t\t\t\t<a href=\"https:\/\/camping-savoie-levaugrais.com\/wp-content\/uploads\/2023\/10\/IMG_6154-site-internet.jpg\" data-lightbox=\"sevgallery-313769916\">\n\t\t\t\t\t\t<img decoding=\"async\" src=\"https:\/\/camping-savoie-levaugrais.com\/wp-content\/uploads\/2023\/10\/IMG_6154-site-internet.jpg\" alt=\"Le Vaugrais - camping nature\" loading=\"lazy\">\n\t\t\t\t\t<\/a>\n\t\t\t\t<\/div>\n\n\t\t\t\t\n\t\t\t\t\t\t\t\t\t\t\t\n\t\t\t\t\n\t\t\t\t<div class=\"sev-diaporama-portfolio-item col-12 col-lg \">\n\t\t\t\t\t<!--<a href=\"https:\/\/camping-savoie-levaugrais.com\/wp-content\/uploads\/2023\/10\/IMG_6152web1-site-internet.jpg\" data-lightbox=\"sevgallery-313769916\" style=\"background-image: url(https:\/\/camping-savoie-levaugrais.com\/wp-content\/uploads\/2023\/10\/IMG_6152web1-site-internet.jpg)\">-->\n\t\t\t\t\t<a href=\"https:\/\/camping-savoie-levaugrais.com\/wp-content\/uploads\/2023\/10\/IMG_6152web1-site-internet.jpg\" data-lightbox=\"sevgallery-313769916\">\n\t\t\t\t\t\t<img decoding=\"async\" src=\"https:\/\/camping-savoie-levaugrais.com\/wp-content\/uploads\/2023\/10\/IMG_6152web1-site-internet.jpg\" alt=\"Le Vaugrais - camping nature\" loading=\"lazy\">\n\t\t\t\t\t<\/a>\n\t\t\t\t<\/div>\n\n\t\t\t\t\t\t\t\t\t<div class=\"w-100\"><\/div>\n\t\t\t\t\t\t\t\t\t\n\t\t\t\t\t\t\t\t\t\t\t\n\t\t\t\t\n\t\t\t\t<div class=\"sev-diaporama-portfolio-item col-12 col-lg  col-grow\">\n\t\t\t\t\t<!--<a href=\"https:\/\/camping-savoie-levaugrais.com\/wp-content\/uploads\/2023\/10\/IMG_6151web1-site-internet.jpg\" data-lightbox=\"sevgallery-313769916\" style=\"background-image: url(https:\/\/camping-savoie-levaugrais.com\/wp-content\/uploads\/2023\/10\/IMG_6151web1-site-internet.jpg)\">-->\n\t\t\t\t\t<a href=\"https:\/\/camping-savoie-levaugrais.com\/wp-content\/uploads\/2023\/10\/IMG_6151web1-site-internet.jpg\" data-lightbox=\"sevgallery-313769916\">\n\t\t\t\t\t\t<img decoding=\"async\" src=\"https:\/\/camping-savoie-levaugrais.com\/wp-content\/uploads\/2023\/10\/IMG_6151web1-site-internet.jpg\" alt=\"Le Vaugrais - camping nature\" loading=\"lazy\">\n\t\t\t\t\t<\/a>\n\t\t\t\t<\/div>\n\n\t\t\t\t\n\t\t\t\t\t\t\t\t\t\t\t\n\t\t\t\t\n\t\t\t\t<div class=\"sev-diaporama-portfolio-item col-12 col-lg \">\n\t\t\t\t\t<!--<a href=\"https:\/\/camping-savoie-levaugrais.com\/wp-content\/uploads\/2023\/10\/IMG_6147-site-internet.jpg\" data-lightbox=\"sevgallery-313769916\" style=\"background-image: url(https:\/\/camping-savoie-levaugrais.com\/wp-content\/uploads\/2023\/10\/IMG_6147-site-internet.jpg)\">-->\n\t\t\t\t\t<a href=\"https:\/\/camping-savoie-levaugrais.com\/wp-content\/uploads\/2023\/10\/IMG_6147-site-internet.jpg\" data-lightbox=\"sevgallery-313769916\">\n\t\t\t\t\t\t<img decoding=\"async\" src=\"https:\/\/camping-savoie-levaugrais.com\/wp-content\/uploads\/2023\/10\/IMG_6147-site-internet.jpg\" alt=\"Le Vaugrais - camping nature\" loading=\"lazy\">\n\t\t\t\t\t<\/a>\n\t\t\t\t<\/div>\n\n\t\t\t\t\n\t\t\t\t\t\t\t\t\t\t\t\n\t\t\t\t\n\t\t\t\t<div class=\"sev-diaporama-portfolio-item col-12 col-lg \">\n\t\t\t\t\t<!--<a href=\"https:\/\/camping-savoie-levaugrais.com\/wp-content\/uploads\/2023\/10\/IMG_6143web1-site-internet.jpg\" data-lightbox=\"sevgallery-313769916\" style=\"background-image: url(https:\/\/camping-savoie-levaugrais.com\/wp-content\/uploads\/2023\/10\/IMG_6143web1-site-internet.jpg)\">-->\n\t\t\t\t\t<a href=\"https:\/\/camping-savoie-levaugrais.com\/wp-content\/uploads\/2023\/10\/IMG_6143web1-site-internet.jpg\" data-lightbox=\"sevgallery-313769916\">\n\t\t\t\t\t\t<img decoding=\"async\" src=\"https:\/\/camping-savoie-levaugrais.com\/wp-content\/uploads\/2023\/10\/IMG_6143web1-site-internet.jpg\" alt=\"Le Vaugrais - camping nature\" loading=\"lazy\">\n\t\t\t\t\t<\/a>\n\t\t\t\t<\/div>\n\n\t\t\t\t\n\t\t\t\t\t\t\t\t\t\t\t\n\t\t\t\t\n\t\t\t\t<div class=\"sev-diaporama-portfolio-item col-12 col-lg  col-shrink\">\n\t\t\t\t\t<!--<a href=\"https:\/\/camping-savoie-levaugrais.com\/wp-content\/uploads\/2023\/10\/IMG_6175web1-site-internet.jpg\" data-lightbox=\"sevgallery-313769916\" style=\"background-image: url(https:\/\/camping-savoie-levaugrais.com\/wp-content\/uploads\/2023\/10\/IMG_6175web1-site-internet.jpg)\">-->\n\t\t\t\t\t<a href=\"https:\/\/camping-savoie-levaugrais.com\/wp-content\/uploads\/2023\/10\/IMG_6175web1-site-internet.jpg\" data-lightbox=\"sevgallery-313769916\">\n\t\t\t\t\t\t<img decoding=\"async\" src=\"https:\/\/camping-savoie-levaugrais.com\/wp-content\/uploads\/2023\/10\/IMG_6175web1-site-internet.jpg\" alt=\"Le Vaugrais - camping nature\" loading=\"lazy\">\n\t\t\t\t\t<\/a>\n\t\t\t\t<\/div>\n\n\t\t\t\t\t\t\t\t\t<div class=\"w-100\"><\/div>\n\t\t\t\t\t\t\t\t\t\n\t\t\t\t\t\t\t\t\t\t\t\n\t\t\t\t\n\t\t\t\t<div class=\"sev-diaporama-portfolio-item col-12 col-lg  col-shrink\">\n\t\t\t\t\t<!--<a href=\"https:\/\/camping-savoie-levaugrais.com\/wp-content\/uploads\/2023\/10\/IMG_6133-site-internet.jpg\" data-lightbox=\"sevgallery-313769916\" style=\"background-image: url(https:\/\/camping-savoie-levaugrais.com\/wp-content\/uploads\/2023\/10\/IMG_6133-site-internet.jpg)\">-->\n\t\t\t\t\t<a href=\"https:\/\/camping-savoie-levaugrais.com\/wp-content\/uploads\/2023\/10\/IMG_6133-site-internet.jpg\" data-lightbox=\"sevgallery-313769916\">\n\t\t\t\t\t\t<img decoding=\"async\" src=\"https:\/\/camping-savoie-levaugrais.com\/wp-content\/uploads\/2023\/10\/IMG_6133-site-internet.jpg\" alt=\"Le Vaugrais - camping nature\" loading=\"lazy\">\n\t\t\t\t\t<\/a>\n\t\t\t\t<\/div>\n\n\t\t\t\t\n\t\t\t\t\t\t\t\t\t\t\t\n\t\t\t\t\n\t\t\t\t<div class=\"sev-diaporama-portfolio-item col-12 col-lg  col-grow\">\n\t\t\t\t\t<!--<a href=\"https:\/\/camping-savoie-levaugrais.com\/wp-content\/uploads\/2023\/10\/IMG_6130-site-internet.jpg\" data-lightbox=\"sevgallery-313769916\" style=\"background-image: url(https:\/\/camping-savoie-levaugrais.com\/wp-content\/uploads\/2023\/10\/IMG_6130-site-internet.jpg)\">-->\n\t\t\t\t\t<a href=\"https:\/\/camping-savoie-levaugrais.com\/wp-content\/uploads\/2023\/10\/IMG_6130-site-internet.jpg\" data-lightbox=\"sevgallery-313769916\">\n\t\t\t\t\t\t<img decoding=\"async\" src=\"https:\/\/camping-savoie-levaugrais.com\/wp-content\/uploads\/2023\/10\/IMG_6130-site-internet.jpg\" alt=\"Le Vaugrais - camping nature\" loading=\"lazy\">\n\t\t\t\t\t<\/a>\n\t\t\t\t<\/div>\n\n\t\t\t\t\n\t\t\t\t\t\t\t\t\t\t\t\n\t\t\t\t\n\t\t\t\t<div class=\"sev-diaporama-portfolio-item col-12 col-lg  col-grow\">\n\t\t\t\t\t<!--<a href=\"https:\/\/camping-savoie-levaugrais.com\/wp-content\/uploads\/2023\/10\/IMG_6141web1-site-internet.jpg\" data-lightbox=\"sevgallery-313769916\" style=\"background-image: url(https:\/\/camping-savoie-levaugrais.com\/wp-content\/uploads\/2023\/10\/IMG_6141web1-site-internet.jpg)\">-->\n\t\t\t\t\t<a href=\"https:\/\/camping-savoie-levaugrais.com\/wp-content\/uploads\/2023\/10\/IMG_6141web1-site-internet.jpg\" data-lightbox=\"sevgallery-313769916\">\n\t\t\t\t\t\t<img decoding=\"async\" src=\"https:\/\/camping-savoie-levaugrais.com\/wp-content\/uploads\/2023\/10\/IMG_6141web1-site-internet.jpg\" alt=\"Le Vaugrais - camping nature\" loading=\"lazy\">\n\t\t\t\t\t<\/a>\n\t\t\t\t<\/div>\n\n\t\t\t\t\n\t\t\t\t\t\t\t\t\t\t\t\t\t\t<\/div>\n\t\t\t<\/div>\n\n\t\t\t<script>\n\t\t\tjQuery(function($) {\n\n\t\t\t\tvar marginPortfolio = function() {\n\n\t\t\t\t\tvar $diapo          = $('#sevgallery-313769916');\n\t\t\t\t\tvar container_width = $diapo.parent().outerWidth();\n\t\t\t\t\tvar side            = ( $(window).innerWidth() - container_width ) \/ 2;\n\n\t\t\t\t\t$diapo.css( {\n\t\t\t\t\t\t'margin-left': '-' + side + 'px',\n\t\t\t\t\t\t'margin-right': '-' + side + 'px',\n\t\t\t\t\t} );\n\t\t\t\t};\n\n\t\t\t\t$( window ).resize( function() {\n\t\t\t\t\tmarginPortfolio();\n\t\t\t\t} );\n\t\t\t\tmarginPortfolio();\n\t\t\t});\n\t\t\t<\/script>\n\t\t\t\n","protected":false},"excerpt":{"rendered":"<p>Campingplatz am Fu\u00dfe des Col du Colombier 13 km von Le Grand Colombier entfernt. Rucksacktouristen, ob gro\u00df oder klein, Sportler oder Spazierg\u00e4nger, finden hier sicher eine Wanderung in Reichweite. Sie genie\u00dfen ein 360\u00b0-Panorama auf den Mont Blanc, das Massiv der Bauges und den Lac du Bourget. Aber wenn Sie den Col du Colombier mit dem [&hellip;]<\/p>\n","protected":false},"author":1,"featured_media":0,"parent":0,"menu_order":0,"comment_status":"closed","ping_status":"closed","template":"","meta":{"_seopress_robots_primary_cat":"","_seopress_titles_title":"3-Sterne-Campingplatz Le Vaugrais am Fu\u00dfe des Col du Colombier","_seopress_titles_desc":"Campingplatz in der N\u00e4he des Col du Colombier. Machen Sie eine Wanderung oder eine Radtour.","_seopress_robots_index":"","_crdt_document":"","footnotes":""},"class_list":["post-13176","page","type-page","status-publish","hentry"],"_links":{"self":[{"href":"https:\/\/camping-savoie-levaugrais.com\/de\/wp-json\/wp\/v2\/pages\/13176","targetHints":{"allow":["GET"]}}],"collection":[{"href":"https:\/\/camping-savoie-levaugrais.com\/de\/wp-json\/wp\/v2\/pages"}],"about":[{"href":"https:\/\/camping-savoie-levaugrais.com\/de\/wp-json\/wp\/v2\/types\/page"}],"author":[{"embeddable":true,"href":"https:\/\/camping-savoie-levaugrais.com\/de\/wp-json\/wp\/v2\/users\/1"}],"replies":[{"embeddable":true,"href":"https:\/\/camping-savoie-levaugrais.com\/de\/wp-json\/wp\/v2\/comments?post=13176"}],"version-history":[{"count":2,"href":"https:\/\/camping-savoie-levaugrais.com\/de\/wp-json\/wp\/v2\/pages\/13176\/revisions"}],"predecessor-version":[{"id":16522,"href":"https:\/\/camping-savoie-levaugrais.com\/de\/wp-json\/wp\/v2\/pages\/13176\/revisions\/16522"}],"wp:attachment":[{"href":"https:\/\/camping-savoie-levaugrais.com\/de\/wp-json\/wp\/v2\/media?parent=13176"}],"curies":[{"name":"wp","href":"https:\/\/api.w.org\/{rel}","templated":true}]}}