{"id":13185,"date":"2024-10-10T11:50:41","date_gmt":"2024-10-10T09:50:41","guid":{"rendered":"https:\/\/camping-savoie-levaugrais.com\/erfahrung-neugierige-familie\/"},"modified":"2024-10-10T12:37:19","modified_gmt":"2024-10-10T10:37:19","slug":"erfahrung-neugierige-familie","status":"publish","type":"page","link":"https:\/\/camping-savoie-levaugrais.com\/de\/erfahrung-neugierige-familie\/","title":{"rendered":"Erfahrung neugierige Familie"},"content":{"rendered":"\n<p class=\"wp-block-paragraph\"><\/p>\n\n\n\n<div class=\"wp-block-columns is-layout-flex wp-container-core-columns-is-layout-8f761849 wp-block-columns-is-layout-flex\">\n<div class=\"wp-block-column is-layout-flow wp-block-column-is-layout-flow\">\n<div class=\"wp-block-create-block-sevgutenberg\"><aside class=\"encart-sev small\"><a href=\"https:\/\/camping-savoie-levaugrais.com\/de\/erfahrung-neugierige-familie\/eine-auszeit-in-der-natur-im-herzen-des-mont-du-chat-massivs\/\" class=\"d-flex flex-column align-items-center\"><div class=\"encart-title\"><span>Eine Auszeit in der Natur am Zahn der Katze<\/span><\/div><img decoding=\"async\" src=\"https:\/\/camping-savoie-levaugrais.com\/wp-content\/uploads\/2023\/10\/passerelle-des-aigles-2-site-internet.jpg\" alt=\"\"\/><div class=\"hover\"><i class=\"fa fa-plus\"><\/i><\/div><\/a><\/aside><\/div>\n<\/div>\n\n\n\n<div class=\"wp-block-column is-layout-flow wp-block-column-is-layout-flow\">\n<div class=\"wp-block-create-block-sevgutenberg\"><aside class=\"encart-sev small\"><a href=\"https:\/\/camping-savoie-levaugrais.com\/de\/erfahrung-neugierige-familie\/willkommen-auf-dem-bauernhof\/\" class=\"d-flex flex-column align-items-center\"><div class=\"encart-title\"><span>Willkommen auf dem Bauernhof<\/span><\/div><img decoding=\"async\" src=\"https:\/\/camping-savoie-levaugrais.com\/wp-content\/uploads\/2021\/09\/animationbrebisjpg.jpg\" alt=\"Willkommen auf dem Bauernhof  \"\/><div class=\"hover\"><i class=\"fa fa-plus\"><\/i><\/div><\/a><\/aside><\/div>\n\n\n\n<p class=\"wp-block-paragraph\"><\/p>\n<\/div>\n\n\n\n<div class=\"wp-block-column is-layout-flow wp-block-column-is-layout-flow\">\n<div class=\"wp-block-create-block-sevgutenberg\"><aside class=\"encart-sev small\"><a href=\"https:\/\/camping-savoie-levaugrais.com\/de\/erfahrung-neugierige-familie\/geocaching\/\" class=\"d-flex flex-column align-items-center\"><div class=\"encart-title\"><span>Geocaching  <\/span><\/div><img decoding=\"async\" src=\"https:\/\/camping-savoie-levaugrais.com\/wp-content\/uploads\/2021\/07\/geocache-gaspard-1.jpg\" alt=\"Geocacher\"\/><div class=\"hover\"><i class=\"fa fa-plus\"><\/i><\/div><\/a><\/aside><\/div>\n<\/div>\n<\/div>\n\n\n\n<div class=\"wp-block-columns is-layout-flex wp-container-core-columns-is-layout-8f761849 wp-block-columns-is-layout-flex\">\n<div class=\"wp-block-column is-layout-flow wp-block-column-is-layout-flow\" style=\"flex-basis:60%\">\n<div class=\"wp-block-create-block-sevgutenberg\"><aside class=\"encart-sev small\"><a href=\"https:\/\/camping-savoie-levaugrais.com\/de\/erfahrung-neugierige-familie\/wechseln-sie-die-luft-auf-dem-gipfel-eines-tannenmeeres\/\" class=\"d-flex flex-column align-items-center\"><div class=\"encart-title\"><span>Luftver\u00e4nderung in den Tannenw\u00e4ldern<\/span><\/div><img decoding=\"async\" src=\"https:\/\/camping-savoie-levaugrais.com\/wp-content\/uploads\/2021\/09\/IMG-20210903-WA0002.jpg\" alt=\"Reiten savoie\"\/><div class=\"hover\"><i class=\"fa fa-plus\"><\/i><\/div><\/a><\/aside><\/div>\n<\/div>\n\n\n\n<div class=\"wp-block-column is-layout-flow wp-block-column-is-layout-flow\" style=\"flex-basis:40%\">\n<div class=\"wp-block-create-block-sevgutenberg\"><aside class=\"encart-sev small\"><a href=\"https:\/\/camping-savoie-levaugrais.com\/de\/erfahrung-neugierige-familie\/die-kleinen-entdecker\/\" class=\"d-flex flex-column align-items-center\"><div class=\"encart-title\"><span>Die kleinen Entdecker<\/span><\/div><img decoding=\"async\" src=\"https:\/\/camping-savoie-levaugrais.com\/wp-content\/uploads\/2021\/08\/canoe.jpg\" alt=\"Kanu\"\/><div class=\"hover\"><i class=\"fa fa-plus\"><\/i><\/div><\/a><\/aside><\/div>\n<\/div>\n<\/div>\n","protected":false},"excerpt":{"rendered":"","protected":false},"author":1,"featured_media":0,"parent":0,"menu_order":0,"comment_status":"closed","ping_status":"closed","template":"","meta":{"_seopress_robots_primary_cat":"","_seopress_titles_title":"Erfahrung neugierige Familie - Ideen f\u00fcr Ausfl\u00fcge rund um den Campingplatz","_seopress_titles_desc":"Hier finden Sie alle Ausflugsideen f\u00fcr Ihren Urlaub auf unserem 3-Sterne-Campingplatz vor den Toren der Savoyen.","_seopress_robots_index":"","_crdt_document":"","footnotes":""},"class_list":["post-13185","page","type-page","status-publish","hentry"],"_links":{"self":[{"href":"https:\/\/camping-savoie-levaugrais.com\/de\/wp-json\/wp\/v2\/pages\/13185","targetHints":{"allow":["GET"]}}],"collection":[{"href":"https:\/\/camping-savoie-levaugrais.com\/de\/wp-json\/wp\/v2\/pages"}],"about":[{"href":"https:\/\/camping-savoie-levaugrais.com\/de\/wp-json\/wp\/v2\/types\/page"}],"author":[{"embeddable":true,"href":"https:\/\/camping-savoie-levaugrais.com\/de\/wp-json\/wp\/v2\/users\/1"}],"replies":[{"embeddable":true,"href":"https:\/\/camping-savoie-levaugrais.com\/de\/wp-json\/wp\/v2\/comments?post=13185"}],"version-history":[{"count":2,"href":"https:\/\/camping-savoie-levaugrais.com\/de\/wp-json\/wp\/v2\/pages\/13185\/revisions"}],"predecessor-version":[{"id":13593,"href":"https:\/\/camping-savoie-levaugrais.com\/de\/wp-json\/wp\/v2\/pages\/13185\/revisions\/13593"}],"wp:attachment":[{"href":"https:\/\/camping-savoie-levaugrais.com\/de\/wp-json\/wp\/v2\/media?parent=13185"}],"curies":[{"name":"wp","href":"https:\/\/api.w.org\/{rel}","templated":true}]}}