{"id":13202,"date":"2024-10-10T11:50:43","date_gmt":"2024-10-10T09:50:43","guid":{"rendered":"https:\/\/camping-savoie-levaugrais.com\/sportliche-erfahrung\/"},"modified":"2024-10-10T12:41:07","modified_gmt":"2024-10-10T10:41:07","slug":"sportliche-erfahrung","status":"publish","type":"page","link":"https:\/\/camping-savoie-levaugrais.com\/de\/sportliche-erfahrung\/","title":{"rendered":"Sportliche Erfahrung"},"content":{"rendered":"\n<h2 class=\"wp-block-heading\">F\u00fcr diejenigen, die sich nach Abenteuer, Adrenalin und Nervenkitzel sehnen.<\/h2>\n\n\n\n<div class=\"wp-block-columns is-layout-flex wp-container-core-columns-is-layout-8f761849 wp-block-columns-is-layout-flex\">\n<div class=\"wp-block-column is-vertically-aligned-top is-layout-flow wp-block-column-is-layout-flow\">\n<div class=\"wp-block-create-block-sevgutenberg\"><aside class=\"encart-sev small\"><a href=\"https:\/\/camping-savoie-levaugrais.com\/de\/sportliche-erfahrung\/wanderung-entlang-des-wassers\/\" class=\"d-flex flex-column align-items-center\"><div class=\"encart-title\"><span>Wanderung entlang des Wassers<\/span><\/div><img decoding=\"async\" src=\"https:\/\/camping-savoie-levaugrais.com\/wp-content\/uploads\/2021\/07\/canyoning6.jpg\" alt=\"Canyoning in der Ain 19\"\/><div class=\"hover\"><i class=\"fa fa-plus\"><\/i><\/div><\/a><\/aside><\/div>\n<\/div>\n\n\n\n<div class=\"wp-block-column is-vertically-aligned-top is-layout-flow wp-block-column-is-layout-flow\">\n<div class=\"wp-block-create-block-sevgutenberg\"><aside class=\"encart-sev small\"><a href=\"https:\/\/camping-savoie-levaugrais.com\/de\/sportliche-erfahrung\/mit-dem-mountainbike-auf-dem-plateau-du-retord\/\" class=\"d-flex flex-column align-items-center\"><div class=\"encart-title\"><span>Mountainbiking auf dem Plateau du Retord<\/span><\/div><img decoding=\"async\" src=\"https:\/\/camping-savoie-levaugrais.com\/wp-content\/uploads\/2021\/07\/velomontagne.jpg\" alt=\"Mountainbike 2\"\/><div class=\"hover\"><i class=\"fa fa-plus\"><\/i><\/div><\/a><\/aside><\/div>\n<\/div>\n\n\n\n<div class=\"wp-block-column is-layout-flow wp-block-column-is-layout-flow\">\n<div class=\"wp-block-create-block-sevgutenberg\"><aside class=\"encart-sev small\"><a href=\"https:\/\/camping-savoie-levaugrais.com\/de\/sportliche-erfahrung\/der-see-aus-der-luft\/\" class=\"d-flex flex-column align-items-center\"><div class=\"encart-title\"><span>Der See aus der Luft<\/span><\/div><img decoding=\"async\" src=\"https:\/\/camping-savoie-levaugrais.com\/wp-content\/uploads\/2021\/09\/GCAT_070594_HD.jpg\" alt=\"Flug \u00fcber den See von Le Bourget\"\/><div class=\"hover\"><i class=\"fa fa-plus\"><\/i><\/div><\/a><\/aside><\/div>\n<\/div>\n<\/div>\n\n\n\n<div class=\"wp-block-columns is-layout-flex wp-container-core-columns-is-layout-8f761849 wp-block-columns-is-layout-flex\">\n<div class=\"wp-block-column is-vertically-aligned-top is-layout-flow wp-block-column-is-layout-flow\" style=\"flex-basis:40%\">\n<div class=\"wp-block-create-block-sevgutenberg\"><aside class=\"encart-sev small\"><a href=\"https:\/\/camping-savoie-levaugrais.com\/de\/sportliche-erfahrung\/sommerrodeln-auf-der-sambuy-station\/\" class=\"d-flex flex-column align-items-center\"><div class=\"encart-title\"><span>Es lebe das Rodeln im Sommer<\/span><\/div><img decoding=\"async\" src=\"https:\/\/camping-savoie-levaugrais.com\/wp-content\/uploads\/2021\/08\/la-Sambuy-3.jpg\" alt=\"Sommerrodelbahn Sambuy\"\/><div class=\"hover\"><i class=\"fa fa-plus\"><\/i><\/div><\/a><\/aside><\/div>\n<\/div>\n\n\n\n<div class=\"wp-block-column is-vertically-aligned-top is-layout-flow wp-block-column-is-layout-flow\" style=\"flex-basis:60%\">\n<div class=\"wp-block-create-block-sevgutenberg\"><aside class=\"encart-sev small\"><a href=\"https:\/\/camping-savoie-levaugrais.com\/de\/sportliche-erfahrung\/aufstieg-zum-grand-colombier-ueber-virieu-le-petit\/\" class=\"d-flex flex-column align-items-center\"><div class=\"encart-title\"><span>Radfahren auf den Grand Colombier \u00fcber Virieu le Petit<\/span><\/div><img decoding=\"async\" src=\"https:\/\/camping-savoie-levaugrais.com\/wp-content\/uploads\/2021\/07\/velomontagne10.jpg\" alt=\"Col du Colombier\"\/><div class=\"hover\"><i class=\"fa fa-plus\"><\/i><\/div><\/a><\/aside><\/div>\n<\/div>\n<\/div>\n","protected":false},"excerpt":{"rendered":"<p>F\u00fcr diejenigen, die sich nach Abenteuer, Adrenalin und Nervenkitzel sehnen.<\/p>\n","protected":false},"author":1,"featured_media":0,"parent":0,"menu_order":0,"comment_status":"closed","ping_status":"closed","template":"","meta":{"_seopress_robots_primary_cat":"","_seopress_titles_title":"Sportveranstaltungen in der N\u00e4he des Campingplatzes","_seopress_titles_desc":"Auf dem Campingplatz Le Vaugrais gibt es Aktivit\u00e4ten f\u00fcr jeden Geschmack. Wenn Sie den Nervenkitzel lieben, werden Sie hier f\u00fcndig.","_seopress_robots_index":"","_crdt_document":"","footnotes":""},"class_list":["post-13202","page","type-page","status-publish","hentry"],"_links":{"self":[{"href":"https:\/\/camping-savoie-levaugrais.com\/de\/wp-json\/wp\/v2\/pages\/13202","targetHints":{"allow":["GET"]}}],"collection":[{"href":"https:\/\/camping-savoie-levaugrais.com\/de\/wp-json\/wp\/v2\/pages"}],"about":[{"href":"https:\/\/camping-savoie-levaugrais.com\/de\/wp-json\/wp\/v2\/types\/page"}],"author":[{"embeddable":true,"href":"https:\/\/camping-savoie-levaugrais.com\/de\/wp-json\/wp\/v2\/users\/1"}],"replies":[{"embeddable":true,"href":"https:\/\/camping-savoie-levaugrais.com\/de\/wp-json\/wp\/v2\/comments?post=13202"}],"version-history":[{"count":2,"href":"https:\/\/camping-savoie-levaugrais.com\/de\/wp-json\/wp\/v2\/pages\/13202\/revisions"}],"predecessor-version":[{"id":13596,"href":"https:\/\/camping-savoie-levaugrais.com\/de\/wp-json\/wp\/v2\/pages\/13202\/revisions\/13596"}],"wp:attachment":[{"href":"https:\/\/camping-savoie-levaugrais.com\/de\/wp-json\/wp\/v2\/media?parent=13202"}],"curies":[{"name":"wp","href":"https:\/\/api.w.org\/{rel}","templated":true}]}}