{"id":13210,"date":"2024-10-10T11:50:45","date_gmt":"2024-10-10T09:50:45","guid":{"rendered":"https:\/\/camping-savoie-levaugrais.com\/erfahrung-neugierige-familie\/partizipativer-tourismus\/"},"modified":"2024-10-10T11:50:47","modified_gmt":"2024-10-10T09:50:47","slug":"partizipativer-tourismus","status":"publish","type":"page","link":"https:\/\/camping-savoie-levaugrais.com\/de\/erfahrung-neugierige-familie\/partizipativer-tourismus\/","title":{"rendered":"Partizipativer Tourismus"},"content":{"rendered":"\n<h2 class=\"wp-block-heading\">Partizipativer Tourismus mit unserem Campingplatz in Savoyen<\/h2>\n\n<p class=\"wp-block-paragraph\">Auf unserem <a href=\"https:\/\/camping-savoie-levaugrais.com\/de\/\">Campingplatz in der N\u00e4he von Savoyen<\/a> treffen Sie auf den Eigent\u00fcmer, den Ort und die Einheimischen.<\/p>\n\n<p class=\"has-text-color has-medium-font-size wp-block-paragraph\" style=\"color:#17bfc2\"><strong>#Auf der Suche nach Authentizit\u00e4t<\/strong><\/p>\n\n<ul class=\"wp-block-list\"><li>unser Territorium erleben und verstehen: seine Geschichte, seine Landschaften, sein Erbe, seine geheimen Winkel, seine Bewohner &#8230;<\/li><li>eine authentische Begegnung mit <strong>lokalen Produzenten<\/strong> erleben und sich mit ihnen \u00fcber ihr Know-how austauschen<\/li><\/ul>\n\n<h2 class=\"wp-block-heading\">Wanderung zur Entdeckung des Massivs von Fierloz<\/h2>\n\n<p class=\"wp-block-paragraph\">Le <strong><a href=\"https:\/\/camping-savoie-levaugrais.com\/le-massif-du-fierloz\/\" data-type=\"page\" data-id=\"1057\">Massif du Fierloz<\/a><\/strong> (ein Karstplateau von 75 Hektar) liegt in der Gemeinde ARTEMARE. Dieses Kalksteinplateau mit Lapiaz (5 Standorte in Frankreich), das vor 140 Millionen Jahren im Jurameer entstand und heute 300 Meter hoch ist, bietet einen herrlichen Ausblick auf die Landschaften des Bas-Bugey. Dieser Ort wurde als Espace Naturel Sensible klassifiziert. Er wurde als ein zu erhaltender und zu sch\u00fctzender Lebensraum anerkannt.   <\/p>\n\n<p class=\"wp-block-paragraph\">GEOLOGIE: Die Lapiazs an diesem Standort (5 in Frankreich) sind zahlreich. Sie wurden durch Klimawandel, Erosion und menschliche Aktivit\u00e4ten geformt. Der Kalkstein l\u00f6ste sich je nach seiner Reinheit auf und bildete Aufl\u00f6sungsspalten (Grikes). Diese trennen die Schiefertafeln (Clints), deren Form und Oberfl\u00e4che vom Grad der Rissbildung abh\u00e4ngen.   <\/p>\n\n<p class=\"wp-block-paragraph\">FLORA: Im Fr\u00fchjahr k\u00f6nnen Sie bei Spazierg\u00e4ngen in diesem Gebiet auf dem Trockenrasen zahlreiche Orchideenarten beobachten. Buchsb\u00e4ume und Seekiefern haben das Massiv bev\u00f6lkert. <\/p>\n\n<p class=\"wp-block-paragraph\">FAUNA: Eine reiche Fauna: zahlreiche Vogelarten, darunter der Schlangenadler, 8 Fledermausarten, Insekten, Reptilien und Amphibien nisten in diesem Gebiet.<\/p>\n\n<p class=\"wp-block-paragraph\">Diese zweist\u00fcndige Wanderung (ab dem Campingplatz) ist f\u00fcr alle zug\u00e4nglich und wird an der Rezeption f\u00fcr alle unsere G\u00e4ste angeboten und in Franz\u00f6sisch, Englisch und Niederl\u00e4ndisch \u00fcbersetzt. Wir stellen Ihnen an der Rezeption eine vollst\u00e4ndige und detaillierte Studie \u00fcber die reiche Fauna und Flora des Ortes zur Verf\u00fcgung. <\/p>\n\n<p class=\"wp-block-paragraph\">Pierre bietet Ihnen diesen Rundgang im Juli und August an. Er wird Ihnen all seine Pflanzenkenntnisse offenbaren und Sie auf diesem sch\u00f6nen Familienspaziergang begleiten.<\/p>\n\n<h2 class=\"wp-block-heading\">Entdeckung des Dorfes ARTEMARE<\/h2>\n\n<p class=\"wp-block-paragraph\">Der Pfad des Kulturerbes wurde von Sch\u00fclern der 6. Klasse des Coll\u00e8ge d&#8217;ARTEMARE angelegt.<\/p>\n\n<p class=\"wp-block-paragraph\">9 Interpretationsschilder wurden erstellt, um das Kulturerbe, die Einwohner und die 4 Fl\u00fcsse, die das Dorf versorgen, hervorzuheben: Yon, S\u00e9ran, Groin und Arvi\u00e8re.<\/p>\n\n<div class=\"wp-block-image\"><figure class=\"alignright size-large\"><img loading=\"lazy\" decoding=\"async\" width=\"259\" height=\"194\" src=\"https:\/\/camping-savoie-levaugrais.com\/wp-content\/uploads\/2021\/07\/chateau-cerveyrieu.jpg\" alt=\"Schloss am Fu&#xDF;e des Wasserfalls von Cerveyrieu\" class=\"wp-image-568\"\/><\/figure><\/div>\n\n<p class=\"wp-block-paragraph\">Das architektonische Erbe sollte hervorgehoben werden:<\/p>\n\n<ul class=\"wp-block-list\"><li>die Kirche, die zwischen 1844 und 1847 erbaut wurde<\/li><li>seine 4 Fl\u00fcsse<\/li><li>das Schloss mit seinem Garten am Fu\u00dfe des <a href=\"https:\/\/camping-savoie-levaugrais.com\/les-cascades\/\" data-type=\"page\" data-id=\"1066\">Wasserfalls von Cerveyrieu<\/a><\/li><li>das Massiv von Fierloz<\/li><li>der legend\u00e4re Stein der Gerechtigkeit<\/li><li>Clos Lambert: ein ehemaliges befestigtes Haus<\/li><\/ul>\n\n<p class=\"wp-block-paragraph\">Im Juli und August wird Sie Pierre begleiten, um die verschiedenen Sehensw\u00fcrdigkeiten zu entdecken und Ihnen eine Dokumentation auszuleihen, um die verschiedenen Schilder leichter zu finden.<\/p>\n\t\t\t<div id=\"sevgallery-363898174\" class=\"sev-diaporama sev-diaporama-portfolio\">\n\t\t\t<div class=\"row\">\n\n\t\t\t\n\t\t\t\t\n\t\t\t\t<div class=\"sev-diaporama-portfolio-item col-12 col-lg  col-grow\">\n\t\t\t\t\t<!--<a href=\"https:\/\/camping-savoie-levaugrais.com\/wp-content\/uploads\/2021\/07\/cascade-cerveyrieu.jpg\" data-lightbox=\"sevgallery-363898174\" style=\"background-image: url(https:\/\/camping-savoie-levaugrais.com\/wp-content\/uploads\/2021\/07\/cascade-cerveyrieu.jpg)\">-->\n\t\t\t\t\t<a href=\"https:\/\/camping-savoie-levaugrais.com\/wp-content\/uploads\/2021\/07\/cascade-cerveyrieu.jpg\" data-lightbox=\"sevgallery-363898174\">\n\t\t\t\t\t\t<img decoding=\"async\" src=\"https:\/\/camping-savoie-levaugrais.com\/wp-content\/uploads\/2021\/07\/cascade-cerveyrieu.jpg\" alt=\"cascade de cerveyrieu\" loading=\"lazy\">\n\t\t\t\t\t<\/a>\n\t\t\t\t<\/div>\n\n\t\t\t\t\n\t\t\t\t\t\t\t\t\t\t\t\n\t\t\t\t\n\t\t\t\t<div class=\"sev-diaporama-portfolio-item col-12 col-lg  col-shrink\">\n\t\t\t\t\t<!--<a href=\"https:\/\/camping-savoie-levaugrais.com\/wp-content\/uploads\/2021\/07\/fierloz15181.jpg\" data-lightbox=\"sevgallery-363898174\" style=\"background-image: url(https:\/\/camping-savoie-levaugrais.com\/wp-content\/uploads\/2021\/07\/fierloz15181.jpg)\">-->\n\t\t\t\t\t<a href=\"https:\/\/camping-savoie-levaugrais.com\/wp-content\/uploads\/2021\/07\/fierloz15181.jpg\" data-lightbox=\"sevgallery-363898174\">\n\t\t\t\t\t\t<img decoding=\"async\" src=\"https:\/\/camping-savoie-levaugrais.com\/wp-content\/uploads\/2021\/07\/fierloz15181.jpg\" alt=\"la flore vari\u00e9e du massif du Fierloz\" loading=\"lazy\">\n\t\t\t\t\t<\/a>\n\t\t\t\t<\/div>\n\n\t\t\t\t\n\t\t\t\t\t\t\t\t\t\t\t\n\t\t\t\t\n\t\t\t\t<div class=\"sev-diaporama-portfolio-item col-12 col-lg \">\n\t\t\t\t\t<!--<a href=\"https:\/\/camping-savoie-levaugrais.com\/wp-content\/uploads\/2021\/07\/fierloz1638.jpg\" data-lightbox=\"sevgallery-363898174\" style=\"background-image: url(https:\/\/camping-savoie-levaugrais.com\/wp-content\/uploads\/2021\/07\/fierloz1638.jpg)\">-->\n\t\t\t\t\t<a href=\"https:\/\/camping-savoie-levaugrais.com\/wp-content\/uploads\/2021\/07\/fierloz1638.jpg\" data-lightbox=\"sevgallery-363898174\">\n\t\t\t\t\t\t<img decoding=\"async\" src=\"https:\/\/camping-savoie-levaugrais.com\/wp-content\/uploads\/2021\/07\/fierloz1638.jpg\" alt=\"massif du Fierloz 2\" loading=\"lazy\">\n\t\t\t\t\t<\/a>\n\t\t\t\t<\/div>\n\n\t\t\t\t\n\t\t\t\t\t\t\t\t\t\t\t\n\t\t\t\t\n\t\t\t\t<div class=\"sev-diaporama-portfolio-item col-12 col-lg  col-shrink\">\n\t\t\t\t\t<!--<a href=\"https:\/\/camping-savoie-levaugrais.com\/wp-content\/uploads\/2021\/07\/fierloz1631.jpg\" data-lightbox=\"sevgallery-363898174\" style=\"background-image: url(https:\/\/camping-savoie-levaugrais.com\/wp-content\/uploads\/2021\/07\/fierloz1631.jpg)\">-->\n\t\t\t\t\t<a href=\"https:\/\/camping-savoie-levaugrais.com\/wp-content\/uploads\/2021\/07\/fierloz1631.jpg\" data-lightbox=\"sevgallery-363898174\">\n\t\t\t\t\t\t<img decoding=\"async\" src=\"https:\/\/camping-savoie-levaugrais.com\/wp-content\/uploads\/2021\/07\/fierloz1631.jpg\" alt=\"statue massif du Fierloz\" loading=\"lazy\">\n\t\t\t\t\t<\/a>\n\t\t\t\t<\/div>\n\n\t\t\t\t\t\t\t\t\t<div class=\"w-100\"><\/div>\n\t\t\t\t\t\t\t\t\t\n\t\t\t\t\t\t\t\t\t\t\t\n\t\t\t\t\n\t\t\t\t<div class=\"sev-diaporama-portfolio-item col-12 col-lg  col-grow\">\n\t\t\t\t\t<!--<a href=\"https:\/\/camping-savoie-levaugrais.com\/wp-content\/uploads\/2021\/07\/fierloz1626.jpg\" data-lightbox=\"sevgallery-363898174\" style=\"background-image: url(https:\/\/camping-savoie-levaugrais.com\/wp-content\/uploads\/2021\/07\/fierloz1626.jpg)\">-->\n\t\t\t\t\t<a href=\"https:\/\/camping-savoie-levaugrais.com\/wp-content\/uploads\/2021\/07\/fierloz1626.jpg\" data-lightbox=\"sevgallery-363898174\">\n\t\t\t\t\t\t<img decoding=\"async\" src=\"https:\/\/camping-savoie-levaugrais.com\/wp-content\/uploads\/2021\/07\/fierloz1626.jpg\" alt=\"massif du Fierloz la vue\" loading=\"lazy\">\n\t\t\t\t\t<\/a>\n\t\t\t\t<\/div>\n\n\t\t\t\t\n\t\t\t\t\t\t\t\t\t\t\t\n\t\t\t\t\n\t\t\t\t<div class=\"sev-diaporama-portfolio-item col-12 col-lg  col-grow\">\n\t\t\t\t\t<!--<a href=\"https:\/\/camping-savoie-levaugrais.com\/wp-content\/uploads\/2021\/07\/fierloz1622.jpg\" data-lightbox=\"sevgallery-363898174\" style=\"background-image: url(https:\/\/camping-savoie-levaugrais.com\/wp-content\/uploads\/2021\/07\/fierloz1622.jpg)\">-->\n\t\t\t\t\t<a href=\"https:\/\/camping-savoie-levaugrais.com\/wp-content\/uploads\/2021\/07\/fierloz1622.jpg\" data-lightbox=\"sevgallery-363898174\">\n\t\t\t\t\t\t<img decoding=\"async\" src=\"https:\/\/camping-savoie-levaugrais.com\/wp-content\/uploads\/2021\/07\/fierloz1622.jpg\" alt=\"neige massif du Fierloz\" loading=\"lazy\">\n\t\t\t\t\t<\/a>\n\t\t\t\t<\/div>\n\n\t\t\t\t\n\t\t\t\t\t\t\t\t\t\t\t\n\t\t\t\t\n\t\t\t\t<div class=\"sev-diaporama-portfolio-item col-12 col-lg  col-grow\">\n\t\t\t\t\t<!--<a href=\"https:\/\/camping-savoie-levaugrais.com\/wp-content\/uploads\/2021\/07\/fierloz1616.jpg\" data-lightbox=\"sevgallery-363898174\" style=\"background-image: url(https:\/\/camping-savoie-levaugrais.com\/wp-content\/uploads\/2021\/07\/fierloz1616.jpg)\">-->\n\t\t\t\t\t<a href=\"https:\/\/camping-savoie-levaugrais.com\/wp-content\/uploads\/2021\/07\/fierloz1616.jpg\" data-lightbox=\"sevgallery-363898174\">\n\t\t\t\t\t\t<img decoding=\"async\" src=\"https:\/\/camping-savoie-levaugrais.com\/wp-content\/uploads\/2021\/07\/fierloz1616.jpg\" alt=\"balades massif du Fierloz\" loading=\"lazy\">\n\t\t\t\t\t<\/a>\n\t\t\t\t<\/div>\n\n\t\t\t\t\n\t\t\t\t\t\t\t\t\t\t\t\n\t\t\t\t\n\t\t\t\t<div class=\"sev-diaporama-portfolio-item col-12 col-lg  col-grow\">\n\t\t\t\t\t<!--<a href=\"https:\/\/camping-savoie-levaugrais.com\/wp-content\/uploads\/2021\/07\/fierloz1595.jpg\" data-lightbox=\"sevgallery-363898174\" style=\"background-image: url(https:\/\/camping-savoie-levaugrais.com\/wp-content\/uploads\/2021\/07\/fierloz1595.jpg)\">-->\n\t\t\t\t\t<a href=\"https:\/\/camping-savoie-levaugrais.com\/wp-content\/uploads\/2021\/07\/fierloz1595.jpg\" data-lightbox=\"sevgallery-363898174\">\n\t\t\t\t\t\t<img decoding=\"async\" src=\"https:\/\/camping-savoie-levaugrais.com\/wp-content\/uploads\/2021\/07\/fierloz1595.jpg\" alt=\"massif du Fierloz\" loading=\"lazy\">\n\t\t\t\t\t<\/a>\n\t\t\t\t<\/div>\n\n\t\t\t\t\t\t\t\t\t<div class=\"w-100\"><\/div>\n\t\t\t\t\t\t\t\t\t\n\t\t\t\t\t\t\t\t\t\t\t\n\t\t\t\t\n\t\t\t\t<div class=\"sev-diaporama-portfolio-item col-12 col-lg  col-grow\">\n\t\t\t\t\t<!--<a href=\"https:\/\/camping-savoie-levaugrais.com\/wp-content\/uploads\/2021\/07\/fierloz1586.jpg\" data-lightbox=\"sevgallery-363898174\" style=\"background-image: url(https:\/\/camping-savoie-levaugrais.com\/wp-content\/uploads\/2021\/07\/fierloz1586.jpg)\">-->\n\t\t\t\t\t<a href=\"https:\/\/camping-savoie-levaugrais.com\/wp-content\/uploads\/2021\/07\/fierloz1586.jpg\" data-lightbox=\"sevgallery-363898174\">\n\t\t\t\t\t\t<img decoding=\"async\" src=\"https:\/\/camping-savoie-levaugrais.com\/wp-content\/uploads\/2021\/07\/fierloz1586.jpg\" alt=\"la flore du massif du Fierloz\" loading=\"lazy\">\n\t\t\t\t\t<\/a>\n\t\t\t\t<\/div>\n\n\t\t\t\t\n\t\t\t\t\t\t\t\t\t\t\t\n\t\t\t\t\n\t\t\t\t<div class=\"sev-diaporama-portfolio-item col-12 col-lg \">\n\t\t\t\t\t<!--<a href=\"https:\/\/camping-savoie-levaugrais.com\/wp-content\/uploads\/2021\/07\/fierloz1561.jpg\" data-lightbox=\"sevgallery-363898174\" style=\"background-image: url(https:\/\/camping-savoie-levaugrais.com\/wp-content\/uploads\/2021\/07\/fierloz1561.jpg)\">-->\n\t\t\t\t\t<a href=\"https:\/\/camping-savoie-levaugrais.com\/wp-content\/uploads\/2021\/07\/fierloz1561.jpg\" data-lightbox=\"sevgallery-363898174\">\n\t\t\t\t\t\t<img decoding=\"async\" src=\"https:\/\/camping-savoie-levaugrais.com\/wp-content\/uploads\/2021\/07\/fierloz1561.jpg\" alt=\"d\u00e9couverte massif du Fierloz\" loading=\"lazy\">\n\t\t\t\t\t<\/a>\n\t\t\t\t<\/div>\n\n\t\t\t\t\n\t\t\t\t\t\t\t\t\t\t\t\n\t\t\t\t\n\t\t\t\t<div class=\"sev-diaporama-portfolio-item col-12 col-lg  col-shrink\">\n\t\t\t\t\t<!--<a href=\"https:\/\/camping-savoie-levaugrais.com\/wp-content\/uploads\/2021\/07\/fierloz1533.jpg\" data-lightbox=\"sevgallery-363898174\" style=\"background-image: url(https:\/\/camping-savoie-levaugrais.com\/wp-content\/uploads\/2021\/07\/fierloz1533.jpg)\">-->\n\t\t\t\t\t<a href=\"https:\/\/camping-savoie-levaugrais.com\/wp-content\/uploads\/2021\/07\/fierloz1533.jpg\" data-lightbox=\"sevgallery-363898174\">\n\t\t\t\t\t\t<img decoding=\"async\" src=\"https:\/\/camping-savoie-levaugrais.com\/wp-content\/uploads\/2021\/07\/fierloz1533.jpg\" alt=\"vue massif du Fierloz\" loading=\"lazy\">\n\t\t\t\t\t<\/a>\n\t\t\t\t<\/div>\n\n\t\t\t\t\n\t\t\t\t\t\t\t\t\t\t\t\n\t\t\t\t\n\t\t\t\t<div class=\"sev-diaporama-portfolio-item col-12 col-lg  col-grow\">\n\t\t\t\t\t<!--<a href=\"https:\/\/camping-savoie-levaugrais.com\/wp-content\/uploads\/2021\/07\/fierloz1527.jpg\" data-lightbox=\"sevgallery-363898174\" style=\"background-image: url(https:\/\/camping-savoie-levaugrais.com\/wp-content\/uploads\/2021\/07\/fierloz1527.jpg)\">-->\n\t\t\t\t\t<a href=\"https:\/\/camping-savoie-levaugrais.com\/wp-content\/uploads\/2021\/07\/fierloz1527.jpg\" data-lightbox=\"sevgallery-363898174\">\n\t\t\t\t\t\t<img decoding=\"async\" src=\"https:\/\/camping-savoie-levaugrais.com\/wp-content\/uploads\/2021\/07\/fierloz1527.jpg\" alt=\"randonn\u00e9e massif du Fierloz\" loading=\"lazy\">\n\t\t\t\t\t<\/a>\n\t\t\t\t<\/div>\n\n\t\t\t\t\t\t\t\t\t<div class=\"w-100\"><\/div>\n\t\t\t\t\t\t\t\t\t\n\t\t\t\t\t\t\t\t\t\t\t\n\t\t\t\t\n\t\t\t\t<div class=\"sev-diaporama-portfolio-item col-12 col-lg  col-grow\">\n\t\t\t\t\t<!--<a href=\"https:\/\/camping-savoie-levaugrais.com\/wp-content\/uploads\/2021\/07\/fierloz1516.jpg\" data-lightbox=\"sevgallery-363898174\" style=\"background-image: url(https:\/\/camping-savoie-levaugrais.com\/wp-content\/uploads\/2021\/07\/fierloz1516.jpg)\">-->\n\t\t\t\t\t<a href=\"https:\/\/camping-savoie-levaugrais.com\/wp-content\/uploads\/2021\/07\/fierloz1516.jpg\" data-lightbox=\"sevgallery-363898174\">\n\t\t\t\t\t\t<img decoding=\"async\" src=\"https:\/\/camping-savoie-levaugrais.com\/wp-content\/uploads\/2021\/07\/fierloz1516.jpg\" alt=\"massif du Fierloz fleurs\" loading=\"lazy\">\n\t\t\t\t\t<\/a>\n\t\t\t\t<\/div>\n\n\t\t\t\t\n\t\t\t\t\t\t\t\t\t\t\t\n\t\t\t\t\n\t\t\t\t<div class=\"sev-diaporama-portfolio-item col-12 col-lg  col-shrink\">\n\t\t\t\t\t<!--<a href=\"https:\/\/camping-savoie-levaugrais.com\/wp-content\/uploads\/2021\/07\/fierloz1515.jpg\" data-lightbox=\"sevgallery-363898174\" style=\"background-image: url(https:\/\/camping-savoie-levaugrais.com\/wp-content\/uploads\/2021\/07\/fierloz1515.jpg)\">-->\n\t\t\t\t\t<a href=\"https:\/\/camping-savoie-levaugrais.com\/wp-content\/uploads\/2021\/07\/fierloz1515.jpg\" data-lightbox=\"sevgallery-363898174\">\n\t\t\t\t\t\t<img decoding=\"async\" src=\"https:\/\/camping-savoie-levaugrais.com\/wp-content\/uploads\/2021\/07\/fierloz1515.jpg\" alt=\"flore massif du Fierloz\" loading=\"lazy\">\n\t\t\t\t\t<\/a>\n\t\t\t\t<\/div>\n\n\t\t\t\t\n\t\t\t\t\t\t\t\t\t\t\t\n\t\t\t\t\n\t\t\t\t<div class=\"sev-diaporama-portfolio-item col-12 col-lg  col-shrink\">\n\t\t\t\t\t<!--<a href=\"https:\/\/camping-savoie-levaugrais.com\/wp-content\/uploads\/2021\/07\/fierloz1505.jpg\" data-lightbox=\"sevgallery-363898174\" style=\"background-image: url(https:\/\/camping-savoie-levaugrais.com\/wp-content\/uploads\/2021\/07\/fierloz1505.jpg)\">-->\n\t\t\t\t\t<a href=\"https:\/\/camping-savoie-levaugrais.com\/wp-content\/uploads\/2021\/07\/fierloz1505.jpg\" data-lightbox=\"sevgallery-363898174\">\n\t\t\t\t\t\t<img decoding=\"async\" src=\"https:\/\/camping-savoie-levaugrais.com\/wp-content\/uploads\/2021\/07\/fierloz1505.jpg\" alt=\"visite massif du Fierloz\" loading=\"lazy\">\n\t\t\t\t\t<\/a>\n\t\t\t\t<\/div>\n\n\t\t\t\t\n\t\t\t\t\t\t\t\t\t\t\t\n\t\t\t\t\n\t\t\t\t<div class=\"sev-diaporama-portfolio-item col-12 col-lg  col-grow\">\n\t\t\t\t\t<!--<a href=\"https:\/\/camping-savoie-levaugrais.com\/wp-content\/uploads\/2021\/07\/fierloz_1610.jpg\" data-lightbox=\"sevgallery-363898174\" style=\"background-image: url(https:\/\/camping-savoie-levaugrais.com\/wp-content\/uploads\/2021\/07\/fierloz_1610.jpg)\">-->\n\t\t\t\t\t<a href=\"https:\/\/camping-savoie-levaugrais.com\/wp-content\/uploads\/2021\/07\/fierloz_1610.jpg\" data-lightbox=\"sevgallery-363898174\">\n\t\t\t\t\t\t<img decoding=\"async\" src=\"https:\/\/camping-savoie-levaugrais.com\/wp-content\/uploads\/2021\/07\/fierloz_1610.jpg\" alt=\"massif du Fierloz\" loading=\"lazy\">\n\t\t\t\t\t<\/a>\n\t\t\t\t<\/div>\n\n\t\t\t\t\t\t\t\t\t<div class=\"w-100\"><\/div>\n\t\t\t\t\t\t\t\t\t\n\t\t\t\t\t\t\t\t\t\t\t\n\t\t\t\t\n\t\t\t\t<div class=\"sev-diaporama-portfolio-item col-12 col-lg \">\n\t\t\t\t\t<!--<a href=\"https:\/\/camping-savoie-levaugrais.com\/wp-content\/uploads\/2021\/07\/MG_5471.jpg\" data-lightbox=\"sevgallery-363898174\" style=\"background-image: url(https:\/\/camping-savoie-levaugrais.com\/wp-content\/uploads\/2021\/07\/MG_5471.jpg)\">-->\n\t\t\t\t\t<a href=\"https:\/\/camping-savoie-levaugrais.com\/wp-content\/uploads\/2021\/07\/MG_5471.jpg\" data-lightbox=\"sevgallery-363898174\">\n\t\t\t\t\t\t<img decoding=\"async\" src=\"https:\/\/camping-savoie-levaugrais.com\/wp-content\/uploads\/2021\/07\/MG_5471.jpg\" alt=\"massif du Fierloz\" loading=\"lazy\">\n\t\t\t\t\t<\/a>\n\t\t\t\t<\/div>\n\n\t\t\t\t\n\t\t\t\t\t\t\t\t\t\t\t\n\t\t\t\t\n\t\t\t\t<div class=\"sev-diaporama-portfolio-item col-12 col-lg \">\n\t\t\t\t\t<!--<a href=\"https:\/\/camping-savoie-levaugrais.com\/wp-content\/uploads\/2021\/07\/fierloz_1551.jpg\" data-lightbox=\"sevgallery-363898174\" style=\"background-image: url(https:\/\/camping-savoie-levaugrais.com\/wp-content\/uploads\/2021\/07\/fierloz_1551.jpg)\">-->\n\t\t\t\t\t<a href=\"https:\/\/camping-savoie-levaugrais.com\/wp-content\/uploads\/2021\/07\/fierloz_1551.jpg\" data-lightbox=\"sevgallery-363898174\">\n\t\t\t\t\t\t<img decoding=\"async\" src=\"https:\/\/camping-savoie-levaugrais.com\/wp-content\/uploads\/2021\/07\/fierloz_1551.jpg\" alt=\"massif du Fierloz\" loading=\"lazy\">\n\t\t\t\t\t<\/a>\n\t\t\t\t<\/div>\n\n\t\t\t\t\n\t\t\t\t\t\t\t\t\t\t\t\n\t\t\t\t\n\t\t\t\t<div class=\"sev-diaporama-portfolio-item col-12 col-lg  col-shrink\">\n\t\t\t\t\t<!--<a href=\"https:\/\/camping-savoie-levaugrais.com\/wp-content\/uploads\/2021\/07\/fierloz_1511.jpg\" data-lightbox=\"sevgallery-363898174\" style=\"background-image: url(https:\/\/camping-savoie-levaugrais.com\/wp-content\/uploads\/2021\/07\/fierloz_1511.jpg)\">-->\n\t\t\t\t\t<a href=\"https:\/\/camping-savoie-levaugrais.com\/wp-content\/uploads\/2021\/07\/fierloz_1511.jpg\" data-lightbox=\"sevgallery-363898174\">\n\t\t\t\t\t\t<img decoding=\"async\" src=\"https:\/\/camping-savoie-levaugrais.com\/wp-content\/uploads\/2021\/07\/fierloz_1511.jpg\" alt=\"botanique massif du Fierloz\" loading=\"lazy\">\n\t\t\t\t\t<\/a>\n\t\t\t\t<\/div>\n\n\t\t\t\t\n\t\t\t\t\t\t\t\t\t\t\t\n\t\t\t\t\n\t\t\t\t<div class=\"sev-diaporama-portfolio-item col-12 col-lg \">\n\t\t\t\t\t<!--<a href=\"https:\/\/camping-savoie-levaugrais.com\/wp-content\/uploads\/2021\/07\/MG_5484.jpg\" data-lightbox=\"sevgallery-363898174\" style=\"background-image: url(https:\/\/camping-savoie-levaugrais.com\/wp-content\/uploads\/2021\/07\/MG_5484.jpg)\">-->\n\t\t\t\t\t<a href=\"https:\/\/camping-savoie-levaugrais.com\/wp-content\/uploads\/2021\/07\/MG_5484.jpg\" data-lightbox=\"sevgallery-363898174\">\n\t\t\t\t\t\t<img decoding=\"async\" src=\"https:\/\/camping-savoie-levaugrais.com\/wp-content\/uploads\/2021\/07\/MG_5484.jpg\" alt=\"massif du Fierloz vierge\" loading=\"lazy\">\n\t\t\t\t\t<\/a>\n\t\t\t\t<\/div>\n\n\t\t\t\t\t\t\t\t\t<div class=\"w-100\"><\/div>\n\t\t\t\t\t\t\t\t\t\n\t\t\t\t\t\t\t\t\t\t\t\t\t\t<\/div>\n\t\t\t<\/div>\n\n\t\t\t<script>\n\t\t\tjQuery(function($) {\n\n\t\t\t\tvar marginPortfolio = function() {\n\n\t\t\t\t\tvar $diapo          = $('#sevgallery-363898174');\n\t\t\t\t\tvar container_width = $diapo.parent().outerWidth();\n\t\t\t\t\tvar side            = ( $(window).innerWidth() - container_width ) \/ 2;\n\n\t\t\t\t\t$diapo.css( {\n\t\t\t\t\t\t'margin-left': '-' + side + 'px',\n\t\t\t\t\t\t'margin-right': '-' + side + 'px',\n\t\t\t\t\t} );\n\t\t\t\t};\n\n\t\t\t\t$( window ).resize( function() {\n\t\t\t\t\tmarginPortfolio();\n\t\t\t\t} );\n\t\t\t\tmarginPortfolio();\n\t\t\t});\n\t\t\t<\/script>\n\t\t\t\n","protected":false},"excerpt":{"rendered":"<p>Partizipativer Tourismus mit unserem Campingplatz in Savoyen Auf unserem Campingplatz in der N\u00e4he von Savoyen treffen Sie auf den Eigent\u00fcmer, den Ort und die Einheimischen. #Auf der Suche nach Authentizit\u00e4t unser Territorium erleben und verstehen: seine Geschichte, seine Landschaften, sein Erbe, seine geheimen Winkel, seine Bewohner &#8230; eine authentische Begegnung mit lokalen Produzenten erleben und [&hellip;]<\/p>\n","protected":false},"author":1,"featured_media":0,"parent":13185,"menu_order":0,"comment_status":"closed","ping_status":"closed","template":"","meta":{"_seopress_robots_primary_cat":"","_seopress_titles_title":"Partizipativer Tourismus mit unserem 3* Campingplatz in der N\u00e4he von Savoyen  ","_seopress_titles_desc":"Auf unserem Campingplatz in der N\u00e4he von Savoyen k\u00f6nnen Sie den Eigent\u00fcmer, den Ort und die lokale Bev\u00f6lkerung kennen lernen.","_seopress_robots_index":"","_crdt_document":"","footnotes":""},"class_list":["post-13210","page","type-page","status-publish","hentry"],"_links":{"self":[{"href":"https:\/\/camping-savoie-levaugrais.com\/de\/wp-json\/wp\/v2\/pages\/13210","targetHints":{"allow":["GET"]}}],"collection":[{"href":"https:\/\/camping-savoie-levaugrais.com\/de\/wp-json\/wp\/v2\/pages"}],"about":[{"href":"https:\/\/camping-savoie-levaugrais.com\/de\/wp-json\/wp\/v2\/types\/page"}],"author":[{"embeddable":true,"href":"https:\/\/camping-savoie-levaugrais.com\/de\/wp-json\/wp\/v2\/users\/1"}],"replies":[{"embeddable":true,"href":"https:\/\/camping-savoie-levaugrais.com\/de\/wp-json\/wp\/v2\/comments?post=13210"}],"version-history":[{"count":1,"href":"https:\/\/camping-savoie-levaugrais.com\/de\/wp-json\/wp\/v2\/pages\/13210\/revisions"}],"predecessor-version":[{"id":13212,"href":"https:\/\/camping-savoie-levaugrais.com\/de\/wp-json\/wp\/v2\/pages\/13210\/revisions\/13212"}],"up":[{"embeddable":true,"href":"https:\/\/camping-savoie-levaugrais.com\/de\/wp-json\/wp\/v2\/pages\/13185"}],"wp:attachment":[{"href":"https:\/\/camping-savoie-levaugrais.com\/de\/wp-json\/wp\/v2\/media?parent=13210"}],"curies":[{"name":"wp","href":"https:\/\/api.w.org\/{rel}","templated":true}]}}