{"id":13213,"date":"2024-10-10T11:50:45","date_gmt":"2024-10-10T09:50:45","guid":{"rendered":"https:\/\/camping-savoie-levaugrais.com\/erfahrung-neugierige-familie\/geocaching\/"},"modified":"2025-01-04T12:00:04","modified_gmt":"2025-01-04T11:00:04","slug":"geocaching","status":"publish","type":"page","link":"https:\/\/camping-savoie-levaugrais.com\/de\/erfahrung-neugierige-familie\/geocaching\/","title":{"rendered":"Geocaching"},"content":{"rendered":"\n<h2 class=\"wp-block-heading has-text-align-center\"><strong>Geocaching&#8230;&#8230;. was ist das? <\/strong>Was ist das?<\/h2>\n\n\n\n<p class=\"has-text-align-center wp-block-paragraph\"><\/p>\n\n\n<div class=\"wp-block-image\">\n<figure class=\"aligncenter size-large is-resized\"><img loading=\"lazy\" decoding=\"async\" width=\"1024\" height=\"576\" src=\"https:\/\/camping-savoie-levaugrais.com\/wp-content\/uploads\/2025\/01\/partez-a-laventure-en-allemand-11-1024x576.jpg\" alt=\"\" class=\"wp-image-16675\" style=\"width:245px;height:auto\" srcset=\"https:\/\/camping-savoie-levaugrais.com\/wp-content\/uploads\/2025\/01\/partez-a-laventure-en-allemand-11-1024x576.jpg 1024w, https:\/\/camping-savoie-levaugrais.com\/wp-content\/uploads\/2025\/01\/partez-a-laventure-en-allemand-11-300x169.jpg 300w, https:\/\/camping-savoie-levaugrais.com\/wp-content\/uploads\/2025\/01\/partez-a-laventure-en-allemand-11-768x432.jpg 768w, https:\/\/camping-savoie-levaugrais.com\/wp-content\/uploads\/2025\/01\/partez-a-laventure-en-allemand-11-1536x864.jpg 1536w, https:\/\/camping-savoie-levaugrais.com\/wp-content\/uploads\/2025\/01\/partez-a-laventure-en-allemand-11.jpg 1920w\" sizes=\"auto, (max-width: 1024px) 100vw, 1024px\" \/><\/figure>\n<\/div>\n\n\n<p class=\"wp-block-paragraph\">Geocaching ist ein Hightech-Schatzsuchspiel, das von Spielern mit GPS oder Smartphone gespielt wird.Es besteht darin, versteckte Beh\u00e4lter, sogenannte Geocaches, zu finden, in denen sich kleine Gegenst\u00e4nde befinden, die nach der Entdeckung des Caches eingetauscht werden k\u00f6nnen.Ein kleines Notizbuch erm\u00f6glicht es dem Geocacher, seine Erfahrungen zu dokumentieren, die er dann \u00fcber das Internet mit dem Rest der Gemeinschaft teilen kann.Der Reiz dieses Spiels liegt in den einfachen Regeln, der Geselligkeit und der f\u00fcr jedermann zug\u00e4nglichen Praxis.<\/p>\n\n\n\n<p class=\"wp-block-paragraph\">Geocaching entstand in den 2000er Jahren und hat sich vor allem dank der Website<a rel=\"noreferrer noopener\" href=\"https:\/\/www.geocaching.com\/\" target=\"_blank\"> www.geocaching.com<\/a> (offizielle Website) entwickelt und umfasst eine Gemeinschaft von Millionen von Geocachern auf der ganzen Welt.<\/p>\n\n\n\n<h2 class=\"wp-block-heading\"><strong>Wie<\/strong>spielt man?<\/h2>\n\n\n\n<p class=\"wp-block-paragraph\"><img loading=\"lazy\" decoding=\"async\" width=\"50\" height=\"58\" class=\"wp-image-594\" style=\"width: 50px;\" src=\"https:\/\/camping-savoie-levaugrais.com\/wp-content\/uploads\/2021\/07\/geocache-gaspard-1.jpg\" alt=\"Geocacher\" srcset=\"https:\/\/camping-savoie-levaugrais.com\/wp-content\/uploads\/2021\/07\/geocache-gaspard-1.jpg 620w, https:\/\/camping-savoie-levaugrais.com\/wp-content\/uploads\/2021\/07\/geocache-gaspard-1-259x300.jpg 259w\" sizes=\"auto, (max-width: 50px) 100vw, 50px\" \/> An der Rezeption des Campingplatzes erhalten Sie <a href=\"https:\/\/www.geocaching.com\/seek\/nearest.aspx?lat=45.87339&amp;lng=5.69386\" target=\"_blank\" rel=\"noreferrer noopener\">die Liste und die Koordinaten der<\/a> <a href=\"https:\/\/www.geocaching.com\/seek\/nearest.aspx?lat=45.87339&amp;lng=5.69386\" target=\"_blank\" rel=\"noreferrer noopener\">Geocaches, die weniger als 20 km vom Campingplatz entfernt sind<\/a>.<\/p>\n\n\n\n<p class=\"wp-block-paragraph\"> <img loading=\"lazy\" decoding=\"async\" width=\"50\" height=\"58\" class=\"wp-image-594\" style=\"width: 50px;\" src=\"https:\/\/camping-savoie-levaugrais.com\/wp-content\/uploads\/2021\/07\/geocache-gaspard-1.jpg\" alt=\"Geocacher\" srcset=\"https:\/\/camping-savoie-levaugrais.com\/wp-content\/uploads\/2021\/07\/geocache-gaspard-1.jpg 620w, https:\/\/camping-savoie-levaugrais.com\/wp-content\/uploads\/2021\/07\/geocache-gaspard-1-259x300.jpg 259w\" sizes=\"auto, (max-width: 50px) 100vw, 50px\" \/>  Starten Sie Ihr Abenteuer mit einem GPS-Ger\u00e4t oder Ihrem Smartphone mit einer GPS-App.<\/p>\n\n\n\n<p class=\"wp-block-paragraph\"><img loading=\"lazy\" decoding=\"async\" width=\"50\" height=\"58\" class=\"wp-image-594\" style=\"width: 50px;\" src=\"https:\/\/camping-savoie-levaugrais.com\/wp-content\/uploads\/2021\/07\/geocache-gaspard-1.jpg\" alt=\"Geocacher\" srcset=\"https:\/\/camping-savoie-levaugrais.com\/wp-content\/uploads\/2021\/07\/geocache-gaspard-1.jpg 620w, https:\/\/camping-savoie-levaugrais.com\/wp-content\/uploads\/2021\/07\/geocache-gaspard-1-259x300.jpg 259w\" sizes=\"auto, (max-width: 50px) 100vw, 50px\" \/>  Bleiben Sie bei der Entdeckung der Sch\u00e4tze diskret. Schreiben Sie eine kurze Notiz in das Notizbuch und nehmen Sie einen kleinen Gegenstand aus der Box, ohne zu vergessen, einen weiteren Gegenstand einzuwerfen. <\/p>\n\n\n\n<p class=\"wp-block-paragraph\"><img loading=\"lazy\" decoding=\"async\" width=\"50\" height=\"58\" class=\"wp-image-594\" style=\"width: 50px;\" src=\"https:\/\/camping-savoie-levaugrais.com\/wp-content\/uploads\/2021\/07\/geocache-gaspard-1.jpg\" alt=\"Geocacher\" srcset=\"https:\/\/camping-savoie-levaugrais.com\/wp-content\/uploads\/2021\/07\/geocache-gaspard-1.jpg 620w, https:\/\/camping-savoie-levaugrais.com\/wp-content\/uploads\/2021\/07\/geocache-gaspard-1-259x300.jpg 259w\" sizes=\"auto, (max-width: 50px) 100vw, 50px\" \/>  Tragen Sie die R\u00e4tselw\u00f6rter in die Liste der Geocaches ein. Und wenn alle Geocaches gefunden wurden, kehren Sie zur Startseite zur\u00fcck, um zu \u00fcberpr\u00fcfen, ob alle Geocaches gefunden wurden. <\/p>\n\n\n<div class=\"wp-block-image\">\n<figure class=\"alignleft size-large is-resized\"><img loading=\"lazy\" decoding=\"async\" width=\"522\" height=\"737\" src=\"https:\/\/camping-savoie-levaugrais.com\/wp-content\/uploads\/2021\/07\/10733.png\" alt=\"die Ausr\u00fcstung des Geocachers\" class=\"wp-image-595\" style=\"width:131px;height:184px\" srcset=\"https:\/\/camping-savoie-levaugrais.com\/wp-content\/uploads\/2021\/07\/10733.png 522w, https:\/\/camping-savoie-levaugrais.com\/wp-content\/uploads\/2021\/07\/10733-212x300.png 212w\" sizes=\"auto, (max-width: 522px) 100vw, 522px\" \/><\/figure>\n<\/div>\n\n\n<p class=\"wp-block-paragraph\"> <strong>Die Ausr\u00fcstung des Geocachers :<\/strong><\/p>\n\n\n\n<ul class=\"wp-block-list\">\n<li>Vor der Abreise sollten Sie kleine Gegenst\u00e4nde oder Gadgets bereithalten, die Sie mit denen in der Schatzkiste tauschen k\u00f6nnen.<\/li>\n\n\n\n<li>gute Wanderschuhe, einen Snack, einen Stift und Wasser mitbringen<\/li>\n\n\n\n<li>nicht allein gehen<\/li>\n<\/ul>\n\n\n\n<p class=\"wp-block-paragraph\"><strong>Es geht los&#8230;<\/strong><\/p>\n","protected":false},"excerpt":{"rendered":"<p>Geocaching&#8230;&#8230;. was ist das? Was ist das? Geocaching ist ein Hightech-Schatzsuchspiel, das von Spielern mit GPS oder Smartphone gespielt wird.Es besteht darin, versteckte Beh\u00e4lter, sogenannte Geocaches, zu finden, in denen sich kleine Gegenst\u00e4nde befinden, die nach der Entdeckung des Caches eingetauscht werden k\u00f6nnen.Ein kleines Notizbuch erm\u00f6glicht es dem Geocacher, seine Erfahrungen zu dokumentieren, die er [&hellip;]<\/p>\n","protected":false},"author":1,"featured_media":0,"parent":13185,"menu_order":0,"comment_status":"closed","ping_status":"closed","template":"","meta":{"_seopress_robots_primary_cat":"","_seopress_titles_title":"Schatzsuche - Geocaching in der N\u00e4he des Campingplatzes","_seopress_titles_desc":"Mit einem GPS-Ger\u00e4t ausgestattet, k\u00f6nnen Sie jeden Winkel rund um den Campingplatz erkunden. Geocaching rund um den Campingplatz.","_seopress_robots_index":"","_crdt_document":"","footnotes":""},"class_list":["post-13213","page","type-page","status-publish","hentry"],"_links":{"self":[{"href":"https:\/\/camping-savoie-levaugrais.com\/de\/wp-json\/wp\/v2\/pages\/13213","targetHints":{"allow":["GET"]}}],"collection":[{"href":"https:\/\/camping-savoie-levaugrais.com\/de\/wp-json\/wp\/v2\/pages"}],"about":[{"href":"https:\/\/camping-savoie-levaugrais.com\/de\/wp-json\/wp\/v2\/types\/page"}],"author":[{"embeddable":true,"href":"https:\/\/camping-savoie-levaugrais.com\/de\/wp-json\/wp\/v2\/users\/1"}],"replies":[{"embeddable":true,"href":"https:\/\/camping-savoie-levaugrais.com\/de\/wp-json\/wp\/v2\/comments?post=13213"}],"version-history":[{"count":4,"href":"https:\/\/camping-savoie-levaugrais.com\/de\/wp-json\/wp\/v2\/pages\/13213\/revisions"}],"predecessor-version":[{"id":16679,"href":"https:\/\/camping-savoie-levaugrais.com\/de\/wp-json\/wp\/v2\/pages\/13213\/revisions\/16679"}],"up":[{"embeddable":true,"href":"https:\/\/camping-savoie-levaugrais.com\/de\/wp-json\/wp\/v2\/pages\/13185"}],"wp:attachment":[{"href":"https:\/\/camping-savoie-levaugrais.com\/de\/wp-json\/wp\/v2\/media?parent=13213"}],"curies":[{"name":"wp","href":"https:\/\/api.w.org\/{rel}","templated":true}]}}