{"id":13217,"date":"2024-10-10T11:50:46","date_gmt":"2024-10-10T09:50:46","guid":{"rendered":"https:\/\/camping-savoie-levaugrais.com\/walibi\/"},"modified":"2024-10-10T11:50:47","modified_gmt":"2024-10-10T09:50:47","slug":"walibi","status":"publish","type":"page","link":"https:\/\/camping-savoie-levaugrais.com\/de\/walibi\/","title":{"rendered":"Walibi"},"content":{"rendered":"\n<h2 class=\"wp-block-heading\">Ein Familien-Freizeitpark in der N\u00e4he des Campingplatzes<\/h2>\n\n<p class=\"wp-block-paragraph\">Dieser Familienpark liegt in Les Aveni\u00e8res im Departement Is\u00e8re,<strong> 30 km vom Campingplatz entfernt<\/strong>, und bietet Ihnen einen Tag voller Spa\u00df und Verr\u00fccktheit mit vielen Neuheiten in diesem Jahr.<\/p>\n\n<p class=\"wp-block-paragraph\">Ein Freizeitpark mit 25 Attraktionen f\u00fcr Jung und Alt, in dem f\u00fcr jedes Alter und Temperament etwas geboten wird.<\/p>\n\n<p class=\"wp-block-paragraph\">Es gibt den ganzen Tag \u00fcber Auff\u00fchrungen, also vergessen Sie nicht, am Eingang nach dem Programm zu fragen, damit Sie nichts vergessen.<\/p>\n\n<p class=\"wp-block-paragraph\">Es gibt Gesch\u00e4fte, Restaurants und viele Snacks, die Ihnen den ganzen Tag \u00fcber Komfort bieten.<\/p>\n\n<p class=\"wp-block-paragraph\">In der Hochsaison (Mitte Juni bis Ende August) gibt es einen Aqualibi-Bereich innerhalb des Parks. Zahlreiche Rutschen, Becken und Planschbecken erwarten die Familien, um unvergessliche Momente zu verbringen. Badeshorts sind nicht erlaubt.<\/p>\n\n<p class=\"wp-block-paragraph\">Das Parken ist kostenlos und Sie k\u00f6nnen Ihre Tickets <a rel=\"noreferrer noopener\" href=\"https:\/\/www.walibi.fr\/fr\/tickets\" target=\"_blank\"><span class=\"has-inline-color has-vivid-red-color\">hier<\/span><\/a> buchen. Dies erspart Ihnen das Warten an der Rezeption und Sie k\u00f6nnen den Park besser genie\u00dfen.<\/p>\n\t\t\t<div id=\"sevgallery-2036730788\" class=\"sev-diaporama sev-diaporama-portfolio\">\n\t\t\t<div class=\"row\">\n\n\t\t\t\n\t\t\t\t\n\t\t\t\t<div class=\"sev-diaporama-portfolio-item col-12 col-lg  col-shrink\">\n\t\t\t\t\t<!--<a href=\"https:\/\/camping-savoie-levaugrais.com\/wp-content\/uploads\/2021\/07\/stockcars_walibi.fr_.jpg\" data-lightbox=\"sevgallery-2036730788\" style=\"background-image: url(https:\/\/camping-savoie-levaugrais.com\/wp-content\/uploads\/2021\/07\/stockcars_walibi.fr_.jpg)\">-->\n\t\t\t\t\t<a href=\"https:\/\/camping-savoie-levaugrais.com\/wp-content\/uploads\/2021\/07\/stockcars_walibi.fr_.jpg\" data-lightbox=\"sevgallery-2036730788\">\n\t\t\t\t\t\t<img decoding=\"async\" src=\"https:\/\/camping-savoie-levaugrais.com\/wp-content\/uploads\/2021\/07\/stockcars_walibi.fr_.jpg\" alt=\"Parc d&#039;attraction Walibi proche camping\" loading=\"lazy\">\n\t\t\t\t\t<\/a>\n\t\t\t\t<\/div>\n\n\t\t\t\t\n\t\t\t\t\t\t\t\t\t\t\t\n\t\t\t\t\n\t\t\t\t<div class=\"sev-diaporama-portfolio-item col-12 col-lg \">\n\t\t\t\t\t<!--<a href=\"https:\/\/camping-savoie-levaugrais.com\/wp-content\/uploads\/2021\/07\/woodstock_express_walibi.fr_.jpg\" data-lightbox=\"sevgallery-2036730788\" style=\"background-image: url(https:\/\/camping-savoie-levaugrais.com\/wp-content\/uploads\/2021\/07\/woodstock_express_walibi.fr_.jpg)\">-->\n\t\t\t\t\t<a href=\"https:\/\/camping-savoie-levaugrais.com\/wp-content\/uploads\/2021\/07\/woodstock_express_walibi.fr_.jpg\" data-lightbox=\"sevgallery-2036730788\">\n\t\t\t\t\t\t<img decoding=\"async\" src=\"https:\/\/camping-savoie-levaugrais.com\/wp-content\/uploads\/2021\/07\/woodstock_express_walibi.fr_.jpg\" alt=\"Parc d&#039;attraction Walibi camping\" loading=\"lazy\">\n\t\t\t\t\t<\/a>\n\t\t\t\t<\/div>\n\n\t\t\t\t\t\t\t\t\t<div class=\"w-100\"><\/div>\n\t\t\t\t\t\t\t\t\t\n\t\t\t\t\t\t\t\t\t\t\t\t\t\t<\/div>\n\t\t\t<\/div>\n\n\t\t\t<script>\n\t\t\tjQuery(function($) {\n\n\t\t\t\tvar marginPortfolio = function() {\n\n\t\t\t\t\tvar $diapo          = $('#sevgallery-2036730788');\n\t\t\t\t\tvar container_width = $diapo.parent().outerWidth();\n\t\t\t\t\tvar side            = ( $(window).innerWidth() - container_width ) \/ 2;\n\n\t\t\t\t\t$diapo.css( {\n\t\t\t\t\t\t'margin-left': '-' + side + 'px',\n\t\t\t\t\t\t'margin-right': '-' + side + 'px',\n\t\t\t\t\t} );\n\t\t\t\t};\n\n\t\t\t\t$( window ).resize( function() {\n\t\t\t\t\tmarginPortfolio();\n\t\t\t\t} );\n\t\t\t\tmarginPortfolio();\n\t\t\t});\n\t\t\t<\/script>\n\t\t\t\n","protected":false},"excerpt":{"rendered":"<p>Ein Familien-Freizeitpark in der N\u00e4he des Campingplatzes Dieser Familienpark liegt in Les Aveni\u00e8res im Departement Is\u00e8re, 30 km vom Campingplatz entfernt, und bietet Ihnen einen Tag voller Spa\u00df und Verr\u00fccktheit mit vielen Neuheiten in diesem Jahr. Ein Freizeitpark mit 25 Attraktionen f\u00fcr Jung und Alt, in dem f\u00fcr jedes Alter und Temperament etwas geboten wird. [&hellip;]<\/p>\n","protected":false},"author":1,"featured_media":0,"parent":0,"menu_order":0,"comment_status":"closed","ping_status":"closed","template":"","meta":{"_seopress_robots_primary_cat":"","_seopress_titles_title":"Familienfreundlicher Freizeitpark Walibi in der N\u00e4he des Campingplatzes","_seopress_titles_desc":"","_seopress_robots_index":"","_crdt_document":"","footnotes":""},"class_list":["post-13217","page","type-page","status-publish","hentry"],"_links":{"self":[{"href":"https:\/\/camping-savoie-levaugrais.com\/de\/wp-json\/wp\/v2\/pages\/13217","targetHints":{"allow":["GET"]}}],"collection":[{"href":"https:\/\/camping-savoie-levaugrais.com\/de\/wp-json\/wp\/v2\/pages"}],"about":[{"href":"https:\/\/camping-savoie-levaugrais.com\/de\/wp-json\/wp\/v2\/types\/page"}],"author":[{"embeddable":true,"href":"https:\/\/camping-savoie-levaugrais.com\/de\/wp-json\/wp\/v2\/users\/1"}],"replies":[{"embeddable":true,"href":"https:\/\/camping-savoie-levaugrais.com\/de\/wp-json\/wp\/v2\/comments?post=13217"}],"version-history":[{"count":1,"href":"https:\/\/camping-savoie-levaugrais.com\/de\/wp-json\/wp\/v2\/pages\/13217\/revisions"}],"predecessor-version":[{"id":13218,"href":"https:\/\/camping-savoie-levaugrais.com\/de\/wp-json\/wp\/v2\/pages\/13217\/revisions\/13218"}],"wp:attachment":[{"href":"https:\/\/camping-savoie-levaugrais.com\/de\/wp-json\/wp\/v2\/media?parent=13217"}],"curies":[{"name":"wp","href":"https:\/\/api.w.org\/{rel}","templated":true}]}}