{"id":13219,"date":"2024-10-10T11:50:47","date_gmt":"2024-10-10T09:50:47","guid":{"rendered":"https:\/\/camping-savoie-levaugrais.com\/unsere-guetesiegel\/"},"modified":"2025-11-10T19:24:22","modified_gmt":"2025-11-10T18:24:22","slug":"unsere-guetesiegel","status":"publish","type":"page","link":"https:\/\/camping-savoie-levaugrais.com\/de\/unsere-guetesiegel\/","title":{"rendered":"Unsere Werte"},"content":{"rendered":"<div class=\"wp-block-image\">\n<figure class=\"aligncenter size-large is-resized\"><img loading=\"lazy\" decoding=\"async\" width=\"1024\" height=\"576\" src=\"https:\/\/camping-savoie-levaugrais.com\/wp-content\/uploads\/2025\/01\/vacances-eco-responsables-au-vaugrais-en-allemand-1024x576.jpg\" alt=\"\" class=\"wp-image-16541\" style=\"width:384px;height:auto\" srcset=\"https:\/\/camping-savoie-levaugrais.com\/wp-content\/uploads\/2025\/01\/vacances-eco-responsables-au-vaugrais-en-allemand-1024x576.jpg 1024w, https:\/\/camping-savoie-levaugrais.com\/wp-content\/uploads\/2025\/01\/vacances-eco-responsables-au-vaugrais-en-allemand-300x169.jpg 300w, https:\/\/camping-savoie-levaugrais.com\/wp-content\/uploads\/2025\/01\/vacances-eco-responsables-au-vaugrais-en-allemand-768x432.jpg 768w, https:\/\/camping-savoie-levaugrais.com\/wp-content\/uploads\/2025\/01\/vacances-eco-responsables-au-vaugrais-en-allemand-1536x864.jpg 1536w, https:\/\/camping-savoie-levaugrais.com\/wp-content\/uploads\/2025\/01\/vacances-eco-responsables-au-vaugrais-en-allemand.jpg 1920w\" sizes=\"auto, (max-width: 1024px) 100vw, 1024px\" \/><\/figure>\n<\/div>\n\n\n<div class=\"wp-block-media-text is-stacked-on-mobile\"><figure class=\"wp-block-media-text__media\"><img loading=\"lazy\" decoding=\"async\" width=\"1200\" height=\"800\" src=\"https:\/\/camping-savoie-levaugrais.com\/wp-content\/uploads\/2025\/11\/helen-pierre-gerants-camping-le-vaugrais-randonnee.jpg.webp\" alt=\"H\u00e9l\u00e8ne et Pierre, g\u00e9rants du camping Le Vaugrais. Photo prise lors d'une randonn\u00e9e pr\u00e8s du camping.\" class=\"wp-image-17747 size-full\"\/><\/figure><div class=\"wp-block-media-text__content\">\n<p class=\"wp-block-paragraph\"><\/p>\n\n\n\n<p class=\"wp-block-paragraph\">Unsere Philosophie<\/p>\n\n\n\n<p class=\"wp-block-paragraph\">Im Vaugrais z\u00e4hlt jeder Augenblick. Hier sind Sie keine Nummer, sondern ein Mitglied unserer gro\u00dfen Familie.<\/p>\n\n\n\n<p class=\"wp-block-paragraph\">H\u00e9l\u00e8ne und Pierre, die Eigent\u00fcmer, setzen sich mit ganzer Kraft daf\u00fcr ein, Ihnen einen echten und geselligen Urlaub zu bieten, bei dem jedes Detail z\u00e4hlt.<br>In unserer kleinen Struktur stehen N\u00e4he und Qualit\u00e4t an erster Stelle: herzlicher Empfang, aufmerksames Zuh\u00f6ren und Aufmerksamkeit f\u00fcr jeden Einzelnen.<\/p>\n<\/div><\/div>\n\n\n\n<div class=\"wp-block-media-text has-media-on-the-right is-stacked-on-mobile\"><div class=\"wp-block-media-text__content\">\n<p class=\"wp-block-paragraph\"><strong>Die Beleuchtung auf dem Campingplatz :<\/strong><\/p>\n\n\n\n<p class=\"wp-block-paragraph\">Die Au\u00dfenbeleuchtung unseres Campingplatzes ist vollst\u00e4ndig solarbetrieben, denn wir glauben, dass die Natur leuchten sollte, ohne Ihr Energiebudget zu belasten! Dank dieser umweltfreundlichen L\u00f6sung k\u00f6nnen Sie laue, beleuchtete Abende genie\u00dfen und gleichzeitig die Umwelt schonen. Das ist unsere Art zu sagen, dass wir selbst in der Nacht noch Verantwortung \u00fcbernehmen. Lassen Sie also die Sterne aufgehen, w\u00e4hrend unsere Stra\u00dfenlaternen ihre Arbeit verrichten! In den Sanit\u00e4ranlagen und in allen unseren Unterk\u00fcnften werden LED-Lampen verwendet.<\/p>\n<\/div><figure class=\"wp-block-media-text__media\"><img loading=\"lazy\" decoding=\"async\" width=\"1024\" height=\"683\" src=\"https:\/\/camping-savoie-levaugrais.com\/wp-content\/uploads\/2024\/10\/IMG_2010-retouche-1024x683.jpg\" alt=\"fleur\" class=\"wp-image-13703 size-full\" srcset=\"https:\/\/camping-savoie-levaugrais.com\/wp-content\/uploads\/2024\/10\/IMG_2010-retouche-1024x683.jpg 1024w, https:\/\/camping-savoie-levaugrais.com\/wp-content\/uploads\/2024\/10\/IMG_2010-retouche-300x200.jpg 300w, https:\/\/camping-savoie-levaugrais.com\/wp-content\/uploads\/2024\/10\/IMG_2010-retouche-768x512.jpg 768w, https:\/\/camping-savoie-levaugrais.com\/wp-content\/uploads\/2024\/10\/IMG_2010-retouche-1536x1024.jpg 1536w, https:\/\/camping-savoie-levaugrais.com\/wp-content\/uploads\/2024\/10\/IMG_2010-retouche-2048x1365.jpg 2048w\" sizes=\"auto, (max-width: 1024px) 100vw, 1024px\" \/><\/figure><\/div>\n\n\n\n<p class=\"wp-block-paragraph\"><\/p>\n\n\n\n<div class=\"wp-block-media-text is-stacked-on-mobile\"><figure class=\"wp-block-media-text__media\"><img loading=\"lazy\" decoding=\"async\" width=\"1024\" height=\"528\" src=\"https:\/\/camping-savoie-levaugrais.com\/wp-content\/uploads\/2024\/10\/IMG_2170-retouche-internet-1024x528.jpg\" alt=\"emplacements\" class=\"wp-image-13725 size-full\" srcset=\"https:\/\/camping-savoie-levaugrais.com\/wp-content\/uploads\/2024\/10\/IMG_2170-retouche-internet-1024x528.jpg 1024w, https:\/\/camping-savoie-levaugrais.com\/wp-content\/uploads\/2024\/10\/IMG_2170-retouche-internet-300x155.jpg 300w, https:\/\/camping-savoie-levaugrais.com\/wp-content\/uploads\/2024\/10\/IMG_2170-retouche-internet-768x396.jpg 768w, https:\/\/camping-savoie-levaugrais.com\/wp-content\/uploads\/2024\/10\/IMG_2170-retouche-internet.jpg 1200w\" sizes=\"auto, (max-width: 1024px) 100vw, 1024px\" \/><\/figure><div class=\"wp-block-media-text__content\">\n<p class=\"wp-block-paragraph\"><strong>Das Beschneiden der B\u00e4ume auf dem Campingplatz :<\/strong><\/p>\n\n\n\n<p class=\"wp-block-paragraph\">Unser Campingplatz verf\u00fcgt \u00fcber ein sch\u00f6nes Bl\u00e4tterdach, das dank unserer gro\u00dfen B\u00e4ume viel Natur bietet. Dennoch ist eine regelm\u00e4\u00dfige Pflege unerl\u00e4sslich. Jeden Winter beschneidet, k\u00fcrzt und pflegt Pierre die B\u00e4ume. Ein professioneller Baumpfleger inspiziert die Morphologie der B\u00e4ume, um die gef\u00e4hrlichsten \u00c4ste zu entfernen und so die Sicherheit zu gew\u00e4hrleisten. Die vor Ort zerkleinerten \u00c4ste werden als Mulch f\u00fcr B\u00e4ume, Str\u00e4ucher und Blumenbeete verwendet. Dies verhindert die Ausbreitung von Unkraut und h\u00e4lt den Boden feucht. Wir engagieren uns f\u00fcr einen respektvollen Umgang mit unserer Umwelt.<\/p>\n<\/div><\/div>\n\n\n\n<p class=\"wp-block-paragraph\"><\/p>\n\n\n\n<div class=\"wp-block-media-text has-media-on-the-right is-stacked-on-mobile\"><div class=\"wp-block-media-text__content\">\n<p class=\"wp-block-paragraph\"><strong>Mulchen auf dem Campingplatz :<\/strong><\/p>\n\n\n\n<p class=\"wp-block-paragraph\">Ich freue mich, Ihnen mitteilen zu k\u00f6nnen, dass ich seit 2024 Mulching praktiziere = eine durchdachte M\u00e4hmethode, die sowohl wirtschaftlich als auch \u00f6kologisch ist. Durch h\u00e4ufiges M\u00e4hen muss ich nicht mehr hin und her fahren, um den M\u00e4hbeh\u00e4lter zu leeren. Die auf dem Boden zur\u00fcckgelassenen Grasreste dienen als nat\u00fcrlicher D\u00fcnger und bereichern den Boden. Durch das Mulchen tragen wir gemeinsam zu einem nachhaltigen und naturnahen Garten bei.<\/p>\n<\/div><figure class=\"wp-block-media-text__media\"><img loading=\"lazy\" decoding=\"async\" width=\"1024\" height=\"528\" src=\"https:\/\/camping-savoie-levaugrais.com\/wp-content\/uploads\/2024\/10\/IMG_2354-retouche-internet-1024x528.jpg\" alt=\"emplacement caravane\" class=\"wp-image-13690 size-full\" srcset=\"https:\/\/camping-savoie-levaugrais.com\/wp-content\/uploads\/2024\/10\/IMG_2354-retouche-internet-1024x528.jpg 1024w, https:\/\/camping-savoie-levaugrais.com\/wp-content\/uploads\/2024\/10\/IMG_2354-retouche-internet-300x155.jpg 300w, https:\/\/camping-savoie-levaugrais.com\/wp-content\/uploads\/2024\/10\/IMG_2354-retouche-internet-768x396.jpg 768w, https:\/\/camping-savoie-levaugrais.com\/wp-content\/uploads\/2024\/10\/IMG_2354-retouche-internet.jpg 1200w\" sizes=\"auto, (max-width: 1024px) 100vw, 1024px\" \/><\/figure><\/div>\n\n\n\n<p class=\"wp-block-paragraph\"><\/p>\n\n\n\n<p class=\"wp-block-paragraph\"><\/p>\n\n\n\n<p class=\"wp-block-paragraph\"><\/p>\n\n\n\n<p class=\"wp-block-paragraph\"><\/p>\n\n\n<div class=\"wp-block-image\">\n<figure class=\"aligncenter size-full\"><img loading=\"lazy\" decoding=\"async\" width=\"600\" height=\"400\" src=\"https:\/\/camping-savoie-levaugrais.com\/wp-content\/uploads\/2025\/11\/logo-camping-qualite-retouche-site-internet-ok-1.webp\" alt=\"Logo Camping Qualit\u00e9 certifiant l'engagement du camping Le Vaugrais pour un service de qualit\u00e9 et une exp\u00e9rience authentique.\" class=\"wp-image-17696\"\/><\/figure>\n<\/div>\n\n\n<p class=\"has-text-align-center wp-block-paragraph\"><\/p>\n\n\n\n<p class=\"has-text-align-center wp-block-paragraph\">  H\u00e9l\u00e8ne und Pierre haben sich verpflichtet, Ihnen mit diesem Label :<\/p>\n\n\n\n<p class=\"wp-block-paragraph\"><strong>Ein herzlicher Empfang<\/strong>:<\/p>\n\n\n\n<p class=\"wp-block-paragraph\">Gastfreundschaft, Verf\u00fcgbarkeit, R\u00fccksichtnahme und Effizienz werden von dem Verwalter und seinem gesamten Team besonders gepflegt. Sie tragen zu einem ruhigen, angenehmen und freundlichen Aufenthalt bei. <\/p>\n\n\n\n<p class=\"wp-block-paragraph\"><\/p>\n\n\n\n<p class=\"wp-block-paragraph\"><strong>eine tadellose Sauberkeit<\/strong><\/p>\n\n\n\n<p class=\"wp-block-paragraph\">W\u00e4hrend der gesamten \u00d6ffnungszeiten wird \u00fcberall auf dem Campingplatz f\u00fcr Sauberkeit und Hygiene gesorgt. Von der Rezeption \u00fcber die Sanit\u00e4ranlagen und die Wege des Campingplatzes bis hin zum Schwimmbad ist alles tadellos. <\/p>\n\n\n\n<p class=\"wp-block-paragraph\"><\/p>\n\n\n\n<p class=\"wp-block-paragraph\"><strong>genaue und wahrheitsgem\u00e4\u00dfe Informationen<\/strong><\/p>\n\n\n\n<p class=\"wp-block-paragraph\">Der Campingplatzbetreiber stellt vollst\u00e4ndige, klare und genaue Informationen \u00fcber seinen Betrieb zur Verf\u00fcgung: genaue Beschreibung der Einrichtungen, \u00d6ffnungszeiten der Rezeption, der verschiedenen Dienstleistungen, der Aktivit\u00e4ten und der \u00d6ffnungszeiten. Die Preise sind klar angegeben und werden strikt angewendet. <\/p>\n\n\n\n<p class=\"wp-block-paragraph\"><\/p>\n\n\n\n<p class=\"wp-block-paragraph\"><strong>einen privaten und gepflegten Standort<\/strong><\/p>\n\n\n\n<p class=\"wp-block-paragraph\">Der Campingplatzbetreiber ergreift die notwendigen Ma\u00dfnahmen, um einen privaten Stellplatz anzubieten und die gr\u00f6\u00dftm\u00f6gliche Ruhe auf dem Gel\u00e4nde zu gew\u00e4hrleisten. Der Platz ist geschmackvoll und \u00e4sthetisch gestaltet, um sich gut in den Ort und die Umgebung einzuf\u00fcgen. <\/p>\n\n\n\n<p class=\"wp-block-paragraph\"><\/p>\n\n\n\n<p class=\"wp-block-paragraph\"><strong>eine aufgewertete und respektierte Umwelt<\/strong><\/p>\n\n\n\n<p class=\"wp-block-paragraph\">Der Campingplatzbetreiber verpflichtet sich, die Natur und die Umwelt zu erhalten und seinen Campingplatz mit Respekt, Schutz und der Suche nach geeigneten Umweltl\u00f6sungen einzurichten. Auf diese Weise tr\u00e4gt er zum Erhalt einer zunehmend bedrohten Umwelt bei. <\/p>\n\n\n\n<p class=\"wp-block-paragraph\"><\/p>\n\n\n\n<p class=\"wp-block-paragraph\"><strong>eine ausgepr\u00e4gte \u00f6kologische Verantwortung<\/strong><\/p>\n\n\n\n<p class=\"wp-block-paragraph\">Der Campingplatzbetreiber f\u00fchrt seinen Betrieb auf nachhaltige und umweltbewusste Weise. \u00d6kologische und umweltfreundliche L\u00f6sungen werden f\u00fcr den Campingplatz genutzt: Abfallmanagement, Energienutzung, Wassermanagement und intern: Kommunikation, Einbindung in das lokale Leben. <\/p>\n\n\n\n<p class=\"wp-block-paragraph\"><\/p>\n","protected":false},"excerpt":{"rendered":"<p>Unsere Philosophie Im Vaugrais z\u00e4hlt jeder Augenblick. Hier sind Sie keine Nummer, sondern ein Mitglied unserer gro\u00dfen Familie. H\u00e9l\u00e8ne und Pierre, die Eigent\u00fcmer, setzen sich mit ganzer Kraft daf\u00fcr ein, Ihnen einen echten und geselligen Urlaub zu bieten, bei dem jedes Detail z\u00e4hlt.In unserer kleinen Struktur stehen N\u00e4he und Qualit\u00e4t an erster Stelle: herzlicher Empfang, [&hellip;]<\/p>\n","protected":false},"author":1,"featured_media":0,"parent":0,"menu_order":0,"comment_status":"closed","ping_status":"closed","template":"","meta":{"_seopress_robots_primary_cat":"","_seopress_titles_title":"Die G\u00fctesiegel \"Tourisme\" und \"Cl\u00e9 Verte\" des Campingplatzes","_seopress_titles_desc":"Der Campingplatz Le Vaugrais verf\u00fcgt \u00fcber zahlreiche G\u00fctesiegel, die seine Qualit\u00e4t belegen. Ein 3-Sterne-Campingplatz mit allem Komfort","_seopress_robots_index":"","_crdt_document":"","footnotes":""},"class_list":["post-13219","page","type-page","status-publish","hentry"],"_links":{"self":[{"href":"https:\/\/camping-savoie-levaugrais.com\/de\/wp-json\/wp\/v2\/pages\/13219","targetHints":{"allow":["GET"]}}],"collection":[{"href":"https:\/\/camping-savoie-levaugrais.com\/de\/wp-json\/wp\/v2\/pages"}],"about":[{"href":"https:\/\/camping-savoie-levaugrais.com\/de\/wp-json\/wp\/v2\/types\/page"}],"author":[{"embeddable":true,"href":"https:\/\/camping-savoie-levaugrais.com\/de\/wp-json\/wp\/v2\/users\/1"}],"replies":[{"embeddable":true,"href":"https:\/\/camping-savoie-levaugrais.com\/de\/wp-json\/wp\/v2\/comments?post=13219"}],"version-history":[{"count":7,"href":"https:\/\/camping-savoie-levaugrais.com\/de\/wp-json\/wp\/v2\/pages\/13219\/revisions"}],"predecessor-version":[{"id":17863,"href":"https:\/\/camping-savoie-levaugrais.com\/de\/wp-json\/wp\/v2\/pages\/13219\/revisions\/17863"}],"wp:attachment":[{"href":"https:\/\/camping-savoie-levaugrais.com\/de\/wp-json\/wp\/v2\/media?parent=13219"}],"curies":[{"name":"wp","href":"https:\/\/api.w.org\/{rel}","templated":true}]}}