{"id":13227,"date":"2024-10-10T11:50:53","date_gmt":"2024-10-10T09:50:53","guid":{"rendered":"https:\/\/camping-savoie-levaugrais.com\/ein-erlebnis-nur-fuer-uns-beide\/erzaehlen-sie-mir-vom-weinberg\/"},"modified":"2025-01-02T17:44:25","modified_gmt":"2025-01-02T16:44:25","slug":"erzaehlen-sie-mir-vom-weinberg","status":"publish","type":"page","link":"https:\/\/camping-savoie-levaugrais.com\/de\/ein-erlebnis-nur-fuer-uns-beide\/erzaehlen-sie-mir-vom-weinberg\/","title":{"rendered":"Erz\u00e4hlen Sie mir vom Weinberg"},"content":{"rendered":"\n<div class=\"wp-block-media-text has-media-on-the-right is-stacked-on-mobile\"><div class=\"wp-block-media-text__content\">\n<p class=\"has-medium-font-size wp-block-paragraph\"><strong>Claude Collomb, Winzer in Belmont Massignieu.<\/strong><\/p>\n\n\n\n<p class=\"has-medium-font-size wp-block-paragraph\">In der N\u00e4he des Campingplatzes.<br>Sein Weinbaubetrieb wird seit vielen Generationen gef\u00fchrt und gibt seinen Wein mit Leidenschaft und Know-how weiter.Sein Wein hat die Bezeichnung AOC (Appellation d&#8217;origine contr\u00f4l\u00e9e) erhalten. Sein besonderes Aroma erh\u00e4lt er durch die vorwiegend kalkhaltigen B\u00f6den und das Klima, das ideale Bedingungen f\u00fcr die Herstellung eines Qualit\u00e4tsweins bietet.<\/p>\n\n\n\n<p class=\"has-medium-font-size wp-block-paragraph\">Er erwartet Sie in seinem Weinkeller am Eingang seines Anwesens. Probieren Sie seinen Perlwein, Sie werden die feinen Bl\u00e4schen mit den subtilen Aromen wei\u00dfer Bl\u00fcten zu sch\u00e4tzen wissen. Nehmen Sie sich die Zeit, um sich mit diesem Winzer auszutauschen, der von seinem Beruf begeistert ist. Sie werden die Werte der Weitergabe des Handwerks im Herzen dieses Familienweinbergs gegen\u00fcber dem Grand Colombier verstehen.<\/p>\n<\/div><figure class=\"wp-block-media-text__media\"><img loading=\"lazy\" decoding=\"async\" width=\"995\" height=\"1024\" src=\"https:\/\/camping-savoie-levaugrais.com\/wp-content\/uploads\/2025\/01\/claude-collomb-995x1024-1.jpg\" alt=\"\" class=\"wp-image-15857 size-full\" srcset=\"https:\/\/camping-savoie-levaugrais.com\/wp-content\/uploads\/2025\/01\/claude-collomb-995x1024-1.jpg 995w, https:\/\/camping-savoie-levaugrais.com\/wp-content\/uploads\/2025\/01\/claude-collomb-995x1024-1-292x300.jpg 292w, https:\/\/camping-savoie-levaugrais.com\/wp-content\/uploads\/2025\/01\/claude-collomb-995x1024-1-768x790.jpg 768w\" sizes=\"auto, (max-width: 995px) 100vw, 995px\" \/><\/figure><\/div>\n\n\n\n<div class=\"wp-block-media-text is-stacked-on-mobile\"><figure class=\"wp-block-media-text__media\"><img loading=\"lazy\" decoding=\"async\" width=\"1024\" height=\"528\" src=\"https:\/\/camping-savoie-levaugrais.com\/wp-content\/uploads\/2025\/01\/vins-du-bugey-internet--1024x528.jpg\" alt=\"\" class=\"wp-image-15851 size-full\" srcset=\"https:\/\/camping-savoie-levaugrais.com\/wp-content\/uploads\/2025\/01\/vins-du-bugey-internet--1024x528.jpg 1024w, https:\/\/camping-savoie-levaugrais.com\/wp-content\/uploads\/2025\/01\/vins-du-bugey-internet--300x155.jpg 300w, https:\/\/camping-savoie-levaugrais.com\/wp-content\/uploads\/2025\/01\/vins-du-bugey-internet--768x396.jpg 768w, https:\/\/camping-savoie-levaugrais.com\/wp-content\/uploads\/2025\/01\/vins-du-bugey-internet-.jpg 1200w\" sizes=\"auto, (max-width: 1024px) 100vw, 1024px\" \/><\/figure><div class=\"wp-block-media-text__content\">\n<p class=\"has-medium-font-size wp-block-paragraph\">Tauchen Sie ein in das Herz <strong>der Weinberge von Bugey<\/strong> und erleben Sie eine einzigartige Fahrt durch die Weinberge, sei es mit dem Fahrrad, dem Motorrad oder dem Auto.<\/p>\n\n\n\n<p class=\"has-medium-font-size wp-block-paragraph\">Die Weinberge von Bugey, die unauff\u00e4llig, aber von au\u00dfergew\u00f6hnlicher Qualit\u00e4t sind, erstrecken sich \u00fcber 500 Hektar gesch\u00fctztes Terroir und bieten eine Vielfalt an Weinen, die jeden Gaumen erfreuen.<\/p>\n\n\n\n<p class=\"has-medium-font-size wp-block-paragraph\">Besuchen Sie die Weinkeller und entdecken Sie die Geheimnisse der Winzer, w\u00e4hrend Sie raffinierte Crus verkosten, die auf unterschiedlichen B\u00f6den und in idealer Lage gedeihen. Eine unvergessliche Reise der Sinne in einer authentischen Umgebung, fernab der ausgetretenen Pfade.<\/p>\n<\/div><\/div>\n\n\n\t\t\t<div id=\"sevgallery-626283688\" class=\"sev-diaporama sev-diaporama-portfolio\">\n\t\t\t<div class=\"row\">\n\n\t\t\t\n\t\t\t\t\n\t\t\t\t<div class=\"sev-diaporama-portfolio-item col-12 col-lg \">\n\t\t\t\t\t<!--<a href=\"https:\/\/camping-savoie-levaugrais.com\/wp-content\/uploads\/2023\/11\/IMG_5643retoucheweb-site-internet.jpg\" data-lightbox=\"sevgallery-626283688\" style=\"background-image: url(https:\/\/camping-savoie-levaugrais.com\/wp-content\/uploads\/2023\/11\/IMG_5643retoucheweb-site-internet.jpg)\">-->\n\t\t\t\t\t<a href=\"https:\/\/camping-savoie-levaugrais.com\/wp-content\/uploads\/2023\/11\/IMG_5643retoucheweb-site-internet.jpg\" data-lightbox=\"sevgallery-626283688\">\n\t\t\t\t\t\t<img decoding=\"async\" src=\"https:\/\/camping-savoie-levaugrais.com\/wp-content\/uploads\/2023\/11\/IMG_5643retoucheweb-site-internet.jpg\" alt=\"nature\" loading=\"lazy\">\n\t\t\t\t\t<\/a>\n\t\t\t\t<\/div>\n\n\t\t\t\t\n\t\t\t\t\t\t\t\t\t\t\t\n\t\t\t\t\n\t\t\t\t<div class=\"sev-diaporama-portfolio-item col-12 col-lg  col-shrink\">\n\t\t\t\t\t<!--<a href=\"https:\/\/camping-savoie-levaugrais.com\/wp-content\/uploads\/2023\/11\/IMG_5644retoucheweb-site-internet.jpg\" data-lightbox=\"sevgallery-626283688\" style=\"background-image: url(https:\/\/camping-savoie-levaugrais.com\/wp-content\/uploads\/2023\/11\/IMG_5644retoucheweb-site-internet.jpg)\">-->\n\t\t\t\t\t<a href=\"https:\/\/camping-savoie-levaugrais.com\/wp-content\/uploads\/2023\/11\/IMG_5644retoucheweb-site-internet.jpg\" data-lightbox=\"sevgallery-626283688\">\n\t\t\t\t\t\t<img decoding=\"async\" src=\"https:\/\/camping-savoie-levaugrais.com\/wp-content\/uploads\/2023\/11\/IMG_5644retoucheweb-site-internet.jpg\" alt=\"nature\" loading=\"lazy\">\n\t\t\t\t\t<\/a>\n\t\t\t\t<\/div>\n\n\t\t\t\t\n\t\t\t\t\t\t\t\t\t\t\t\n\t\t\t\t\n\t\t\t\t<div class=\"sev-diaporama-portfolio-item col-12 col-lg  col-shrink\">\n\t\t\t\t\t<!--<a href=\"https:\/\/camping-savoie-levaugrais.com\/wp-content\/uploads\/2023\/11\/IMG_4904-site-internet.jpg\" data-lightbox=\"sevgallery-626283688\" style=\"background-image: url(https:\/\/camping-savoie-levaugrais.com\/wp-content\/uploads\/2023\/11\/IMG_4904-site-internet.jpg)\">-->\n\t\t\t\t\t<a href=\"https:\/\/camping-savoie-levaugrais.com\/wp-content\/uploads\/2023\/11\/IMG_4904-site-internet.jpg\" data-lightbox=\"sevgallery-626283688\">\n\t\t\t\t\t\t<img decoding=\"async\" src=\"https:\/\/camping-savoie-levaugrais.com\/wp-content\/uploads\/2023\/11\/IMG_4904-site-internet.jpg\" alt=\"nature\" loading=\"lazy\">\n\t\t\t\t\t<\/a>\n\t\t\t\t<\/div>\n\n\t\t\t\t\t\t\t\t\t<div class=\"w-100\"><\/div>\n\t\t\t\t\t\t\t\t\t\n\t\t\t\t\t\t\t\t\t\t\t\t\t\t<\/div>\n\t\t\t<\/div>\n\n\t\t\t<script>\n\t\t\tjQuery(function($) {\n\n\t\t\t\tvar marginPortfolio = function() {\n\n\t\t\t\t\tvar $diapo          = $('#sevgallery-626283688');\n\t\t\t\t\tvar container_width = $diapo.parent().outerWidth();\n\t\t\t\t\tvar side            = ( $(window).innerWidth() - container_width ) \/ 2;\n\n\t\t\t\t\t$diapo.css( {\n\t\t\t\t\t\t'margin-left': '-' + side + 'px',\n\t\t\t\t\t\t'margin-right': '-' + side + 'px',\n\t\t\t\t\t} );\n\t\t\t\t};\n\n\t\t\t\t$( window ).resize( function() {\n\t\t\t\t\tmarginPortfolio();\n\t\t\t\t} );\n\t\t\t\tmarginPortfolio();\n\t\t\t});\n\t\t\t<\/script>\n\t\t\t\n","protected":false},"excerpt":{"rendered":"<p>Claude Collomb, Winzer in Belmont Massignieu. In der N\u00e4he des Campingplatzes.Sein Weinbaubetrieb wird seit vielen Generationen gef\u00fchrt und gibt seinen Wein mit Leidenschaft und Know-how weiter.Sein Wein hat die Bezeichnung AOC (Appellation d&#8217;origine contr\u00f4l\u00e9e) erhalten. Sein besonderes Aroma erh\u00e4lt er durch die vorwiegend kalkhaltigen B\u00f6den und das Klima, das ideale Bedingungen f\u00fcr die Herstellung eines [&hellip;]<\/p>\n","protected":false},"author":1,"featured_media":0,"parent":13193,"menu_order":0,"comment_status":"closed","ping_status":"closed","template":"","meta":{"_seopress_robots_primary_cat":"","_seopress_titles_title":"Raconte-moi la vigne - Winzer in der N\u00e4he des Campingplatzes","_seopress_titles_desc":"Entdecken Sie die Weinbauern in der N\u00e4he des 3-Sterne-Campingplatzes Le Vaugrais. Probieren Sie den wei\u00dfen, roten und ros\u00e9farbenen Bugeys w\u00e4hrend Ihres Besuchs.","_seopress_robots_index":"","_crdt_document":"","footnotes":""},"class_list":["post-13227","page","type-page","status-publish","hentry"],"_links":{"self":[{"href":"https:\/\/camping-savoie-levaugrais.com\/de\/wp-json\/wp\/v2\/pages\/13227","targetHints":{"allow":["GET"]}}],"collection":[{"href":"https:\/\/camping-savoie-levaugrais.com\/de\/wp-json\/wp\/v2\/pages"}],"about":[{"href":"https:\/\/camping-savoie-levaugrais.com\/de\/wp-json\/wp\/v2\/types\/page"}],"author":[{"embeddable":true,"href":"https:\/\/camping-savoie-levaugrais.com\/de\/wp-json\/wp\/v2\/users\/1"}],"replies":[{"embeddable":true,"href":"https:\/\/camping-savoie-levaugrais.com\/de\/wp-json\/wp\/v2\/comments?post=13227"}],"version-history":[{"count":3,"href":"https:\/\/camping-savoie-levaugrais.com\/de\/wp-json\/wp\/v2\/pages\/13227\/revisions"}],"predecessor-version":[{"id":15861,"href":"https:\/\/camping-savoie-levaugrais.com\/de\/wp-json\/wp\/v2\/pages\/13227\/revisions\/15861"}],"up":[{"embeddable":true,"href":"https:\/\/camping-savoie-levaugrais.com\/de\/wp-json\/wp\/v2\/pages\/13193"}],"wp:attachment":[{"href":"https:\/\/camping-savoie-levaugrais.com\/de\/wp-json\/wp\/v2\/media?parent=13227"}],"curies":[{"name":"wp","href":"https:\/\/api.w.org\/{rel}","templated":true}]}}