{"id":13229,"date":"2024-10-10T11:50:53","date_gmt":"2024-10-10T09:50:53","guid":{"rendered":"https:\/\/camping-savoie-levaugrais.com\/sportliche-erfahrung\/der-see-aus-der-luft\/"},"modified":"2025-01-04T12:12:25","modified_gmt":"2025-01-04T11:12:25","slug":"der-see-aus-der-luft","status":"publish","type":"page","link":"https:\/\/camping-savoie-levaugrais.com\/de\/sportliche-erfahrung\/der-see-aus-der-luft\/","title":{"rendered":"Der See aus der Luft"},"content":{"rendered":"\n<div id=\"lacvuduciel\" class=\"wp-block-group\"><div class=\"wp-block-group__inner-container is-layout-flow wp-block-group-is-layout-flow\">\n<div style=\"height:40px\" aria-hidden=\"true\" class=\"wp-block-spacer\"><\/div>\n\n\n\n<h2 class=\"wp-block-heading has-text-align-center\">Erleben Sie eine neue Erfahrung!<\/h2>\n\n\n<div class=\"wp-block-image\">\n<figure class=\"aligncenter size-large is-resized\"><img loading=\"lazy\" decoding=\"async\" width=\"1024\" height=\"576\" src=\"https:\/\/camping-savoie-levaugrais.com\/wp-content\/uploads\/2025\/01\/partez-a-laventure-en-allemand-20-1024x576.jpg\" alt=\"\" class=\"wp-image-16720\" style=\"width:338px;height:auto\" srcset=\"https:\/\/camping-savoie-levaugrais.com\/wp-content\/uploads\/2025\/01\/partez-a-laventure-en-allemand-20-1024x576.jpg 1024w, https:\/\/camping-savoie-levaugrais.com\/wp-content\/uploads\/2025\/01\/partez-a-laventure-en-allemand-20-300x169.jpg 300w, https:\/\/camping-savoie-levaugrais.com\/wp-content\/uploads\/2025\/01\/partez-a-laventure-en-allemand-20-768x432.jpg 768w, https:\/\/camping-savoie-levaugrais.com\/wp-content\/uploads\/2025\/01\/partez-a-laventure-en-allemand-20-1536x864.jpg 1536w, https:\/\/camping-savoie-levaugrais.com\/wp-content\/uploads\/2025\/01\/partez-a-laventure-en-allemand-20.jpg 1920w\" sizes=\"auto, (max-width: 1024px) 100vw, 1024px\" \/><\/figure>\n<\/div>\n\n\n<div class=\"wp-block-media-text is-stacked-on-mobile\"><figure class=\"wp-block-media-text__media\"><img loading=\"lazy\" decoding=\"async\" width=\"1024\" height=\"528\" src=\"https:\/\/camping-savoie-levaugrais.com\/wp-content\/uploads\/2025\/01\/GCAT_070609_HD-internet--1024x528.jpg\" alt=\"\" class=\"wp-image-16003 size-full\" srcset=\"https:\/\/camping-savoie-levaugrais.com\/wp-content\/uploads\/2025\/01\/GCAT_070609_HD-internet--1024x528.jpg 1024w, https:\/\/camping-savoie-levaugrais.com\/wp-content\/uploads\/2025\/01\/GCAT_070609_HD-internet--300x155.jpg 300w, https:\/\/camping-savoie-levaugrais.com\/wp-content\/uploads\/2025\/01\/GCAT_070609_HD-internet--768x396.jpg 768w, https:\/\/camping-savoie-levaugrais.com\/wp-content\/uploads\/2025\/01\/GCAT_070609_HD-internet-.jpg 1200w\" sizes=\"auto, (max-width: 1024px) 100vw, 1024px\" \/><\/figure><div class=\"wp-block-media-text__content\">\n<p class=\"wp-block-paragraph\">Erleben Sie die Emotionen einer Gleitschirmtaufe \u00fcber dem majest\u00e4tischen Lac du Bourget, dem gr\u00f6\u00dften nat\u00fcrlichen See Frankreichs.<\/p>\n\n\n\n<p class=\"wp-block-paragraph\">Lassen Sie sich vom Col du Sapenay aus durch die L\u00fcfte tragen und entdecken Sie atemberaubende Panoramen: Der See erstreckt sich unter Ihren F\u00fc\u00dfen, ruhig und ges\u00e4umt von Bergen, die in sein glitzerndes Wasser eintauchen.<\/p>\n\n\n\n<p class=\"wp-block-paragraph\">W\u00e4hlen Sie das f\u00fcr Sie passende Angebot &#8211; Einf\u00fchrung, Entdeckung oder Nervenkitzel &#8211; und begeben Sie sich an Bord f\u00fcr ein unvergessliches Erlebnis zwischen Himmel und Natur. G\u00f6nnen Sie sich einen Moment der Freiheit und des Staunens mit dem Wind!<\/p>\n<\/div><\/div>\n\n\n\n<div class=\"wp-block-media-text has-media-on-the-right is-stacked-on-mobile\"><div class=\"wp-block-media-text__content\">\n<p class=\"has-medium-font-size wp-block-paragraph\">Nur 24 km vom Campingplatz entfernt l\u00e4dt<strong> Takamaka<\/strong> Sie zu einem unvergesslichen Flugerlebnis auf dem Gipfel des Col du Sapenay (897 m) ein. Heben Sie zu einem 10- bis 30-min\u00fctigen Gleitschirmflug mit oder ohne Kunstflug ab und entdecken Sie den Lac du Bourget aus einem einzigartigen Blickwinkel.<\/p>\n\n\n\n<p class=\"has-medium-font-size wp-block-paragraph\">Unter Anleitung eines erfahrenen Fluglehrers bietet Ihnen dieser Moment, in dem die Zeit stillsteht, atemberaubende Panoramen \u00fcber den gr\u00f6\u00dften nat\u00fcrlichen See Frankreichs. <\/p>\n\n\n\n<p class=\"has-medium-font-size wp-block-paragraph\">Um dieses Abenteuer noch unvergesslicher zu machen, entscheiden Sie sich f\u00fcr die Option Foto\/Video und nehmen Sie unvergleichliche Erinnerungen mit nach Hause. Sind Sie bereit, in die H\u00f6he zu steigen?<\/p>\n<\/div><figure class=\"wp-block-media-text__media\"><img loading=\"lazy\" decoding=\"async\" width=\"1024\" height=\"528\" src=\"https:\/\/camping-savoie-levaugrais.com\/wp-content\/uploads\/2025\/01\/GCAT_070634_HD-internet--1024x528.jpg\" alt=\"\" class=\"wp-image-16007 size-full\" srcset=\"https:\/\/camping-savoie-levaugrais.com\/wp-content\/uploads\/2025\/01\/GCAT_070634_HD-internet--1024x528.jpg 1024w, https:\/\/camping-savoie-levaugrais.com\/wp-content\/uploads\/2025\/01\/GCAT_070634_HD-internet--300x155.jpg 300w, https:\/\/camping-savoie-levaugrais.com\/wp-content\/uploads\/2025\/01\/GCAT_070634_HD-internet--768x396.jpg 768w, https:\/\/camping-savoie-levaugrais.com\/wp-content\/uploads\/2025\/01\/GCAT_070634_HD-internet-.jpg 1200w\" sizes=\"auto, (max-width: 1024px) 100vw, 1024px\" \/><\/figure><\/div>\n\n\n\n<div class=\"wp-block-group alignwide has-background\" style=\"background-color:#17bfc2\"><div class=\"wp-block-group__inner-container is-layout-flow wp-block-group-is-layout-flow\">\n<figure class=\"wp-block-image\"><img loading=\"lazy\" decoding=\"async\" width=\"1269\" height=\"424\" src=\"https:\/\/camping-savoie-levaugrais.com\/wp-content\/uploads\/2021\/08\/Takamaka2.jpg\" alt=\"\" class=\"wp-image-749\" srcset=\"https:\/\/camping-savoie-levaugrais.com\/wp-content\/uploads\/2021\/08\/Takamaka2.jpg 1269w, https:\/\/camping-savoie-levaugrais.com\/wp-content\/uploads\/2021\/08\/Takamaka2-300x100.jpg 300w, https:\/\/camping-savoie-levaugrais.com\/wp-content\/uploads\/2021\/08\/Takamaka2-1024x342.jpg 1024w, https:\/\/camping-savoie-levaugrais.com\/wp-content\/uploads\/2021\/08\/Takamaka2-768x257.jpg 768w\" sizes=\"auto, (max-width: 1269px) 100vw, 1269px\" \/><\/figure>\n<\/div><\/div>\n<\/div><\/div>\n\n\n\t\t\t<div id=\"sevgallery-163008698\" class=\"sev-diaporama sev-diaporama-portfolio\">\n\t\t\t<div class=\"row\">\n\n\t\t\t\n\t\t\t\t\n\t\t\t\t<div class=\"sev-diaporama-portfolio-item col-12 col-lg  col-grow\">\n\t\t\t\t\t<!--<a href=\"https:\/\/camping-savoie-levaugrais.com\/wp-content\/uploads\/2021\/09\/GCAT_070590_HD.jpg\" data-lightbox=\"sevgallery-163008698\" style=\"background-image: url(https:\/\/camping-savoie-levaugrais.com\/wp-content\/uploads\/2021\/09\/GCAT_070590_HD.jpg)\">-->\n\t\t\t\t\t<a href=\"https:\/\/camping-savoie-levaugrais.com\/wp-content\/uploads\/2021\/09\/GCAT_070590_HD.jpg\" data-lightbox=\"sevgallery-163008698\">\n\t\t\t\t\t\t<img decoding=\"async\" src=\"https:\/\/camping-savoie-levaugrais.com\/wp-content\/uploads\/2021\/09\/GCAT_070590_HD.jpg\" alt=\"parapente au dessus du lac du bourget\" loading=\"lazy\">\n\t\t\t\t\t<\/a>\n\t\t\t\t<\/div>\n\n\t\t\t\t\n\t\t\t\t\t\t\t\t\t\t\t\n\t\t\t\t\n\t\t\t\t<div class=\"sev-diaporama-portfolio-item col-12 col-lg \">\n\t\t\t\t\t<!--<a href=\"https:\/\/camping-savoie-levaugrais.com\/wp-content\/uploads\/2021\/09\/GCAT_070591_HD.jpg\" data-lightbox=\"sevgallery-163008698\" style=\"background-image: url(https:\/\/camping-savoie-levaugrais.com\/wp-content\/uploads\/2021\/09\/GCAT_070591_HD.jpg)\">-->\n\t\t\t\t\t<a href=\"https:\/\/camping-savoie-levaugrais.com\/wp-content\/uploads\/2021\/09\/GCAT_070591_HD.jpg\" data-lightbox=\"sevgallery-163008698\">\n\t\t\t\t\t\t<img decoding=\"async\" src=\"https:\/\/camping-savoie-levaugrais.com\/wp-content\/uploads\/2021\/09\/GCAT_070591_HD.jpg\" alt=\"le lac du bourget vu du ciel en parapente\" loading=\"lazy\">\n\t\t\t\t\t<\/a>\n\t\t\t\t<\/div>\n\n\t\t\t\t\n\t\t\t\t\t\t\t\t\t\t\t\n\t\t\t\t\n\t\t\t\t<div class=\"sev-diaporama-portfolio-item col-12 col-lg \">\n\t\t\t\t\t<!--<a href=\"https:\/\/camping-savoie-levaugrais.com\/wp-content\/uploads\/2021\/09\/GCAT_070609_HD.jpg\" data-lightbox=\"sevgallery-163008698\" style=\"background-image: url(https:\/\/camping-savoie-levaugrais.com\/wp-content\/uploads\/2021\/09\/GCAT_070609_HD.jpg)\">-->\n\t\t\t\t\t<a href=\"https:\/\/camping-savoie-levaugrais.com\/wp-content\/uploads\/2021\/09\/GCAT_070609_HD.jpg\" data-lightbox=\"sevgallery-163008698\">\n\t\t\t\t\t\t<img decoding=\"async\" src=\"https:\/\/camping-savoie-levaugrais.com\/wp-content\/uploads\/2021\/09\/GCAT_070609_HD.jpg\" alt=\"vol au dessus du lac du bourget\" loading=\"lazy\">\n\t\t\t\t\t<\/a>\n\t\t\t\t<\/div>\n\n\t\t\t\t\n\t\t\t\t\t\t\t\t\t\t\t\n\t\t\t\t\n\t\t\t\t<div class=\"sev-diaporama-portfolio-item col-12 col-lg \">\n\t\t\t\t\t<!--<a href=\"https:\/\/camping-savoie-levaugrais.com\/wp-content\/uploads\/2021\/09\/GCAT_070605_HD.jpg\" data-lightbox=\"sevgallery-163008698\" style=\"background-image: url(https:\/\/camping-savoie-levaugrais.com\/wp-content\/uploads\/2021\/09\/GCAT_070605_HD.jpg)\">-->\n\t\t\t\t\t<a href=\"https:\/\/camping-savoie-levaugrais.com\/wp-content\/uploads\/2021\/09\/GCAT_070605_HD.jpg\" data-lightbox=\"sevgallery-163008698\">\n\t\t\t\t\t\t<img decoding=\"async\" src=\"https:\/\/camping-savoie-levaugrais.com\/wp-content\/uploads\/2021\/09\/GCAT_070605_HD.jpg\" alt=\"vol au dessus du lac du bourget parapente\" loading=\"lazy\">\n\t\t\t\t\t<\/a>\n\t\t\t\t<\/div>\n\n\t\t\t\t\t\t\t\t\t<div class=\"w-100\"><\/div>\n\t\t\t\t\t\t\t\t\t\n\t\t\t\t\t\t\t\t\t\t\t\n\t\t\t\t\n\t\t\t\t<div class=\"sev-diaporama-portfolio-item col-12 col-lg  col-grow\">\n\t\t\t\t\t<!--<a href=\"https:\/\/camping-savoie-levaugrais.com\/wp-content\/uploads\/2021\/09\/GCAT_070594_HD.jpg\" data-lightbox=\"sevgallery-163008698\" style=\"background-image: url(https:\/\/camping-savoie-levaugrais.com\/wp-content\/uploads\/2021\/09\/GCAT_070594_HD.jpg)\">-->\n\t\t\t\t\t<a href=\"https:\/\/camping-savoie-levaugrais.com\/wp-content\/uploads\/2021\/09\/GCAT_070594_HD.jpg\" data-lightbox=\"sevgallery-163008698\">\n\t\t\t\t\t\t<img decoding=\"async\" src=\"https:\/\/camping-savoie-levaugrais.com\/wp-content\/uploads\/2021\/09\/GCAT_070594_HD.jpg\" alt=\"vol au dessus du lac du bourget\" loading=\"lazy\">\n\t\t\t\t\t<\/a>\n\t\t\t\t<\/div>\n\n\t\t\t\t\n\t\t\t\t\t\t\t\t\t\t\t\n\t\t\t\t\n\t\t\t\t<div class=\"sev-diaporama-portfolio-item col-12 col-lg \">\n\t\t\t\t\t<!--<a href=\"https:\/\/camping-savoie-levaugrais.com\/wp-content\/uploads\/2021\/09\/GCAT_070593_HD.jpg\" data-lightbox=\"sevgallery-163008698\" style=\"background-image: url(https:\/\/camping-savoie-levaugrais.com\/wp-content\/uploads\/2021\/09\/GCAT_070593_HD.jpg)\">-->\n\t\t\t\t\t<a href=\"https:\/\/camping-savoie-levaugrais.com\/wp-content\/uploads\/2021\/09\/GCAT_070593_HD.jpg\" data-lightbox=\"sevgallery-163008698\">\n\t\t\t\t\t\t<img decoding=\"async\" src=\"https:\/\/camping-savoie-levaugrais.com\/wp-content\/uploads\/2021\/09\/GCAT_070593_HD.jpg\" alt=\"vol au dessus du lac du bourget\" loading=\"lazy\">\n\t\t\t\t\t<\/a>\n\t\t\t\t<\/div>\n\n\t\t\t\t\n\t\t\t\t\t\t\t\t\t\t\t\n\t\t\t\t\n\t\t\t\t<div class=\"sev-diaporama-portfolio-item col-12 col-lg  col-grow\">\n\t\t\t\t\t<!--<a href=\"https:\/\/camping-savoie-levaugrais.com\/wp-content\/uploads\/2021\/09\/GCAT_070636_HD.jpg\" data-lightbox=\"sevgallery-163008698\" style=\"background-image: url(https:\/\/camping-savoie-levaugrais.com\/wp-content\/uploads\/2021\/09\/GCAT_070636_HD.jpg)\">-->\n\t\t\t\t\t<a href=\"https:\/\/camping-savoie-levaugrais.com\/wp-content\/uploads\/2021\/09\/GCAT_070636_HD.jpg\" data-lightbox=\"sevgallery-163008698\">\n\t\t\t\t\t\t<img decoding=\"async\" src=\"https:\/\/camping-savoie-levaugrais.com\/wp-content\/uploads\/2021\/09\/GCAT_070636_HD.jpg\" alt=\"le lac du bourget vu du ciel\" loading=\"lazy\">\n\t\t\t\t\t<\/a>\n\t\t\t\t<\/div>\n\n\t\t\t\t\n\t\t\t\t\t\t\t\t\t\t\t\n\t\t\t\t\n\t\t\t\t<div class=\"sev-diaporama-portfolio-item col-12 col-lg  col-shrink\">\n\t\t\t\t\t<!--<a href=\"https:\/\/camping-savoie-levaugrais.com\/wp-content\/uploads\/2021\/09\/GCAT_070634_HD.jpg\" data-lightbox=\"sevgallery-163008698\" style=\"background-image: url(https:\/\/camping-savoie-levaugrais.com\/wp-content\/uploads\/2021\/09\/GCAT_070634_HD.jpg)\">-->\n\t\t\t\t\t<a href=\"https:\/\/camping-savoie-levaugrais.com\/wp-content\/uploads\/2021\/09\/GCAT_070634_HD.jpg\" data-lightbox=\"sevgallery-163008698\">\n\t\t\t\t\t\t<img decoding=\"async\" src=\"https:\/\/camping-savoie-levaugrais.com\/wp-content\/uploads\/2021\/09\/GCAT_070634_HD.jpg\" alt=\"le lac du bourget vu du ciel\" loading=\"lazy\">\n\t\t\t\t\t<\/a>\n\t\t\t\t<\/div>\n\n\t\t\t\t\t\t\t\t\t<div class=\"w-100\"><\/div>\n\t\t\t\t\t\t\t\t\t\n\t\t\t\t\t\t\t\t\t\t\t\t\t\t<\/div>\n\t\t\t<\/div>\n\n\t\t\t<script>\n\t\t\tjQuery(function($) {\n\n\t\t\t\tvar marginPortfolio = function() {\n\n\t\t\t\t\tvar $diapo          = $('#sevgallery-163008698');\n\t\t\t\t\tvar container_width = $diapo.parent().outerWidth();\n\t\t\t\t\tvar side            = ( $(window).innerWidth() - container_width ) \/ 2;\n\n\t\t\t\t\t$diapo.css( {\n\t\t\t\t\t\t'margin-left': '-' + side + 'px',\n\t\t\t\t\t\t'margin-right': '-' + side + 'px',\n\t\t\t\t\t} );\n\t\t\t\t};\n\n\t\t\t\t$( window ).resize( function() {\n\t\t\t\t\tmarginPortfolio();\n\t\t\t\t} );\n\t\t\t\tmarginPortfolio();\n\t\t\t});\n\t\t\t<\/script>\n\t\t\t\n","protected":false},"excerpt":{"rendered":"<p>Erleben Sie eine neue Erfahrung! Erleben Sie die Emotionen einer Gleitschirmtaufe \u00fcber dem majest\u00e4tischen Lac du Bourget, dem gr\u00f6\u00dften nat\u00fcrlichen See Frankreichs. Lassen Sie sich vom Col du Sapenay aus durch die L\u00fcfte tragen und entdecken Sie atemberaubende Panoramen: Der See erstreckt sich unter Ihren F\u00fc\u00dfen, ruhig und ges\u00e4umt von Bergen, die in sein glitzerndes [&hellip;]<\/p>\n","protected":false},"author":1,"featured_media":0,"parent":13202,"menu_order":0,"comment_status":"closed","ping_status":"closed","template":"","meta":{"_seopress_robots_primary_cat":"","_seopress_titles_title":"Paragliding \u00fcber dem See von Bourget - Camping 3*.","_seopress_titles_desc":"Der Lac du Bourget, wie Sie ihn noch nie gesehen haben. Fliegen Sie mit dem Gleitschirm \u00fcber den See. Ein einzigartiges Erlebnis in der N\u00e4he des Campingplatzes.","_seopress_robots_index":"","_crdt_document":"","footnotes":""},"class_list":["post-13229","page","type-page","status-publish","hentry"],"_links":{"self":[{"href":"https:\/\/camping-savoie-levaugrais.com\/de\/wp-json\/wp\/v2\/pages\/13229","targetHints":{"allow":["GET"]}}],"collection":[{"href":"https:\/\/camping-savoie-levaugrais.com\/de\/wp-json\/wp\/v2\/pages"}],"about":[{"href":"https:\/\/camping-savoie-levaugrais.com\/de\/wp-json\/wp\/v2\/types\/page"}],"author":[{"embeddable":true,"href":"https:\/\/camping-savoie-levaugrais.com\/de\/wp-json\/wp\/v2\/users\/1"}],"replies":[{"embeddable":true,"href":"https:\/\/camping-savoie-levaugrais.com\/de\/wp-json\/wp\/v2\/comments?post=13229"}],"version-history":[{"count":3,"href":"https:\/\/camping-savoie-levaugrais.com\/de\/wp-json\/wp\/v2\/pages\/13229\/revisions"}],"predecessor-version":[{"id":16724,"href":"https:\/\/camping-savoie-levaugrais.com\/de\/wp-json\/wp\/v2\/pages\/13229\/revisions\/16724"}],"up":[{"embeddable":true,"href":"https:\/\/camping-savoie-levaugrais.com\/de\/wp-json\/wp\/v2\/pages\/13202"}],"wp:attachment":[{"href":"https:\/\/camping-savoie-levaugrais.com\/de\/wp-json\/wp\/v2\/media?parent=13229"}],"curies":[{"name":"wp","href":"https:\/\/api.w.org\/{rel}","templated":true}]}}