{"id":13231,"date":"2024-10-10T11:50:54","date_gmt":"2024-10-10T09:50:54","guid":{"rendered":"https:\/\/camping-savoie-levaugrais.com\/ein-erlebnis-nur-fuer-uns-beide\/der-see-in-absoluter-privatsphaere\/"},"modified":"2025-01-04T12:01:26","modified_gmt":"2025-01-04T11:01:26","slug":"der-see-in-absoluter-privatsphaere","status":"publish","type":"page","link":"https:\/\/camping-savoie-levaugrais.com\/de\/ein-erlebnis-nur-fuer-uns-beide\/der-see-in-absoluter-privatsphaere\/","title":{"rendered":"Der See in absoluter Privatsph\u00e4re"},"content":{"rendered":"<div class=\"wp-block-image\">\n<figure class=\"aligncenter size-large is-resized\"><img loading=\"lazy\" decoding=\"async\" width=\"1024\" height=\"576\" src=\"https:\/\/camping-savoie-levaugrais.com\/wp-content\/uploads\/2025\/01\/partez-a-laventure-en-allemand-12-1024x576.jpg\" alt=\"\" class=\"wp-image-16680\" style=\"width:416px;height:auto\" srcset=\"https:\/\/camping-savoie-levaugrais.com\/wp-content\/uploads\/2025\/01\/partez-a-laventure-en-allemand-12-1024x576.jpg 1024w, https:\/\/camping-savoie-levaugrais.com\/wp-content\/uploads\/2025\/01\/partez-a-laventure-en-allemand-12-300x169.jpg 300w, https:\/\/camping-savoie-levaugrais.com\/wp-content\/uploads\/2025\/01\/partez-a-laventure-en-allemand-12-768x432.jpg 768w, https:\/\/camping-savoie-levaugrais.com\/wp-content\/uploads\/2025\/01\/partez-a-laventure-en-allemand-12-1536x864.jpg 1536w, https:\/\/camping-savoie-levaugrais.com\/wp-content\/uploads\/2025\/01\/partez-a-laventure-en-allemand-12.jpg 1920w\" sizes=\"auto, (max-width: 1024px) 100vw, 1024px\" \/><\/figure>\n<\/div>\n\n\n<div class=\"wp-block-media-text is-stacked-on-mobile\"><figure class=\"wp-block-media-text__media\"><img loading=\"lazy\" decoding=\"async\" width=\"1024\" height=\"528\" src=\"https:\/\/camping-savoie-levaugrais.com\/wp-content\/uploads\/2025\/01\/SMBT-SB06238-SavoieMontBlanc-Bijasson-internet-1024x528.jpg\" alt=\"\" class=\"wp-image-15963 size-full\" srcset=\"https:\/\/camping-savoie-levaugrais.com\/wp-content\/uploads\/2025\/01\/SMBT-SB06238-SavoieMontBlanc-Bijasson-internet-1024x528.jpg 1024w, https:\/\/camping-savoie-levaugrais.com\/wp-content\/uploads\/2025\/01\/SMBT-SB06238-SavoieMontBlanc-Bijasson-internet-300x155.jpg 300w, https:\/\/camping-savoie-levaugrais.com\/wp-content\/uploads\/2025\/01\/SMBT-SB06238-SavoieMontBlanc-Bijasson-internet-768x396.jpg 768w, https:\/\/camping-savoie-levaugrais.com\/wp-content\/uploads\/2025\/01\/SMBT-SB06238-SavoieMontBlanc-Bijasson-internet.jpg 1200w\" sizes=\"auto, (max-width: 1024px) 100vw, 1024px\" \/><\/figure><div class=\"wp-block-media-text__content\">\n<p class=\"has-medium-font-size wp-block-paragraph\">Der atemberaubend sch\u00f6ne Lac du Bourget l\u00e4dt Sie mit seinem kristallklaren Wasser zu einer heiteren Auszeit ein.<\/p>\n\n\n\n<p class=\"has-medium-font-size wp-block-paragraph\">Wenn Sie sich<strong> der Abtei von Hautecombe<\/strong> n\u00e4hern, werden Sie von der Erhabenheit dieses geschichtstr\u00e4chtigen Ortes beeindruckt sein, der mit seiner ganzen Gr\u00f6\u00dfe an den See grenzt. Die im 12. Jahrhundert gegr\u00fcndete Abtei, ein Juwel der savoyischen Architektur, bietet einen atemberaubenden Blick auf den See und das Massif des Bauges.<\/p>\n\n\n\n<p class=\"has-medium-font-size wp-block-paragraph\">Schlendern Sie durch ihre G\u00e4rten und lassen Sie sich von der Ruhe, die an diesen heiligen Orten herrscht, verzaubern. Dieser Ort, Zeuge jahrhundertelanger Hingabe und Kunst, l\u00e4sst Sie in eine einzigartige Atmosph\u00e4re eintauchen. Eine wahre Zeitreise, bei der die Sch\u00f6nheit des Sees und die Geschichte der Abtei harmonisch miteinander verschmelzen. Ein Moment des Friedens und der Kontemplation, den Sie nicht verpassen sollten.<\/p>\n<\/div><\/div>\n\n\n\n<div class=\"wp-block-media-text has-media-on-the-right is-stacked-on-mobile\"><div class=\"wp-block-media-text__content\">\n<p class=\"has-medium-font-size wp-block-paragraph\"><strong>Der Belv\u00e9d\u00e8re d&#8217;Ontex<\/strong> \u00f6ffnet Ihnen seine Arme, wo die Seele zur Ruhe kommt und der Horizont sich ausdehnt. Dort l\u00e4dt Sie eine sanfte Rast dazu ein, den See, den heiteren Spiegel des Himmels, und die Abtei, das Erbe der Zeit, zu betrachten.<\/p>\n\n\n\n<p class=\"has-medium-font-size wp-block-paragraph\">Gourmetpause, in der jeder Bissen die Harmonie des Ortes besingt. Der Windhauch streichelt Sie, und die Sch\u00f6nheit zieht Sie in ihren Bann. Ein schwebender Moment zwischen Erde und Himmel.<\/p>\n<\/div><figure class=\"wp-block-media-text__media\"><img loading=\"lazy\" decoding=\"async\" width=\"1024\" height=\"528\" src=\"https:\/\/camping-savoie-levaugrais.com\/wp-content\/uploads\/2025\/01\/IMG_0351-format-modifie-jpeg-top-internet-1024x528.jpg\" alt=\"\" class=\"wp-image-15967 size-full\" srcset=\"https:\/\/camping-savoie-levaugrais.com\/wp-content\/uploads\/2025\/01\/IMG_0351-format-modifie-jpeg-top-internet-1024x528.jpg 1024w, https:\/\/camping-savoie-levaugrais.com\/wp-content\/uploads\/2025\/01\/IMG_0351-format-modifie-jpeg-top-internet-300x155.jpg 300w, https:\/\/camping-savoie-levaugrais.com\/wp-content\/uploads\/2025\/01\/IMG_0351-format-modifie-jpeg-top-internet-768x396.jpg 768w, https:\/\/camping-savoie-levaugrais.com\/wp-content\/uploads\/2025\/01\/IMG_0351-format-modifie-jpeg-top-internet.jpg 1200w\" sizes=\"auto, (max-width: 1024px) 100vw, 1024px\" \/><\/figure><\/div>\n\n\n\n<div class=\"wp-block-media-text is-stacked-on-mobile\"><figure class=\"wp-block-media-text__media\"><img loading=\"lazy\" decoding=\"async\" width=\"1024\" height=\"444\" src=\"https:\/\/camping-savoie-levaugrais.com\/wp-content\/uploads\/2025\/01\/IMG_0338-format-modifie-jpeg-1024x444.jpg\" alt=\"\" class=\"wp-image-15971 size-full\" srcset=\"https:\/\/camping-savoie-levaugrais.com\/wp-content\/uploads\/2025\/01\/IMG_0338-format-modifie-jpeg-1024x444.jpg 1024w, https:\/\/camping-savoie-levaugrais.com\/wp-content\/uploads\/2025\/01\/IMG_0338-format-modifie-jpeg-300x130.jpg 300w, https:\/\/camping-savoie-levaugrais.com\/wp-content\/uploads\/2025\/01\/IMG_0338-format-modifie-jpeg-768x333.jpg 768w, https:\/\/camping-savoie-levaugrais.com\/wp-content\/uploads\/2025\/01\/IMG_0338-format-modifie-jpeg-1536x666.jpg 1536w, https:\/\/camping-savoie-levaugrais.com\/wp-content\/uploads\/2025\/01\/IMG_0338-format-modifie-jpeg-2048x888.jpg 2048w\" sizes=\"auto, (max-width: 1024px) 100vw, 1024px\" \/><\/figure><div class=\"wp-block-media-text__content\">\n<p class=\"has-medium-font-size wp-block-paragraph\"><strong>Warum schlie\u00dfen Sie diesen Tag nicht mit einem sanften Spaziergang in Ontex ab?<\/strong><\/p>\n\n\n\n<p class=\"has-medium-font-size wp-block-paragraph\">Dieser h\u00fcbsche, von Geheimnissen durchwobene Pfad f\u00fchrt Sie ins Herz der Natur und bietet Ihnen atemberaubende Ausblicke auf den See und das majest\u00e4tische Bauges-Massiv. Lassen Sie sich von Ihren Schritten leiten, w\u00e4hrend Sie die reine Bergluft einatmen.<\/p>\n\n\n\n<p class=\"has-medium-font-size wp-block-paragraph\">Sie k\u00f6nnen in Ontex parken, und bei jedem Schritt wird der Horizont zum Traum. Die farbenfrohe D\u00e4mmerung wird diesen Moment in ein sanftes Licht tauchen. Eine Reise ans Ende der Seele, eine Einladung, jeden Augenblick zu genie\u00dfen. Ein Tag voller Freude und Poesie, den Sie in Ihr Herz aufnehmen k\u00f6nnen.<\/p>\n<\/div><\/div>\n\n\n\t\t\t<div id=\"sevgallery-1653959913\" class=\"sev-diaporama sev-diaporama-portfolio\">\n\t\t\t<div class=\"row\">\n\n\t\t\t\n\t\t\t\t\n\t\t\t\t<div class=\"sev-diaporama-portfolio-item col-12 col-lg \">\n\t\t\t\t\t<!--<a href=\"https:\/\/camping-savoie-levaugrais.com\/wp-content\/uploads\/2021\/09\/SMBT-EB0012-SavoieMontBlanc-Boutet-4000px.jpg\" data-lightbox=\"sevgallery-1653959913\" style=\"background-image: url(https:\/\/camping-savoie-levaugrais.com\/wp-content\/uploads\/2021\/09\/SMBT-EB0012-SavoieMontBlanc-Boutet-4000px.jpg)\">-->\n\t\t\t\t\t<a href=\"https:\/\/camping-savoie-levaugrais.com\/wp-content\/uploads\/2021\/09\/SMBT-EB0012-SavoieMontBlanc-Boutet-4000px.jpg\" data-lightbox=\"sevgallery-1653959913\">\n\t\t\t\t\t\t<img decoding=\"async\" src=\"https:\/\/camping-savoie-levaugrais.com\/wp-content\/uploads\/2021\/09\/SMBT-EB0012-SavoieMontBlanc-Boutet-4000px.jpg\" alt=\"chanaz\" loading=\"lazy\">\n\t\t\t\t\t<\/a>\n\t\t\t\t<\/div>\n\n\t\t\t\t\n\t\t\t\t\t\t\t\t\t\t\t\n\t\t\t\t\n\t\t\t\t<div class=\"sev-diaporama-portfolio-item col-12 col-lg \">\n\t\t\t\t\t<!--<a href=\"https:\/\/camping-savoie-levaugrais.com\/wp-content\/uploads\/2021\/09\/SMBT-JR0002-SavoieMontBlanc-Rizzon-4000px.jpg\" data-lightbox=\"sevgallery-1653959913\" style=\"background-image: url(https:\/\/camping-savoie-levaugrais.com\/wp-content\/uploads\/2021\/09\/SMBT-JR0002-SavoieMontBlanc-Rizzon-4000px.jpg)\">-->\n\t\t\t\t\t<a href=\"https:\/\/camping-savoie-levaugrais.com\/wp-content\/uploads\/2021\/09\/SMBT-JR0002-SavoieMontBlanc-Rizzon-4000px.jpg\" data-lightbox=\"sevgallery-1653959913\">\n\t\t\t\t\t\t<img decoding=\"async\" src=\"https:\/\/camping-savoie-levaugrais.com\/wp-content\/uploads\/2021\/09\/SMBT-JR0002-SavoieMontBlanc-Rizzon-4000px.jpg\" alt=\"canal de Savi\u00e8re\" loading=\"lazy\">\n\t\t\t\t\t<\/a>\n\t\t\t\t<\/div>\n\n\t\t\t\t\n\t\t\t\t\t\t\t\t\t\t\t\n\t\t\t\t\n\t\t\t\t<div class=\"sev-diaporama-portfolio-item col-12 col-lg  col-grow\">\n\t\t\t\t\t<!--<a href=\"https:\/\/camping-savoie-levaugrais.com\/wp-content\/uploads\/2021\/09\/SMBT-SB0056-SavoieMontBlanc-Bijasson-4000px.jpg\" data-lightbox=\"sevgallery-1653959913\" style=\"background-image: url(https:\/\/camping-savoie-levaugrais.com\/wp-content\/uploads\/2021\/09\/SMBT-SB0056-SavoieMontBlanc-Bijasson-4000px.jpg)\">-->\n\t\t\t\t\t<a href=\"https:\/\/camping-savoie-levaugrais.com\/wp-content\/uploads\/2021\/09\/SMBT-SB0056-SavoieMontBlanc-Bijasson-4000px.jpg\" data-lightbox=\"sevgallery-1653959913\">\n\t\t\t\t\t\t<img decoding=\"async\" src=\"https:\/\/camping-savoie-levaugrais.com\/wp-content\/uploads\/2021\/09\/SMBT-SB0056-SavoieMontBlanc-Bijasson-4000px.jpg\" alt=\"canal de Savi\u00e8re\" loading=\"lazy\">\n\t\t\t\t\t<\/a>\n\t\t\t\t<\/div>\n\n\t\t\t\t\n\t\t\t\t\t\t\t\t\t\t\t\n\t\t\t\t\n\t\t\t\t<div class=\"sev-diaporama-portfolio-item col-12 col-lg \">\n\t\t\t\t\t<!--<a href=\"https:\/\/camping-savoie-levaugrais.com\/wp-content\/uploads\/2021\/09\/SMBT-SB0057-SavoieMontBlanc-Bijasson-4000px.jpg\" data-lightbox=\"sevgallery-1653959913\" style=\"background-image: url(https:\/\/camping-savoie-levaugrais.com\/wp-content\/uploads\/2021\/09\/SMBT-SB0057-SavoieMontBlanc-Bijasson-4000px.jpg)\">-->\n\t\t\t\t\t<a href=\"https:\/\/camping-savoie-levaugrais.com\/wp-content\/uploads\/2021\/09\/SMBT-SB0057-SavoieMontBlanc-Bijasson-4000px.jpg\" data-lightbox=\"sevgallery-1653959913\">\n\t\t\t\t\t\t<img decoding=\"async\" src=\"https:\/\/camping-savoie-levaugrais.com\/wp-content\/uploads\/2021\/09\/SMBT-SB0057-SavoieMontBlanc-Bijasson-4000px.jpg\" alt=\"canal de Savi\u00e8re\" loading=\"lazy\">\n\t\t\t\t\t<\/a>\n\t\t\t\t<\/div>\n\n\t\t\t\t\t\t\t\t\t<div class=\"w-100\"><\/div>\n\t\t\t\t\t\t\t\t\t\n\t\t\t\t\t\t\t\t\t\t\t\n\t\t\t\t\n\t\t\t\t<div class=\"sev-diaporama-portfolio-item col-12 col-lg  col-grow\">\n\t\t\t\t\t<!--<a href=\"https:\/\/camping-savoie-levaugrais.com\/wp-content\/uploads\/2021\/07\/lacdubourgetjpg.jpg\" data-lightbox=\"sevgallery-1653959913\" style=\"background-image: url(https:\/\/camping-savoie-levaugrais.com\/wp-content\/uploads\/2021\/07\/lacdubourgetjpg.jpg)\">-->\n\t\t\t\t\t<a href=\"https:\/\/camping-savoie-levaugrais.com\/wp-content\/uploads\/2021\/07\/lacdubourgetjpg.jpg\" data-lightbox=\"sevgallery-1653959913\">\n\t\t\t\t\t\t<img decoding=\"async\" src=\"https:\/\/camping-savoie-levaugrais.com\/wp-content\/uploads\/2021\/07\/lacdubourgetjpg.jpg\" alt=\"lac du bourget\" loading=\"lazy\">\n\t\t\t\t\t<\/a>\n\t\t\t\t<\/div>\n\n\t\t\t\t\n\t\t\t\t\t\t\t\t\t\t\t\n\t\t\t\t\n\t\t\t\t<div class=\"sev-diaporama-portfolio-item col-12 col-lg \">\n\t\t\t\t\t<!--<a href=\"https:\/\/camping-savoie-levaugrais.com\/wp-content\/uploads\/2021\/07\/lacdubourget.jpg\" data-lightbox=\"sevgallery-1653959913\" style=\"background-image: url(https:\/\/camping-savoie-levaugrais.com\/wp-content\/uploads\/2021\/07\/lacdubourget.jpg)\">-->\n\t\t\t\t\t<a href=\"https:\/\/camping-savoie-levaugrais.com\/wp-content\/uploads\/2021\/07\/lacdubourget.jpg\" data-lightbox=\"sevgallery-1653959913\">\n\t\t\t\t\t\t<img decoding=\"async\" src=\"https:\/\/camping-savoie-levaugrais.com\/wp-content\/uploads\/2021\/07\/lacdubourget.jpg\" alt=\"lac du bourget savoie\" loading=\"lazy\">\n\t\t\t\t\t<\/a>\n\t\t\t\t<\/div>\n\n\t\t\t\t\n\t\t\t\t\t\t\t\t\t\t\t\n\t\t\t\t\n\t\t\t\t<div class=\"sev-diaporama-portfolio-item col-12 col-lg  col-grow\">\n\t\t\t\t\t<!--<a href=\"https:\/\/camping-savoie-levaugrais.com\/wp-content\/uploads\/2021\/07\/lacdubourget3.jpg\" data-lightbox=\"sevgallery-1653959913\" style=\"background-image: url(https:\/\/camping-savoie-levaugrais.com\/wp-content\/uploads\/2021\/07\/lacdubourget3.jpg)\">-->\n\t\t\t\t\t<a href=\"https:\/\/camping-savoie-levaugrais.com\/wp-content\/uploads\/2021\/07\/lacdubourget3.jpg\" data-lightbox=\"sevgallery-1653959913\">\n\t\t\t\t\t\t<img decoding=\"async\" src=\"https:\/\/camping-savoie-levaugrais.com\/wp-content\/uploads\/2021\/07\/lacdubourget3.jpg\" alt=\"lac du bourget 3\" loading=\"lazy\">\n\t\t\t\t\t<\/a>\n\t\t\t\t<\/div>\n\n\t\t\t\t\n\t\t\t\t\t\t\t\t\t\t\t\n\t\t\t\t\n\t\t\t\t<div class=\"sev-diaporama-portfolio-item col-12 col-lg \">\n\t\t\t\t\t<!--<a href=\"https:\/\/camping-savoie-levaugrais.com\/wp-content\/uploads\/2021\/07\/lacdubourget1.jpg\" data-lightbox=\"sevgallery-1653959913\" style=\"background-image: url(https:\/\/camping-savoie-levaugrais.com\/wp-content\/uploads\/2021\/07\/lacdubourget1.jpg)\">-->\n\t\t\t\t\t<a href=\"https:\/\/camping-savoie-levaugrais.com\/wp-content\/uploads\/2021\/07\/lacdubourget1.jpg\" data-lightbox=\"sevgallery-1653959913\">\n\t\t\t\t\t\t<img decoding=\"async\" src=\"https:\/\/camping-savoie-levaugrais.com\/wp-content\/uploads\/2021\/07\/lacdubourget1.jpg\" alt=\"lac du bourget 1\" loading=\"lazy\">\n\t\t\t\t\t<\/a>\n\t\t\t\t<\/div>\n\n\t\t\t\t\t\t\t\t\t<div class=\"w-100\"><\/div>\n\t\t\t\t\t\t\t\t\t\n\t\t\t\t\t\t\t\t\t\t\t\t\t\t<\/div>\n\t\t\t<\/div>\n\n\t\t\t<script>\n\t\t\tjQuery(function($) {\n\n\t\t\t\tvar marginPortfolio = function() {\n\n\t\t\t\t\tvar $diapo          = $('#sevgallery-1653959913');\n\t\t\t\t\tvar container_width = $diapo.parent().outerWidth();\n\t\t\t\t\tvar side            = ( $(window).innerWidth() - container_width ) \/ 2;\n\n\t\t\t\t\t$diapo.css( {\n\t\t\t\t\t\t'margin-left': '-' + side + 'px',\n\t\t\t\t\t\t'margin-right': '-' + side + 'px',\n\t\t\t\t\t} );\n\t\t\t\t};\n\n\t\t\t\t$( window ).resize( function() {\n\t\t\t\t\tmarginPortfolio();\n\t\t\t\t} );\n\t\t\t\tmarginPortfolio();\n\t\t\t});\n\t\t\t<\/script>\n\t\t\t\n","protected":false},"excerpt":{"rendered":"<p>Der atemberaubend sch\u00f6ne Lac du Bourget l\u00e4dt Sie mit seinem kristallklaren Wasser zu einer heiteren Auszeit ein. Wenn Sie sich der Abtei von Hautecombe n\u00e4hern, werden Sie von der Erhabenheit dieses geschichtstr\u00e4chtigen Ortes beeindruckt sein, der mit seiner ganzen Gr\u00f6\u00dfe an den See grenzt. Die im 12. Jahrhundert gegr\u00fcndete Abtei, ein Juwel der savoyischen Architektur, [&hellip;]<\/p>\n","protected":false},"author":1,"featured_media":0,"parent":13193,"menu_order":0,"comment_status":"closed","ping_status":"closed","template":"","meta":{"_seopress_robots_primary_cat":"","_seopress_titles_title":"Entdeckung des Savi\u00e8re-Kanals und des Sees von Bourget","_seopress_titles_desc":"Entdecken Sie den Canal de Savi\u00e8re und den Lac du Bourget vom Campingplatz aus. Entdecken Sie die wundersch\u00f6ne Landschaft in der N\u00e4he des Campingplatzes.","_seopress_robots_index":"","_crdt_document":"","footnotes":""},"class_list":["post-13231","page","type-page","status-publish","hentry"],"_links":{"self":[{"href":"https:\/\/camping-savoie-levaugrais.com\/de\/wp-json\/wp\/v2\/pages\/13231","targetHints":{"allow":["GET"]}}],"collection":[{"href":"https:\/\/camping-savoie-levaugrais.com\/de\/wp-json\/wp\/v2\/pages"}],"about":[{"href":"https:\/\/camping-savoie-levaugrais.com\/de\/wp-json\/wp\/v2\/types\/page"}],"author":[{"embeddable":true,"href":"https:\/\/camping-savoie-levaugrais.com\/de\/wp-json\/wp\/v2\/users\/1"}],"replies":[{"embeddable":true,"href":"https:\/\/camping-savoie-levaugrais.com\/de\/wp-json\/wp\/v2\/comments?post=13231"}],"version-history":[{"count":5,"href":"https:\/\/camping-savoie-levaugrais.com\/de\/wp-json\/wp\/v2\/pages\/13231\/revisions"}],"predecessor-version":[{"id":16684,"href":"https:\/\/camping-savoie-levaugrais.com\/de\/wp-json\/wp\/v2\/pages\/13231\/revisions\/16684"}],"up":[{"embeddable":true,"href":"https:\/\/camping-savoie-levaugrais.com\/de\/wp-json\/wp\/v2\/pages\/13193"}],"wp:attachment":[{"href":"https:\/\/camping-savoie-levaugrais.com\/de\/wp-json\/wp\/v2\/media?parent=13231"}],"curies":[{"name":"wp","href":"https:\/\/api.w.org\/{rel}","templated":true}]}}