{"id":13236,"date":"2024-10-10T11:50:55","date_gmt":"2024-10-10T09:50:55","guid":{"rendered":"https:\/\/camping-savoie-levaugrais.com\/erfahrung-neugierige-familie\/wechseln-sie-die-luft-auf-dem-gipfel-eines-tannenmeeres\/"},"modified":"2025-01-04T12:05:23","modified_gmt":"2025-01-04T11:05:23","slug":"wechseln-sie-die-luft-auf-dem-gipfel-eines-tannenmeeres","status":"publish","type":"page","link":"https:\/\/camping-savoie-levaugrais.com\/de\/erfahrung-neugierige-familie\/wechseln-sie-die-luft-auf-dem-gipfel-eines-tannenmeeres\/","title":{"rendered":"Wechseln Sie die Luft auf dem Gipfel eines Tannenmeeres"},"content":{"rendered":"\n<p class=\"wp-block-paragraph\"><\/p>\n\n\n<div class=\"wp-block-image\">\n<figure class=\"aligncenter size-large is-resized\"><img loading=\"lazy\" decoding=\"async\" width=\"1024\" height=\"576\" src=\"https:\/\/camping-savoie-levaugrais.com\/wp-content\/uploads\/2025\/01\/partez-a-laventure-en-allemand-16-1024x576.jpg\" alt=\"\" class=\"wp-image-16700\" style=\"width:263px;height:auto\" srcset=\"https:\/\/camping-savoie-levaugrais.com\/wp-content\/uploads\/2025\/01\/partez-a-laventure-en-allemand-16-1024x576.jpg 1024w, https:\/\/camping-savoie-levaugrais.com\/wp-content\/uploads\/2025\/01\/partez-a-laventure-en-allemand-16-300x169.jpg 300w, https:\/\/camping-savoie-levaugrais.com\/wp-content\/uploads\/2025\/01\/partez-a-laventure-en-allemand-16-768x432.jpg 768w, https:\/\/camping-savoie-levaugrais.com\/wp-content\/uploads\/2025\/01\/partez-a-laventure-en-allemand-16-1536x864.jpg 1536w, https:\/\/camping-savoie-levaugrais.com\/wp-content\/uploads\/2025\/01\/partez-a-laventure-en-allemand-16.jpg 1920w\" sizes=\"auto, (max-width: 1024px) 100vw, 1024px\" \/><\/figure>\n<\/div>\n\n\n<div class=\"wp-block-media-text is-stacked-on-mobile\"><figure class=\"wp-block-media-text__media\"><img loading=\"lazy\" decoding=\"async\" width=\"1024\" height=\"528\" src=\"https:\/\/camping-savoie-levaugrais.com\/wp-content\/uploads\/2025\/01\/les-chevaux-sont-bichonnes-a-la-ferme-equestre-de-lavant-1439145190-internet-1024x528.jpg\" alt=\"\" class=\"wp-image-15927 size-full\" srcset=\"https:\/\/camping-savoie-levaugrais.com\/wp-content\/uploads\/2025\/01\/les-chevaux-sont-bichonnes-a-la-ferme-equestre-de-lavant-1439145190-internet-1024x528.jpg 1024w, https:\/\/camping-savoie-levaugrais.com\/wp-content\/uploads\/2025\/01\/les-chevaux-sont-bichonnes-a-la-ferme-equestre-de-lavant-1439145190-internet-300x155.jpg 300w, https:\/\/camping-savoie-levaugrais.com\/wp-content\/uploads\/2025\/01\/les-chevaux-sont-bichonnes-a-la-ferme-equestre-de-lavant-1439145190-internet-768x396.jpg 768w, https:\/\/camping-savoie-levaugrais.com\/wp-content\/uploads\/2025\/01\/les-chevaux-sont-bichonnes-a-la-ferme-equestre-de-lavant-1439145190-internet.jpg 1200w\" sizes=\"auto, (max-width: 1024px) 100vw, 1024px\" \/><\/figure><div class=\"wp-block-media-text__content\">\n<p class=\"has-medium-font-size wp-block-paragraph\">D<strong>ie Ferme \u00c9questre de Lavant<\/strong> liegt auf 770 m H\u00f6he in Th\u00e9zillieu und l\u00e4dt Sie zu einem unvergesslichen Abenteuer im Herzen der Jura-Berge ein, nur 8 km vom Campingplatz entfernt.<\/p>\n\n\n\n<p class=\"has-medium-font-size wp-block-paragraph\">Seit 1986 beherbergt dieses Reitzentrum mehr als f\u00fcnfzig Pferde und bietet Ihnen 1- bis 3-st\u00fcndige Ausritte auf malerischen Pfaden, die f\u00fcr alle zug\u00e4nglich sind, vom Anf\u00e4nger bis zum erfahrenen Reiter.<\/p>\n\n\n\n<p class=\"has-medium-font-size wp-block-paragraph\">Myl\u00e8ne, leidenschaftliche Reiterin und Expertin, wird Sie mit ihren wertvollen Ratschl\u00e4gen anleiten, um Ihnen ein Erlebnis in v\u00f6lliger Sicherheit zu bieten. F\u00fcr die J\u00fcngsten gibt es eine magische Entdeckungsreise auf dem R\u00fccken von Shetland-Ponys, bei der sie in Begleitung eines Erwachsenen die Region auf spielerische und gesellige Weise erkunden k\u00f6nnen.<\/p>\n\n\n\n<p class=\"has-medium-font-size wp-block-paragraph\">Bildnachweis: Reitzentrum Lavant in Th\u00e9zillieu<\/p>\n<\/div><\/div>\n\n\n\n<div class=\"wp-block-media-text has-media-on-the-right is-stacked-on-mobile\"><div class=\"wp-block-media-text__content\">\n<p class=\"has-medium-font-size wp-block-paragraph\">Lassen Sie sich von einem Ausritt verf\u00fchren, einem unvergesslichen Abenteuer, das Sie mit Ihrer Familie teilen k\u00f6nnen. Stellen Sie sich vor, wie Sie sanft vom Rhythmus der Hufe gewiegt werden und geheime Pfade erkunden, weit weg vom Trubel, in einer atemberaubenden nat\u00fcrlichen Umgebung.<\/p>\n\n\n\n<p class=\"has-medium-font-size wp-block-paragraph\">Bei diesem Ausritt k\u00f6nnen Sie wundersch\u00f6ne Landschaften entdecken, die Sie weder mit dem Auto noch mit dem Fahrrad erreichen k\u00f6nnen. Die Verbundenheit mit Ihrem Reittier, die Gelassenheit der Natur und die frische Bergluft werden Sie den Alltag vergessen lassen. Sie k\u00f6nnen die Sch\u00f6nheit der Landschaft bewundern, dem Vogelgezwitscher lauschen und den sanften Wind sp\u00fcren, w\u00e4hrend Sie die Ruhe des Ortes in sich aufnehmen.<\/p>\n\n\n\n<p class=\"has-medium-font-size wp-block-paragraph\">Ob Sie Anf\u00e4nger oder erfahrener Wanderer sind, diese Wanderung ist f\u00fcr alle geeignet und verspricht einen Moment der totalen Entspannung. Eine wahre R\u00fcckkehr zu den Wurzeln, eine Klammer der Ruhe und Sch\u00f6nheit, die Sie nicht verpassen sollten. Dieser Ausritt wird eine unvergessliche Erinnerung sein, die Sie mit Ihren Lieben teilen k\u00f6nnen.<\/p>\n<\/div><figure class=\"wp-block-media-text__media\"><img loading=\"lazy\" decoding=\"async\" width=\"800\" height=\"600\" src=\"https:\/\/camping-savoie-levaugrais.com\/wp-content\/uploads\/2024\/12\/fermeequestredelavant-001-2.jpg\" alt=\"\" class=\"wp-image-15388 size-full\" srcset=\"https:\/\/camping-savoie-levaugrais.com\/wp-content\/uploads\/2024\/12\/fermeequestredelavant-001-2.jpg 800w, https:\/\/camping-savoie-levaugrais.com\/wp-content\/uploads\/2024\/12\/fermeequestredelavant-001-2-300x225.jpg 300w, https:\/\/camping-savoie-levaugrais.com\/wp-content\/uploads\/2024\/12\/fermeequestredelavant-001-2-768x576.jpg 768w\" sizes=\"auto, (max-width: 800px) 100vw, 800px\" \/><\/figure><\/div>\n\n\n\t\t\t<div id=\"sevgallery-1301651622\" class=\"sev-diaporama sev-diaporama-portfolio\">\n\t\t\t<div class=\"row\">\n\n\t\t\t\n\t\t\t\t\n\t\t\t\t<div class=\"sev-diaporama-portfolio-item col-12 col-lg  col-shrink\">\n\t\t\t\t\t<!--<a href=\"https:\/\/camping-savoie-levaugrais.com\/wp-content\/uploads\/2021\/09\/IMG-20210903-WA0000-1.jpg\" data-lightbox=\"sevgallery-1301651622\" style=\"background-image: url(https:\/\/camping-savoie-levaugrais.com\/wp-content\/uploads\/2021\/09\/IMG-20210903-WA0000-1.jpg)\">-->\n\t\t\t\t\t<a href=\"https:\/\/camping-savoie-levaugrais.com\/wp-content\/uploads\/2021\/09\/IMG-20210903-WA0000-1.jpg\" data-lightbox=\"sevgallery-1301651622\">\n\t\t\t\t\t\t<img decoding=\"async\" src=\"https:\/\/camping-savoie-levaugrais.com\/wp-content\/uploads\/2021\/09\/IMG-20210903-WA0000-1.jpg\" alt=\"equitation\" loading=\"lazy\">\n\t\t\t\t\t<\/a>\n\t\t\t\t<\/div>\n\n\t\t\t\t\n\t\t\t\t\t\t\t\t\t\t\t\n\t\t\t\t\n\t\t\t\t<div class=\"sev-diaporama-portfolio-item col-12 col-lg  col-grow\">\n\t\t\t\t\t<!--<a href=\"https:\/\/camping-savoie-levaugrais.com\/wp-content\/uploads\/2021\/09\/IMG-20210903-WA0001-1.jpg\" data-lightbox=\"sevgallery-1301651622\" style=\"background-image: url(https:\/\/camping-savoie-levaugrais.com\/wp-content\/uploads\/2021\/09\/IMG-20210903-WA0001-1.jpg)\">-->\n\t\t\t\t\t<a href=\"https:\/\/camping-savoie-levaugrais.com\/wp-content\/uploads\/2021\/09\/IMG-20210903-WA0001-1.jpg\" data-lightbox=\"sevgallery-1301651622\">\n\t\t\t\t\t\t<img decoding=\"async\" src=\"https:\/\/camping-savoie-levaugrais.com\/wp-content\/uploads\/2021\/09\/IMG-20210903-WA0001-1.jpg\" alt=\"camping \u00e9questre savoie\" loading=\"lazy\">\n\t\t\t\t\t<\/a>\n\t\t\t\t<\/div>\n\n\t\t\t\t\n\t\t\t\t\t\t\t\t\t\t\t\n\t\t\t\t\n\t\t\t\t<div class=\"sev-diaporama-portfolio-item col-12 col-lg \">\n\t\t\t\t\t<!--<a href=\"https:\/\/camping-savoie-levaugrais.com\/wp-content\/uploads\/2021\/09\/IMG-20210903-WA0002-1.jpg\" data-lightbox=\"sevgallery-1301651622\" style=\"background-image: url(https:\/\/camping-savoie-levaugrais.com\/wp-content\/uploads\/2021\/09\/IMG-20210903-WA0002-1.jpg)\">-->\n\t\t\t\t\t<a href=\"https:\/\/camping-savoie-levaugrais.com\/wp-content\/uploads\/2021\/09\/IMG-20210903-WA0002-1.jpg\" data-lightbox=\"sevgallery-1301651622\">\n\t\t\t\t\t\t<img decoding=\"async\" src=\"https:\/\/camping-savoie-levaugrais.com\/wp-content\/uploads\/2021\/09\/IMG-20210903-WA0002-1.jpg\" alt=\"balades \u00e0 cheval\" loading=\"lazy\">\n\t\t\t\t\t<\/a>\n\t\t\t\t<\/div>\n\n\t\t\t\t\n\t\t\t\t\t\t\t\t\t\t\t\n\t\t\t\t\n\t\t\t\t<div class=\"sev-diaporama-portfolio-item col-12 col-lg  col-shrink\">\n\t\t\t\t\t<!--<a href=\"https:\/\/camping-savoie-levaugrais.com\/wp-content\/uploads\/2021\/09\/IMG-20210903-WA0003-1.jpg\" data-lightbox=\"sevgallery-1301651622\" style=\"background-image: url(https:\/\/camping-savoie-levaugrais.com\/wp-content\/uploads\/2021\/09\/IMG-20210903-WA0003-1.jpg)\">-->\n\t\t\t\t\t<a href=\"https:\/\/camping-savoie-levaugrais.com\/wp-content\/uploads\/2021\/09\/IMG-20210903-WA0003-1.jpg\" data-lightbox=\"sevgallery-1301651622\">\n\t\t\t\t\t\t<img decoding=\"async\" src=\"https:\/\/camping-savoie-levaugrais.com\/wp-content\/uploads\/2021\/09\/IMG-20210903-WA0003-1.jpg\" alt=\"\u00e9quitation pr\u00e8s du camping\" loading=\"lazy\">\n\t\t\t\t\t<\/a>\n\t\t\t\t<\/div>\n\n\t\t\t\t\t\t\t\t\t<div class=\"w-100\"><\/div>\n\t\t\t\t\t\t\t\t\t\n\t\t\t\t\t\t\t\t\t\t\t\n\t\t\t\t\n\t\t\t\t<div class=\"sev-diaporama-portfolio-item col-12 col-lg  col-shrink\">\n\t\t\t\t\t<!--<a href=\"https:\/\/camping-savoie-levaugrais.com\/wp-content\/uploads\/2021\/09\/IMG-20210903-WA0004-1.jpg\" data-lightbox=\"sevgallery-1301651622\" style=\"background-image: url(https:\/\/camping-savoie-levaugrais.com\/wp-content\/uploads\/2021\/09\/IMG-20210903-WA0004-1.jpg)\">-->\n\t\t\t\t\t<a href=\"https:\/\/camping-savoie-levaugrais.com\/wp-content\/uploads\/2021\/09\/IMG-20210903-WA0004-1.jpg\" data-lightbox=\"sevgallery-1301651622\">\n\t\t\t\t\t\t<img decoding=\"async\" src=\"https:\/\/camping-savoie-levaugrais.com\/wp-content\/uploads\/2021\/09\/IMG-20210903-WA0004-1.jpg\" alt=\"camping \u00e9quitation savoie\" loading=\"lazy\">\n\t\t\t\t\t<\/a>\n\t\t\t\t<\/div>\n\n\t\t\t\t\n\t\t\t\t\t\t\t\t\t\t\t\n\t\t\t\t\n\t\t\t\t<div class=\"sev-diaporama-portfolio-item col-12 col-lg  col-grow\">\n\t\t\t\t\t<!--<a href=\"https:\/\/camping-savoie-levaugrais.com\/wp-content\/uploads\/2021\/09\/IMG-20210903-WA0005-1.jpg\" data-lightbox=\"sevgallery-1301651622\" style=\"background-image: url(https:\/\/camping-savoie-levaugrais.com\/wp-content\/uploads\/2021\/09\/IMG-20210903-WA0005-1.jpg)\">-->\n\t\t\t\t\t<a href=\"https:\/\/camping-savoie-levaugrais.com\/wp-content\/uploads\/2021\/09\/IMG-20210903-WA0005-1.jpg\" data-lightbox=\"sevgallery-1301651622\">\n\t\t\t\t\t\t<img decoding=\"async\" src=\"https:\/\/camping-savoie-levaugrais.com\/wp-content\/uploads\/2021\/09\/IMG-20210903-WA0005-1.jpg\" alt=\"balade en pleine nature\" loading=\"lazy\">\n\t\t\t\t\t<\/a>\n\t\t\t\t<\/div>\n\n\t\t\t\t\n\t\t\t\t\t\t\t\t\t\t\t\n\t\t\t\t\n\t\t\t\t<div class=\"sev-diaporama-portfolio-item col-12 col-lg  col-grow\">\n\t\t\t\t\t<!--<a href=\"https:\/\/camping-savoie-levaugrais.com\/wp-content\/uploads\/2021\/09\/IMG-20210903-WA0007-1.jpg\" data-lightbox=\"sevgallery-1301651622\" style=\"background-image: url(https:\/\/camping-savoie-levaugrais.com\/wp-content\/uploads\/2021\/09\/IMG-20210903-WA0007-1.jpg)\">-->\n\t\t\t\t\t<a href=\"https:\/\/camping-savoie-levaugrais.com\/wp-content\/uploads\/2021\/09\/IMG-20210903-WA0007-1.jpg\" data-lightbox=\"sevgallery-1301651622\">\n\t\t\t\t\t\t<img decoding=\"async\" src=\"https:\/\/camping-savoie-levaugrais.com\/wp-content\/uploads\/2021\/09\/IMG-20210903-WA0007-1.jpg\" alt=\"balades \u00e9questres savoie\" loading=\"lazy\">\n\t\t\t\t\t<\/a>\n\t\t\t\t<\/div>\n\n\t\t\t\t\n\t\t\t\t\t\t\t\t\t\t\t\n\t\t\t\t\n\t\t\t\t<div class=\"sev-diaporama-portfolio-item col-12 col-lg  col-grow\">\n\t\t\t\t\t<!--<a href=\"https:\/\/camping-savoie-levaugrais.com\/wp-content\/uploads\/2021\/09\/IMG-20210903-WA0008-1.jpg\" data-lightbox=\"sevgallery-1301651622\" style=\"background-image: url(https:\/\/camping-savoie-levaugrais.com\/wp-content\/uploads\/2021\/09\/IMG-20210903-WA0008-1.jpg)\">-->\n\t\t\t\t\t<a href=\"https:\/\/camping-savoie-levaugrais.com\/wp-content\/uploads\/2021\/09\/IMG-20210903-WA0008-1.jpg\" data-lightbox=\"sevgallery-1301651622\">\n\t\t\t\t\t\t<img decoding=\"async\" src=\"https:\/\/camping-savoie-levaugrais.com\/wp-content\/uploads\/2021\/09\/IMG-20210903-WA0008-1.jpg\" alt=\"chevaux\" loading=\"lazy\">\n\t\t\t\t\t<\/a>\n\t\t\t\t<\/div>\n\n\t\t\t\t\t\t\t\t\t<div class=\"w-100\"><\/div>\n\t\t\t\t\t\t\t\t\t\n\t\t\t\t\t\t\t\t\t\t\t\t\t\t<\/div>\n\t\t\t<\/div>\n\n\t\t\t<script>\n\t\t\tjQuery(function($) {\n\n\t\t\t\tvar marginPortfolio = function() {\n\n\t\t\t\t\tvar $diapo          = $('#sevgallery-1301651622');\n\t\t\t\t\tvar container_width = $diapo.parent().outerWidth();\n\t\t\t\t\tvar side            = ( $(window).innerWidth() - container_width ) \/ 2;\n\n\t\t\t\t\t$diapo.css( {\n\t\t\t\t\t\t'margin-left': '-' + side + 'px',\n\t\t\t\t\t\t'margin-right': '-' + side + 'px',\n\t\t\t\t\t} );\n\t\t\t\t};\n\n\t\t\t\t$( window ).resize( function() {\n\t\t\t\t\tmarginPortfolio();\n\t\t\t\t} );\n\t\t\t\tmarginPortfolio();\n\t\t\t});\n\t\t\t<\/script>\n\t\t\t\n","protected":false},"excerpt":{"rendered":"<p>Die Ferme \u00c9questre de Lavant liegt auf 770 m H\u00f6he in Th\u00e9zillieu und l\u00e4dt Sie zu einem unvergesslichen Abenteuer im Herzen der Jura-Berge ein, nur 8 km vom Campingplatz entfernt. Seit 1986 beherbergt dieses Reitzentrum mehr als f\u00fcnfzig Pferde und bietet Ihnen 1- bis 3-st\u00fcndige Ausritte auf malerischen Pfaden, die f\u00fcr alle zug\u00e4nglich sind, vom [&hellip;]<\/p>\n","protected":false},"author":1,"featured_media":0,"parent":13185,"menu_order":0,"comment_status":"closed","ping_status":"closed","template":"","meta":{"_seopress_robots_primary_cat":"","_seopress_titles_title":"Ausritt vor dem Alpenmassiv - Le Vaugrais","_seopress_titles_desc":"In der N\u00e4he des 3-Sterne-Campingplatzes Le Vaugrais k\u00f6nnen Sie einen herrlichen Ausritt inmitten der Natur mit Blick auf das Alpenmassiv genie\u00dfen.","_seopress_robots_index":"","_crdt_document":"","footnotes":""},"class_list":["post-13236","page","type-page","status-publish","hentry"],"_links":{"self":[{"href":"https:\/\/camping-savoie-levaugrais.com\/de\/wp-json\/wp\/v2\/pages\/13236","targetHints":{"allow":["GET"]}}],"collection":[{"href":"https:\/\/camping-savoie-levaugrais.com\/de\/wp-json\/wp\/v2\/pages"}],"about":[{"href":"https:\/\/camping-savoie-levaugrais.com\/de\/wp-json\/wp\/v2\/types\/page"}],"author":[{"embeddable":true,"href":"https:\/\/camping-savoie-levaugrais.com\/de\/wp-json\/wp\/v2\/users\/1"}],"replies":[{"embeddable":true,"href":"https:\/\/camping-savoie-levaugrais.com\/de\/wp-json\/wp\/v2\/comments?post=13236"}],"version-history":[{"count":3,"href":"https:\/\/camping-savoie-levaugrais.com\/de\/wp-json\/wp\/v2\/pages\/13236\/revisions"}],"predecessor-version":[{"id":16704,"href":"https:\/\/camping-savoie-levaugrais.com\/de\/wp-json\/wp\/v2\/pages\/13236\/revisions\/16704"}],"up":[{"embeddable":true,"href":"https:\/\/camping-savoie-levaugrais.com\/de\/wp-json\/wp\/v2\/pages\/13185"}],"wp:attachment":[{"href":"https:\/\/camping-savoie-levaugrais.com\/de\/wp-json\/wp\/v2\/media?parent=13236"}],"curies":[{"name":"wp","href":"https:\/\/api.w.org\/{rel}","templated":true}]}}