{"id":13238,"date":"2024-10-10T11:50:56","date_gmt":"2024-10-10T09:50:56","guid":{"rendered":"https:\/\/camping-savoie-levaugrais.com\/erfahrung-neugierige-familie\/willkommen-auf-dem-bauernhof\/"},"modified":"2025-01-04T12:06:20","modified_gmt":"2025-01-04T11:06:20","slug":"willkommen-auf-dem-bauernhof","status":"publish","type":"page","link":"https:\/\/camping-savoie-levaugrais.com\/de\/erfahrung-neugierige-familie\/willkommen-auf-dem-bauernhof\/","title":{"rendered":"Willkommen auf dem Bauernhof"},"content":{"rendered":"\n<div class=\"wp-block-group\"><div class=\"wp-block-group__inner-container is-layout-flow wp-block-group-is-layout-flow\">\n<h2 class=\"wp-block-heading has-text-align-center\">Erleben Sie die Akteure der Region hautnah.<\/h2>\n\n\n<div class=\"wp-block-image\">\n<figure class=\"aligncenter size-large is-resized\"><img loading=\"lazy\" decoding=\"async\" width=\"1024\" height=\"576\" src=\"https:\/\/camping-savoie-levaugrais.com\/wp-content\/uploads\/2025\/01\/partez-a-laventure-en-allemand-17-1024x576.jpg\" alt=\"\" class=\"wp-image-16705\" style=\"width:356px;height:auto\" srcset=\"https:\/\/camping-savoie-levaugrais.com\/wp-content\/uploads\/2025\/01\/partez-a-laventure-en-allemand-17-1024x576.jpg 1024w, https:\/\/camping-savoie-levaugrais.com\/wp-content\/uploads\/2025\/01\/partez-a-laventure-en-allemand-17-300x169.jpg 300w, https:\/\/camping-savoie-levaugrais.com\/wp-content\/uploads\/2025\/01\/partez-a-laventure-en-allemand-17-768x432.jpg 768w, https:\/\/camping-savoie-levaugrais.com\/wp-content\/uploads\/2025\/01\/partez-a-laventure-en-allemand-17-1536x864.jpg 1536w, https:\/\/camping-savoie-levaugrais.com\/wp-content\/uploads\/2025\/01\/partez-a-laventure-en-allemand-17.jpg 1920w\" sizes=\"auto, (max-width: 1024px) 100vw, 1024px\" \/><\/figure>\n<\/div><\/div><\/div>\n\n\n\n<div class=\"wp-block-media-text is-stacked-on-mobile\"><figure class=\"wp-block-media-text__media\"><img loading=\"lazy\" decoding=\"async\" width=\"1024\" height=\"528\" src=\"https:\/\/camping-savoie-levaugrais.com\/wp-content\/uploads\/2025\/01\/IMG_2914-retouche-internet-1024x528.jpg\" alt=\"\" class=\"wp-image-15941 size-full\" srcset=\"https:\/\/camping-savoie-levaugrais.com\/wp-content\/uploads\/2025\/01\/IMG_2914-retouche-internet-1024x528.jpg 1024w, https:\/\/camping-savoie-levaugrais.com\/wp-content\/uploads\/2025\/01\/IMG_2914-retouche-internet-300x155.jpg 300w, https:\/\/camping-savoie-levaugrais.com\/wp-content\/uploads\/2025\/01\/IMG_2914-retouche-internet-768x396.jpg 768w, https:\/\/camping-savoie-levaugrais.com\/wp-content\/uploads\/2025\/01\/IMG_2914-retouche-internet.jpg 1200w\" sizes=\"auto, (max-width: 1024px) 100vw, 1024px\" \/><\/figure><div class=\"wp-block-media-text__content\">\n<p class=\"has-medium-font-size wp-block-paragraph\"><strong>Die Destillerie von Bugey<\/strong><\/p>\n\n\n\n<p class=\"has-medium-font-size wp-block-paragraph\">Wir freuen uns, Sie einladen zu k\u00f6nnen, die Destillerie du Bugey in Saint-Martin-de-Bavel, nur 3 km vom #campinglevaugrais entfernt, zu entdecken. Marie, die aus dem Dorf stammt, und Phil, der aus England stammt und mit der britischen Gin-Kultur aufgewachsen ist, vereinen ihre Talente, um in diesem Geb\u00e4ude mit starkem architektonischem Charakter erstaunliche Rezepte zu zaubern.<\/p>\n\n\n\n<p class=\"has-medium-font-size wp-block-paragraph\">\ud83d\udc49 Hier wird der Gin in kleinen Chargen von Meisterbrenner Phil mit einer traditionellen Brennblase von Hand destilliert . Der Gin und die handwerklich hergestellten Lik\u00f6re werden aus lokalen Produkten hergestellt \ud83c\udf3f und beweisen, dass unsere Region wirklich etwas zu bieten hat!<\/p>\n\n\n\n<p class=\"has-medium-font-size wp-block-paragraph\">Z\u00f6gern Sie nicht, die T\u00fcr dieser Brennerei aufzusto\u00dfen Und vergessen Sie nicht: Ein Schluck Gl\u00fcck wird immer in Ma\u00dfen genossen!<\/p>\n<\/div><\/div>\n\n\n\n<div class=\"wp-block-media-text has-media-on-the-right is-stacked-on-mobile\"><div class=\"wp-block-media-text__content\">\n<p class=\"has-medium-font-size wp-block-paragraph\"><strong>Die Brauerei La Virgule<\/strong><\/p>\n\n\n\n<p class=\"has-medium-font-size wp-block-paragraph\">Heute geht es nach Champagne en Valromey f\u00fcr einen prickelnden Besuch in La Virgule: eine handwerkliche Mikrobrauerei am Fu\u00dfe des Grand Colombier! \ud83c\udf7b Baptiste, ein leidenschaftlicher Brauer, erwartet Sie mit seinem Sortiment an Bio-Bieren, die aus lokalen Zutaten hergestellt werden. Machen Sie sich bereit, in die faszinierende Welt der Bierherstellung einzutauchen.<\/p>\n\n\n\n<p class=\"has-medium-font-size wp-block-paragraph\">Egal, ob Sie gewagte Biere oder neue alkoholfreie Getr\u00e4nke m\u00f6gen, Baptiste wird Sie in seinen Bann ziehen. \ud83c\udf3f<\/p>\n\n\n\n<p class=\"has-medium-font-size wp-block-paragraph\">Verpassen Sie nicht diese Gelegenheit, w\u00e4hrend Ihres Aufenthalts unvergessliche Geschm\u00e4cker zu entdecken! La Virgule \u00f6ffnet seine T\u00fcren jeden Donnerstag und Freitag von 16:00 bis 19:00 Uhr f\u00fcr Sie. ( in Ma\u00dfen zu genie\u00dfen )<\/p>\n<\/div><figure class=\"wp-block-media-text__media\"><img loading=\"lazy\" decoding=\"async\" width=\"1024\" height=\"528\" src=\"https:\/\/camping-savoie-levaugrais.com\/wp-content\/uploads\/2025\/01\/IMG_2880-retouche-internet-1024x528.jpg\" alt=\"\" class=\"wp-image-15937 size-full\" srcset=\"https:\/\/camping-savoie-levaugrais.com\/wp-content\/uploads\/2025\/01\/IMG_2880-retouche-internet-1024x528.jpg 1024w, https:\/\/camping-savoie-levaugrais.com\/wp-content\/uploads\/2025\/01\/IMG_2880-retouche-internet-300x155.jpg 300w, https:\/\/camping-savoie-levaugrais.com\/wp-content\/uploads\/2025\/01\/IMG_2880-retouche-internet-768x396.jpg 768w, https:\/\/camping-savoie-levaugrais.com\/wp-content\/uploads\/2025\/01\/IMG_2880-retouche-internet.jpg 1200w\" sizes=\"auto, (max-width: 1024px) 100vw, 1024px\" \/><\/figure><\/div>\n\n\n\n<div class=\"wp-block-media-text is-stacked-on-mobile\"><figure class=\"wp-block-media-text__media\"><img loading=\"lazy\" decoding=\"async\" width=\"1024\" height=\"535\" src=\"https:\/\/camping-savoie-levaugrais.com\/wp-content\/uploads\/2025\/01\/au-rhtme-du-troupeau-1024x535.jpg\" alt=\"\" class=\"wp-image-15947 size-full\" srcset=\"https:\/\/camping-savoie-levaugrais.com\/wp-content\/uploads\/2025\/01\/au-rhtme-du-troupeau-1024x535.jpg 1024w, https:\/\/camping-savoie-levaugrais.com\/wp-content\/uploads\/2025\/01\/au-rhtme-du-troupeau-300x157.jpg 300w, https:\/\/camping-savoie-levaugrais.com\/wp-content\/uploads\/2025\/01\/au-rhtme-du-troupeau-768x401.jpg 768w, https:\/\/camping-savoie-levaugrais.com\/wp-content\/uploads\/2025\/01\/au-rhtme-du-troupeau.jpg 1200w\" sizes=\"auto, (max-width: 1024px) 100vw, 1024px\" \/><\/figure><div class=\"wp-block-media-text__content\">\n<p class=\"has-medium-font-size wp-block-paragraph\">I<strong>m Rhythmus der Herde<\/strong><\/p>\n\n\n\n<p class=\"has-medium-font-size wp-block-paragraph\">Nur 24 km vom Campingplatz entfernt entdecken Sie \u201eAu rythme du troupeau\u201c, eine authentische Sch\u00e4ferei, die von Pierre und Priscillia gef\u00fchrt wird. Mit Leidenschaft f\u00fcr ihren Beruf z\u00fcchten sie Schafe und stellen k\u00f6stliche Joghurts und Schafsk\u00e4se her, die direkt auf dem Hof verkauft werden, um den kurzen Weg zu f\u00f6rdern.<\/p>\n\n\n\n<p class=\"has-medium-font-size wp-block-paragraph\">Sie sind gastfreundlich und stolz auf ihre Arbeit. Sie werden Ihnen ihre Umgebung zeigen und ihre Leidenschaft mit Begeisterung teilen. Kinder werden es lieben, die Tiere zu treffen, und Sie werden von der Authentizit\u00e4t dieses Familienbauernhofs verzaubert sein.<\/p>\n\n\n\n<p class=\"has-medium-font-size wp-block-paragraph\">Tips: Au rythme du Troupeau befindet sich in Le Bergonnes.<\/p>\n\n\n\n<p class=\"has-medium-font-size wp-block-paragraph\">Bildnachweis: @office de tourisme de Belley<\/p>\n<\/div><\/div>\n\n\n\n<div class=\"wp-block-media-text has-media-on-the-right is-stacked-on-mobile\"><div class=\"wp-block-media-text__content\">\n<p class=\"has-medium-font-size wp-block-paragraph\"><strong>Die Ziegen von Arvi\u00e8re<\/strong><\/p>\n\n\n\n<p class=\"has-medium-font-size wp-block-paragraph\">Nur 4,8 km vom Campingplatz entfernt k\u00f6nnen Sie den Bauernhof von Cl\u00e9mence entdecken, der auf 420 m H\u00f6he liegt.<\/p>\n\n\n\n<p class=\"has-medium-font-size wp-block-paragraph\">Sie k\u00f6nnen morgens beim Melken der Ziegen zuschauen und sie auf die Weide begleiten &#8211; ein magisches und kostenloses Erlebnis f\u00fcr Gro\u00df und Klein. Die Ziegenk\u00e4se, ob frisch, gereift oder als Raclette, werden vor Ort mit Liebe und Leidenschaft hergestellt.<\/p>\n\n\n\n<p class=\"has-medium-font-size wp-block-paragraph\">Cl\u00e9mence wird Sie mit Begeisterung empfangen, um ihr Wissen mit Ihnen zu teilen und Sie die schmackhaften Produkte aus einer Familienzucht probieren zu lassen.<\/p>\n<\/div><figure class=\"wp-block-media-text__media\"><img loading=\"lazy\" decoding=\"async\" width=\"1024\" height=\"528\" src=\"https:\/\/camping-savoie-levaugrais.com\/wp-content\/uploads\/2024\/12\/chevres-internet-1-1024x528.jpg\" alt=\"\" class=\"wp-image-15636 size-full\" srcset=\"https:\/\/camping-savoie-levaugrais.com\/wp-content\/uploads\/2024\/12\/chevres-internet-1-1024x528.jpg 1024w, https:\/\/camping-savoie-levaugrais.com\/wp-content\/uploads\/2024\/12\/chevres-internet-1-300x155.jpg 300w, https:\/\/camping-savoie-levaugrais.com\/wp-content\/uploads\/2024\/12\/chevres-internet-1-768x396.jpg 768w, https:\/\/camping-savoie-levaugrais.com\/wp-content\/uploads\/2024\/12\/chevres-internet-1.jpg 1200w\" sizes=\"auto, (max-width: 1024px) 100vw, 1024px\" \/><\/figure><\/div>\n\n\n\n<div class=\"wp-block-media-text is-stacked-on-mobile\"><figure class=\"wp-block-media-text__media\"><img loading=\"lazy\" decoding=\"async\" width=\"1024\" height=\"528\" src=\"https:\/\/camping-savoie-levaugrais.com\/wp-content\/uploads\/2025\/01\/IMG_1205-retouche-internet-1024x528.jpg\" alt=\"\" class=\"wp-image-15951 size-full\" srcset=\"https:\/\/camping-savoie-levaugrais.com\/wp-content\/uploads\/2025\/01\/IMG_1205-retouche-internet-1024x528.jpg 1024w, https:\/\/camping-savoie-levaugrais.com\/wp-content\/uploads\/2025\/01\/IMG_1205-retouche-internet-300x155.jpg 300w, https:\/\/camping-savoie-levaugrais.com\/wp-content\/uploads\/2025\/01\/IMG_1205-retouche-internet-768x396.jpg 768w, https:\/\/camping-savoie-levaugrais.com\/wp-content\/uploads\/2025\/01\/IMG_1205-retouche-internet.jpg 1200w\" sizes=\"auto, (max-width: 1024px) 100vw, 1024px\" \/><\/figure><div class=\"wp-block-media-text__content\">\n<p class=\"has-medium-font-size wp-block-paragraph\"><strong>Die Fruiti\u00e8re du Valromey<\/strong><\/p>\n\n\n\n<p class=\"has-medium-font-size wp-block-paragraph\">In den gr\u00fcnen T\u00e4lern des Valromey erhebt sich die Fruiti\u00e8re du Valromey wie eine Bastion der K\u00e4setradition. Diese Genossenschaft wurde von lokalen Landwirten gegr\u00fcndet, die ihre Milch aufwerten wollten, und hat die Identit\u00e4t des #Comt\u00e9 gepr\u00e4gt.<\/p>\n\n\n\n<p class=\"has-medium-font-size wp-block-paragraph\">\ud83d\udc49 Jeder Schritt, vom Melken der Montb\u00e9liard-K\u00fche bis zur Reifung im K\u00e4sekeller, ist von \u00fcberliefertem Know-how gepr\u00e4gt. Die Handwerker von #lafruitiereduValromey wachen mit Leidenschaft \u00fcber jeden Laib und garantieren so die Qualit\u00e4t und Authentizit\u00e4t dieses emblematischen K\u00e4ses.<\/p>\n\n\n\n<p class=\"has-medium-font-size wp-block-paragraph\">\ud83d\udc49 Der Besuch dieser authentischen #Genossenschaft verspricht einen bezaubernden Einblick in die Geheimnisse der Herstellung dieses au\u00dfergew\u00f6hnlichen K\u00e4ses.<\/p>\n\n\n\n<p class=\"has-medium-font-size wp-block-paragraph\">Nur mit Reservierung f\u00fcr den Besuch der Fruiti\u00e8re durch das Fremdenverkehrsamt von Belley.<\/p>\n\n\n\n<p class=\"has-medium-font-size wp-block-paragraph\">In der Boutique der Fruiti\u00e8re, die von Dienstag bis Samstag ge\u00f6ffnet ist, finden Sie alle lokalen Produkte.<\/p>\n<\/div><\/div>\n","protected":false},"excerpt":{"rendered":"<p>Erleben Sie die Akteure der Region hautnah. Die Destillerie von Bugey Wir freuen uns, Sie einladen zu k\u00f6nnen, die Destillerie du Bugey in Saint-Martin-de-Bavel, nur 3 km vom #campinglevaugrais entfernt, zu entdecken. Marie, die aus dem Dorf stammt, und Phil, der aus England stammt und mit der britischen Gin-Kultur aufgewachsen ist, vereinen ihre Talente, um [&hellip;]<\/p>\n","protected":false},"author":1,"featured_media":0,"parent":13185,"menu_order":0,"comment_status":"closed","ping_status":"closed","template":"","meta":{"_seopress_robots_primary_cat":"","_seopress_titles_title":"Im Herzen des Bugey-Massivs gibt es viele Viehzuchtbetriebe.","_seopress_titles_desc":"Erleben Sie eine einzigartige Erfahrung am Rande der Savoyen. Ein Campingplatz im Herzen der Natur, in der N\u00e4he des Lac du Bourget.","_seopress_robots_index":"","_crdt_document":"","footnotes":""},"class_list":["post-13238","page","type-page","status-publish","hentry"],"_links":{"self":[{"href":"https:\/\/camping-savoie-levaugrais.com\/de\/wp-json\/wp\/v2\/pages\/13238","targetHints":{"allow":["GET"]}}],"collection":[{"href":"https:\/\/camping-savoie-levaugrais.com\/de\/wp-json\/wp\/v2\/pages"}],"about":[{"href":"https:\/\/camping-savoie-levaugrais.com\/de\/wp-json\/wp\/v2\/types\/page"}],"author":[{"embeddable":true,"href":"https:\/\/camping-savoie-levaugrais.com\/de\/wp-json\/wp\/v2\/users\/1"}],"replies":[{"embeddable":true,"href":"https:\/\/camping-savoie-levaugrais.com\/de\/wp-json\/wp\/v2\/comments?post=13238"}],"version-history":[{"count":5,"href":"https:\/\/camping-savoie-levaugrais.com\/de\/wp-json\/wp\/v2\/pages\/13238\/revisions"}],"predecessor-version":[{"id":16709,"href":"https:\/\/camping-savoie-levaugrais.com\/de\/wp-json\/wp\/v2\/pages\/13238\/revisions\/16709"}],"up":[{"embeddable":true,"href":"https:\/\/camping-savoie-levaugrais.com\/de\/wp-json\/wp\/v2\/pages\/13185"}],"wp:attachment":[{"href":"https:\/\/camping-savoie-levaugrais.com\/de\/wp-json\/wp\/v2\/media?parent=13238"}],"curies":[{"name":"wp","href":"https:\/\/api.w.org\/{rel}","templated":true}]}}