{"id":13240,"date":"2024-10-10T11:50:57","date_gmt":"2024-10-10T09:50:57","guid":{"rendered":"https:\/\/camping-savoie-levaugrais.com\/erfahrung-neugierige-familie\/die-kleinen-entdecker\/"},"modified":"2025-01-04T12:03:37","modified_gmt":"2025-01-04T11:03:37","slug":"die-kleinen-entdecker","status":"publish","type":"page","link":"https:\/\/camping-savoie-levaugrais.com\/de\/erfahrung-neugierige-familie\/die-kleinen-entdecker\/","title":{"rendered":"Die kleinen Entdecker"},"content":{"rendered":"\n<div class=\"wp-block-group\"><div class=\"wp-block-group__inner-container is-layout-flow wp-block-group-is-layout-flow\">\n<h2 class=\"wp-block-heading has-text-align-center\">M\u00f6chten Sie mit Ihrer Familie sch\u00f6ne Momente erleben?  <\/h2>\n\n\n<div class=\"wp-block-image\">\n<figure class=\"aligncenter size-large is-resized\"><img loading=\"lazy\" decoding=\"async\" width=\"1024\" height=\"576\" src=\"https:\/\/camping-savoie-levaugrais.com\/wp-content\/uploads\/2025\/01\/partez-a-laventure-en-allemand-14-1024x576.jpg\" alt=\"\" class=\"wp-image-16690\" style=\"width:228px;height:auto\" srcset=\"https:\/\/camping-savoie-levaugrais.com\/wp-content\/uploads\/2025\/01\/partez-a-laventure-en-allemand-14-1024x576.jpg 1024w, https:\/\/camping-savoie-levaugrais.com\/wp-content\/uploads\/2025\/01\/partez-a-laventure-en-allemand-14-300x169.jpg 300w, https:\/\/camping-savoie-levaugrais.com\/wp-content\/uploads\/2025\/01\/partez-a-laventure-en-allemand-14-768x432.jpg 768w, https:\/\/camping-savoie-levaugrais.com\/wp-content\/uploads\/2025\/01\/partez-a-laventure-en-allemand-14-1536x864.jpg 1536w, https:\/\/camping-savoie-levaugrais.com\/wp-content\/uploads\/2025\/01\/partez-a-laventure-en-allemand-14.jpg 1920w\" sizes=\"auto, (max-width: 1024px) 100vw, 1024px\" \/><\/figure>\n<\/div>\n\n\n<div class=\"wp-block-media-text is-stacked-on-mobile\"><figure class=\"wp-block-media-text__media\"><img loading=\"lazy\" decoding=\"async\" width=\"1024\" height=\"528\" src=\"https:\/\/camping-savoie-levaugrais.com\/wp-content\/uploads\/2025\/01\/AIN-canoekayak-MC-034-internet-1024x528.jpg\" alt=\"\" class=\"wp-image-15877 size-full\" srcset=\"https:\/\/camping-savoie-levaugrais.com\/wp-content\/uploads\/2025\/01\/AIN-canoekayak-MC-034-internet-1024x528.jpg 1024w, https:\/\/camping-savoie-levaugrais.com\/wp-content\/uploads\/2025\/01\/AIN-canoekayak-MC-034-internet-300x155.jpg 300w, https:\/\/camping-savoie-levaugrais.com\/wp-content\/uploads\/2025\/01\/AIN-canoekayak-MC-034-internet-768x396.jpg 768w, https:\/\/camping-savoie-levaugrais.com\/wp-content\/uploads\/2025\/01\/AIN-canoekayak-MC-034-internet.jpg 1200w\" sizes=\"auto, (max-width: 1024px) 100vw, 1024px\" \/><\/figure><div class=\"wp-block-media-text__content\">\n<p class=\"has-medium-font-size wp-block-paragraph\"><strong>Prolynx Sport<\/strong>, Ihr idealer Partner f\u00fcr ein unvergessliches Kanu- und Kajakabenteuer, l\u00e4dt Sie dazu ein, die Rh\u00f4ne aus einer neuen Perspektive zu entdecken.<\/p>\n\n\n\n<p class=\"has-medium-font-size wp-block-paragraph\">Von der Basis in Chanaz, nur 16 km vom Campingplatz entfernt, oder in Seyssel, 23 km entfernt, lassen Sie sich von leidenschaftlichen Profis f\u00fchren, die Sie auf Ihrer gesamten Strecke begleiten werden.<\/p>\n\n\n\n<p class=\"has-medium-font-size wp-block-paragraph\">Ob Sie sich f\u00fcr einen einst\u00fcndigen Ausflug, einen ganzen Tag oder ein Biwak-Erlebnis am Wasser entscheiden, jede Formel ist auf Ihre W\u00fcnsche und Ihre Ausdauer zugeschnitten. Genie\u00dfen Sie dieses einzigartige Eintauchen in das Natura-2000-Reservat zwischen Ruhe und Gelassenheit in aller Sicherheit.<\/p>\n<\/div><\/div>\n\n\n\n<div class=\"wp-block-media-text has-media-on-the-right is-stacked-on-mobile\"><div class=\"wp-block-media-text__content\">\n<p class=\"has-medium-font-size wp-block-paragraph\">Gehen Sie mit Ihren Kindern an Bord eines Elektroboots mit <strong>Bateau Bleu Canal <\/strong>in Chanaz und erleben Sie einen magischen Ausflug auf dem Canal de Savi\u00e8res.<\/p>\n\n\n\n<p class=\"has-medium-font-size wp-block-paragraph\">Lassen Sie sich von der Sanftheit des Wassers wiegen, w\u00e4hrend Sie die nat\u00fcrliche Sch\u00f6nheit um sich herum bewundern.<\/p>\n\n\n\n<p class=\"has-medium-font-size wp-block-paragraph\">Im Laufe des Wassers entdecken Sie eine Oase der Ruhe, bevor Sie den Lac du Bourget erreichen, wo Sie sich ein erfrischendes Bad in seinem kristallklaren Wasser g\u00f6nnen k\u00f6nnen. Ein Moment der Entspannung, der Verbundenheit und der Entdeckung, den Sie mit Ihrer Familie teilen k\u00f6nnen, weit weg von der Hektik des Alltags.<\/p>\n<\/div><figure class=\"wp-block-media-text__media\"><img loading=\"lazy\" decoding=\"async\" width=\"1024\" height=\"528\" src=\"https:\/\/camping-savoie-levaugrais.com\/wp-content\/uploads\/2025\/01\/bateau-electrique-internet-1024x528.jpg\" alt=\"\" class=\"wp-image-15881 size-full\" srcset=\"https:\/\/camping-savoie-levaugrais.com\/wp-content\/uploads\/2025\/01\/bateau-electrique-internet-1024x528.jpg 1024w, https:\/\/camping-savoie-levaugrais.com\/wp-content\/uploads\/2025\/01\/bateau-electrique-internet-300x155.jpg 300w, https:\/\/camping-savoie-levaugrais.com\/wp-content\/uploads\/2025\/01\/bateau-electrique-internet-768x396.jpg 768w, https:\/\/camping-savoie-levaugrais.com\/wp-content\/uploads\/2025\/01\/bateau-electrique-internet.jpg 1200w\" sizes=\"auto, (max-width: 1024px) 100vw, 1024px\" \/><\/figure><\/div>\n\n\n\n<div class=\"wp-block-media-text is-stacked-on-mobile\"><figure class=\"wp-block-media-text__media\"><img loading=\"lazy\" decoding=\"async\" width=\"1024\" height=\"528\" src=\"https:\/\/camping-savoie-levaugrais.com\/wp-content\/uploads\/2025\/01\/bateau-canal-internet-1024x528.jpg\" alt=\"\" class=\"wp-image-15885 size-full\" srcset=\"https:\/\/camping-savoie-levaugrais.com\/wp-content\/uploads\/2025\/01\/bateau-canal-internet-1024x528.jpg 1024w, https:\/\/camping-savoie-levaugrais.com\/wp-content\/uploads\/2025\/01\/bateau-canal-internet-300x155.jpg 300w, https:\/\/camping-savoie-levaugrais.com\/wp-content\/uploads\/2025\/01\/bateau-canal-internet-768x396.jpg 768w, https:\/\/camping-savoie-levaugrais.com\/wp-content\/uploads\/2025\/01\/bateau-canal-internet.jpg 1200w\" sizes=\"auto, (max-width: 1024px) 100vw, 1024px\" \/><\/figure><div class=\"wp-block-media-text__content\">\n<p class=\"has-medium-font-size wp-block-paragraph\">Gehen Sie an Bord eines Kreuzfahrtschiffes ( <strong>Bateau Canal<\/strong> ) f\u00fcr eine au\u00dfergew\u00f6hnliche Kreuzfahrt auf dem Kanal von Savi\u00e8res. Lassen Sie sich vom ruhigen Rhythmus des Wassers verzaubern, w\u00e4hrend Sie die Flora und Fauna entdecken, die diesen wundersch\u00f6nen Ort s\u00e4umen.<\/p>\n\n\n\n<p class=\"has-medium-font-size wp-block-paragraph\"> In jedem Moment werden Ihre F\u00fchrer ihr Wissen mit Ihnen teilen und Ihnen die nat\u00fcrlichen Sch\u00e4tze des Kanals enth\u00fcllen.<\/p>\n\n\n\n<p class=\"has-medium-font-size wp-block-paragraph\"> Ein Halt an der Schleuse bietet Ihnen einen fesselnden Anblick, der Technik und wilde Sch\u00f6nheit miteinander verbindet. Ein perfekter Moment, um mit der ganzen Familie inmitten der Natur zu erkunden, zu entspannen und zu tr\u00e4umen.<\/p>\n<\/div><\/div>\n\n\n\t\t\t<div id=\"sevgallery-1857079368\" class=\"sev-diaporama sev-diaporama-portfolio\">\n\t\t\t<div class=\"row\">\n\n\t\t\t\n\t\t\t\t\n\t\t\t\t<div class=\"sev-diaporama-portfolio-item col-12 col-lg  col-shrink\">\n\t\t\t\t\t<!--<a href=\"https:\/\/camping-savoie-levaugrais.com\/wp-content\/uploads\/2021\/08\/experience-a-deux.jpg\" data-lightbox=\"sevgallery-1857079368\" style=\"background-image: url(https:\/\/camping-savoie-levaugrais.com\/wp-content\/uploads\/2021\/08\/experience-a-deux.jpg)\">-->\n\t\t\t\t\t<a href=\"https:\/\/camping-savoie-levaugrais.com\/wp-content\/uploads\/2021\/08\/experience-a-deux.jpg\" data-lightbox=\"sevgallery-1857079368\">\n\t\t\t\t\t\t<img decoding=\"async\" src=\"https:\/\/camping-savoie-levaugrais.com\/wp-content\/uploads\/2021\/08\/experience-a-deux.jpg\" alt=\"Exp\u00e9rience \u00e0 deux cano\u00e9\" loading=\"lazy\">\n\t\t\t\t\t<\/a>\n\t\t\t\t<\/div>\n\n\t\t\t\t\n\t\t\t\t\t\t\t\t\t\t\t\n\t\t\t\t\n\t\t\t\t<div class=\"sev-diaporama-portfolio-item col-12 col-lg \">\n\t\t\t\t\t<!--<a href=\"https:\/\/camping-savoie-levaugrais.com\/wp-content\/uploads\/2021\/08\/canoe.jpg\" data-lightbox=\"sevgallery-1857079368\" style=\"background-image: url(https:\/\/camping-savoie-levaugrais.com\/wp-content\/uploads\/2021\/08\/canoe.jpg)\">-->\n\t\t\t\t\t<a href=\"https:\/\/camping-savoie-levaugrais.com\/wp-content\/uploads\/2021\/08\/canoe.jpg\" data-lightbox=\"sevgallery-1857079368\">\n\t\t\t\t\t\t<img decoding=\"async\" src=\"https:\/\/camping-savoie-levaugrais.com\/wp-content\/uploads\/2021\/08\/canoe.jpg\" alt=\"\" loading=\"lazy\">\n\t\t\t\t\t<\/a>\n\t\t\t\t<\/div>\n\n\t\t\t\t\n\t\t\t\t\t\t\t\t\t\t\t\n\t\t\t\t\n\t\t\t\t<div class=\"sev-diaporama-portfolio-item col-12 col-lg  col-grow\">\n\t\t\t\t\t<!--<a href=\"https:\/\/camping-savoie-levaugrais.com\/wp-content\/uploads\/2021\/09\/SMBT-EB07499-SavoieMontBlanc-Boutet-4000px.jpg\" data-lightbox=\"sevgallery-1857079368\" style=\"background-image: url(https:\/\/camping-savoie-levaugrais.com\/wp-content\/uploads\/2021\/09\/SMBT-EB07499-SavoieMontBlanc-Boutet-4000px.jpg)\">-->\n\t\t\t\t\t<a href=\"https:\/\/camping-savoie-levaugrais.com\/wp-content\/uploads\/2021\/09\/SMBT-EB07499-SavoieMontBlanc-Boutet-4000px.jpg\" data-lightbox=\"sevgallery-1857079368\">\n\t\t\t\t\t\t<img decoding=\"async\" src=\"https:\/\/camping-savoie-levaugrais.com\/wp-content\/uploads\/2021\/09\/SMBT-EB07499-SavoieMontBlanc-Boutet-4000px.jpg\" alt=\"\" loading=\"lazy\">\n\t\t\t\t\t<\/a>\n\t\t\t\t<\/div>\n\n\t\t\t\t\n\t\t\t\t\t\t\t\t\t\t\t\n\t\t\t\t\n\t\t\t\t<div class=\"sev-diaporama-portfolio-item col-12 col-lg  col-shrink\">\n\t\t\t\t\t<!--<a href=\"https:\/\/camping-savoie-levaugrais.com\/wp-content\/uploads\/2021\/09\/SMBT-SB0056-SavoieMontBlanc-Bijasson-4000px.jpg\" data-lightbox=\"sevgallery-1857079368\" style=\"background-image: url(https:\/\/camping-savoie-levaugrais.com\/wp-content\/uploads\/2021\/09\/SMBT-SB0056-SavoieMontBlanc-Bijasson-4000px.jpg)\">-->\n\t\t\t\t\t<a href=\"https:\/\/camping-savoie-levaugrais.com\/wp-content\/uploads\/2021\/09\/SMBT-SB0056-SavoieMontBlanc-Bijasson-4000px.jpg\" data-lightbox=\"sevgallery-1857079368\">\n\t\t\t\t\t\t<img decoding=\"async\" src=\"https:\/\/camping-savoie-levaugrais.com\/wp-content\/uploads\/2021\/09\/SMBT-SB0056-SavoieMontBlanc-Bijasson-4000px.jpg\" alt=\"canal de Savi\u00e8re\" loading=\"lazy\">\n\t\t\t\t\t<\/a>\n\t\t\t\t<\/div>\n\n\t\t\t\t\t\t\t\t\t<div class=\"w-100\"><\/div>\n\t\t\t\t\t\t\t\t\t\n\t\t\t\t\t\t\t\t\t\t\t\n\t\t\t\t\n\t\t\t\t<div class=\"sev-diaporama-portfolio-item col-12 col-lg \">\n\t\t\t\t\t<!--<a href=\"https:\/\/camping-savoie-levaugrais.com\/wp-content\/uploads\/2021\/09\/SMBT-SB0057-SavoieMontBlanc-Bijasson-4000px.jpg\" data-lightbox=\"sevgallery-1857079368\" style=\"background-image: url(https:\/\/camping-savoie-levaugrais.com\/wp-content\/uploads\/2021\/09\/SMBT-SB0057-SavoieMontBlanc-Bijasson-4000px.jpg)\">-->\n\t\t\t\t\t<a href=\"https:\/\/camping-savoie-levaugrais.com\/wp-content\/uploads\/2021\/09\/SMBT-SB0057-SavoieMontBlanc-Bijasson-4000px.jpg\" data-lightbox=\"sevgallery-1857079368\">\n\t\t\t\t\t\t<img decoding=\"async\" src=\"https:\/\/camping-savoie-levaugrais.com\/wp-content\/uploads\/2021\/09\/SMBT-SB0057-SavoieMontBlanc-Bijasson-4000px.jpg\" alt=\"canal de Savi\u00e8re\" loading=\"lazy\">\n\t\t\t\t\t<\/a>\n\t\t\t\t<\/div>\n\n\t\t\t\t\n\t\t\t\t\t\t\t\t\t\t\t\n\t\t\t\t\n\t\t\t\t<div class=\"sev-diaporama-portfolio-item col-12 col-lg \">\n\t\t\t\t\t<!--<a href=\"https:\/\/camping-savoie-levaugrais.com\/wp-content\/uploads\/2021\/07\/loisirs-a-deux.jpg\" data-lightbox=\"sevgallery-1857079368\" style=\"background-image: url(https:\/\/camping-savoie-levaugrais.com\/wp-content\/uploads\/2021\/07\/loisirs-a-deux.jpg)\">-->\n\t\t\t\t\t<a href=\"https:\/\/camping-savoie-levaugrais.com\/wp-content\/uploads\/2021\/07\/loisirs-a-deux.jpg\" data-lightbox=\"sevgallery-1857079368\">\n\t\t\t\t\t\t<img decoding=\"async\" src=\"https:\/\/camping-savoie-levaugrais.com\/wp-content\/uploads\/2021\/07\/loisirs-a-deux.jpg\" alt=\"\" loading=\"lazy\">\n\t\t\t\t\t<\/a>\n\t\t\t\t<\/div>\n\n\t\t\t\t\n\t\t\t\t\t\t\t\t\t\t\t\n\t\t\t\t\n\t\t\t\t<div class=\"sev-diaporama-portfolio-item col-12 col-lg  col-shrink\">\n\t\t\t\t\t<!--<a href=\"https:\/\/camping-savoie-levaugrais.com\/wp-content\/uploads\/2021\/07\/experiences-camping.jpg\" data-lightbox=\"sevgallery-1857079368\" style=\"background-image: url(https:\/\/camping-savoie-levaugrais.com\/wp-content\/uploads\/2021\/07\/experiences-camping.jpg)\">-->\n\t\t\t\t\t<a href=\"https:\/\/camping-savoie-levaugrais.com\/wp-content\/uploads\/2021\/07\/experiences-camping.jpg\" data-lightbox=\"sevgallery-1857079368\">\n\t\t\t\t\t\t<img decoding=\"async\" src=\"https:\/\/camping-savoie-levaugrais.com\/wp-content\/uploads\/2021\/07\/experiences-camping.jpg\" alt=\"\" loading=\"lazy\">\n\t\t\t\t\t<\/a>\n\t\t\t\t<\/div>\n\n\t\t\t\t\n\t\t\t\t\t\t\t\t\t\t\t\n\t\t\t\t\n\t\t\t\t<div class=\"sev-diaporama-portfolio-item col-12 col-lg  col-grow\">\n\t\t\t\t\t<!--<a href=\"https:\/\/camping-savoie-levaugrais.com\/wp-content\/uploads\/2023\/10\/canoe-sur-le-lac-du-bourget-7-site-internet.jpg\" data-lightbox=\"sevgallery-1857079368\" style=\"background-image: url(https:\/\/camping-savoie-levaugrais.com\/wp-content\/uploads\/2023\/10\/canoe-sur-le-lac-du-bourget-7-site-internet.jpg)\">-->\n\t\t\t\t\t<a href=\"https:\/\/camping-savoie-levaugrais.com\/wp-content\/uploads\/2023\/10\/canoe-sur-le-lac-du-bourget-7-site-internet.jpg\" data-lightbox=\"sevgallery-1857079368\">\n\t\t\t\t\t\t<img decoding=\"async\" src=\"https:\/\/camping-savoie-levaugrais.com\/wp-content\/uploads\/2023\/10\/canoe-sur-le-lac-du-bourget-7-site-internet.jpg\" alt=\"camping le Vaugrais\" loading=\"lazy\">\n\t\t\t\t\t<\/a>\n\t\t\t\t<\/div>\n\n\t\t\t\t\t\t\t\t\t<div class=\"w-100\"><\/div>\n\t\t\t\t\t\t\t\t\t\n\t\t\t\t\t\t\t\t\t\t\t\n\t\t\t\t\n\t\t\t\t<div class=\"sev-diaporama-portfolio-item col-12 col-lg  col-shrink\">\n\t\t\t\t\t<!--<a href=\"https:\/\/camping-savoie-levaugrais.com\/wp-content\/uploads\/2023\/10\/canoe-sur-le-lac-du-bourget-6-site-internet.jpg\" data-lightbox=\"sevgallery-1857079368\" style=\"background-image: url(https:\/\/camping-savoie-levaugrais.com\/wp-content\/uploads\/2023\/10\/canoe-sur-le-lac-du-bourget-6-site-internet.jpg)\">-->\n\t\t\t\t\t<a href=\"https:\/\/camping-savoie-levaugrais.com\/wp-content\/uploads\/2023\/10\/canoe-sur-le-lac-du-bourget-6-site-internet.jpg\" data-lightbox=\"sevgallery-1857079368\">\n\t\t\t\t\t\t<img decoding=\"async\" src=\"https:\/\/camping-savoie-levaugrais.com\/wp-content\/uploads\/2023\/10\/canoe-sur-le-lac-du-bourget-6-site-internet.jpg\" alt=\"camping le Vaugrais\" loading=\"lazy\">\n\t\t\t\t\t<\/a>\n\t\t\t\t<\/div>\n\n\t\t\t\t\n\t\t\t\t\t\t\t\t\t\t\t\n\t\t\t\t\n\t\t\t\t<div class=\"sev-diaporama-portfolio-item col-12 col-lg  col-grow\">\n\t\t\t\t\t<!--<a href=\"https:\/\/camping-savoie-levaugrais.com\/wp-content\/uploads\/2023\/10\/canoe-sur-le-lac-du-bourget-5-site-internet.jpg\" data-lightbox=\"sevgallery-1857079368\" style=\"background-image: url(https:\/\/camping-savoie-levaugrais.com\/wp-content\/uploads\/2023\/10\/canoe-sur-le-lac-du-bourget-5-site-internet.jpg)\">-->\n\t\t\t\t\t<a href=\"https:\/\/camping-savoie-levaugrais.com\/wp-content\/uploads\/2023\/10\/canoe-sur-le-lac-du-bourget-5-site-internet.jpg\" data-lightbox=\"sevgallery-1857079368\">\n\t\t\t\t\t\t<img decoding=\"async\" src=\"https:\/\/camping-savoie-levaugrais.com\/wp-content\/uploads\/2023\/10\/canoe-sur-le-lac-du-bourget-5-site-internet.jpg\" alt=\"camping le Vaugrais\" loading=\"lazy\">\n\t\t\t\t\t<\/a>\n\t\t\t\t<\/div>\n\n\t\t\t\t\n\t\t\t\t\t\t\t\t\t\t\t\n\t\t\t\t\n\t\t\t\t<div class=\"sev-diaporama-portfolio-item col-12 col-lg \">\n\t\t\t\t\t<!--<a href=\"https:\/\/camping-savoie-levaugrais.com\/wp-content\/uploads\/2023\/10\/canoe-sur-le-lac-du-bourget-2-site-internet.jpg\" data-lightbox=\"sevgallery-1857079368\" style=\"background-image: url(https:\/\/camping-savoie-levaugrais.com\/wp-content\/uploads\/2023\/10\/canoe-sur-le-lac-du-bourget-2-site-internet.jpg)\">-->\n\t\t\t\t\t<a href=\"https:\/\/camping-savoie-levaugrais.com\/wp-content\/uploads\/2023\/10\/canoe-sur-le-lac-du-bourget-2-site-internet.jpg\" data-lightbox=\"sevgallery-1857079368\">\n\t\t\t\t\t\t<img decoding=\"async\" src=\"https:\/\/camping-savoie-levaugrais.com\/wp-content\/uploads\/2023\/10\/canoe-sur-le-lac-du-bourget-2-site-internet.jpg\" alt=\"camping le Vaugrais\" loading=\"lazy\">\n\t\t\t\t\t<\/a>\n\t\t\t\t<\/div>\n\n\t\t\t\t\n\t\t\t\t\t\t\t\t\t\t\t\n\t\t\t\t\n\t\t\t\t<div class=\"sev-diaporama-portfolio-item col-12 col-lg  col-shrink\">\n\t\t\t\t\t<!--<a href=\"https:\/\/camping-savoie-levaugrais.com\/wp-content\/uploads\/2023\/10\/canoe-sur-le-lac-du-bourget-1-site-internet.jpg\" data-lightbox=\"sevgallery-1857079368\" style=\"background-image: url(https:\/\/camping-savoie-levaugrais.com\/wp-content\/uploads\/2023\/10\/canoe-sur-le-lac-du-bourget-1-site-internet.jpg)\">-->\n\t\t\t\t\t<a href=\"https:\/\/camping-savoie-levaugrais.com\/wp-content\/uploads\/2023\/10\/canoe-sur-le-lac-du-bourget-1-site-internet.jpg\" data-lightbox=\"sevgallery-1857079368\">\n\t\t\t\t\t\t<img decoding=\"async\" src=\"https:\/\/camping-savoie-levaugrais.com\/wp-content\/uploads\/2023\/10\/canoe-sur-le-lac-du-bourget-1-site-internet.jpg\" alt=\"camping le Vaugrais\" loading=\"lazy\">\n\t\t\t\t\t<\/a>\n\t\t\t\t<\/div>\n\n\t\t\t\t\t\t\t\t\t<div class=\"w-100\"><\/div>\n\t\t\t\t\t\t\t\t\t\n\t\t\t\t\t\t\t\t\t\t\t\t\t\t<\/div>\n\t\t\t<\/div>\n\n\t\t\t<script>\n\t\t\tjQuery(function($) {\n\n\t\t\t\tvar marginPortfolio = function() {\n\n\t\t\t\t\tvar $diapo          = $('#sevgallery-1857079368');\n\t\t\t\t\tvar container_width = $diapo.parent().outerWidth();\n\t\t\t\t\tvar side            = ( $(window).innerWidth() - container_width ) \/ 2;\n\n\t\t\t\t\t$diapo.css( {\n\t\t\t\t\t\t'margin-left': '-' + side + 'px',\n\t\t\t\t\t\t'margin-right': '-' + side + 'px',\n\t\t\t\t\t} );\n\t\t\t\t};\n\n\t\t\t\t$( window ).resize( function() {\n\t\t\t\t\tmarginPortfolio();\n\t\t\t\t} );\n\t\t\t\tmarginPortfolio();\n\t\t\t});\n\t\t\t<\/script>\n\t\t\t\n<\/div><\/div>\n","protected":false},"excerpt":{"rendered":"<p>M\u00f6chten Sie mit Ihrer Familie sch\u00f6ne Momente erleben? Prolynx Sport, Ihr idealer Partner f\u00fcr ein unvergessliches Kanu- und Kajakabenteuer, l\u00e4dt Sie dazu ein, die Rh\u00f4ne aus einer neuen Perspektive zu entdecken. Von der Basis in Chanaz, nur 16 km vom Campingplatz entfernt, oder in Seyssel, 23 km entfernt, lassen Sie sich von leidenschaftlichen Profis f\u00fchren, [&hellip;]<\/p>\n","protected":false},"author":1,"featured_media":0,"parent":13185,"menu_order":0,"comment_status":"closed","ping_status":"closed","template":"","meta":{"_seopress_robots_primary_cat":"","_seopress_titles_title":"Kanu- und Kajakfahrten auf der Rh\u00f4ne f\u00fcr die ganze Familie!","_seopress_titles_desc":"Begeben Sie sich auf ein einzigartiges Abenteuer: eine Kanu- und Kajakfahrt auf der Rh\u00f4ne. Entdecken Sie neue Sportarten in Ihrem Urlaub.","_seopress_robots_index":"","_crdt_document":"","footnotes":""},"class_list":["post-13240","page","type-page","status-publish","hentry"],"_links":{"self":[{"href":"https:\/\/camping-savoie-levaugrais.com\/de\/wp-json\/wp\/v2\/pages\/13240","targetHints":{"allow":["GET"]}}],"collection":[{"href":"https:\/\/camping-savoie-levaugrais.com\/de\/wp-json\/wp\/v2\/pages"}],"about":[{"href":"https:\/\/camping-savoie-levaugrais.com\/de\/wp-json\/wp\/v2\/types\/page"}],"author":[{"embeddable":true,"href":"https:\/\/camping-savoie-levaugrais.com\/de\/wp-json\/wp\/v2\/users\/1"}],"replies":[{"embeddable":true,"href":"https:\/\/camping-savoie-levaugrais.com\/de\/wp-json\/wp\/v2\/comments?post=13240"}],"version-history":[{"count":3,"href":"https:\/\/camping-savoie-levaugrais.com\/de\/wp-json\/wp\/v2\/pages\/13240\/revisions"}],"predecessor-version":[{"id":16694,"href":"https:\/\/camping-savoie-levaugrais.com\/de\/wp-json\/wp\/v2\/pages\/13240\/revisions\/16694"}],"up":[{"embeddable":true,"href":"https:\/\/camping-savoie-levaugrais.com\/de\/wp-json\/wp\/v2\/pages\/13185"}],"wp:attachment":[{"href":"https:\/\/camping-savoie-levaugrais.com\/de\/wp-json\/wp\/v2\/media?parent=13240"}],"curies":[{"name":"wp","href":"https:\/\/api.w.org\/{rel}","templated":true}]}}