{"id":13242,"date":"2024-10-10T11:50:57","date_gmt":"2024-10-10T09:50:57","guid":{"rendered":"https:\/\/camping-savoie-levaugrais.com\/sportliche-erfahrung\/mit-dem-mountainbike-auf-dem-plateau-du-retord\/"},"modified":"2025-01-04T12:08:58","modified_gmt":"2025-01-04T11:08:58","slug":"mit-dem-mountainbike-auf-dem-plateau-du-retord","status":"publish","type":"page","link":"https:\/\/camping-savoie-levaugrais.com\/de\/sportliche-erfahrung\/mit-dem-mountainbike-auf-dem-plateau-du-retord\/","title":{"rendered":"Mit dem Mountainbike auf dem Plateau du Retord"},"content":{"rendered":"\n<h2 class=\"wp-block-heading has-text-align-center\">Ich entfliehe!<\/h2>\n\n\n<div class=\"wp-block-image\">\n<figure class=\"aligncenter size-large is-resized\"><img loading=\"lazy\" decoding=\"async\" width=\"1024\" height=\"576\" src=\"https:\/\/camping-savoie-levaugrais.com\/wp-content\/uploads\/2025\/01\/partez-a-laventure-en-allemand-19-1024x576.jpg\" alt=\"\" class=\"wp-image-16715\" style=\"width:288px;height:auto\" srcset=\"https:\/\/camping-savoie-levaugrais.com\/wp-content\/uploads\/2025\/01\/partez-a-laventure-en-allemand-19-1024x576.jpg 1024w, https:\/\/camping-savoie-levaugrais.com\/wp-content\/uploads\/2025\/01\/partez-a-laventure-en-allemand-19-300x169.jpg 300w, https:\/\/camping-savoie-levaugrais.com\/wp-content\/uploads\/2025\/01\/partez-a-laventure-en-allemand-19-768x432.jpg 768w, https:\/\/camping-savoie-levaugrais.com\/wp-content\/uploads\/2025\/01\/partez-a-laventure-en-allemand-19-1536x864.jpg 1536w, https:\/\/camping-savoie-levaugrais.com\/wp-content\/uploads\/2025\/01\/partez-a-laventure-en-allemand-19.jpg 1920w\" sizes=\"auto, (max-width: 1024px) 100vw, 1024px\" \/><\/figure>\n<\/div>\n\n\n<div class=\"wp-block-media-text is-stacked-on-mobile\"><figure class=\"wp-block-media-text__media\"><img loading=\"lazy\" decoding=\"async\" width=\"1024\" height=\"683\" src=\"https:\/\/camping-savoie-levaugrais.com\/wp-content\/uploads\/2025\/01\/IMG_5349retoucheweb-1024x683.jpg\" alt=\"\" class=\"wp-image-15989 size-full\" srcset=\"https:\/\/camping-savoie-levaugrais.com\/wp-content\/uploads\/2025\/01\/IMG_5349retoucheweb-1024x683.jpg 1024w, https:\/\/camping-savoie-levaugrais.com\/wp-content\/uploads\/2025\/01\/IMG_5349retoucheweb-300x200.jpg 300w, https:\/\/camping-savoie-levaugrais.com\/wp-content\/uploads\/2025\/01\/IMG_5349retoucheweb-768x512.jpg 768w, https:\/\/camping-savoie-levaugrais.com\/wp-content\/uploads\/2025\/01\/IMG_5349retoucheweb-1536x1024.jpg 1536w, https:\/\/camping-savoie-levaugrais.com\/wp-content\/uploads\/2025\/01\/IMG_5349retoucheweb-2048x1365.jpg 2048w\" sizes=\"auto, (max-width: 1024px) 100vw, 1024px\" \/><\/figure><div class=\"wp-block-media-text__content\">\n<p class=\"has-medium-font-size wp-block-paragraph\">Schnappen Sie sich Ihr Mountainbike und erobern Sie <strong>die Berge des Plateau de Retord<\/strong>, die ein wahrer Spielplatz f\u00fcr leidenschaftliche Radfahrer sind. Erkunden Sie die legend\u00e4ren Reliefs, darunter die Pisten des legend\u00e4ren Col du Colombier, wo jeder Anstieg ein atemberaubendes Panorama offenbart.<\/p>\n\n\n\n<p class=\"has-medium-font-size wp-block-paragraph\">Von Les Plan d&#8217;Hotonnes aus k\u00f6nnen Sie zwischen ausgeschilderten Strecken von 9 bis 26 km w\u00e4hlen, die f\u00fcr alle Niveaus geeignet sind und einen H\u00f6henunterschied von 160 bis 650 m aufweisen. Spr\u00fcnge, technische Kurven und schnelle Abfahrten bestimmen den Rhythmus Ihres Abenteuers, das Spa\u00df und Selbst\u00fcberwindung miteinander verbindet.<\/p>\n\n\n\n<p class=\"has-medium-font-size wp-block-paragraph\">An der Rezeption steht Ihnen eine kostenlose Streckenkarte zur Verf\u00fcgung, mit der Sie Ihren Ausflug planen k\u00f6nnen. Fahren Sie inmitten authentischer und wilder Landschaften!<\/p>\n<\/div><\/div>\n\n\n\n<div class=\"wp-block-media-text has-media-on-the-right is-stacked-on-mobile\"><div class=\"wp-block-media-text__content\">\n<p class=\"has-medium-font-size wp-block-paragraph\"><strong>Servi Nature in Les Plans d&#8217;Hotonne<\/strong>s stellt Ihnen eine gro\u00dfe Auswahl an Mountainbikes und Elektrofahrr\u00e4dern zur Verf\u00fcgung, die f\u00fcr alle Niveaus geeignet sind. Bereiten Sie Ihr Abenteuer schon jetzt vor, indem Sie Ihre Ausr\u00fcstung reservieren und Ihre Strecke planen.<\/p>\n\n\n\n<p class=\"has-medium-font-size wp-block-paragraph\">G\u00f6nnen Sie sich ein v\u00f6lliges Eintauchen in die Natur und haben Sie vielleicht das Gl\u00fcck, einen heimlichen Fuchs zu ersp\u00e4hen, wenn Sie um einen Pfad biegen. Profitieren Sie von einem hochwertigen Service f\u00fcr ein unvergessliches Erlebnis im Herzen des Plateau de Retord!<\/p>\n\n\n\n<p class=\"has-medium-font-size wp-block-paragraph\">Denken Sie daran, Ihr Picknick mitzunehmen, damit Sie die Panoramen und die Ruhe der Umgebung voll und ganz genie\u00dfen k\u00f6nnen.<\/p>\n<\/div><figure class=\"wp-block-media-text__media\"><img loading=\"lazy\" decoding=\"async\" width=\"1024\" height=\"528\" src=\"https:\/\/camping-savoie-levaugrais.com\/wp-content\/uploads\/2025\/01\/IMG_5365retouche-internet-1024x528.jpg\" alt=\"\" class=\"wp-image-15993 size-full\" srcset=\"https:\/\/camping-savoie-levaugrais.com\/wp-content\/uploads\/2025\/01\/IMG_5365retouche-internet-1024x528.jpg 1024w, https:\/\/camping-savoie-levaugrais.com\/wp-content\/uploads\/2025\/01\/IMG_5365retouche-internet-300x155.jpg 300w, https:\/\/camping-savoie-levaugrais.com\/wp-content\/uploads\/2025\/01\/IMG_5365retouche-internet-768x396.jpg 768w, https:\/\/camping-savoie-levaugrais.com\/wp-content\/uploads\/2025\/01\/IMG_5365retouche-internet.jpg 1200w\" sizes=\"auto, (max-width: 1024px) 100vw, 1024px\" \/><\/figure><\/div>\n\n\n\t\t\t<div id=\"sevgallery-363066906\" class=\"sev-diaporama sev-diaporama-portfolio\">\n\t\t\t<div class=\"row\">\n\n\t\t\t\n\t\t\t\t\n\t\t\t\t<div class=\"sev-diaporama-portfolio-item col-12 col-lg \">\n\t\t\t\t\t<!--<a href=\"https:\/\/camping-savoie-levaugrais.com\/wp-content\/uploads\/2021\/08\/retord.jpg\" data-lightbox=\"sevgallery-363066906\" style=\"background-image: url(https:\/\/camping-savoie-levaugrais.com\/wp-content\/uploads\/2021\/08\/retord.jpg)\">-->\n\t\t\t\t\t<a href=\"https:\/\/camping-savoie-levaugrais.com\/wp-content\/uploads\/2021\/08\/retord.jpg\" data-lightbox=\"sevgallery-363066906\">\n\t\t\t\t\t\t<img decoding=\"async\" src=\"https:\/\/camping-savoie-levaugrais.com\/wp-content\/uploads\/2021\/08\/retord.jpg\" alt=\"\" loading=\"lazy\">\n\t\t\t\t\t<\/a>\n\t\t\t\t<\/div>\n\n\t\t\t\t\n\t\t\t\t\t\t\t\t\t\t\t\n\t\t\t\t\n\t\t\t\t<div class=\"sev-diaporama-portfolio-item col-12 col-lg  col-grow\">\n\t\t\t\t\t<!--<a href=\"https:\/\/camping-savoie-levaugrais.com\/wp-content\/uploads\/2021\/07\/vtt-en-savoie.jpg\" data-lightbox=\"sevgallery-363066906\" style=\"background-image: url(https:\/\/camping-savoie-levaugrais.com\/wp-content\/uploads\/2021\/07\/vtt-en-savoie.jpg)\">-->\n\t\t\t\t\t<a href=\"https:\/\/camping-savoie-levaugrais.com\/wp-content\/uploads\/2021\/07\/vtt-en-savoie.jpg\" data-lightbox=\"sevgallery-363066906\">\n\t\t\t\t\t\t<img decoding=\"async\" src=\"https:\/\/camping-savoie-levaugrais.com\/wp-content\/uploads\/2021\/07\/vtt-en-savoie.jpg\" alt=\"v\u00e9lo montagne vtt savoie\" loading=\"lazy\">\n\t\t\t\t\t<\/a>\n\t\t\t\t<\/div>\n\n\t\t\t\t\n\t\t\t\t\t\t\t\t\t\t\t\n\t\t\t\t\n\t\t\t\t<div class=\"sev-diaporama-portfolio-item col-12 col-lg  col-shrink\">\n\t\t\t\t\t<!--<a href=\"https:\/\/camping-savoie-levaugrais.com\/wp-content\/uploads\/2021\/07\/velomontagne5.jpg\" data-lightbox=\"sevgallery-363066906\" style=\"background-image: url(https:\/\/camping-savoie-levaugrais.com\/wp-content\/uploads\/2021\/07\/velomontagne5.jpg)\">-->\n\t\t\t\t\t<a href=\"https:\/\/camping-savoie-levaugrais.com\/wp-content\/uploads\/2021\/07\/velomontagne5.jpg\" data-lightbox=\"sevgallery-363066906\">\n\t\t\t\t\t\t<img decoding=\"async\" src=\"https:\/\/camping-savoie-levaugrais.com\/wp-content\/uploads\/2021\/07\/velomontagne5.jpg\" alt=\"v\u00e9lo montagne athl\u00e9tes\" loading=\"lazy\">\n\t\t\t\t\t<\/a>\n\t\t\t\t<\/div>\n\n\t\t\t\t\n\t\t\t\t\t\t\t\t\t\t\t\n\t\t\t\t\n\t\t\t\t<div class=\"sev-diaporama-portfolio-item col-12 col-lg \">\n\t\t\t\t\t<!--<a href=\"https:\/\/camping-savoie-levaugrais.com\/wp-content\/uploads\/2021\/07\/velomontagne2.jpg\" data-lightbox=\"sevgallery-363066906\" style=\"background-image: url(https:\/\/camping-savoie-levaugrais.com\/wp-content\/uploads\/2021\/07\/velomontagne2.jpg)\">-->\n\t\t\t\t\t<a href=\"https:\/\/camping-savoie-levaugrais.com\/wp-content\/uploads\/2021\/07\/velomontagne2.jpg\" data-lightbox=\"sevgallery-363066906\">\n\t\t\t\t\t\t<img decoding=\"async\" src=\"https:\/\/camping-savoie-levaugrais.com\/wp-content\/uploads\/2021\/07\/velomontagne2.jpg\" alt=\"v\u00e9lo montagne 20\" loading=\"lazy\">\n\t\t\t\t\t<\/a>\n\t\t\t\t<\/div>\n\n\t\t\t\t\t\t\t\t\t<div class=\"w-100\"><\/div>\n\t\t\t\t\t\t\t\t\t\n\t\t\t\t\t\t\t\t\t\t\t\n\t\t\t\t\n\t\t\t\t<div class=\"sev-diaporama-portfolio-item col-12 col-lg  col-grow\">\n\t\t\t\t\t<!--<a href=\"https:\/\/camping-savoie-levaugrais.com\/wp-content\/uploads\/2021\/07\/velomontagne1.jpg\" data-lightbox=\"sevgallery-363066906\" style=\"background-image: url(https:\/\/camping-savoie-levaugrais.com\/wp-content\/uploads\/2021\/07\/velomontagne1.jpg)\">-->\n\t\t\t\t\t<a href=\"https:\/\/camping-savoie-levaugrais.com\/wp-content\/uploads\/2021\/07\/velomontagne1.jpg\" data-lightbox=\"sevgallery-363066906\">\n\t\t\t\t\t\t<img decoding=\"async\" src=\"https:\/\/camping-savoie-levaugrais.com\/wp-content\/uploads\/2021\/07\/velomontagne1.jpg\" alt=\"v\u00e9lo montagne 1\" loading=\"lazy\">\n\t\t\t\t\t<\/a>\n\t\t\t\t<\/div>\n\n\t\t\t\t\n\t\t\t\t\t\t\t\t\t\t\t\n\t\t\t\t\n\t\t\t\t<div class=\"sev-diaporama-portfolio-item col-12 col-lg \">\n\t\t\t\t\t<!--<a href=\"https:\/\/camping-savoie-levaugrais.com\/wp-content\/uploads\/2023\/10\/IMG_6093-site-internet.jpg\" data-lightbox=\"sevgallery-363066906\" style=\"background-image: url(https:\/\/camping-savoie-levaugrais.com\/wp-content\/uploads\/2023\/10\/IMG_6093-site-internet.jpg)\">-->\n\t\t\t\t\t<a href=\"https:\/\/camping-savoie-levaugrais.com\/wp-content\/uploads\/2023\/10\/IMG_6093-site-internet.jpg\" data-lightbox=\"sevgallery-363066906\">\n\t\t\t\t\t\t<img decoding=\"async\" src=\"https:\/\/camping-savoie-levaugrais.com\/wp-content\/uploads\/2023\/10\/IMG_6093-site-internet.jpg\" alt=\"Le Vaugrais - camping nature\" loading=\"lazy\">\n\t\t\t\t\t<\/a>\n\t\t\t\t<\/div>\n\n\t\t\t\t\n\t\t\t\t\t\t\t\t\t\t\t\n\t\t\t\t\n\t\t\t\t<div class=\"sev-diaporama-portfolio-item col-12 col-lg  col-shrink\">\n\t\t\t\t\t<!--<a href=\"https:\/\/camping-savoie-levaugrais.com\/wp-content\/uploads\/2021\/07\/velomontagne9jpg.jpg\" data-lightbox=\"sevgallery-363066906\" style=\"background-image: url(https:\/\/camping-savoie-levaugrais.com\/wp-content\/uploads\/2021\/07\/velomontagne9jpg.jpg)\">-->\n\t\t\t\t\t<a href=\"https:\/\/camping-savoie-levaugrais.com\/wp-content\/uploads\/2021\/07\/velomontagne9jpg.jpg\" data-lightbox=\"sevgallery-363066906\">\n\t\t\t\t\t\t<img decoding=\"async\" src=\"https:\/\/camping-savoie-levaugrais.com\/wp-content\/uploads\/2021\/07\/velomontagne9jpg.jpg\" alt=\"v\u00e9lo montagne proche camping\" loading=\"lazy\">\n\t\t\t\t\t<\/a>\n\t\t\t\t<\/div>\n\n\t\t\t\t\n\t\t\t\t\t\t\t\t\t\t\t\n\t\t\t\t\n\t\t\t\t<div class=\"sev-diaporama-portfolio-item col-12 col-lg  col-shrink\">\n\t\t\t\t\t<!--<a href=\"https:\/\/camping-savoie-levaugrais.com\/wp-content\/uploads\/2021\/07\/velomontagne13.jpg\" data-lightbox=\"sevgallery-363066906\" style=\"background-image: url(https:\/\/camping-savoie-levaugrais.com\/wp-content\/uploads\/2021\/07\/velomontagne13.jpg)\">-->\n\t\t\t\t\t<a href=\"https:\/\/camping-savoie-levaugrais.com\/wp-content\/uploads\/2021\/07\/velomontagne13.jpg\" data-lightbox=\"sevgallery-363066906\">\n\t\t\t\t\t\t<img decoding=\"async\" src=\"https:\/\/camping-savoie-levaugrais.com\/wp-content\/uploads\/2021\/07\/velomontagne13.jpg\" alt=\"balades \u00e0 v\u00e9lo\" loading=\"lazy\">\n\t\t\t\t\t<\/a>\n\t\t\t\t<\/div>\n\n\t\t\t\t\t\t\t\t\t<div class=\"w-100\"><\/div>\n\t\t\t\t\t\t\t\t\t\n\t\t\t\t\t\t\t\t\t\t\t\n\t\t\t\t\n\t\t\t\t<div class=\"sev-diaporama-portfolio-item col-12 col-lg \">\n\t\t\t\t\t<!--<a href=\"https:\/\/camping-savoie-levaugrais.com\/wp-content\/uploads\/2021\/09\/GCAT_071065_HD.jpg\" data-lightbox=\"sevgallery-363066906\" style=\"background-image: url(https:\/\/camping-savoie-levaugrais.com\/wp-content\/uploads\/2021\/09\/GCAT_071065_HD.jpg)\">-->\n\t\t\t\t\t<a href=\"https:\/\/camping-savoie-levaugrais.com\/wp-content\/uploads\/2021\/09\/GCAT_071065_HD.jpg\" data-lightbox=\"sevgallery-363066906\">\n\t\t\t\t\t\t<img decoding=\"async\" src=\"https:\/\/camping-savoie-levaugrais.com\/wp-content\/uploads\/2021\/09\/GCAT_071065_HD.jpg\" alt=\"v\u00e9lo montagne\" loading=\"lazy\">\n\t\t\t\t\t<\/a>\n\t\t\t\t<\/div>\n\n\t\t\t\t\n\t\t\t\t\t\t\t\t\t\t\t\n\t\t\t\t\n\t\t\t\t<div class=\"sev-diaporama-portfolio-item col-12 col-lg \">\n\t\t\t\t\t<!--<a href=\"https:\/\/camping-savoie-levaugrais.com\/wp-content\/uploads\/2023\/10\/IMG_5350retouche-site-internet.jpg\" data-lightbox=\"sevgallery-363066906\" style=\"background-image: url(https:\/\/camping-savoie-levaugrais.com\/wp-content\/uploads\/2023\/10\/IMG_5350retouche-site-internet.jpg)\">-->\n\t\t\t\t\t<a href=\"https:\/\/camping-savoie-levaugrais.com\/wp-content\/uploads\/2023\/10\/IMG_5350retouche-site-internet.jpg\" data-lightbox=\"sevgallery-363066906\">\n\t\t\t\t\t\t<img decoding=\"async\" src=\"https:\/\/camping-savoie-levaugrais.com\/wp-content\/uploads\/2023\/10\/IMG_5350retouche-site-internet.jpg\" alt=\"Le Vaugrais - camping nature\" loading=\"lazy\">\n\t\t\t\t\t<\/a>\n\t\t\t\t<\/div>\n\n\t\t\t\t\n\t\t\t\t\t\t\t\t\t\t\t\n\t\t\t\t\n\t\t\t\t<div class=\"sev-diaporama-portfolio-item col-12 col-lg  col-shrink\">\n\t\t\t\t\t<!--<a href=\"https:\/\/camping-savoie-levaugrais.com\/wp-content\/uploads\/2021\/09\/GCAT_071069_HD.jpg\" data-lightbox=\"sevgallery-363066906\" style=\"background-image: url(https:\/\/camping-savoie-levaugrais.com\/wp-content\/uploads\/2021\/09\/GCAT_071069_HD.jpg)\">-->\n\t\t\t\t\t<a href=\"https:\/\/camping-savoie-levaugrais.com\/wp-content\/uploads\/2021\/09\/GCAT_071069_HD.jpg\" data-lightbox=\"sevgallery-363066906\">\n\t\t\t\t\t\t<img decoding=\"async\" src=\"https:\/\/camping-savoie-levaugrais.com\/wp-content\/uploads\/2021\/09\/GCAT_071069_HD.jpg\" alt=\"v\u00e9lo montagne\" loading=\"lazy\">\n\t\t\t\t\t<\/a>\n\t\t\t\t<\/div>\n\n\t\t\t\t\n\t\t\t\t\t\t\t\t\t\t\t\n\t\t\t\t\n\t\t\t\t<div class=\"sev-diaporama-portfolio-item col-12 col-lg  col-grow\">\n\t\t\t\t\t<!--<a href=\"https:\/\/camping-savoie-levaugrais.com\/wp-content\/uploads\/2023\/10\/IMG_6080-site-internet.jpg\" data-lightbox=\"sevgallery-363066906\" style=\"background-image: url(https:\/\/camping-savoie-levaugrais.com\/wp-content\/uploads\/2023\/10\/IMG_6080-site-internet.jpg)\">-->\n\t\t\t\t\t<a href=\"https:\/\/camping-savoie-levaugrais.com\/wp-content\/uploads\/2023\/10\/IMG_6080-site-internet.jpg\" data-lightbox=\"sevgallery-363066906\">\n\t\t\t\t\t\t<img decoding=\"async\" src=\"https:\/\/camping-savoie-levaugrais.com\/wp-content\/uploads\/2023\/10\/IMG_6080-site-internet.jpg\" alt=\"Le Vaugrais - camping nature\" loading=\"lazy\">\n\t\t\t\t\t<\/a>\n\t\t\t\t<\/div>\n\n\t\t\t\t\t\t\t\t\t<div class=\"w-100\"><\/div>\n\t\t\t\t\t\t\t\t\t\n\t\t\t\t\t\t\t\t\t\t\t\n\t\t\t\t\n\t\t\t\t<div class=\"sev-diaporama-portfolio-item col-12 col-lg  col-shrink\">\n\t\t\t\t\t<!--<a href=\"https:\/\/camping-savoie-levaugrais.com\/wp-content\/uploads\/2023\/10\/IMG_6068-site-internet.jpg\" data-lightbox=\"sevgallery-363066906\" style=\"background-image: url(https:\/\/camping-savoie-levaugrais.com\/wp-content\/uploads\/2023\/10\/IMG_6068-site-internet.jpg)\">-->\n\t\t\t\t\t<a href=\"https:\/\/camping-savoie-levaugrais.com\/wp-content\/uploads\/2023\/10\/IMG_6068-site-internet.jpg\" data-lightbox=\"sevgallery-363066906\">\n\t\t\t\t\t\t<img decoding=\"async\" src=\"https:\/\/camping-savoie-levaugrais.com\/wp-content\/uploads\/2023\/10\/IMG_6068-site-internet.jpg\" alt=\"Le Vaugrais - camping nature\" loading=\"lazy\">\n\t\t\t\t\t<\/a>\n\t\t\t\t<\/div>\n\n\t\t\t\t\n\t\t\t\t\t\t\t\t\t\t\t\n\t\t\t\t\n\t\t\t\t<div class=\"sev-diaporama-portfolio-item col-12 col-lg  col-shrink\">\n\t\t\t\t\t<!--<a href=\"https:\/\/camping-savoie-levaugrais.com\/wp-content\/uploads\/2021\/07\/velomontagne7jpg.jpg\" data-lightbox=\"sevgallery-363066906\" style=\"background-image: url(https:\/\/camping-savoie-levaugrais.com\/wp-content\/uploads\/2021\/07\/velomontagne7jpg.jpg)\">-->\n\t\t\t\t\t<a href=\"https:\/\/camping-savoie-levaugrais.com\/wp-content\/uploads\/2021\/07\/velomontagne7jpg.jpg\" data-lightbox=\"sevgallery-363066906\">\n\t\t\t\t\t\t<img decoding=\"async\" src=\"https:\/\/camping-savoie-levaugrais.com\/wp-content\/uploads\/2021\/07\/velomontagne7jpg.jpg\" alt=\"v\u00e9lo montagne\" loading=\"lazy\">\n\t\t\t\t\t<\/a>\n\t\t\t\t<\/div>\n\n\t\t\t\t\n\t\t\t\t\t\t\t\t\t\t\t\n\t\t\t\t\n\t\t\t\t<div class=\"sev-diaporama-portfolio-item col-12 col-lg \">\n\t\t\t\t\t<!--<a href=\"https:\/\/camping-savoie-levaugrais.com\/wp-content\/uploads\/2023\/10\/IMG_5357retouche-site-internet.jpg\" data-lightbox=\"sevgallery-363066906\" style=\"background-image: url(https:\/\/camping-savoie-levaugrais.com\/wp-content\/uploads\/2023\/10\/IMG_5357retouche-site-internet.jpg)\">-->\n\t\t\t\t\t<a href=\"https:\/\/camping-savoie-levaugrais.com\/wp-content\/uploads\/2023\/10\/IMG_5357retouche-site-internet.jpg\" data-lightbox=\"sevgallery-363066906\">\n\t\t\t\t\t\t<img decoding=\"async\" src=\"https:\/\/camping-savoie-levaugrais.com\/wp-content\/uploads\/2023\/10\/IMG_5357retouche-site-internet.jpg\" alt=\"Le Vaugrais - camping nature\" loading=\"lazy\">\n\t\t\t\t\t<\/a>\n\t\t\t\t<\/div>\n\n\t\t\t\t\n\t\t\t\t\t\t\t\t\t\t\t\t\t\t<\/div>\n\t\t\t<\/div>\n\n\t\t\t<script>\n\t\t\tjQuery(function($) {\n\n\t\t\t\tvar marginPortfolio = function() {\n\n\t\t\t\t\tvar $diapo          = $('#sevgallery-363066906');\n\t\t\t\t\tvar container_width = $diapo.parent().outerWidth();\n\t\t\t\t\tvar side            = ( $(window).innerWidth() - container_width ) \/ 2;\n\n\t\t\t\t\t$diapo.css( {\n\t\t\t\t\t\t'margin-left': '-' + side + 'px',\n\t\t\t\t\t\t'margin-right': '-' + side + 'px',\n\t\t\t\t\t} );\n\t\t\t\t};\n\n\t\t\t\t$( window ).resize( function() {\n\t\t\t\t\tmarginPortfolio();\n\t\t\t\t} );\n\t\t\t\tmarginPortfolio();\n\t\t\t});\n\t\t\t<\/script>\n\t\t\t\n","protected":false},"excerpt":{"rendered":"<p>Ich entfliehe! Schnappen Sie sich Ihr Mountainbike und erobern Sie die Berge des Plateau de Retord, die ein wahrer Spielplatz f\u00fcr leidenschaftliche Radfahrer sind. Erkunden Sie die legend\u00e4ren Reliefs, darunter die Pisten des legend\u00e4ren Col du Colombier, wo jeder Anstieg ein atemberaubendes Panorama offenbart. Von Les Plan d&#8217;Hotonnes aus k\u00f6nnen Sie zwischen ausgeschilderten Strecken von [&hellip;]<\/p>\n","protected":false},"author":1,"featured_media":0,"parent":13202,"menu_order":0,"comment_status":"closed","ping_status":"closed","template":"","meta":{"_seopress_robots_primary_cat":"","_seopress_titles_title":"Auf dem Plateau du Retord und Col du Colombier mit dem Mountainbike","_seopress_titles_desc":"Entdecken Sie das Plateau de Retord mit dem Fahrrad. Entdecken Sie Strecken, die f\u00fcr alle zug\u00e4nglich sind.","_seopress_robots_index":"","_crdt_document":"","footnotes":""},"class_list":["post-13242","page","type-page","status-publish","hentry"],"_links":{"self":[{"href":"https:\/\/camping-savoie-levaugrais.com\/de\/wp-json\/wp\/v2\/pages\/13242","targetHints":{"allow":["GET"]}}],"collection":[{"href":"https:\/\/camping-savoie-levaugrais.com\/de\/wp-json\/wp\/v2\/pages"}],"about":[{"href":"https:\/\/camping-savoie-levaugrais.com\/de\/wp-json\/wp\/v2\/types\/page"}],"author":[{"embeddable":true,"href":"https:\/\/camping-savoie-levaugrais.com\/de\/wp-json\/wp\/v2\/users\/1"}],"replies":[{"embeddable":true,"href":"https:\/\/camping-savoie-levaugrais.com\/de\/wp-json\/wp\/v2\/comments?post=13242"}],"version-history":[{"count":3,"href":"https:\/\/camping-savoie-levaugrais.com\/de\/wp-json\/wp\/v2\/pages\/13242\/revisions"}],"predecessor-version":[{"id":16719,"href":"https:\/\/camping-savoie-levaugrais.com\/de\/wp-json\/wp\/v2\/pages\/13242\/revisions\/16719"}],"up":[{"embeddable":true,"href":"https:\/\/camping-savoie-levaugrais.com\/de\/wp-json\/wp\/v2\/pages\/13202"}],"wp:attachment":[{"href":"https:\/\/camping-savoie-levaugrais.com\/de\/wp-json\/wp\/v2\/media?parent=13242"}],"curies":[{"name":"wp","href":"https:\/\/api.w.org\/{rel}","templated":true}]}}