{"id":13244,"date":"2024-10-10T11:50:58","date_gmt":"2024-10-10T09:50:58","guid":{"rendered":"https:\/\/camping-savoie-levaugrais.com\/sportliche-erfahrung\/wanderung-entlang-des-wassers\/"},"modified":"2025-01-04T11:56:03","modified_gmt":"2025-01-04T10:56:03","slug":"wanderung-entlang-des-wassers","status":"publish","type":"page","link":"https:\/\/camping-savoie-levaugrais.com\/de\/sportliche-erfahrung\/wanderung-entlang-des-wassers\/","title":{"rendered":"Wanderung entlang des Wassers"},"content":{"rendered":"\n<h2 class=\"wp-block-heading has-text-align-center\"><strong>Erleben Sie eine unglaubliche, einzigartige und sportliche Erfahrung.  <\/strong><\/h2>\n\n\n\n<p class=\"has-text-align-center wp-block-paragraph\"><\/p>\n\n\n<div class=\"wp-block-image\">\n<figure class=\"aligncenter size-large is-resized\"><img loading=\"lazy\" decoding=\"async\" width=\"1024\" height=\"576\" src=\"https:\/\/camping-savoie-levaugrais.com\/wp-content\/uploads\/2025\/01\/partez-a-laventure-en-allemand-9-1024x576.jpg\" alt=\"\" class=\"wp-image-16665\" style=\"width:388px;height:auto\" srcset=\"https:\/\/camping-savoie-levaugrais.com\/wp-content\/uploads\/2025\/01\/partez-a-laventure-en-allemand-9-1024x576.jpg 1024w, https:\/\/camping-savoie-levaugrais.com\/wp-content\/uploads\/2025\/01\/partez-a-laventure-en-allemand-9-300x169.jpg 300w, https:\/\/camping-savoie-levaugrais.com\/wp-content\/uploads\/2025\/01\/partez-a-laventure-en-allemand-9-768x432.jpg 768w, https:\/\/camping-savoie-levaugrais.com\/wp-content\/uploads\/2025\/01\/partez-a-laventure-en-allemand-9-1536x864.jpg 1536w, https:\/\/camping-savoie-levaugrais.com\/wp-content\/uploads\/2025\/01\/partez-a-laventure-en-allemand-9.jpg 1920w\" sizes=\"auto, (max-width: 1024px) 100vw, 1024px\" \/><\/figure>\n<\/div>\n\n\n<div class=\"wp-block-media-text is-stacked-on-mobile\"><figure class=\"wp-block-media-text__media\"><img loading=\"lazy\" decoding=\"async\" width=\"1024\" height=\"528\" src=\"https:\/\/camping-savoie-levaugrais.com\/wp-content\/uploads\/2025\/01\/canyoning5jpg-internet-1-1024x528.jpg\" alt=\"\" class=\"wp-image-16645 size-full\" srcset=\"https:\/\/camping-savoie-levaugrais.com\/wp-content\/uploads\/2025\/01\/canyoning5jpg-internet-1-1024x528.jpg 1024w, https:\/\/camping-savoie-levaugrais.com\/wp-content\/uploads\/2025\/01\/canyoning5jpg-internet-1-300x155.jpg 300w, https:\/\/camping-savoie-levaugrais.com\/wp-content\/uploads\/2025\/01\/canyoning5jpg-internet-1-768x396.jpg 768w, https:\/\/camping-savoie-levaugrais.com\/wp-content\/uploads\/2025\/01\/canyoning5jpg-internet-1.jpg 1200w\" sizes=\"auto, (max-width: 1024px) 100vw, 1024px\" \/><\/figure><div class=\"wp-block-media-text__content\">\n<p class=\"has-medium-font-size wp-block-paragraph\">Duik in het avontuur in het hart van de canyon van de Groin, een van de mooiste canyons van Frankrijk en bekend bij canyoningliefhebbers over de hele wereld.<\/p>\n\n\n\n<p class=\"has-medium-font-size wp-block-paragraph\">Laat je gedurende 2u30 meevoeren op een spectaculair parcours met duizelingwekkende sprongen, natuurlijke glijbanen en technische passages, midden in een ongerepte natuur. Gebeeldhouwd door eeuwenlange erosie biedt de rivier een waar waterlabyrint, onderbroken door diepe poelen en adembenemende landschappen.<\/p>\n\n\n\n<p class=\"has-medium-font-size wp-block-paragraph\">Deze canyon is een echt natuurjuweel, maar voorzichtigheid is geboden: het debiet, gekoppeld aan een opleving, kan plotseling vari\u00ebren. Bereid je voor op een onvergetelijke ervaring, vol spanning en verwondering!<\/p>\n<\/div><\/div>\n\n\n\n<div class=\"wp-block-media-text has-media-on-the-right is-stacked-on-mobile\"><div class=\"wp-block-media-text__content\">\n<p class=\"has-medium-font-size wp-block-paragraph\">St\u00fcrzen Sie sich ins Abenteuer mit dem Groin-Canyon, einem einzigartigen Erlebnis nur f\u00fcr Liebhaber von Nervenkitzel! Gleich zu Beginn tauchen Sie mit einem beeindruckenden Sprung in diesen tief eingeschnittenen Canyon ein, gefolgt von zwei kurzen, begehbaren Siphons, die Ihren Entdeckergeist wecken. Der erste Teil, geheimnisvoll und in ged\u00e4mpftes Licht getaucht, entf\u00fchrt Sie in eine fast unwirkliche Welt.<\/p>\n\n\n\n<p class=\"has-medium-font-size wp-block-paragraph\">Der zweite Teil \u00f6ffnet sich mit einer Abfolge verschiedener Hindernisse: Spr\u00fcnge, Schwimmen, nat\u00fcrliche Rutschen\u2026 eine sportliche und intensive Herausforderung in einer atemberaubenden Kulisse. Der H\u00f6hepunkt des Spektakels? Ein abschlie\u00dfender Sprung aus 12 Metern H\u00f6he, der nur den Wagemutigsten vorbehalten ist!<\/p>\n\n\n\n<p class=\"has-medium-font-size wp-block-paragraph\">Es ist ein anspruchsvolles Abenteuer, das Ausdauer und Schwimmbeherrschung erfordert, aber dank des bereitgestellten Thermoanzugs sind Sie perfekt ausger\u00fcstet. F\u00fcr einen leichteren Einstieg bieten die Canyons von Chaley und Tr\u00e9fond-Pernaz ideale Strecken f\u00fcr Familien und Kinder. Es liegt an Ihnen, Ihre Herausforderung zu w\u00e4hlen!<\/p>\n<\/div><figure class=\"wp-block-media-text__media\"><img loading=\"lazy\" decoding=\"async\" width=\"800\" height=\"532\" src=\"https:\/\/camping-savoie-levaugrais.com\/wp-content\/uploads\/2025\/01\/AIN-CanyonGroin-MC-034.jpg_800.jpg\" alt=\"\" class=\"wp-image-16661 size-full\" srcset=\"https:\/\/camping-savoie-levaugrais.com\/wp-content\/uploads\/2025\/01\/AIN-CanyonGroin-MC-034.jpg_800.jpg 800w, https:\/\/camping-savoie-levaugrais.com\/wp-content\/uploads\/2025\/01\/AIN-CanyonGroin-MC-034.jpg_800-300x200.jpg 300w, https:\/\/camping-savoie-levaugrais.com\/wp-content\/uploads\/2025\/01\/AIN-CanyonGroin-MC-034.jpg_800-768x511.jpg 768w\" sizes=\"auto, (max-width: 800px) 100vw, 800px\" \/><\/figure><\/div>\n\n\n\n<div class=\"wp-block-media-text is-stacked-on-mobile\"><figure class=\"wp-block-media-text__media\"><img loading=\"lazy\" decoding=\"async\" width=\"1024\" height=\"681\" src=\"https:\/\/camping-savoie-levaugrais.com\/wp-content\/uploads\/2025\/01\/AIN-CanyonGroin-MC-054-1024x681.jpg\" alt=\"\" class=\"wp-image-16653 size-full\" srcset=\"https:\/\/camping-savoie-levaugrais.com\/wp-content\/uploads\/2025\/01\/AIN-CanyonGroin-MC-054-1024x681.jpg 1024w, https:\/\/camping-savoie-levaugrais.com\/wp-content\/uploads\/2025\/01\/AIN-CanyonGroin-MC-054-300x200.jpg 300w, https:\/\/camping-savoie-levaugrais.com\/wp-content\/uploads\/2025\/01\/AIN-CanyonGroin-MC-054-768x511.jpg 768w, https:\/\/camping-savoie-levaugrais.com\/wp-content\/uploads\/2025\/01\/AIN-CanyonGroin-MC-054-1536x1022.jpg 1536w, https:\/\/camping-savoie-levaugrais.com\/wp-content\/uploads\/2025\/01\/AIN-CanyonGroin-MC-054-2048x1363.jpg 2048w\" sizes=\"auto, (max-width: 1024px) 100vw, 1024px\" \/><\/figure><div class=\"wp-block-media-text__content\">\n<p class=\"has-medium-font-size wp-block-paragraph\">Begeben Sie sich mit L\u00e9zard des Bois auf ein Abenteuer in den majest\u00e4tischen Canyons von Treffond-Pernaz und Chaley, die im Herzen der Bugey-Berge zwischen Lyon und Genf eingebettet sind.<\/p>\n\n\n\n<p class=\"has-medium-font-size wp-block-paragraph\">Diese Naturjuwele bieten eine subtile Mischung aus sportlichen Herausforderungen und spielerischen Sensationen: Aufregende Spr\u00fcnge, nat\u00fcrliche Rutschen und technische Abseilstellen erwarten Sie in einer zauberhaften Umgebung.<\/p>\n\n\n\n<p class=\"has-medium-font-size wp-block-paragraph\">Diese Parcours, die auch f\u00fcr Anf\u00e4nger mit guter Kondition zug\u00e4nglich sind, verbinden Intensit\u00e4t und Staunen. Ideal zwischen April und Juni oder im September und Oktober, enth\u00fcllen sie ihre wilde Sch\u00f6nheit und sch\u00fctzen gleichzeitig ihr wertvolles \u00d6kosystem.<\/p>\n\n\n\n<p class=\"has-medium-font-size wp-block-paragraph\">Erleben Sie unvergessliche Momente in diesen au\u00dfergew\u00f6hnlichen Szenarien!<\/p>\n<\/div><\/div>\n\n\n\t\t\t<div id=\"sevgallery-1431816334\" class=\"sev-diaporama sev-diaporama-portfolio\">\n\t\t\t<div class=\"row\">\n\n\t\t\t\n\t\t\t\t\n\t\t\t\t<div class=\"sev-diaporama-portfolio-item col-12 col-lg  col-shrink\">\n\t\t\t\t\t<!--<a href=\"https:\/\/camping-savoie-levaugrais.com\/wp-content\/uploads\/2021\/07\/AIN-CanyonGroin-MC-050.jpg_800.jpg\" data-lightbox=\"sevgallery-1431816334\" style=\"background-image: url(https:\/\/camping-savoie-levaugrais.com\/wp-content\/uploads\/2021\/07\/AIN-CanyonGroin-MC-050.jpg_800.jpg)\">-->\n\t\t\t\t\t<a href=\"https:\/\/camping-savoie-levaugrais.com\/wp-content\/uploads\/2021\/07\/AIN-CanyonGroin-MC-050.jpg_800.jpg\" data-lightbox=\"sevgallery-1431816334\">\n\t\t\t\t\t\t<img decoding=\"async\" src=\"https:\/\/camping-savoie-levaugrais.com\/wp-content\/uploads\/2021\/07\/AIN-CanyonGroin-MC-050.jpg_800.jpg\" alt=\"canyoning dans l&#039;ain\" loading=\"lazy\">\n\t\t\t\t\t<\/a>\n\t\t\t\t<\/div>\n\n\t\t\t\t\n\t\t\t\t\t\t\t\t\t\t\t\n\t\t\t\t\n\t\t\t\t<div class=\"sev-diaporama-portfolio-item col-12 col-lg \">\n\t\t\t\t\t<!--<a href=\"https:\/\/camping-savoie-levaugrais.com\/wp-content\/uploads\/2021\/07\/AIN-CanyonGroin-MC-054.jpg\" data-lightbox=\"sevgallery-1431816334\" style=\"background-image: url(https:\/\/camping-savoie-levaugrais.com\/wp-content\/uploads\/2021\/07\/AIN-CanyonGroin-MC-054.jpg)\">-->\n\t\t\t\t\t<a href=\"https:\/\/camping-savoie-levaugrais.com\/wp-content\/uploads\/2021\/07\/AIN-CanyonGroin-MC-054.jpg\" data-lightbox=\"sevgallery-1431816334\">\n\t\t\t\t\t\t<img decoding=\"async\" src=\"https:\/\/camping-savoie-levaugrais.com\/wp-content\/uploads\/2021\/07\/AIN-CanyonGroin-MC-054.jpg\" alt=\"canyoning dans l&#039;ain 2\" loading=\"lazy\">\n\t\t\t\t\t<\/a>\n\t\t\t\t<\/div>\n\n\t\t\t\t\n\t\t\t\t\t\t\t\t\t\t\t\n\t\t\t\t\n\t\t\t\t<div class=\"sev-diaporama-portfolio-item col-12 col-lg  col-shrink\">\n\t\t\t\t\t<!--<a href=\"https:\/\/camping-savoie-levaugrais.com\/wp-content\/uploads\/2021\/07\/AIN-CanyonGroin-MC-058.jpg_800.jpg\" data-lightbox=\"sevgallery-1431816334\" style=\"background-image: url(https:\/\/camping-savoie-levaugrais.com\/wp-content\/uploads\/2021\/07\/AIN-CanyonGroin-MC-058.jpg_800.jpg)\">-->\n\t\t\t\t\t<a href=\"https:\/\/camping-savoie-levaugrais.com\/wp-content\/uploads\/2021\/07\/AIN-CanyonGroin-MC-058.jpg_800.jpg\" data-lightbox=\"sevgallery-1431816334\">\n\t\t\t\t\t\t<img decoding=\"async\" src=\"https:\/\/camping-savoie-levaugrais.com\/wp-content\/uploads\/2021\/07\/AIN-CanyonGroin-MC-058.jpg_800.jpg\" alt=\"canyoning dans l&#039;ain 3\" loading=\"lazy\">\n\t\t\t\t\t<\/a>\n\t\t\t\t<\/div>\n\n\t\t\t\t\n\t\t\t\t\t\t\t\t\t\t\t\n\t\t\t\t\n\t\t\t\t<div class=\"sev-diaporama-portfolio-item col-12 col-lg  col-grow\">\n\t\t\t\t\t<!--<a href=\"https:\/\/camping-savoie-levaugrais.com\/wp-content\/uploads\/2021\/07\/AIN-CanyonGroin-MC-063.jpg\" data-lightbox=\"sevgallery-1431816334\" style=\"background-image: url(https:\/\/camping-savoie-levaugrais.com\/wp-content\/uploads\/2021\/07\/AIN-CanyonGroin-MC-063.jpg)\">-->\n\t\t\t\t\t<a href=\"https:\/\/camping-savoie-levaugrais.com\/wp-content\/uploads\/2021\/07\/AIN-CanyonGroin-MC-063.jpg\" data-lightbox=\"sevgallery-1431816334\">\n\t\t\t\t\t\t<img decoding=\"async\" src=\"https:\/\/camping-savoie-levaugrais.com\/wp-content\/uploads\/2021\/07\/AIN-CanyonGroin-MC-063.jpg\" alt=\"canyoning dans l&#039;ain 4\" loading=\"lazy\">\n\t\t\t\t\t<\/a>\n\t\t\t\t<\/div>\n\n\t\t\t\t\t\t\t\t\t<div class=\"w-100\"><\/div>\n\t\t\t\t\t\t\t\t\t\n\t\t\t\t\t\t\t\t\t\t\t\n\t\t\t\t\n\t\t\t\t<div class=\"sev-diaporama-portfolio-item col-12 col-lg  col-grow\">\n\t\t\t\t\t<!--<a href=\"https:\/\/camping-savoie-levaugrais.com\/wp-content\/uploads\/2021\/07\/AIN-CanyonGroin-MC-065.jpg_800.jpg\" data-lightbox=\"sevgallery-1431816334\" style=\"background-image: url(https:\/\/camping-savoie-levaugrais.com\/wp-content\/uploads\/2021\/07\/AIN-CanyonGroin-MC-065.jpg_800.jpg)\">-->\n\t\t\t\t\t<a href=\"https:\/\/camping-savoie-levaugrais.com\/wp-content\/uploads\/2021\/07\/AIN-CanyonGroin-MC-065.jpg_800.jpg\" data-lightbox=\"sevgallery-1431816334\">\n\t\t\t\t\t\t<img decoding=\"async\" src=\"https:\/\/camping-savoie-levaugrais.com\/wp-content\/uploads\/2021\/07\/AIN-CanyonGroin-MC-065.jpg_800.jpg\" alt=\"canyoning dans l&#039;ain 5\" loading=\"lazy\">\n\t\t\t\t\t<\/a>\n\t\t\t\t<\/div>\n\n\t\t\t\t\n\t\t\t\t\t\t\t\t\t\t\t\n\t\t\t\t\n\t\t\t\t<div class=\"sev-diaporama-portfolio-item col-12 col-lg  col-grow\">\n\t\t\t\t\t<!--<a href=\"https:\/\/camping-savoie-levaugrais.com\/wp-content\/uploads\/2021\/07\/AIN-CanyonGroin-MC-075.jpg\" data-lightbox=\"sevgallery-1431816334\" style=\"background-image: url(https:\/\/camping-savoie-levaugrais.com\/wp-content\/uploads\/2021\/07\/AIN-CanyonGroin-MC-075.jpg)\">-->\n\t\t\t\t\t<a href=\"https:\/\/camping-savoie-levaugrais.com\/wp-content\/uploads\/2021\/07\/AIN-CanyonGroin-MC-075.jpg\" data-lightbox=\"sevgallery-1431816334\">\n\t\t\t\t\t\t<img decoding=\"async\" src=\"https:\/\/camping-savoie-levaugrais.com\/wp-content\/uploads\/2021\/07\/AIN-CanyonGroin-MC-075.jpg\" alt=\"canyoning dans l&#039;ain 6\" loading=\"lazy\">\n\t\t\t\t\t<\/a>\n\t\t\t\t<\/div>\n\n\t\t\t\t\n\t\t\t\t\t\t\t\t\t\t\t\n\t\t\t\t\n\t\t\t\t<div class=\"sev-diaporama-portfolio-item col-12 col-lg  col-grow\">\n\t\t\t\t\t<!--<a href=\"https:\/\/camping-savoie-levaugrais.com\/wp-content\/uploads\/2021\/07\/canyoning9jpg.jpg\" data-lightbox=\"sevgallery-1431816334\" style=\"background-image: url(https:\/\/camping-savoie-levaugrais.com\/wp-content\/uploads\/2021\/07\/canyoning9jpg.jpg)\">-->\n\t\t\t\t\t<a href=\"https:\/\/camping-savoie-levaugrais.com\/wp-content\/uploads\/2021\/07\/canyoning9jpg.jpg\" data-lightbox=\"sevgallery-1431816334\">\n\t\t\t\t\t\t<img decoding=\"async\" src=\"https:\/\/camping-savoie-levaugrais.com\/wp-content\/uploads\/2021\/07\/canyoning9jpg.jpg\" alt=\"canyoning dans l&#039;ain 15\" loading=\"lazy\">\n\t\t\t\t\t<\/a>\n\t\t\t\t<\/div>\n\n\t\t\t\t\n\t\t\t\t\t\t\t\t\t\t\t\n\t\t\t\t\n\t\t\t\t<div class=\"sev-diaporama-portfolio-item col-12 col-lg  col-grow\">\n\t\t\t\t\t<!--<a href=\"https:\/\/camping-savoie-levaugrais.com\/wp-content\/uploads\/2021\/07\/canyoning.jpg\" data-lightbox=\"sevgallery-1431816334\" style=\"background-image: url(https:\/\/camping-savoie-levaugrais.com\/wp-content\/uploads\/2021\/07\/canyoning.jpg)\">-->\n\t\t\t\t\t<a href=\"https:\/\/camping-savoie-levaugrais.com\/wp-content\/uploads\/2021\/07\/canyoning.jpg\" data-lightbox=\"sevgallery-1431816334\">\n\t\t\t\t\t\t<img decoding=\"async\" src=\"https:\/\/camping-savoie-levaugrais.com\/wp-content\/uploads\/2021\/07\/canyoning.jpg\" alt=\"canyoning dans l&#039;ain\" loading=\"lazy\">\n\t\t\t\t\t<\/a>\n\t\t\t\t<\/div>\n\n\t\t\t\t\t\t\t\t\t<div class=\"w-100\"><\/div>\n\t\t\t\t\t\t\t\t\t\n\t\t\t\t\t\t\t\t\t\t\t\n\t\t\t\t\n\t\t\t\t<div class=\"sev-diaporama-portfolio-item col-12 col-lg  col-grow\">\n\t\t\t\t\t<!--<a href=\"https:\/\/camping-savoie-levaugrais.com\/wp-content\/uploads\/2021\/07\/canyoning1.jpg\" data-lightbox=\"sevgallery-1431816334\" style=\"background-image: url(https:\/\/camping-savoie-levaugrais.com\/wp-content\/uploads\/2021\/07\/canyoning1.jpg)\">-->\n\t\t\t\t\t<a href=\"https:\/\/camping-savoie-levaugrais.com\/wp-content\/uploads\/2021\/07\/canyoning1.jpg\" data-lightbox=\"sevgallery-1431816334\">\n\t\t\t\t\t\t<img decoding=\"async\" src=\"https:\/\/camping-savoie-levaugrais.com\/wp-content\/uploads\/2021\/07\/canyoning1.jpg\" alt=\"canyoning dans l&#039;ain 16\" loading=\"lazy\">\n\t\t\t\t\t<\/a>\n\t\t\t\t<\/div>\n\n\t\t\t\t\n\t\t\t\t\t\t\t\t\t\t\t\n\t\t\t\t\n\t\t\t\t<div class=\"sev-diaporama-portfolio-item col-12 col-lg \">\n\t\t\t\t\t<!--<a href=\"https:\/\/camping-savoie-levaugrais.com\/wp-content\/uploads\/2021\/07\/canyoning2.jpg\" data-lightbox=\"sevgallery-1431816334\" style=\"background-image: url(https:\/\/camping-savoie-levaugrais.com\/wp-content\/uploads\/2021\/07\/canyoning2.jpg)\">-->\n\t\t\t\t\t<a href=\"https:\/\/camping-savoie-levaugrais.com\/wp-content\/uploads\/2021\/07\/canyoning2.jpg\" data-lightbox=\"sevgallery-1431816334\">\n\t\t\t\t\t\t<img decoding=\"async\" src=\"https:\/\/camping-savoie-levaugrais.com\/wp-content\/uploads\/2021\/07\/canyoning2.jpg\" alt=\"canyoning dans l&#039;ain 16\" loading=\"lazy\">\n\t\t\t\t\t<\/a>\n\t\t\t\t<\/div>\n\n\t\t\t\t\n\t\t\t\t\t\t\t\t\t\t\t\n\t\t\t\t\n\t\t\t\t<div class=\"sev-diaporama-portfolio-item col-12 col-lg  col-shrink\">\n\t\t\t\t\t<!--<a href=\"https:\/\/camping-savoie-levaugrais.com\/wp-content\/uploads\/2021\/07\/canyoning3jpg.jpg\" data-lightbox=\"sevgallery-1431816334\" style=\"background-image: url(https:\/\/camping-savoie-levaugrais.com\/wp-content\/uploads\/2021\/07\/canyoning3jpg.jpg)\">-->\n\t\t\t\t\t<a href=\"https:\/\/camping-savoie-levaugrais.com\/wp-content\/uploads\/2021\/07\/canyoning3jpg.jpg\" data-lightbox=\"sevgallery-1431816334\">\n\t\t\t\t\t\t<img decoding=\"async\" src=\"https:\/\/camping-savoie-levaugrais.com\/wp-content\/uploads\/2021\/07\/canyoning3jpg.jpg\" alt=\"canyoning dans l&#039;ain 17\" loading=\"lazy\">\n\t\t\t\t\t<\/a>\n\t\t\t\t<\/div>\n\n\t\t\t\t\n\t\t\t\t\t\t\t\t\t\t\t\n\t\t\t\t\n\t\t\t\t<div class=\"sev-diaporama-portfolio-item col-12 col-lg  col-shrink\">\n\t\t\t\t\t<!--<a href=\"https:\/\/camping-savoie-levaugrais.com\/wp-content\/uploads\/2021\/07\/canyoning4jpg.jpg\" data-lightbox=\"sevgallery-1431816334\" style=\"background-image: url(https:\/\/camping-savoie-levaugrais.com\/wp-content\/uploads\/2021\/07\/canyoning4jpg.jpg)\">-->\n\t\t\t\t\t<a href=\"https:\/\/camping-savoie-levaugrais.com\/wp-content\/uploads\/2021\/07\/canyoning4jpg.jpg\" data-lightbox=\"sevgallery-1431816334\">\n\t\t\t\t\t\t<img decoding=\"async\" src=\"https:\/\/camping-savoie-levaugrais.com\/wp-content\/uploads\/2021\/07\/canyoning4jpg.jpg\" alt=\"canyoning dans l&#039;ain 18\" loading=\"lazy\">\n\t\t\t\t\t<\/a>\n\t\t\t\t<\/div>\n\n\t\t\t\t\t\t\t\t\t<div class=\"w-100\"><\/div>\n\t\t\t\t\t\t\t\t\t\n\t\t\t\t\t\t\t\t\t\t\t\n\t\t\t\t\n\t\t\t\t<div class=\"sev-diaporama-portfolio-item col-12 col-lg \">\n\t\t\t\t\t<!--<a href=\"https:\/\/camping-savoie-levaugrais.com\/wp-content\/uploads\/2021\/07\/canyoning5jpg.jpg\" data-lightbox=\"sevgallery-1431816334\" style=\"background-image: url(https:\/\/camping-savoie-levaugrais.com\/wp-content\/uploads\/2021\/07\/canyoning5jpg.jpg)\">-->\n\t\t\t\t\t<a href=\"https:\/\/camping-savoie-levaugrais.com\/wp-content\/uploads\/2021\/07\/canyoning5jpg.jpg\" data-lightbox=\"sevgallery-1431816334\">\n\t\t\t\t\t\t<img decoding=\"async\" src=\"https:\/\/camping-savoie-levaugrais.com\/wp-content\/uploads\/2021\/07\/canyoning5jpg.jpg\" alt=\"canyoning dans l&#039;ain19\" loading=\"lazy\">\n\t\t\t\t\t<\/a>\n\t\t\t\t<\/div>\n\n\t\t\t\t\n\t\t\t\t\t\t\t\t\t\t\t\n\t\t\t\t\n\t\t\t\t<div class=\"sev-diaporama-portfolio-item col-12 col-lg  col-shrink\">\n\t\t\t\t\t<!--<a href=\"https:\/\/camping-savoie-levaugrais.com\/wp-content\/uploads\/2021\/07\/canyoning6.jpg\" data-lightbox=\"sevgallery-1431816334\" style=\"background-image: url(https:\/\/camping-savoie-levaugrais.com\/wp-content\/uploads\/2021\/07\/canyoning6.jpg)\">-->\n\t\t\t\t\t<a href=\"https:\/\/camping-savoie-levaugrais.com\/wp-content\/uploads\/2021\/07\/canyoning6.jpg\" data-lightbox=\"sevgallery-1431816334\">\n\t\t\t\t\t\t<img decoding=\"async\" src=\"https:\/\/camping-savoie-levaugrais.com\/wp-content\/uploads\/2021\/07\/canyoning6.jpg\" alt=\"canyoning dans l&#039;ain 19\" loading=\"lazy\">\n\t\t\t\t\t<\/a>\n\t\t\t\t<\/div>\n\n\t\t\t\t\n\t\t\t\t\t\t\t\t\t\t\t\n\t\t\t\t\n\t\t\t\t<div class=\"sev-diaporama-portfolio-item col-12 col-lg  col-shrink\">\n\t\t\t\t\t<!--<a href=\"https:\/\/camping-savoie-levaugrais.com\/wp-content\/uploads\/2021\/07\/canyoning7.jpg\" data-lightbox=\"sevgallery-1431816334\" style=\"background-image: url(https:\/\/camping-savoie-levaugrais.com\/wp-content\/uploads\/2021\/07\/canyoning7.jpg)\">-->\n\t\t\t\t\t<a href=\"https:\/\/camping-savoie-levaugrais.com\/wp-content\/uploads\/2021\/07\/canyoning7.jpg\" data-lightbox=\"sevgallery-1431816334\">\n\t\t\t\t\t\t<img decoding=\"async\" src=\"https:\/\/camping-savoie-levaugrais.com\/wp-content\/uploads\/2021\/07\/canyoning7.jpg\" alt=\"canyoning dans l&#039;ain 20\" loading=\"lazy\">\n\t\t\t\t\t<\/a>\n\t\t\t\t<\/div>\n\n\t\t\t\t\n\t\t\t\t\t\t\t\t\t\t\t\n\t\t\t\t\n\t\t\t\t<div class=\"sev-diaporama-portfolio-item col-12 col-lg  col-grow\">\n\t\t\t\t\t<!--<a href=\"https:\/\/camping-savoie-levaugrais.com\/wp-content\/uploads\/2021\/07\/canyoning8jpg.jpg\" data-lightbox=\"sevgallery-1431816334\" style=\"background-image: url(https:\/\/camping-savoie-levaugrais.com\/wp-content\/uploads\/2021\/07\/canyoning8jpg.jpg)\">-->\n\t\t\t\t\t<a href=\"https:\/\/camping-savoie-levaugrais.com\/wp-content\/uploads\/2021\/07\/canyoning8jpg.jpg\" data-lightbox=\"sevgallery-1431816334\">\n\t\t\t\t\t\t<img decoding=\"async\" src=\"https:\/\/camping-savoie-levaugrais.com\/wp-content\/uploads\/2021\/07\/canyoning8jpg.jpg\" alt=\"canyoning dans l&#039;ain 20\" loading=\"lazy\">\n\t\t\t\t\t<\/a>\n\t\t\t\t<\/div>\n\n\t\t\t\t\t\t\t\t\t<div class=\"w-100\"><\/div>\n\t\t\t\t\t\t\t\t\t\n\t\t\t\t\t\t\t\t\t\t\t\t\t\t<\/div>\n\t\t\t<\/div>\n\n\t\t\t<script>\n\t\t\tjQuery(function($) {\n\n\t\t\t\tvar marginPortfolio = function() {\n\n\t\t\t\t\tvar $diapo          = $('#sevgallery-1431816334');\n\t\t\t\t\tvar container_width = $diapo.parent().outerWidth();\n\t\t\t\t\tvar side            = ( $(window).innerWidth() - container_width ) \/ 2;\n\n\t\t\t\t\t$diapo.css( {\n\t\t\t\t\t\t'margin-left': '-' + side + 'px',\n\t\t\t\t\t\t'margin-right': '-' + side + 'px',\n\t\t\t\t\t} );\n\t\t\t\t};\n\n\t\t\t\t$( window ).resize( function() {\n\t\t\t\t\tmarginPortfolio();\n\t\t\t\t} );\n\t\t\t\tmarginPortfolio();\n\t\t\t});\n\t\t\t<\/script>\n\t\t\t\n","protected":false},"excerpt":{"rendered":"<p>Erleben Sie eine unglaubliche, einzigartige und sportliche Erfahrung. Duik in het avontuur in het hart van de canyon van de Groin, een van de mooiste canyons van Frankrijk en bekend bij canyoningliefhebbers over de hele wereld. Laat je gedurende 2u30 meevoeren op een spectaculair parcours met duizelingwekkende sprongen, natuurlijke glijbanen en technische passages, midden in [&hellip;]<\/p>\n","protected":false},"author":1,"featured_media":0,"parent":13202,"menu_order":0,"comment_status":"closed","ping_status":"closed","template":"","meta":{"_seopress_robots_primary_cat":"","_seopress_titles_title":"Canyoning in der Schlucht von Groin","_seopress_titles_desc":"Erleben Sie neue Sensationen beim Canyoning. In der N\u00e4he des Campingplatzes k\u00f6nnen Sie diese Aktivit\u00e4t entdecken.","_seopress_robots_index":"","_crdt_document":"","footnotes":""},"class_list":["post-13244","page","type-page","status-publish","hentry"],"_links":{"self":[{"href":"https:\/\/camping-savoie-levaugrais.com\/de\/wp-json\/wp\/v2\/pages\/13244","targetHints":{"allow":["GET"]}}],"collection":[{"href":"https:\/\/camping-savoie-levaugrais.com\/de\/wp-json\/wp\/v2\/pages"}],"about":[{"href":"https:\/\/camping-savoie-levaugrais.com\/de\/wp-json\/wp\/v2\/types\/page"}],"author":[{"embeddable":true,"href":"https:\/\/camping-savoie-levaugrais.com\/de\/wp-json\/wp\/v2\/users\/1"}],"replies":[{"embeddable":true,"href":"https:\/\/camping-savoie-levaugrais.com\/de\/wp-json\/wp\/v2\/comments?post=13244"}],"version-history":[{"count":2,"href":"https:\/\/camping-savoie-levaugrais.com\/de\/wp-json\/wp\/v2\/pages\/13244\/revisions"}],"predecessor-version":[{"id":16669,"href":"https:\/\/camping-savoie-levaugrais.com\/de\/wp-json\/wp\/v2\/pages\/13244\/revisions\/16669"}],"up":[{"embeddable":true,"href":"https:\/\/camping-savoie-levaugrais.com\/de\/wp-json\/wp\/v2\/pages\/13202"}],"wp:attachment":[{"href":"https:\/\/camping-savoie-levaugrais.com\/de\/wp-json\/wp\/v2\/media?parent=13244"}],"curies":[{"name":"wp","href":"https:\/\/api.w.org\/{rel}","templated":true}]}}