{"id":13284,"date":"2024-10-10T11:51:33","date_gmt":"2024-10-10T09:51:33","guid":{"rendered":"https:\/\/camping-savoie-levaugrais.com\/aufenthaltsinfo-covid-19\/"},"modified":"2024-10-10T11:51:35","modified_gmt":"2024-10-10T09:51:35","slug":"aufenthaltsinfo-covid-19","status":"publish","type":"page","link":"https:\/\/camping-savoie-levaugrais.com\/de\/aufenthaltsinfo-covid-19\/","title":{"rendered":"Aufenthaltsinfo Covid 19"},"content":{"rendered":"\n<p class=\"wp-block-paragraph\">Sie k\u00f6nnen auf dem Campingplatz Le Vaugrais Urlaub machen und sich wieder mit der Natur verbinden.<\/p>\n\n<p class=\"wp-block-paragraph\">Alle unsere Dienste sind in Betrieb. Ihr Komfort und Ihre Sicherheit haben f\u00fcr uns oberste Priorit\u00e4t. <\/p>\n\n<p class=\"wp-block-paragraph\"><strong>F\u00dcR ALLE BUCHUNGEN, DIE \u00dcBER DAS INTERNET GET\u00c4TIGT WERDEN:<\/strong><\/p>\n\n<p class=\"wp-block-paragraph\">  Die Reiser\u00fccktrittsversicherung Covid 19 deckt F\u00e4lle ab, die mit Covid 19 zusammenh\u00e4ngen.<\/p>\n\n<p class=\"wp-block-paragraph\">Seit Beginn der Krise haben wir eine spezielle Person als COVID-Referent ernannt.  <\/p>\n\n<p class=\"wp-block-paragraph\">Um sicherzustellen, dass Sie wie jedes Jahr einen au\u00dfergew\u00f6hnlichen Urlaub verbringen, halten wir uns an die von der Regierung auferlegten Standards und Verfahren sowie an das von der F\u00e9d\u00e9ration Nationale de l&#8217;H\u00f4tellerie de Plein Air (Nationaler Verband der Freilufthotels) herausgegebene Protokoll.<\/p>\n\n<p class=\"wp-block-paragraph\">Klicken Sie <a href=\"https:\/\/www.google.com\/url?sa=t&amp;rct=j&amp;q=&amp;esrc=s&amp;source=web&amp;cd=&amp;ved=2ahUKEwjIz8aBs878AhVum1YBHR4RCrMQFnoECBQQAQ&amp;url=https%3A%2F%2Ffnhpa-pro.fr%2Fwp-content%2Fuploads%2F2021%2F05%2FProtocole-sanitaire_FNHPA2021-12-05.pdf&amp;usg=AOvVaw3i7zAg5CPc0NP6KLoFeH0W\">hier <\/a>, um mehr \u00fcber das Verfahren zu erfahren.<\/p>\n\n<p class=\"wp-block-paragraph\">Diese Informationen k\u00f6nnen aufgrund von Regierungsank\u00fcndigungen ge\u00e4ndert werden.<\/p>\n\n<p class=\"wp-block-paragraph\">Aktualisiert am 17-01-2023  <\/p>\n\n<p class=\"wp-block-paragraph\">In Erwartung Ihres Besuchs k\u00fcmmern Sie sich bitte um sich selbst und Ihre Lieben.<\/p>\n","protected":false},"excerpt":{"rendered":"<p>Sie k\u00f6nnen auf dem Campingplatz Le Vaugrais Urlaub machen und sich wieder mit der Natur verbinden. Alle unsere Dienste sind in Betrieb. Ihr Komfort und Ihre Sicherheit haben f\u00fcr uns oberste Priorit\u00e4t. F\u00dcR ALLE BUCHUNGEN, DIE \u00dcBER DAS INTERNET GET\u00c4TIGT WERDEN: Die Reiser\u00fccktrittsversicherung Covid 19 deckt F\u00e4lle ab, die mit Covid 19 zusammenh\u00e4ngen. Seit Beginn [&hellip;]<\/p>\n","protected":false},"author":1,"featured_media":0,"parent":0,"menu_order":0,"comment_status":"closed","ping_status":"closed","template":"","meta":{"_seopress_robots_primary_cat":"","_seopress_titles_title":"Aufenthaltsinfo Covid 19 - Camping le Vaugrais","_seopress_titles_desc":"Sie k\u00f6nnen auf dem Campingplatz Le Vaugrais Urlaub machen und sich in Ihrem Urlaub vor den Toren der Savoyen wieder mit der Natur verbinden.","_seopress_robots_index":"","_crdt_document":"","footnotes":""},"class_list":["post-13284","page","type-page","status-publish","hentry"],"_links":{"self":[{"href":"https:\/\/camping-savoie-levaugrais.com\/de\/wp-json\/wp\/v2\/pages\/13284","targetHints":{"allow":["GET"]}}],"collection":[{"href":"https:\/\/camping-savoie-levaugrais.com\/de\/wp-json\/wp\/v2\/pages"}],"about":[{"href":"https:\/\/camping-savoie-levaugrais.com\/de\/wp-json\/wp\/v2\/types\/page"}],"author":[{"embeddable":true,"href":"https:\/\/camping-savoie-levaugrais.com\/de\/wp-json\/wp\/v2\/users\/1"}],"replies":[{"embeddable":true,"href":"https:\/\/camping-savoie-levaugrais.com\/de\/wp-json\/wp\/v2\/comments?post=13284"}],"version-history":[{"count":1,"href":"https:\/\/camping-savoie-levaugrais.com\/de\/wp-json\/wp\/v2\/pages\/13284\/revisions"}],"predecessor-version":[{"id":13285,"href":"https:\/\/camping-savoie-levaugrais.com\/de\/wp-json\/wp\/v2\/pages\/13284\/revisions\/13285"}],"wp:attachment":[{"href":"https:\/\/camping-savoie-levaugrais.com\/de\/wp-json\/wp\/v2\/media?parent=13284"}],"curies":[{"name":"wp","href":"https:\/\/api.w.org\/{rel}","templated":true}]}}