{"id":13286,"date":"2024-10-10T11:51:34","date_gmt":"2024-10-10T09:51:34","guid":{"rendered":"https:\/\/camping-savoie-levaugrais.com\/vorteile-des-campingplatzes\/"},"modified":"2025-01-03T13:36:28","modified_gmt":"2025-01-03T12:36:28","slug":"vorteile-des-campingplatzes","status":"publish","type":"page","link":"https:\/\/camping-savoie-levaugrais.com\/de\/vorteile-des-campingplatzes\/","title":{"rendered":"Vorteile des Campingplatzes"},"content":{"rendered":"\n<h2 class=\"wp-block-heading has-text-align-center\">10 Gr\u00fcnde f\u00fcr die Wahl von Le Vaugrais: FERIEN AUF <strong>KARTE !!!!<\/strong><\/h2>\n\n\n<div class=\"wp-block-image\">\n<figure class=\"aligncenter size-large is-resized\"><img loading=\"lazy\" decoding=\"async\" width=\"1024\" height=\"576\" src=\"https:\/\/camping-savoie-levaugrais.com\/wp-content\/uploads\/2025\/01\/nature-confort-detente-au-vaugrais-en-allemand-1-1024x576.jpg\" alt=\"\" class=\"wp-image-16567\" style=\"width:309px;height:auto\" srcset=\"https:\/\/camping-savoie-levaugrais.com\/wp-content\/uploads\/2025\/01\/nature-confort-detente-au-vaugrais-en-allemand-1-1024x576.jpg 1024w, https:\/\/camping-savoie-levaugrais.com\/wp-content\/uploads\/2025\/01\/nature-confort-detente-au-vaugrais-en-allemand-1-300x169.jpg 300w, https:\/\/camping-savoie-levaugrais.com\/wp-content\/uploads\/2025\/01\/nature-confort-detente-au-vaugrais-en-allemand-1-768x432.jpg 768w, https:\/\/camping-savoie-levaugrais.com\/wp-content\/uploads\/2025\/01\/nature-confort-detente-au-vaugrais-en-allemand-1-1536x864.jpg 1536w, https:\/\/camping-savoie-levaugrais.com\/wp-content\/uploads\/2025\/01\/nature-confort-detente-au-vaugrais-en-allemand-1.jpg 1920w\" sizes=\"auto, (max-width: 1024px) 100vw, 1024px\" \/><\/figure>\n<\/div>\n\n\n<p class=\"wp-block-paragraph\"><i class=\"fas fa-book-open\"><\/i>  Weitere Informationen \u00fcber das <a href=\"https:\/\/notre.guide\/sp-levaugrais\/\" target=\"_blank\" rel=\"noreferrer noopener\">Begr\u00fc\u00dfungsbuch<\/a>\n<\/p>\n\n\n\n<div class=\"wp-block-columns is-layout-flex wp-container-core-columns-is-layout-8f761849 wp-block-columns-is-layout-flex\">\n<div class=\"wp-block-column is-layout-flow wp-block-column-is-layout-flow\">\n<p class=\"wp-block-paragraph\"><strong><u>1. Grund :<\/u><\/strong><\/p>\n\n\n\n<p class=\"wp-block-paragraph\"><strong><span style=\"color:#17bfc2\" class=\"has-inline-color\">Eine warme und freundliche Atmosph\u00e4re<\/span> <\/strong>Dank H\u00e9l\u00e8ne und Pierre, die Ihnen einen herzlichen Empfang bereiten werden.<\/p>\n\n\n\n<p class=\"wp-block-paragraph\"><strong><u>2. Grund:<\/u><\/strong><\/p>\n\n\n\n<p class=\"wp-block-paragraph\"><mark style=\"background-color:rgba(0, 0, 0, 0);color:#17bfc2\" class=\"has-inline-color\"><strong>Unsere Unterk\u00fcnfte sind f\u00fcr alle Familien geeignet.<\/strong><\/mark> 7 Mobilheime f\u00fcr 4 Personen und 4 Chalets f\u00fcr 6 Personen. Jedes verf\u00fcgt \u00fcber einen eigenen Wohnbereich, eine Holzterrasse und Gartenm\u00f6bel. <\/p>\n\n\n\n<p class=\"wp-block-paragraph\"><strong><u>3. Grund :<\/u><\/strong><\/p>\n\n\n\n<p class=\"wp-block-paragraph\">H\u00e9l\u00e8ne und Pierre setzen sich daf\u00fcr ein, dass Ihr Aufenthalt auf dem Campingplatz perfekt ist. <span style=\"color:#17bfc2\" class=\"has-inline-color\"><strong>Ihre Zufriedenheit ist unsere Priorit\u00e4t.<\/strong><\/span>.<\/p>\n\n\n\n<figure class=\"wp-block-image size-large\"><img loading=\"lazy\" decoding=\"async\" width=\"500\" height=\"333\" src=\"https:\/\/camping-savoie-levaugrais.com\/wp-content\/uploads\/2021\/07\/Sites-et-Paysages-Le-Vaugrais-\u00a9-2015_Kinaphoto_37.jpg\" alt=\"h\u00e9l\u00e8ne und Pierre\" class=\"wp-image-150\" srcset=\"https:\/\/camping-savoie-levaugrais.com\/wp-content\/uploads\/2021\/07\/Sites-et-Paysages-Le-Vaugrais-\u00a9-2015_Kinaphoto_37.jpg 500w, https:\/\/camping-savoie-levaugrais.com\/wp-content\/uploads\/2021\/07\/Sites-et-Paysages-Le-Vaugrais-\u00a9-2015_Kinaphoto_37-300x200.jpg 300w\" sizes=\"auto, (max-width: 500px) 100vw, 500px\" \/><\/figure>\n\n\n\n<p class=\"wp-block-paragraph\"><strong><u>4. Grund:<\/u><\/strong><\/p>\n\n\n\n<p class=\"wp-block-paragraph\"><mark style=\"background-color:rgba(0, 0, 0, 0);color:#17bfc2\" class=\"has-inline-color\"><strong>R\u00e4ume f\u00fcr Ihre Freizeitgestaltung<\/strong><\/mark><br>Unterhaltung und Entspannung stehen auf dem Programm Ihres Urlaubs. Nutzen Sie die Terrasse der Snackbar. Tischfu\u00dfball und Tischtennis bieten Familien die M\u00f6glichkeit, sich zu messen und sich in diesem geselligen Raum zu treffen.  <\/p>\n\n\n\n<figure class=\"wp-block-image size-large is-resized\"><a href=\"https:\/\/camping-savoie-levaugrais.com\/wp-content\/uploads\/2024\/09\/IMG_2212-retouche-internet.jpg\"><img loading=\"lazy\" decoding=\"async\" width=\"1024\" height=\"528\" src=\"https:\/\/camping-savoie-levaugrais.com\/wp-content\/uploads\/2024\/09\/IMG_2212-retouche-internet-1024x528.jpg\" alt=\"\" class=\"wp-image-12810\" style=\"width:500px;height:auto\" srcset=\"https:\/\/camping-savoie-levaugrais.com\/wp-content\/uploads\/2024\/09\/IMG_2212-retouche-internet-1024x528.jpg 1024w, https:\/\/camping-savoie-levaugrais.com\/wp-content\/uploads\/2024\/09\/IMG_2212-retouche-internet-300x155.jpg 300w, https:\/\/camping-savoie-levaugrais.com\/wp-content\/uploads\/2024\/09\/IMG_2212-retouche-internet-768x396.jpg 768w, https:\/\/camping-savoie-levaugrais.com\/wp-content\/uploads\/2024\/09\/IMG_2212-retouche-internet.jpg 1200w\" sizes=\"auto, (max-width: 1024px) 100vw, 1024px\" \/><\/a><\/figure>\n\n\n\n<p class=\"wp-block-paragraph\"><strong><u>5. Grund :<\/u><\/strong><\/p>\n\n\n\n<p class=\"wp-block-paragraph\"><a href=\"https:\/\/camping-savoie-levaugrais.com\/de\/die-snackbar-und-ihre-terrasse\/\" data-type=\"page\" data-id=\"126\"><mark style=\"background-color:rgba(0, 0, 0, 0);color:#17bfc2\" class=\"has-inline-color\"><strong>Termine in der Snackbar.<\/strong><\/mark><\/a><\/p>\n\n\n\n<p class=\"wp-block-paragraph\">Sie k\u00f6nnen Brot und Geb\u00e4ck am Vortag an der Rezeption bestellen.  <\/p>\n\n\n\n<p class=\"wp-block-paragraph\">  Wir schlagen Ihnen das &#8222;Gericht der Woche&#8220; vor, ohne zu vergessen, den Wein von Bugey zu entdecken, den Sie in Ma\u00dfen genie\u00dfen sollten.<\/p>\n\n\n\n<figure class=\"wp-block-image size-large is-resized\"><a href=\"https:\/\/camping-savoie-levaugrais.com\/wp-content\/uploads\/2024\/09\/IMG_2322-retouche-internet.jpg\"><img loading=\"lazy\" decoding=\"async\" width=\"1024\" height=\"528\" src=\"https:\/\/camping-savoie-levaugrais.com\/wp-content\/uploads\/2024\/09\/IMG_2322-retouche-internet-1024x528.jpg\" alt=\"Snackbar und Rezeption des Campingplatzes Le Vaugrais\" class=\"wp-image-12843\" style=\"width:512px;height:341px\" srcset=\"https:\/\/camping-savoie-levaugrais.com\/wp-content\/uploads\/2024\/09\/IMG_2322-retouche-internet-1024x528.jpg 1024w, https:\/\/camping-savoie-levaugrais.com\/wp-content\/uploads\/2024\/09\/IMG_2322-retouche-internet-300x155.jpg 300w, https:\/\/camping-savoie-levaugrais.com\/wp-content\/uploads\/2024\/09\/IMG_2322-retouche-internet-768x396.jpg 768w, https:\/\/camping-savoie-levaugrais.com\/wp-content\/uploads\/2024\/09\/IMG_2322-retouche-internet.jpg 1200w\" sizes=\"auto, (max-width: 1024px) 100vw, 1024px\" \/><\/a><figcaption class=\"wp-element-caption\">die Snackbar und die Rezeption des Campingplatzes Le Vaugrais<\/figcaption><\/figure>\n<\/div>\n\n\n\n<div class=\"wp-block-column is-layout-flow wp-block-column-is-layout-flow\">\n<p class=\"wp-block-paragraph\"><strong><u>6. Grund :<\/u><\/strong><\/p>\n\n\n\n<p class=\"wp-block-paragraph\"><mark style=\"background-color:rgba(0, 0, 0, 0);color:#17bfc2\" class=\"has-inline-color\"><strong>Die &#8222;kleinen Extras&#8220;.<\/strong><\/mark><\/p>\n\n\n\n<p class=\"wp-block-paragraph\"><\/p>\n\n\n\n<p class=\"wp-block-paragraph\">B\u00e4ckerei-Service: Bestellen Sie Ihr frisches Brot und Geb\u00e4ck am Vortag vor 18 Uhr an der Rezeption (ausschlie\u00dflich im Juli und August).  <\/p>\n\n\n\n<figure class=\"wp-block-image size-full\"><img loading=\"lazy\" decoding=\"async\" width=\"310\" height=\"163\" src=\"https:\/\/camping-savoie-levaugrais.com\/wp-content\/uploads\/2021\/10\/viennoiseries.jpg\" alt=\"Geb\u00e4ck auf dem Campingplatz\" class=\"wp-image-2568\" srcset=\"https:\/\/camping-savoie-levaugrais.com\/wp-content\/uploads\/2021\/10\/viennoiseries.jpg 310w, https:\/\/camping-savoie-levaugrais.com\/wp-content\/uploads\/2021\/10\/viennoiseries-300x158.jpg 300w\" sizes=\"auto, (max-width: 310px) 100vw, 310px\" \/><\/figure>\n\n\n\n<p class=\"wp-block-paragraph\"><strong><u>7. Grund :<\/u><\/strong><\/p>\n\n\n\n<p class=\"wp-block-paragraph\"><mark style=\"background-color:rgba(0, 0, 0, 0);color:#17bfc2\" class=\"has-inline-color\"><strong>Ferien im Juli und August f\u00fcr Kinder von 4 bis 14 Jahren.<\/strong><\/mark><br>Spiele, sportliche Aktivit\u00e4ten, p\u00e4dagogische Freizeitaktivit\u00e4ten, Olympiaden &#8230;.Mehr Spa\u00df, mehr Vergn\u00fcgen, um Freunde zu finden oder einfach eine gute Zeit zu verbringen.<\/p>\n\n\n\n<p class=\"wp-block-paragraph\"><strong><u>8. Grund :<\/u><\/strong><\/p>\n\n\n\n<p class=\"wp-block-paragraph\"><mark style=\"background-color:rgba(0, 0, 0, 0);color:#17bfc2\" class=\"has-inline-color\"><strong>Spiele und Herausforderungen, denen Sie sich w\u00e4hrend Ihres Aufenthalts stellen k\u00f6nnen.<\/strong><\/mark><br><a href=\"https:\/\/camping-savoie-levaugrais.com\/de\/erfahrung-neugierige-familie\/geocaching\/\" data-type=\"page\" data-id=\"593\">Geocaching <\/a>erm\u00f6glicht es jedem, Verstecke rund um den Campingplatz zu suchen und bemerkenswerte Orte zu entdecken.<\/p>\n\n\n\n<p class=\"wp-block-paragraph\">Verr\u00fcckte Herausforderungen!!! Die Schnitzeljagd: auf der Suche nach Gaspard dem Fuchs, aber auch die Natur-Rallye, eine originelle Herausforderung mit einem Geschenk als Schl\u00fcssel!<\/p>\n\n\n\n<p class=\"wp-block-paragraph\">Eine Schatzkarte: Entdecken Sie mit Ihrem Smartphone zahlreiche nat\u00fcrliche Sehensw\u00fcrdigkeiten. Gaspard wird Sie auf dieser sch\u00f6nen Wanderung begleiten, um Hinweise und einen fabelhaften Schatz zu entdecken. <\/p>\n\n\n\n<p class=\"wp-block-paragraph\"><strong><u>9. Grund :<\/u><\/strong><\/p>\n\n\n\n<p class=\"wp-block-paragraph\"><mark style=\"background-color:rgba(0, 0, 0, 0);color:#17bfc2\" class=\"has-inline-color\"><strong>Die Berge einmal anders!<\/strong><\/mark><br>Wandern, Radfahren, Kanu fahren, Canyoning, aber auch Entdeckung des Eismeeres in <a href=\"https:\/\/camping-savoie-levaugrais.com\/de\/chamonix\/\" data-type=\"page\" data-id=\"552\">Chamonix <\/a>, Besuch der Stadt Chanaz mit ihren vielen Produzenten, <a href=\"https:\/\/camping-savoie-levaugrais.com\/de\/annecy\/\" data-type=\"page\" data-id=\"519\">Annecy <\/a>mit seinen Kan\u00e4len und seinem See, <a href=\"https:\/\/camping-savoie-levaugrais.com\/de\/aix-les-bains\/\" data-type=\"page\" data-id=\"511\">Aix les Bains<\/a> und seine Thermen&#8230;.<\/p>\n\n\n\n<p class=\"wp-block-paragraph\"><strong><u>10. Grund :<\/u><\/strong><\/p>\n\n\n\n<p class=\"wp-block-paragraph\"><mark style=\"background-color:rgba(0, 0, 0, 0);color:#17bfc2\" class=\"has-inline-color\"><strong>Urlaub \u00e0 la carte!<\/strong><\/mark><br>F\u00fcr ein Wochenende bieten wir Ihnen Angebote ab 2 \u00dcbernachtungen an. Z\u00f6gern Sie also nicht l\u00e4nger und genie\u00dfen Sie 2, 3 oder 4 N\u00e4chte an der frischen Luft, um neue Energie zu tanken. W\u00e4hlen Sie das passende Angebot au\u00dferhalb der Schulzeiten.  <\/p>\n\n\n\n<figure class=\"wp-block-image size-large\"><img loading=\"lazy\" decoding=\"async\" width=\"1024\" height=\"528\" src=\"https:\/\/camping-savoie-levaugrais.com\/wp-content\/uploads\/2024\/09\/IMG_2010-retouche-internet-1024x528.jpg\" alt=\"\" class=\"wp-image-12786\" srcset=\"https:\/\/camping-savoie-levaugrais.com\/wp-content\/uploads\/2024\/09\/IMG_2010-retouche-internet-1024x528.jpg 1024w, https:\/\/camping-savoie-levaugrais.com\/wp-content\/uploads\/2024\/09\/IMG_2010-retouche-internet-300x155.jpg 300w, https:\/\/camping-savoie-levaugrais.com\/wp-content\/uploads\/2024\/09\/IMG_2010-retouche-internet-768x396.jpg 768w, https:\/\/camping-savoie-levaugrais.com\/wp-content\/uploads\/2024\/09\/IMG_2010-retouche-internet.jpg 1200w\" sizes=\"auto, (max-width: 1024px) 100vw, 1024px\" \/><\/figure>\n<\/div>\n<\/div>\n\n\n\n<p class=\"has-text-align-center wp-block-paragraph\"><img loading=\"lazy\" decoding=\"async\" width=\"30\" height=\"30\" class=\"wp-image-662\" style=\"width: 30px;\" src=\"https:\/\/camping-savoie-levaugrais.com\/wp-content\/uploads\/2021\/07\/facebook.png\" alt=\"facebook\">  Bleiben Sie mit dem Campingplatz Le Vaugrais auf <a rel=\"noreferrer noopener\" href=\"https:\/\/www.facebook.com\/campinglevaugraisartemare\/\" target=\"_blank\">Facebook<\/a> in Verbindung. Bleiben Sie auf dem Laufenden. <\/p>\n\n\n\n<p class=\"wp-block-paragraph\"><\/p>\n","protected":false},"excerpt":{"rendered":"<p>10 Gr\u00fcnde f\u00fcr die Wahl von Le Vaugrais: FERIEN AUF KARTE !!!! Weitere Informationen \u00fcber das Begr\u00fc\u00dfungsbuch 1. Grund : Eine warme und freundliche Atmosph\u00e4re Dank H\u00e9l\u00e8ne und Pierre, die Ihnen einen herzlichen Empfang bereiten werden. 2. Grund: Unsere Unterk\u00fcnfte sind f\u00fcr alle Familien geeignet. 7 Mobilheime f\u00fcr 4 Personen und 4 Chalets f\u00fcr 6 [&hellip;]<\/p>\n","protected":false},"author":1,"featured_media":0,"parent":0,"menu_order":0,"comment_status":"closed","ping_status":"closed","template":"","meta":{"_seopress_robots_primary_cat":"","_seopress_titles_title":"10 Gr\u00fcnde f\u00fcr Le Vaugrais - Urlaub in der N\u00e4he von Savoyen","_seopress_titles_desc":"Entdecken Sie die guten Gr\u00fcnde, die f\u00fcr die Wahl des Campingplatzes Le Vaugrais f\u00fcr Ihren n\u00e4chsten Urlaub in Savoyen sprechen.","_seopress_robots_index":"","_crdt_document":"","footnotes":""},"class_list":["post-13286","page","type-page","status-publish","hentry"],"_links":{"self":[{"href":"https:\/\/camping-savoie-levaugrais.com\/de\/wp-json\/wp\/v2\/pages\/13286","targetHints":{"allow":["GET"]}}],"collection":[{"href":"https:\/\/camping-savoie-levaugrais.com\/de\/wp-json\/wp\/v2\/pages"}],"about":[{"href":"https:\/\/camping-savoie-levaugrais.com\/de\/wp-json\/wp\/v2\/types\/page"}],"author":[{"embeddable":true,"href":"https:\/\/camping-savoie-levaugrais.com\/de\/wp-json\/wp\/v2\/users\/1"}],"replies":[{"embeddable":true,"href":"https:\/\/camping-savoie-levaugrais.com\/de\/wp-json\/wp\/v2\/comments?post=13286"}],"version-history":[{"count":3,"href":"https:\/\/camping-savoie-levaugrais.com\/de\/wp-json\/wp\/v2\/pages\/13286\/revisions"}],"predecessor-version":[{"id":16571,"href":"https:\/\/camping-savoie-levaugrais.com\/de\/wp-json\/wp\/v2\/pages\/13286\/revisions\/16571"}],"wp:attachment":[{"href":"https:\/\/camping-savoie-levaugrais.com\/de\/wp-json\/wp\/v2\/media?parent=13286"}],"curies":[{"name":"wp","href":"https:\/\/api.w.org\/{rel}","templated":true}]}}