{"id":13298,"date":"2024-10-10T11:51:35","date_gmt":"2024-10-10T09:51:35","guid":{"rendered":"https:\/\/camping-savoie-levaugrais.com\/der-pool\/"},"modified":"2025-01-03T13:29:22","modified_gmt":"2025-01-03T12:29:22","slug":"der-pool","status":"publish","type":"page","link":"https:\/\/camping-savoie-levaugrais.com\/de\/der-pool\/","title":{"rendered":"Der Pool"},"content":{"rendered":"\n<h2 class=\"wp-block-heading has-text-align-center\">Campingplatz vor den Toren der Savoyen mit beheiztem Schwimmbad<\/h2>\n\n\n<div class=\"wp-block-image\">\n<figure class=\"aligncenter size-large is-resized\"><img loading=\"lazy\" decoding=\"async\" width=\"1024\" height=\"576\" src=\"https:\/\/camping-savoie-levaugrais.com\/wp-content\/uploads\/2025\/01\/la-vie-est-magnifique-en-allemand-1-1024x576.jpg\" alt=\"\" class=\"wp-image-16557\" style=\"width:281px;height:auto\" srcset=\"https:\/\/camping-savoie-levaugrais.com\/wp-content\/uploads\/2025\/01\/la-vie-est-magnifique-en-allemand-1-1024x576.jpg 1024w, https:\/\/camping-savoie-levaugrais.com\/wp-content\/uploads\/2025\/01\/la-vie-est-magnifique-en-allemand-1-300x169.jpg 300w, https:\/\/camping-savoie-levaugrais.com\/wp-content\/uploads\/2025\/01\/la-vie-est-magnifique-en-allemand-1-768x432.jpg 768w, https:\/\/camping-savoie-levaugrais.com\/wp-content\/uploads\/2025\/01\/la-vie-est-magnifique-en-allemand-1-1536x864.jpg 1536w, https:\/\/camping-savoie-levaugrais.com\/wp-content\/uploads\/2025\/01\/la-vie-est-magnifique-en-allemand-1.jpg 1920w\" sizes=\"auto, (max-width: 1024px) 100vw, 1024px\" \/><\/figure>\n<\/div>\n\n\n<p class=\"wp-block-paragraph\">Auf dem Campingplatz Le Vaugrais, unserem <a href=\"https:\/\/camping-savoie-levaugrais.com\/de\/\">Campingplatz im Departement Ain<\/a>, k\u00f6nnen Sie von Juni bis September den Pool nutzen, der mit Sonnenkollektoren beheizt wird. Der Zugang zum Pool erfolgt \u00fcber eine Treppe, so dass auch kleine Kinder sicher ins Wasser gelangen k\u00f6nnen. Der Pool ist reglementiert und das entsprechende Schild befindet sich am Eingang.  <\/p>\n\n\n\n<p class=\"wp-block-paragraph\"><img loading=\"lazy\" decoding=\"async\" width=\"55\" height=\"55\" class=\"wp-image-130\" style=\"width: 55px;\" src=\"https:\/\/camping-savoie-levaugrais.com\/wp-content\/uploads\/2021\/07\/picto-short-interdit.png\" alt=\"Badeshorts sind verboten\"><strong>  Aus hygienischen Gr\u00fcnden sind Badeshorts im Pool und im Wasser verboten.<\/strong><\/p>\n\n\n\n<p class=\"wp-block-paragraph\">Die Str\u00e4nde sind mit Liegest\u00fchlen und St\u00fchlen ausgestattet, ideal zum Faulenzen, Entspannen und Sonnenbaden.<\/p>\n\n\n\n<p class=\"wp-block-paragraph\">Die \u00d6ffnungszeiten des Schwimmbads sind am Eingang angeschlagen: von 10.00 bis 19.00 Uhr.<\/p>\n\n\n\n<p class=\"wp-block-paragraph\">Der 11 x 6 m gro\u00dfe <strong>Pool des Campingplatzes<\/strong> verf\u00fcgt \u00fcber Wasser, das gechlort, desinfiziert und Viren abt\u00f6tet.<br>Es wird (seit jeher) t\u00e4glich von Pierre und einmal im Monat von der Regierungsbeh\u00f6rde ARS (Agence R\u00e9gionale de la Sant\u00e9) <strong>analysiert und kontrolliert<\/strong>.<br>Unser Becken ist mit elektronischen und automatischen Sonden ausgestattet, die die Chloreinleitung regulieren.<\/p>\n\n\n\n<p class=\"wp-block-paragraph\">Der Pool ist unbeaufsichtigt, Kinder<strong> m\u00fcssen<\/strong> von den Eltern beaufsichtigt werden.<br><br>Pierre verbringt jeden Morgen und Abend viel Zeit damit, die Wasserqualit\u00e4t zu \u00fcberpr\u00fcfen, damit Ihr Pool immer einwandfrei ist und die geltenden Normen erf\u00fcllt.<\/p>\n\n\n\n<p class=\"wp-block-paragraph\">Es gibt zwei Zeitzonen:  <\/p>\n\n\n\n<ul class=\"wp-block-list\">\n<li>von 10 bis 19 Uhr: Zugang f\u00fcr alle  <\/li>\n\n\n\n<li>von 19.00 bis 20.00 Uhr: &#8222;Special Adult &#8220; 18 Jahre und \u00e4lter  <\/li>\n<\/ul>\n\n\n\t\t\t<div id=\"sevgallery-632696398\" class=\"sev-diaporama sev-diaporama-portfolio\">\n\t\t\t<div class=\"row\">\n\n\t\t\t\n\t\t\t\t\n\t\t\t\t<div class=\"sev-diaporama-portfolio-item col-12 col-lg  col-shrink\">\n\t\t\t\t\t<!--<a href=\"https:\/\/camping-savoie-levaugrais.com\/wp-content\/uploads\/2021\/08\/Camping_Le_Vaugrais_103.jpg\" data-lightbox=\"sevgallery-632696398\" style=\"background-image: url(https:\/\/camping-savoie-levaugrais.com\/wp-content\/uploads\/2021\/08\/Camping_Le_Vaugrais_103.jpg)\">-->\n\t\t\t\t\t<a href=\"https:\/\/camping-savoie-levaugrais.com\/wp-content\/uploads\/2021\/08\/Camping_Le_Vaugrais_103.jpg\" data-lightbox=\"sevgallery-632696398\">\n\t\t\t\t\t\t<img decoding=\"async\" src=\"https:\/\/camping-savoie-levaugrais.com\/wp-content\/uploads\/2021\/08\/Camping_Le_Vaugrais_103.jpg\" alt=\"la piscinedu camping\" loading=\"lazy\">\n\t\t\t\t\t<\/a>\n\t\t\t\t<\/div>\n\n\t\t\t\t\n\t\t\t\t\t\t\t\t\t\t\t\n\t\t\t\t\n\t\t\t\t<div class=\"sev-diaporama-portfolio-item col-12 col-lg \">\n\t\t\t\t\t<!--<a href=\"https:\/\/camping-savoie-levaugrais.com\/wp-content\/uploads\/2021\/07\/piscine-1.jpg\" data-lightbox=\"sevgallery-632696398\" style=\"background-image: url(https:\/\/camping-savoie-levaugrais.com\/wp-content\/uploads\/2021\/07\/piscine-1.jpg)\">-->\n\t\t\t\t\t<a href=\"https:\/\/camping-savoie-levaugrais.com\/wp-content\/uploads\/2021\/07\/piscine-1.jpg\" data-lightbox=\"sevgallery-632696398\">\n\t\t\t\t\t\t<img decoding=\"async\" src=\"https:\/\/camping-savoie-levaugrais.com\/wp-content\/uploads\/2021\/07\/piscine-1.jpg\" alt=\"camping piscine savoie\" loading=\"lazy\">\n\t\t\t\t\t<\/a>\n\t\t\t\t<\/div>\n\n\t\t\t\t\n\t\t\t\t\t\t\t\t\t\t\t\n\t\t\t\t\n\t\t\t\t<div class=\"sev-diaporama-portfolio-item col-12 col-lg  col-shrink\">\n\t\t\t\t\t<!--<a href=\"https:\/\/camping-savoie-levaugrais.com\/wp-content\/uploads\/2021\/08\/Camping_Le_Vaugrais_110.jpg\" data-lightbox=\"sevgallery-632696398\" style=\"background-image: url(https:\/\/camping-savoie-levaugrais.com\/wp-content\/uploads\/2021\/08\/Camping_Le_Vaugrais_110.jpg)\">-->\n\t\t\t\t\t<a href=\"https:\/\/camping-savoie-levaugrais.com\/wp-content\/uploads\/2021\/08\/Camping_Le_Vaugrais_110.jpg\" data-lightbox=\"sevgallery-632696398\">\n\t\t\t\t\t\t<img decoding=\"async\" src=\"https:\/\/camping-savoie-levaugrais.com\/wp-content\/uploads\/2021\/08\/Camping_Le_Vaugrais_110.jpg\" alt=\"terrasse de la piscinedu camping\" loading=\"lazy\">\n\t\t\t\t\t<\/a>\n\t\t\t\t<\/div>\n\n\t\t\t\t\n\t\t\t\t\t\t\t\t\t\t\t\n\t\t\t\t\n\t\t\t\t<div class=\"sev-diaporama-portfolio-item col-12 col-lg  col-shrink\">\n\t\t\t\t\t<!--<a href=\"https:\/\/camping-savoie-levaugrais.com\/wp-content\/uploads\/2024\/07\/Camping_Le_Vaugrais_109-Personnalise.jpg\" data-lightbox=\"sevgallery-632696398\" style=\"background-image: url(https:\/\/camping-savoie-levaugrais.com\/wp-content\/uploads\/2024\/07\/Camping_Le_Vaugrais_109-Personnalise.jpg)\">-->\n\t\t\t\t\t<a href=\"https:\/\/camping-savoie-levaugrais.com\/wp-content\/uploads\/2024\/07\/Camping_Le_Vaugrais_109-Personnalise.jpg\" data-lightbox=\"sevgallery-632696398\">\n\t\t\t\t\t\t<img decoding=\"async\" src=\"https:\/\/camping-savoie-levaugrais.com\/wp-content\/uploads\/2024\/07\/Camping_Le_Vaugrais_109-Personnalise.jpg\" alt=\"piscine Vaugrais\" loading=\"lazy\">\n\t\t\t\t\t<\/a>\n\t\t\t\t<\/div>\n\n\t\t\t\t\t\t\t\t\t<div class=\"w-100\"><\/div>\n\t\t\t\t\t\t\t\t\t\n\t\t\t\t\t\t\t\t\t\t\t\n\t\t\t\t\n\t\t\t\t<div class=\"sev-diaporama-portfolio-item col-12 col-lg \">\n\t\t\t\t\t<!--<a href=\"https:\/\/camping-savoie-levaugrais.com\/wp-content\/uploads\/2021\/07\/piscine1.jpg\" data-lightbox=\"sevgallery-632696398\" style=\"background-image: url(https:\/\/camping-savoie-levaugrais.com\/wp-content\/uploads\/2021\/07\/piscine1.jpg)\">-->\n\t\t\t\t\t<a href=\"https:\/\/camping-savoie-levaugrais.com\/wp-content\/uploads\/2021\/07\/piscine1.jpg\" data-lightbox=\"sevgallery-632696398\">\n\t\t\t\t\t\t<img decoding=\"async\" src=\"https:\/\/camping-savoie-levaugrais.com\/wp-content\/uploads\/2021\/07\/piscine1.jpg\" alt=\"camping piscine savoie 2\" loading=\"lazy\">\n\t\t\t\t\t<\/a>\n\t\t\t\t<\/div>\n\n\t\t\t\t\n\t\t\t\t\t\t\t\t\t\t\t\n\t\t\t\t\n\t\t\t\t<div class=\"sev-diaporama-portfolio-item col-12 col-lg  col-shrink\">\n\t\t\t\t\t<!--<a href=\"https:\/\/camping-savoie-levaugrais.com\/wp-content\/uploads\/2021\/08\/Camping_Le_Vaugrais_114.jpg\" data-lightbox=\"sevgallery-632696398\" style=\"background-image: url(https:\/\/camping-savoie-levaugrais.com\/wp-content\/uploads\/2021\/08\/Camping_Le_Vaugrais_114.jpg)\">-->\n\t\t\t\t\t<a href=\"https:\/\/camping-savoie-levaugrais.com\/wp-content\/uploads\/2021\/08\/Camping_Le_Vaugrais_114.jpg\" data-lightbox=\"sevgallery-632696398\">\n\t\t\t\t\t\t<img decoding=\"async\" src=\"https:\/\/camping-savoie-levaugrais.com\/wp-content\/uploads\/2021\/08\/Camping_Le_Vaugrais_114.jpg\" alt=\"la piscinedu camping 4\" loading=\"lazy\">\n\t\t\t\t\t<\/a>\n\t\t\t\t<\/div>\n\n\t\t\t\t\n\t\t\t\t\t\t\t\t\t\t\t\n\t\t\t\t\n\t\t\t\t<div class=\"sev-diaporama-portfolio-item col-12 col-lg  col-shrink\">\n\t\t\t\t\t<!--<a href=\"https:\/\/camping-savoie-levaugrais.com\/wp-content\/uploads\/2021\/07\/piscine4.jpg\" data-lightbox=\"sevgallery-632696398\" style=\"background-image: url(https:\/\/camping-savoie-levaugrais.com\/wp-content\/uploads\/2021\/07\/piscine4.jpg)\">-->\n\t\t\t\t\t<a href=\"https:\/\/camping-savoie-levaugrais.com\/wp-content\/uploads\/2021\/07\/piscine4.jpg\" data-lightbox=\"sevgallery-632696398\">\n\t\t\t\t\t\t<img decoding=\"async\" src=\"https:\/\/camping-savoie-levaugrais.com\/wp-content\/uploads\/2021\/07\/piscine4.jpg\" alt=\"camping piscine savoie 4\" loading=\"lazy\">\n\t\t\t\t\t<\/a>\n\t\t\t\t<\/div>\n\n\t\t\t\t\n\t\t\t\t\t\t\t\t\t\t\t\n\t\t\t\t\n\t\t\t\t<div class=\"sev-diaporama-portfolio-item col-12 col-lg  col-grow\">\n\t\t\t\t\t<!--<a href=\"https:\/\/camping-savoie-levaugrais.com\/wp-content\/uploads\/2021\/08\/Camping_Le_Vaugrais_105.jpg\" data-lightbox=\"sevgallery-632696398\" style=\"background-image: url(https:\/\/camping-savoie-levaugrais.com\/wp-content\/uploads\/2021\/08\/Camping_Le_Vaugrais_105.jpg)\">-->\n\t\t\t\t\t<a href=\"https:\/\/camping-savoie-levaugrais.com\/wp-content\/uploads\/2021\/08\/Camping_Le_Vaugrais_105.jpg\" data-lightbox=\"sevgallery-632696398\">\n\t\t\t\t\t\t<img decoding=\"async\" src=\"https:\/\/camping-savoie-levaugrais.com\/wp-content\/uploads\/2021\/08\/Camping_Le_Vaugrais_105.jpg\" alt=\"la piscinedu camping2\" loading=\"lazy\">\n\t\t\t\t\t<\/a>\n\t\t\t\t<\/div>\n\n\t\t\t\t\t\t\t\t\t<div class=\"w-100\"><\/div>\n\t\t\t\t\t\t\t\t\t\n\t\t\t\t\t\t\t\t\t\t\t\n\t\t\t\t\n\t\t\t\t<div class=\"sev-diaporama-portfolio-item col-12 col-lg \">\n\t\t\t\t\t<!--<a href=\"https:\/\/camping-savoie-levaugrais.com\/wp-content\/uploads\/2021\/07\/piscine11.jpg\" data-lightbox=\"sevgallery-632696398\" style=\"background-image: url(https:\/\/camping-savoie-levaugrais.com\/wp-content\/uploads\/2021\/07\/piscine11.jpg)\">-->\n\t\t\t\t\t<a href=\"https:\/\/camping-savoie-levaugrais.com\/wp-content\/uploads\/2021\/07\/piscine11.jpg\" data-lightbox=\"sevgallery-632696398\">\n\t\t\t\t\t\t<img decoding=\"async\" src=\"https:\/\/camping-savoie-levaugrais.com\/wp-content\/uploads\/2021\/07\/piscine11.jpg\" alt=\"camping piscine savoie 11\" loading=\"lazy\">\n\t\t\t\t\t<\/a>\n\t\t\t\t<\/div>\n\n\t\t\t\t\n\t\t\t\t\t\t\t\t\t\t\t\n\t\t\t\t\n\t\t\t\t<div class=\"sev-diaporama-portfolio-item col-12 col-lg \">\n\t\t\t\t\t<!--<a href=\"https:\/\/camping-savoie-levaugrais.com\/wp-content\/uploads\/2021\/07\/piscine15.jpg\" data-lightbox=\"sevgallery-632696398\" style=\"background-image: url(https:\/\/camping-savoie-levaugrais.com\/wp-content\/uploads\/2021\/07\/piscine15.jpg)\">-->\n\t\t\t\t\t<a href=\"https:\/\/camping-savoie-levaugrais.com\/wp-content\/uploads\/2021\/07\/piscine15.jpg\" data-lightbox=\"sevgallery-632696398\">\n\t\t\t\t\t\t<img decoding=\"async\" src=\"https:\/\/camping-savoie-levaugrais.com\/wp-content\/uploads\/2021\/07\/piscine15.jpg\" alt=\"camping piscine savoie 13\" loading=\"lazy\">\n\t\t\t\t\t<\/a>\n\t\t\t\t<\/div>\n\n\t\t\t\t\n\t\t\t\t\t\t\t\t\t\t\t\n\t\t\t\t\n\t\t\t\t<div class=\"sev-diaporama-portfolio-item col-12 col-lg \">\n\t\t\t\t\t<!--<a href=\"https:\/\/camping-savoie-levaugrais.com\/wp-content\/uploads\/2022\/10\/Camping-le-Vaugrais_12-retoucheweb-1.jpg\" data-lightbox=\"sevgallery-632696398\" style=\"background-image: url(https:\/\/camping-savoie-levaugrais.com\/wp-content\/uploads\/2022\/10\/Camping-le-Vaugrais_12-retoucheweb-1.jpg)\">-->\n\t\t\t\t\t<a href=\"https:\/\/camping-savoie-levaugrais.com\/wp-content\/uploads\/2022\/10\/Camping-le-Vaugrais_12-retoucheweb-1.jpg\" data-lightbox=\"sevgallery-632696398\">\n\t\t\t\t\t\t<img decoding=\"async\" src=\"https:\/\/camping-savoie-levaugrais.com\/wp-content\/uploads\/2022\/10\/Camping-le-Vaugrais_12-retoucheweb-1.jpg\" alt=\"piscine\" loading=\"lazy\">\n\t\t\t\t\t<\/a>\n\t\t\t\t<\/div>\n\n\t\t\t\t\n\t\t\t\t\t\t\t\t\t\t\t\n\t\t\t\t\n\t\t\t\t<div class=\"sev-diaporama-portfolio-item col-12 col-lg \">\n\t\t\t\t\t<!--<a href=\"https:\/\/camping-savoie-levaugrais.com\/wp-content\/uploads\/2022\/10\/Camping-le-Vaugrais_08retoucheweb.jpg\" data-lightbox=\"sevgallery-632696398\" style=\"background-image: url(https:\/\/camping-savoie-levaugrais.com\/wp-content\/uploads\/2022\/10\/Camping-le-Vaugrais_08retoucheweb.jpg)\">-->\n\t\t\t\t\t<a href=\"https:\/\/camping-savoie-levaugrais.com\/wp-content\/uploads\/2022\/10\/Camping-le-Vaugrais_08retoucheweb.jpg\" data-lightbox=\"sevgallery-632696398\">\n\t\t\t\t\t\t<img decoding=\"async\" src=\"https:\/\/camping-savoie-levaugrais.com\/wp-content\/uploads\/2022\/10\/Camping-le-Vaugrais_08retoucheweb.jpg\" alt=\"Camping le Vaugrais\" loading=\"lazy\">\n\t\t\t\t\t<\/a>\n\t\t\t\t<\/div>\n\n\t\t\t\t\t\t\t\t\t<div class=\"w-100\"><\/div>\n\t\t\t\t\t\t\t\t\t\n\t\t\t\t\t\t\t\t\t\t\t\n\t\t\t\t\n\t\t\t\t<div class=\"sev-diaporama-portfolio-item col-12 col-lg \">\n\t\t\t\t\t<!--<a href=\"https:\/\/camping-savoie-levaugrais.com\/wp-content\/uploads\/2022\/10\/Camping-le-Vaugrais_06retoucheweb.jpg\" data-lightbox=\"sevgallery-632696398\" style=\"background-image: url(https:\/\/camping-savoie-levaugrais.com\/wp-content\/uploads\/2022\/10\/Camping-le-Vaugrais_06retoucheweb.jpg)\">-->\n\t\t\t\t\t<a href=\"https:\/\/camping-savoie-levaugrais.com\/wp-content\/uploads\/2022\/10\/Camping-le-Vaugrais_06retoucheweb.jpg\" data-lightbox=\"sevgallery-632696398\">\n\t\t\t\t\t\t<img decoding=\"async\" src=\"https:\/\/camping-savoie-levaugrais.com\/wp-content\/uploads\/2022\/10\/Camping-le-Vaugrais_06retoucheweb.jpg\" alt=\"Camping le Vaugrais\" loading=\"lazy\">\n\t\t\t\t\t<\/a>\n\t\t\t\t<\/div>\n\n\t\t\t\t\n\t\t\t\t\t\t\t\t\t\t\t\n\t\t\t\t\n\t\t\t\t<div class=\"sev-diaporama-portfolio-item col-12 col-lg  col-shrink\">\n\t\t\t\t\t<!--<a href=\"https:\/\/camping-savoie-levaugrais.com\/wp-content\/uploads\/2024\/07\/Camping-le-Vaugrais_17-Personnalise.jpg\" data-lightbox=\"sevgallery-632696398\" style=\"background-image: url(https:\/\/camping-savoie-levaugrais.com\/wp-content\/uploads\/2024\/07\/Camping-le-Vaugrais_17-Personnalise.jpg)\">-->\n\t\t\t\t\t<a href=\"https:\/\/camping-savoie-levaugrais.com\/wp-content\/uploads\/2024\/07\/Camping-le-Vaugrais_17-Personnalise.jpg\" data-lightbox=\"sevgallery-632696398\">\n\t\t\t\t\t\t<img decoding=\"async\" src=\"https:\/\/camping-savoie-levaugrais.com\/wp-content\/uploads\/2024\/07\/Camping-le-Vaugrais_17-Personnalise.jpg\" alt=\"\" loading=\"lazy\">\n\t\t\t\t\t<\/a>\n\t\t\t\t<\/div>\n\n\t\t\t\t\n\t\t\t\t\t\t\t\t\t\t\t\n\t\t\t\t\n\t\t\t\t<div class=\"sev-diaporama-portfolio-item col-12 col-lg \">\n\t\t\t\t\t<!--<a href=\"https:\/\/camping-savoie-levaugrais.com\/wp-content\/uploads\/2024\/07\/Camping-le-Vaugrais_04-Personnalise.jpg\" data-lightbox=\"sevgallery-632696398\" style=\"background-image: url(https:\/\/camping-savoie-levaugrais.com\/wp-content\/uploads\/2024\/07\/Camping-le-Vaugrais_04-Personnalise.jpg)\">-->\n\t\t\t\t\t<a href=\"https:\/\/camping-savoie-levaugrais.com\/wp-content\/uploads\/2024\/07\/Camping-le-Vaugrais_04-Personnalise.jpg\" data-lightbox=\"sevgallery-632696398\">\n\t\t\t\t\t\t<img decoding=\"async\" src=\"https:\/\/camping-savoie-levaugrais.com\/wp-content\/uploads\/2024\/07\/Camping-le-Vaugrais_04-Personnalise.jpg\" alt=\"piscine Vaugrais\" loading=\"lazy\">\n\t\t\t\t\t<\/a>\n\t\t\t\t<\/div>\n\n\t\t\t\t\n\t\t\t\t\t\t\t\t\t\t\t\t\t\t<\/div>\n\t\t\t<\/div>\n\n\t\t\t<script>\n\t\t\tjQuery(function($) {\n\n\t\t\t\tvar marginPortfolio = function() {\n\n\t\t\t\t\tvar $diapo          = $('#sevgallery-632696398');\n\t\t\t\t\tvar container_width = $diapo.parent().outerWidth();\n\t\t\t\t\tvar side            = ( $(window).innerWidth() - container_width ) \/ 2;\n\n\t\t\t\t\t$diapo.css( {\n\t\t\t\t\t\t'margin-left': '-' + side + 'px',\n\t\t\t\t\t\t'margin-right': '-' + side + 'px',\n\t\t\t\t\t} );\n\t\t\t\t};\n\n\t\t\t\t$( window ).resize( function() {\n\t\t\t\t\tmarginPortfolio();\n\t\t\t\t} );\n\t\t\t\tmarginPortfolio();\n\t\t\t});\n\t\t\t<\/script>\n\t\t\t\n","protected":false},"excerpt":{"rendered":"<p>Campingplatz vor den Toren der Savoyen mit beheiztem Schwimmbad Auf dem Campingplatz Le Vaugrais, unserem Campingplatz im Departement Ain, k\u00f6nnen Sie von Juni bis September den Pool nutzen, der mit Sonnenkollektoren beheizt wird. Der Zugang zum Pool erfolgt \u00fcber eine Treppe, so dass auch kleine Kinder sicher ins Wasser gelangen k\u00f6nnen. Der Pool ist reglementiert [&hellip;]<\/p>\n","protected":false},"author":1,"featured_media":0,"parent":0,"menu_order":0,"comment_status":"closed","ping_status":"closed","template":"","meta":{"_seopress_robots_primary_cat":"","_seopress_titles_title":"Campingplatz mit beheiztem Schwimmbad vor den Toren von Savoyen","_seopress_titles_desc":"Entdecken Sie den 3-Sterne-Campingplatz Le Vaugrais und genie\u00dfen Sie den beheizten Pool. Entspannen Sie sich mit Blick auf die Berge.","_seopress_robots_index":"","_crdt_document":"","footnotes":""},"class_list":["post-13298","page","type-page","status-publish","hentry"],"_links":{"self":[{"href":"https:\/\/camping-savoie-levaugrais.com\/de\/wp-json\/wp\/v2\/pages\/13298","targetHints":{"allow":["GET"]}}],"collection":[{"href":"https:\/\/camping-savoie-levaugrais.com\/de\/wp-json\/wp\/v2\/pages"}],"about":[{"href":"https:\/\/camping-savoie-levaugrais.com\/de\/wp-json\/wp\/v2\/types\/page"}],"author":[{"embeddable":true,"href":"https:\/\/camping-savoie-levaugrais.com\/de\/wp-json\/wp\/v2\/users\/1"}],"replies":[{"embeddable":true,"href":"https:\/\/camping-savoie-levaugrais.com\/de\/wp-json\/wp\/v2\/comments?post=13298"}],"version-history":[{"count":2,"href":"https:\/\/camping-savoie-levaugrais.com\/de\/wp-json\/wp\/v2\/pages\/13298\/revisions"}],"predecessor-version":[{"id":16561,"href":"https:\/\/camping-savoie-levaugrais.com\/de\/wp-json\/wp\/v2\/pages\/13298\/revisions\/16561"}],"wp:attachment":[{"href":"https:\/\/camping-savoie-levaugrais.com\/de\/wp-json\/wp\/v2\/media?parent=13298"}],"curies":[{"name":"wp","href":"https:\/\/api.w.org\/{rel}","templated":true}]}}