{"id":13301,"date":"2024-10-10T11:51:36","date_gmt":"2024-10-10T09:51:36","guid":{"rendered":"https:\/\/camping-savoie-levaugrais.com\/aktivitaeten\/"},"modified":"2025-11-10T18:43:38","modified_gmt":"2025-11-10T17:43:38","slug":"aktivitaeten","status":"publish","type":"page","link":"https:\/\/camping-savoie-levaugrais.com\/de\/aktivitaeten\/","title":{"rendered":"Aktivit\u00e4ten"},"content":{"rendered":"<div class=\"wp-block-image\">\n<figure class=\"aligncenter size-large is-resized\"><img loading=\"lazy\" decoding=\"async\" width=\"1024\" height=\"576\" src=\"https:\/\/camping-savoie-levaugrais.com\/wp-content\/uploads\/2025\/01\/la-vie-est-magnifique-en-allemand-1024x576.jpg\" alt=\"\" class=\"wp-image-16551\" style=\"width:224px;height:auto\" srcset=\"https:\/\/camping-savoie-levaugrais.com\/wp-content\/uploads\/2025\/01\/la-vie-est-magnifique-en-allemand-1024x576.jpg 1024w, https:\/\/camping-savoie-levaugrais.com\/wp-content\/uploads\/2025\/01\/la-vie-est-magnifique-en-allemand-300x169.jpg 300w, https:\/\/camping-savoie-levaugrais.com\/wp-content\/uploads\/2025\/01\/la-vie-est-magnifique-en-allemand-768x432.jpg 768w, https:\/\/camping-savoie-levaugrais.com\/wp-content\/uploads\/2025\/01\/la-vie-est-magnifique-en-allemand-1536x864.jpg 1536w, https:\/\/camping-savoie-levaugrais.com\/wp-content\/uploads\/2025\/01\/la-vie-est-magnifique-en-allemand.jpg 1920w\" sizes=\"auto, (max-width: 1024px) 100vw, 1024px\" \/><\/figure>\n<\/div>\n\n\n<h2 class=\"wp-block-heading\">Erholung und Entspannung auf dem Campingplatz<\/h2>\n\n\n\n<div class=\"wp-block-media-text is-stacked-on-mobile\"><figure class=\"wp-block-media-text__media\"><img loading=\"lazy\" decoding=\"async\" width=\"900\" height=\"1350\" src=\"https:\/\/camping-savoie-levaugrais.com\/wp-content\/uploads\/2025\/11\/allee-fleurie-geraniums-camping-le-vaugrais.jpg.webp\" alt=\"All\u00e9e fleurie du Camping Le Vaugrais : accueil fleuri et convivial\" class=\"wp-image-17799 size-full\"\/><\/figure><div class=\"wp-block-media-text__content\">\n<p class=\"wp-block-paragraph\"><strong>Bei uns gibt es keine Schaumpartys im Pool und keinen Kinderclub.<\/strong><\/p>\n\n\n\n<p class=\"wp-block-paragraph\">Hier besteht die Hauptbesch\u00e4ftigung darin, unter B\u00e4umen zu entspannen, den V\u00f6geln zu lauschen und ein Buch zu lesen. Im Vaugrais bieten wir Ihnen eine Oase der Ruhe, in der die Natur K\u00f6nigin ist: Unter den B\u00e4umen k\u00f6nnen Sie den V\u00f6geln lauschen, die Tierwelt beobachten und Momente absoluter Gelassenheit genie\u00dfen. Fernab von lauten Animationen l\u00e4dt unser Campingplatz, eingebettet in einer gr\u00fcnen Oase, dazu ein, neue Energie zu tanken, in die Artenvielfalt einzutauchen und ein unvergessliches Erlebnis im Einklang mit der Natur zu erleben.<\/p>\n\n\n\n<p class=\"wp-block-paragraph\">Entspannung vor Ort:<\/p>\n\n\n\n<p class=\"wp-block-paragraph\">1 beheizter Pool, ge\u00f6ffnet vom 1. Juni bis 20. September<br>zahlreiche Wander- und Radwege, die vom Campingplatz aus starten<br>2 Tischtennisplatten und 1 Tischfu\u00dfballtisch<\/p>\n\n\n\n<p class=\"wp-block-paragraph\">Die \u00d6ffnungszeiten der Rezeption variieren je nach Saison. Die \u00d6ffnungszeiten sind an der T\u00fcr der Rezeption ausgeh\u00e4ngt.<\/p>\n\n\n\n<p class=\"wp-block-paragraph\">In der Nebensaison (April \u2013 Mai \u2013 Juni und September): 8 bis 12 Uhr und 14 bis 19 Uhr<\/p>\n\n\n\n<p class=\"wp-block-paragraph\">In der Hochsaison (Juli und August): 8 bis 12 Uhr und 14 bis 21 Uhr<\/p>\n<\/div><\/div>\n\n\n\n<div class=\"wp-block-media-text has-media-on-the-right is-stacked-on-mobile\"><div class=\"wp-block-media-text__content\">\n<p class=\"wp-block-paragraph\"><strong>Entspannung und Geselligkeit: Bibliothek &amp; Spiele f\u00fcr Gro\u00df und Klein<\/strong><\/p>\n\n\n\n<p class=\"wp-block-paragraph\">Auf dem Campingplatz Le Vaugrais legen wir Wert auf Entspannung und Geselligkeit: Tauchen Sie dank unserer gemeinsamen B\u00fccherbox in ein gutes Buch ein oder genie\u00dfen Sie unsere Gesellschaftsspiele f\u00fcr Momente des Lachens und der Verbundenheit mit Familie oder Freunden.<\/p>\n\n\n\n<p class=\"wp-block-paragraph\">Ob Sie nun begeisterter Leser oder Spieleliebhaber sind, hier finden Sie alles, was Sie f\u00fcr einen unvergesslichen Aufenthalt brauchen. Kommen Sie und erleben Sie einfache, magische und unterhaltsame Momente mit uns! \ud83d\udcda\ud83c\udfb2<\/p>\n<\/div><figure class=\"wp-block-media-text__media\"><img loading=\"lazy\" decoding=\"async\" width=\"1200\" height=\"800\" src=\"https:\/\/camping-savoie-levaugrais.com\/wp-content\/uploads\/2025\/11\/defi-kapla-enfant-snack-bar-camping-le-vaugrais.jpg.webp\" alt=\"Enfant participant au d\u00e9fi Kapla sur la terrasse du Camping Le Vaugrais : animation ludique et cr\u00e9ative\" class=\"wp-image-17779 size-full\"\/><\/figure><\/div>\n\n\n\n<div class=\"wp-block-media-text is-stacked-on-mobile\"><figure class=\"wp-block-media-text__media\"><img loading=\"lazy\" decoding=\"async\" width=\"1200\" height=\"800\" src=\"https:\/\/camping-savoie-levaugrais.com\/wp-content\/uploads\/2025\/11\/aire-de-jeux-enfants-camping-le-vaugrais.jpg.webp\" alt=\"Aire de jeux pour enfants au Camping Le Vaugrais\" class=\"wp-image-17783 size-full\"\/><\/figure><div class=\"wp-block-media-text__content\">\n<p class=\"wp-block-paragraph\"><strong>Unser Spielplatz: Entspannung und Geselligkeit<\/strong><\/p>\n\n\n\n<p class=\"wp-block-paragraph\">Rutsche, Federwippe, Seilbr\u00fccke und Kletterwand \u2013 alles ist so konzipiert, dass Ihre Kleinen sich in aller Sicherheit vergn\u00fcgen k\u00f6nnen. Es ist der ideale Ort, um sich auszutoben, neue Freunde zu finden und stundenlang zu spielen. W\u00e4hrenddessen k\u00f6nnen sich die Eltern in der N\u00e4he entspannen und einen Moment der Ruhe genie\u00dfen.<\/p>\n\n\n\n<p class=\"wp-block-paragraph\">Entdecken Sie diesen Spielplatz, auf dem Gro\u00df und Klein auf ihre Kosten kommen! \ud83c\udfa0\ud83e\udd38\u200d\u2642\ufe0f\ud83c\udf1e<\/p>\n<\/div><\/div>\n\n\n\n<div class=\"wp-block-media-text has-media-on-the-right is-stacked-on-mobile\"><div class=\"wp-block-media-text__content\">\n<p class=\"wp-block-paragraph\"><strong>Festliche Stimmung im Vaugrais: Musikabende, die Sie nicht verpassen sollten! \ud83c\udfa4<\/strong><\/p>\n\n\n\n<p class=\"wp-block-paragraph\">Jeden Sommer, einmal pro Woche: Die Terrasse der Snackbar des Vaugrais verwandelt sich in eine echte Party-B\u00fchne!<\/p>\n\n\n\n<p class=\"wp-block-paragraph\">Kommen Sie vorbei, h\u00f6ren Sie Ihre Lieblingslieder, summen Sie mit oder begleiten Sie den S\u00e4nger bei den bekanntesten Melodien und lachen Sie gemeinsam mit uns bei unseren Musikabenden.<\/p>\n\n\n\n<p class=\"wp-block-paragraph\">Die Abende sind unterhaltsam, lebhaft und respektieren die Ruhe aller G\u00e4ste. Sie enden sp\u00e4testens um 22:30 Uhr.\ud83c\udfb6\ud83c\udfb2\ud83d\udc83<\/p>\n<\/div><figure class=\"wp-block-media-text__media\"><img loading=\"lazy\" decoding=\"async\" width=\"1200\" height=\"800\" src=\"https:\/\/camping-savoie-levaugrais.com\/wp-content\/uploads\/2025\/11\/animation-musicale-guitare-saxophone-terrasse-camping-le-vaugrais.jpg.webp\" alt=\"Animation musicale en live avec guitare et saxophone sur la terrasse du Camping Le Vaugrais : soir\u00e9e lounge estivale\" class=\"wp-image-17787 size-full\"\/><\/figure><\/div>\n\n\n\n<div class=\"wp-block-media-text is-stacked-on-mobile\"><figure class=\"wp-block-media-text__media\"><img loading=\"lazy\" decoding=\"async\" width=\"1200\" height=\"800\" src=\"https:\/\/camping-savoie-levaugrais.com\/wp-content\/uploads\/2025\/11\/balade-participative-camping-le-vaugrais-decouverte-region.jpg.webp\" alt=\"Balade \u00e0 pied avec les campeurs du Camping Le Vaugrais : d\u00e9couvrez la r\u00e9gion\" class=\"wp-image-17791 size-full\"\/><\/figure><div class=\"wp-block-media-text__content\">\n<p class=\"wp-block-paragraph\"><strong>Ausflug ins Herz der Natur<\/strong><\/p>\n\n\n\n<p class=\"wp-block-paragraph\">Lassen Sie sich jeden Sommer einmal pro Woche von H\u00e9l\u00e8ne und Pierre auf einer kostenlosen Wanderung f\u00fcr die ganze Familie begleiten, bei der Gro\u00df und Klein gemeinsam dem Alltag entfliehen k\u00f6nnen.<\/p>\n\n\n\n<p class=\"wp-block-paragraph\">Vergessen Sie die touristischen Routen, hier f\u00fchren wir Sie zu geheimen Orten, die in den Brosch\u00fcren nicht zu finden sind und an denen die Natur in ihrer ganzen Pracht erbl\u00fcht.<\/p>\n\n\n\n<p class=\"wp-block-paragraph\">Auch Hunde k\u00f6nnen Sie begleiten, um diese Momente der Verbundenheit mit Ihnen zu teilen.<\/p>\n\n\n\n<p class=\"wp-block-paragraph\">Kein Wettbewerb, nur ein Moment des Austauschs, der Entspannung und des Kennenlernens neuer Campingfreunde in einer ruhigen und freundlichen Atmosph\u00e4re. \ud83c\udf32\ud83d\udc9a<\/p>\n<\/div><\/div>\n\n\n\t\t\t<div id=\"sevgallery-1699734846\" class=\"sev-diaporama sev-diaporama-portfolio\">\n\t\t\t<div class=\"row\">\n\n\t\t\t\n\t\t\t\t\n\t\t\t\t<div class=\"sev-diaporama-portfolio-item col-12 col-lg \">\n\t\t\t\t\t<!--<a href=\"https:\/\/camping-savoie-levaugrais.com\/wp-content\/uploads\/2024\/11\/Camping_Le_Vaugrais_128-Personnalise.jpg\" data-lightbox=\"sevgallery-1699734846\" style=\"background-image: url(https:\/\/camping-savoie-levaugrais.com\/wp-content\/uploads\/2024\/11\/Camping_Le_Vaugrais_128-Personnalise.jpg)\">-->\n\t\t\t\t\t<a href=\"https:\/\/camping-savoie-levaugrais.com\/wp-content\/uploads\/2024\/11\/Camping_Le_Vaugrais_128-Personnalise.jpg\" data-lightbox=\"sevgallery-1699734846\">\n\t\t\t\t\t\t<img decoding=\"async\" src=\"https:\/\/camping-savoie-levaugrais.com\/wp-content\/uploads\/2024\/11\/Camping_Le_Vaugrais_128-Personnalise.jpg\" alt=\"aire de jeux\" loading=\"lazy\">\n\t\t\t\t\t<\/a>\n\t\t\t\t<\/div>\n\n\t\t\t\t\n\t\t\t\t\t\t\t\t\t\t\t\n\t\t\t\t\n\t\t\t\t<div class=\"sev-diaporama-portfolio-item col-12 col-lg  col-grow\">\n\t\t\t\t\t<!--<a href=\"https:\/\/camping-savoie-levaugrais.com\/wp-content\/uploads\/2021\/07\/web089.jpg\" data-lightbox=\"sevgallery-1699734846\" style=\"background-image: url(https:\/\/camping-savoie-levaugrais.com\/wp-content\/uploads\/2021\/07\/web089.jpg)\">-->\n\t\t\t\t\t<a href=\"https:\/\/camping-savoie-levaugrais.com\/wp-content\/uploads\/2021\/07\/web089.jpg\" data-lightbox=\"sevgallery-1699734846\">\n\t\t\t\t\t\t<img decoding=\"async\" src=\"https:\/\/camping-savoie-levaugrais.com\/wp-content\/uploads\/2021\/07\/web089.jpg\" alt=\"babyfoot\" loading=\"lazy\">\n\t\t\t\t\t<\/a>\n\t\t\t\t<\/div>\n\n\t\t\t\t\n\t\t\t\t\t\t\t\t\t\t\t\n\t\t\t\t\n\t\t\t\t<div class=\"sev-diaporama-portfolio-item col-12 col-lg  col-grow\">\n\t\t\t\t\t<!--<a href=\"https:\/\/camping-savoie-levaugrais.com\/wp-content\/uploads\/2024\/09\/IMG_2213-internet.jpg\" data-lightbox=\"sevgallery-1699734846\" style=\"background-image: url(https:\/\/camping-savoie-levaugrais.com\/wp-content\/uploads\/2024\/09\/IMG_2213-internet.jpg)\">-->\n\t\t\t\t\t<a href=\"https:\/\/camping-savoie-levaugrais.com\/wp-content\/uploads\/2024\/09\/IMG_2213-internet.jpg\" data-lightbox=\"sevgallery-1699734846\">\n\t\t\t\t\t\t<img decoding=\"async\" src=\"https:\/\/camping-savoie-levaugrais.com\/wp-content\/uploads\/2024\/09\/IMG_2213-internet.jpg\" alt=\"babyfoot\" loading=\"lazy\">\n\t\t\t\t\t<\/a>\n\t\t\t\t<\/div>\n\n\t\t\t\t\n\t\t\t\t\t\t\t\t\t\t\t\n\t\t\t\t\n\t\t\t\t<div class=\"sev-diaporama-portfolio-item col-12 col-lg  col-grow\">\n\t\t\t\t\t<!--<a href=\"https:\/\/camping-savoie-levaugrais.com\/wp-content\/uploads\/2024\/11\/Camping-le-Vaugrais_58-Personnalise.jpg\" data-lightbox=\"sevgallery-1699734846\" style=\"background-image: url(https:\/\/camping-savoie-levaugrais.com\/wp-content\/uploads\/2024\/11\/Camping-le-Vaugrais_58-Personnalise.jpg)\">-->\n\t\t\t\t\t<a href=\"https:\/\/camping-savoie-levaugrais.com\/wp-content\/uploads\/2024\/11\/Camping-le-Vaugrais_58-Personnalise.jpg\" data-lightbox=\"sevgallery-1699734846\">\n\t\t\t\t\t\t<img decoding=\"async\" src=\"https:\/\/camping-savoie-levaugrais.com\/wp-content\/uploads\/2024\/11\/Camping-le-Vaugrais_58-Personnalise.jpg\" alt=\"aire p\u00e9tanque\" loading=\"lazy\">\n\t\t\t\t\t<\/a>\n\t\t\t\t<\/div>\n\n\t\t\t\t\t\t\t\t\t<div class=\"w-100\"><\/div>\n\t\t\t\t\t\t\t\t\t\n\t\t\t\t\t\t\t\t\t\t\t\n\t\t\t\t\n\t\t\t\t<div class=\"sev-diaporama-portfolio-item col-12 col-lg \">\n\t\t\t\t\t<!--<a href=\"https:\/\/camping-savoie-levaugrais.com\/wp-content\/uploads\/2021\/08\/Camping_Le_Vaugrais_114.jpg\" data-lightbox=\"sevgallery-1699734846\" style=\"background-image: url(https:\/\/camping-savoie-levaugrais.com\/wp-content\/uploads\/2021\/08\/Camping_Le_Vaugrais_114.jpg)\">-->\n\t\t\t\t\t<a href=\"https:\/\/camping-savoie-levaugrais.com\/wp-content\/uploads\/2021\/08\/Camping_Le_Vaugrais_114.jpg\" data-lightbox=\"sevgallery-1699734846\">\n\t\t\t\t\t\t<img decoding=\"async\" src=\"https:\/\/camping-savoie-levaugrais.com\/wp-content\/uploads\/2021\/08\/Camping_Le_Vaugrais_114.jpg\" alt=\"la piscinedu camping 4\" loading=\"lazy\">\n\t\t\t\t\t<\/a>\n\t\t\t\t<\/div>\n\n\t\t\t\t\n\t\t\t\t\t\t\t\t\t\t\t\n\t\t\t\t\n\t\t\t\t<div class=\"sev-diaporama-portfolio-item col-12 col-lg  col-grow\">\n\t\t\t\t\t<!--<a href=\"https:\/\/camping-savoie-levaugrais.com\/wp-content\/uploads\/2024\/11\/Camping_Le_Vaugrais_109-Personnalise.jpg\" data-lightbox=\"sevgallery-1699734846\" style=\"background-image: url(https:\/\/camping-savoie-levaugrais.com\/wp-content\/uploads\/2024\/11\/Camping_Le_Vaugrais_109-Personnalise.jpg)\">-->\n\t\t\t\t\t<a href=\"https:\/\/camping-savoie-levaugrais.com\/wp-content\/uploads\/2024\/11\/Camping_Le_Vaugrais_109-Personnalise.jpg\" data-lightbox=\"sevgallery-1699734846\">\n\t\t\t\t\t\t<img decoding=\"async\" src=\"https:\/\/camping-savoie-levaugrais.com\/wp-content\/uploads\/2024\/11\/Camping_Le_Vaugrais_109-Personnalise.jpg\" alt=\"piscine\" loading=\"lazy\">\n\t\t\t\t\t<\/a>\n\t\t\t\t<\/div>\n\n\t\t\t\t\n\t\t\t\t\t\t\t\t\t\t\t\n\t\t\t\t\n\t\t\t\t<div class=\"sev-diaporama-portfolio-item col-12 col-lg \">\n\t\t\t\t\t<!--<a href=\"https:\/\/camping-savoie-levaugrais.com\/wp-content\/uploads\/2024\/09\/IMG_2334-retouche-internet.jpg\" data-lightbox=\"sevgallery-1699734846\" style=\"background-image: url(https:\/\/camping-savoie-levaugrais.com\/wp-content\/uploads\/2024\/09\/IMG_2334-retouche-internet.jpg)\">-->\n\t\t\t\t\t<a href=\"https:\/\/camping-savoie-levaugrais.com\/wp-content\/uploads\/2024\/09\/IMG_2334-retouche-internet.jpg\" data-lightbox=\"sevgallery-1699734846\">\n\t\t\t\t\t\t<img decoding=\"async\" src=\"https:\/\/camping-savoie-levaugrais.com\/wp-content\/uploads\/2024\/09\/IMG_2334-retouche-internet.jpg\" alt=\"animation tir \u00e0 l&#039;arc\" loading=\"lazy\">\n\t\t\t\t\t<\/a>\n\t\t\t\t<\/div>\n\n\t\t\t\t\n\t\t\t\t\t\t\t\t\t\t\t\n\t\t\t\t\n\t\t\t\t<div class=\"sev-diaporama-portfolio-item col-12 col-lg  col-grow\">\n\t\t\t\t\t<!--<a href=\"https:\/\/camping-savoie-levaugrais.com\/wp-content\/uploads\/2024\/09\/IMG_2290-retouche-internet.jpg\" data-lightbox=\"sevgallery-1699734846\" style=\"background-image: url(https:\/\/camping-savoie-levaugrais.com\/wp-content\/uploads\/2024\/09\/IMG_2290-retouche-internet.jpg)\">-->\n\t\t\t\t\t<a href=\"https:\/\/camping-savoie-levaugrais.com\/wp-content\/uploads\/2024\/09\/IMG_2290-retouche-internet.jpg\" data-lightbox=\"sevgallery-1699734846\">\n\t\t\t\t\t\t<img decoding=\"async\" src=\"https:\/\/camping-savoie-levaugrais.com\/wp-content\/uploads\/2024\/09\/IMG_2290-retouche-internet.jpg\" alt=\"activit\u00e9 manuelle au Vaugrais\" loading=\"lazy\">\n\t\t\t\t\t<\/a>\n\t\t\t\t<\/div>\n\n\t\t\t\t\t\t\t\t\t<div class=\"w-100\"><\/div>\n\t\t\t\t\t\t\t\t\t\n\t\t\t\t\t\t\t\t\t\t\t\n\t\t\t\t\n\t\t\t\t<div class=\"sev-diaporama-portfolio-item col-12 col-lg  col-shrink\">\n\t\t\t\t\t<!--<a href=\"https:\/\/camping-savoie-levaugrais.com\/wp-content\/uploads\/2024\/09\/IMG_2286-retouche-internet.jpg\" data-lightbox=\"sevgallery-1699734846\" style=\"background-image: url(https:\/\/camping-savoie-levaugrais.com\/wp-content\/uploads\/2024\/09\/IMG_2286-retouche-internet.jpg)\">-->\n\t\t\t\t\t<a href=\"https:\/\/camping-savoie-levaugrais.com\/wp-content\/uploads\/2024\/09\/IMG_2286-retouche-internet.jpg\" data-lightbox=\"sevgallery-1699734846\">\n\t\t\t\t\t\t<img decoding=\"async\" src=\"https:\/\/camping-savoie-levaugrais.com\/wp-content\/uploads\/2024\/09\/IMG_2286-retouche-internet.jpg\" alt=\"activit\u00e9 enfant\" loading=\"lazy\">\n\t\t\t\t\t<\/a>\n\t\t\t\t<\/div>\n\n\t\t\t\t\n\t\t\t\t\t\t\t\t\t\t\t\n\t\t\t\t\n\t\t\t\t<div class=\"sev-diaporama-portfolio-item col-12 col-lg  col-grow\">\n\t\t\t\t\t<!--<a href=\"https:\/\/camping-savoie-levaugrais.com\/wp-content\/uploads\/2024\/09\/IMG_2201-retouche-internet.jpg\" data-lightbox=\"sevgallery-1699734846\" style=\"background-image: url(https:\/\/camping-savoie-levaugrais.com\/wp-content\/uploads\/2024\/09\/IMG_2201-retouche-internet.jpg)\">-->\n\t\t\t\t\t<a href=\"https:\/\/camping-savoie-levaugrais.com\/wp-content\/uploads\/2024\/09\/IMG_2201-retouche-internet.jpg\" data-lightbox=\"sevgallery-1699734846\">\n\t\t\t\t\t\t<img decoding=\"async\" src=\"https:\/\/camping-savoie-levaugrais.com\/wp-content\/uploads\/2024\/09\/IMG_2201-retouche-internet.jpg\" alt=\"loto\" loading=\"lazy\">\n\t\t\t\t\t<\/a>\n\t\t\t\t<\/div>\n\n\t\t\t\t\n\t\t\t\t\t\t\t\t\t\t\t\n\t\t\t\t\n\t\t\t\t<div class=\"sev-diaporama-portfolio-item col-12 col-lg  col-shrink\">\n\t\t\t\t\t<!--<a href=\"https:\/\/camping-savoie-levaugrais.com\/wp-content\/uploads\/2024\/09\/IMG_1957-retouche-photo-internet.jpg\" data-lightbox=\"sevgallery-1699734846\" style=\"background-image: url(https:\/\/camping-savoie-levaugrais.com\/wp-content\/uploads\/2024\/09\/IMG_1957-retouche-photo-internet.jpg)\">-->\n\t\t\t\t\t<a href=\"https:\/\/camping-savoie-levaugrais.com\/wp-content\/uploads\/2024\/09\/IMG_1957-retouche-photo-internet.jpg\" data-lightbox=\"sevgallery-1699734846\">\n\t\t\t\t\t\t<img decoding=\"async\" src=\"https:\/\/camping-savoie-levaugrais.com\/wp-content\/uploads\/2024\/09\/IMG_1957-retouche-photo-internet.jpg\" alt=\"ping pong\" loading=\"lazy\">\n\t\t\t\t\t<\/a>\n\t\t\t\t<\/div>\n\n\t\t\t\t\n\t\t\t\t\t\t\t\t\t\t\t\n\t\t\t\t\n\t\t\t\t<div class=\"sev-diaporama-portfolio-item col-12 col-lg \">\n\t\t\t\t\t<!--<a href=\"https:\/\/camping-savoie-levaugrais.com\/wp-content\/uploads\/2024\/09\/IMG_2143-retouche-internet.jpg\" data-lightbox=\"sevgallery-1699734846\" style=\"background-image: url(https:\/\/camping-savoie-levaugrais.com\/wp-content\/uploads\/2024\/09\/IMG_2143-retouche-internet.jpg)\">-->\n\t\t\t\t\t<a href=\"https:\/\/camping-savoie-levaugrais.com\/wp-content\/uploads\/2024\/09\/IMG_2143-retouche-internet.jpg\" data-lightbox=\"sevgallery-1699734846\">\n\t\t\t\t\t\t<img decoding=\"async\" src=\"https:\/\/camping-savoie-levaugrais.com\/wp-content\/uploads\/2024\/09\/IMG_2143-retouche-internet.jpg\" alt=\"concert\" loading=\"lazy\">\n\t\t\t\t\t<\/a>\n\t\t\t\t<\/div>\n\n\t\t\t\t\t\t\t\t\t<div class=\"w-100\"><\/div>\n\t\t\t\t\t\t\t\t\t\n\t\t\t\t\t\t\t\t\t\t\t\n\t\t\t\t\n\t\t\t\t<div class=\"sev-diaporama-portfolio-item col-12 col-lg  col-grow\">\n\t\t\t\t\t<!--<a href=\"https:\/\/camping-savoie-levaugrais.com\/wp-content\/uploads\/2021\/07\/balade.jpg\" data-lightbox=\"sevgallery-1699734846\" style=\"background-image: url(https:\/\/camping-savoie-levaugrais.com\/wp-content\/uploads\/2021\/07\/balade.jpg)\">-->\n\t\t\t\t\t<a href=\"https:\/\/camping-savoie-levaugrais.com\/wp-content\/uploads\/2021\/07\/balade.jpg\" data-lightbox=\"sevgallery-1699734846\">\n\t\t\t\t\t\t<img decoding=\"async\" src=\"https:\/\/camping-savoie-levaugrais.com\/wp-content\/uploads\/2021\/07\/balade.jpg\" alt=\"sentiers de randonn\u00e9es autour du camping\" loading=\"lazy\">\n\t\t\t\t\t<\/a>\n\t\t\t\t<\/div>\n\n\t\t\t\t\n\t\t\t\t\t\t\t\t\t\t\t\n\t\t\t\t\n\t\t\t\t<div class=\"sev-diaporama-portfolio-item col-12 col-lg \">\n\t\t\t\t\t<!--<a href=\"https:\/\/camping-savoie-levaugrais.com\/wp-content\/uploads\/2021\/07\/montagnefamille3jpg.jpg\" data-lightbox=\"sevgallery-1699734846\" style=\"background-image: url(https:\/\/camping-savoie-levaugrais.com\/wp-content\/uploads\/2021\/07\/montagnefamille3jpg.jpg)\">-->\n\t\t\t\t\t<a href=\"https:\/\/camping-savoie-levaugrais.com\/wp-content\/uploads\/2021\/07\/montagnefamille3jpg.jpg\" data-lightbox=\"sevgallery-1699734846\">\n\t\t\t\t\t\t<img decoding=\"async\" src=\"https:\/\/camping-savoie-levaugrais.com\/wp-content\/uploads\/2021\/07\/montagnefamille3jpg.jpg\" alt=\"sentiers de randonn\u00e9es autour du camping\" loading=\"lazy\">\n\t\t\t\t\t<\/a>\n\t\t\t\t<\/div>\n\n\t\t\t\t\n\t\t\t\t\t\t\t\t\t\t\t\n\t\t\t\t\n\t\t\t\t<div class=\"sev-diaporama-portfolio-item col-12 col-lg  col-shrink\">\n\t\t\t\t\t<!--<a href=\"https:\/\/camping-savoie-levaugrais.com\/wp-content\/uploads\/2021\/07\/balade1.jpg\" data-lightbox=\"sevgallery-1699734846\" style=\"background-image: url(https:\/\/camping-savoie-levaugrais.com\/wp-content\/uploads\/2021\/07\/balade1.jpg)\">-->\n\t\t\t\t\t<a href=\"https:\/\/camping-savoie-levaugrais.com\/wp-content\/uploads\/2021\/07\/balade1.jpg\" data-lightbox=\"sevgallery-1699734846\">\n\t\t\t\t\t\t<img decoding=\"async\" src=\"https:\/\/camping-savoie-levaugrais.com\/wp-content\/uploads\/2021\/07\/balade1.jpg\" alt=\"sentiers de randonn\u00e9es autour du camping\" loading=\"lazy\">\n\t\t\t\t\t<\/a>\n\t\t\t\t<\/div>\n\n\t\t\t\t\n\t\t\t\t\t\t\t\t\t\t\t\n\t\t\t\t\n\t\t\t\t<div class=\"sev-diaporama-portfolio-item col-12 col-lg  col-shrink\">\n\t\t\t\t\t<!--<a href=\"https:\/\/camping-savoie-levaugrais.com\/wp-content\/uploads\/2021\/07\/autour-du-camping-1.jpg\" data-lightbox=\"sevgallery-1699734846\" style=\"background-image: url(https:\/\/camping-savoie-levaugrais.com\/wp-content\/uploads\/2021\/07\/autour-du-camping-1.jpg)\">-->\n\t\t\t\t\t<a href=\"https:\/\/camping-savoie-levaugrais.com\/wp-content\/uploads\/2021\/07\/autour-du-camping-1.jpg\" data-lightbox=\"sevgallery-1699734846\">\n\t\t\t\t\t\t<img decoding=\"async\" src=\"https:\/\/camping-savoie-levaugrais.com\/wp-content\/uploads\/2021\/07\/autour-du-camping-1.jpg\" alt=\"sentiers de randonn\u00e9es autour du camping savoie\" loading=\"lazy\">\n\t\t\t\t\t<\/a>\n\t\t\t\t<\/div>\n\n\t\t\t\t\t\t\t\t\t<div class=\"w-100\"><\/div>\n\t\t\t\t\t\t\t\t\t\n\t\t\t\t\t\t\t\t\t\t\t\t\t\t<\/div>\n\t\t\t<\/div>\n\n\t\t\t<script>\n\t\t\tjQuery(function($) {\n\n\t\t\t\tvar marginPortfolio = function() {\n\n\t\t\t\t\tvar $diapo          = $('#sevgallery-1699734846');\n\t\t\t\t\tvar container_width = $diapo.parent().outerWidth();\n\t\t\t\t\tvar side            = ( $(window).innerWidth() - container_width ) \/ 2;\n\n\t\t\t\t\t$diapo.css( {\n\t\t\t\t\t\t'margin-left': '-' + side + 'px',\n\t\t\t\t\t\t'margin-right': '-' + side + 'px',\n\t\t\t\t\t} );\n\t\t\t\t};\n\n\t\t\t\t$( window ).resize( function() {\n\t\t\t\t\tmarginPortfolio();\n\t\t\t\t} );\n\t\t\t\tmarginPortfolio();\n\t\t\t});\n\t\t\t<\/script>\n\t\t\t\n","protected":false},"excerpt":{"rendered":"<p>Erholung und Entspannung auf dem Campingplatz Bei uns gibt es keine Schaumpartys im Pool und keinen Kinderclub. Hier besteht die Hauptbesch\u00e4ftigung darin, unter B\u00e4umen zu entspannen, den V\u00f6geln zu lauschen und ein Buch zu lesen. Im Vaugrais bieten wir Ihnen eine Oase der Ruhe, in der die Natur K\u00f6nigin ist: Unter den B\u00e4umen k\u00f6nnen Sie [&hellip;]<\/p>\n","protected":false},"author":1,"featured_media":0,"parent":0,"menu_order":0,"comment_status":"closed","ping_status":"closed","template":"","meta":{"_seopress_robots_primary_cat":"","_seopress_titles_title":"Campingplatz mit kostenlosen Aktivit\u00e4ten und Tages- und Abendanimation","_seopress_titles_desc":"Campingplatz mit kostenlosen Aktivit\u00e4ten und Tages- und Abendanimation, genie\u00dfen Sie diese Aktivit\u00e4ten mit der ganzen Familie.","_seopress_robots_index":"","_crdt_document":"","footnotes":""},"class_list":["post-13301","page","type-page","status-publish","hentry"],"_links":{"self":[{"href":"https:\/\/camping-savoie-levaugrais.com\/de\/wp-json\/wp\/v2\/pages\/13301","targetHints":{"allow":["GET"]}}],"collection":[{"href":"https:\/\/camping-savoie-levaugrais.com\/de\/wp-json\/wp\/v2\/pages"}],"about":[{"href":"https:\/\/camping-savoie-levaugrais.com\/de\/wp-json\/wp\/v2\/types\/page"}],"author":[{"embeddable":true,"href":"https:\/\/camping-savoie-levaugrais.com\/de\/wp-json\/wp\/v2\/users\/1"}],"replies":[{"embeddable":true,"href":"https:\/\/camping-savoie-levaugrais.com\/de\/wp-json\/wp\/v2\/comments?post=13301"}],"version-history":[{"count":4,"href":"https:\/\/camping-savoie-levaugrais.com\/de\/wp-json\/wp\/v2\/pages\/13301\/revisions"}],"predecessor-version":[{"id":17857,"href":"https:\/\/camping-savoie-levaugrais.com\/de\/wp-json\/wp\/v2\/pages\/13301\/revisions\/17857"}],"wp:attachment":[{"href":"https:\/\/camping-savoie-levaugrais.com\/de\/wp-json\/wp\/v2\/media?parent=13301"}],"curies":[{"name":"wp","href":"https:\/\/api.w.org\/{rel}","templated":true}]}}