{"id":13303,"date":"2024-10-10T11:51:36","date_gmt":"2024-10-10T09:51:36","guid":{"rendered":"https:\/\/camping-savoie-levaugrais.com\/die-dienstleistungen-eines-3-sterne-campingplatzes\/"},"modified":"2025-11-10T18:55:08","modified_gmt":"2025-11-10T17:55:08","slug":"die-dienstleistungen-eines-3-sterne-campingplatzes","status":"publish","type":"page","link":"https:\/\/camping-savoie-levaugrais.com\/de\/die-dienstleistungen-eines-3-sterne-campingplatzes\/","title":{"rendered":"Die Dienstleistungen eines 3-Sterne-Campingplatzes"},"content":{"rendered":"<div class=\"wp-block-image\">\n<figure class=\"aligncenter size-large is-resized\"><img loading=\"lazy\" decoding=\"async\" width=\"1024\" height=\"576\" src=\"https:\/\/camping-savoie-levaugrais.com\/wp-content\/uploads\/2025\/01\/nhesitez-pas-a-nous-contacter-en-allemand-1024x576.jpg\" alt=\"\" class=\"wp-image-16546\" style=\"width:249px;height:auto\" srcset=\"https:\/\/camping-savoie-levaugrais.com\/wp-content\/uploads\/2025\/01\/nhesitez-pas-a-nous-contacter-en-allemand-1024x576.jpg 1024w, https:\/\/camping-savoie-levaugrais.com\/wp-content\/uploads\/2025\/01\/nhesitez-pas-a-nous-contacter-en-allemand-300x169.jpg 300w, https:\/\/camping-savoie-levaugrais.com\/wp-content\/uploads\/2025\/01\/nhesitez-pas-a-nous-contacter-en-allemand-768x432.jpg 768w, https:\/\/camping-savoie-levaugrais.com\/wp-content\/uploads\/2025\/01\/nhesitez-pas-a-nous-contacter-en-allemand-1536x864.jpg 1536w, https:\/\/camping-savoie-levaugrais.com\/wp-content\/uploads\/2025\/01\/nhesitez-pas-a-nous-contacter-en-allemand.jpg 1920w\" sizes=\"auto, (max-width: 1024px) 100vw, 1024px\" \/><\/figure>\n<\/div>\n\n\n<h2 class=\"wp-block-heading\">Campingplatz in der N\u00e4he von Savoyen mit 3-Sterne-Service<\/h2>\n\n\n\n<p class=\"wp-block-paragraph\"><\/p>\n\n\n\n<div class=\"wp-block-media-text is-stacked-on-mobile\"><figure class=\"wp-block-media-text__media\"><img loading=\"lazy\" decoding=\"async\" width=\"1200\" height=\"800\" src=\"https:\/\/camping-savoie-levaugrais.com\/wp-content\/uploads\/2025\/11\/accueil-terrasse-ombragee-lauriers-roses-camping-le-vaugrais.jpg.webp\" alt=\"accueil-terrasse-ombrag\u00e9e-lauriers-roses-camping-le-vaugrais.jpg.\" class=\"wp-image-17803 size-full\"\/><\/figure><div class=\"wp-block-media-text__content\">\n<p class=\"wp-block-paragraph\"><strong>Die Rezeption<\/strong><\/p>\n\n\n\n<p class=\"wp-block-paragraph\">Unsere Rezeption steht Ihnen f\u00fcr alle Fragen zu unserem Campingplatz gerne zur Verf\u00fcgung:<\/p>\n\n\n\n<p class=\"wp-block-paragraph\">Von April bis September:\nT\u00e4glich von 9 bis 12 Uhr und von 14 bis 19 Uhr ge\u00f6ffnet (im Juli und August bis 22 Uhr)\nVon Oktober bis M\u00e4rz:\nWir sind telefonisch unter 04\/79\/87\/37\/34 erreichbar\nBitte beachten Sie:\nF\u00fcr Mietunterk\u00fcnfte: Die Anreise ist ab 16:00 Uhr m\u00f6glich, die Abreise muss vor 10:00 Uhr erfolgen.\nF\u00fcr Stellpl\u00e4tze: Die Anreise ist ab 14:00 Uhr m\u00f6glich, die Abreise muss vor 12:00 Uhr erfolgen.<\/p>\n<\/div><\/div>\n\n\n\n<div class=\"wp-block-media-text has-media-on-the-right is-stacked-on-mobile\"><div class=\"wp-block-media-text__content\">\n<p class=\"wp-block-paragraph\"><strong>Der Imbiss<\/strong><\/p>\n\n\n\n<p class=\"wp-block-paragraph\">Hier finden Sie garantiert etwas, das Ihren Geschmack trifft.<br>Ob auf der Terrasse oder einfach zum Mitnehmen, um Ihnen das Leben zu erleichtern, bieten wir ein Gericht der Woche und ein attraktives Snackangebot.<\/p>\n\n\n\n<p class=\"wp-block-paragraph\">F\u00fcr den s\u00fc\u00dfen Abschluss Ihrer Mahlzeit oder einfach f\u00fcr den Genuss zu jeder Tageszeit bieten wir Ihnen eine Auswahl an Eissorten, die Sie mit einem k\u00fchlen Getr\u00e4nk oder einem Kaffee auf der Terrasse genie\u00dfen k\u00f6nnen.<\/p>\n<\/div><figure class=\"wp-block-media-text__media\"><img loading=\"lazy\" decoding=\"async\" width=\"1200\" height=\"800\" src=\"https:\/\/camping-savoie-levaugrais.com\/wp-content\/uploads\/2025\/11\/terrasse-couverte-snack-bar-camping-le-vaugrais-glaces-boisson.jpg.webp\" alt=\"Terrasse couverte du snack bar du camping Le Vaugrais \" class=\"wp-image-17763 size-full\"\/><\/figure><\/div>\n\n\n\n<div class=\"wp-block-media-text is-stacked-on-mobile\"><figure class=\"wp-block-media-text__media\"><img loading=\"lazy\" decoding=\"async\" width=\"1200\" height=\"800\" src=\"https:\/\/camping-savoie-levaugrais.com\/wp-content\/uploads\/2025\/11\/laverie-machines-a-laver-seche-linge-camping-le-vaugrais.jpg.webp\" alt=\"Laverie du Camping Le Vaugrais \u00e0 Artemare : machines \u00e0 laver et s\u00e8che-linge pour plus de confort\" class=\"wp-image-17807 size-full\"\/><\/figure><div class=\"wp-block-media-text__content\">\n<p class=\"wp-block-paragraph\"><strong>F\u00fcr Ihren Komfort<\/strong><\/p>\n\n\n\n<p class=\"wp-block-paragraph\">WLAN auf dem gesamten Gel\u00e4nde (kostenpflichtig)\nVerleih von Haartrocknern und B\u00fcgelbrettern\nVerleih von Babyausstattung: Hochstuhl, Badewanne, Reisebett (15 \u20ac pro Aufenthalt)\nWaschsalon: Waschmaschinen (8 kg) 5 \u20ac und W\u00e4schetrockner (5 kg) 4 \u20ac\nK\u00fchlschrankverleih (8 \u20ac \/ Tag)\nVerleih von traditioneller Bettw\u00e4sche (10 \u20ac \/ Bett \/ 1 Person und 12 \u20ac \/ Bett 2 Personen); 5 \u20ac f\u00fcr Einweg-Bettw\u00e4schegarnitur\nM\u00f6glichkeit, Ihren Eisblock oder Ihre Flasche an der Rezeption zu k\u00fchlen (0,20 \u20ac \/ Flasche)<\/p>\n<\/div><\/div>\n\n\n\n<div class=\"wp-block-media-text has-media-on-the-right is-stacked-on-mobile\"><div class=\"wp-block-media-text__content\">\n<p class=\"wp-block-paragraph\"><strong>N\u00fctzliche Tipps, die Sie auf dem Campingplatz finden<\/strong><\/p>\n\n\n\n<p class=\"wp-block-paragraph\">An der Rezeption finden Sie:<\/p>\n\n\n\n<p class=\"wp-block-paragraph\">Die Hausordnung\nLeihgabe von Stromadaptern\nTouristische Informationen\nWander- und Mountainbike-F\u00fchrer\nVeranstaltungskalender (Markttage)\nNotrufnummern\nEine Erste-Hilfe-Apotheke<\/p>\n<\/div><figure class=\"wp-block-media-text__media\"><img loading=\"lazy\" decoding=\"async\" width=\"1200\" height=\"800\" src=\"https:\/\/camping-savoie-levaugrais.com\/wp-content\/uploads\/2025\/11\/accueil-chaleureux-camping-le-vaugrais-brochures-touristiques-terrasse.jpg.webp\" alt=\"Accueil chaleureux au camping Le Vaugrais avec services et informations touristiques\" class=\"wp-image-17755 size-full\"\/><\/figure><\/div>\n\n\n\n<div class=\"wp-block-media-text is-stacked-on-mobile\"><figure class=\"wp-block-media-text__media\"><img loading=\"lazy\" decoding=\"async\" width=\"1200\" height=\"800\" src=\"https:\/\/camping-savoie-levaugrais.com\/wp-content\/uploads\/2025\/11\/bloc-sanitaire-camping-le-vaugrais.jpg.webp\" alt=\"Bloc sanitaire avec \u00e9viers et installations pour tous au Camping Le Vaugrais \u00e0 Artemare\" class=\"wp-image-17811 size-full\"\/><\/figure><div class=\"wp-block-media-text__content\">\n<p class=\"wp-block-paragraph\"><strong>Auf dem gesamten Campingplatz stehen Ihnen 3 Sanit\u00e4ranlagen zur Verf\u00fcgung.<\/strong><\/p>\n\n\n\n<p class=\"wp-block-paragraph\">Die Sanit\u00e4ranlagen (Duschen, Toiletten, Sp\u00fclbecken und W\u00e4schebecken) sind f\u00fcr Personen mit eingeschr\u00e4nkter Mobilit\u00e4t geeignet.<\/p>\n<\/div><\/div>\n\n\n\n<div class=\"wp-block-media-text has-media-on-the-right is-stacked-on-mobile\"><div class=\"wp-block-media-text__content\">\n<p class=\"wp-block-paragraph\"><strong>Gesch\u00e4fte und Dienstleistungen in der N\u00e4he \u2013<\/strong><\/p>\n\n\n\n<p class=\"wp-block-paragraph\">weniger als 5 Autominuten entfernt in Artemare (1.000 Einwohner)<\/p>\n\n\n\n<p class=\"wp-block-paragraph\">Auberge du S\u00e9ran\nCarrefour Contact\nB\u00e4ckereien\nTabak-\/Zeitschriftenladen\nFeinkostgesch\u00e4ft\nApotheke\nArztpraxis: \u00c4rzte, Krankenschwestern, Physiotherapeuten\nTierarzt\nPostagentur\nPeugeot-Werkstatt\nLokaler Lebensmittelladen und Unverpackt-Laden<\/p>\n<\/div><figure class=\"wp-block-media-text__media\"><img loading=\"lazy\" decoding=\"async\" width=\"1200\" height=\"800\" src=\"https:\/\/camping-savoie-levaugrais.com\/wp-content\/uploads\/2025\/11\/vin-du-bugey-comte-fromage-terroir-camping-le-vaugrais.jpg.webp\" alt=\"Produits r\u00e9gionaux du Bugey : fromage Comt\u00e9 et vin du Bugey,\" class=\"wp-image-17751 size-full\"\/><\/figure><\/div>\n\n\n\t\t\t<div id=\"sevgallery-155197688\" class=\"sev-diaporama sev-diaporama-portfolio\">\n\t\t\t<div class=\"row\">\n\n\t\t\t\n\t\t\t\t\n\t\t\t\t<div class=\"sev-diaporama-portfolio-item col-12 col-lg  col-grow\">\n\t\t\t\t\t<!--<a href=\"https:\/\/camping-savoie-levaugrais.com\/wp-content\/uploads\/2021\/07\/IMG_9262.jpg\" data-lightbox=\"sevgallery-155197688\" style=\"background-image: url(https:\/\/camping-savoie-levaugrais.com\/wp-content\/uploads\/2021\/07\/IMG_9262.jpg)\">-->\n\t\t\t\t\t<a href=\"https:\/\/camping-savoie-levaugrais.com\/wp-content\/uploads\/2021\/07\/IMG_9262.jpg\" data-lightbox=\"sevgallery-155197688\">\n\t\t\t\t\t\t<img decoding=\"async\" src=\"https:\/\/camping-savoie-levaugrais.com\/wp-content\/uploads\/2021\/07\/IMG_9262.jpg\" alt=\"Emplacement camping Savoie 5\" loading=\"lazy\">\n\t\t\t\t\t<\/a>\n\t\t\t\t<\/div>\n\n\t\t\t\t\n\t\t\t\t\t\t\t\t\t\t\t\n\t\t\t\t\n\t\t\t\t<div class=\"sev-diaporama-portfolio-item col-12 col-lg  col-grow\">\n\t\t\t\t\t<!--<a href=\"https:\/\/camping-savoie-levaugrais.com\/wp-content\/uploads\/2021\/07\/IMG_9560.jpg\" data-lightbox=\"sevgallery-155197688\" style=\"background-image: url(https:\/\/camping-savoie-levaugrais.com\/wp-content\/uploads\/2021\/07\/IMG_9560.jpg)\">-->\n\t\t\t\t\t<a href=\"https:\/\/camping-savoie-levaugrais.com\/wp-content\/uploads\/2021\/07\/IMG_9560.jpg\" data-lightbox=\"sevgallery-155197688\">\n\t\t\t\t\t\t<img decoding=\"async\" src=\"https:\/\/camping-savoie-levaugrais.com\/wp-content\/uploads\/2021\/07\/IMG_9560.jpg\" alt=\"sanitaire du camping en savoie 4\" loading=\"lazy\">\n\t\t\t\t\t<\/a>\n\t\t\t\t<\/div>\n\n\t\t\t\t\n\t\t\t\t\t\t\t\t\t\t\t\n\t\t\t\t\n\t\t\t\t<div class=\"sev-diaporama-portfolio-item col-12 col-lg \">\n\t\t\t\t\t<!--<a href=\"https:\/\/camping-savoie-levaugrais.com\/wp-content\/uploads\/2021\/07\/barbecue.jpg\" data-lightbox=\"sevgallery-155197688\" style=\"background-image: url(https:\/\/camping-savoie-levaugrais.com\/wp-content\/uploads\/2021\/07\/barbecue.jpg)\">-->\n\t\t\t\t\t<a href=\"https:\/\/camping-savoie-levaugrais.com\/wp-content\/uploads\/2021\/07\/barbecue.jpg\" data-lightbox=\"sevgallery-155197688\">\n\t\t\t\t\t\t<img decoding=\"async\" src=\"https:\/\/camping-savoie-levaugrais.com\/wp-content\/uploads\/2021\/07\/barbecue.jpg\" alt=\"barbecue\" loading=\"lazy\">\n\t\t\t\t\t<\/a>\n\t\t\t\t<\/div>\n\n\t\t\t\t\t\t\t\t\t<div class=\"w-100\"><\/div>\n\t\t\t\t\t\t\t\t\t\n\t\t\t\t\t\t\t\t\t\t\t\n\t\t\t\t\n\t\t\t\t<div class=\"sev-diaporama-portfolio-item col-12 col-lg  col-shrink\">\n\t\t\t\t\t<!--<a href=\"https:\/\/camping-savoie-levaugrais.com\/wp-content\/uploads\/2024\/09\/IMG_2322-retouche-internet-2.jpg\" data-lightbox=\"sevgallery-155197688\" style=\"background-image: url(https:\/\/camping-savoie-levaugrais.com\/wp-content\/uploads\/2024\/09\/IMG_2322-retouche-internet-2.jpg)\">-->\n\t\t\t\t\t<a href=\"https:\/\/camping-savoie-levaugrais.com\/wp-content\/uploads\/2024\/09\/IMG_2322-retouche-internet-2.jpg\" data-lightbox=\"sevgallery-155197688\">\n\t\t\t\t\t\t<img decoding=\"async\" src=\"https:\/\/camping-savoie-levaugrais.com\/wp-content\/uploads\/2024\/09\/IMG_2322-retouche-internet-2.jpg\" alt=\"snack\" loading=\"lazy\">\n\t\t\t\t\t<\/a>\n\t\t\t\t<\/div>\n\n\t\t\t\t\n\t\t\t\t\t\t\t\t\t\t\t\n\t\t\t\t\n\t\t\t\t<div class=\"sev-diaporama-portfolio-item col-12 col-lg  col-grow\">\n\t\t\t\t\t<!--<a href=\"https:\/\/camping-savoie-levaugrais.com\/wp-content\/uploads\/2024\/09\/IMG_2196-internet.jpg\" data-lightbox=\"sevgallery-155197688\" style=\"background-image: url(https:\/\/camping-savoie-levaugrais.com\/wp-content\/uploads\/2024\/09\/IMG_2196-internet.jpg)\">-->\n\t\t\t\t\t<a href=\"https:\/\/camping-savoie-levaugrais.com\/wp-content\/uploads\/2024\/09\/IMG_2196-internet.jpg\" data-lightbox=\"sevgallery-155197688\">\n\t\t\t\t\t\t<img decoding=\"async\" src=\"https:\/\/camping-savoie-levaugrais.com\/wp-content\/uploads\/2024\/09\/IMG_2196-internet.jpg\" alt=\"snack\" loading=\"lazy\">\n\t\t\t\t\t<\/a>\n\t\t\t\t<\/div>\n\n\t\t\t\t\n\t\t\t\t\t\t\t\t\t\t\t\n\t\t\t\t\n\t\t\t\t<div class=\"sev-diaporama-portfolio-item col-12 col-lg  col-shrink\">\n\t\t\t\t\t<!--<a href=\"https:\/\/camping-savoie-levaugrais.com\/wp-content\/uploads\/2022\/10\/Camping-le-Vaugrais_58retoucheweb-2.jpg\" data-lightbox=\"sevgallery-155197688\" style=\"background-image: url(https:\/\/camping-savoie-levaugrais.com\/wp-content\/uploads\/2022\/10\/Camping-le-Vaugrais_58retoucheweb-2.jpg)\">-->\n\t\t\t\t\t<a href=\"https:\/\/camping-savoie-levaugrais.com\/wp-content\/uploads\/2022\/10\/Camping-le-Vaugrais_58retoucheweb-2.jpg\" data-lightbox=\"sevgallery-155197688\">\n\t\t\t\t\t\t<img decoding=\"async\" src=\"https:\/\/camping-savoie-levaugrais.com\/wp-content\/uploads\/2022\/10\/Camping-le-Vaugrais_58retoucheweb-2.jpg\" alt=\"Camping le Vaugrais\" loading=\"lazy\">\n\t\t\t\t\t<\/a>\n\t\t\t\t<\/div>\n\n\t\t\t\t\t\t\t\t\t<div class=\"w-100\"><\/div>\n\t\t\t\t\t\t\t\t\t\n\t\t\t\t\t\t\t\t\t\t\t\n\t\t\t\t\n\t\t\t\t<div class=\"sev-diaporama-portfolio-item col-12 col-lg  col-grow\">\n\t\t\t\t\t<!--<a href=\"https:\/\/camping-savoie-levaugrais.com\/wp-content\/uploads\/2022\/10\/Camping-le-Vaugrais_24retoucheweb-1.jpg\" data-lightbox=\"sevgallery-155197688\" style=\"background-image: url(https:\/\/camping-savoie-levaugrais.com\/wp-content\/uploads\/2022\/10\/Camping-le-Vaugrais_24retoucheweb-1.jpg)\">-->\n\t\t\t\t\t<a href=\"https:\/\/camping-savoie-levaugrais.com\/wp-content\/uploads\/2022\/10\/Camping-le-Vaugrais_24retoucheweb-1.jpg\" data-lightbox=\"sevgallery-155197688\">\n\t\t\t\t\t\t<img decoding=\"async\" src=\"https:\/\/camping-savoie-levaugrais.com\/wp-content\/uploads\/2022\/10\/Camping-le-Vaugrais_24retoucheweb-1.jpg\" alt=\"Camping le Vaugrais\" loading=\"lazy\">\n\t\t\t\t\t<\/a>\n\t\t\t\t<\/div>\n\n\t\t\t\t\n\t\t\t\t\t\t\t\t\t\t\t\n\t\t\t\t\n\t\t\t\t<div class=\"sev-diaporama-portfolio-item col-12 col-lg \">\n\t\t\t\t\t<!--<a href=\"https:\/\/camping-savoie-levaugrais.com\/wp-content\/uploads\/2022\/10\/Camping-le-Vaugrais_22retoucheweb-1.jpg\" data-lightbox=\"sevgallery-155197688\" style=\"background-image: url(https:\/\/camping-savoie-levaugrais.com\/wp-content\/uploads\/2022\/10\/Camping-le-Vaugrais_22retoucheweb-1.jpg)\">-->\n\t\t\t\t\t<a href=\"https:\/\/camping-savoie-levaugrais.com\/wp-content\/uploads\/2022\/10\/Camping-le-Vaugrais_22retoucheweb-1.jpg\" data-lightbox=\"sevgallery-155197688\">\n\t\t\t\t\t\t<img decoding=\"async\" src=\"https:\/\/camping-savoie-levaugrais.com\/wp-content\/uploads\/2022\/10\/Camping-le-Vaugrais_22retoucheweb-1.jpg\" alt=\"Camping le Vaugrais\" loading=\"lazy\">\n\t\t\t\t\t<\/a>\n\t\t\t\t<\/div>\n\n\t\t\t\t\n\t\t\t\t\t\t\t\t\t\t\t\n\t\t\t\t\n\t\t\t\t<div class=\"sev-diaporama-portfolio-item col-12 col-lg  col-shrink\">\n\t\t\t\t\t<!--<a href=\"https:\/\/camping-savoie-levaugrais.com\/wp-content\/uploads\/2022\/10\/093-retoucheweb-1.jpg\" data-lightbox=\"sevgallery-155197688\" style=\"background-image: url(https:\/\/camping-savoie-levaugrais.com\/wp-content\/uploads\/2022\/10\/093-retoucheweb-1.jpg)\">-->\n\t\t\t\t\t<a href=\"https:\/\/camping-savoie-levaugrais.com\/wp-content\/uploads\/2022\/10\/093-retoucheweb-1.jpg\" data-lightbox=\"sevgallery-155197688\">\n\t\t\t\t\t\t<img decoding=\"async\" src=\"https:\/\/camping-savoie-levaugrais.com\/wp-content\/uploads\/2022\/10\/093-retoucheweb-1.jpg\" alt=\"Camping le Vaugrais\" loading=\"lazy\">\n\t\t\t\t\t<\/a>\n\t\t\t\t<\/div>\n\n\t\t\t\t\t\t\t\t\t<div class=\"w-100\"><\/div>\n\t\t\t\t\t\t\t\t\t\n\t\t\t\t\t\t\t\t\t\t\t\t\t\t<\/div>\n\t\t\t<\/div>\n\n\t\t\t<script>\n\t\t\tjQuery(function($) {\n\n\t\t\t\tvar marginPortfolio = function() {\n\n\t\t\t\t\tvar $diapo          = $('#sevgallery-155197688');\n\t\t\t\t\tvar container_width = $diapo.parent().outerWidth();\n\t\t\t\t\tvar side            = ( $(window).innerWidth() - container_width ) \/ 2;\n\n\t\t\t\t\t$diapo.css( {\n\t\t\t\t\t\t'margin-left': '-' + side + 'px',\n\t\t\t\t\t\t'margin-right': '-' + side + 'px',\n\t\t\t\t\t} );\n\t\t\t\t};\n\n\t\t\t\t$( window ).resize( function() {\n\t\t\t\t\tmarginPortfolio();\n\t\t\t\t} );\n\t\t\t\tmarginPortfolio();\n\t\t\t});\n\t\t\t<\/script>\n\t\t\t\n","protected":false},"excerpt":{"rendered":"<p>Campingplatz in der N\u00e4he von Savoyen mit 3-Sterne-Service Die Rezeption Unsere Rezeption steht Ihnen f\u00fcr alle Fragen zu unserem Campingplatz gerne zur Verf\u00fcgung: Von April bis September: T\u00e4glich von 9 bis 12 Uhr und von 14 bis 19 Uhr ge\u00f6ffnet (im Juli und August bis 22 Uhr) Von Oktober bis M\u00e4rz: Wir sind telefonisch unter [&hellip;]<\/p>\n","protected":false},"author":1,"featured_media":0,"parent":0,"menu_order":0,"comment_status":"closed","ping_status":"closed","template":"","meta":{"_seopress_robots_primary_cat":"","_seopress_titles_title":"Camping proche de la Savoie avec des services 3* Le Vaugrais","_seopress_titles_desc":"Lors de votre s\u00e9jour au sein de notre camping 3 \u00e9toiles, d\u00e9couvrez nos services pour faire de vos vacances une r\u00e9ussite.","_seopress_robots_index":"","_crdt_document":"","footnotes":""},"class_list":["post-13303","page","type-page","status-publish","hentry"],"_links":{"self":[{"href":"https:\/\/camping-savoie-levaugrais.com\/de\/wp-json\/wp\/v2\/pages\/13303","targetHints":{"allow":["GET"]}}],"collection":[{"href":"https:\/\/camping-savoie-levaugrais.com\/de\/wp-json\/wp\/v2\/pages"}],"about":[{"href":"https:\/\/camping-savoie-levaugrais.com\/de\/wp-json\/wp\/v2\/types\/page"}],"author":[{"embeddable":true,"href":"https:\/\/camping-savoie-levaugrais.com\/de\/wp-json\/wp\/v2\/users\/1"}],"replies":[{"embeddable":true,"href":"https:\/\/camping-savoie-levaugrais.com\/de\/wp-json\/wp\/v2\/comments?post=13303"}],"version-history":[{"count":4,"href":"https:\/\/camping-savoie-levaugrais.com\/de\/wp-json\/wp\/v2\/pages\/13303\/revisions"}],"predecessor-version":[{"id":17859,"href":"https:\/\/camping-savoie-levaugrais.com\/de\/wp-json\/wp\/v2\/pages\/13303\/revisions\/17859"}],"wp:attachment":[{"href":"https:\/\/camping-savoie-levaugrais.com\/de\/wp-json\/wp\/v2\/media?parent=13303"}],"curies":[{"name":"wp","href":"https:\/\/api.w.org\/{rel}","templated":true}]}}