{"id":13305,"date":"2024-10-10T11:51:37","date_gmt":"2024-10-10T09:51:37","guid":{"rendered":"https:\/\/camping-savoie-levaugrais.com\/lage-und-zugang-zum-campingplatz-zwischen-ain-und-savoyen\/"},"modified":"2024-10-10T11:51:38","modified_gmt":"2024-10-10T09:51:38","slug":"lage-und-zugang-zum-campingplatz-zwischen-ain-und-savoyen","status":"publish","type":"page","link":"https:\/\/camping-savoie-levaugrais.com\/de\/lage-und-zugang-zum-campingplatz-zwischen-ain-und-savoyen\/","title":{"rendered":"Lage und Zugang zum Campingplatz zwischen Ain und Savoyen"},"content":{"rendered":"\n<h2 class=\"wp-block-heading\">Besuchen Sie Le Vaugrais, unseren Campingplatz im Departement Ain.<\/h2>\n\n<p class=\"wp-block-paragraph\">Einige n\u00fctzliche Informationen f\u00fcr den Zugang zu unserem <strong><a href=\"https:\/\/camping-savoie-levaugrais.com\/de\/\">Campingplatz in Ain<\/a><\/strong> am Rande von Savoyen.<\/p>\n\n<p class=\"wp-block-paragraph\"><strong>GPS-Koordinaten:<\/strong> 45.87328 \/ 5.694784<\/p>\n\n<iframe src=\"https:\/\/www.google.com\/maps\/embed?pb=!1m18!1m12!1m3!1d44445.3815592108!2d5.648003576879452!3d45.87458367910797!2m3!1f0!2f0!3f0!3m2!1i1024!2i768!4f13.1!3m3!1m2!1s0x478b6ed7f29a29cd%3A0x311922111a074056!2sCamping%20Le%20Vaugrais!5e0!3m2!1sfr!2sfr!4v1626100400315!5m2!1sfr!2sfr\" style=\"border:0;\" allowfullscreen=\"\" loading=\"lazy\" width=\"1920\" height=\"600\"><\/iframe>\n<p><ctv-maps><\/ctv-maps><\/p>\n","protected":false},"excerpt":{"rendered":"<p>Besuchen Sie Le Vaugrais, unseren Campingplatz im Departement Ain. Einige n\u00fctzliche Informationen f\u00fcr den Zugang zu unserem Campingplatz in Ain am Rande von Savoyen. GPS-Koordinaten: 45.87328 \/ 5.694784<\/p>\n","protected":false},"author":1,"featured_media":0,"parent":0,"menu_order":0,"comment_status":"closed","ping_status":"closed","template":"","meta":{"_seopress_robots_primary_cat":"","_seopress_titles_title":"Lage und Zugang zum Campingplatz Le Vaugrais zwischen Ain und Savoyen","_seopress_titles_desc":"Entdecken Sie unseren famili\u00e4ren 3-Sterne-Campingplatz mit Bar, Restaurant und Schwimmbad zwischen Ain und Savoyen. Entdecken Sie die au\u00dfergew\u00f6hnlichen Landschaften. ","_seopress_robots_index":"","_crdt_document":"","footnotes":""},"class_list":["post-13305","page","type-page","status-publish","hentry"],"_links":{"self":[{"href":"https:\/\/camping-savoie-levaugrais.com\/de\/wp-json\/wp\/v2\/pages\/13305","targetHints":{"allow":["GET"]}}],"collection":[{"href":"https:\/\/camping-savoie-levaugrais.com\/de\/wp-json\/wp\/v2\/pages"}],"about":[{"href":"https:\/\/camping-savoie-levaugrais.com\/de\/wp-json\/wp\/v2\/types\/page"}],"author":[{"embeddable":true,"href":"https:\/\/camping-savoie-levaugrais.com\/de\/wp-json\/wp\/v2\/users\/1"}],"replies":[{"embeddable":true,"href":"https:\/\/camping-savoie-levaugrais.com\/de\/wp-json\/wp\/v2\/comments?post=13305"}],"version-history":[{"count":1,"href":"https:\/\/camping-savoie-levaugrais.com\/de\/wp-json\/wp\/v2\/pages\/13305\/revisions"}],"predecessor-version":[{"id":13306,"href":"https:\/\/camping-savoie-levaugrais.com\/de\/wp-json\/wp\/v2\/pages\/13305\/revisions\/13306"}],"wp:attachment":[{"href":"https:\/\/camping-savoie-levaugrais.com\/de\/wp-json\/wp\/v2\/media?parent=13305"}],"curies":[{"name":"wp","href":"https:\/\/api.w.org\/{rel}","templated":true}]}}