{"id":13307,"date":"2024-10-10T11:51:37","date_gmt":"2024-10-10T09:51:37","guid":{"rendered":"https:\/\/camping-savoie-levaugrais.com\/haeufig-gestellte-fragen\/"},"modified":"2024-10-10T11:51:38","modified_gmt":"2024-10-10T09:51:38","slug":"haeufig-gestellte-fragen","status":"publish","type":"page","link":"https:\/\/camping-savoie-levaugrais.com\/de\/haeufig-gestellte-fragen\/","title":{"rendered":"H\u00e4ufig gestellte Fragen"},"content":{"rendered":"\n<h2 class=\"wp-block-heading\">Reservierung<\/h2>\n\n<p class=\"wp-block-paragraph\"><strong>Wie kann ich mehrere Unterk\u00fcnfte oder Stellpl\u00e4tze buchen?<\/strong><br\/>Wenn Sie mehrere Unterk\u00fcnfte oder Stellpl\u00e4tze buchen m\u00f6chten, m\u00fcssen Sie pro Buchung ein Formular ausf\u00fcllen. Wenn Sie z.B. mit Ihren Freunden nebeneinander liegen m\u00f6chten, schreiben Sie dies einfach in den &#8222;Kommentar&#8220;-Bereich jedes Buchungsformulars. Im Rahmen der Verf\u00fcgbarkeit wird der Campingplatz Ihre W\u00fcnsche erf\u00fcllen.  <\/p>\n\n<p class=\"wp-block-paragraph\"><strong>Wie kann ich buchen?<\/strong><br\/>Sie k\u00f6nnen auf drei Arten buchen: Entweder online<a href=\"http:\/\/premium.secureholiday.net\/fr\/3676\/\" target=\"_blank\" rel=\"noreferrer noopener\">, indem Sie auf &#8222;Verf\u00fcgbarkeiten, Preise<\/a>&#8220; klicken oder telefonisch unter 04-79-87-37-34(*) oder per Post: Drucken Sie einfach den Buchungsantrag aus, den Sie auf der Website unter &#8222;Downloads&#8220; finden, f\u00fcllen Sie ihn aus und schicken Sie ihn uns per Post mit der Anzahlung von 30 % zur\u00fcck. Die Reservierungsanfragen werden in der Reihenfolge ihres Eingangs auf dem Campingplatz bearbeitet, sofern die Unterlagen vollst\u00e4ndig sind (*). <\/p>\n\n<p class=\"wp-block-paragraph\"><strong>Wie kann ich die Verf\u00fcgbarkeit \u00fcberpr\u00fcfen oder einen Kostenvoranschlag erhalten?<\/strong><br\/>Um die Verf\u00fcgbarkeit zu \u00fcberpr\u00fcfen oder einen Kostenvoranschlag zu erhalten, ist nichts einfacher als das! Gehen Sie auf unsere Website und klicken Sie auf die Schaltfl\u00e4che &#8222;Verf\u00fcgbarkeit pr\u00fcfen und buchen&#8220;. <\/p>\n\n<p class=\"wp-block-paragraph\"><strong>Ist eine Reiser\u00fccktrittsversicherung obligatorisch?<\/strong><br\/>Dies ist eine fakultative Option, f\u00fcr die Sie einen Aufpreis zahlen m\u00fcssen.<\/p>\n\n<p class=\"wp-block-paragraph\"><strong>Werden Urlaubsschecks akzeptiert?<\/strong><br\/>Der Campingplatz akzeptiert Urlaubsschecks f\u00fcr die Bezahlung Ihres Aufenthaltes, aber auch f\u00fcr die Anzahlung.<\/p>\n\n<p class=\"wp-block-paragraph\"><strong>Welche Zahlungsmethode akzeptieren Sie?<\/strong><br\/>Sie k\u00f6nnen Ihren Aufenthalt in bar, per Bank\u00fcberweisung, per Kreditkarte, per Urlaubsscheck und per Scheck bezahlen.<\/p>\n\n<p class=\"wp-block-paragraph\"><strong>Wann m\u00fcssen wir unseren Aufenthalt abrechnen?<\/strong><br\/>Es ist erforderlich, dass Ihr Aufenthalt 1 Monat vor Ihrer Ankunft bezahlt wird. Sie werden per E-Mail daran erinnert, dass Sie die Rechnung begleichen m\u00fcssen, falls dies noch nicht geschehen ist. <\/p>\n\n<p class=\"wp-block-paragraph\"><strong>Kann man mit Vacaf-Gutscheinen bezahlen?<\/strong><br\/>Wir akzeptieren sie nicht als Zahlungsmittel. Wir vervollst\u00e4ndigen Ihre Dokumente und k\u00f6nnen Ihnen eine Aufenthaltsbescheinigung ausstellen. Unsere Einrichtung ist nicht mit dem Vacaf-Label ausgezeichnet.  <\/p>\n\n<p class=\"wp-block-paragraph\"><\/p>\n\n<h2 class=\"wp-block-heading\">Die Mietobjekte<\/h2>\n\n<p class=\"wp-block-paragraph\"><strong>Was finden Sie in den Mietunterk\u00fcnften?<\/strong><br\/>Alle sind mit Geschirr, einem K\u00fchlschrank, einer Mikrowelle und einem Gasherd ausgestattet, aber auch mit einer Holzterrasse mit Gartenm\u00f6beln.<\/p>\n\n<p class=\"wp-block-paragraph\"><strong>Sind die Mietunterk\u00fcnfte mit Decken ausgestattet?<\/strong><br\/>Ja, Bettdecken, Decken und Kopfkissen sind in den Ferienh\u00e4usern immer vorhanden. Einweglaken und Kopfkissenbez\u00fcge sind vorhanden, aber Sie k\u00f6nnen bei der Buchung traditionelle Bettw\u00e4sche (Stoff) mieten: \u20ac10\/Bett. <\/p>\n\n<p class=\"wp-block-paragraph\"><strong>Welches Mietobjekt w\u00e4hlen Sie, wenn Sie 2 Erwachsene, 2 Kinder und 1 Baby sind?<\/strong><br\/>Sie sind 5 Personen. Ein Baby wird als eine Person betrachtet und ein Regenschirmbett ist in einem Mobilheim nicht m\u00f6glich. Aus diesem Grund bieten wir Ihnen ein Chalet an.  <\/p>\n\n<p class=\"wp-block-paragraph\"><strong>Welche Ankunfts- und Abflugzeiten sind m\u00f6glich?<\/strong><br\/>F\u00fcr die Mietunterk\u00fcnfte: In der Hochsaison (Juli und August) : Die Anreise beginnt ab 16.00 Uhr. Die Abreise muss bis 10.00 Uhr erfolgen.<br\/>In der Nebensaison: Die Ankunft kann ab 14.00 Uhr erfolgen (wenn es die Verf\u00fcgbarkeit zul\u00e4sst).<br\/>F\u00fcr die Stellpl\u00e4tze: Die Ankunft kann ab 14.00 Uhr erfolgen, wenn der Platz frei ist, und die Abreise muss vor 12.00 Uhr erfolgen. Bei versp\u00e4teter Ankunft (nach 20 Uhr) bitten wir Sie, den Campingplatz unter der Nummer 04\/79\/87\/37\/34 zu informieren.  <\/p>\n\n<p class=\"wp-block-paragraph\"><strong><strong>Sollen wir von Samstag bis Samstag vermieten?<\/strong><br\/><\/strong>Au\u00dferhalb von Juli und August k\u00f6nnen Sie ab 2 N\u00e4chten mieten.<\/p>\n\n<p class=\"wp-block-paragraph\"><strong>Was ist ein Babyset?<\/strong><br\/>Wir bieten: 1 Kinderbett, 1 Hochstuhl und 1 Badewanne f\u00fcr den Komfort Ihres Babys. Es wird eine Geb\u00fchr von 15\u20ac\/Aufenthalt erhoben, die Sie bei der Buchung anfordern sollten, da die Anzahl begrenzt ist. <\/p>\n\n<p class=\"wp-block-paragraph\"><strong>Bieten Sie Fernsehverleih an?<\/strong><br\/>Der Fernseher ist in allen unseren Unterk\u00fcnften inbegriffen, au\u00dfer im Mobilheim Edelweiss.<\/p>\n\n<h2 class=\"wp-block-heading\">Verschiedene<\/h2>\n\n<p class=\"wp-block-paragraph\"><strong>Sind Badeshorts im Pool erlaubt?<\/strong><br\/>Nein, Badeshorts sind im Pool nicht erlaubt, sondern nur Slips, Boxershorts, Bikinis und einteilige Badeanz\u00fcge.<\/p>\n\n<p class=\"wp-block-paragraph\"><strong>Wie ist unsere Kundschaft zusammengesetzt?<\/strong><br\/>Unsere Kunden sind vor allem Familien mit kleinen Kindern im Juli und August. In der restlichen Zeit des Jahres sind es haupts\u00e4chlich Paare. <\/p>\n\n<p class=\"wp-block-paragraph\"><strong>Ist Grillen erlaubt?<\/strong><br\/>Grillen ist auf Ihrem Stellplatz erlaubt, wir verf\u00fcgen \u00fcber eine Reihe von Grills, die wir Ihnen ausleihen k\u00f6nnen.<\/p>\n\n<p class=\"wp-block-paragraph\"><strong>Sind Hunde in unseren Unterk\u00fcnften erlaubt<\/strong> <strong>?<\/strong><br\/>Wir akzeptieren keine Haustiere in <strong>unseren<\/strong> Unterk\u00fcnften.<\/p>\n\n<p class=\"wp-block-paragraph\"><strong>Wie weit sind Sie vom Dorf entfernt?<\/strong><br\/>600 Meter vom Dorf entfernt. Hier finden Sie zahlreiche Gesch\u00e4fte: Carrefour, 2 B\u00e4ckereien, 1 Wurstwarengesch\u00e4ft, 1 Tabakladen, 1 Restaurant &#8230; <\/p>\n\n<p class=\"wp-block-paragraph\"><strong>Gibt es einen Arzt?<\/strong><br\/>Im Zentrum des Dorfes befindet sich eine Arztpraxis, die von Montag bis Samstag morgens ge\u00f6ffnet ist. Eine Apotheke, eine Krankenstation und Physiotherapeuten sind ebenfalls in unserem Dorf Artemare vorhanden. Wenn es sich um eine ernstere Erkrankung handelt, die eine umfangreichere Behandlung erfordert, gibt es ein Krankenhaus in Belley (16 km).  <\/p>\n\n<p class=\"wp-block-paragraph\"><strong>Haben Sie Wifi?<\/strong><br\/>Wifi ist kostenpflichtig und auf dem gesamten Campingplatz verf\u00fcgbar. Sie kaufen an der Rezeption ein Ticket, mit dem Sie w\u00e4hrend Ihres Aufenthalts online bleiben k\u00f6nnen. <\/p>\n\n<p class=\"wp-block-paragraph\"><strong>Kann mich jemand besuchen?<\/strong><br\/>Es ist nicht m\u00f6glich, Besucher (Personen von au\u00dferhalb des Campingplatzes &#8211; keine G\u00e4ste des Campingplatzes w\u00e4hrend Ihres Aufenthaltes) w\u00e4hrend Ihres Aufenthaltes auf den Campingplatz zu bringen.<\/p>\n\n<p class=\"wp-block-paragraph\"><strong>Bieten Sie die M\u00f6glichkeit, K\u00fchlschr\u00e4nke zu mieten?<\/strong><br\/>Ja, Sie haben diese Option. Die Geb\u00fchr betr\u00e4gt 7 \u20ac pro Tag. <\/p>\n\n<p class=\"wp-block-paragraph\"><strong>Ist es m\u00f6glich, Ihre W\u00e4sche zu b\u00fcgeln?<\/strong><br\/>Ein B\u00fcgelbrett und ein B\u00fcgeleisen stehen Ihnen auf Anfrage an der Rezeption zur Verf\u00fcgung. Wir k\u00f6nnen Ihnen einen Haartrockner leihen, der ebenfalls auf Anfrage am Empfang erh\u00e4ltlich ist. <\/p>\n\n<p class=\"wp-block-paragraph\"><strong>Wann k\u00f6nnen Sie den Campingplatz fr\u00fchestens verlassen?<\/strong><br\/>Der Verkehr ist von 8.00 bis 22.00 Uhr erlaubt. Nach diesen Zeiten ist der Verkehr auf dem Campingplatz verboten. Ihre Abreise erfolgt, wenn das Tor um 8 Uhr morgens ge\u00f6ffnet wird. Wenn Sie fr\u00fcher abreisen m\u00f6chten, wird Ihr Fahrzeug au\u00dferhalb des Campingplatzes geparkt.   <\/p>\n\n<p class=\"wp-block-paragraph\"><strong>Ich habe ein Elektroauto, wie kann ich es aufladen?<\/strong><br\/>Sie haben die M\u00f6glichkeit, die Batterie Ihres Autos in Artemare aufzuladen, das 50 m vom Campingplatz entfernt liegt. Dort steht Ihnen eine elektrische Ladestation zur Verf\u00fcgung, die 24 Stunden am Tag zug\u00e4nglich ist.<\/p>\n\n<p class=\"wp-block-paragraph\"><strong>K\u00f6nnen wir<\/strong><strong> w\u00e4hrend unseres Aufenthalts Familie oder Freunde auf unserem Stellplatz oder in unserer Unterkunft<\/strong><strong>empfangen<\/strong><strong>?<\/strong><\/p>\n\n<p class=\"wp-block-paragraph\">Besucher d\u00fcrfen den Campingplatz nicht betreten.<\/p>\n","protected":false},"excerpt":{"rendered":"<p>Reservierung Wie kann ich mehrere Unterk\u00fcnfte oder Stellpl\u00e4tze buchen?Wenn Sie mehrere Unterk\u00fcnfte oder Stellpl\u00e4tze buchen m\u00f6chten, m\u00fcssen Sie pro Buchung ein Formular ausf\u00fcllen. Wenn Sie z.B. mit Ihren Freunden nebeneinander liegen m\u00f6chten, schreiben Sie dies einfach in den &#8222;Kommentar&#8220;-Bereich jedes Buchungsformulars. Im Rahmen der Verf\u00fcgbarkeit wird der Campingplatz Ihre W\u00fcnsche erf\u00fcllen. Wie kann ich buchen?Sie [&hellip;]<\/p>\n","protected":false},"author":1,"featured_media":0,"parent":0,"menu_order":0,"comment_status":"closed","ping_status":"closed","template":"","meta":{"_seopress_robots_primary_cat":"","_seopress_titles_title":"H\u00e4ufig gestellte Fragen - 3-Sterne-Campingplatz Le Vaugrais","_seopress_titles_desc":"Campingplatz in der N\u00e4he des Lac du Bourget, der 3-Sterne-Campingplatz Le Vaugrais in Artemare empf\u00e4ngt Sie f\u00fcr Ihren Urlaub nicht weit vom Lac du Bourget entfernt.","_seopress_robots_index":"","_crdt_document":"","footnotes":""},"class_list":["post-13307","page","type-page","status-publish","hentry"],"_links":{"self":[{"href":"https:\/\/camping-savoie-levaugrais.com\/de\/wp-json\/wp\/v2\/pages\/13307","targetHints":{"allow":["GET"]}}],"collection":[{"href":"https:\/\/camping-savoie-levaugrais.com\/de\/wp-json\/wp\/v2\/pages"}],"about":[{"href":"https:\/\/camping-savoie-levaugrais.com\/de\/wp-json\/wp\/v2\/types\/page"}],"author":[{"embeddable":true,"href":"https:\/\/camping-savoie-levaugrais.com\/de\/wp-json\/wp\/v2\/users\/1"}],"replies":[{"embeddable":true,"href":"https:\/\/camping-savoie-levaugrais.com\/de\/wp-json\/wp\/v2\/comments?post=13307"}],"version-history":[{"count":1,"href":"https:\/\/camping-savoie-levaugrais.com\/de\/wp-json\/wp\/v2\/pages\/13307\/revisions"}],"predecessor-version":[{"id":13308,"href":"https:\/\/camping-savoie-levaugrais.com\/de\/wp-json\/wp\/v2\/pages\/13307\/revisions\/13308"}],"wp:attachment":[{"href":"https:\/\/camping-savoie-levaugrais.com\/de\/wp-json\/wp\/v2\/media?parent=13307"}],"curies":[{"name":"wp","href":"https:\/\/api.w.org\/{rel}","templated":true}]}}