{"id":13326,"date":"2024-10-10T11:51:41","date_gmt":"2024-10-10T09:51:41","guid":{"rendered":"https:\/\/camping-savoie-levaugrais.com\/lyon\/"},"modified":"2024-10-10T11:51:41","modified_gmt":"2024-10-10T09:51:41","slug":"lyon","status":"publish","type":"page","link":"https:\/\/camping-savoie-levaugrais.com\/de\/lyon\/","title":{"rendered":"Lyon"},"content":{"rendered":"\n<p class=\"wp-block-paragraph\">Die Hauptstadt Galliens liegt 105 km vom Campingplatz entfernt und ist reich an Sehensw\u00fcrdigkeiten, Denkm\u00e4lern, Parks und G\u00e4rten. Diese Stadt mit einer \u00fcber 2000 Jahre alten Geschichte hat ein reiches architektonisches und historisches Erbe. Die Basilika Notre Dame de Fouvi\u00e8re auf dem gallo-r\u00f6mischen Gel\u00e4nde beherbergt die Amphitheater, die fr\u00fcher f\u00fcr verschiedene Auff\u00fchrungen genutzt wurden.  <\/p>\n\n<p class=\"wp-block-paragraph\">Die Kathedrale Saint Jean mit ihrer astronomischen Uhr, das atypische Viertel des alten Lyon mit seinen kleinen Gassen, Pl\u00e4tzen und majest\u00e4tischen Brunnen<br\/>Lyon ist auch die Hauptstadt der Gastronomie mit seinen ber\u00fchmten Bouchons Lyonnais.<\/p>\n\n<p class=\"wp-block-paragraph\">Es ist auch ein romantisches Reiseziel, warum nicht eine Bootsfahrt auf der Sa\u00f4ne machen oder den Parc de la t\u00eate d&#8217;Or mit seinem ber\u00fchmten Rosengarten entdecken.<\/p>\n\n<p class=\"wp-block-paragraph\">Erkunden Sie Lyon und entdecken Sie die Traboules: Dies sind Geheimg\u00e4nge durch Geb\u00e4ude, die zwei Stra\u00dfen auf diskrete Weise miteinander verbinden.<\/p>\n\n<p class=\"wp-block-paragraph\">In dieser Stadt gibt es nicht weniger als zwanzig Museen, die Neugierige auf allen Gebieten zufrieden stellen.<\/p>\n\n<p class=\"wp-block-paragraph\"><\/p>\n\t\t\t<div id=\"sevgallery-373071336\" class=\"sev-diaporama sev-diaporama-portfolio\">\n\t\t\t<div class=\"row\">\n\n\t\t\t\n\t\t\t\t\n\t\t\t\t<div class=\"sev-diaporama-portfolio-item col-12 col-lg  col-shrink\">\n\t\t\t\t\t<!--<a href=\"https:\/\/camping-savoie-levaugrais.com\/wp-content\/uploads\/2021\/09\/lyon-et-grand-hotel-dieu-20190613160347-aa4812a5-me.jpg\" data-lightbox=\"sevgallery-373071336\" style=\"background-image: url(https:\/\/camping-savoie-levaugrais.com\/wp-content\/uploads\/2021\/09\/lyon-et-grand-hotel-dieu-20190613160347-aa4812a5-me.jpg)\">-->\n\t\t\t\t\t<a href=\"https:\/\/camping-savoie-levaugrais.com\/wp-content\/uploads\/2021\/09\/lyon-et-grand-hotel-dieu-20190613160347-aa4812a5-me.jpg\" data-lightbox=\"sevgallery-373071336\">\n\t\t\t\t\t\t<img decoding=\"async\" src=\"https:\/\/camping-savoie-levaugrais.com\/wp-content\/uploads\/2021\/09\/lyon-et-grand-hotel-dieu-20190613160347-aa4812a5-me.jpg\" alt=\"lyon et grand hotel dieu 20190613160347-aa4812a5-me\" loading=\"lazy\">\n\t\t\t\t\t<\/a>\n\t\t\t\t<\/div>\n\n\t\t\t\t\n\t\t\t\t\t\t\t\t\t\t\t\n\t\t\t\t\n\t\t\t\t<div class=\"sev-diaporama-portfolio-item col-12 col-lg \">\n\t\t\t\t\t<!--<a href=\"https:\/\/camping-savoie-levaugrais.com\/wp-content\/uploads\/2021\/09\/lyon-20101028122832-f8b604c2.jpg\" data-lightbox=\"sevgallery-373071336\" style=\"background-image: url(https:\/\/camping-savoie-levaugrais.com\/wp-content\/uploads\/2021\/09\/lyon-20101028122832-f8b604c2.jpg)\">-->\n\t\t\t\t\t<a href=\"https:\/\/camping-savoie-levaugrais.com\/wp-content\/uploads\/2021\/09\/lyon-20101028122832-f8b604c2.jpg\" data-lightbox=\"sevgallery-373071336\">\n\t\t\t\t\t\t<img decoding=\"async\" src=\"https:\/\/camping-savoie-levaugrais.com\/wp-content\/uploads\/2021\/09\/lyon-20101028122832-f8b604c2.jpg\" alt=\"lyon\" loading=\"lazy\">\n\t\t\t\t\t<\/a>\n\t\t\t\t<\/div>\n\n\t\t\t\t\n\t\t\t\t\t\t\t\t\t\t\t\n\t\t\t\t\n\t\t\t\t<div class=\"sev-diaporama-portfolio-item col-12 col-lg  col-grow\">\n\t\t\t\t\t<!--<a href=\"https:\/\/camping-savoie-levaugrais.com\/wp-content\/uploads\/2021\/09\/lyon-cathedrale-saint-jean20190725114614-810e12f7-me.jpg\" data-lightbox=\"sevgallery-373071336\" style=\"background-image: url(https:\/\/camping-savoie-levaugrais.com\/wp-content\/uploads\/2021\/09\/lyon-cathedrale-saint-jean20190725114614-810e12f7-me.jpg)\">-->\n\t\t\t\t\t<a href=\"https:\/\/camping-savoie-levaugrais.com\/wp-content\/uploads\/2021\/09\/lyon-cathedrale-saint-jean20190725114614-810e12f7-me.jpg\" data-lightbox=\"sevgallery-373071336\">\n\t\t\t\t\t\t<img decoding=\"async\" src=\"https:\/\/camping-savoie-levaugrais.com\/wp-content\/uploads\/2021\/09\/lyon-cathedrale-saint-jean20190725114614-810e12f7-me.jpg\" alt=\"lyon cathedrale saint jean20190725114614-810e12f7-me\" loading=\"lazy\">\n\t\t\t\t\t<\/a>\n\t\t\t\t<\/div>\n\n\t\t\t\t\n\t\t\t\t\t\t\t\t\t\t\t\n\t\t\t\t\n\t\t\t\t<div class=\"sev-diaporama-portfolio-item col-12 col-lg  col-grow\">\n\t\t\t\t\t<!--<a href=\"https:\/\/camping-savoie-levaugrais.com\/wp-content\/uploads\/2021\/09\/lyon20110105095134-791fa5e2-me.jpg\" data-lightbox=\"sevgallery-373071336\" style=\"background-image: url(https:\/\/camping-savoie-levaugrais.com\/wp-content\/uploads\/2021\/09\/lyon20110105095134-791fa5e2-me.jpg)\">-->\n\t\t\t\t\t<a href=\"https:\/\/camping-savoie-levaugrais.com\/wp-content\/uploads\/2021\/09\/lyon20110105095134-791fa5e2-me.jpg\" data-lightbox=\"sevgallery-373071336\">\n\t\t\t\t\t\t<img decoding=\"async\" src=\"https:\/\/camping-savoie-levaugrais.com\/wp-content\/uploads\/2021\/09\/lyon20110105095134-791fa5e2-me.jpg\" alt=\"lyon\" loading=\"lazy\">\n\t\t\t\t\t<\/a>\n\t\t\t\t<\/div>\n\n\t\t\t\t\t\t\t\t\t<div class=\"w-100\"><\/div>\n\t\t\t\t\t\t\t\t\t\n\t\t\t\t\t\t\t\t\t\t\t\n\t\t\t\t\n\t\t\t\t<div class=\"sev-diaporama-portfolio-item col-12 col-lg  col-grow\">\n\t\t\t\t\t<!--<a href=\"https:\/\/camping-savoie-levaugrais.com\/wp-content\/uploads\/2021\/09\/lyon20110711114020-6af738f0-cu_e260x180.jpg\" data-lightbox=\"sevgallery-373071336\" style=\"background-image: url(https:\/\/camping-savoie-levaugrais.com\/wp-content\/uploads\/2021\/09\/lyon20110711114020-6af738f0-cu_e260x180.jpg)\">-->\n\t\t\t\t\t<a href=\"https:\/\/camping-savoie-levaugrais.com\/wp-content\/uploads\/2021\/09\/lyon20110711114020-6af738f0-cu_e260x180.jpg\" data-lightbox=\"sevgallery-373071336\">\n\t\t\t\t\t\t<img decoding=\"async\" src=\"https:\/\/camping-savoie-levaugrais.com\/wp-content\/uploads\/2021\/09\/lyon20110711114020-6af738f0-cu_e260x180.jpg\" alt=\"lyon\" loading=\"lazy\">\n\t\t\t\t\t<\/a>\n\t\t\t\t<\/div>\n\n\t\t\t\t\n\t\t\t\t\t\t\t\t\t\t\t\n\t\t\t\t\n\t\t\t\t<div class=\"sev-diaporama-portfolio-item col-12 col-lg  col-grow\">\n\t\t\t\t\t<!--<a href=\"https:\/\/camping-savoie-levaugrais.com\/wp-content\/uploads\/2021\/09\/lyon20110818163512-609925b6-me.jpg\" data-lightbox=\"sevgallery-373071336\" style=\"background-image: url(https:\/\/camping-savoie-levaugrais.com\/wp-content\/uploads\/2021\/09\/lyon20110818163512-609925b6-me.jpg)\">-->\n\t\t\t\t\t<a href=\"https:\/\/camping-savoie-levaugrais.com\/wp-content\/uploads\/2021\/09\/lyon20110818163512-609925b6-me.jpg\" data-lightbox=\"sevgallery-373071336\">\n\t\t\t\t\t\t<img decoding=\"async\" src=\"https:\/\/camping-savoie-levaugrais.com\/wp-content\/uploads\/2021\/09\/lyon20110818163512-609925b6-me.jpg\" alt=\"lyon\" loading=\"lazy\">\n\t\t\t\t\t<\/a>\n\t\t\t\t<\/div>\n\n\t\t\t\t\n\t\t\t\t\t\t\t\t\t\t\t\n\t\t\t\t\n\t\t\t\t<div class=\"sev-diaporama-portfolio-item col-12 col-lg  col-shrink\">\n\t\t\t\t\t<!--<a href=\"https:\/\/camping-savoie-levaugrais.com\/wp-content\/uploads\/2021\/09\/lyon20120222114334-10f110f0-me.jpg\" data-lightbox=\"sevgallery-373071336\" style=\"background-image: url(https:\/\/camping-savoie-levaugrais.com\/wp-content\/uploads\/2021\/09\/lyon20120222114334-10f110f0-me.jpg)\">-->\n\t\t\t\t\t<a href=\"https:\/\/camping-savoie-levaugrais.com\/wp-content\/uploads\/2021\/09\/lyon20120222114334-10f110f0-me.jpg\" data-lightbox=\"sevgallery-373071336\">\n\t\t\t\t\t\t<img decoding=\"async\" src=\"https:\/\/camping-savoie-levaugrais.com\/wp-content\/uploads\/2021\/09\/lyon20120222114334-10f110f0-me.jpg\" alt=\"lyon\" loading=\"lazy\">\n\t\t\t\t\t<\/a>\n\t\t\t\t<\/div>\n\n\t\t\t\t\n\t\t\t\t\t\t\t\t\t\t\t\n\t\t\t\t\n\t\t\t\t<div class=\"sev-diaporama-portfolio-item col-12 col-lg \">\n\t\t\t\t\t<!--<a href=\"https:\/\/camping-savoie-levaugrais.com\/wp-content\/uploads\/2021\/09\/lyon20120222121912-2f67f12c-me.jpg\" data-lightbox=\"sevgallery-373071336\" style=\"background-image: url(https:\/\/camping-savoie-levaugrais.com\/wp-content\/uploads\/2021\/09\/lyon20120222121912-2f67f12c-me.jpg)\">-->\n\t\t\t\t\t<a href=\"https:\/\/camping-savoie-levaugrais.com\/wp-content\/uploads\/2021\/09\/lyon20120222121912-2f67f12c-me.jpg\" data-lightbox=\"sevgallery-373071336\">\n\t\t\t\t\t\t<img decoding=\"async\" src=\"https:\/\/camping-savoie-levaugrais.com\/wp-content\/uploads\/2021\/09\/lyon20120222121912-2f67f12c-me.jpg\" alt=\"lyon\" loading=\"lazy\">\n\t\t\t\t\t<\/a>\n\t\t\t\t<\/div>\n\n\t\t\t\t\t\t\t\t\t<div class=\"w-100\"><\/div>\n\t\t\t\t\t\t\t\t\t\n\t\t\t\t\t\t\t\t\t\t\t\n\t\t\t\t\n\t\t\t\t<div class=\"sev-diaporama-portfolio-item col-12 col-lg \">\n\t\t\t\t\t<!--<a href=\"https:\/\/camping-savoie-levaugrais.com\/wp-content\/uploads\/2021\/09\/lyon20190704095322-607d2269-me.jpg\" data-lightbox=\"sevgallery-373071336\" style=\"background-image: url(https:\/\/camping-savoie-levaugrais.com\/wp-content\/uploads\/2021\/09\/lyon20190704095322-607d2269-me.jpg)\">-->\n\t\t\t\t\t<a href=\"https:\/\/camping-savoie-levaugrais.com\/wp-content\/uploads\/2021\/09\/lyon20190704095322-607d2269-me.jpg\" data-lightbox=\"sevgallery-373071336\">\n\t\t\t\t\t\t<img decoding=\"async\" src=\"https:\/\/camping-savoie-levaugrais.com\/wp-content\/uploads\/2021\/09\/lyon20190704095322-607d2269-me.jpg\" alt=\"Lyon\" loading=\"lazy\">\n\t\t\t\t\t<\/a>\n\t\t\t\t<\/div>\n\n\t\t\t\t\n\t\t\t\t\t\t\t\t\t\t\t\n\t\t\t\t\n\t\t\t\t<div class=\"sev-diaporama-portfolio-item col-12 col-lg \">\n\t\t\t\t\t<!--<a href=\"https:\/\/camping-savoie-levaugrais.com\/wp-content\/uploads\/2021\/09\/lyon20190704095329-10407dab-me.jpg\" data-lightbox=\"sevgallery-373071336\" style=\"background-image: url(https:\/\/camping-savoie-levaugrais.com\/wp-content\/uploads\/2021\/09\/lyon20190704095329-10407dab-me.jpg)\">-->\n\t\t\t\t\t<a href=\"https:\/\/camping-savoie-levaugrais.com\/wp-content\/uploads\/2021\/09\/lyon20190704095329-10407dab-me.jpg\" data-lightbox=\"sevgallery-373071336\">\n\t\t\t\t\t\t<img decoding=\"async\" src=\"https:\/\/camping-savoie-levaugrais.com\/wp-content\/uploads\/2021\/09\/lyon20190704095329-10407dab-me.jpg\" alt=\"Lyon\" loading=\"lazy\">\n\t\t\t\t\t<\/a>\n\t\t\t\t<\/div>\n\n\t\t\t\t\n\t\t\t\t\t\t\t\t\t\t\t\n\t\t\t\t\n\t\t\t\t<div class=\"sev-diaporama-portfolio-item col-12 col-lg \">\n\t\t\t\t\t<!--<a href=\"https:\/\/camping-savoie-levaugrais.com\/wp-content\/uploads\/2021\/09\/lyon-horloge-astronomique-20110105095933-7ffd34cc-me.jpg\" data-lightbox=\"sevgallery-373071336\" style=\"background-image: url(https:\/\/camping-savoie-levaugrais.com\/wp-content\/uploads\/2021\/09\/lyon-horloge-astronomique-20110105095933-7ffd34cc-me.jpg)\">-->\n\t\t\t\t\t<a href=\"https:\/\/camping-savoie-levaugrais.com\/wp-content\/uploads\/2021\/09\/lyon-horloge-astronomique-20110105095933-7ffd34cc-me.jpg\" data-lightbox=\"sevgallery-373071336\">\n\t\t\t\t\t\t<img decoding=\"async\" src=\"https:\/\/camping-savoie-levaugrais.com\/wp-content\/uploads\/2021\/09\/lyon-horloge-astronomique-20110105095933-7ffd34cc-me.jpg\" alt=\"lyon-horloge-astronomique-20110105095933-7ffd34cc-me\" loading=\"lazy\">\n\t\t\t\t\t<\/a>\n\t\t\t\t<\/div>\n\n\t\t\t\t\n\t\t\t\t\t\t\t\t\t\t\t\n\t\t\t\t\n\t\t\t\t<div class=\"sev-diaporama-portfolio-item col-12 col-lg  col-grow\">\n\t\t\t\t\t<!--<a href=\"https:\/\/camping-savoie-levaugrais.com\/wp-content\/uploads\/2021\/09\/lyon-le-musee-des-tissus20170530101343-24408fb5-me.jpg\" data-lightbox=\"sevgallery-373071336\" style=\"background-image: url(https:\/\/camping-savoie-levaugrais.com\/wp-content\/uploads\/2021\/09\/lyon-le-musee-des-tissus20170530101343-24408fb5-me.jpg)\">-->\n\t\t\t\t\t<a href=\"https:\/\/camping-savoie-levaugrais.com\/wp-content\/uploads\/2021\/09\/lyon-le-musee-des-tissus20170530101343-24408fb5-me.jpg\" data-lightbox=\"sevgallery-373071336\">\n\t\t\t\t\t\t<img decoding=\"async\" src=\"https:\/\/camping-savoie-levaugrais.com\/wp-content\/uploads\/2021\/09\/lyon-le-musee-des-tissus20170530101343-24408fb5-me.jpg\" alt=\"lyon le mus\u00e9e des tissus20170530101343-24408fb5-me\" loading=\"lazy\">\n\t\t\t\t\t<\/a>\n\t\t\t\t<\/div>\n\n\t\t\t\t\t\t\t\t\t<div class=\"w-100\"><\/div>\n\t\t\t\t\t\t\t\t\t\n\t\t\t\t\t\t\t\t\t\t\t\n\t\t\t\t\n\t\t\t\t<div class=\"sev-diaporama-portfolio-item col-12 col-lg  col-grow\">\n\t\t\t\t\t<!--<a href=\"https:\/\/camping-savoie-levaugrais.com\/wp-content\/uploads\/2021\/09\/lyon-le-vieux-lyon-20190613165158-31042a07-me.jpg\" data-lightbox=\"sevgallery-373071336\" style=\"background-image: url(https:\/\/camping-savoie-levaugrais.com\/wp-content\/uploads\/2021\/09\/lyon-le-vieux-lyon-20190613165158-31042a07-me.jpg)\">-->\n\t\t\t\t\t<a href=\"https:\/\/camping-savoie-levaugrais.com\/wp-content\/uploads\/2021\/09\/lyon-le-vieux-lyon-20190613165158-31042a07-me.jpg\" data-lightbox=\"sevgallery-373071336\">\n\t\t\t\t\t\t<img decoding=\"async\" src=\"https:\/\/camping-savoie-levaugrais.com\/wp-content\/uploads\/2021\/09\/lyon-le-vieux-lyon-20190613165158-31042a07-me.jpg\" alt=\"lyon le vieux lyon\" loading=\"lazy\">\n\t\t\t\t\t<\/a>\n\t\t\t\t<\/div>\n\n\t\t\t\t\n\t\t\t\t\t\t\t\t\t\t\t\n\t\t\t\t\n\t\t\t\t<div class=\"sev-diaporama-portfolio-item col-12 col-lg \">\n\t\t\t\t\t<!--<a href=\"https:\/\/camping-savoie-levaugrais.com\/wp-content\/uploads\/2021\/09\/lyon-les-hallesde-paulbocuse20101217120348-3d72764d-me.jpg\" data-lightbox=\"sevgallery-373071336\" style=\"background-image: url(https:\/\/camping-savoie-levaugrais.com\/wp-content\/uploads\/2021\/09\/lyon-les-hallesde-paulbocuse20101217120348-3d72764d-me.jpg)\">-->\n\t\t\t\t\t<a href=\"https:\/\/camping-savoie-levaugrais.com\/wp-content\/uploads\/2021\/09\/lyon-les-hallesde-paulbocuse20101217120348-3d72764d-me.jpg\" data-lightbox=\"sevgallery-373071336\">\n\t\t\t\t\t\t<img decoding=\"async\" src=\"https:\/\/camping-savoie-levaugrais.com\/wp-content\/uploads\/2021\/09\/lyon-les-hallesde-paulbocuse20101217120348-3d72764d-me.jpg\" alt=\"lyon les halles de paul bocuse\" loading=\"lazy\">\n\t\t\t\t\t<\/a>\n\t\t\t\t<\/div>\n\n\t\t\t\t\n\t\t\t\t\t\t\t\t\t\t\t\n\t\t\t\t\n\t\t\t\t<div class=\"sev-diaporama-portfolio-item col-12 col-lg  col-grow\">\n\t\t\t\t\t<!--<a href=\"https:\/\/camping-savoie-levaugrais.com\/wp-content\/uploads\/2021\/09\/lyon-les-quaies-dela-saone20110105093934-23d2d84e-me.jpg\" data-lightbox=\"sevgallery-373071336\" style=\"background-image: url(https:\/\/camping-savoie-levaugrais.com\/wp-content\/uploads\/2021\/09\/lyon-les-quaies-dela-saone20110105093934-23d2d84e-me.jpg)\">-->\n\t\t\t\t\t<a href=\"https:\/\/camping-savoie-levaugrais.com\/wp-content\/uploads\/2021\/09\/lyon-les-quaies-dela-saone20110105093934-23d2d84e-me.jpg\" data-lightbox=\"sevgallery-373071336\">\n\t\t\t\t\t\t<img decoding=\"async\" src=\"https:\/\/camping-savoie-levaugrais.com\/wp-content\/uploads\/2021\/09\/lyon-les-quaies-dela-saone20110105093934-23d2d84e-me.jpg\" alt=\"lyon les quais de la saone\" loading=\"lazy\">\n\t\t\t\t\t<\/a>\n\t\t\t\t<\/div>\n\n\t\t\t\t\n\t\t\t\t\t\t\t\t\t\t\t\n\t\t\t\t\n\t\t\t\t<div class=\"sev-diaporama-portfolio-item col-12 col-lg \">\n\t\t\t\t\t<!--<a href=\"https:\/\/camping-savoie-levaugrais.com\/wp-content\/uploads\/2021\/09\/lyon-lile-barbe-20101025174548-0d4d930d-me.jpg\" data-lightbox=\"sevgallery-373071336\" style=\"background-image: url(https:\/\/camping-savoie-levaugrais.com\/wp-content\/uploads\/2021\/09\/lyon-lile-barbe-20101025174548-0d4d930d-me.jpg)\">-->\n\t\t\t\t\t<a href=\"https:\/\/camping-savoie-levaugrais.com\/wp-content\/uploads\/2021\/09\/lyon-lile-barbe-20101025174548-0d4d930d-me.jpg\" data-lightbox=\"sevgallery-373071336\">\n\t\t\t\t\t\t<img decoding=\"async\" src=\"https:\/\/camping-savoie-levaugrais.com\/wp-content\/uploads\/2021\/09\/lyon-lile-barbe-20101025174548-0d4d930d-me.jpg\" alt=\"lyon l&#039;ile barbe\" loading=\"lazy\">\n\t\t\t\t\t<\/a>\n\t\t\t\t<\/div>\n\n\t\t\t\t\t\t\t\t\t<div class=\"w-100\"><\/div>\n\t\t\t\t\t\t\t\t\t\n\t\t\t\t\t\t\t\t\t\t\t\n\t\t\t\t\n\t\t\t\t<div class=\"sev-diaporama-portfolio-item col-12 col-lg  col-grow\">\n\t\t\t\t\t<!--<a href=\"https:\/\/camping-savoie-levaugrais.com\/wp-content\/uploads\/2021\/09\/lyon-place-bellecour20190523163332-138b98cc-me.jpg\" data-lightbox=\"sevgallery-373071336\" style=\"background-image: url(https:\/\/camping-savoie-levaugrais.com\/wp-content\/uploads\/2021\/09\/lyon-place-bellecour20190523163332-138b98cc-me.jpg)\">-->\n\t\t\t\t\t<a href=\"https:\/\/camping-savoie-levaugrais.com\/wp-content\/uploads\/2021\/09\/lyon-place-bellecour20190523163332-138b98cc-me.jpg\" data-lightbox=\"sevgallery-373071336\">\n\t\t\t\t\t\t<img decoding=\"async\" src=\"https:\/\/camping-savoie-levaugrais.com\/wp-content\/uploads\/2021\/09\/lyon-place-bellecour20190523163332-138b98cc-me.jpg\" alt=\"lyon place bellecour\" loading=\"lazy\">\n\t\t\t\t\t<\/a>\n\t\t\t\t<\/div>\n\n\t\t\t\t\n\t\t\t\t\t\t\t\t\t\t\t\n\t\t\t\t\n\t\t\t\t<div class=\"sev-diaporama-portfolio-item col-12 col-lg  col-grow\">\n\t\t\t\t\t<!--<a href=\"https:\/\/camping-savoie-levaugrais.com\/wp-content\/uploads\/2021\/09\/lyon-statue-saint-michel-20190725111004-7d5c22ab-me.jpg\" data-lightbox=\"sevgallery-373071336\" style=\"background-image: url(https:\/\/camping-savoie-levaugrais.com\/wp-content\/uploads\/2021\/09\/lyon-statue-saint-michel-20190725111004-7d5c22ab-me.jpg)\">-->\n\t\t\t\t\t<a href=\"https:\/\/camping-savoie-levaugrais.com\/wp-content\/uploads\/2021\/09\/lyon-statue-saint-michel-20190725111004-7d5c22ab-me.jpg\" data-lightbox=\"sevgallery-373071336\">\n\t\t\t\t\t\t<img decoding=\"async\" src=\"https:\/\/camping-savoie-levaugrais.com\/wp-content\/uploads\/2021\/09\/lyon-statue-saint-michel-20190725111004-7d5c22ab-me.jpg\" alt=\"st michel lyon\" loading=\"lazy\">\n\t\t\t\t\t<\/a>\n\t\t\t\t<\/div>\n\n\t\t\t\t\n\t\t\t\t\t\t\t\t\t\t\t\n\t\t\t\t\n\t\t\t\t<div class=\"sev-diaporama-portfolio-item col-12 col-lg  col-grow\">\n\t\t\t\t\t<!--<a href=\"https:\/\/camping-savoie-levaugrais.com\/wp-content\/uploads\/2021\/09\/lyon0190704095325-f5bde53d-me.jpg\" data-lightbox=\"sevgallery-373071336\" style=\"background-image: url(https:\/\/camping-savoie-levaugrais.com\/wp-content\/uploads\/2021\/09\/lyon0190704095325-f5bde53d-me.jpg)\">-->\n\t\t\t\t\t<a href=\"https:\/\/camping-savoie-levaugrais.com\/wp-content\/uploads\/2021\/09\/lyon0190704095325-f5bde53d-me.jpg\" data-lightbox=\"sevgallery-373071336\">\n\t\t\t\t\t\t<img decoding=\"async\" src=\"https:\/\/camping-savoie-levaugrais.com\/wp-content\/uploads\/2021\/09\/lyon0190704095325-f5bde53d-me.jpg\" alt=\"lyon\" loading=\"lazy\">\n\t\t\t\t\t<\/a>\n\t\t\t\t<\/div>\n\n\t\t\t\t\n\t\t\t\t\t\t\t\t\t\t\t\n\t\t\t\t\n\t\t\t\t<div class=\"sev-diaporama-portfolio-item col-12 col-lg  col-shrink\">\n\t\t\t\t\t<!--<a href=\"https:\/\/camping-savoie-levaugrais.com\/wp-content\/uploads\/2021\/09\/lyon20101025120747-898f8e89-me.jpg\" data-lightbox=\"sevgallery-373071336\" style=\"background-image: url(https:\/\/camping-savoie-levaugrais.com\/wp-content\/uploads\/2021\/09\/lyon20101025120747-898f8e89-me.jpg)\">-->\n\t\t\t\t\t<a href=\"https:\/\/camping-savoie-levaugrais.com\/wp-content\/uploads\/2021\/09\/lyon20101025120747-898f8e89-me.jpg\" data-lightbox=\"sevgallery-373071336\">\n\t\t\t\t\t\t<img decoding=\"async\" src=\"https:\/\/camping-savoie-levaugrais.com\/wp-content\/uploads\/2021\/09\/lyon20101025120747-898f8e89-me.jpg\" alt=\"lyon\" loading=\"lazy\">\n\t\t\t\t\t<\/a>\n\t\t\t\t<\/div>\n\n\t\t\t\t\t\t\t\t\t<div class=\"w-100\"><\/div>\n\t\t\t\t\t\t\t\t\t\n\t\t\t\t\t\t\t\t\t\t\t\n\t\t\t\t\n\t\t\t\t<div class=\"sev-diaporama-portfolio-item col-12 col-lg \">\n\t\t\t\t\t<!--<a href=\"https:\/\/camping-savoie-levaugrais.com\/wp-content\/uploads\/2021\/09\/lyon20101026170655-db08046d-me.jpg\" data-lightbox=\"sevgallery-373071336\" style=\"background-image: url(https:\/\/camping-savoie-levaugrais.com\/wp-content\/uploads\/2021\/09\/lyon20101026170655-db08046d-me.jpg)\">-->\n\t\t\t\t\t<a href=\"https:\/\/camping-savoie-levaugrais.com\/wp-content\/uploads\/2021\/09\/lyon20101026170655-db08046d-me.jpg\" data-lightbox=\"sevgallery-373071336\">\n\t\t\t\t\t\t<img decoding=\"async\" src=\"https:\/\/camping-savoie-levaugrais.com\/wp-content\/uploads\/2021\/09\/lyon20101026170655-db08046d-me.jpg\" alt=\"lyon\" loading=\"lazy\">\n\t\t\t\t\t<\/a>\n\t\t\t\t<\/div>\n\n\t\t\t\t\n\t\t\t\t\t\t\t\t\t\t\t\n\t\t\t\t\n\t\t\t\t<div class=\"sev-diaporama-portfolio-item col-12 col-lg \">\n\t\t\t\t\t<!--<a href=\"https:\/\/camping-savoie-levaugrais.com\/wp-content\/uploads\/2021\/09\/lyon20110105094043-042e9c46-me.jpg\" data-lightbox=\"sevgallery-373071336\" style=\"background-image: url(https:\/\/camping-savoie-levaugrais.com\/wp-content\/uploads\/2021\/09\/lyon20110105094043-042e9c46-me.jpg)\">-->\n\t\t\t\t\t<a href=\"https:\/\/camping-savoie-levaugrais.com\/wp-content\/uploads\/2021\/09\/lyon20110105094043-042e9c46-me.jpg\" data-lightbox=\"sevgallery-373071336\">\n\t\t\t\t\t\t<img decoding=\"async\" src=\"https:\/\/camping-savoie-levaugrais.com\/wp-content\/uploads\/2021\/09\/lyon20110105094043-042e9c46-me.jpg\" alt=\"lyon\" loading=\"lazy\">\n\t\t\t\t\t<\/a>\n\t\t\t\t<\/div>\n\n\t\t\t\t\n\t\t\t\t\t\t\t\t\t\t\t\n\t\t\t\t\n\t\t\t\t<div class=\"sev-diaporama-portfolio-item col-12 col-lg  col-shrink\">\n\t\t\t\t\t<!--<a href=\"https:\/\/camping-savoie-levaugrais.com\/wp-content\/uploads\/2021\/09\/lyon20110105095037-45730ea4-me.jpg\" data-lightbox=\"sevgallery-373071336\" style=\"background-image: url(https:\/\/camping-savoie-levaugrais.com\/wp-content\/uploads\/2021\/09\/lyon20110105095037-45730ea4-me.jpg)\">-->\n\t\t\t\t\t<a href=\"https:\/\/camping-savoie-levaugrais.com\/wp-content\/uploads\/2021\/09\/lyon20110105095037-45730ea4-me.jpg\" data-lightbox=\"sevgallery-373071336\">\n\t\t\t\t\t\t<img decoding=\"async\" src=\"https:\/\/camping-savoie-levaugrais.com\/wp-content\/uploads\/2021\/09\/lyon20110105095037-45730ea4-me.jpg\" alt=\"lyon\" loading=\"lazy\">\n\t\t\t\t\t<\/a>\n\t\t\t\t<\/div>\n\n\t\t\t\t\n\t\t\t\t\t\t\t\t\t\t\t\n\t\t\t\t\n\t\t\t\t<div class=\"sev-diaporama-portfolio-item col-12 col-lg \">\n\t\t\t\t\t<!--<a href=\"https:\/\/camping-savoie-levaugrais.com\/wp-content\/uploads\/2021\/09\/lyon20101027171207-5d1bd637-me.jpg\" data-lightbox=\"sevgallery-373071336\" style=\"background-image: url(https:\/\/camping-savoie-levaugrais.com\/wp-content\/uploads\/2021\/09\/lyon20101027171207-5d1bd637-me.jpg)\">-->\n\t\t\t\t\t<a href=\"https:\/\/camping-savoie-levaugrais.com\/wp-content\/uploads\/2021\/09\/lyon20101027171207-5d1bd637-me.jpg\" data-lightbox=\"sevgallery-373071336\">\n\t\t\t\t\t\t<img decoding=\"async\" src=\"https:\/\/camping-savoie-levaugrais.com\/wp-content\/uploads\/2021\/09\/lyon20101027171207-5d1bd637-me.jpg\" alt=\"lyon\" loading=\"lazy\">\n\t\t\t\t\t<\/a>\n\t\t\t\t<\/div>\n\n\t\t\t\t\t\t\t\t\t<div class=\"w-100\"><\/div>\n\t\t\t\t\t\t\t\t\t\n\t\t\t\t\t\t\t\t\t\t\t\t\t\t<\/div>\n\t\t\t<\/div>\n\n\t\t\t<script>\n\t\t\tjQuery(function($) {\n\n\t\t\t\tvar marginPortfolio = function() {\n\n\t\t\t\t\tvar $diapo          = $('#sevgallery-373071336');\n\t\t\t\t\tvar container_width = $diapo.parent().outerWidth();\n\t\t\t\t\tvar side            = ( $(window).innerWidth() - container_width ) \/ 2;\n\n\t\t\t\t\t$diapo.css( {\n\t\t\t\t\t\t'margin-left': '-' + side + 'px',\n\t\t\t\t\t\t'margin-right': '-' + side + 'px',\n\t\t\t\t\t} );\n\t\t\t\t};\n\n\t\t\t\t$( window ).resize( function() {\n\t\t\t\t\tmarginPortfolio();\n\t\t\t\t} );\n\t\t\t\tmarginPortfolio();\n\t\t\t});\n\t\t\t<\/script>\n\t\t\t\n","protected":false},"excerpt":{"rendered":"<p>Die Hauptstadt Galliens liegt 105 km vom Campingplatz entfernt und ist reich an Sehensw\u00fcrdigkeiten, Denkm\u00e4lern, Parks und G\u00e4rten. Diese Stadt mit einer \u00fcber 2000 Jahre alten Geschichte hat ein reiches architektonisches und historisches Erbe. Die Basilika Notre Dame de Fouvi\u00e8re auf dem gallo-r\u00f6mischen Gel\u00e4nde beherbergt die Amphitheater, die fr\u00fcher f\u00fcr verschiedene Auff\u00fchrungen genutzt wurden. Die [&hellip;]<\/p>\n","protected":false},"author":1,"featured_media":0,"parent":0,"menu_order":0,"comment_status":"closed","ping_status":"closed","template":"","meta":{"_seopress_robots_primary_cat":"","_seopress_titles_title":"Entdecken Sie die Stadt Lyon und ihre zahlreichen Sehensw\u00fcrdigkeiten!","_seopress_titles_desc":"W\u00e4hrend Ihres Aufenthalts auf dem 3-Sterne-Campingplatz Le Vaugrais sollten Sie auf jeden Fall die Stadt Lyon besuchen.  ","_seopress_robots_index":"","_crdt_document":"","footnotes":""},"class_list":["post-13326","page","type-page","status-publish","hentry"],"_links":{"self":[{"href":"https:\/\/camping-savoie-levaugrais.com\/de\/wp-json\/wp\/v2\/pages\/13326","targetHints":{"allow":["GET"]}}],"collection":[{"href":"https:\/\/camping-savoie-levaugrais.com\/de\/wp-json\/wp\/v2\/pages"}],"about":[{"href":"https:\/\/camping-savoie-levaugrais.com\/de\/wp-json\/wp\/v2\/types\/page"}],"author":[{"embeddable":true,"href":"https:\/\/camping-savoie-levaugrais.com\/de\/wp-json\/wp\/v2\/users\/1"}],"replies":[{"embeddable":true,"href":"https:\/\/camping-savoie-levaugrais.com\/de\/wp-json\/wp\/v2\/comments?post=13326"}],"version-history":[{"count":1,"href":"https:\/\/camping-savoie-levaugrais.com\/de\/wp-json\/wp\/v2\/pages\/13326\/revisions"}],"predecessor-version":[{"id":13327,"href":"https:\/\/camping-savoie-levaugrais.com\/de\/wp-json\/wp\/v2\/pages\/13326\/revisions\/13327"}],"wp:attachment":[{"href":"https:\/\/camping-savoie-levaugrais.com\/de\/wp-json\/wp\/v2\/media?parent=13326"}],"curies":[{"name":"wp","href":"https:\/\/api.w.org\/{rel}","templated":true}]}}