{"id":13338,"date":"2024-10-10T11:51:45","date_gmt":"2024-10-10T09:51:45","guid":{"rendered":"https:\/\/camping-savoie-levaugrais.com\/das-fierloz-massiv\/"},"modified":"2025-01-03T13:00:57","modified_gmt":"2025-01-03T12:00:57","slug":"das-fierloz-massiv","status":"publish","type":"page","link":"https:\/\/camping-savoie-levaugrais.com\/de\/das-fierloz-massiv\/","title":{"rendered":"Das Fierloz-Massiv"},"content":{"rendered":"<div class=\"wp-block-image\">\n<figure class=\"aligncenter size-large is-resized\"><img loading=\"lazy\" decoding=\"async\" width=\"1024\" height=\"576\" src=\"https:\/\/camping-savoie-levaugrais.com\/wp-content\/uploads\/2025\/01\/partez-a-laventure-en-allemand-1024x576.jpg\" alt=\"\" class=\"wp-image-16483\" style=\"width:334px;height:auto\" srcset=\"https:\/\/camping-savoie-levaugrais.com\/wp-content\/uploads\/2025\/01\/partez-a-laventure-en-allemand-1024x576.jpg 1024w, https:\/\/camping-savoie-levaugrais.com\/wp-content\/uploads\/2025\/01\/partez-a-laventure-en-allemand-300x169.jpg 300w, https:\/\/camping-savoie-levaugrais.com\/wp-content\/uploads\/2025\/01\/partez-a-laventure-en-allemand-768x432.jpg 768w, https:\/\/camping-savoie-levaugrais.com\/wp-content\/uploads\/2025\/01\/partez-a-laventure-en-allemand-1536x864.jpg 1536w, https:\/\/camping-savoie-levaugrais.com\/wp-content\/uploads\/2025\/01\/partez-a-laventure-en-allemand.jpg 1920w\" sizes=\"auto, (max-width: 1024px) 100vw, 1024px\" \/><\/figure>\n<\/div>\n\n\n<p class=\"wp-block-paragraph\">Er befindet sich 50 Meter vom Campingplatz entfernt und \u00fcberragt die Gemeinde Artemare. Dieses Kalksteinplateau entstand vor 140 Millionen Jahren aus dem Jurameer. Dieser bemerkenswerte Ort ist als Espace Naturel Sensible ausgezeichnet und besteht aus Lapiaz, die im Laufe der Zeit durch Wasserinfiltrationen entstanden sind. Diese Lapiaz sind eine geologische Oberfl\u00e4chenformation in Kalk- und Dolomitgestein, die durch abflie\u00dfendes Regenwasser entsteht, das den Fels zerrei\u00dft und einen Felsvorsprung bildet. Zahlreiche Informationstafeln erkl\u00e4ren Ihnen die reiche Fauna und Flora des Gebietes.    <\/p>\n\n\n\n<p class=\"wp-block-paragraph\">Die Jungfrau von Fierloz \u00fcberragt einen Felsvorsprung. Sie ist 8 Meter hoch und wurde 1896 zu Ehren des 14.<\/p>\n\n\n\n<p class=\"wp-block-paragraph\">Die Sarazenen besetzten das Land im 10. Jahrhundert um das Jahr 975 und bauten Festungen, um das Dorf Artemare zu \u00fcberwachen. In diesen Jahren haben sie die Bev\u00f6lkerung gemartert und Angst und Schrecken verbreitet.  <\/p>\n\n\n\n<p class=\"wp-block-paragraph\">Seitdem ist dieser Ort friedlich und hat seine Ruhe und Stille wiedergefunden. Die Kiefern auf dem Weg sind ein Zeichen f\u00fcr das au\u00dfergew\u00f6hnliche Klima in diesem Breitengrad. Im Fr\u00fchling zeugen die vielen Orchideen von einer sehr gesch\u00fctzten Umgebung, der Buchsbaumz\u00fcnsler hat leider die vielen Buchsb\u00e4ume verw\u00fcstet.  <\/p>\n\n\n\t\t\t<div id=\"sevgallery-1925467085\" class=\"sev-diaporama sev-diaporama-portfolio\">\n\t\t\t<div class=\"row\">\n\n\t\t\t\n\t\t\t\t\n\t\t\t\t<div class=\"sev-diaporama-portfolio-item col-12 col-lg \">\n\t\t\t\t\t<!--<a href=\"https:\/\/camping-savoie-levaugrais.com\/wp-content\/uploads\/2022\/10\/IMG_3565retoucheinternet.jpg\" data-lightbox=\"sevgallery-1925467085\" style=\"background-image: url(https:\/\/camping-savoie-levaugrais.com\/wp-content\/uploads\/2022\/10\/IMG_3565retoucheinternet.jpg)\">-->\n\t\t\t\t\t<a href=\"https:\/\/camping-savoie-levaugrais.com\/wp-content\/uploads\/2022\/10\/IMG_3565retoucheinternet.jpg\" data-lightbox=\"sevgallery-1925467085\">\n\t\t\t\t\t\t<img decoding=\"async\" src=\"https:\/\/camping-savoie-levaugrais.com\/wp-content\/uploads\/2022\/10\/IMG_3565retoucheinternet.jpg\" alt=\"camping le Vaugrais\" loading=\"lazy\">\n\t\t\t\t\t<\/a>\n\t\t\t\t<\/div>\n\n\t\t\t\t\n\t\t\t\t\t\t\t\t\t\t\t\n\t\t\t\t\n\t\t\t\t<div class=\"sev-diaporama-portfolio-item col-12 col-lg  col-grow\">\n\t\t\t\t\t<!--<a href=\"https:\/\/camping-savoie-levaugrais.com\/wp-content\/uploads\/2022\/10\/IMG_3590retouchewebinternet.jpg\" data-lightbox=\"sevgallery-1925467085\" style=\"background-image: url(https:\/\/camping-savoie-levaugrais.com\/wp-content\/uploads\/2022\/10\/IMG_3590retouchewebinternet.jpg)\">-->\n\t\t\t\t\t<a href=\"https:\/\/camping-savoie-levaugrais.com\/wp-content\/uploads\/2022\/10\/IMG_3590retouchewebinternet.jpg\" data-lightbox=\"sevgallery-1925467085\">\n\t\t\t\t\t\t<img decoding=\"async\" src=\"https:\/\/camping-savoie-levaugrais.com\/wp-content\/uploads\/2022\/10\/IMG_3590retouchewebinternet.jpg\" alt=\"camping le Vaugrais\" loading=\"lazy\">\n\t\t\t\t\t<\/a>\n\t\t\t\t<\/div>\n\n\t\t\t\t\n\t\t\t\t\t\t\t\t\t\t\t\n\t\t\t\t\n\t\t\t\t<div class=\"sev-diaporama-portfolio-item col-12 col-lg  col-grow\">\n\t\t\t\t\t<!--<a href=\"https:\/\/camping-savoie-levaugrais.com\/wp-content\/uploads\/2022\/10\/IMG_3603retoucheweb.jpg\" data-lightbox=\"sevgallery-1925467085\" style=\"background-image: url(https:\/\/camping-savoie-levaugrais.com\/wp-content\/uploads\/2022\/10\/IMG_3603retoucheweb.jpg)\">-->\n\t\t\t\t\t<a href=\"https:\/\/camping-savoie-levaugrais.com\/wp-content\/uploads\/2022\/10\/IMG_3603retoucheweb.jpg\" data-lightbox=\"sevgallery-1925467085\">\n\t\t\t\t\t\t<img decoding=\"async\" src=\"https:\/\/camping-savoie-levaugrais.com\/wp-content\/uploads\/2022\/10\/IMG_3603retoucheweb.jpg\" alt=\"camping le Vaugrais\" loading=\"lazy\">\n\t\t\t\t\t<\/a>\n\t\t\t\t<\/div>\n\n\t\t\t\t\n\t\t\t\t\t\t\t\t\t\t\t\n\t\t\t\t\n\t\t\t\t<div class=\"sev-diaporama-portfolio-item col-12 col-lg  col-grow\">\n\t\t\t\t\t<!--<a href=\"https:\/\/camping-savoie-levaugrais.com\/wp-content\/uploads\/2022\/10\/IMG_3617retoucheweb.jpg\" data-lightbox=\"sevgallery-1925467085\" style=\"background-image: url(https:\/\/camping-savoie-levaugrais.com\/wp-content\/uploads\/2022\/10\/IMG_3617retoucheweb.jpg)\">-->\n\t\t\t\t\t<a href=\"https:\/\/camping-savoie-levaugrais.com\/wp-content\/uploads\/2022\/10\/IMG_3617retoucheweb.jpg\" data-lightbox=\"sevgallery-1925467085\">\n\t\t\t\t\t\t<img decoding=\"async\" src=\"https:\/\/camping-savoie-levaugrais.com\/wp-content\/uploads\/2022\/10\/IMG_3617retoucheweb.jpg\" alt=\"camping le Vaugrais\" loading=\"lazy\">\n\t\t\t\t\t<\/a>\n\t\t\t\t<\/div>\n\n\t\t\t\t\t\t\t\t\t<div class=\"w-100\"><\/div>\n\t\t\t\t\t\t\t\t\t\n\t\t\t\t\t\t\t\t\t\t\t\n\t\t\t\t\n\t\t\t\t<div class=\"sev-diaporama-portfolio-item col-12 col-lg \">\n\t\t\t\t\t<!--<a href=\"https:\/\/camping-savoie-levaugrais.com\/wp-content\/uploads\/2023\/10\/IMG_5488retoucheweb-site-internet.jpg\" data-lightbox=\"sevgallery-1925467085\" style=\"background-image: url(https:\/\/camping-savoie-levaugrais.com\/wp-content\/uploads\/2023\/10\/IMG_5488retoucheweb-site-internet.jpg)\">-->\n\t\t\t\t\t<a href=\"https:\/\/camping-savoie-levaugrais.com\/wp-content\/uploads\/2023\/10\/IMG_5488retoucheweb-site-internet.jpg\" data-lightbox=\"sevgallery-1925467085\">\n\t\t\t\t\t\t<img decoding=\"async\" src=\"https:\/\/camping-savoie-levaugrais.com\/wp-content\/uploads\/2023\/10\/IMG_5488retoucheweb-site-internet.jpg\" alt=\"Le Vaugrais - camping nature\" loading=\"lazy\">\n\t\t\t\t\t<\/a>\n\t\t\t\t<\/div>\n\n\t\t\t\t\n\t\t\t\t\t\t\t\t\t\t\t\n\t\t\t\t\n\t\t\t\t<div class=\"sev-diaporama-portfolio-item col-12 col-lg \">\n\t\t\t\t\t<!--<a href=\"https:\/\/camping-savoie-levaugrais.com\/wp-content\/uploads\/2023\/10\/IMG_5421retoucheweb-site-internet.jpg\" data-lightbox=\"sevgallery-1925467085\" style=\"background-image: url(https:\/\/camping-savoie-levaugrais.com\/wp-content\/uploads\/2023\/10\/IMG_5421retoucheweb-site-internet.jpg)\">-->\n\t\t\t\t\t<a href=\"https:\/\/camping-savoie-levaugrais.com\/wp-content\/uploads\/2023\/10\/IMG_5421retoucheweb-site-internet.jpg\" data-lightbox=\"sevgallery-1925467085\">\n\t\t\t\t\t\t<img decoding=\"async\" src=\"https:\/\/camping-savoie-levaugrais.com\/wp-content\/uploads\/2023\/10\/IMG_5421retoucheweb-site-internet.jpg\" alt=\"Le Vaugrais - camping nature\" loading=\"lazy\">\n\t\t\t\t\t<\/a>\n\t\t\t\t<\/div>\n\n\t\t\t\t\n\t\t\t\t\t\t\t\t\t\t\t\n\t\t\t\t\n\t\t\t\t<div class=\"sev-diaporama-portfolio-item col-12 col-lg  col-shrink\">\n\t\t\t\t\t<!--<a href=\"https:\/\/camping-savoie-levaugrais.com\/wp-content\/uploads\/2022\/10\/IMG_3567retoucheweb3.jpg\" data-lightbox=\"sevgallery-1925467085\" style=\"background-image: url(https:\/\/camping-savoie-levaugrais.com\/wp-content\/uploads\/2022\/10\/IMG_3567retoucheweb3.jpg)\">-->\n\t\t\t\t\t<a href=\"https:\/\/camping-savoie-levaugrais.com\/wp-content\/uploads\/2022\/10\/IMG_3567retoucheweb3.jpg\" data-lightbox=\"sevgallery-1925467085\">\n\t\t\t\t\t\t<img decoding=\"async\" src=\"https:\/\/camping-savoie-levaugrais.com\/wp-content\/uploads\/2022\/10\/IMG_3567retoucheweb3.jpg\" alt=\"camping le Vaugrais\" loading=\"lazy\">\n\t\t\t\t\t<\/a>\n\t\t\t\t<\/div>\n\n\t\t\t\t\n\t\t\t\t\t\t\t\t\t\t\t\n\t\t\t\t\n\t\t\t\t<div class=\"sev-diaporama-portfolio-item col-12 col-lg  col-grow\">\n\t\t\t\t\t<!--<a href=\"https:\/\/camping-savoie-levaugrais.com\/wp-content\/uploads\/2022\/10\/MG_5484retoucheweb.jpg\" data-lightbox=\"sevgallery-1925467085\" style=\"background-image: url(https:\/\/camping-savoie-levaugrais.com\/wp-content\/uploads\/2022\/10\/MG_5484retoucheweb.jpg)\">-->\n\t\t\t\t\t<a href=\"https:\/\/camping-savoie-levaugrais.com\/wp-content\/uploads\/2022\/10\/MG_5484retoucheweb.jpg\" data-lightbox=\"sevgallery-1925467085\">\n\t\t\t\t\t\t<img decoding=\"async\" src=\"https:\/\/camping-savoie-levaugrais.com\/wp-content\/uploads\/2022\/10\/MG_5484retoucheweb.jpg\" alt=\"camping le Vaugrais\" loading=\"lazy\">\n\t\t\t\t\t<\/a>\n\t\t\t\t<\/div>\n\n\t\t\t\t\t\t\t\t\t<div class=\"w-100\"><\/div>\n\t\t\t\t\t\t\t\t\t\n\t\t\t\t\t\t\t\t\t\t\t\n\t\t\t\t\n\t\t\t\t<div class=\"sev-diaporama-portfolio-item col-12 col-lg \">\n\t\t\t\t\t<!--<a href=\"https:\/\/camping-savoie-levaugrais.com\/wp-content\/uploads\/2022\/10\/IMG_3593retoucheweb.jpg\" data-lightbox=\"sevgallery-1925467085\" style=\"background-image: url(https:\/\/camping-savoie-levaugrais.com\/wp-content\/uploads\/2022\/10\/IMG_3593retoucheweb.jpg)\">-->\n\t\t\t\t\t<a href=\"https:\/\/camping-savoie-levaugrais.com\/wp-content\/uploads\/2022\/10\/IMG_3593retoucheweb.jpg\" data-lightbox=\"sevgallery-1925467085\">\n\t\t\t\t\t\t<img decoding=\"async\" src=\"https:\/\/camping-savoie-levaugrais.com\/wp-content\/uploads\/2022\/10\/IMG_3593retoucheweb.jpg\" alt=\"camping le Vaugrais\" loading=\"lazy\">\n\t\t\t\t\t<\/a>\n\t\t\t\t<\/div>\n\n\t\t\t\t\n\t\t\t\t\t\t\t\t\t\t\t\n\t\t\t\t\n\t\t\t\t<div class=\"sev-diaporama-portfolio-item col-12 col-lg  col-grow\">\n\t\t\t\t\t<!--<a href=\"https:\/\/camping-savoie-levaugrais.com\/wp-content\/uploads\/2023\/10\/IMG_1616-site-internet.jpg\" data-lightbox=\"sevgallery-1925467085\" style=\"background-image: url(https:\/\/camping-savoie-levaugrais.com\/wp-content\/uploads\/2023\/10\/IMG_1616-site-internet.jpg)\">-->\n\t\t\t\t\t<a href=\"https:\/\/camping-savoie-levaugrais.com\/wp-content\/uploads\/2023\/10\/IMG_1616-site-internet.jpg\" data-lightbox=\"sevgallery-1925467085\">\n\t\t\t\t\t\t<img decoding=\"async\" src=\"https:\/\/camping-savoie-levaugrais.com\/wp-content\/uploads\/2023\/10\/IMG_1616-site-internet.jpg\" alt=\"Le Vaugrais - camping nature\" loading=\"lazy\">\n\t\t\t\t\t<\/a>\n\t\t\t\t<\/div>\n\n\t\t\t\t\n\t\t\t\t\t\t\t\t\t\t\t\t\t\t<\/div>\n\t\t\t<\/div>\n\n\t\t\t<script>\n\t\t\tjQuery(function($) {\n\n\t\t\t\tvar marginPortfolio = function() {\n\n\t\t\t\t\tvar $diapo          = $('#sevgallery-1925467085');\n\t\t\t\t\tvar container_width = $diapo.parent().outerWidth();\n\t\t\t\t\tvar side            = ( $(window).innerWidth() - container_width ) \/ 2;\n\n\t\t\t\t\t$diapo.css( {\n\t\t\t\t\t\t'margin-left': '-' + side + 'px',\n\t\t\t\t\t\t'margin-right': '-' + side + 'px',\n\t\t\t\t\t} );\n\t\t\t\t};\n\n\t\t\t\t$( window ).resize( function() {\n\t\t\t\t\tmarginPortfolio();\n\t\t\t\t} );\n\t\t\t\tmarginPortfolio();\n\t\t\t});\n\t\t\t<\/script>\n\t\t\t\n","protected":false},"excerpt":{"rendered":"<p>Er befindet sich 50 Meter vom Campingplatz entfernt und \u00fcberragt die Gemeinde Artemare. Dieses Kalksteinplateau entstand vor 140 Millionen Jahren aus dem Jurameer. Dieser bemerkenswerte Ort ist als Espace Naturel Sensible ausgezeichnet und besteht aus Lapiaz, die im Laufe der Zeit durch Wasserinfiltrationen entstanden sind. Diese Lapiaz sind eine geologische Oberfl\u00e4chenformation in Kalk- und Dolomitgestein, [&hellip;]<\/p>\n","protected":false},"author":1,"featured_media":0,"parent":0,"menu_order":0,"comment_status":"closed","ping_status":"closed","template":"","meta":{"_seopress_robots_primary_cat":"","_seopress_titles_title":"Das Fierloz-Massiv in 50 m Entfernung vom Campingplatz *** le Vaugrais","_seopress_titles_desc":"Nur 50 Meter entfernt k\u00f6nnen Sie die Sch\u00f6nheit des Fierloz-Massivs entdecken. Dieses Kalksteinplateau ist ein bemerkenswerter Ort, den Sie sich nicht entgehen lassen sollten.","_seopress_robots_index":"","_crdt_document":"","footnotes":""},"class_list":["post-13338","page","type-page","status-publish","hentry"],"_links":{"self":[{"href":"https:\/\/camping-savoie-levaugrais.com\/de\/wp-json\/wp\/v2\/pages\/13338","targetHints":{"allow":["GET"]}}],"collection":[{"href":"https:\/\/camping-savoie-levaugrais.com\/de\/wp-json\/wp\/v2\/pages"}],"about":[{"href":"https:\/\/camping-savoie-levaugrais.com\/de\/wp-json\/wp\/v2\/types\/page"}],"author":[{"embeddable":true,"href":"https:\/\/camping-savoie-levaugrais.com\/de\/wp-json\/wp\/v2\/users\/1"}],"replies":[{"embeddable":true,"href":"https:\/\/camping-savoie-levaugrais.com\/de\/wp-json\/wp\/v2\/comments?post=13338"}],"version-history":[{"count":2,"href":"https:\/\/camping-savoie-levaugrais.com\/de\/wp-json\/wp\/v2\/pages\/13338\/revisions"}],"predecessor-version":[{"id":16487,"href":"https:\/\/camping-savoie-levaugrais.com\/de\/wp-json\/wp\/v2\/pages\/13338\/revisions\/16487"}],"wp:attachment":[{"href":"https:\/\/camping-savoie-levaugrais.com\/de\/wp-json\/wp\/v2\/media?parent=13338"}],"curies":[{"name":"wp","href":"https:\/\/api.w.org\/{rel}","templated":true}]}}