{"id":13340,"date":"2024-10-10T11:51:45","date_gmt":"2024-10-10T09:51:45","guid":{"rendered":"https:\/\/camping-savoie-levaugrais.com\/der-sumpf-von-lavours\/"},"modified":"2025-01-03T13:01:51","modified_gmt":"2025-01-03T12:01:51","slug":"der-sumpf-von-lavours","status":"publish","type":"page","link":"https:\/\/camping-savoie-levaugrais.com\/de\/der-sumpf-von-lavours\/","title":{"rendered":"Der Sumpf von Lavours"},"content":{"rendered":"<div class=\"wp-block-image\">\n<figure class=\"aligncenter size-large is-resized\"><img loading=\"lazy\" decoding=\"async\" width=\"1024\" height=\"576\" src=\"https:\/\/camping-savoie-levaugrais.com\/wp-content\/uploads\/2025\/01\/partez-a-laventure-en-allemand-1-1024x576.jpg\" alt=\"\" class=\"wp-image-16488\" style=\"width:217px;height:auto\" srcset=\"https:\/\/camping-savoie-levaugrais.com\/wp-content\/uploads\/2025\/01\/partez-a-laventure-en-allemand-1-1024x576.jpg 1024w, https:\/\/camping-savoie-levaugrais.com\/wp-content\/uploads\/2025\/01\/partez-a-laventure-en-allemand-1-300x169.jpg 300w, https:\/\/camping-savoie-levaugrais.com\/wp-content\/uploads\/2025\/01\/partez-a-laventure-en-allemand-1-768x432.jpg 768w, https:\/\/camping-savoie-levaugrais.com\/wp-content\/uploads\/2025\/01\/partez-a-laventure-en-allemand-1-1536x864.jpg 1536w, https:\/\/camping-savoie-levaugrais.com\/wp-content\/uploads\/2025\/01\/partez-a-laventure-en-allemand-1.jpg 1920w\" sizes=\"auto, (max-width: 1024px) 100vw, 1024px\" \/><\/figure>\n<\/div>\n\n\n<p class=\"wp-block-paragraph\">13 km vom Campingplatz entfernt liegt ein 500 ha gro\u00dfes nationales Naturschutzgebiet am Fu\u00dfe des gro\u00dfen Colombier, in der Gemeinde Aignoz. Ein Pfad auf Stelzen mit Schildern und Beobachtungsposten f\u00fchrt durch das Herz des Sumpfes. <\/p>\n\n\n\n<p class=\"wp-block-paragraph\">371 Pflanzenarten wurden gez\u00e4hlt, \u00fcber 400 Arten von Pilzen, Algen, Flechten, Moosen und Farnen wurden inventarisiert. Das Reservat beherbergt auch zahlreiche V\u00f6gel, darunter den Gro\u00dfen Brachvogel, die Rohrweihe und die Blaukehlchen. Amphibien sind hier h\u00e4ufig anzutreffen.  <\/p>\n\n\n\n<p class=\"wp-block-paragraph\">Im Maison du marais wird jedes Jahr eine tempor\u00e4re Ausstellung gezeigt. Im Sommer werden zahlreiche Animationen von Naturvermittlern organisiert. <\/p>\n\n\n\n<p class=\"wp-block-paragraph\">Am Eingang des Sumpfes befindet sich ein p\u00e4dagogischer Bauernhof, wo Sie von den Tieren des Bauernhofs begr\u00fc\u00dft werden.  <\/p>\n\n\n\t\t\t<div id=\"sevgallery-1704798358\" class=\"sev-diaporama sev-diaporama-portfolio\">\n\t\t\t<div class=\"row\">\n\n\t\t\t\n\t\t\t\t\n\t\t\t\t<div class=\"sev-diaporama-portfolio-item col-12 col-lg  col-grow\">\n\t\t\t\t\t<!--<a href=\"https:\/\/camping-savoie-levaugrais.com\/wp-content\/uploads\/2022\/10\/IMG_3744retoucheweb.jpg\" data-lightbox=\"sevgallery-1704798358\" style=\"background-image: url(https:\/\/camping-savoie-levaugrais.com\/wp-content\/uploads\/2022\/10\/IMG_3744retoucheweb.jpg)\">-->\n\t\t\t\t\t<a href=\"https:\/\/camping-savoie-levaugrais.com\/wp-content\/uploads\/2022\/10\/IMG_3744retoucheweb.jpg\" data-lightbox=\"sevgallery-1704798358\">\n\t\t\t\t\t\t<img decoding=\"async\" src=\"https:\/\/camping-savoie-levaugrais.com\/wp-content\/uploads\/2022\/10\/IMG_3744retoucheweb.jpg\" alt=\"camping le Vaugrais\" loading=\"lazy\">\n\t\t\t\t\t<\/a>\n\t\t\t\t<\/div>\n\n\t\t\t\t\n\t\t\t\t\t\t\t\t\t\t\t\n\t\t\t\t\n\t\t\t\t<div class=\"sev-diaporama-portfolio-item col-12 col-lg \">\n\t\t\t\t\t<!--<a href=\"https:\/\/camping-savoie-levaugrais.com\/wp-content\/uploads\/2023\/10\/IMG_5536retoucheweb1-site-internet.jpg\" data-lightbox=\"sevgallery-1704798358\" style=\"background-image: url(https:\/\/camping-savoie-levaugrais.com\/wp-content\/uploads\/2023\/10\/IMG_5536retoucheweb1-site-internet.jpg)\">-->\n\t\t\t\t\t<a href=\"https:\/\/camping-savoie-levaugrais.com\/wp-content\/uploads\/2023\/10\/IMG_5536retoucheweb1-site-internet.jpg\" data-lightbox=\"sevgallery-1704798358\">\n\t\t\t\t\t\t<img decoding=\"async\" src=\"https:\/\/camping-savoie-levaugrais.com\/wp-content\/uploads\/2023\/10\/IMG_5536retoucheweb1-site-internet.jpg\" alt=\"Le Vaugrais - camping nature\" loading=\"lazy\">\n\t\t\t\t\t<\/a>\n\t\t\t\t<\/div>\n\n\t\t\t\t\n\t\t\t\t\t\t\t\t\t\t\t\n\t\t\t\t\n\t\t\t\t<div class=\"sev-diaporama-portfolio-item col-12 col-lg  col-shrink\">\n\t\t\t\t\t<!--<a href=\"https:\/\/camping-savoie-levaugrais.com\/wp-content\/uploads\/2022\/10\/IMG_3708retoucheweb.jpg\" data-lightbox=\"sevgallery-1704798358\" style=\"background-image: url(https:\/\/camping-savoie-levaugrais.com\/wp-content\/uploads\/2022\/10\/IMG_3708retoucheweb.jpg)\">-->\n\t\t\t\t\t<a href=\"https:\/\/camping-savoie-levaugrais.com\/wp-content\/uploads\/2022\/10\/IMG_3708retoucheweb.jpg\" data-lightbox=\"sevgallery-1704798358\">\n\t\t\t\t\t\t<img decoding=\"async\" src=\"https:\/\/camping-savoie-levaugrais.com\/wp-content\/uploads\/2022\/10\/IMG_3708retoucheweb.jpg\" alt=\"nature\" loading=\"lazy\">\n\t\t\t\t\t<\/a>\n\t\t\t\t<\/div>\n\n\t\t\t\t\n\t\t\t\t\t\t\t\t\t\t\t\n\t\t\t\t\n\t\t\t\t<div class=\"sev-diaporama-portfolio-item col-12 col-lg  col-grow\">\n\t\t\t\t\t<!--<a href=\"https:\/\/camping-savoie-levaugrais.com\/wp-content\/uploads\/2021\/08\/IMG_1214.jpg\" data-lightbox=\"sevgallery-1704798358\" style=\"background-image: url(https:\/\/camping-savoie-levaugrais.com\/wp-content\/uploads\/2021\/08\/IMG_1214.jpg)\">-->\n\t\t\t\t\t<a href=\"https:\/\/camping-savoie-levaugrais.com\/wp-content\/uploads\/2021\/08\/IMG_1214.jpg\" data-lightbox=\"sevgallery-1704798358\">\n\t\t\t\t\t\t<img decoding=\"async\" src=\"https:\/\/camping-savoie-levaugrais.com\/wp-content\/uploads\/2021\/08\/IMG_1214.jpg\" alt=\"marais de Lavours\" loading=\"lazy\">\n\t\t\t\t\t<\/a>\n\t\t\t\t<\/div>\n\n\t\t\t\t\t\t\t\t\t<div class=\"w-100\"><\/div>\n\t\t\t\t\t\t\t\t\t\n\t\t\t\t\t\t\t\t\t\t\t\n\t\t\t\t\n\t\t\t\t<div class=\"sev-diaporama-portfolio-item col-12 col-lg  col-grow\">\n\t\t\t\t\t<!--<a href=\"https:\/\/camping-savoie-levaugrais.com\/wp-content\/uploads\/2023\/10\/IMG_5538retoucheweb-site-internet.jpg\" data-lightbox=\"sevgallery-1704798358\" style=\"background-image: url(https:\/\/camping-savoie-levaugrais.com\/wp-content\/uploads\/2023\/10\/IMG_5538retoucheweb-site-internet.jpg)\">-->\n\t\t\t\t\t<a href=\"https:\/\/camping-savoie-levaugrais.com\/wp-content\/uploads\/2023\/10\/IMG_5538retoucheweb-site-internet.jpg\" data-lightbox=\"sevgallery-1704798358\">\n\t\t\t\t\t\t<img decoding=\"async\" src=\"https:\/\/camping-savoie-levaugrais.com\/wp-content\/uploads\/2023\/10\/IMG_5538retoucheweb-site-internet.jpg\" alt=\"Le Vaugrais - camping nature\" loading=\"lazy\">\n\t\t\t\t\t<\/a>\n\t\t\t\t<\/div>\n\n\t\t\t\t\n\t\t\t\t\t\t\t\t\t\t\t\n\t\t\t\t\n\t\t\t\t<div class=\"sev-diaporama-portfolio-item col-12 col-lg  col-shrink\">\n\t\t\t\t\t<!--<a href=\"https:\/\/camping-savoie-levaugrais.com\/wp-content\/uploads\/2021\/09\/IMG-20210728-WA0037.jpg\" data-lightbox=\"sevgallery-1704798358\" style=\"background-image: url(https:\/\/camping-savoie-levaugrais.com\/wp-content\/uploads\/2021\/09\/IMG-20210728-WA0037.jpg)\">-->\n\t\t\t\t\t<a href=\"https:\/\/camping-savoie-levaugrais.com\/wp-content\/uploads\/2021\/09\/IMG-20210728-WA0037.jpg\" data-lightbox=\"sevgallery-1704798358\">\n\t\t\t\t\t\t<img decoding=\"async\" src=\"https:\/\/camping-savoie-levaugrais.com\/wp-content\/uploads\/2021\/09\/IMG-20210728-WA0037.jpg\" alt=\"marais des lavours\" loading=\"lazy\">\n\t\t\t\t\t<\/a>\n\t\t\t\t<\/div>\n\n\t\t\t\t\n\t\t\t\t\t\t\t\t\t\t\t\n\t\t\t\t\n\t\t\t\t<div class=\"sev-diaporama-portfolio-item col-12 col-lg  col-grow\">\n\t\t\t\t\t<!--<a href=\"https:\/\/camping-savoie-levaugrais.com\/wp-content\/uploads\/2024\/09\/IMG_2541-retouche-internet.jpg\" data-lightbox=\"sevgallery-1704798358\" style=\"background-image: url(https:\/\/camping-savoie-levaugrais.com\/wp-content\/uploads\/2024\/09\/IMG_2541-retouche-internet.jpg)\">-->\n\t\t\t\t\t<a href=\"https:\/\/camping-savoie-levaugrais.com\/wp-content\/uploads\/2024\/09\/IMG_2541-retouche-internet.jpg\" data-lightbox=\"sevgallery-1704798358\">\n\t\t\t\t\t\t<img decoding=\"async\" src=\"https:\/\/camping-savoie-levaugrais.com\/wp-content\/uploads\/2024\/09\/IMG_2541-retouche-internet.jpg\" alt=\"nature\" loading=\"lazy\">\n\t\t\t\t\t<\/a>\n\t\t\t\t<\/div>\n\n\t\t\t\t\n\t\t\t\t\t\t\t\t\t\t\t\n\t\t\t\t\n\t\t\t\t<div class=\"sev-diaporama-portfolio-item col-12 col-lg  col-shrink\">\n\t\t\t\t\t<!--<a href=\"https:\/\/camping-savoie-levaugrais.com\/wp-content\/uploads\/2022\/10\/IMG_3759retoucheweb.jpg\" data-lightbox=\"sevgallery-1704798358\" style=\"background-image: url(https:\/\/camping-savoie-levaugrais.com\/wp-content\/uploads\/2022\/10\/IMG_3759retoucheweb.jpg)\">-->\n\t\t\t\t\t<a href=\"https:\/\/camping-savoie-levaugrais.com\/wp-content\/uploads\/2022\/10\/IMG_3759retoucheweb.jpg\" data-lightbox=\"sevgallery-1704798358\">\n\t\t\t\t\t\t<img decoding=\"async\" src=\"https:\/\/camping-savoie-levaugrais.com\/wp-content\/uploads\/2022\/10\/IMG_3759retoucheweb.jpg\" alt=\"camping le Vaugrais\" loading=\"lazy\">\n\t\t\t\t\t<\/a>\n\t\t\t\t<\/div>\n\n\t\t\t\t\t\t\t\t\t<div class=\"w-100\"><\/div>\n\t\t\t\t\t\t\t\t\t\n\t\t\t\t\t\t\t\t\t\t\t\n\t\t\t\t\n\t\t\t\t<div class=\"sev-diaporama-portfolio-item col-12 col-lg  col-shrink\">\n\t\t\t\t\t<!--<a href=\"https:\/\/camping-savoie-levaugrais.com\/wp-content\/uploads\/2022\/10\/IMG_3761retoucheweb.jpg\" data-lightbox=\"sevgallery-1704798358\" style=\"background-image: url(https:\/\/camping-savoie-levaugrais.com\/wp-content\/uploads\/2022\/10\/IMG_3761retoucheweb.jpg)\">-->\n\t\t\t\t\t<a href=\"https:\/\/camping-savoie-levaugrais.com\/wp-content\/uploads\/2022\/10\/IMG_3761retoucheweb.jpg\" data-lightbox=\"sevgallery-1704798358\">\n\t\t\t\t\t\t<img decoding=\"async\" src=\"https:\/\/camping-savoie-levaugrais.com\/wp-content\/uploads\/2022\/10\/IMG_3761retoucheweb.jpg\" alt=\"camping le Vaugrais\" loading=\"lazy\">\n\t\t\t\t\t<\/a>\n\t\t\t\t<\/div>\n\n\t\t\t\t\n\t\t\t\t\t\t\t\t\t\t\t\n\t\t\t\t\n\t\t\t\t<div class=\"sev-diaporama-portfolio-item col-12 col-lg \">\n\t\t\t\t\t<!--<a href=\"https:\/\/camping-savoie-levaugrais.com\/wp-content\/uploads\/2022\/10\/IMG_3024retouche.jpg\" data-lightbox=\"sevgallery-1704798358\" style=\"background-image: url(https:\/\/camping-savoie-levaugrais.com\/wp-content\/uploads\/2022\/10\/IMG_3024retouche.jpg)\">-->\n\t\t\t\t\t<a href=\"https:\/\/camping-savoie-levaugrais.com\/wp-content\/uploads\/2022\/10\/IMG_3024retouche.jpg\" data-lightbox=\"sevgallery-1704798358\">\n\t\t\t\t\t\t<img decoding=\"async\" src=\"https:\/\/camping-savoie-levaugrais.com\/wp-content\/uploads\/2022\/10\/IMG_3024retouche.jpg\" alt=\"nature\" loading=\"lazy\">\n\t\t\t\t\t<\/a>\n\t\t\t\t<\/div>\n\n\t\t\t\t\n\t\t\t\t\t\t\t\t\t\t\t\n\t\t\t\t\n\t\t\t\t<div class=\"sev-diaporama-portfolio-item col-12 col-lg \">\n\t\t\t\t\t<!--<a href=\"https:\/\/camping-savoie-levaugrais.com\/wp-content\/uploads\/2024\/09\/IMG_2540-retouche-internet.jpg\" data-lightbox=\"sevgallery-1704798358\" style=\"background-image: url(https:\/\/camping-savoie-levaugrais.com\/wp-content\/uploads\/2024\/09\/IMG_2540-retouche-internet.jpg)\">-->\n\t\t\t\t\t<a href=\"https:\/\/camping-savoie-levaugrais.com\/wp-content\/uploads\/2024\/09\/IMG_2540-retouche-internet.jpg\" data-lightbox=\"sevgallery-1704798358\">\n\t\t\t\t\t\t<img decoding=\"async\" src=\"https:\/\/camping-savoie-levaugrais.com\/wp-content\/uploads\/2024\/09\/IMG_2540-retouche-internet.jpg\" alt=\"rivi\u00e8re\" loading=\"lazy\">\n\t\t\t\t\t<\/a>\n\t\t\t\t<\/div>\n\n\t\t\t\t\n\t\t\t\t\t\t\t\t\t\t\t\n\t\t\t\t\n\t\t\t\t<div class=\"sev-diaporama-portfolio-item col-12 col-lg  col-shrink\">\n\t\t\t\t\t<!--<a href=\"https:\/\/camping-savoie-levaugrais.com\/wp-content\/uploads\/2021\/09\/IMG-20210728-WA0030.jpg\" data-lightbox=\"sevgallery-1704798358\" style=\"background-image: url(https:\/\/camping-savoie-levaugrais.com\/wp-content\/uploads\/2021\/09\/IMG-20210728-WA0030.jpg)\">-->\n\t\t\t\t\t<a href=\"https:\/\/camping-savoie-levaugrais.com\/wp-content\/uploads\/2021\/09\/IMG-20210728-WA0030.jpg\" data-lightbox=\"sevgallery-1704798358\">\n\t\t\t\t\t\t<img decoding=\"async\" src=\"https:\/\/camping-savoie-levaugrais.com\/wp-content\/uploads\/2021\/09\/IMG-20210728-WA0030.jpg\" alt=\"Gd-Colombier\" loading=\"lazy\">\n\t\t\t\t\t<\/a>\n\t\t\t\t<\/div>\n\n\t\t\t\t\t\t\t\t\t<div class=\"w-100\"><\/div>\n\t\t\t\t\t\t\t\t\t\n\t\t\t\t\t\t\t\t\t\t\t\n\t\t\t\t\n\t\t\t\t<div class=\"sev-diaporama-portfolio-item col-12 col-lg \">\n\t\t\t\t\t<!--<a href=\"https:\/\/camping-savoie-levaugrais.com\/wp-content\/uploads\/2021\/09\/IMG-20210728-WA0039.jpg\" data-lightbox=\"sevgallery-1704798358\" style=\"background-image: url(https:\/\/camping-savoie-levaugrais.com\/wp-content\/uploads\/2021\/09\/IMG-20210728-WA0039.jpg)\">-->\n\t\t\t\t\t<a href=\"https:\/\/camping-savoie-levaugrais.com\/wp-content\/uploads\/2021\/09\/IMG-20210728-WA0039.jpg\" data-lightbox=\"sevgallery-1704798358\">\n\t\t\t\t\t\t<img decoding=\"async\" src=\"https:\/\/camping-savoie-levaugrais.com\/wp-content\/uploads\/2021\/09\/IMG-20210728-WA0039.jpg\" alt=\"marais des lavours\" loading=\"lazy\">\n\t\t\t\t\t<\/a>\n\t\t\t\t<\/div>\n\n\t\t\t\t\n\t\t\t\t\t\t\t\t\t\t\t\n\t\t\t\t\n\t\t\t\t<div class=\"sev-diaporama-portfolio-item col-12 col-lg \">\n\t\t\t\t\t<!--<a href=\"https:\/\/camping-savoie-levaugrais.com\/wp-content\/uploads\/2022\/10\/IMG_3754retoucheweb.jpg\" data-lightbox=\"sevgallery-1704798358\" style=\"background-image: url(https:\/\/camping-savoie-levaugrais.com\/wp-content\/uploads\/2022\/10\/IMG_3754retoucheweb.jpg)\">-->\n\t\t\t\t\t<a href=\"https:\/\/camping-savoie-levaugrais.com\/wp-content\/uploads\/2022\/10\/IMG_3754retoucheweb.jpg\" data-lightbox=\"sevgallery-1704798358\">\n\t\t\t\t\t\t<img decoding=\"async\" src=\"https:\/\/camping-savoie-levaugrais.com\/wp-content\/uploads\/2022\/10\/IMG_3754retoucheweb.jpg\" alt=\"camping le Vaugrais\" loading=\"lazy\">\n\t\t\t\t\t<\/a>\n\t\t\t\t<\/div>\n\n\t\t\t\t\n\t\t\t\t\t\t\t\t\t\t\t\n\t\t\t\t\n\t\t\t\t<div class=\"sev-diaporama-portfolio-item col-12 col-lg  col-grow\">\n\t\t\t\t\t<!--<a href=\"https:\/\/camping-savoie-levaugrais.com\/wp-content\/uploads\/2022\/10\/IMG_3715retoucheweb.jpg\" data-lightbox=\"sevgallery-1704798358\" style=\"background-image: url(https:\/\/camping-savoie-levaugrais.com\/wp-content\/uploads\/2022\/10\/IMG_3715retoucheweb.jpg)\">-->\n\t\t\t\t\t<a href=\"https:\/\/camping-savoie-levaugrais.com\/wp-content\/uploads\/2022\/10\/IMG_3715retoucheweb.jpg\" data-lightbox=\"sevgallery-1704798358\">\n\t\t\t\t\t\t<img decoding=\"async\" src=\"https:\/\/camping-savoie-levaugrais.com\/wp-content\/uploads\/2022\/10\/IMG_3715retoucheweb.jpg\" alt=\"nature\" loading=\"lazy\">\n\t\t\t\t\t<\/a>\n\t\t\t\t<\/div>\n\n\t\t\t\t\n\t\t\t\t\t\t\t\t\t\t\t\n\t\t\t\t\n\t\t\t\t<div class=\"sev-diaporama-portfolio-item col-12 col-lg  col-shrink\">\n\t\t\t\t\t<!--<a href=\"https:\/\/camping-savoie-levaugrais.com\/wp-content\/uploads\/2023\/10\/IMG_5576retoucheweb2-site-internet.jpg\" data-lightbox=\"sevgallery-1704798358\" style=\"background-image: url(https:\/\/camping-savoie-levaugrais.com\/wp-content\/uploads\/2023\/10\/IMG_5576retoucheweb2-site-internet.jpg)\">-->\n\t\t\t\t\t<a href=\"https:\/\/camping-savoie-levaugrais.com\/wp-content\/uploads\/2023\/10\/IMG_5576retoucheweb2-site-internet.jpg\" data-lightbox=\"sevgallery-1704798358\">\n\t\t\t\t\t\t<img decoding=\"async\" src=\"https:\/\/camping-savoie-levaugrais.com\/wp-content\/uploads\/2023\/10\/IMG_5576retoucheweb2-site-internet.jpg\" alt=\"Le Vaugrais - camping nature\" loading=\"lazy\">\n\t\t\t\t\t<\/a>\n\t\t\t\t<\/div>\n\n\t\t\t\t\t\t\t\t\t<div class=\"w-100\"><\/div>\n\t\t\t\t\t\t\t\t\t\n\t\t\t\t\t\t\t\t\t\t\t\n\t\t\t\t\n\t\t\t\t<div class=\"sev-diaporama-portfolio-item col-12 col-lg \">\n\t\t\t\t\t<!--<a href=\"https:\/\/camping-savoie-levaugrais.com\/wp-content\/uploads\/2024\/09\/IMG_2517-retouche-internet.jpg\" data-lightbox=\"sevgallery-1704798358\" style=\"background-image: url(https:\/\/camping-savoie-levaugrais.com\/wp-content\/uploads\/2024\/09\/IMG_2517-retouche-internet.jpg)\">-->\n\t\t\t\t\t<a href=\"https:\/\/camping-savoie-levaugrais.com\/wp-content\/uploads\/2024\/09\/IMG_2517-retouche-internet.jpg\" data-lightbox=\"sevgallery-1704798358\">\n\t\t\t\t\t\t<img decoding=\"async\" src=\"https:\/\/camping-savoie-levaugrais.com\/wp-content\/uploads\/2024\/09\/IMG_2517-retouche-internet.jpg\" alt=\"oiseau\" loading=\"lazy\">\n\t\t\t\t\t<\/a>\n\t\t\t\t<\/div>\n\n\t\t\t\t\n\t\t\t\t\t\t\t\t\t\t\t\n\t\t\t\t\n\t\t\t\t<div class=\"sev-diaporama-portfolio-item col-12 col-lg \">\n\t\t\t\t\t<!--<a href=\"https:\/\/camping-savoie-levaugrais.com\/wp-content\/uploads\/2024\/09\/IMG_2531-retouche-internet.jpg\" data-lightbox=\"sevgallery-1704798358\" style=\"background-image: url(https:\/\/camping-savoie-levaugrais.com\/wp-content\/uploads\/2024\/09\/IMG_2531-retouche-internet.jpg)\">-->\n\t\t\t\t\t<a href=\"https:\/\/camping-savoie-levaugrais.com\/wp-content\/uploads\/2024\/09\/IMG_2531-retouche-internet.jpg\" data-lightbox=\"sevgallery-1704798358\">\n\t\t\t\t\t\t<img decoding=\"async\" src=\"https:\/\/camping-savoie-levaugrais.com\/wp-content\/uploads\/2024\/09\/IMG_2531-retouche-internet.jpg\" alt=\"oiseau\" loading=\"lazy\">\n\t\t\t\t\t<\/a>\n\t\t\t\t<\/div>\n\n\t\t\t\t\n\t\t\t\t\t\t\t\t\t\t\t\n\t\t\t\t\n\t\t\t\t<div class=\"sev-diaporama-portfolio-item col-12 col-lg  col-shrink\">\n\t\t\t\t\t<!--<a href=\"https:\/\/camping-savoie-levaugrais.com\/wp-content\/uploads\/2023\/10\/IMG_5564retoucheweb-site-internet.jpg\" data-lightbox=\"sevgallery-1704798358\" style=\"background-image: url(https:\/\/camping-savoie-levaugrais.com\/wp-content\/uploads\/2023\/10\/IMG_5564retoucheweb-site-internet.jpg)\">-->\n\t\t\t\t\t<a href=\"https:\/\/camping-savoie-levaugrais.com\/wp-content\/uploads\/2023\/10\/IMG_5564retoucheweb-site-internet.jpg\" data-lightbox=\"sevgallery-1704798358\">\n\t\t\t\t\t\t<img decoding=\"async\" src=\"https:\/\/camping-savoie-levaugrais.com\/wp-content\/uploads\/2023\/10\/IMG_5564retoucheweb-site-internet.jpg\" alt=\"Le Vaugrais - camping nature\" loading=\"lazy\">\n\t\t\t\t\t<\/a>\n\t\t\t\t<\/div>\n\n\t\t\t\t\n\t\t\t\t\t\t\t\t\t\t\t\n\t\t\t\t\n\t\t\t\t<div class=\"sev-diaporama-portfolio-item col-12 col-lg \">\n\t\t\t\t\t<!--<a href=\"https:\/\/camping-savoie-levaugrais.com\/wp-content\/uploads\/2023\/10\/IMG_5562retoucheweb2-site-internet.jpg\" data-lightbox=\"sevgallery-1704798358\" style=\"background-image: url(https:\/\/camping-savoie-levaugrais.com\/wp-content\/uploads\/2023\/10\/IMG_5562retoucheweb2-site-internet.jpg)\">-->\n\t\t\t\t\t<a href=\"https:\/\/camping-savoie-levaugrais.com\/wp-content\/uploads\/2023\/10\/IMG_5562retoucheweb2-site-internet.jpg\" data-lightbox=\"sevgallery-1704798358\">\n\t\t\t\t\t\t<img decoding=\"async\" src=\"https:\/\/camping-savoie-levaugrais.com\/wp-content\/uploads\/2023\/10\/IMG_5562retoucheweb2-site-internet.jpg\" alt=\"Le Vaugrais - camping nature\" loading=\"lazy\">\n\t\t\t\t\t<\/a>\n\t\t\t\t<\/div>\n\n\t\t\t\t\t\t\t\t\t<div class=\"w-100\"><\/div>\n\t\t\t\t\t\t\t\t\t\n\t\t\t\t\t\t\t\t\t\t\t\n\t\t\t\t\n\t\t\t\t<div class=\"sev-diaporama-portfolio-item col-12 col-lg  col-grow\">\n\t\t\t\t\t<!--<a href=\"https:\/\/camping-savoie-levaugrais.com\/wp-content\/uploads\/2023\/10\/IMG_5549retoucheweb-site-internet.jpg\" data-lightbox=\"sevgallery-1704798358\" style=\"background-image: url(https:\/\/camping-savoie-levaugrais.com\/wp-content\/uploads\/2023\/10\/IMG_5549retoucheweb-site-internet.jpg)\">-->\n\t\t\t\t\t<a href=\"https:\/\/camping-savoie-levaugrais.com\/wp-content\/uploads\/2023\/10\/IMG_5549retoucheweb-site-internet.jpg\" data-lightbox=\"sevgallery-1704798358\">\n\t\t\t\t\t\t<img decoding=\"async\" src=\"https:\/\/camping-savoie-levaugrais.com\/wp-content\/uploads\/2023\/10\/IMG_5549retoucheweb-site-internet.jpg\" alt=\"Le Vaugrais - camping nature\" loading=\"lazy\">\n\t\t\t\t\t<\/a>\n\t\t\t\t<\/div>\n\n\t\t\t\t\n\t\t\t\t\t\t\t\t\t\t\t\n\t\t\t\t\n\t\t\t\t<div class=\"sev-diaporama-portfolio-item col-12 col-lg  col-shrink\">\n\t\t\t\t\t<!--<a href=\"https:\/\/camping-savoie-levaugrais.com\/wp-content\/uploads\/2023\/10\/IMG_5546retoucheweb-site-internet.jpg\" data-lightbox=\"sevgallery-1704798358\" style=\"background-image: url(https:\/\/camping-savoie-levaugrais.com\/wp-content\/uploads\/2023\/10\/IMG_5546retoucheweb-site-internet.jpg)\">-->\n\t\t\t\t\t<a href=\"https:\/\/camping-savoie-levaugrais.com\/wp-content\/uploads\/2023\/10\/IMG_5546retoucheweb-site-internet.jpg\" data-lightbox=\"sevgallery-1704798358\">\n\t\t\t\t\t\t<img decoding=\"async\" src=\"https:\/\/camping-savoie-levaugrais.com\/wp-content\/uploads\/2023\/10\/IMG_5546retoucheweb-site-internet.jpg\" alt=\"Le Vaugrais - camping nature\" loading=\"lazy\">\n\t\t\t\t\t<\/a>\n\t\t\t\t<\/div>\n\n\t\t\t\t\n\t\t\t\t\t\t\t\t\t\t\t\n\t\t\t\t\n\t\t\t\t<div class=\"sev-diaporama-portfolio-item col-12 col-lg \">\n\t\t\t\t\t<!--<a href=\"https:\/\/camping-savoie-levaugrais.com\/wp-content\/uploads\/2023\/10\/IMG_5545-site-internet.jpg\" data-lightbox=\"sevgallery-1704798358\" style=\"background-image: url(https:\/\/camping-savoie-levaugrais.com\/wp-content\/uploads\/2023\/10\/IMG_5545-site-internet.jpg)\">-->\n\t\t\t\t\t<a href=\"https:\/\/camping-savoie-levaugrais.com\/wp-content\/uploads\/2023\/10\/IMG_5545-site-internet.jpg\" data-lightbox=\"sevgallery-1704798358\">\n\t\t\t\t\t\t<img decoding=\"async\" src=\"https:\/\/camping-savoie-levaugrais.com\/wp-content\/uploads\/2023\/10\/IMG_5545-site-internet.jpg\" alt=\"Le Vaugrais - camping nature\" loading=\"lazy\">\n\t\t\t\t\t<\/a>\n\t\t\t\t<\/div>\n\n\t\t\t\t\n\t\t\t\t\t\t\t\t\t\t\t\n\t\t\t\t\n\t\t\t\t<div class=\"sev-diaporama-portfolio-item col-12 col-lg  col-grow\">\n\t\t\t\t\t<!--<a href=\"https:\/\/camping-savoie-levaugrais.com\/wp-content\/uploads\/2023\/10\/MaraisdeLavours02.jpg_800.jpg\" data-lightbox=\"sevgallery-1704798358\" style=\"background-image: url(https:\/\/camping-savoie-levaugrais.com\/wp-content\/uploads\/2023\/10\/MaraisdeLavours02.jpg_800.jpg)\">-->\n\t\t\t\t\t<a href=\"https:\/\/camping-savoie-levaugrais.com\/wp-content\/uploads\/2023\/10\/MaraisdeLavours02.jpg_800.jpg\" data-lightbox=\"sevgallery-1704798358\">\n\t\t\t\t\t\t<img decoding=\"async\" src=\"https:\/\/camping-savoie-levaugrais.com\/wp-content\/uploads\/2023\/10\/MaraisdeLavours02.jpg_800.jpg\" alt=\"Le Vaugrais - camping nature\" loading=\"lazy\">\n\t\t\t\t\t<\/a>\n\t\t\t\t<\/div>\n\n\t\t\t\t\t\t\t\t\t<div class=\"w-100\"><\/div>\n\t\t\t\t\t\t\t\t\t\n\t\t\t\t\t\t\t\t\t\t\t\n\t\t\t\t\n\t\t\t\t<div class=\"sev-diaporama-portfolio-item col-12 col-lg  col-grow\">\n\t\t\t\t\t<!--<a href=\"https:\/\/camping-savoie-levaugrais.com\/wp-content\/uploads\/2023\/10\/IMG_5568retoucheweb1-site-internet.jpg\" data-lightbox=\"sevgallery-1704798358\" style=\"background-image: url(https:\/\/camping-savoie-levaugrais.com\/wp-content\/uploads\/2023\/10\/IMG_5568retoucheweb1-site-internet.jpg)\">-->\n\t\t\t\t\t<a href=\"https:\/\/camping-savoie-levaugrais.com\/wp-content\/uploads\/2023\/10\/IMG_5568retoucheweb1-site-internet.jpg\" data-lightbox=\"sevgallery-1704798358\">\n\t\t\t\t\t\t<img decoding=\"async\" src=\"https:\/\/camping-savoie-levaugrais.com\/wp-content\/uploads\/2023\/10\/IMG_5568retoucheweb1-site-internet.jpg\" alt=\"Le Vaugrais - camping nature\" loading=\"lazy\">\n\t\t\t\t\t<\/a>\n\t\t\t\t<\/div>\n\n\t\t\t\t\n\t\t\t\t\t\t\t\t\t\t\t\t\t\t<\/div>\n\t\t\t<\/div>\n\n\t\t\t<script>\n\t\t\tjQuery(function($) {\n\n\t\t\t\tvar marginPortfolio = function() {\n\n\t\t\t\t\tvar $diapo          = $('#sevgallery-1704798358');\n\t\t\t\t\tvar container_width = $diapo.parent().outerWidth();\n\t\t\t\t\tvar side            = ( $(window).innerWidth() - container_width ) \/ 2;\n\n\t\t\t\t\t$diapo.css( {\n\t\t\t\t\t\t'margin-left': '-' + side + 'px',\n\t\t\t\t\t\t'margin-right': '-' + side + 'px',\n\t\t\t\t\t} );\n\t\t\t\t};\n\n\t\t\t\t$( window ).resize( function() {\n\t\t\t\t\tmarginPortfolio();\n\t\t\t\t} );\n\t\t\t\tmarginPortfolio();\n\t\t\t});\n\t\t\t<\/script>\n\t\t\t\n","protected":false},"excerpt":{"rendered":"<p>13 km vom Campingplatz entfernt liegt ein 500 ha gro\u00dfes nationales Naturschutzgebiet am Fu\u00dfe des gro\u00dfen Colombier, in der Gemeinde Aignoz. Ein Pfad auf Stelzen mit Schildern und Beobachtungsposten f\u00fchrt durch das Herz des Sumpfes. 371 Pflanzenarten wurden gez\u00e4hlt, \u00fcber 400 Arten von Pilzen, Algen, Flechten, Moosen und Farnen wurden inventarisiert. Das Reservat beherbergt auch [&hellip;]<\/p>\n","protected":false},"author":1,"featured_media":0,"parent":0,"menu_order":0,"comment_status":"closed","ping_status":"closed","template":"","meta":{"_seopress_robots_primary_cat":"","_seopress_titles_title":"Nationales Naturreservat des Marais de Lavours","_seopress_titles_desc":"Das nationale Naturreservat des Marais de Lavours liegt nur wenige Minuten vom Campingplatz Le Vaugrais entfernt.","_seopress_robots_index":"","_crdt_document":"","footnotes":""},"class_list":["post-13340","page","type-page","status-publish","hentry"],"_links":{"self":[{"href":"https:\/\/camping-savoie-levaugrais.com\/de\/wp-json\/wp\/v2\/pages\/13340","targetHints":{"allow":["GET"]}}],"collection":[{"href":"https:\/\/camping-savoie-levaugrais.com\/de\/wp-json\/wp\/v2\/pages"}],"about":[{"href":"https:\/\/camping-savoie-levaugrais.com\/de\/wp-json\/wp\/v2\/types\/page"}],"author":[{"embeddable":true,"href":"https:\/\/camping-savoie-levaugrais.com\/de\/wp-json\/wp\/v2\/users\/1"}],"replies":[{"embeddable":true,"href":"https:\/\/camping-savoie-levaugrais.com\/de\/wp-json\/wp\/v2\/comments?post=13340"}],"version-history":[{"count":2,"href":"https:\/\/camping-savoie-levaugrais.com\/de\/wp-json\/wp\/v2\/pages\/13340\/revisions"}],"predecessor-version":[{"id":16492,"href":"https:\/\/camping-savoie-levaugrais.com\/de\/wp-json\/wp\/v2\/pages\/13340\/revisions\/16492"}],"wp:attachment":[{"href":"https:\/\/camping-savoie-levaugrais.com\/de\/wp-json\/wp\/v2\/media?parent=13340"}],"curies":[{"name":"wp","href":"https:\/\/api.w.org\/{rel}","templated":true}]}}