{"id":13342,"date":"2024-10-10T11:51:46","date_gmt":"2024-10-10T09:51:46","guid":{"rendered":"https:\/\/camping-savoie-levaugrais.com\/die-schluchten-von-thurignin\/"},"modified":"2025-01-03T13:02:52","modified_gmt":"2025-01-03T12:02:52","slug":"die-schluchten-von-thurignin","status":"publish","type":"page","link":"https:\/\/camping-savoie-levaugrais.com\/de\/die-schluchten-von-thurignin\/","title":{"rendered":"Die Schluchten von Thurignin"},"content":{"rendered":"<div class=\"wp-block-image\">\n<figure class=\"aligncenter size-large is-resized\"><img loading=\"lazy\" decoding=\"async\" width=\"1024\" height=\"576\" src=\"https:\/\/camping-savoie-levaugrais.com\/wp-content\/uploads\/2025\/01\/partez-a-laventure-en-allemand-2-1024x576.jpg\" alt=\"\" class=\"wp-image-16493\" style=\"width:245px;height:auto\" srcset=\"https:\/\/camping-savoie-levaugrais.com\/wp-content\/uploads\/2025\/01\/partez-a-laventure-en-allemand-2-1024x576.jpg 1024w, https:\/\/camping-savoie-levaugrais.com\/wp-content\/uploads\/2025\/01\/partez-a-laventure-en-allemand-2-300x169.jpg 300w, https:\/\/camping-savoie-levaugrais.com\/wp-content\/uploads\/2025\/01\/partez-a-laventure-en-allemand-2-768x432.jpg 768w, https:\/\/camping-savoie-levaugrais.com\/wp-content\/uploads\/2025\/01\/partez-a-laventure-en-allemand-2-1536x864.jpg 1536w, https:\/\/camping-savoie-levaugrais.com\/wp-content\/uploads\/2025\/01\/partez-a-laventure-en-allemand-2.jpg 1920w\" sizes=\"auto, (max-width: 1024px) 100vw, 1024px\" \/><\/figure>\n<\/div>\n\n\n<p class=\"wp-block-paragraph\">Diese geologischen Sehensw\u00fcrdigkeiten befinden sich 5 km vom Campingplatz entfernt und verlaufen entlang des Flusses S\u00e9ran. Der Ort ist vom Dorf Belmont Luth\u00e9zieu aus zug\u00e4nglich, eine Steinplatte f\u00fchrt \u00fcber den Canyon und einen Wanderweg. <\/p>\n\n\n\n<p class=\"wp-block-paragraph\">T\u00f6pfe, Becken, Canyons und Wasserf\u00e4lle bilden diesen Ort. Im Sommer finden Sie viele Fr\u00f6sche in den T\u00f6pfen. <\/p>\n\n\n\n<p class=\"wp-block-paragraph\">Dieser Ort wurde vom Departement als &#8222;Espace Naturel Sensible&#8220; klassifiziert, wodurch der Reichtum und die Besonderheiten dieser Schlucht gesch\u00fctzt und durch eine Interpretationstafel am Eingang aufgewertet und informiert werden.<\/p>\n\n\n\t\t\t<div id=\"sevgallery-1508859367\" class=\"sev-diaporama sev-diaporama-portfolio\">\n\t\t\t<div class=\"row\">\n\n\t\t\t\n\t\t\t\t\n\t\t\t\t<div class=\"sev-diaporama-portfolio-item col-12 col-lg  col-shrink\">\n\t\t\t\t\t<!--<a href=\"https:\/\/camping-savoie-levaugrais.com\/wp-content\/uploads\/2021\/08\/Gorges-de-Thurignin.jpg\" data-lightbox=\"sevgallery-1508859367\" style=\"background-image: url(https:\/\/camping-savoie-levaugrais.com\/wp-content\/uploads\/2021\/08\/Gorges-de-Thurignin.jpg)\">-->\n\t\t\t\t\t<a href=\"https:\/\/camping-savoie-levaugrais.com\/wp-content\/uploads\/2021\/08\/Gorges-de-Thurignin.jpg\" data-lightbox=\"sevgallery-1508859367\">\n\t\t\t\t\t\t<img decoding=\"async\" src=\"https:\/\/camping-savoie-levaugrais.com\/wp-content\/uploads\/2021\/08\/Gorges-de-Thurignin.jpg\" alt=\"Gorges-de-Thurignin\" loading=\"lazy\">\n\t\t\t\t\t<\/a>\n\t\t\t\t<\/div>\n\n\t\t\t\t\n\t\t\t\t\t\t\t\t\t\t\t\n\t\t\t\t\n\t\t\t\t<div class=\"sev-diaporama-portfolio-item col-12 col-lg  col-grow\">\n\t\t\t\t\t<!--<a href=\"https:\/\/camping-savoie-levaugrais.com\/wp-content\/uploads\/2021\/08\/191.jpg\" data-lightbox=\"sevgallery-1508859367\" style=\"background-image: url(https:\/\/camping-savoie-levaugrais.com\/wp-content\/uploads\/2021\/08\/191.jpg)\">-->\n\t\t\t\t\t<a href=\"https:\/\/camping-savoie-levaugrais.com\/wp-content\/uploads\/2021\/08\/191.jpg\" data-lightbox=\"sevgallery-1508859367\">\n\t\t\t\t\t\t<img decoding=\"async\" src=\"https:\/\/camping-savoie-levaugrais.com\/wp-content\/uploads\/2021\/08\/191.jpg\" alt=\"Gorges de Thurignin\" loading=\"lazy\">\n\t\t\t\t\t<\/a>\n\t\t\t\t<\/div>\n\n\t\t\t\t\n\t\t\t\t\t\t\t\t\t\t\t\n\t\t\t\t\n\t\t\t\t<div class=\"sev-diaporama-portfolio-item col-12 col-lg  col-shrink\">\n\t\t\t\t\t<!--<a href=\"https:\/\/camping-savoie-levaugrais.com\/wp-content\/uploads\/2021\/08\/216.jpg\" data-lightbox=\"sevgallery-1508859367\" style=\"background-image: url(https:\/\/camping-savoie-levaugrais.com\/wp-content\/uploads\/2021\/08\/216.jpg)\">-->\n\t\t\t\t\t<a href=\"https:\/\/camping-savoie-levaugrais.com\/wp-content\/uploads\/2021\/08\/216.jpg\" data-lightbox=\"sevgallery-1508859367\">\n\t\t\t\t\t\t<img decoding=\"async\" src=\"https:\/\/camping-savoie-levaugrais.com\/wp-content\/uploads\/2021\/08\/216.jpg\" alt=\"Gorges de Thurignin\" loading=\"lazy\">\n\t\t\t\t\t<\/a>\n\t\t\t\t<\/div>\n\n\t\t\t\t\n\t\t\t\t\t\t\t\t\t\t\t\n\t\t\t\t\n\t\t\t\t<div class=\"sev-diaporama-portfolio-item col-12 col-lg  col-shrink\">\n\t\t\t\t\t<!--<a href=\"https:\/\/camping-savoie-levaugrais.com\/wp-content\/uploads\/2021\/08\/223.jpg\" data-lightbox=\"sevgallery-1508859367\" style=\"background-image: url(https:\/\/camping-savoie-levaugrais.com\/wp-content\/uploads\/2021\/08\/223.jpg)\">-->\n\t\t\t\t\t<a href=\"https:\/\/camping-savoie-levaugrais.com\/wp-content\/uploads\/2021\/08\/223.jpg\" data-lightbox=\"sevgallery-1508859367\">\n\t\t\t\t\t\t<img decoding=\"async\" src=\"https:\/\/camping-savoie-levaugrais.com\/wp-content\/uploads\/2021\/08\/223.jpg\" alt=\"Gorges de Thurignin\" loading=\"lazy\">\n\t\t\t\t\t<\/a>\n\t\t\t\t<\/div>\n\n\t\t\t\t\t\t\t\t\t<div class=\"w-100\"><\/div>\n\t\t\t\t\t\t\t\t\t\n\t\t\t\t\t\t\t\t\t\t\t\n\t\t\t\t\n\t\t\t\t<div class=\"sev-diaporama-portfolio-item col-12 col-lg  col-shrink\">\n\t\t\t\t\t<!--<a href=\"https:\/\/camping-savoie-levaugrais.com\/wp-content\/uploads\/2021\/08\/225.jpg\" data-lightbox=\"sevgallery-1508859367\" style=\"background-image: url(https:\/\/camping-savoie-levaugrais.com\/wp-content\/uploads\/2021\/08\/225.jpg)\">-->\n\t\t\t\t\t<a href=\"https:\/\/camping-savoie-levaugrais.com\/wp-content\/uploads\/2021\/08\/225.jpg\" data-lightbox=\"sevgallery-1508859367\">\n\t\t\t\t\t\t<img decoding=\"async\" src=\"https:\/\/camping-savoie-levaugrais.com\/wp-content\/uploads\/2021\/08\/225.jpg\" alt=\"la cascade de cerveyrieu\" loading=\"lazy\">\n\t\t\t\t\t<\/a>\n\t\t\t\t<\/div>\n\n\t\t\t\t\n\t\t\t\t\t\t\t\t\t\t\t\n\t\t\t\t\n\t\t\t\t<div class=\"sev-diaporama-portfolio-item col-12 col-lg  col-shrink\">\n\t\t\t\t\t<!--<a href=\"https:\/\/camping-savoie-levaugrais.com\/wp-content\/uploads\/2021\/09\/190.jpg\" data-lightbox=\"sevgallery-1508859367\" style=\"background-image: url(https:\/\/camping-savoie-levaugrais.com\/wp-content\/uploads\/2021\/09\/190.jpg)\">-->\n\t\t\t\t\t<a href=\"https:\/\/camping-savoie-levaugrais.com\/wp-content\/uploads\/2021\/09\/190.jpg\" data-lightbox=\"sevgallery-1508859367\">\n\t\t\t\t\t\t<img decoding=\"async\" src=\"https:\/\/camping-savoie-levaugrais.com\/wp-content\/uploads\/2021\/09\/190.jpg\" alt=\"les gorges de thurignin\" loading=\"lazy\">\n\t\t\t\t\t<\/a>\n\t\t\t\t<\/div>\n\n\t\t\t\t\n\t\t\t\t\t\t\t\t\t\t\t\n\t\t\t\t\n\t\t\t\t<div class=\"sev-diaporama-portfolio-item col-12 col-lg  col-shrink\">\n\t\t\t\t\t<!--<a href=\"https:\/\/camping-savoie-levaugrais.com\/wp-content\/uploads\/2021\/09\/209.jpg\" data-lightbox=\"sevgallery-1508859367\" style=\"background-image: url(https:\/\/camping-savoie-levaugrais.com\/wp-content\/uploads\/2021\/09\/209.jpg)\">-->\n\t\t\t\t\t<a href=\"https:\/\/camping-savoie-levaugrais.com\/wp-content\/uploads\/2021\/09\/209.jpg\" data-lightbox=\"sevgallery-1508859367\">\n\t\t\t\t\t\t<img decoding=\"async\" src=\"https:\/\/camping-savoie-levaugrais.com\/wp-content\/uploads\/2021\/09\/209.jpg\" alt=\"les gorges de thurignin\" loading=\"lazy\">\n\t\t\t\t\t<\/a>\n\t\t\t\t<\/div>\n\n\t\t\t\t\n\t\t\t\t\t\t\t\t\t\t\t\n\t\t\t\t\n\t\t\t\t<div class=\"sev-diaporama-portfolio-item col-12 col-lg  col-shrink\">\n\t\t\t\t\t<!--<a href=\"https:\/\/camping-savoie-levaugrais.com\/wp-content\/uploads\/2021\/09\/221.jpg\" data-lightbox=\"sevgallery-1508859367\" style=\"background-image: url(https:\/\/camping-savoie-levaugrais.com\/wp-content\/uploads\/2021\/09\/221.jpg)\">-->\n\t\t\t\t\t<a href=\"https:\/\/camping-savoie-levaugrais.com\/wp-content\/uploads\/2021\/09\/221.jpg\" data-lightbox=\"sevgallery-1508859367\">\n\t\t\t\t\t\t<img decoding=\"async\" src=\"https:\/\/camping-savoie-levaugrais.com\/wp-content\/uploads\/2021\/09\/221.jpg\" alt=\"les gorges de thurignin\" loading=\"lazy\">\n\t\t\t\t\t<\/a>\n\t\t\t\t<\/div>\n\n\t\t\t\t\t\t\t\t\t<div class=\"w-100\"><\/div>\n\t\t\t\t\t\t\t\t\t\n\t\t\t\t\t\t\t\t\t\t\t\n\t\t\t\t\n\t\t\t\t<div class=\"sev-diaporama-portfolio-item col-12 col-lg  col-shrink\">\n\t\t\t\t\t<!--<a href=\"https:\/\/camping-savoie-levaugrais.com\/wp-content\/uploads\/2021\/09\/Sites-et-Paysages-Le-Vaugrais-\u00a9-2015_Kinaphoto_21.jpg\" data-lightbox=\"sevgallery-1508859367\" style=\"background-image: url(https:\/\/camping-savoie-levaugrais.com\/wp-content\/uploads\/2021\/09\/Sites-et-Paysages-Le-Vaugrais-\u00a9-2015_Kinaphoto_21.jpg)\">-->\n\t\t\t\t\t<a href=\"https:\/\/camping-savoie-levaugrais.com\/wp-content\/uploads\/2021\/09\/Sites-et-Paysages-Le-Vaugrais-\u00a9-2015_Kinaphoto_21.jpg\" data-lightbox=\"sevgallery-1508859367\">\n\t\t\t\t\t\t<img decoding=\"async\" src=\"https:\/\/camping-savoie-levaugrais.com\/wp-content\/uploads\/2021\/09\/Sites-et-Paysages-Le-Vaugrais-\u00a9-2015_Kinaphoto_21.jpg\" alt=\"rivi\u00e8re de s\u00e9ran\" loading=\"lazy\">\n\t\t\t\t\t<\/a>\n\t\t\t\t<\/div>\n\n\t\t\t\t\n\t\t\t\t\t\t\t\t\t\t\t\n\t\t\t\t\n\t\t\t\t<div class=\"sev-diaporama-portfolio-item col-12 col-lg  col-grow\">\n\t\t\t\t\t<!--<a href=\"https:\/\/camping-savoie-levaugrais.com\/wp-content\/uploads\/2022\/10\/IMG_3836retouchewebinternet.jpg\" data-lightbox=\"sevgallery-1508859367\" style=\"background-image: url(https:\/\/camping-savoie-levaugrais.com\/wp-content\/uploads\/2022\/10\/IMG_3836retouchewebinternet.jpg)\">-->\n\t\t\t\t\t<a href=\"https:\/\/camping-savoie-levaugrais.com\/wp-content\/uploads\/2022\/10\/IMG_3836retouchewebinternet.jpg\" data-lightbox=\"sevgallery-1508859367\">\n\t\t\t\t\t\t<img decoding=\"async\" src=\"https:\/\/camping-savoie-levaugrais.com\/wp-content\/uploads\/2022\/10\/IMG_3836retouchewebinternet.jpg\" alt=\"nature\" loading=\"lazy\">\n\t\t\t\t\t<\/a>\n\t\t\t\t<\/div>\n\n\t\t\t\t\n\t\t\t\t\t\t\t\t\t\t\t\n\t\t\t\t\n\t\t\t\t<div class=\"sev-diaporama-portfolio-item col-12 col-lg  col-shrink\">\n\t\t\t\t\t<!--<a href=\"https:\/\/camping-savoie-levaugrais.com\/wp-content\/uploads\/2022\/10\/IMG_3838retouchewebinternet.jpg\" data-lightbox=\"sevgallery-1508859367\" style=\"background-image: url(https:\/\/camping-savoie-levaugrais.com\/wp-content\/uploads\/2022\/10\/IMG_3838retouchewebinternet.jpg)\">-->\n\t\t\t\t\t<a href=\"https:\/\/camping-savoie-levaugrais.com\/wp-content\/uploads\/2022\/10\/IMG_3838retouchewebinternet.jpg\" data-lightbox=\"sevgallery-1508859367\">\n\t\t\t\t\t\t<img decoding=\"async\" src=\"https:\/\/camping-savoie-levaugrais.com\/wp-content\/uploads\/2022\/10\/IMG_3838retouchewebinternet.jpg\" alt=\"nature\" loading=\"lazy\">\n\t\t\t\t\t<\/a>\n\t\t\t\t<\/div>\n\n\t\t\t\t\n\t\t\t\t\t\t\t\t\t\t\t\n\t\t\t\t\n\t\t\t\t<div class=\"sev-diaporama-portfolio-item col-12 col-lg \">\n\t\t\t\t\t<!--<a href=\"https:\/\/camping-savoie-levaugrais.com\/wp-content\/uploads\/2022\/10\/IMG_3843retoucheinternet.jpg\" data-lightbox=\"sevgallery-1508859367\" style=\"background-image: url(https:\/\/camping-savoie-levaugrais.com\/wp-content\/uploads\/2022\/10\/IMG_3843retoucheinternet.jpg)\">-->\n\t\t\t\t\t<a href=\"https:\/\/camping-savoie-levaugrais.com\/wp-content\/uploads\/2022\/10\/IMG_3843retoucheinternet.jpg\" data-lightbox=\"sevgallery-1508859367\">\n\t\t\t\t\t\t<img decoding=\"async\" src=\"https:\/\/camping-savoie-levaugrais.com\/wp-content\/uploads\/2022\/10\/IMG_3843retoucheinternet.jpg\" alt=\"nature\" loading=\"lazy\">\n\t\t\t\t\t<\/a>\n\t\t\t\t<\/div>\n\n\t\t\t\t\t\t\t\t\t<div class=\"w-100\"><\/div>\n\t\t\t\t\t\t\t\t\t\n\t\t\t\t\t\t\t\t\t\t\t\n\t\t\t\t\n\t\t\t\t<div class=\"sev-diaporama-portfolio-item col-12 col-lg  col-grow\">\n\t\t\t\t\t<!--<a href=\"https:\/\/camping-savoie-levaugrais.com\/wp-content\/uploads\/2022\/10\/IMG_3849retouchewebinternet.jpg\" data-lightbox=\"sevgallery-1508859367\" style=\"background-image: url(https:\/\/camping-savoie-levaugrais.com\/wp-content\/uploads\/2022\/10\/IMG_3849retouchewebinternet.jpg)\">-->\n\t\t\t\t\t<a href=\"https:\/\/camping-savoie-levaugrais.com\/wp-content\/uploads\/2022\/10\/IMG_3849retouchewebinternet.jpg\" data-lightbox=\"sevgallery-1508859367\">\n\t\t\t\t\t\t<img decoding=\"async\" src=\"https:\/\/camping-savoie-levaugrais.com\/wp-content\/uploads\/2022\/10\/IMG_3849retouchewebinternet.jpg\" alt=\"nature\" loading=\"lazy\">\n\t\t\t\t\t<\/a>\n\t\t\t\t<\/div>\n\n\t\t\t\t\n\t\t\t\t\t\t\t\t\t\t\t\n\t\t\t\t\n\t\t\t\t<div class=\"sev-diaporama-portfolio-item col-12 col-lg  col-grow\">\n\t\t\t\t\t<!--<a href=\"https:\/\/camping-savoie-levaugrais.com\/wp-content\/uploads\/2022\/10\/COY4108retoucheweb.jpg\" data-lightbox=\"sevgallery-1508859367\" style=\"background-image: url(https:\/\/camping-savoie-levaugrais.com\/wp-content\/uploads\/2022\/10\/COY4108retoucheweb.jpg)\">-->\n\t\t\t\t\t<a href=\"https:\/\/camping-savoie-levaugrais.com\/wp-content\/uploads\/2022\/10\/COY4108retoucheweb.jpg\" data-lightbox=\"sevgallery-1508859367\">\n\t\t\t\t\t\t<img decoding=\"async\" src=\"https:\/\/camping-savoie-levaugrais.com\/wp-content\/uploads\/2022\/10\/COY4108retoucheweb.jpg\" alt=\"nature\" loading=\"lazy\">\n\t\t\t\t\t<\/a>\n\t\t\t\t<\/div>\n\n\t\t\t\t\n\t\t\t\t\t\t\t\t\t\t\t\n\t\t\t\t\n\t\t\t\t<div class=\"sev-diaporama-portfolio-item col-12 col-lg \">\n\t\t\t\t\t<!--<a href=\"https:\/\/camping-savoie-levaugrais.com\/wp-content\/uploads\/2022\/10\/COY4099retoucheweb.jpg\" data-lightbox=\"sevgallery-1508859367\" style=\"background-image: url(https:\/\/camping-savoie-levaugrais.com\/wp-content\/uploads\/2022\/10\/COY4099retoucheweb.jpg)\">-->\n\t\t\t\t\t<a href=\"https:\/\/camping-savoie-levaugrais.com\/wp-content\/uploads\/2022\/10\/COY4099retoucheweb.jpg\" data-lightbox=\"sevgallery-1508859367\">\n\t\t\t\t\t\t<img decoding=\"async\" src=\"https:\/\/camping-savoie-levaugrais.com\/wp-content\/uploads\/2022\/10\/COY4099retoucheweb.jpg\" alt=\"camping le Vaugrais\" loading=\"lazy\">\n\t\t\t\t\t<\/a>\n\t\t\t\t<\/div>\n\n\t\t\t\t\n\t\t\t\t\t\t\t\t\t\t\t\t\t\t<\/div>\n\t\t\t<\/div>\n\n\t\t\t<script>\n\t\t\tjQuery(function($) {\n\n\t\t\t\tvar marginPortfolio = function() {\n\n\t\t\t\t\tvar $diapo          = $('#sevgallery-1508859367');\n\t\t\t\t\tvar container_width = $diapo.parent().outerWidth();\n\t\t\t\t\tvar side            = ( $(window).innerWidth() - container_width ) \/ 2;\n\n\t\t\t\t\t$diapo.css( {\n\t\t\t\t\t\t'margin-left': '-' + side + 'px',\n\t\t\t\t\t\t'margin-right': '-' + side + 'px',\n\t\t\t\t\t} );\n\t\t\t\t};\n\n\t\t\t\t$( window ).resize( function() {\n\t\t\t\t\tmarginPortfolio();\n\t\t\t\t} );\n\t\t\t\tmarginPortfolio();\n\t\t\t});\n\t\t\t<\/script>\n\t\t\t\n","protected":false},"excerpt":{"rendered":"<p>Diese geologischen Sehensw\u00fcrdigkeiten befinden sich 5 km vom Campingplatz entfernt und verlaufen entlang des Flusses S\u00e9ran. Der Ort ist vom Dorf Belmont Luth\u00e9zieu aus zug\u00e4nglich, eine Steinplatte f\u00fchrt \u00fcber den Canyon und einen Wanderweg. T\u00f6pfe, Becken, Canyons und Wasserf\u00e4lle bilden diesen Ort. Im Sommer finden Sie viele Fr\u00f6sche in den T\u00f6pfen. Dieser Ort wurde vom [&hellip;]<\/p>\n","protected":false},"author":1,"featured_media":0,"parent":0,"menu_order":0,"comment_status":"closed","ping_status":"closed","template":"","meta":{"_seopress_robots_primary_cat":"","_seopress_titles_title":"Die Schluchten von Thurignin, nur 5 km vom Campingplatz entfernt","_seopress_titles_desc":"Entdecken Sie die Gorges du Thurignin. Entdecken Sie eine au\u00dfergew\u00f6hnliche Umgebung, die nur wenige Minuten vom Campingplatz entfernt ist.","_seopress_robots_index":"","_crdt_document":"","footnotes":""},"class_list":["post-13342","page","type-page","status-publish","hentry"],"_links":{"self":[{"href":"https:\/\/camping-savoie-levaugrais.com\/de\/wp-json\/wp\/v2\/pages\/13342","targetHints":{"allow":["GET"]}}],"collection":[{"href":"https:\/\/camping-savoie-levaugrais.com\/de\/wp-json\/wp\/v2\/pages"}],"about":[{"href":"https:\/\/camping-savoie-levaugrais.com\/de\/wp-json\/wp\/v2\/types\/page"}],"author":[{"embeddable":true,"href":"https:\/\/camping-savoie-levaugrais.com\/de\/wp-json\/wp\/v2\/users\/1"}],"replies":[{"embeddable":true,"href":"https:\/\/camping-savoie-levaugrais.com\/de\/wp-json\/wp\/v2\/comments?post=13342"}],"version-history":[{"count":2,"href":"https:\/\/camping-savoie-levaugrais.com\/de\/wp-json\/wp\/v2\/pages\/13342\/revisions"}],"predecessor-version":[{"id":16497,"href":"https:\/\/camping-savoie-levaugrais.com\/de\/wp-json\/wp\/v2\/pages\/13342\/revisions\/16497"}],"wp:attachment":[{"href":"https:\/\/camping-savoie-levaugrais.com\/de\/wp-json\/wp\/v2\/media?parent=13342"}],"curies":[{"name":"wp","href":"https:\/\/api.w.org\/{rel}","templated":true}]}}