{"id":13366,"date":"2024-10-10T11:51:49","date_gmt":"2024-10-10T09:51:49","guid":{"rendered":"https:\/\/camping-savoie-levaugrais.com\/wasserseite\/"},"modified":"2024-10-10T13:50:41","modified_gmt":"2024-10-10T11:50:41","slug":"wasserseite","status":"publish","type":"page","link":"https:\/\/camping-savoie-levaugrais.com\/de\/wasserseite\/","title":{"rendered":"Wasserseite"},"content":{"rendered":"\n<div class=\"wp-block-columns is-layout-flex wp-container-core-columns-is-layout-8f761849 wp-block-columns-is-layout-flex\">\n<div class=\"wp-block-column is-layout-flow wp-block-column-is-layout-flow\">\n<div class=\"wp-block-create-block-sevgutenberg\"><aside class=\"encart-sev small\"><a href=\"https:\/\/camping-savoie-levaugrais.com\/de\/die-seen\/\" class=\"d-flex flex-column align-items-center\"><div class=\"encart-title\"><span>Die Seen<\/span><\/div><img decoding=\"async\" src=\"https:\/\/camping-savoie-levaugrais.com\/wp-content\/uploads\/2021\/07\/lac-bourget.jpg\" alt=\"Lac du Bourget in der N\u00e4he des Campingplatzes\"\/><div class=\"hover\"><i class=\"fa fa-plus\"><\/i><\/div><\/a><\/aside><\/div>\n<\/div>\n\n\n\n<div class=\"wp-block-column is-layout-flow wp-block-column-is-layout-flow\">\n<div class=\"wp-block-create-block-sevgutenberg\"><aside class=\"encart-sev small\"><a href=\"https:\/\/camping-savoie-levaugrais.com\/de\/die-wasserfaelle\/\" class=\"d-flex flex-column align-items-center\"><div class=\"encart-title\"><span>Die Wasserf\u00e4lle<\/span><\/div><img decoding=\"async\" src=\"https:\/\/camping-savoie-levaugrais.com\/wp-content\/uploads\/2021\/08\/AIN-CanyonGroin-MC-054.jpg\" alt=\"Quelle von Le Groin\"\/><div class=\"hover\"><i class=\"fa fa-plus\"><\/i><\/div><\/a><\/aside><\/div>\n<\/div>\n\n\n\n<div class=\"wp-block-column is-layout-flow wp-block-column-is-layout-flow\">\n<div class=\"wp-block-create-block-sevgutenberg\"><aside class=\"encart-sev small\"><a href=\"https:\/\/camping-savoie-levaugrais.com\/de\/wassersport\/\" class=\"d-flex flex-column align-items-center\"><div class=\"encart-title\"><span>Wassersport<\/span><\/div><img decoding=\"async\" src=\"https:\/\/camping-savoie-levaugrais.com\/wp-content\/uploads\/2021\/08\/canoe.jpg\" alt=\"Kanu\"\/><div class=\"hover\"><i class=\"fa fa-plus\"><\/i><\/div><\/a><\/aside><\/div>\n<\/div>\n\n\n\n<div class=\"wp-block-column is-layout-flow wp-block-column-is-layout-flow\">\n<div class=\"wp-block-create-block-sevgutenberg\"><aside class=\"encart-sev small\"><a href=\"https:\/\/camping-savoie-levaugrais.com\/de\/angeln\/\" class=\"d-flex flex-column align-items-center\"><div class=\"encart-title\"><span>Angeln<\/span><\/div><img decoding=\"async\" src=\"https:\/\/camping-savoie-levaugrais.com\/wp-content\/uploads\/2021\/09\/Lac-de-Barterand.jpg\" alt=\"Lac-de-Barterand\"\/><div class=\"hover\"><i class=\"fa fa-plus\"><\/i><\/div><\/a><\/aside><\/div>\n<\/div>\n<\/div>\n\n\n\n<p class=\"wp-block-paragraph\"><\/p>\n","protected":false},"excerpt":{"rendered":"","protected":false},"author":1,"featured_media":0,"parent":0,"menu_order":0,"comment_status":"closed","ping_status":"closed","template":"","meta":{"_seopress_robots_primary_cat":"","_seopress_titles_title":"Wasser: Seen, Wasserf\u00e4lle, Wassersport...","_seopress_titles_desc":"Entdecken Sie au\u00dfergew\u00f6hnliche Landschaften w\u00e4hrend Ihres Urlaubs auf unserem 3-Sterne-Campingplatz Le Vaugrais.","_seopress_robots_index":"","_crdt_document":"","footnotes":""},"class_list":["post-13366","page","type-page","status-publish","hentry"],"_links":{"self":[{"href":"https:\/\/camping-savoie-levaugrais.com\/de\/wp-json\/wp\/v2\/pages\/13366","targetHints":{"allow":["GET"]}}],"collection":[{"href":"https:\/\/camping-savoie-levaugrais.com\/de\/wp-json\/wp\/v2\/pages"}],"about":[{"href":"https:\/\/camping-savoie-levaugrais.com\/de\/wp-json\/wp\/v2\/types\/page"}],"author":[{"embeddable":true,"href":"https:\/\/camping-savoie-levaugrais.com\/de\/wp-json\/wp\/v2\/users\/1"}],"replies":[{"embeddable":true,"href":"https:\/\/camping-savoie-levaugrais.com\/de\/wp-json\/wp\/v2\/comments?post=13366"}],"version-history":[{"count":2,"href":"https:\/\/camping-savoie-levaugrais.com\/de\/wp-json\/wp\/v2\/pages\/13366\/revisions"}],"predecessor-version":[{"id":13602,"href":"https:\/\/camping-savoie-levaugrais.com\/de\/wp-json\/wp\/v2\/pages\/13366\/revisions\/13602"}],"wp:attachment":[{"href":"https:\/\/camping-savoie-levaugrais.com\/de\/wp-json\/wp\/v2\/media?parent=13366"}],"curies":[{"name":"wp","href":"https:\/\/api.w.org\/{rel}","templated":true}]}}