{"id":13394,"date":"2024-10-10T11:51:53","date_gmt":"2024-10-10T09:51:53","guid":{"rendered":"https:\/\/camping-savoie-levaugrais.com\/die-quelle-von-le-groin\/"},"modified":"2024-10-10T11:51:54","modified_gmt":"2024-10-10T09:51:54","slug":"die-quelle-von-le-groin","status":"publish","type":"page","link":"https:\/\/camping-savoie-levaugrais.com\/de\/die-quelle-von-le-groin\/","title":{"rendered":"Die Quelle von Le Groin"},"content":{"rendered":"\n<p class=\"wp-block-paragraph\">  3 km vom Campingplatz entfernt, zwischen Vaux Moretz und Chongnes gelegen. Der Groin ist ein Fluss, aber hier an seiner Quelle ist er ein Abgrund, der ruhig erscheinen mag, aber bei Hochwasser ist die Wassermenge des Esu unglaublich. Er wird vom Grundwasser gespeist.  <\/p>\n\n<p class=\"wp-block-paragraph\">Dieser Ort ist aufgrund seiner L\u00e4nge bei H\u00f6hlenforschern sehr beliebt, nur die ersten 2100 m wurden erforscht. Diese Quelle in der Vaucluse (da sie vertikal verl\u00e4uft) hat vom Fr\u00fchjahr bis zum Herbst meist keine Wassermenge und kann sich durch einen Sturm pl\u00f6tzlich \u00e4ndern.<\/p>\n\n<p class=\"wp-block-paragraph\">Der Name stammt von dem Ger\u00e4usch, das der Fluss beim Verlassen der Quelle macht, da das Wasser sehr schnell ansteigen kann.<\/p>\n\n<p class=\"wp-block-paragraph\"><\/p>\n\t\t\t<div id=\"sevgallery-1527635110\" class=\"sev-diaporama sev-diaporama-portfolio\">\n\t\t\t<div class=\"row\">\n\n\t\t\t\n\t\t\t\t\n\t\t\t\t<div class=\"sev-diaporama-portfolio-item col-12 col-lg  col-grow\">\n\t\t\t\t\t<!--<a href=\"https:\/\/camping-savoie-levaugrais.com\/wp-content\/uploads\/2021\/08\/AIN-CanyonGroin-MC-054.jpg\" data-lightbox=\"sevgallery-1527635110\" style=\"background-image: url(https:\/\/camping-savoie-levaugrais.com\/wp-content\/uploads\/2021\/08\/AIN-CanyonGroin-MC-054.jpg)\">-->\n\t\t\t\t\t<a href=\"https:\/\/camping-savoie-levaugrais.com\/wp-content\/uploads\/2021\/08\/AIN-CanyonGroin-MC-054.jpg\" data-lightbox=\"sevgallery-1527635110\">\n\t\t\t\t\t\t<img decoding=\"async\" src=\"https:\/\/camping-savoie-levaugrais.com\/wp-content\/uploads\/2021\/08\/AIN-CanyonGroin-MC-054.jpg\" alt=\"\" loading=\"lazy\">\n\t\t\t\t\t<\/a>\n\t\t\t\t<\/div>\n\n\t\t\t\t\n\t\t\t\t\t\t\t\t\t\t\t\n\t\t\t\t\n\t\t\t\t<div class=\"sev-diaporama-portfolio-item col-12 col-lg  col-shrink\">\n\t\t\t\t\t<!--<a href=\"https:\/\/camping-savoie-levaugrais.com\/wp-content\/uploads\/2021\/08\/AIN-CanyonGroin-MC-075.jpg\" data-lightbox=\"sevgallery-1527635110\" style=\"background-image: url(https:\/\/camping-savoie-levaugrais.com\/wp-content\/uploads\/2021\/08\/AIN-CanyonGroin-MC-075.jpg)\">-->\n\t\t\t\t\t<a href=\"https:\/\/camping-savoie-levaugrais.com\/wp-content\/uploads\/2021\/08\/AIN-CanyonGroin-MC-075.jpg\" data-lightbox=\"sevgallery-1527635110\">\n\t\t\t\t\t\t<img decoding=\"async\" src=\"https:\/\/camping-savoie-levaugrais.com\/wp-content\/uploads\/2021\/08\/AIN-CanyonGroin-MC-075.jpg\" alt=\"\" loading=\"lazy\">\n\t\t\t\t\t<\/a>\n\t\t\t\t<\/div>\n\n\t\t\t\t\n\t\t\t\t\t\t\t\t\t\t\t\n\t\t\t\t\n\t\t\t\t<div class=\"sev-diaporama-portfolio-item col-12 col-lg  col-shrink\">\n\t\t\t\t\t<!--<a href=\"https:\/\/camping-savoie-levaugrais.com\/wp-content\/uploads\/2021\/08\/AIN-CanyonGroin-MC-050.jpg_800.jpg\" data-lightbox=\"sevgallery-1527635110\" style=\"background-image: url(https:\/\/camping-savoie-levaugrais.com\/wp-content\/uploads\/2021\/08\/AIN-CanyonGroin-MC-050.jpg_800.jpg)\">-->\n\t\t\t\t\t<a href=\"https:\/\/camping-savoie-levaugrais.com\/wp-content\/uploads\/2021\/08\/AIN-CanyonGroin-MC-050.jpg_800.jpg\" data-lightbox=\"sevgallery-1527635110\">\n\t\t\t\t\t\t<img decoding=\"async\" src=\"https:\/\/camping-savoie-levaugrais.com\/wp-content\/uploads\/2021\/08\/AIN-CanyonGroin-MC-050.jpg_800.jpg\" alt=\"\" loading=\"lazy\">\n\t\t\t\t\t<\/a>\n\t\t\t\t<\/div>\n\n\t\t\t\t\t\t\t\t\t<div class=\"w-100\"><\/div>\n\t\t\t\t\t\t\t\t\t\n\t\t\t\t\t\t\t\t\t\t\t\n\t\t\t\t\n\t\t\t\t<div class=\"sev-diaporama-portfolio-item col-12 col-lg  col-shrink\">\n\t\t\t\t\t<!--<a href=\"https:\/\/camping-savoie-levaugrais.com\/wp-content\/uploads\/2021\/08\/AIN-CanyonGroin-MC-065.jpg_800.jpg\" data-lightbox=\"sevgallery-1527635110\" style=\"background-image: url(https:\/\/camping-savoie-levaugrais.com\/wp-content\/uploads\/2021\/08\/AIN-CanyonGroin-MC-065.jpg_800.jpg)\">-->\n\t\t\t\t\t<a href=\"https:\/\/camping-savoie-levaugrais.com\/wp-content\/uploads\/2021\/08\/AIN-CanyonGroin-MC-065.jpg_800.jpg\" data-lightbox=\"sevgallery-1527635110\">\n\t\t\t\t\t\t<img decoding=\"async\" src=\"https:\/\/camping-savoie-levaugrais.com\/wp-content\/uploads\/2021\/08\/AIN-CanyonGroin-MC-065.jpg_800.jpg\" alt=\"\" loading=\"lazy\">\n\t\t\t\t\t<\/a>\n\t\t\t\t<\/div>\n\n\t\t\t\t\n\t\t\t\t\t\t\t\t\t\t\t\n\t\t\t\t\n\t\t\t\t<div class=\"sev-diaporama-portfolio-item col-12 col-lg \">\n\t\t\t\t\t<!--<a href=\"https:\/\/camping-savoie-levaugrais.com\/wp-content\/uploads\/2021\/08\/AIN-CanyonGroin-MC-063.jpg\" data-lightbox=\"sevgallery-1527635110\" style=\"background-image: url(https:\/\/camping-savoie-levaugrais.com\/wp-content\/uploads\/2021\/08\/AIN-CanyonGroin-MC-063.jpg)\">-->\n\t\t\t\t\t<a href=\"https:\/\/camping-savoie-levaugrais.com\/wp-content\/uploads\/2021\/08\/AIN-CanyonGroin-MC-063.jpg\" data-lightbox=\"sevgallery-1527635110\">\n\t\t\t\t\t\t<img decoding=\"async\" src=\"https:\/\/camping-savoie-levaugrais.com\/wp-content\/uploads\/2021\/08\/AIN-CanyonGroin-MC-063.jpg\" alt=\"\" loading=\"lazy\">\n\t\t\t\t\t<\/a>\n\t\t\t\t<\/div>\n\n\t\t\t\t\n\t\t\t\t\t\t\t\t\t\t\t\n\t\t\t\t\n\t\t\t\t<div class=\"sev-diaporama-portfolio-item col-12 col-lg  col-grow\">\n\t\t\t\t\t<!--<a href=\"https:\/\/camping-savoie-levaugrais.com\/wp-content\/uploads\/2021\/08\/AIN-CanyonGroin-MC-058.jpg_800.jpg\" data-lightbox=\"sevgallery-1527635110\" style=\"background-image: url(https:\/\/camping-savoie-levaugrais.com\/wp-content\/uploads\/2021\/08\/AIN-CanyonGroin-MC-058.jpg_800.jpg)\">-->\n\t\t\t\t\t<a href=\"https:\/\/camping-savoie-levaugrais.com\/wp-content\/uploads\/2021\/08\/AIN-CanyonGroin-MC-058.jpg_800.jpg\" data-lightbox=\"sevgallery-1527635110\">\n\t\t\t\t\t\t<img decoding=\"async\" src=\"https:\/\/camping-savoie-levaugrais.com\/wp-content\/uploads\/2021\/08\/AIN-CanyonGroin-MC-058.jpg_800.jpg\" alt=\"\" loading=\"lazy\">\n\t\t\t\t\t<\/a>\n\t\t\t\t<\/div>\n\n\t\t\t\t\t\t\t\t\t<div class=\"w-100\"><\/div>\n\t\t\t\t\t\t\t\t\t\n\t\t\t\t\t\t\t\t\t\t\t\t\t\t<\/div>\n\t\t\t<\/div>\n\n\t\t\t<script>\n\t\t\tjQuery(function($) {\n\n\t\t\t\tvar marginPortfolio = function() {\n\n\t\t\t\t\tvar $diapo          = $('#sevgallery-1527635110');\n\t\t\t\t\tvar container_width = $diapo.parent().outerWidth();\n\t\t\t\t\tvar side            = ( $(window).innerWidth() - container_width ) \/ 2;\n\n\t\t\t\t\t$diapo.css( {\n\t\t\t\t\t\t'margin-left': '-' + side + 'px',\n\t\t\t\t\t\t'margin-right': '-' + side + 'px',\n\t\t\t\t\t} );\n\t\t\t\t};\n\n\t\t\t\t$( window ).resize( function() {\n\t\t\t\t\tmarginPortfolio();\n\t\t\t\t} );\n\t\t\t\tmarginPortfolio();\n\t\t\t});\n\t\t\t<\/script>\n\t\t\t\n","protected":false},"excerpt":{"rendered":"<p>3 km vom Campingplatz entfernt, zwischen Vaux Moretz und Chongnes gelegen. Der Groin ist ein Fluss, aber hier an seiner Quelle ist er ein Abgrund, der ruhig erscheinen mag, aber bei Hochwasser ist die Wassermenge des Esu unglaublich. Er wird vom Grundwasser gespeist. Dieser Ort ist aufgrund seiner L\u00e4nge bei H\u00f6hlenforschern sehr beliebt, nur die [&hellip;]<\/p>\n","protected":false},"author":1,"featured_media":0,"parent":0,"menu_order":0,"comment_status":"closed","ping_status":"closed","template":"","meta":{"_seopress_robots_primary_cat":"","_seopress_titles_title":"Die Quelle des Flusses Le Groin und seine Schlucht 3 km vom Campingplatz entfernt.","_seopress_titles_desc":"Die Quelle von Le Groin. Entdecken Sie einen au\u00dfergew\u00f6hnlichen Ort nur wenige Minuten vom 3-Sterne-Campingplatz Le Vaugrais entfernt.   ","_seopress_robots_index":"","_crdt_document":"","footnotes":""},"class_list":["post-13394","page","type-page","status-publish","hentry"],"_links":{"self":[{"href":"https:\/\/camping-savoie-levaugrais.com\/de\/wp-json\/wp\/v2\/pages\/13394","targetHints":{"allow":["GET"]}}],"collection":[{"href":"https:\/\/camping-savoie-levaugrais.com\/de\/wp-json\/wp\/v2\/pages"}],"about":[{"href":"https:\/\/camping-savoie-levaugrais.com\/de\/wp-json\/wp\/v2\/types\/page"}],"author":[{"embeddable":true,"href":"https:\/\/camping-savoie-levaugrais.com\/de\/wp-json\/wp\/v2\/users\/1"}],"replies":[{"embeddable":true,"href":"https:\/\/camping-savoie-levaugrais.com\/de\/wp-json\/wp\/v2\/comments?post=13394"}],"version-history":[{"count":1,"href":"https:\/\/camping-savoie-levaugrais.com\/de\/wp-json\/wp\/v2\/pages\/13394\/revisions"}],"predecessor-version":[{"id":13395,"href":"https:\/\/camping-savoie-levaugrais.com\/de\/wp-json\/wp\/v2\/pages\/13394\/revisions\/13395"}],"wp:attachment":[{"href":"https:\/\/camping-savoie-levaugrais.com\/de\/wp-json\/wp\/v2\/media?parent=13394"}],"curies":[{"name":"wp","href":"https:\/\/api.w.org\/{rel}","templated":true}]}}