{"id":13497,"date":"2024-10-10T11:52:01","date_gmt":"2024-10-10T09:52:01","guid":{"rendered":"https:\/\/camping-savoie-levaugrais.com\/reiten\/"},"modified":"2024-10-10T11:52:03","modified_gmt":"2024-10-10T09:52:03","slug":"reiten","status":"publish","type":"page","link":"https:\/\/camping-savoie-levaugrais.com\/de\/reiten\/","title":{"rendered":"Reiten"},"content":{"rendered":"\n<p class=\"has-medium-font-size wp-block-paragraph\">Satteln Sie auf!<\/p>\n\n<p class=\"wp-block-paragraph\">Wenn Sie auf dem Campingplatz ankommen, erscheint Ihnen der Berg ganz nah. Es handelt sich um die Hochebene von Hautevilles Lompness, die nur 15 Minuten mit dem Auto entfernt liegt. <\/p>\n\n<p class=\"wp-block-paragraph\">Helene l\u00e4dt Sie ein, diesen magischen Ort zu entdecken.<\/p>\n\n<p class=\"wp-block-paragraph\">Die malerische Stra\u00dfe voller Charme, zwischen D\u00f6rfern und W\u00e4ldern gelegen, f\u00fchrt Sie \u00fcber zahlreiche Serpentinen zum Reitzentrum.<\/p>\n\n<p class=\"wp-block-paragraph\">Genie\u00dfen Sie diesen sonnigen Tag und lassen Sie uns das Abenteuer beginnen, diesen Ort mit Blick auf das Alpenmassiv zu erobern. Ziehen Sie Ihre Turnschuhe an und folgen Sie mir! <\/p>\n\n<p class=\"wp-block-paragraph\">Ein Tannenwald erwartet Sie. Die B\u00e4ume sind zum Teil \u00fcber 100 Jahre alt. <\/p>\n\n<p class=\"wp-block-paragraph\">Sie f\u00fchlen sich klein angesichts dieser majest\u00e4tischen Nadelb\u00e4ume. Aber vergessen wir nicht den Geruch. Hier ist die Luft rein: der Geruch von Wiesen, Erde und Holz. Atmen Sie tief ein     <a rel=\"noreferrer noopener\" href=\"http:\/\/poumon.et\" target=\"_blank\"> <\/a>!<\/p>\n\n<p class=\"wp-block-paragraph\">  Riechen Sie den angenehmen Harzgeruch von Kiefern und Nadelb\u00e4umen?<\/p>\n\n<p class=\"wp-block-paragraph\">Der Wald ist hier ein Symbol. Um Sie herum und so weit das Auge reicht, wachen die B\u00e4ume \u00fcber Sie und leiten Sie auf Ihrem Spaziergang. <\/p>\n\n<p class=\"wp-block-paragraph\">Sobald Sie im Reitzentrum ankommen, galoppieren Sie \u00fcber die unbefestigten Wege. Sie werden von den Ger\u00e4uschen \u00fcberrascht sein, hier sind die V\u00f6gel K\u00f6nig, schauen Sie in den Himmel, und auf einem Weg sehen Sie den Schlangenadler.<\/p>\n\n<p class=\"wp-block-paragraph\">Der H\u00f6henunterschied ist zeitweise betr\u00e4chtlich, so dass Ihr Pferd sich anstrengen muss, um den Berg zu erklimmen. Was f\u00fcr ein Gl\u00fcck, wenn Sie den Gipfel erreichen! Vielleicht haben Sie das Gl\u00fcck, einige G\u00e4msen auf den Bergk\u00e4mmen zu sehen.<\/p>\n\n<p class=\"wp-block-paragraph\">Auf diesen Spazierg\u00e4ngen k\u00f6nnen Sie die vielen Wasserl\u00f6cher und Wasserf\u00e4lle entdecken. Sie erm\u00f6glichen es den Tieren, ihren Durst zu stillen. Diese Brunnen und Waschh\u00e4user sind etwas Besonderes und geh\u00f6ren heute zum Kulturerbe, sie werden alle restauriert und in der Saison mit Blumen geschm\u00fcckt. Das ist der besondere Charme dieser Region.<\/p>\n\n<p class=\"wp-block-paragraph\">Sind Sie erstaunt \u00fcber die reiche Flora und Fauna? Es ist eine gute M\u00f6glichkeit, sie auf dem Pferder\u00fccken zu entdecken. Dann kommen Sie mit Ihrer Familie zum Reitzentrum von Lavant. Sie werden sicher unvergessliche Erinnerungen mit nach Hause nehmen.<\/p>\n\n<p class=\"wp-block-paragraph\">F\u00fcr Reiter oder einfach nur f\u00fcr Pony- oder Pferdesportler gibt es Naturpfade durch die Region.<\/p>\n\n<p class=\"wp-block-paragraph\"><strong>Zahlreiche Reitzentren k\u00f6nnen Ihnen w\u00e4hrend Ihres Aufenthalts Ausfl\u00fcge anbieten:<\/strong><\/p>\n\n<ul class=\"wp-block-list\">\n<li>Thezillieu Equestrian Centre (Lavant Equestrian Farm)  <\/li>\n\n\n\n<li>Ecurie de Zers in Saint Martin de Bavel<\/li>\n<\/ul>\n\t\t\t<div id=\"sevgallery-1323825474\" class=\"sev-diaporama sev-diaporama-portfolio\">\n\t\t\t<div class=\"row\">\n\n\t\t\t\n\t\t\t\t\n\t\t\t\t<div class=\"sev-diaporama-portfolio-item col-12 col-lg \">\n\t\t\t\t\t<!--<a href=\"https:\/\/camping-savoie-levaugrais.com\/wp-content\/uploads\/2021\/09\/IMG-20210903-WA0000-1.jpg\" data-lightbox=\"sevgallery-1323825474\" style=\"background-image: url(https:\/\/camping-savoie-levaugrais.com\/wp-content\/uploads\/2021\/09\/IMG-20210903-WA0000-1.jpg)\">-->\n\t\t\t\t\t<a href=\"https:\/\/camping-savoie-levaugrais.com\/wp-content\/uploads\/2021\/09\/IMG-20210903-WA0000-1.jpg\" data-lightbox=\"sevgallery-1323825474\">\n\t\t\t\t\t\t<img decoding=\"async\" src=\"https:\/\/camping-savoie-levaugrais.com\/wp-content\/uploads\/2021\/09\/IMG-20210903-WA0000-1.jpg\" alt=\"equitation\" loading=\"lazy\">\n\t\t\t\t\t<\/a>\n\t\t\t\t<\/div>\n\n\t\t\t\t\n\t\t\t\t\t\t\t\t\t\t\t\n\t\t\t\t\n\t\t\t\t<div class=\"sev-diaporama-portfolio-item col-12 col-lg \">\n\t\t\t\t\t<!--<a href=\"https:\/\/camping-savoie-levaugrais.com\/wp-content\/uploads\/2021\/09\/IMG-20210903-WA0001-1.jpg\" data-lightbox=\"sevgallery-1323825474\" style=\"background-image: url(https:\/\/camping-savoie-levaugrais.com\/wp-content\/uploads\/2021\/09\/IMG-20210903-WA0001-1.jpg)\">-->\n\t\t\t\t\t<a href=\"https:\/\/camping-savoie-levaugrais.com\/wp-content\/uploads\/2021\/09\/IMG-20210903-WA0001-1.jpg\" data-lightbox=\"sevgallery-1323825474\">\n\t\t\t\t\t\t<img decoding=\"async\" src=\"https:\/\/camping-savoie-levaugrais.com\/wp-content\/uploads\/2021\/09\/IMG-20210903-WA0001-1.jpg\" alt=\"camping \u00e9questre savoie\" loading=\"lazy\">\n\t\t\t\t\t<\/a>\n\t\t\t\t<\/div>\n\n\t\t\t\t\n\t\t\t\t\t\t\t\t\t\t\t\n\t\t\t\t\n\t\t\t\t<div class=\"sev-diaporama-portfolio-item col-12 col-lg  col-shrink\">\n\t\t\t\t\t<!--<a href=\"https:\/\/camping-savoie-levaugrais.com\/wp-content\/uploads\/2021\/09\/IMG-20210903-WA0002-1.jpg\" data-lightbox=\"sevgallery-1323825474\" style=\"background-image: url(https:\/\/camping-savoie-levaugrais.com\/wp-content\/uploads\/2021\/09\/IMG-20210903-WA0002-1.jpg)\">-->\n\t\t\t\t\t<a href=\"https:\/\/camping-savoie-levaugrais.com\/wp-content\/uploads\/2021\/09\/IMG-20210903-WA0002-1.jpg\" data-lightbox=\"sevgallery-1323825474\">\n\t\t\t\t\t\t<img decoding=\"async\" src=\"https:\/\/camping-savoie-levaugrais.com\/wp-content\/uploads\/2021\/09\/IMG-20210903-WA0002-1.jpg\" alt=\"balades \u00e0 cheval\" loading=\"lazy\">\n\t\t\t\t\t<\/a>\n\t\t\t\t<\/div>\n\n\t\t\t\t\n\t\t\t\t\t\t\t\t\t\t\t\n\t\t\t\t\n\t\t\t\t<div class=\"sev-diaporama-portfolio-item col-12 col-lg \">\n\t\t\t\t\t<!--<a href=\"https:\/\/camping-savoie-levaugrais.com\/wp-content\/uploads\/2021\/09\/IMG-20210903-WA0003-1.jpg\" data-lightbox=\"sevgallery-1323825474\" style=\"background-image: url(https:\/\/camping-savoie-levaugrais.com\/wp-content\/uploads\/2021\/09\/IMG-20210903-WA0003-1.jpg)\">-->\n\t\t\t\t\t<a href=\"https:\/\/camping-savoie-levaugrais.com\/wp-content\/uploads\/2021\/09\/IMG-20210903-WA0003-1.jpg\" data-lightbox=\"sevgallery-1323825474\">\n\t\t\t\t\t\t<img decoding=\"async\" src=\"https:\/\/camping-savoie-levaugrais.com\/wp-content\/uploads\/2021\/09\/IMG-20210903-WA0003-1.jpg\" alt=\"\u00e9quitation pr\u00e8s du camping\" loading=\"lazy\">\n\t\t\t\t\t<\/a>\n\t\t\t\t<\/div>\n\n\t\t\t\t\t\t\t\t\t<div class=\"w-100\"><\/div>\n\t\t\t\t\t\t\t\t\t\n\t\t\t\t\t\t\t\t\t\t\t\n\t\t\t\t\n\t\t\t\t<div class=\"sev-diaporama-portfolio-item col-12 col-lg  col-shrink\">\n\t\t\t\t\t<!--<a href=\"https:\/\/camping-savoie-levaugrais.com\/wp-content\/uploads\/2021\/09\/IMG-20210903-WA0004-1.jpg\" data-lightbox=\"sevgallery-1323825474\" style=\"background-image: url(https:\/\/camping-savoie-levaugrais.com\/wp-content\/uploads\/2021\/09\/IMG-20210903-WA0004-1.jpg)\">-->\n\t\t\t\t\t<a href=\"https:\/\/camping-savoie-levaugrais.com\/wp-content\/uploads\/2021\/09\/IMG-20210903-WA0004-1.jpg\" data-lightbox=\"sevgallery-1323825474\">\n\t\t\t\t\t\t<img decoding=\"async\" src=\"https:\/\/camping-savoie-levaugrais.com\/wp-content\/uploads\/2021\/09\/IMG-20210903-WA0004-1.jpg\" alt=\"camping \u00e9quitation savoie\" loading=\"lazy\">\n\t\t\t\t\t<\/a>\n\t\t\t\t<\/div>\n\n\t\t\t\t\n\t\t\t\t\t\t\t\t\t\t\t\n\t\t\t\t\n\t\t\t\t<div class=\"sev-diaporama-portfolio-item col-12 col-lg  col-grow\">\n\t\t\t\t\t<!--<a href=\"https:\/\/camping-savoie-levaugrais.com\/wp-content\/uploads\/2021\/09\/IMG-20210903-WA0005-1.jpg\" data-lightbox=\"sevgallery-1323825474\" style=\"background-image: url(https:\/\/camping-savoie-levaugrais.com\/wp-content\/uploads\/2021\/09\/IMG-20210903-WA0005-1.jpg)\">-->\n\t\t\t\t\t<a href=\"https:\/\/camping-savoie-levaugrais.com\/wp-content\/uploads\/2021\/09\/IMG-20210903-WA0005-1.jpg\" data-lightbox=\"sevgallery-1323825474\">\n\t\t\t\t\t\t<img decoding=\"async\" src=\"https:\/\/camping-savoie-levaugrais.com\/wp-content\/uploads\/2021\/09\/IMG-20210903-WA0005-1.jpg\" alt=\"balade en pleine nature\" loading=\"lazy\">\n\t\t\t\t\t<\/a>\n\t\t\t\t<\/div>\n\n\t\t\t\t\n\t\t\t\t\t\t\t\t\t\t\t\n\t\t\t\t\n\t\t\t\t<div class=\"sev-diaporama-portfolio-item col-12 col-lg  col-grow\">\n\t\t\t\t\t<!--<a href=\"https:\/\/camping-savoie-levaugrais.com\/wp-content\/uploads\/2021\/09\/IMG-20210903-WA0007-1.jpg\" data-lightbox=\"sevgallery-1323825474\" style=\"background-image: url(https:\/\/camping-savoie-levaugrais.com\/wp-content\/uploads\/2021\/09\/IMG-20210903-WA0007-1.jpg)\">-->\n\t\t\t\t\t<a href=\"https:\/\/camping-savoie-levaugrais.com\/wp-content\/uploads\/2021\/09\/IMG-20210903-WA0007-1.jpg\" data-lightbox=\"sevgallery-1323825474\">\n\t\t\t\t\t\t<img decoding=\"async\" src=\"https:\/\/camping-savoie-levaugrais.com\/wp-content\/uploads\/2021\/09\/IMG-20210903-WA0007-1.jpg\" alt=\"balades \u00e9questres savoie\" loading=\"lazy\">\n\t\t\t\t\t<\/a>\n\t\t\t\t<\/div>\n\n\t\t\t\t\n\t\t\t\t\t\t\t\t\t\t\t\n\t\t\t\t\n\t\t\t\t<div class=\"sev-diaporama-portfolio-item col-12 col-lg  col-grow\">\n\t\t\t\t\t<!--<a href=\"https:\/\/camping-savoie-levaugrais.com\/wp-content\/uploads\/2021\/09\/IMG-20210903-WA0008-1.jpg\" data-lightbox=\"sevgallery-1323825474\" style=\"background-image: url(https:\/\/camping-savoie-levaugrais.com\/wp-content\/uploads\/2021\/09\/IMG-20210903-WA0008-1.jpg)\">-->\n\t\t\t\t\t<a href=\"https:\/\/camping-savoie-levaugrais.com\/wp-content\/uploads\/2021\/09\/IMG-20210903-WA0008-1.jpg\" data-lightbox=\"sevgallery-1323825474\">\n\t\t\t\t\t\t<img decoding=\"async\" src=\"https:\/\/camping-savoie-levaugrais.com\/wp-content\/uploads\/2021\/09\/IMG-20210903-WA0008-1.jpg\" alt=\"chevaux\" loading=\"lazy\">\n\t\t\t\t\t<\/a>\n\t\t\t\t<\/div>\n\n\t\t\t\t\t\t\t\t\t<div class=\"w-100\"><\/div>\n\t\t\t\t\t\t\t\t\t\n\t\t\t\t\t\t\t\t\t\t\t\t\t\t<\/div>\n\t\t\t<\/div>\n\n\t\t\t<script>\n\t\t\tjQuery(function($) {\n\n\t\t\t\tvar marginPortfolio = function() {\n\n\t\t\t\t\tvar $diapo          = $('#sevgallery-1323825474');\n\t\t\t\t\tvar container_width = $diapo.parent().outerWidth();\n\t\t\t\t\tvar side            = ( $(window).innerWidth() - container_width ) \/ 2;\n\n\t\t\t\t\t$diapo.css( {\n\t\t\t\t\t\t'margin-left': '-' + side + 'px',\n\t\t\t\t\t\t'margin-right': '-' + side + 'px',\n\t\t\t\t\t} );\n\t\t\t\t};\n\n\t\t\t\t$( window ).resize( function() {\n\t\t\t\t\tmarginPortfolio();\n\t\t\t\t} );\n\t\t\t\tmarginPortfolio();\n\t\t\t});\n\t\t\t<\/script>\n\t\t\t\n","protected":false},"excerpt":{"rendered":"<p>Satteln Sie auf! Wenn Sie auf dem Campingplatz ankommen, erscheint Ihnen der Berg ganz nah. Es handelt sich um die Hochebene von Hautevilles Lompness, die nur 15 Minuten mit dem Auto entfernt liegt. Helene l\u00e4dt Sie ein, diesen magischen Ort zu entdecken. Die malerische Stra\u00dfe voller Charme, zwischen D\u00f6rfern und W\u00e4ldern gelegen, f\u00fchrt Sie \u00fcber [&hellip;]<\/p>\n","protected":false},"author":1,"featured_media":0,"parent":0,"menu_order":0,"comment_status":"closed","ping_status":"closed","template":"","meta":{"_seopress_robots_primary_cat":"","_seopress_titles_title":"Reiten: eine Familienaktivit\u00e4t, die Sie in der N\u00e4he des Campingplatzes entdecken k\u00f6nnen","_seopress_titles_desc":"Entdecken Sie in der N\u00e4he des 3-Sterne-Campingplatzes Le Vaugrais das Reiten. Eine Aktivit\u00e4t f\u00fcr die ganze Familie.   ","_seopress_robots_index":"","_crdt_document":"","footnotes":""},"class_list":["post-13497","page","type-page","status-publish","hentry"],"_links":{"self":[{"href":"https:\/\/camping-savoie-levaugrais.com\/de\/wp-json\/wp\/v2\/pages\/13497","targetHints":{"allow":["GET"]}}],"collection":[{"href":"https:\/\/camping-savoie-levaugrais.com\/de\/wp-json\/wp\/v2\/pages"}],"about":[{"href":"https:\/\/camping-savoie-levaugrais.com\/de\/wp-json\/wp\/v2\/types\/page"}],"author":[{"embeddable":true,"href":"https:\/\/camping-savoie-levaugrais.com\/de\/wp-json\/wp\/v2\/users\/1"}],"replies":[{"embeddable":true,"href":"https:\/\/camping-savoie-levaugrais.com\/de\/wp-json\/wp\/v2\/comments?post=13497"}],"version-history":[{"count":1,"href":"https:\/\/camping-savoie-levaugrais.com\/de\/wp-json\/wp\/v2\/pages\/13497\/revisions"}],"predecessor-version":[{"id":13498,"href":"https:\/\/camping-savoie-levaugrais.com\/de\/wp-json\/wp\/v2\/pages\/13497\/revisions\/13498"}],"wp:attachment":[{"href":"https:\/\/camping-savoie-levaugrais.com\/de\/wp-json\/wp\/v2\/media?parent=13497"}],"curies":[{"name":"wp","href":"https:\/\/api.w.org\/{rel}","templated":true}]}}