{"id":13499,"date":"2024-10-10T11:52:01","date_gmt":"2024-10-10T09:52:01","guid":{"rendered":"https:\/\/camping-savoie-levaugrais.com\/angeln\/"},"modified":"2024-10-10T11:52:03","modified_gmt":"2024-10-10T09:52:03","slug":"angeln","status":"publish","type":"page","link":"https:\/\/camping-savoie-levaugrais.com\/de\/angeln\/","title":{"rendered":"Angeln"},"content":{"rendered":"\n<p class=\"wp-block-paragraph\">Der Fischereiverband des Departements Ain hat ein Gegenseitigkeitssystem auf Departementsebene eingerichtet, dem 44 AAPPMA angeh\u00f6ren. Sie k\u00f6nnen also auf allen Strecken mit der Angelkarte eines dieser AAPPMA angeln<br\/>Der Verband des Departements Ain ist Mitglied eines interdepartementalen Gegenseitigkeitssystems: EHGO. <\/p>\n\n<p class=\"wp-block-paragraph\">Mit Ihrer Angelkarte und dem Stempel (100\u20ac) k\u00f6nnen Sie in den 91 Departements auf den Strecken der angeschlossenen AAPPMA angeln.<\/p>\n\n<p class=\"wp-block-paragraph\">APPMA du BAS-Bugey, verwaltet das Angelgebiet zwischen Anglefort und Br\u00e9gnier-cordon, \u00fcber Virieu le Grand und Champagneux&#8230;.<\/p>\n\n<p class=\"wp-block-paragraph\">In diesem Verband werden vier Fl\u00fcsse der 1. Kategorie (Seran, Furan, Gland und Aren) verwaltet.<\/p>\n\n<h2 class=\"wp-block-heading\">In der Region gibt es viele Angelseen:<\/h2>\n\n<div class=\"wp-block-columns is-layout-flex wp-container-core-columns-is-layout-8f761849 wp-block-columns-is-layout-flex\">\n<div class=\"wp-block-column is-vertically-aligned-center is-layout-flow wp-block-column-is-layout-flow\">\n<h3 class=\"wp-block-heading\" id=\"justify\">Der See von Virieu le Grand  <\/h3>\n\n\n\n<p class=\"wp-block-paragraph\" id=\"justify\"><br\/>Es handelt sich um einen See der 1. Kategorie, der von Oktober bis M\u00e4rz f\u00fcr das Fliegenfischen beliebt ist.  <\/p>\n\n\n\n<p class=\"wp-block-paragraph\" id=\"justify\">Sie finden hier vor allem Forelle, Hecht und Zander.  <\/p>\n\n\n\n<p class=\"wp-block-paragraph\" id=\"justify\">Sie k\u00f6nnen eine Tageskarte (\u20ac10) oder eine Saisonkarte (\u20ac30) kaufen, die im Pressehaus in Virieu le Grand oder im Tourismusb\u00fcro in Belley verkauft werden.<\/p>\n<\/div>\n\n\n\n<div class=\"wp-block-column is-vertically-aligned-center is-layout-flow wp-block-column-is-layout-flow\">\n<figure class=\"wp-block-image size-large\"><img loading=\"lazy\" decoding=\"async\" width=\"1024\" height=\"684\" src=\"https:\/\/camping-savoie-levaugrais.com\/wp-content\/uploads\/2021\/09\/Lac-de-Virieu-le-Grand-1024x684.jpg\" alt=\"Angelsee von Virieu le Grand\" class=\"wp-image-2550\" srcset=\"https:\/\/camping-savoie-levaugrais.com\/wp-content\/uploads\/2021\/09\/Lac-de-Virieu-le-Grand-1024x684.jpg 1024w, https:\/\/camping-savoie-levaugrais.com\/wp-content\/uploads\/2021\/09\/Lac-de-Virieu-le-Grand-300x200.jpg 300w, https:\/\/camping-savoie-levaugrais.com\/wp-content\/uploads\/2021\/09\/Lac-de-Virieu-le-Grand-768x513.jpg 768w, https:\/\/camping-savoie-levaugrais.com\/wp-content\/uploads\/2021\/09\/Lac-de-Virieu-le-Grand.jpg 1200w\" sizes=\"auto, (max-width: 1024px) 100vw, 1024px\" \/><\/figure>\n<\/div>\n<\/div>\n\n<div class=\"wp-block-columns is-layout-flex wp-container-core-columns-is-layout-8f761849 wp-block-columns-is-layout-flex\">\n<div class=\"wp-block-column is-vertically-aligned-center order-2 order-lg-1 is-layout-flow wp-block-column-is-layout-flow\">\n<figure class=\"wp-block-image size-large\"><img loading=\"lazy\" decoding=\"async\" width=\"1024\" height=\"683\" src=\"https:\/\/camping-savoie-levaugrais.com\/wp-content\/uploads\/2021\/09\/GCAT_056525_HD-1024x683.jpg\" alt=\"Angelsee\" class=\"wp-image-2552\" srcset=\"https:\/\/camping-savoie-levaugrais.com\/wp-content\/uploads\/2021\/09\/GCAT_056525_HD-1024x683.jpg 1024w, https:\/\/camping-savoie-levaugrais.com\/wp-content\/uploads\/2021\/09\/GCAT_056525_HD-300x200.jpg 300w, https:\/\/camping-savoie-levaugrais.com\/wp-content\/uploads\/2021\/09\/GCAT_056525_HD-768x512.jpg 768w, https:\/\/camping-savoie-levaugrais.com\/wp-content\/uploads\/2021\/09\/GCAT_056525_HD.jpg 1200w\" sizes=\"auto, (max-width: 1024px) 100vw, 1024px\" \/><\/figure>\n<\/div>\n\n\n\n<div class=\"wp-block-column is-vertically-aligned-center order-1 order-lg-2 is-layout-flow wp-block-column-is-layout-flow\">\n<h3 class=\"wp-block-heading\">Der See von Les H\u00f4pitaux<\/h3>\n\n\n\n<p class=\"wp-block-paragraph\">Mit einer Fl\u00e4che von \u00fcber 17 Hektar ist er von Mai bis Dezember ge\u00f6ffnet. Es handelt sich um eine private Anlage. Die Qualit\u00e4t des Wassers ist au\u00dfergew\u00f6hnlich, da es mit dem unterirdischen Netz verbunden ist, schwankt der Wasserstand je nach Jahreszeit und Wetterlage.    <\/p>\n\n\n\n<p class=\"wp-block-paragraph\">Die H\u00f6he schwankt zwischen 7 und 13 Metern mit einem relativ homogenen Boden. Das Nahrungsangebot ist reichlich, so dass die Karpfen in den letzten Jahren ein Durchschnittsgewicht von ca. 10 kg erreicht haben.   <\/p>\n\n\n\n<p class=\"wp-block-paragraph\">Der See f\u00f6rdert auch das Wachstum von Schleien, die bis zu drei Kilogramm schwer werden k\u00f6nnen.<\/p>\n\n\n\n<p class=\"wp-block-paragraph\" id=\"justify\"><\/p>\n<\/div>\n<\/div>\n\n<div class=\"wp-block-columns is-layout-flex wp-container-core-columns-is-layout-8f761849 wp-block-columns-is-layout-flex\">\n<div class=\"wp-block-column is-vertically-aligned-center is-layout-flow wp-block-column-is-layout-flow\">\n<h3 class=\"wp-block-heading\">  Der See von Barterand  <\/h3>\n\n\n\n<p class=\"wp-block-paragraph\">In diesem nat\u00fcrlichen See im Herzen der Bugey-Berge k\u00f6nnen Sie Lavaret, Barsch, Hecht und Karpfen angeln.  <\/p>\n<\/div>\n\n\n\n<div class=\"wp-block-column is-vertically-aligned-center is-layout-flow wp-block-column-is-layout-flow\">\n<figure class=\"wp-block-image size-large\"><img loading=\"lazy\" decoding=\"async\" width=\"1024\" height=\"684\" src=\"https:\/\/camping-savoie-levaugrais.com\/wp-content\/uploads\/2021\/09\/Lac-de-Barterand-1024x684.jpg\" alt=\"Lac-de-Barterand\" class=\"wp-image-1370\" srcset=\"https:\/\/camping-savoie-levaugrais.com\/wp-content\/uploads\/2021\/09\/Lac-de-Barterand-1024x684.jpg 1024w, https:\/\/camping-savoie-levaugrais.com\/wp-content\/uploads\/2021\/09\/Lac-de-Barterand-300x200.jpg 300w, https:\/\/camping-savoie-levaugrais.com\/wp-content\/uploads\/2021\/09\/Lac-de-Barterand-768x513.jpg 768w, https:\/\/camping-savoie-levaugrais.com\/wp-content\/uploads\/2021\/09\/Lac-de-Barterand.jpg 1200w\" sizes=\"auto, (max-width: 1024px) 100vw, 1024px\" \/><\/figure>\n<\/div>\n<\/div>\n\n<div class=\"wp-block-columns are-vertically-aligned-center is-layout-flex wp-container-core-columns-is-layout-8f761849 wp-block-columns-is-layout-flex\">\n<div class=\"wp-block-column is-vertically-aligned-center order-2 order-lg-1 is-layout-flow wp-block-column-is-layout-flow\">\n<figure class=\"wp-block-image size-full\"><img loading=\"lazy\" decoding=\"async\" width=\"1024\" height=\"768\" src=\"https:\/\/camping-savoie-levaugrais.com\/wp-content\/uploads\/2021\/09\/SMBT-VC011969-SavoieMontBlanc-Cervellin-4000px.jpg\" alt=\"Angeln am See von Bourget\" class=\"wp-image-2352\" srcset=\"https:\/\/camping-savoie-levaugrais.com\/wp-content\/uploads\/2021\/09\/SMBT-VC011969-SavoieMontBlanc-Cervellin-4000px.jpg 1024w, https:\/\/camping-savoie-levaugrais.com\/wp-content\/uploads\/2021\/09\/SMBT-VC011969-SavoieMontBlanc-Cervellin-4000px-300x225.jpg 300w, https:\/\/camping-savoie-levaugrais.com\/wp-content\/uploads\/2021\/09\/SMBT-VC011969-SavoieMontBlanc-Cervellin-4000px-768x576.jpg 768w\" sizes=\"auto, (max-width: 1024px) 100vw, 1024px\" \/><\/figure>\n<\/div>\n\n\n\n<div class=\"wp-block-column is-vertically-aligned-center order-1 order-lg-2 is-layout-flow wp-block-column-is-layout-flow\">\n<h3 class=\"wp-block-heading\">  Der See von Bourget  <\/h3>\n\n\n\n<p class=\"wp-block-paragraph\">Er ist mit 4450 Hektar der gr\u00f6\u00dfte nat\u00fcrliche See Frankreichs und verf\u00fcgt \u00fcber einen bemerkenswerten Fischreichtum mit 33 Arten.  <\/p>\n\n\n\n<p class=\"wp-block-paragraph\">In diesem Angelgebiet, das als 1. Kategorie eingestuft ist, finden Sie Bachforellen, Barsche, Zander, Saiblinge und viele andere Fischarten.<\/p>\n\n\n\n<p class=\"wp-block-paragraph\">In Savoyen kann die Angelkarte je nach Bedarf f\u00fcr einen Tag (14\u20ac), eine Woche (33\u20ac) oder ein Jahr (94\u20ac) ausgestellt werden.  <\/p>\n\n\n\n<p class=\"wp-block-paragraph\">Sie k\u00f6nnen es direkt auf der Website buchen:  <a rel=\"noreferrer noopener\" href=\"http:\/\/www.%20cartedepeche.%20fr\/\" target=\"_blank\">http:\/\/www. cartedepeche. de\/ <\/a> <\/p>\n<\/div>\n<\/div>\n\n<h2 class=\"wp-block-heading\">Sie k\u00f6nnen auch in den Fl\u00fcssen rund um den Campingplatz angeln:<\/h2>\n\n<div class=\"wp-block-columns are-vertically-aligned-center is-layout-flex wp-container-core-columns-is-layout-8f761849 wp-block-columns-is-layout-flex\">\n<div class=\"wp-block-column is-vertically-aligned-center is-layout-flow wp-block-column-is-layout-flow\">\n<h3 class=\"wp-block-heading\"><strong>Der<\/strong>S\u00e9ran  <\/h3>\n\n\n\n<p class=\"wp-block-paragraph\"><br\/>Der <a href=\"https:\/\/camping-savoie-levaugrais.com\/de\/die-schluchten-von-thurignin\/\" data-type=\"page\" data-id=\"1062\">S\u00e9ran <\/a>ist ein Fluss der 1. Kategorie f\u00fcr das Forellenangeln. Der letzte Abschnitt beginnt ab Artemare (Wasserfall) bis zum Zusammenfluss mit der Rh\u00f4ne.   <\/p>\n\n\n\n<p class=\"wp-block-paragraph\">Der Fang von \u00c4schen ist seit 2000 verboten, nachdem die Population zusammengebrochen war.<\/p>\n<\/div>\n\n\n\n<div class=\"wp-block-column is-vertically-aligned-center is-layout-flow wp-block-column-is-layout-flow\">\n<div class=\"wp-block-image\"><figure class=\"aligncenter size-large is-resized\"><img loading=\"lazy\" decoding=\"async\" src=\"https:\/\/camping-savoie-levaugrais.com\/wp-content\/uploads\/2021\/09\/Sites-et-Paysages-Le-Vaugrais-&#xA9;-2015_Kinaphoto_6-683x1024.jpg\" alt=\"Fluss Seran\" class=\"wp-image-1945\" width=\"342\" height=\"512\"\/><\/figure><\/div>\n<\/div>\n<\/div>\n\n<div class=\"wp-block-columns are-vertically-aligned-center is-layout-flex wp-container-core-columns-is-layout-8f761849 wp-block-columns-is-layout-flex\">\n<div class=\"wp-block-column is-vertically-aligned-center order-2 order-lg-1 is-layout-flow wp-block-column-is-layout-flow\">\n<figure class=\"wp-block-image size-large\"><img loading=\"lazy\" decoding=\"async\" width=\"1024\" height=\"683\" src=\"https:\/\/camping-savoie-levaugrais.com\/wp-content\/uploads\/2021\/08\/Gorges-de-Thurignin-1024x683.jpg\" alt=\"Der Fluss S&#xE9;ran zum Angeln\" class=\"wp-image-1309\" srcset=\"https:\/\/camping-savoie-levaugrais.com\/wp-content\/uploads\/2021\/08\/Gorges-de-Thurignin-1024x683.jpg 1024w, https:\/\/camping-savoie-levaugrais.com\/wp-content\/uploads\/2021\/08\/Gorges-de-Thurignin-300x200.jpg 300w, https:\/\/camping-savoie-levaugrais.com\/wp-content\/uploads\/2021\/08\/Gorges-de-Thurignin-768x512.jpg 768w, https:\/\/camping-savoie-levaugrais.com\/wp-content\/uploads\/2021\/08\/Gorges-de-Thurignin-1536x1024.jpg 1536w, https:\/\/camping-savoie-levaugrais.com\/wp-content\/uploads\/2021\/08\/Gorges-de-Thurignin.jpg 1600w\" sizes=\"auto, (max-width: 1024px) 100vw, 1024px\" \/><\/figure>\n<\/div>\n\n\n\n<div class=\"wp-block-column is-vertically-aligned-center order-1 order-lg-2 is-layout-flow wp-block-column-is-layout-flow\">\n<h3 class=\"wp-block-heading\">L&#8217;Arvi\u00e8re  <\/h3>\n\n\n\n<p class=\"wp-block-paragraph\"><br\/>Die<a href=\"https:\/\/camping-savoie-levaugrais.com\/de\/die-lage-von-larviere\/\" data-type=\"page\" data-id=\"1069\">Arvi\u00e8re <\/a>ist der vierte Fluss im Departement Ain und der 25. in Frankreich, dem das Label &#8222;Site Rivi\u00e8res Sauvages&#8220; verliehen wurde. &#8222;Die Arvi\u00e8re ist ein Fluss im Einzugsgebiet des S\u00e9ran, eines Nebenflusses der Rh\u00f4ne.   <\/p>\n\n\n\n<p class=\"wp-block-paragraph\">Dieser 12,7 km lange Wasserlauf wurde mit dem Niveau 1 des Labels &#8222;Site Rivi\u00e8res Sauvages&#8220; ausgezeichnet. Er ist Teil des ENS (Espace Naturel Sensible) &#8222;Arvi\u00e8re et curiosit\u00e9s g\u00e9ologiques du Valromey&#8220;.   <\/p>\n\n\n\n<p class=\"wp-block-paragraph\">Die Quelle befindet sich in der Gemeinde Br\u00e9naz (Arivi\u00e8re-en-Valromey) auf einer H\u00f6he von fast 1220 m. Die Quelle liegt in der Gemeinde Br\u00e9naz (Arivi\u00e8re-en-Valromey).  <\/p>\n\n\n\n<p class=\"wp-block-paragraph\">Der Zusammenfluss der Arvi\u00e8re mit dem Groin befindet sich im Herzen der Gemeinde Vieu (Valromey-sur-S\u00e9ran) auf 390 m H\u00f6he. Die Auszeichnung betrifft auch den Bach Malageriaz und den Groin bis zu seinem Zusammenfluss mit dem Arvi\u00e8re. <\/p>\n<\/div>\n<\/div>\n","protected":false},"excerpt":{"rendered":"<p>Der Fischereiverband des Departements Ain hat ein Gegenseitigkeitssystem auf Departementsebene eingerichtet, dem 44 AAPPMA angeh\u00f6ren. Sie k\u00f6nnen also auf allen Strecken mit der Angelkarte eines dieser AAPPMA angelnDer Verband des Departements Ain ist Mitglied eines interdepartementalen Gegenseitigkeitssystems: EHGO. Mit Ihrer Angelkarte und dem Stempel (100\u20ac) k\u00f6nnen Sie in den 91 Departements auf den Strecken der [&hellip;]<\/p>\n","protected":false},"author":1,"featured_media":0,"parent":0,"menu_order":0,"comment_status":"closed","ping_status":"closed","template":"","meta":{"_seopress_robots_primary_cat":"","_seopress_titles_title":"Zahlreiche Angelseen und Fl\u00fcsse in der N\u00e4he des Campingplatzes Le Vaugrais","_seopress_titles_desc":"Zahlreiche Angelseen und Fischfl\u00fcsse in der N\u00e4he des Campingplatzes Le Vaugrais. Angelfreunde werden begeistert sein!   ","_seopress_robots_index":"","_crdt_document":"","footnotes":""},"class_list":["post-13499","page","type-page","status-publish","hentry"],"_links":{"self":[{"href":"https:\/\/camping-savoie-levaugrais.com\/de\/wp-json\/wp\/v2\/pages\/13499","targetHints":{"allow":["GET"]}}],"collection":[{"href":"https:\/\/camping-savoie-levaugrais.com\/de\/wp-json\/wp\/v2\/pages"}],"about":[{"href":"https:\/\/camping-savoie-levaugrais.com\/de\/wp-json\/wp\/v2\/types\/page"}],"author":[{"embeddable":true,"href":"https:\/\/camping-savoie-levaugrais.com\/de\/wp-json\/wp\/v2\/users\/1"}],"replies":[{"embeddable":true,"href":"https:\/\/camping-savoie-levaugrais.com\/de\/wp-json\/wp\/v2\/comments?post=13499"}],"version-history":[{"count":1,"href":"https:\/\/camping-savoie-levaugrais.com\/de\/wp-json\/wp\/v2\/pages\/13499\/revisions"}],"predecessor-version":[{"id":13507,"href":"https:\/\/camping-savoie-levaugrais.com\/de\/wp-json\/wp\/v2\/pages\/13499\/revisions\/13507"}],"wp:attachment":[{"href":"https:\/\/camping-savoie-levaugrais.com\/de\/wp-json\/wp\/v2\/media?parent=13499"}],"curies":[{"name":"wp","href":"https:\/\/api.w.org\/{rel}","templated":true}]}}