{"id":4375,"date":"2021-10-08T11:07:19","date_gmt":"2021-10-08T09:07:19","guid":{"rendered":"https:\/\/camping-savoie-levaugrais.com\/request-for-access-to-data\/"},"modified":"2021-10-08T11:07:19","modified_gmt":"2021-10-08T09:07:19","slug":"request-for-access-to-data","status":"publish","type":"page","link":"https:\/\/camping-savoie-levaugrais.com\/en\/request-for-access-to-data\/","title":{"rendered":"Request for access to data"},"content":{"rendered":"\n\t\t\n\t\t\t<form action=\"\" class=\"form-contact form-accesdonnees\" role=\"form\" method=\"post\">\n\t\t\t\t<p>\n\t\t\t\t\tIn order to access, modify or delete your personal data, please fill out this form &lt;strong&gt;as accurately as possible&lt;\/strong&gt;.\t\t\t\t\t\n\t\t\t\t<\/p>\n\t\t\t\t<div class=\"form-row\">\n\n\t\t\t\t\t<div class=\"form-group col-md-6 \">\n\t\t\t\t\t\t<label class=\"col-form-label\" for=\"contact-nom\">Name *<\/label>\n\t\t\t\t\t\t<input type=\"text\" id=\"contact-nom\" name=\"nom\" class=\"form-control\" value=\"\" required>\n\t\t\t\t\t\t<span class=\"help-block\"><\/span>\n\t\t\t\t\t<\/div>\n\n\t\t\t\t\t<div class=\"form-group col-md-6 \">\n\t\t\t\t\t\t<label class=\"col-form-label\" for=\"contact-prenom\">First name *<\/label>\n\t\t\t\t\t\t<input type=\"text\" id=\"contact-prenom\" name=\"prenom\" class=\"form-control\" value=\"\" required>\n\t\t\t\t\t\t<span class=\"help-block\"><\/span>\n\t\t\t\t\t<\/div>\n\n\t\t\t\t<\/div>\n\t\t\t\t<div class=\"form-row\">\n\n\t\t\t\t\t<div class=\"form-group col-md-12 \">\n\t\t\t\t\t\t<label class=\"col-form-label\" for=\"contact-email\">E-mail *<\/label>\n\t\t\t\t\t\t<input type=\"email\" name=\"email\" id=\"contact-email\" class=\"form-control\" value=\"\" required>\n\t\t\t\t\t\t<span class=\"help-block\"><\/span>\n\t\t\t\t\t<\/div>\n\n\t\t\t\t<\/div>\n\t\t\t\t<div class=\"form-group\">\n\t\t\t\t\t<label class=\"col-form-label\" for=\"contact-msg\">Specify your request *<\/label>\n\t\t\t\t\t<textarea name=\"msg\" id=\"contact-msg\" class=\"form-control\" rows=\"3\" required><\/textarea>\n\t\t\t\t\t<span class=\"help-block\"><\/span>\n\t\t\t\t<\/div>\n\n\t\t\t\t<div class=\"d-flex form-group flex-wrap \" required>\n\t\t\t\t\t<div class=\"form-check\">\n\t\t\t\t\t\t\n\t\t\t\t\t\t<input type=\"checkbox\" class=\"form-check-input\" id=\"contact-rgpd\" name=\"rgpd\">\n\t\t\t\t\t\t<label class=\"col-form-label pt-0\" for=\"contact-rgpd\">\n\t\t\t\t\t\t\tEn soumettant ce formulaire, j&#039;accepte que les informations saisies soient exploit\u00e9es dans le cadre de la demande d&#039;acc\u00e8s, de modification ou de suppression de mes donn\u00e9es personnelles *\n\t\t\t\t\t\t<\/label>\n\t\t\t\t\t\t<span class=\"help-block\"><\/span>\n\t\t\t\t\t<\/div>\n\t\t\t\t<\/div>\n\n\t\t\t\t<div class=\"form-group contact-texte-container\">\n\t\t\t\t\t<input type=\"text\" class=\"contact-texte\" name=\"texte\" value=\"\">\n\t\t\t\t<\/div>\n\n\t\t\t\t<div class=\"form-group text-center\">\n\t\t\t\t\t<input type=\"hidden\" name=\"nonce\" value=\"ff1187ff82\">\n\t\t\t\t\t<button type=\"submit\" name=\"submit\" class=\"btn btn-default\">Send<\/button>\n\t\t\t\t<\/div>\n\n\t\t\t\t<p><small>*Required Field<\/small><\/p>\n\t\t\t<\/form>\n\n\t\t\n","protected":false},"excerpt":{"rendered":"","protected":false},"author":1,"featured_media":0,"parent":0,"menu_order":0,"comment_status":"closed","ping_status":"closed","template":"","meta":{"_seopress_robots_primary_cat":"","_seopress_titles_title":"Request for access to data - Camping 3 \u00e9toiles le Vaugrais","_seopress_titles_desc":"","_seopress_robots_index":"","_crdt_document":"","footnotes":""},"class_list":["post-4375","page","type-page","status-publish","hentry"],"_links":{"self":[{"href":"https:\/\/camping-savoie-levaugrais.com\/en\/wp-json\/wp\/v2\/pages\/4375","targetHints":{"allow":["GET"]}}],"collection":[{"href":"https:\/\/camping-savoie-levaugrais.com\/en\/wp-json\/wp\/v2\/pages"}],"about":[{"href":"https:\/\/camping-savoie-levaugrais.com\/en\/wp-json\/wp\/v2\/types\/page"}],"author":[{"embeddable":true,"href":"https:\/\/camping-savoie-levaugrais.com\/en\/wp-json\/wp\/v2\/users\/1"}],"replies":[{"embeddable":true,"href":"https:\/\/camping-savoie-levaugrais.com\/en\/wp-json\/wp\/v2\/comments?post=4375"}],"version-history":[{"count":1,"href":"https:\/\/camping-savoie-levaugrais.com\/en\/wp-json\/wp\/v2\/pages\/4375\/revisions"}],"predecessor-version":[{"id":4376,"href":"https:\/\/camping-savoie-levaugrais.com\/en\/wp-json\/wp\/v2\/pages\/4375\/revisions\/4376"}],"wp:attachment":[{"href":"https:\/\/camping-savoie-levaugrais.com\/en\/wp-json\/wp\/v2\/media?parent=4375"}],"curies":[{"name":"wp","href":"https:\/\/api.w.org\/{rel}","templated":true}]}}