{"id":4393,"date":"2021-10-08T11:07:33","date_gmt":"2021-10-08T09:07:33","guid":{"rendered":"https:\/\/camping-savoie-levaugrais.com\/reconnected-to-nature\/"},"modified":"2025-01-03T13:50:32","modified_gmt":"2025-01-03T12:50:32","slug":"reconnected-to-nature","status":"publish","type":"page","link":"https:\/\/camping-savoie-levaugrais.com\/en\/experience-just-for-the-two-of-us\/reconnected-to-nature\/","title":{"rendered":"Reconnected to nature"},"content":{"rendered":"\n<div id=\"bugey\" class=\"wp-block-group\"><div class=\"wp-block-group__inner-container is-layout-flow wp-block-group-is-layout-flow\">\n<div style=\"height:40px\" aria-hidden=\"true\" class=\"wp-block-spacer\"><\/div>\n\n\n\n<h2 class=\"wp-block-heading has-text-align-center\">And why not a romantic getaway on the mythical Col du Colombier at 1548 m?<\/h2>\n\n\n<div class=\"wp-block-image\">\n<figure class=\"aligncenter size-large is-resized\"><img loading=\"lazy\" decoding=\"async\" width=\"1024\" height=\"576\" src=\"https:\/\/camping-savoie-levaugrais.com\/wp-content\/uploads\/2025\/01\/Partez-a-laventure-en-anglais-15-1024x576.jpg\" alt=\"\" class=\"wp-image-16604\" style=\"width:366px;height:auto\" srcset=\"https:\/\/camping-savoie-levaugrais.com\/wp-content\/uploads\/2025\/01\/Partez-a-laventure-en-anglais-15-1024x576.jpg 1024w, https:\/\/camping-savoie-levaugrais.com\/wp-content\/uploads\/2025\/01\/Partez-a-laventure-en-anglais-15-300x169.jpg 300w, https:\/\/camping-savoie-levaugrais.com\/wp-content\/uploads\/2025\/01\/Partez-a-laventure-en-anglais-15-768x432.jpg 768w, https:\/\/camping-savoie-levaugrais.com\/wp-content\/uploads\/2025\/01\/Partez-a-laventure-en-anglais-15-1536x864.jpg 1536w, https:\/\/camping-savoie-levaugrais.com\/wp-content\/uploads\/2025\/01\/Partez-a-laventure-en-anglais-15.jpg 1920w\" sizes=\"auto, (max-width: 1024px) 100vw, 1024px\" \/><\/figure>\n<\/div>\n\n\n<div class=\"wp-block-media-text is-stacked-on-mobile\"><figure class=\"wp-block-media-text__media\"><img loading=\"lazy\" decoding=\"async\" width=\"1024\" height=\"528\" src=\"https:\/\/camping-savoie-levaugrais.com\/wp-content\/uploads\/2024\/12\/IMG_6182-internet-1024x528.jpg\" alt=\"\" class=\"wp-image-15472 size-full\" srcset=\"https:\/\/camping-savoie-levaugrais.com\/wp-content\/uploads\/2024\/12\/IMG_6182-internet-1024x528.jpg 1024w, https:\/\/camping-savoie-levaugrais.com\/wp-content\/uploads\/2024\/12\/IMG_6182-internet-300x155.jpg 300w, https:\/\/camping-savoie-levaugrais.com\/wp-content\/uploads\/2024\/12\/IMG_6182-internet-768x396.jpg 768w, https:\/\/camping-savoie-levaugrais.com\/wp-content\/uploads\/2024\/12\/IMG_6182-internet.jpg 1200w\" sizes=\"auto, (max-width: 1024px) 100vw, 1024px\" \/><\/figure><div class=\"wp-block-media-text__content\">\n<p class=\"has-medium-font-size wp-block-paragraph\"><strong>The Col du Colombier, <\/strong>nestled in the foothills of the Jura, awaits you for a magical adventure. At the summit, a breathtaking panorama unfolds before your eyes: the Alps, the three lakes, and the sparkling waters of Lac du Bourget, Annecy and Geneva.<\/p>\n\n\n\n<p class=\"has-medium-font-size wp-block-paragraph\">The cross and orientation table will guide you through the mountains, providing valuable information and, on a clear day, the majesty of Mont Blanc and Vercors. Classified as a sensitive natural area, the site boasts exceptional flora and fauna.<\/p>\n\n\n\n<p class=\"has-medium-font-size wp-block-paragraph\">Take to the trails, such as the Circuit des Sioux or the Cr\u00eates, and be enchanted by the chance of coming across a wandering chamois. Let your footsteps draw a dream in this unspoilt landscape.<\/p>\n<\/div><\/div>\n\n\n\n<div class=\"wp-block-media-text has-media-on-the-right is-stacked-on-mobile\"><div class=\"wp-block-media-text__content\">\n<p class=\"has-medium-font-size wp-block-paragraph\">Snuggle up together for a sunset at the summit of Col du Colombier, a moment suspended in time. The sky is decked out in a thousand colors, as the last rays of the sun fade into the horizon, creating a soft, intimate magic.<\/p>\n\n\n\n<p class=\"has-medium-font-size wp-block-paragraph\">In this silence, only your eyes meet, illuminated by the beauty of the landscape and the love that unites you. Savor a slice of Comt\u00e9, a Bleu de Gex and a delicate Pinot (to be consumed in moderation) on a slice of bread.<\/p>\n\n\n\n<p class=\"has-medium-font-size wp-block-paragraph\">Finish the feast with a praline sugar galette, sweetening your heart with an unforgettable sweetness. A simply perfect moment.<\/p>\n\n\n\n<p class=\"has-medium-font-size wp-block-paragraph\">photo credit: @chenevert01<\/p>\n<\/div><figure class=\"wp-block-media-text__media\"><img loading=\"lazy\" decoding=\"async\" width=\"1024\" height=\"528\" src=\"https:\/\/camping-savoie-levaugrais.com\/wp-content\/uploads\/2024\/12\/coucher-de-soleil-col-du-colombier-internet-1-1024x528.jpg\" alt=\"\" class=\"wp-image-15683 size-full\" srcset=\"https:\/\/camping-savoie-levaugrais.com\/wp-content\/uploads\/2024\/12\/coucher-de-soleil-col-du-colombier-internet-1-1024x528.jpg 1024w, https:\/\/camping-savoie-levaugrais.com\/wp-content\/uploads\/2024\/12\/coucher-de-soleil-col-du-colombier-internet-1-300x155.jpg 300w, https:\/\/camping-savoie-levaugrais.com\/wp-content\/uploads\/2024\/12\/coucher-de-soleil-col-du-colombier-internet-1-768x396.jpg 768w, https:\/\/camping-savoie-levaugrais.com\/wp-content\/uploads\/2024\/12\/coucher-de-soleil-col-du-colombier-internet-1.jpg 1200w\" sizes=\"auto, (max-width: 1024px) 100vw, 1024px\" \/><\/figure><\/div>\n<\/div><\/div>\n\n\n\t\t\t<div id=\"sevgallery-1307246246\" class=\"sev-diaporama sev-diaporama-portfolio\">\n\t\t\t<div class=\"row\">\n\n\t\t\t\n\t\t\t\t\n\t\t\t\t<div class=\"sev-diaporama-portfolio-item col-12 col-lg \">\n\t\t\t\t\t<!--<a href=\"https:\/\/camping-savoie-levaugrais.com\/wp-content\/uploads\/2021\/09\/GCAT_059285_HD-1.jpg\" data-lightbox=\"sevgallery-1307246246\" style=\"background-image: url(https:\/\/camping-savoie-levaugrais.com\/wp-content\/uploads\/2021\/09\/GCAT_059285_HD-1.jpg)\">-->\n\t\t\t\t\t<a href=\"https:\/\/camping-savoie-levaugrais.com\/wp-content\/uploads\/2021\/09\/GCAT_059285_HD-1.jpg\" data-lightbox=\"sevgallery-1307246246\">\n\t\t\t\t\t\t<img decoding=\"async\" src=\"https:\/\/camping-savoie-levaugrais.com\/wp-content\/uploads\/2021\/09\/GCAT_059285_HD-1.jpg\" alt=\"\" loading=\"lazy\">\n\t\t\t\t\t<\/a>\n\t\t\t\t<\/div>\n\n\t\t\t\t\n\t\t\t\t\t\t\t\t\t\t\t\n\t\t\t\t\n\t\t\t\t<div class=\"sev-diaporama-portfolio-item col-12 col-lg  col-grow\">\n\t\t\t\t\t<!--<a href=\"https:\/\/camping-savoie-levaugrais.com\/wp-content\/uploads\/2021\/09\/GCAT_059362_HD.jpg\" data-lightbox=\"sevgallery-1307246246\" style=\"background-image: url(https:\/\/camping-savoie-levaugrais.com\/wp-content\/uploads\/2021\/09\/GCAT_059362_HD.jpg)\">-->\n\t\t\t\t\t<a href=\"https:\/\/camping-savoie-levaugrais.com\/wp-content\/uploads\/2021\/09\/GCAT_059362_HD.jpg\" data-lightbox=\"sevgallery-1307246246\">\n\t\t\t\t\t\t<img decoding=\"async\" src=\"https:\/\/camping-savoie-levaugrais.com\/wp-content\/uploads\/2021\/09\/GCAT_059362_HD.jpg\" alt=\"\" loading=\"lazy\">\n\t\t\t\t\t<\/a>\n\t\t\t\t<\/div>\n\n\t\t\t\t\n\t\t\t\t\t\t\t\t\t\t\t\n\t\t\t\t\n\t\t\t\t<div class=\"sev-diaporama-portfolio-item col-12 col-lg  col-shrink\">\n\t\t\t\t\t<!--<a href=\"https:\/\/camping-savoie-levaugrais.com\/wp-content\/uploads\/2021\/09\/GCAT_059365_HD.jpg\" data-lightbox=\"sevgallery-1307246246\" style=\"background-image: url(https:\/\/camping-savoie-levaugrais.com\/wp-content\/uploads\/2021\/09\/GCAT_059365_HD.jpg)\">-->\n\t\t\t\t\t<a href=\"https:\/\/camping-savoie-levaugrais.com\/wp-content\/uploads\/2021\/09\/GCAT_059365_HD.jpg\" data-lightbox=\"sevgallery-1307246246\">\n\t\t\t\t\t\t<img decoding=\"async\" src=\"https:\/\/camping-savoie-levaugrais.com\/wp-content\/uploads\/2021\/09\/GCAT_059365_HD.jpg\" alt=\"\" loading=\"lazy\">\n\t\t\t\t\t<\/a>\n\t\t\t\t<\/div>\n\n\t\t\t\t\n\t\t\t\t\t\t\t\t\t\t\t\n\t\t\t\t\n\t\t\t\t<div class=\"sev-diaporama-portfolio-item col-12 col-lg  col-grow\">\n\t\t\t\t\t<!--<a href=\"https:\/\/camping-savoie-levaugrais.com\/wp-content\/uploads\/2023\/11\/colombier-aintourisme-6.jpg\" data-lightbox=\"sevgallery-1307246246\" style=\"background-image: url(https:\/\/camping-savoie-levaugrais.com\/wp-content\/uploads\/2023\/11\/colombier-aintourisme-6.jpg)\">-->\n\t\t\t\t\t<a href=\"https:\/\/camping-savoie-levaugrais.com\/wp-content\/uploads\/2023\/11\/colombier-aintourisme-6.jpg\" data-lightbox=\"sevgallery-1307246246\">\n\t\t\t\t\t\t<img decoding=\"async\" src=\"https:\/\/camping-savoie-levaugrais.com\/wp-content\/uploads\/2023\/11\/colombier-aintourisme-6.jpg\" alt=\"montagn\" loading=\"lazy\">\n\t\t\t\t\t<\/a>\n\t\t\t\t<\/div>\n\n\t\t\t\t\t\t\t\t\t<div class=\"w-100\"><\/div>\n\t\t\t\t\t\t\t\t\t\n\t\t\t\t\t\t\t\t\t\t\t\n\t\t\t\t\n\t\t\t\t<div class=\"sev-diaporama-portfolio-item col-12 col-lg  col-grow\">\n\t\t\t\t\t<!--<a href=\"https:\/\/camping-savoie-levaugrais.com\/wp-content\/uploads\/2023\/11\/montagnefamille3jpg-1.jpg\" data-lightbox=\"sevgallery-1307246246\" style=\"background-image: url(https:\/\/camping-savoie-levaugrais.com\/wp-content\/uploads\/2023\/11\/montagnefamille3jpg-1.jpg)\">-->\n\t\t\t\t\t<a href=\"https:\/\/camping-savoie-levaugrais.com\/wp-content\/uploads\/2023\/11\/montagnefamille3jpg-1.jpg\" data-lightbox=\"sevgallery-1307246246\">\n\t\t\t\t\t\t<img decoding=\"async\" src=\"https:\/\/camping-savoie-levaugrais.com\/wp-content\/uploads\/2023\/11\/montagnefamille3jpg-1.jpg\" alt=\"montagne\" loading=\"lazy\">\n\t\t\t\t\t<\/a>\n\t\t\t\t<\/div>\n\n\t\t\t\t\n\t\t\t\t\t\t\t\t\t\t\t\n\t\t\t\t\n\t\t\t\t<div class=\"sev-diaporama-portfolio-item col-12 col-lg \">\n\t\t\t\t\t<!--<a href=\"https:\/\/camping-savoie-levaugrais.com\/wp-content\/uploads\/2024\/12\/GCAT_053747_HD-internet-1.jpg\" data-lightbox=\"sevgallery-1307246246\" style=\"background-image: url(https:\/\/camping-savoie-levaugrais.com\/wp-content\/uploads\/2024\/12\/GCAT_053747_HD-internet-1.jpg)\">-->\n\t\t\t\t\t<a href=\"https:\/\/camping-savoie-levaugrais.com\/wp-content\/uploads\/2024\/12\/GCAT_053747_HD-internet-1.jpg\" data-lightbox=\"sevgallery-1307246246\">\n\t\t\t\t\t\t<img decoding=\"async\" src=\"https:\/\/camping-savoie-levaugrais.com\/wp-content\/uploads\/2024\/12\/GCAT_053747_HD-internet-1.jpg\" alt=\"pique nique savoyard \u00e0 base de fromage , vin , et charcuterie de la r\u00e9gion pour d\u00e9marrer une jolie balade \" loading=\"lazy\">\n\t\t\t\t\t<\/a>\n\t\t\t\t<\/div>\n\n\t\t\t\t\n\t\t\t\t\t\t\t\t\t\t\t\n\t\t\t\t\n\t\t\t\t<div class=\"sev-diaporama-portfolio-item col-12 col-lg  col-grow\">\n\t\t\t\t\t<!--<a href=\"https:\/\/camping-savoie-levaugrais.com\/wp-content\/uploads\/2024\/12\/GCAT_059351_HD-internet.jpg\" data-lightbox=\"sevgallery-1307246246\" style=\"background-image: url(https:\/\/camping-savoie-levaugrais.com\/wp-content\/uploads\/2024\/12\/GCAT_059351_HD-internet.jpg)\">-->\n\t\t\t\t\t<a href=\"https:\/\/camping-savoie-levaugrais.com\/wp-content\/uploads\/2024\/12\/GCAT_059351_HD-internet.jpg\" data-lightbox=\"sevgallery-1307246246\">\n\t\t\t\t\t\t<img decoding=\"async\" src=\"https:\/\/camping-savoie-levaugrais.com\/wp-content\/uploads\/2024\/12\/GCAT_059351_HD-internet.jpg\" alt=\"balade \u00e0 pied au massif du Colombier\" loading=\"lazy\">\n\t\t\t\t\t<\/a>\n\t\t\t\t<\/div>\n\n\t\t\t\t\n\t\t\t\t\t\t\t\t\t\t\t\n\t\t\t\t\n\t\t\t\t<div class=\"sev-diaporama-portfolio-item col-12 col-lg  col-grow\">\n\t\t\t\t\t<!--<a href=\"https:\/\/camping-savoie-levaugrais.com\/wp-content\/uploads\/2024\/12\/GCAT_056553_HD-internet.jpg\" data-lightbox=\"sevgallery-1307246246\" style=\"background-image: url(https:\/\/camping-savoie-levaugrais.com\/wp-content\/uploads\/2024\/12\/GCAT_056553_HD-internet.jpg)\">-->\n\t\t\t\t\t<a href=\"https:\/\/camping-savoie-levaugrais.com\/wp-content\/uploads\/2024\/12\/GCAT_056553_HD-internet.jpg\" data-lightbox=\"sevgallery-1307246246\">\n\t\t\t\t\t\t<img decoding=\"async\" src=\"https:\/\/camping-savoie-levaugrais.com\/wp-content\/uploads\/2024\/12\/GCAT_056553_HD-internet.jpg\" alt=\"balade \u00e0 pied au massif du Colombier\" loading=\"lazy\">\n\t\t\t\t\t<\/a>\n\t\t\t\t<\/div>\n\n\t\t\t\t\t\t\t\t\t<div class=\"w-100\"><\/div>\n\t\t\t\t\t\t\t\t\t\n\t\t\t\t\t\t\t\t\t\t\t\n\t\t\t\t\n\t\t\t\t<div class=\"sev-diaporama-portfolio-item col-12 col-lg  col-shrink\">\n\t\t\t\t\t<!--<a href=\"https:\/\/camping-savoie-levaugrais.com\/wp-content\/uploads\/2024\/12\/GCAT_053892_HD-internet.jpg\" data-lightbox=\"sevgallery-1307246246\" style=\"background-image: url(https:\/\/camping-savoie-levaugrais.com\/wp-content\/uploads\/2024\/12\/GCAT_053892_HD-internet.jpg)\">-->\n\t\t\t\t\t<a href=\"https:\/\/camping-savoie-levaugrais.com\/wp-content\/uploads\/2024\/12\/GCAT_053892_HD-internet.jpg\" data-lightbox=\"sevgallery-1307246246\">\n\t\t\t\t\t\t<img decoding=\"async\" src=\"https:\/\/camping-savoie-levaugrais.com\/wp-content\/uploads\/2024\/12\/GCAT_053892_HD-internet.jpg\" alt=\"balade \u00e0 pied au massif du Colombier\" loading=\"lazy\">\n\t\t\t\t\t<\/a>\n\t\t\t\t<\/div>\n\n\t\t\t\t\n\t\t\t\t\t\t\t\t\t\t\t\n\t\t\t\t\n\t\t\t\t<div class=\"sev-diaporama-portfolio-item col-12 col-lg  col-shrink\">\n\t\t\t\t\t<!--<a href=\"https:\/\/camping-savoie-levaugrais.com\/wp-content\/uploads\/2024\/12\/GCAT_056433_HD-internet.jpg\" data-lightbox=\"sevgallery-1307246246\" style=\"background-image: url(https:\/\/camping-savoie-levaugrais.com\/wp-content\/uploads\/2024\/12\/GCAT_056433_HD-internet.jpg)\">-->\n\t\t\t\t\t<a href=\"https:\/\/camping-savoie-levaugrais.com\/wp-content\/uploads\/2024\/12\/GCAT_056433_HD-internet.jpg\" data-lightbox=\"sevgallery-1307246246\">\n\t\t\t\t\t\t<img decoding=\"async\" src=\"https:\/\/camping-savoie-levaugrais.com\/wp-content\/uploads\/2024\/12\/GCAT_056433_HD-internet.jpg\" alt=\"balade en famille sur la sambuy\" loading=\"lazy\">\n\t\t\t\t\t<\/a>\n\t\t\t\t<\/div>\n\n\t\t\t\t\n\t\t\t\t\t\t\t\t\t\t\t\t\t\t<\/div>\n\t\t\t<\/div>\n\n\t\t\t<script>\n\t\t\tjQuery(function($) {\n\n\t\t\t\tvar marginPortfolio = function() {\n\n\t\t\t\t\tvar $diapo          = $('#sevgallery-1307246246');\n\t\t\t\t\tvar container_width = $diapo.parent().outerWidth();\n\t\t\t\t\tvar side            = ( $(window).innerWidth() - container_width ) \/ 2;\n\n\t\t\t\t\t$diapo.css( {\n\t\t\t\t\t\t'margin-left': '-' + side + 'px',\n\t\t\t\t\t\t'margin-right': '-' + side + 'px',\n\t\t\t\t\t} );\n\t\t\t\t};\n\n\t\t\t\t$( window ).resize( function() {\n\t\t\t\t\tmarginPortfolio();\n\t\t\t\t} );\n\t\t\t\tmarginPortfolio();\n\t\t\t});\n\t\t\t<\/script>\n\t\t\t\n","protected":false},"excerpt":{"rendered":"<p>And why not a romantic getaway on the mythical Col du Colombier at 1548 m? The Col du Colombier, nestled in the foothills of the Jura, awaits you for a magical adventure. At the summit, a breathtaking panorama unfolds before your eyes: the Alps, the three lakes, and the sparkling waters of Lac du Bourget, [&hellip;]<\/p>\n","protected":false},"author":1,"featured_media":0,"parent":4556,"menu_order":0,"comment_status":"closed","ping_status":"closed","template":"","meta":{"_seopress_robots_primary_cat":"","_seopress_titles_title":"Lovers' getaway on the Col du Colombier from the campsite","_seopress_titles_desc":"","_seopress_robots_index":"","_crdt_document":"","footnotes":""},"class_list":["post-4393","page","type-page","status-publish","hentry"],"_links":{"self":[{"href":"https:\/\/camping-savoie-levaugrais.com\/en\/wp-json\/wp\/v2\/pages\/4393","targetHints":{"allow":["GET"]}}],"collection":[{"href":"https:\/\/camping-savoie-levaugrais.com\/en\/wp-json\/wp\/v2\/pages"}],"about":[{"href":"https:\/\/camping-savoie-levaugrais.com\/en\/wp-json\/wp\/v2\/types\/page"}],"author":[{"embeddable":true,"href":"https:\/\/camping-savoie-levaugrais.com\/en\/wp-json\/wp\/v2\/users\/1"}],"replies":[{"embeddable":true,"href":"https:\/\/camping-savoie-levaugrais.com\/en\/wp-json\/wp\/v2\/comments?post=4393"}],"version-history":[{"count":3,"href":"https:\/\/camping-savoie-levaugrais.com\/en\/wp-json\/wp\/v2\/pages\/4393\/revisions"}],"predecessor-version":[{"id":16608,"href":"https:\/\/camping-savoie-levaugrais.com\/en\/wp-json\/wp\/v2\/pages\/4393\/revisions\/16608"}],"up":[{"embeddable":true,"href":"https:\/\/camping-savoie-levaugrais.com\/en\/wp-json\/wp\/v2\/pages\/4556"}],"wp:attachment":[{"href":"https:\/\/camping-savoie-levaugrais.com\/en\/wp-json\/wp\/v2\/media?parent=4393"}],"curies":[{"name":"wp","href":"https:\/\/api.w.org\/{rel}","templated":true}]}}