{"id":4528,"date":"2021-10-08T11:08:51","date_gmt":"2021-10-08T09:08:51","guid":{"rendered":"https:\/\/camping-savoie-levaugrais.com\/our-labels\/"},"modified":"2025-11-10T18:31:37","modified_gmt":"2025-11-10T17:31:37","slug":"our-labels","status":"publish","type":"page","link":"https:\/\/camping-savoie-levaugrais.com\/en\/our-labels\/","title":{"rendered":"Our Values"},"content":{"rendered":"<div class=\"wp-block-image\">\n<figure class=\"aligncenter size-large is-resized\"><img loading=\"lazy\" decoding=\"async\" width=\"1024\" height=\"576\" src=\"https:\/\/camping-savoie-levaugrais.com\/wp-content\/uploads\/2025\/01\/des-vacances-eco-responsables-au-Vaugrais-1024x576.jpg\" alt=\"\" class=\"wp-image-16428\" style=\"width:341px;height:auto\" srcset=\"https:\/\/camping-savoie-levaugrais.com\/wp-content\/uploads\/2025\/01\/des-vacances-eco-responsables-au-Vaugrais-1024x576.jpg 1024w, https:\/\/camping-savoie-levaugrais.com\/wp-content\/uploads\/2025\/01\/des-vacances-eco-responsables-au-Vaugrais-300x169.jpg 300w, https:\/\/camping-savoie-levaugrais.com\/wp-content\/uploads\/2025\/01\/des-vacances-eco-responsables-au-Vaugrais-768x432.jpg 768w, https:\/\/camping-savoie-levaugrais.com\/wp-content\/uploads\/2025\/01\/des-vacances-eco-responsables-au-Vaugrais-1536x864.jpg 1536w, https:\/\/camping-savoie-levaugrais.com\/wp-content\/uploads\/2025\/01\/des-vacances-eco-responsables-au-Vaugrais.jpg 1920w\" sizes=\"auto, (max-width: 1024px) 100vw, 1024px\" \/><\/figure>\n<\/div>\n\n\n<div class=\"wp-block-columns is-layout-flex wp-container-core-columns-is-layout-8f761849 wp-block-columns-is-layout-flex\">\n<div class=\"wp-block-column is-layout-flow wp-block-column-is-layout-flow\">\n<div class=\"wp-block-media-text is-stacked-on-mobile\"><figure class=\"wp-block-media-text__media\"><img loading=\"lazy\" decoding=\"async\" width=\"1200\" height=\"800\" src=\"https:\/\/camping-savoie-levaugrais.com\/wp-content\/uploads\/2025\/11\/helen-pierre-gerants-camping-le-vaugrais-randonnee.jpg.webp\" alt=\"H\u00e9l\u00e8ne et Pierre, g\u00e9rants du camping Le Vaugrais. Photo prise lors d'une randonn\u00e9e pr\u00e8s du camping.\" class=\"wp-image-17746 size-full\"\/><\/figure><div class=\"wp-block-media-text__content\">\n<p class=\"wp-block-paragraph\"><strong>Our philosophy<\/strong><\/p>\n\n\n\n<p class=\"wp-block-paragraph\">At Le Vaugrais, every moment counts. Here, you are not just a number, but a member of our big family.<\/p>\n\n\n\n<p class=\"wp-block-paragraph\">H\u00e9l\u00e8ne and Pierre, the owners, are fully committed to offering authentic and friendly holidays, where every detail matters.<br>In our small establishment, proximity and quality are paramount: a warm welcome, attentive service and personalised care for each guest.<\/p>\n\n\n\n<p class=\"wp-block-paragraph\">No stress, just sincere smiles, time for yourself and memories that will last a lifetime.<\/p>\n<\/div><\/div>\n<\/div>\n<\/div>\n\n\n\n<div class=\"wp-block-media-text has-media-on-the-right is-stacked-on-mobile\"><div class=\"wp-block-media-text__content\">\n<p class=\"wp-block-paragraph\"><strong> Lighting at the campsite<\/strong> : <\/p>\n\n\n\n<p class=\"wp-block-paragraph\">Our outdoor lighting is entirely solar-powered, because we believe that nature should shine without impacting your energy budget! Thanks to this ecological solution, you&#8217;ll enjoy softly lit evenings while preserving the environment. It&#8217;s our way of saying that even at night, we&#8217;re still responsible. So let the stars align while our street lamps do their job! Inside the sanitary facilities, and in all our accommodation, lighting is provided by LED bulbs.<\/p>\n<\/div><figure class=\"wp-block-media-text__media\"><img loading=\"lazy\" decoding=\"async\" width=\"1024\" height=\"683\" src=\"https:\/\/camping-savoie-levaugrais.com\/wp-content\/uploads\/2024\/10\/IMG_2010-retouche-1024x683.jpg\" alt=\"fleur\" class=\"wp-image-13702 size-full\" srcset=\"https:\/\/camping-savoie-levaugrais.com\/wp-content\/uploads\/2024\/10\/IMG_2010-retouche-1024x683.jpg 1024w, https:\/\/camping-savoie-levaugrais.com\/wp-content\/uploads\/2024\/10\/IMG_2010-retouche-300x200.jpg 300w, https:\/\/camping-savoie-levaugrais.com\/wp-content\/uploads\/2024\/10\/IMG_2010-retouche-768x512.jpg 768w, https:\/\/camping-savoie-levaugrais.com\/wp-content\/uploads\/2024\/10\/IMG_2010-retouche-1536x1024.jpg 1536w, https:\/\/camping-savoie-levaugrais.com\/wp-content\/uploads\/2024\/10\/IMG_2010-retouche-2048x1365.jpg 2048w\" sizes=\"auto, (max-width: 1024px) 100vw, 1024px\" \/><\/figure><\/div>\n\n\n\n<div class=\"wp-block-media-text is-stacked-on-mobile\"><figure class=\"wp-block-media-text__media\"><img loading=\"lazy\" decoding=\"async\" width=\"1024\" height=\"528\" src=\"https:\/\/camping-savoie-levaugrais.com\/wp-content\/uploads\/2024\/10\/IMG_2170-retouche-internet-1024x528.jpg\" alt=\"emplacements\" class=\"wp-image-13724 size-full\" srcset=\"https:\/\/camping-savoie-levaugrais.com\/wp-content\/uploads\/2024\/10\/IMG_2170-retouche-internet-1024x528.jpg 1024w, https:\/\/camping-savoie-levaugrais.com\/wp-content\/uploads\/2024\/10\/IMG_2170-retouche-internet-300x155.jpg 300w, https:\/\/camping-savoie-levaugrais.com\/wp-content\/uploads\/2024\/10\/IMG_2170-retouche-internet-768x396.jpg 768w, https:\/\/camping-savoie-levaugrais.com\/wp-content\/uploads\/2024\/10\/IMG_2170-retouche-internet.jpg 1200w\" sizes=\"auto, (max-width: 1024px) 100vw, 1024px\" \/><\/figure><div class=\"wp-block-media-text__content\">\n<p class=\"wp-block-paragraph\"><strong>Pruning on the campsite:<\/strong><\/p>\n\n\n\n<p class=\"wp-block-paragraph\">Our campsite benefits from a beautiful canopy, offering a natural setting thanks to our large trees. Every winter, Pierre trims, cuts and maintains the trees. A professional tree trimmer inspects the morphology of the trees and removes the most dangerous branches to ensure safety. The shredded branches are used as mulch for trees, shrubs and flowerbeds. This prevents the proliferation of weeds and conserves soil moisture. We are committed to respectful management of our environment.<\/p>\n<\/div><\/div>\n\n\n\n<div class=\"wp-block-media-text has-media-on-the-right is-stacked-on-mobile\"><div class=\"wp-block-media-text__content\">\n<p class=\"wp-block-paragraph\"><strong>Mulching on the campsite :<\/strong><\/p>\n\n\n\n<p class=\"wp-block-paragraph\">I&#8217;m pleased to inform you that since 2024, I&#8217;ve been mulching my lawns, a reasoned mowing method that&#8217;s both economical and ecological. By mowing frequently, I no longer need to go back and forth to empty the grassbox. The grass clippings left on the ground serve as a natural fertilizer, enriching the soil. Thanks to mulching, we can all contribute to sustainable gardening that respects nature.<\/p>\n<\/div><figure class=\"wp-block-media-text__media\"><img loading=\"lazy\" decoding=\"async\" width=\"1024\" height=\"528\" src=\"https:\/\/camping-savoie-levaugrais.com\/wp-content\/uploads\/2024\/10\/IMG_2354-retouche-internet-1-1024x528.jpg\" alt=\"emplacement caravane\" class=\"wp-image-13697 size-full\" srcset=\"https:\/\/camping-savoie-levaugrais.com\/wp-content\/uploads\/2024\/10\/IMG_2354-retouche-internet-1-1024x528.jpg 1024w, https:\/\/camping-savoie-levaugrais.com\/wp-content\/uploads\/2024\/10\/IMG_2354-retouche-internet-1-300x155.jpg 300w, https:\/\/camping-savoie-levaugrais.com\/wp-content\/uploads\/2024\/10\/IMG_2354-retouche-internet-1-768x396.jpg 768w, https:\/\/camping-savoie-levaugrais.com\/wp-content\/uploads\/2024\/10\/IMG_2354-retouche-internet-1.jpg 1200w\" sizes=\"auto, (max-width: 1024px) 100vw, 1024px\" \/><\/figure><\/div>\n\n\n\n<p class=\"wp-block-paragraph\"><\/p>\n\n\n\n<p class=\"wp-block-paragraph\"><\/p>\n\n\n\n<p class=\"wp-block-paragraph\"><\/p>\n\n\n\n<p class=\"wp-block-paragraph\"><\/p>\n\n\n<div class=\"wp-block-image\">\n<figure class=\"aligncenter size-full\"><img loading=\"lazy\" decoding=\"async\" width=\"600\" height=\"400\" src=\"https:\/\/camping-savoie-levaugrais.com\/wp-content\/uploads\/2025\/11\/logo-camping-qualite-retouche-site-internet-ok-1.webp\" alt=\"Logo Camping Qualit\u00e9 certifiant l'engagement du camping Le Vaugrais pour un service de qualit\u00e9 et une exp\u00e9rience authentique.\" class=\"wp-image-17695\"\/><\/figure>\n<\/div>\n\n\n<p class=\"has-text-align-center wp-block-paragraph\">By choosing to stay at a quality campsite, you can be sure of a great vacation.<\/p>\n\n\n\n<p class=\"has-text-align-center wp-block-paragraph\">To obtain our quality label in September 2023, Le Vaugrais campsite was audited on the basis of 579 criteria.<\/p>\n\n\n\n<p class=\"has-text-align-center wp-block-paragraph\">We obtained :<\/p>\n\n\n\n<p class=\"has-text-align-center wp-block-paragraph\">97.65% for reception<\/p>\n\n\n\n<p class=\"has-text-align-center wp-block-paragraph\">95% for information<\/p>\n\n\n\n<p class=\"has-text-align-center wp-block-paragraph\">98.62% for cleanliness<\/p>\n\n\n\n<p class=\"has-text-align-center wp-block-paragraph\">87.71% for pitches and surroundings<\/p>\n\n\n\n<p class=\"has-text-align-center wp-block-paragraph\">88.67% for eco-responsible management<\/p>\n\n\n\n<p class=\"has-text-align-center wp-block-paragraph\">Through this label, H\u00e9l\u00e8ne and Pierre are committed to offering you :<\/p>\n\n\n\n<p class=\"wp-block-paragraph\"><strong>a warm welcome:<\/strong><\/p>\n\n\n\n<p class=\"wp-block-paragraph\">The manager and his team pay particular attention to hospitality, availability, thoughtfulness and efficiency. They contribute to a serene, pleasant and convivial stay.<\/p>\n\n\n\n<p class=\"wp-block-paragraph\"><strong>impeccable cleanliness<\/strong><\/p>\n\n\n\n<p class=\"wp-block-paragraph\">Throughout the opening period, cleanliness and hygiene are guaranteed throughout the campsite. From the reception to the swimming pool, from the sanitary facilities to the campsite walkways, everything is beyond reproach.<\/p>\n\n\n\n<p class=\"wp-block-paragraph\"><strong>accurate and truthful information<\/strong><\/p>\n\n\n\n<p class=\"wp-block-paragraph\">The campsite manager provides complete, clear and accurate information about his establishment: precise descriptions of facilities, opening times and periods for reception, services and activities. Rates are clearly expressed and strictly applied.<\/p>\n\n\n\n<p class=\"wp-block-paragraph\"><strong>a private, well-kept site<\/strong><\/p>\n\n\n\n<p class=\"wp-block-paragraph\">The campsite manager takes all the necessary measures to offer a private pitch and guarantee the utmost peace and quiet on the site. The site is tastefully and aesthetically designed to blend in with the surroundings.<\/p>\n\n\n\n<p class=\"wp-block-paragraph\"><strong>an environment that is valued and respected<\/strong><\/p>\n\n\n\n<p class=\"wp-block-paragraph\">The campsite manager is committed to preserving nature and the environment, and to developing his campsite with respect, protection and the search for appropriate environmental solutions. In this way, they contribute to the preservation of an increasingly threatened environment.<\/p>\n\n\n\n<p class=\"wp-block-paragraph\"><strong>a strong commitment to eco-responsibility<\/strong><\/p>\n\n\n\n<p class=\"wp-block-paragraph\">The campsite manager runs his establishment in a sustainable and eco-responsible way. Ecological and environmentally-friendly solutions are used on the campsite: waste management, energy use, water management and internally: communication, involvement in local life, etc.<\/p>\n","protected":false},"excerpt":{"rendered":"<p>Our philosophy At Le Vaugrais, every moment counts. Here, you are not just a number, but a member of our big family. H\u00e9l\u00e8ne and Pierre, the owners, are fully committed to offering authentic and friendly holidays, where every detail matters.In our small establishment, proximity and quality are paramount: a warm welcome, attentive service and personalised [&hellip;]<\/p>\n","protected":false},"author":1,"featured_media":0,"parent":0,"menu_order":0,"comment_status":"closed","ping_status":"closed","template":"","meta":{"_seopress_robots_primary_cat":"","_seopress_titles_title":"The Tourism and Green Key quality labels of the campsite","_seopress_titles_desc":"","_seopress_robots_index":"","_crdt_document":"","footnotes":""},"class_list":["post-4528","page","type-page","status-publish","hentry"],"_links":{"self":[{"href":"https:\/\/camping-savoie-levaugrais.com\/en\/wp-json\/wp\/v2\/pages\/4528","targetHints":{"allow":["GET"]}}],"collection":[{"href":"https:\/\/camping-savoie-levaugrais.com\/en\/wp-json\/wp\/v2\/pages"}],"about":[{"href":"https:\/\/camping-savoie-levaugrais.com\/en\/wp-json\/wp\/v2\/types\/page"}],"author":[{"embeddable":true,"href":"https:\/\/camping-savoie-levaugrais.com\/en\/wp-json\/wp\/v2\/users\/1"}],"replies":[{"embeddable":true,"href":"https:\/\/camping-savoie-levaugrais.com\/en\/wp-json\/wp\/v2\/comments?post=4528"}],"version-history":[{"count":10,"href":"https:\/\/camping-savoie-levaugrais.com\/en\/wp-json\/wp\/v2\/pages\/4528\/revisions"}],"predecessor-version":[{"id":17854,"href":"https:\/\/camping-savoie-levaugrais.com\/en\/wp-json\/wp\/v2\/pages\/4528\/revisions\/17854"}],"wp:attachment":[{"href":"https:\/\/camping-savoie-levaugrais.com\/en\/wp-json\/wp\/v2\/media?parent=4528"}],"curies":[{"name":"wp","href":"https:\/\/api.w.org\/{rel}","templated":true}]}}