{"id":4676,"date":"2021-10-08T11:10:25","date_gmt":"2021-10-08T09:10:25","guid":{"rendered":"https:\/\/camping-savoie-levaugrais.com\/fishing\/"},"modified":"2021-10-08T11:12:04","modified_gmt":"2021-10-08T09:12:04","slug":"fishing","status":"publish","type":"page","link":"https:\/\/camping-savoie-levaugrais.com\/en\/fishing\/","title":{"rendered":"Fishing"},"content":{"rendered":"\n<p class=\"wp-block-paragraph\">The Ain fishing federation has set up a departmental reciprocity to which 44 AAPPMA belong. You can fish on all the courses with the fishing card of one of these AAPPMA<br\/>The Ain federation adheres to an interdepartmental reciprocity system: EHGO<\/p>\n\n<p class=\"wp-block-paragraph\">With your fishing card and the stamp (100\u20ac) you can fish in the 91 departments on the courses of the member AAPPMA.<\/p>\n\n<p class=\"wp-block-paragraph\">The APPMA of BAS-Bugey, manages the fishing sector located between Anglefort and Br\u00e9gnier-cordon, passing by Virieu le Grand and Champagneux.<\/p>\n\n<p class=\"wp-block-paragraph\">You will find in management in this aappma, four rivers of 1st category (the SERAN, the FURAN, the GLAND and the ARENE)<\/p>\n\n<h2 class=\"wp-block-heading\">There are many fishing lakes in the area:<\/h2>\n\n<div class=\"wp-block-columns is-layout-flex wp-container-core-columns-is-layout-8f761849 wp-block-columns-is-layout-flex\">\n<div class=\"wp-block-column is-vertically-aligned-center is-layout-flow wp-block-column-is-layout-flow\">\n<h3 class=\"wp-block-heading\" id=\"justify\">The lake of Virieu le Grand  <\/h3>\n\n\n\n<p class=\"wp-block-paragraph\" id=\"justify\"><br\/>It is a 1st category lake very popular for fly fishing from October to March.  <\/p>\n\n\n\n<p class=\"wp-block-paragraph\" id=\"justify\">You will find mainly trout, pike and zander.  <\/p>\n\n\n\n<p class=\"wp-block-paragraph\" id=\"justify\">You can buy a day pass (10\u20ac) or a season pass (30\u20ac), they are sold at the press house in Virieu le Grand or at the tourist office in Belley.<\/p>\n<\/div>\n\n\n\n<div class=\"wp-block-column is-vertically-aligned-center is-layout-flow wp-block-column-is-layout-flow\">\n<figure class=\"wp-block-image size-large\"><img loading=\"lazy\" decoding=\"async\" width=\"1024\" height=\"684\" src=\"https:\/\/camping-savoie-levaugrais.com\/wp-content\/uploads\/2021\/09\/Lac-de-Virieu-le-Grand-1024x684.jpg\" alt=\"fishing lake of Virieu le Grand\" class=\"wp-image-2550\" srcset=\"https:\/\/camping-savoie-levaugrais.com\/wp-content\/uploads\/2021\/09\/Lac-de-Virieu-le-Grand-1024x684.jpg 1024w, https:\/\/camping-savoie-levaugrais.com\/wp-content\/uploads\/2021\/09\/Lac-de-Virieu-le-Grand-300x200.jpg 300w, https:\/\/camping-savoie-levaugrais.com\/wp-content\/uploads\/2021\/09\/Lac-de-Virieu-le-Grand-768x513.jpg 768w, https:\/\/camping-savoie-levaugrais.com\/wp-content\/uploads\/2021\/09\/Lac-de-Virieu-le-Grand.jpg 1200w\" sizes=\"auto, (max-width: 1024px) 100vw, 1024px\" \/><\/figure><\/div>\n<\/div>\n\n<div class=\"wp-block-columns is-layout-flex wp-container-core-columns-is-layout-8f761849 wp-block-columns-is-layout-flex\">\n<div class=\"wp-block-column is-vertically-aligned-center order-2 order-lg-1 is-layout-flow wp-block-column-is-layout-flow\">\n<figure class=\"wp-block-image size-large\"><img loading=\"lazy\" decoding=\"async\" width=\"1024\" height=\"683\" src=\"https:\/\/camping-savoie-levaugrais.com\/wp-content\/uploads\/2021\/09\/GCAT_056525_HD-1024x683.jpg\" alt=\"fishing lake\" class=\"wp-image-2552\" srcset=\"https:\/\/camping-savoie-levaugrais.com\/wp-content\/uploads\/2021\/09\/GCAT_056525_HD-1024x683.jpg 1024w, https:\/\/camping-savoie-levaugrais.com\/wp-content\/uploads\/2021\/09\/GCAT_056525_HD-300x200.jpg 300w, https:\/\/camping-savoie-levaugrais.com\/wp-content\/uploads\/2021\/09\/GCAT_056525_HD-768x512.jpg 768w, https:\/\/camping-savoie-levaugrais.com\/wp-content\/uploads\/2021\/09\/GCAT_056525_HD.jpg 1200w\" sizes=\"auto, (max-width: 1024px) 100vw, 1024px\" \/><\/figure><\/div>\n\n\n\n<div class=\"wp-block-column is-vertically-aligned-center order-1 order-lg-2 is-layout-flow wp-block-column-is-layout-flow\">\n<h3 class=\"wp-block-heading\">Lake of Hospitals<\/h3>\n\n\n\n<p class=\"wp-block-paragraph\">With a surface area of over 17 hectares, it is open from May to December. This is a private site. The quality of the water is exceptional, and the communication with the underground network means that its level varies according to the seasons and the vagaries of the weather.  <\/p>\n\n\n\n<p class=\"wp-block-paragraph\">Thus, its height varies between 7 and 13 meters with a relatively homogeneous bottom. The food is abundant and the carp have been able to reach an average weight of about 10 kg for some years.  <\/p>\n\n\n\n<p class=\"wp-block-paragraph\">The lake also encourages the growth of tench, which can reach up to three kilos.<\/p>\n\n\n\n<p class=\"wp-block-paragraph\" id=\"justify\"><\/p>\n<\/div>\n<\/div>\n\n<div class=\"wp-block-columns is-layout-flex wp-container-core-columns-is-layout-8f761849 wp-block-columns-is-layout-flex\">\n<div class=\"wp-block-column is-vertically-aligned-center is-layout-flow wp-block-column-is-layout-flow\">\n<h3 class=\"wp-block-heading\">  The lake of Barterand  <\/h3>\n\n\n\n<p class=\"wp-block-paragraph\">This natural lake in the heart of the Bugey mountains will allow you to fish for lavaret, perch, pike and carp.  <\/p>\n<\/div>\n\n\n\n<div class=\"wp-block-column is-vertically-aligned-center is-layout-flow wp-block-column-is-layout-flow\">\n<figure class=\"wp-block-image size-large\"><img loading=\"lazy\" decoding=\"async\" width=\"1024\" height=\"684\" src=\"https:\/\/camping-savoie-levaugrais.com\/wp-content\/uploads\/2021\/09\/Lac-de-Barterand-1024x684.jpg\" alt=\"Lac-de-Barterand\" class=\"wp-image-1370\" srcset=\"https:\/\/camping-savoie-levaugrais.com\/wp-content\/uploads\/2021\/09\/Lac-de-Barterand-1024x684.jpg 1024w, https:\/\/camping-savoie-levaugrais.com\/wp-content\/uploads\/2021\/09\/Lac-de-Barterand-300x200.jpg 300w, https:\/\/camping-savoie-levaugrais.com\/wp-content\/uploads\/2021\/09\/Lac-de-Barterand-768x513.jpg 768w, https:\/\/camping-savoie-levaugrais.com\/wp-content\/uploads\/2021\/09\/Lac-de-Barterand.jpg 1200w\" sizes=\"auto, (max-width: 1024px) 100vw, 1024px\" \/><\/figure><\/div>\n<\/div>\n\n<div class=\"wp-block-columns are-vertically-aligned-center is-layout-flex wp-container-core-columns-is-layout-8f761849 wp-block-columns-is-layout-flex\">\n<div class=\"wp-block-column is-vertically-aligned-center order-2 order-lg-1 is-layout-flow wp-block-column-is-layout-flow\">\n<figure class=\"wp-block-image size-full\"><img loading=\"lazy\" decoding=\"async\" width=\"1024\" height=\"768\" src=\"https:\/\/camping-savoie-levaugrais.com\/wp-content\/uploads\/2021\/09\/SMBT-VC011969-SavoieMontBlanc-Cervellin-4000px.jpg\" alt=\"fishing lake du bourget\" class=\"wp-image-2352\" srcset=\"https:\/\/camping-savoie-levaugrais.com\/wp-content\/uploads\/2021\/09\/SMBT-VC011969-SavoieMontBlanc-Cervellin-4000px.jpg 1024w, https:\/\/camping-savoie-levaugrais.com\/wp-content\/uploads\/2021\/09\/SMBT-VC011969-SavoieMontBlanc-Cervellin-4000px-300x225.jpg 300w, https:\/\/camping-savoie-levaugrais.com\/wp-content\/uploads\/2021\/09\/SMBT-VC011969-SavoieMontBlanc-Cervellin-4000px-768x576.jpg 768w\" sizes=\"auto, (max-width: 1024px) 100vw, 1024px\" \/><\/figure><\/div>\n\n\n\n<div class=\"wp-block-column is-vertically-aligned-center order-1 order-lg-2 is-layout-flow wp-block-column-is-layout-flow\">\n<h3 class=\"wp-block-heading\">  Lake Bourget  <\/h3>\n\n\n\n<p class=\"wp-block-paragraph\">It is also a fabulous place for fishing, it is the largest natural lake in France with 4450 hectares, it has a remarkable wealth of fish with 33 species listed.  <\/p>\n\n\n\n<p class=\"wp-block-paragraph\">Fishing site classified 1st category, you will find Fario trout, common perch, pike-perch, arctic char&#8230;<\/p>\n\n\n\n<p class=\"wp-block-paragraph\">In Savoie, the fishing card can be for a day (14\u20ac), a week (33\u20ac) or a year (94\u20ac).  <\/p>\n\n\n\n<p class=\"wp-block-paragraph\">You can book it directly on the website:  <a rel=\"noreferrer noopener\" href=\"http:\/\/www.%20cartedepeche.%20fr\/\" target=\"_blank\">http:\/\/www. cartedepeche. en\/<\/a> <\/p>\n<\/div>\n<\/div>\n\n<h2 class=\"wp-block-heading\">You can also fish in the rivers around the campsite:<\/h2>\n\n<div class=\"wp-block-columns are-vertically-aligned-center is-layout-flex wp-container-core-columns-is-layout-8f761849 wp-block-columns-is-layout-flex\">\n<div class=\"wp-block-column is-vertically-aligned-center is-layout-flow wp-block-column-is-layout-flow\">\n<h3 class=\"wp-block-heading\">The S\u00e9ran  <\/h3>\n\n\n\n<p class=\"wp-block-paragraph\"><br\/>The <a href=\"https:\/\/camping-savoie-levaugrais.com\/the-gorges-of-thurignin\/?lang=en\" data-type=\"page\" data-id=\"1062\">S\u00e9ran <\/a>is a 1st category river for trout fishing. The last section starts from Artemare (waterfall) to the confluence with the Rh\u00f4ne.  <\/p>\n\n\n\n<p class=\"wp-block-paragraph\">Fishing for grayling has been banned since 2000, following the collapse of the population.<\/p>\n<\/div>\n\n\n\n<div class=\"wp-block-column is-vertically-aligned-center is-layout-flow wp-block-column-is-layout-flow\">\n<div class=\"wp-block-image\"><figure class=\"aligncenter size-large is-resized\"><img loading=\"lazy\" decoding=\"async\" src=\"https:\/\/camping-savoie-levaugrais.com\/wp-content\/uploads\/2021\/09\/Sites-et-Paysages-Le-Vaugrais-&#xA9;-2015_Kinaphoto_6-683x1024.jpg\" alt=\"Seran River\" class=\"wp-image-1945\" width=\"342\" height=\"512\"\/><\/figure><\/div>\n<\/div>\n<\/div>\n\n<div class=\"wp-block-columns are-vertically-aligned-center is-layout-flex wp-container-core-columns-is-layout-8f761849 wp-block-columns-is-layout-flex\">\n<div class=\"wp-block-column is-vertically-aligned-center order-2 order-lg-1 is-layout-flow wp-block-column-is-layout-flow\">\n<figure class=\"wp-block-image size-large\"><img loading=\"lazy\" decoding=\"async\" width=\"1024\" height=\"683\" src=\"https:\/\/camping-savoie-levaugrais.com\/wp-content\/uploads\/2021\/08\/Gorges-de-Thurignin-1024x683.jpg\" alt=\"The S&#xE9;ran River for fishing\" class=\"wp-image-1309\" srcset=\"https:\/\/camping-savoie-levaugrais.com\/wp-content\/uploads\/2021\/08\/Gorges-de-Thurignin-1024x683.jpg 1024w, https:\/\/camping-savoie-levaugrais.com\/wp-content\/uploads\/2021\/08\/Gorges-de-Thurignin-300x200.jpg 300w, https:\/\/camping-savoie-levaugrais.com\/wp-content\/uploads\/2021\/08\/Gorges-de-Thurignin-768x512.jpg 768w, https:\/\/camping-savoie-levaugrais.com\/wp-content\/uploads\/2021\/08\/Gorges-de-Thurignin-1536x1024.jpg 1536w, https:\/\/camping-savoie-levaugrais.com\/wp-content\/uploads\/2021\/08\/Gorges-de-Thurignin.jpg 1600w\" sizes=\"auto, (max-width: 1024px) 100vw, 1024px\" \/><\/figure><\/div>\n\n\n\n<div class=\"wp-block-column is-vertically-aligned-center order-1 order-lg-2 is-layout-flow wp-block-column-is-layout-flow\">\n<h3 class=\"wp-block-heading\">The Arvi\u00e8re  <\/h3>\n\n\n\n<p class=\"wp-block-paragraph\"><br\/>The<a href=\"https:\/\/camping-savoie-levaugrais.com\/the-site-of-arviere\/?lang=en\" data-type=\"page\" data-id=\"1069\">Arvi\u00e8re <\/a>is the fourth river in the Ain department and the 25th in France to receive the &#8220;Wild River Site&#8221; label. &#8220;The Arvi\u00e8re is a river at the head of the S\u00e9ran watershed, a tributary of the Rh\u00f4ne.  <\/p>\n\n\n\n<p class=\"wp-block-paragraph\">This 12.7 km long watercourse has been awarded level 1 of the &#8220;Wild River Site&#8221; label. It is part of the ENS (Espace Naturel Sensible) &#8220;Arvi\u00e8re and geological curiosities of Valromey&#8221;.  <\/p>\n\n\n\n<p class=\"wp-block-paragraph\">Its source is located in the commune of Br\u00e9naz (Arivi\u00e8re-en-Valromey) at an altitude of about 1220 m.  <\/p>\n\n\n\n<p class=\"wp-block-paragraph\">The confluence of the Arvi\u00e8re with the Groin is located in the heart of the commune of Vieu (Valromey-sur-S\u00e9ran) at 390 m altitude. The label also concerns the Malageriaz stream and the Groin up to its confluence with the Arvi\u00e8re.<\/p>\n<\/div>\n<\/div>\n","protected":false},"excerpt":{"rendered":"<p>The Ain fishing federation has set up a departmental reciprocity to which 44 AAPPMA belong. You can fish on all the courses with the fishing card of one of these AAPPMAThe Ain federation adheres to an interdepartmental reciprocity system: EHGO With your fishing card and the stamp (100\u20ac) you can fish in the 91 departments [&hellip;]<\/p>\n","protected":false},"author":1,"featured_media":0,"parent":0,"menu_order":0,"comment_status":"closed","ping_status":"closed","template":"","meta":{"_seopress_robots_primary_cat":"","_seopress_titles_title":"Numerous fishing lakes and fish river near the Vaugrais campsite","_seopress_titles_desc":"","_seopress_robots_index":"","_crdt_document":"","footnotes":""},"class_list":["post-4676","page","type-page","status-publish","hentry"],"_links":{"self":[{"href":"https:\/\/camping-savoie-levaugrais.com\/en\/wp-json\/wp\/v2\/pages\/4676","targetHints":{"allow":["GET"]}}],"collection":[{"href":"https:\/\/camping-savoie-levaugrais.com\/en\/wp-json\/wp\/v2\/pages"}],"about":[{"href":"https:\/\/camping-savoie-levaugrais.com\/en\/wp-json\/wp\/v2\/types\/page"}],"author":[{"embeddable":true,"href":"https:\/\/camping-savoie-levaugrais.com\/en\/wp-json\/wp\/v2\/users\/1"}],"replies":[{"embeddable":true,"href":"https:\/\/camping-savoie-levaugrais.com\/en\/wp-json\/wp\/v2\/comments?post=4676"}],"version-history":[{"count":5,"href":"https:\/\/camping-savoie-levaugrais.com\/en\/wp-json\/wp\/v2\/pages\/4676\/revisions"}],"predecessor-version":[{"id":4793,"href":"https:\/\/camping-savoie-levaugrais.com\/en\/wp-json\/wp\/v2\/pages\/4676\/revisions\/4793"}],"wp:attachment":[{"href":"https:\/\/camping-savoie-levaugrais.com\/en\/wp-json\/wp\/v2\/media?parent=4676"}],"curies":[{"name":"wp","href":"https:\/\/api.w.org\/{rel}","templated":true}]}}