{"id":4808,"date":"2021-10-08T11:22:52","date_gmt":"2021-10-08T09:22:52","guid":{"rendered":"https:\/\/camping-savoie-levaugrais.com\/activities\/"},"modified":"2025-11-10T18:19:11","modified_gmt":"2025-11-10T17:19:11","slug":"activities","status":"publish","type":"page","link":"https:\/\/camping-savoie-levaugrais.com\/en\/activities\/","title":{"rendered":"Pleasure and relaxation at the campsite"},"content":{"rendered":"<div class=\"wp-block-image\">\n<figure class=\"aligncenter size-large is-resized\"><img loading=\"lazy\" decoding=\"async\" width=\"1024\" height=\"576\" src=\"https:\/\/camping-savoie-levaugrais.com\/wp-content\/uploads\/2025\/01\/la-vie-est-magnifique-au-vaugrais-en-anglais-1024x576.jpg\" alt=\"\" class=\"wp-image-16417\" style=\"width:295px;height:auto\" srcset=\"https:\/\/camping-savoie-levaugrais.com\/wp-content\/uploads\/2025\/01\/la-vie-est-magnifique-au-vaugrais-en-anglais-1024x576.jpg 1024w, https:\/\/camping-savoie-levaugrais.com\/wp-content\/uploads\/2025\/01\/la-vie-est-magnifique-au-vaugrais-en-anglais-300x169.jpg 300w, https:\/\/camping-savoie-levaugrais.com\/wp-content\/uploads\/2025\/01\/la-vie-est-magnifique-au-vaugrais-en-anglais-768x432.jpg 768w, https:\/\/camping-savoie-levaugrais.com\/wp-content\/uploads\/2025\/01\/la-vie-est-magnifique-au-vaugrais-en-anglais-1536x864.jpg 1536w, https:\/\/camping-savoie-levaugrais.com\/wp-content\/uploads\/2025\/01\/la-vie-est-magnifique-au-vaugrais-en-anglais.jpg 1920w\" sizes=\"auto, (max-width: 1024px) 100vw, 1024px\" \/><\/figure>\n<\/div>\n\n\n<div class=\"wp-block-columns is-layout-flex wp-container-core-columns-is-layout-8f761849 wp-block-columns-is-layout-flex\">\n<div class=\"wp-block-column is-layout-flow wp-block-column-is-layout-flow\">\n<h2 class=\"wp-block-heading\">Peace and relaxation at the campsite<\/h2>\n<\/div>\n<\/div>\n\n\n\n<div class=\"wp-block-media-text has-media-on-the-right is-stacked-on-mobile\"><div class=\"wp-block-media-text__content\">\n<p class=\"wp-block-paragraph\"><strong>Here, you won&#8217;t find foam parties in the pool or kids&#8217; clubs.<\/strong><\/p>\n\n\n\n<p class=\"wp-block-paragraph\">The main activity here is relaxing under the trees, listening to the birds, and reading a book. At Le Vaugrais, we offer you a haven of peace where nature reigns supreme: under the trees, you can listen to the birds, observe the wildlife, and enjoy moments of absolute serenity. Far from noisy entertainment, our campsite, nestled in a green setting, invites you to fully recharge your batteries, immerse yourself in biodiversity, and enjoy a memorable experience in harmony with nature.<\/p>\n\n\n\n<p class=\"wp-block-paragraph\">To relax on site:<\/p>\n\n\n\n<p class=\"wp-block-paragraph\">1 heated swimming pool open from June 1 to September 20<br>Numerous walking and cycling routes starting from the campsite<br>2 ping-pong tables and 1 foosball table<\/p>\n\n\n\n<p class=\"wp-block-paragraph\">Reception hours vary depending on the season. The hours are posted on the reception door.<\/p>\n\n\n\n<p class=\"wp-block-paragraph\">In low season (April, May, June, and September): 8:00 a.m. to 12:00 p.m. and 2:00 p.m. to 7:00 p.m.<\/p>\n\n\n\n<p class=\"wp-block-paragraph\">In high season (July and August): 8:00 a.m. to 12:00 p.m. and 2:00 p.m. to 9:00 p.m.<\/p>\n\n\n\n<p class=\"wp-block-paragraph\"><\/p>\n<\/div><figure class=\"wp-block-media-text__media\"><img loading=\"lazy\" decoding=\"async\" width=\"900\" height=\"1350\" src=\"https:\/\/camping-savoie-levaugrais.com\/wp-content\/uploads\/2025\/11\/allee-fleurie-geraniums-camping-le-vaugrais.jpg.webp\" alt=\"All\u00e9e fleurie du Camping Le Vaugrais : accueil fleuri et convivial\" class=\"wp-image-17798 size-full\"\/><\/figure><\/div>\n\n\n\n<div class=\"wp-block-media-text is-stacked-on-mobile\"><figure class=\"wp-block-media-text__media\"><img loading=\"lazy\" decoding=\"async\" width=\"1200\" height=\"800\" src=\"https:\/\/camping-savoie-levaugrais.com\/wp-content\/uploads\/2025\/11\/defi-kapla-enfant-snack-bar-camping-le-vaugrais.jpg.webp\" alt=\"Enfant participant au d\u00e9fi Kapla sur la terrasse du Camping Le Vaugrais : animation ludique et cr\u00e9ative\" class=\"wp-image-17778 size-full\"\/><\/figure><div class=\"wp-block-media-text__content\">\n<p class=\"wp-block-paragraph\"><strong>Relaxation and Conviviality: Library &amp; Games for Young and Old<\/strong><\/p>\n\n\n\n<p class=\"wp-block-paragraph\">At Camping du Vaugrais, we emphasize relaxation and conviviality: immerse yourself in a good book thanks to our shared book box, or enjoy our board games for moments of laughter and togetherness with family or friends.<\/p>\n\n\n\n<p class=\"wp-block-paragraph\">Whether you&#8217;re an avid reader or a game lover, you&#8217;ll find everything you need here to make your stay unforgettable. Come and experience simple, magical, and fun moments with us! \ud83d\udcda\ud83c\udfb2<\/p>\n\n\n\n<p class=\"wp-block-paragraph\"><\/p>\n<\/div><\/div>\n\n\n\n<div class=\"wp-block-media-text has-media-on-the-right is-stacked-on-mobile\"><div class=\"wp-block-media-text__content\">\n<p class=\"wp-block-paragraph\"><strong>Our playground: Relaxation and Fun<\/strong><\/p>\n\n\n\n<p class=\"wp-block-paragraph\">With a slide, spring toy, rope bridge, and climbing wall, everything is designed for your little ones to have fun in complete safety. It&#8217;s the perfect place for them to let off steam, make new friends, and spend hours playing. Meanwhile, parents can relax nearby and enjoy a moment of peace and quiet.<\/p>\n\n\n\n<p class=\"wp-block-paragraph\">Come and discover this fun space where young and old alike will find something to enjoy! \ud83c\udfa0\ud83e\udd38\u200d\u2642\ufe0f\ud83c\udf1e<\/p>\n<\/div><figure class=\"wp-block-media-text__media\"><img loading=\"lazy\" decoding=\"async\" width=\"1200\" height=\"800\" src=\"https:\/\/camping-savoie-levaugrais.com\/wp-content\/uploads\/2025\/11\/IMG_4845-retouche-ok.webp\" alt=\"aire de jeux au camping le vaugrais \" class=\"wp-image-17625 size-full\"\/><\/figure><\/div>\n\n\n\n<div class=\"wp-block-media-text is-stacked-on-mobile\"><figure class=\"wp-block-media-text__media\"><img loading=\"lazy\" decoding=\"async\" width=\"1200\" height=\"800\" src=\"https:\/\/camping-savoie-levaugrais.com\/wp-content\/uploads\/2025\/11\/animation-musicale-guitare-saxophone-terrasse-camping-le-vaugrais.jpg.webp\" alt=\"Animation musicale en live avec guitare et saxophone sur la terrasse du Camping Le Vaugrais : soir\u00e9e lounge estivale\" class=\"wp-image-17786 size-full\"\/><\/figure><div class=\"wp-block-media-text__content\">\n<p class=\"wp-block-paragraph\"><strong>Festive atmosphere at Le Vaugrais: Musical evenings not to be missed! \ud83c\udfa4<\/strong><\/p>\n\n\n\n<p class=\"wp-block-paragraph\">Every summer, once a week: the terrace of Le Vaugrais snack bar is transformed into a real party venue!<\/p>\n\n\n\n<p class=\"wp-block-paragraph\">Come and listen to your favourite songs, sing along or even accompany the singer on the most famous tunes and share some laughter during our musical evenings.<\/p>\n\n\n\n<p class=\"wp-block-paragraph\">The evenings are fun, lively and respectful of everyone&#8217;s peace and quiet, ending no later than 10.30pm.\ud83c\udfb6\ud83c\udfb2\ud83d\udc83<\/p>\n<\/div><\/div>\n\n\n\n<div class=\"wp-block-media-text has-media-on-the-right is-stacked-on-mobile\"><div class=\"wp-block-media-text__content\">\n<p class=\"wp-block-paragraph\"><strong>Escape into the heart of nature<\/strong><\/p>\n\n\n\n<p class=\"wp-block-paragraph\">Every summer, let H\u00e9l\u00e8ne and Pierre guide you once a week on a free family hike, where young and old alike can get away from it all together.<\/p>\n\n\n\n<p class=\"wp-block-paragraph\">Forget the tourist trails, here we take you to secret places, hidden from the brochures, where nature flourishes in all its splendour.<\/p>\n\n\n\n<p class=\"wp-block-paragraph\">Dogs are also welcome to join you and share in these moments of togetherness.<\/p>\n\n\n\n<p class=\"wp-block-paragraph\">No competition, just a moment suspended in time to chat, relax and meet new camping friends in a peaceful and friendly atmosphere. \ud83c\udf32\ud83d\udc9a<\/p>\n<\/div><figure class=\"wp-block-media-text__media\"><img loading=\"lazy\" decoding=\"async\" width=\"1200\" height=\"800\" src=\"https:\/\/camping-savoie-levaugrais.com\/wp-content\/uploads\/2025\/11\/balade-participative-camping-le-vaugrais-decouverte-region.jpg.webp\" alt=\"Balade \u00e0 pied avec les campeurs du Camping Le Vaugrais : d\u00e9couvrez la r\u00e9gion\" class=\"wp-image-17790 size-full\"\/><\/figure><\/div>\n\n\n\t\t\t<div id=\"sevgallery-167685917\" class=\"sev-diaporama sev-diaporama-portfolio\">\n\t\t\t<div class=\"row\">\n\n\t\t\t\n\t\t\t\t\n\t\t\t\t<div class=\"sev-diaporama-portfolio-item col-12 col-lg \">\n\t\t\t\t\t<!--<a href=\"https:\/\/camping-savoie-levaugrais.com\/wp-content\/uploads\/2024\/11\/Camping_Le_Vaugrais_128-Personnalise.jpg\" data-lightbox=\"sevgallery-167685917\" style=\"background-image: url(https:\/\/camping-savoie-levaugrais.com\/wp-content\/uploads\/2024\/11\/Camping_Le_Vaugrais_128-Personnalise.jpg)\">-->\n\t\t\t\t\t<a href=\"https:\/\/camping-savoie-levaugrais.com\/wp-content\/uploads\/2024\/11\/Camping_Le_Vaugrais_128-Personnalise.jpg\" data-lightbox=\"sevgallery-167685917\">\n\t\t\t\t\t\t<img decoding=\"async\" src=\"https:\/\/camping-savoie-levaugrais.com\/wp-content\/uploads\/2024\/11\/Camping_Le_Vaugrais_128-Personnalise.jpg\" alt=\"aire de jeux\" loading=\"lazy\">\n\t\t\t\t\t<\/a>\n\t\t\t\t<\/div>\n\n\t\t\t\t\n\t\t\t\t\t\t\t\t\t\t\t\n\t\t\t\t\n\t\t\t\t<div class=\"sev-diaporama-portfolio-item col-12 col-lg  col-grow\">\n\t\t\t\t\t<!--<a href=\"https:\/\/camping-savoie-levaugrais.com\/wp-content\/uploads\/2021\/07\/web089.jpg\" data-lightbox=\"sevgallery-167685917\" style=\"background-image: url(https:\/\/camping-savoie-levaugrais.com\/wp-content\/uploads\/2021\/07\/web089.jpg)\">-->\n\t\t\t\t\t<a href=\"https:\/\/camping-savoie-levaugrais.com\/wp-content\/uploads\/2021\/07\/web089.jpg\" data-lightbox=\"sevgallery-167685917\">\n\t\t\t\t\t\t<img decoding=\"async\" src=\"https:\/\/camping-savoie-levaugrais.com\/wp-content\/uploads\/2021\/07\/web089.jpg\" alt=\"\" loading=\"lazy\">\n\t\t\t\t\t<\/a>\n\t\t\t\t<\/div>\n\n\t\t\t\t\n\t\t\t\t\t\t\t\t\t\t\t\n\t\t\t\t\n\t\t\t\t<div class=\"sev-diaporama-portfolio-item col-12 col-lg  col-grow\">\n\t\t\t\t\t<!--<a href=\"https:\/\/camping-savoie-levaugrais.com\/wp-content\/uploads\/2024\/09\/IMG_2213-internet.jpg\" data-lightbox=\"sevgallery-167685917\" style=\"background-image: url(https:\/\/camping-savoie-levaugrais.com\/wp-content\/uploads\/2024\/09\/IMG_2213-internet.jpg)\">-->\n\t\t\t\t\t<a href=\"https:\/\/camping-savoie-levaugrais.com\/wp-content\/uploads\/2024\/09\/IMG_2213-internet.jpg\" data-lightbox=\"sevgallery-167685917\">\n\t\t\t\t\t\t<img decoding=\"async\" src=\"https:\/\/camping-savoie-levaugrais.com\/wp-content\/uploads\/2024\/09\/IMG_2213-internet.jpg\" alt=\"babyfoot\" loading=\"lazy\">\n\t\t\t\t\t<\/a>\n\t\t\t\t<\/div>\n\n\t\t\t\t\n\t\t\t\t\t\t\t\t\t\t\t\n\t\t\t\t\n\t\t\t\t<div class=\"sev-diaporama-portfolio-item col-12 col-lg \">\n\t\t\t\t\t<!--<a href=\"https:\/\/camping-savoie-levaugrais.com\/wp-content\/uploads\/2024\/11\/Camping-le-Vaugrais_58-Personnalise.jpg\" data-lightbox=\"sevgallery-167685917\" style=\"background-image: url(https:\/\/camping-savoie-levaugrais.com\/wp-content\/uploads\/2024\/11\/Camping-le-Vaugrais_58-Personnalise.jpg)\">-->\n\t\t\t\t\t<a href=\"https:\/\/camping-savoie-levaugrais.com\/wp-content\/uploads\/2024\/11\/Camping-le-Vaugrais_58-Personnalise.jpg\" data-lightbox=\"sevgallery-167685917\">\n\t\t\t\t\t\t<img decoding=\"async\" src=\"https:\/\/camping-savoie-levaugrais.com\/wp-content\/uploads\/2024\/11\/Camping-le-Vaugrais_58-Personnalise.jpg\" alt=\"aire p\u00e9tanque\" loading=\"lazy\">\n\t\t\t\t\t<\/a>\n\t\t\t\t<\/div>\n\n\t\t\t\t\t\t\t\t\t<div class=\"w-100\"><\/div>\n\t\t\t\t\t\t\t\t\t\n\t\t\t\t\t\t\t\t\t\t\t\n\t\t\t\t\n\t\t\t\t<div class=\"sev-diaporama-portfolio-item col-12 col-lg  col-shrink\">\n\t\t\t\t\t<!--<a href=\"https:\/\/camping-savoie-levaugrais.com\/wp-content\/uploads\/2021\/08\/Camping_Le_Vaugrais_114.jpg\" data-lightbox=\"sevgallery-167685917\" style=\"background-image: url(https:\/\/camping-savoie-levaugrais.com\/wp-content\/uploads\/2021\/08\/Camping_Le_Vaugrais_114.jpg)\">-->\n\t\t\t\t\t<a href=\"https:\/\/camping-savoie-levaugrais.com\/wp-content\/uploads\/2021\/08\/Camping_Le_Vaugrais_114.jpg\" data-lightbox=\"sevgallery-167685917\">\n\t\t\t\t\t\t<img decoding=\"async\" src=\"https:\/\/camping-savoie-levaugrais.com\/wp-content\/uploads\/2021\/08\/Camping_Le_Vaugrais_114.jpg\" alt=\"\" loading=\"lazy\">\n\t\t\t\t\t<\/a>\n\t\t\t\t<\/div>\n\n\t\t\t\t\n\t\t\t\t\t\t\t\t\t\t\t\n\t\t\t\t\n\t\t\t\t<div class=\"sev-diaporama-portfolio-item col-12 col-lg  col-shrink\">\n\t\t\t\t\t<!--<a href=\"https:\/\/camping-savoie-levaugrais.com\/wp-content\/uploads\/2024\/11\/Camping_Le_Vaugrais_109-Personnalise.jpg\" data-lightbox=\"sevgallery-167685917\" style=\"background-image: url(https:\/\/camping-savoie-levaugrais.com\/wp-content\/uploads\/2024\/11\/Camping_Le_Vaugrais_109-Personnalise.jpg)\">-->\n\t\t\t\t\t<a href=\"https:\/\/camping-savoie-levaugrais.com\/wp-content\/uploads\/2024\/11\/Camping_Le_Vaugrais_109-Personnalise.jpg\" data-lightbox=\"sevgallery-167685917\">\n\t\t\t\t\t\t<img decoding=\"async\" src=\"https:\/\/camping-savoie-levaugrais.com\/wp-content\/uploads\/2024\/11\/Camping_Le_Vaugrais_109-Personnalise.jpg\" alt=\"piscine\" loading=\"lazy\">\n\t\t\t\t\t<\/a>\n\t\t\t\t<\/div>\n\n\t\t\t\t\n\t\t\t\t\t\t\t\t\t\t\t\n\t\t\t\t\n\t\t\t\t<div class=\"sev-diaporama-portfolio-item col-12 col-lg  col-shrink\">\n\t\t\t\t\t<!--<a href=\"https:\/\/camping-savoie-levaugrais.com\/wp-content\/uploads\/2024\/09\/IMG_2334-retouche-internet.jpg\" data-lightbox=\"sevgallery-167685917\" style=\"background-image: url(https:\/\/camping-savoie-levaugrais.com\/wp-content\/uploads\/2024\/09\/IMG_2334-retouche-internet.jpg)\">-->\n\t\t\t\t\t<a href=\"https:\/\/camping-savoie-levaugrais.com\/wp-content\/uploads\/2024\/09\/IMG_2334-retouche-internet.jpg\" data-lightbox=\"sevgallery-167685917\">\n\t\t\t\t\t\t<img decoding=\"async\" src=\"https:\/\/camping-savoie-levaugrais.com\/wp-content\/uploads\/2024\/09\/IMG_2334-retouche-internet.jpg\" alt=\"animation tir \u00e0 l&#039;arc\" loading=\"lazy\">\n\t\t\t\t\t<\/a>\n\t\t\t\t<\/div>\n\n\t\t\t\t\n\t\t\t\t\t\t\t\t\t\t\t\n\t\t\t\t\n\t\t\t\t<div class=\"sev-diaporama-portfolio-item col-12 col-lg  col-grow\">\n\t\t\t\t\t<!--<a href=\"https:\/\/camping-savoie-levaugrais.com\/wp-content\/uploads\/2024\/09\/IMG_2290-retouche-internet.jpg\" data-lightbox=\"sevgallery-167685917\" style=\"background-image: url(https:\/\/camping-savoie-levaugrais.com\/wp-content\/uploads\/2024\/09\/IMG_2290-retouche-internet.jpg)\">-->\n\t\t\t\t\t<a href=\"https:\/\/camping-savoie-levaugrais.com\/wp-content\/uploads\/2024\/09\/IMG_2290-retouche-internet.jpg\" data-lightbox=\"sevgallery-167685917\">\n\t\t\t\t\t\t<img decoding=\"async\" src=\"https:\/\/camping-savoie-levaugrais.com\/wp-content\/uploads\/2024\/09\/IMG_2290-retouche-internet.jpg\" alt=\"activit\u00e9 manuelle au Vaugrais\" loading=\"lazy\">\n\t\t\t\t\t<\/a>\n\t\t\t\t<\/div>\n\n\t\t\t\t\t\t\t\t\t<div class=\"w-100\"><\/div>\n\t\t\t\t\t\t\t\t\t\n\t\t\t\t\t\t\t\t\t\t\t\n\t\t\t\t\n\t\t\t\t<div class=\"sev-diaporama-portfolio-item col-12 col-lg  col-shrink\">\n\t\t\t\t\t<!--<a href=\"https:\/\/camping-savoie-levaugrais.com\/wp-content\/uploads\/2024\/09\/IMG_2286-retouche-internet.jpg\" data-lightbox=\"sevgallery-167685917\" style=\"background-image: url(https:\/\/camping-savoie-levaugrais.com\/wp-content\/uploads\/2024\/09\/IMG_2286-retouche-internet.jpg)\">-->\n\t\t\t\t\t<a href=\"https:\/\/camping-savoie-levaugrais.com\/wp-content\/uploads\/2024\/09\/IMG_2286-retouche-internet.jpg\" data-lightbox=\"sevgallery-167685917\">\n\t\t\t\t\t\t<img decoding=\"async\" src=\"https:\/\/camping-savoie-levaugrais.com\/wp-content\/uploads\/2024\/09\/IMG_2286-retouche-internet.jpg\" alt=\"activit\u00e9 enfant\" loading=\"lazy\">\n\t\t\t\t\t<\/a>\n\t\t\t\t<\/div>\n\n\t\t\t\t\n\t\t\t\t\t\t\t\t\t\t\t\n\t\t\t\t\n\t\t\t\t<div class=\"sev-diaporama-portfolio-item col-12 col-lg  col-shrink\">\n\t\t\t\t\t<!--<a href=\"https:\/\/camping-savoie-levaugrais.com\/wp-content\/uploads\/2024\/09\/IMG_2201-retouche-internet.jpg\" data-lightbox=\"sevgallery-167685917\" style=\"background-image: url(https:\/\/camping-savoie-levaugrais.com\/wp-content\/uploads\/2024\/09\/IMG_2201-retouche-internet.jpg)\">-->\n\t\t\t\t\t<a href=\"https:\/\/camping-savoie-levaugrais.com\/wp-content\/uploads\/2024\/09\/IMG_2201-retouche-internet.jpg\" data-lightbox=\"sevgallery-167685917\">\n\t\t\t\t\t\t<img decoding=\"async\" src=\"https:\/\/camping-savoie-levaugrais.com\/wp-content\/uploads\/2024\/09\/IMG_2201-retouche-internet.jpg\" alt=\"loto\" loading=\"lazy\">\n\t\t\t\t\t<\/a>\n\t\t\t\t<\/div>\n\n\t\t\t\t\n\t\t\t\t\t\t\t\t\t\t\t\n\t\t\t\t\n\t\t\t\t<div class=\"sev-diaporama-portfolio-item col-12 col-lg \">\n\t\t\t\t\t<!--<a href=\"https:\/\/camping-savoie-levaugrais.com\/wp-content\/uploads\/2024\/09\/IMG_1957-retouche-photo-internet.jpg\" data-lightbox=\"sevgallery-167685917\" style=\"background-image: url(https:\/\/camping-savoie-levaugrais.com\/wp-content\/uploads\/2024\/09\/IMG_1957-retouche-photo-internet.jpg)\">-->\n\t\t\t\t\t<a href=\"https:\/\/camping-savoie-levaugrais.com\/wp-content\/uploads\/2024\/09\/IMG_1957-retouche-photo-internet.jpg\" data-lightbox=\"sevgallery-167685917\">\n\t\t\t\t\t\t<img decoding=\"async\" src=\"https:\/\/camping-savoie-levaugrais.com\/wp-content\/uploads\/2024\/09\/IMG_1957-retouche-photo-internet.jpg\" alt=\"ping pong\" loading=\"lazy\">\n\t\t\t\t\t<\/a>\n\t\t\t\t<\/div>\n\n\t\t\t\t\n\t\t\t\t\t\t\t\t\t\t\t\n\t\t\t\t\n\t\t\t\t<div class=\"sev-diaporama-portfolio-item col-12 col-lg \">\n\t\t\t\t\t<!--<a href=\"https:\/\/camping-savoie-levaugrais.com\/wp-content\/uploads\/2024\/09\/IMG_2143-retouche-internet.jpg\" data-lightbox=\"sevgallery-167685917\" style=\"background-image: url(https:\/\/camping-savoie-levaugrais.com\/wp-content\/uploads\/2024\/09\/IMG_2143-retouche-internet.jpg)\">-->\n\t\t\t\t\t<a href=\"https:\/\/camping-savoie-levaugrais.com\/wp-content\/uploads\/2024\/09\/IMG_2143-retouche-internet.jpg\" data-lightbox=\"sevgallery-167685917\">\n\t\t\t\t\t\t<img decoding=\"async\" src=\"https:\/\/camping-savoie-levaugrais.com\/wp-content\/uploads\/2024\/09\/IMG_2143-retouche-internet.jpg\" alt=\"concert\" loading=\"lazy\">\n\t\t\t\t\t<\/a>\n\t\t\t\t<\/div>\n\n\t\t\t\t\t\t\t\t\t<div class=\"w-100\"><\/div>\n\t\t\t\t\t\t\t\t\t\n\t\t\t\t\t\t\t\t\t\t\t\n\t\t\t\t\n\t\t\t\t<div class=\"sev-diaporama-portfolio-item col-12 col-lg  col-shrink\">\n\t\t\t\t\t<!--<a href=\"https:\/\/camping-savoie-levaugrais.com\/wp-content\/uploads\/2021\/07\/balade.jpg\" data-lightbox=\"sevgallery-167685917\" style=\"background-image: url(https:\/\/camping-savoie-levaugrais.com\/wp-content\/uploads\/2021\/07\/balade.jpg)\">-->\n\t\t\t\t\t<a href=\"https:\/\/camping-savoie-levaugrais.com\/wp-content\/uploads\/2021\/07\/balade.jpg\" data-lightbox=\"sevgallery-167685917\">\n\t\t\t\t\t\t<img decoding=\"async\" src=\"https:\/\/camping-savoie-levaugrais.com\/wp-content\/uploads\/2021\/07\/balade.jpg\" alt=\"\" loading=\"lazy\">\n\t\t\t\t\t<\/a>\n\t\t\t\t<\/div>\n\n\t\t\t\t\n\t\t\t\t\t\t\t\t\t\t\t\n\t\t\t\t\n\t\t\t\t<div class=\"sev-diaporama-portfolio-item col-12 col-lg  col-shrink\">\n\t\t\t\t\t<!--<a href=\"https:\/\/camping-savoie-levaugrais.com\/wp-content\/uploads\/2021\/07\/montagnefamille3jpg.jpg\" data-lightbox=\"sevgallery-167685917\" style=\"background-image: url(https:\/\/camping-savoie-levaugrais.com\/wp-content\/uploads\/2021\/07\/montagnefamille3jpg.jpg)\">-->\n\t\t\t\t\t<a href=\"https:\/\/camping-savoie-levaugrais.com\/wp-content\/uploads\/2021\/07\/montagnefamille3jpg.jpg\" data-lightbox=\"sevgallery-167685917\">\n\t\t\t\t\t\t<img decoding=\"async\" src=\"https:\/\/camping-savoie-levaugrais.com\/wp-content\/uploads\/2021\/07\/montagnefamille3jpg.jpg\" alt=\"\" loading=\"lazy\">\n\t\t\t\t\t<\/a>\n\t\t\t\t<\/div>\n\n\t\t\t\t\n\t\t\t\t\t\t\t\t\t\t\t\n\t\t\t\t\n\t\t\t\t<div class=\"sev-diaporama-portfolio-item col-12 col-lg  col-grow\">\n\t\t\t\t\t<!--<a href=\"https:\/\/camping-savoie-levaugrais.com\/wp-content\/uploads\/2021\/07\/balade1.jpg\" data-lightbox=\"sevgallery-167685917\" style=\"background-image: url(https:\/\/camping-savoie-levaugrais.com\/wp-content\/uploads\/2021\/07\/balade1.jpg)\">-->\n\t\t\t\t\t<a href=\"https:\/\/camping-savoie-levaugrais.com\/wp-content\/uploads\/2021\/07\/balade1.jpg\" data-lightbox=\"sevgallery-167685917\">\n\t\t\t\t\t\t<img decoding=\"async\" src=\"https:\/\/camping-savoie-levaugrais.com\/wp-content\/uploads\/2021\/07\/balade1.jpg\" alt=\"\" loading=\"lazy\">\n\t\t\t\t\t<\/a>\n\t\t\t\t<\/div>\n\n\t\t\t\t\n\t\t\t\t\t\t\t\t\t\t\t\n\t\t\t\t\n\t\t\t\t<div class=\"sev-diaporama-portfolio-item col-12 col-lg  col-grow\">\n\t\t\t\t\t<!--<a href=\"https:\/\/camping-savoie-levaugrais.com\/wp-content\/uploads\/2021\/07\/autour-du-camping-1.jpg\" data-lightbox=\"sevgallery-167685917\" style=\"background-image: url(https:\/\/camping-savoie-levaugrais.com\/wp-content\/uploads\/2021\/07\/autour-du-camping-1.jpg)\">-->\n\t\t\t\t\t<a href=\"https:\/\/camping-savoie-levaugrais.com\/wp-content\/uploads\/2021\/07\/autour-du-camping-1.jpg\" data-lightbox=\"sevgallery-167685917\">\n\t\t\t\t\t\t<img decoding=\"async\" src=\"https:\/\/camping-savoie-levaugrais.com\/wp-content\/uploads\/2021\/07\/autour-du-camping-1.jpg\" alt=\"\" loading=\"lazy\">\n\t\t\t\t\t<\/a>\n\t\t\t\t<\/div>\n\n\t\t\t\t\t\t\t\t\t<div class=\"w-100\"><\/div>\n\t\t\t\t\t\t\t\t\t\n\t\t\t\t\t\t\t\t\t\t\t\t\t\t<\/div>\n\t\t\t<\/div>\n\n\t\t\t<script>\n\t\t\tjQuery(function($) {\n\n\t\t\t\tvar marginPortfolio = function() {\n\n\t\t\t\t\tvar $diapo          = $('#sevgallery-167685917');\n\t\t\t\t\tvar container_width = $diapo.parent().outerWidth();\n\t\t\t\t\tvar side            = ( $(window).innerWidth() - container_width ) \/ 2;\n\n\t\t\t\t\t$diapo.css( {\n\t\t\t\t\t\t'margin-left': '-' + side + 'px',\n\t\t\t\t\t\t'margin-right': '-' + side + 'px',\n\t\t\t\t\t} );\n\t\t\t\t};\n\n\t\t\t\t$( window ).resize( function() {\n\t\t\t\t\tmarginPortfolio();\n\t\t\t\t} );\n\t\t\t\tmarginPortfolio();\n\t\t\t});\n\t\t\t<\/script>\n\t\t\t\n","protected":false},"excerpt":{"rendered":"<p>Peace and relaxation at the campsite Here, you won&#8217;t find foam parties in the pool or kids&#8217; clubs. The main activity here is relaxing under the trees, listening to the birds, and reading a book. At Le Vaugrais, we offer you a haven of peace where nature reigns supreme: under the trees, you can listen [&hellip;]<\/p>\n","protected":false},"author":1,"featured_media":0,"parent":0,"menu_order":0,"comment_status":"closed","ping_status":"closed","template":"","meta":{"_seopress_robots_primary_cat":"","_seopress_titles_title":"Campsite with free activities and day and evening entertainment","_seopress_titles_desc":"","_seopress_robots_index":"","_crdt_document":"","footnotes":""},"class_list":["post-4808","page","type-page","status-publish","hentry"],"_links":{"self":[{"href":"https:\/\/camping-savoie-levaugrais.com\/en\/wp-json\/wp\/v2\/pages\/4808","targetHints":{"allow":["GET"]}}],"collection":[{"href":"https:\/\/camping-savoie-levaugrais.com\/en\/wp-json\/wp\/v2\/pages"}],"about":[{"href":"https:\/\/camping-savoie-levaugrais.com\/en\/wp-json\/wp\/v2\/types\/page"}],"author":[{"embeddable":true,"href":"https:\/\/camping-savoie-levaugrais.com\/en\/wp-json\/wp\/v2\/users\/1"}],"replies":[{"embeddable":true,"href":"https:\/\/camping-savoie-levaugrais.com\/en\/wp-json\/wp\/v2\/comments?post=4808"}],"version-history":[{"count":8,"href":"https:\/\/camping-savoie-levaugrais.com\/en\/wp-json\/wp\/v2\/pages\/4808\/revisions"}],"predecessor-version":[{"id":17848,"href":"https:\/\/camping-savoie-levaugrais.com\/en\/wp-json\/wp\/v2\/pages\/4808\/revisions\/17848"}],"wp:attachment":[{"href":"https:\/\/camping-savoie-levaugrais.com\/en\/wp-json\/wp\/v2\/media?parent=4808"}],"curies":[{"name":"wp","href":"https:\/\/api.w.org\/{rel}","templated":true}]}}