{"id":4820,"date":"2021-10-08T11:23:07","date_gmt":"2021-10-08T09:23:07","guid":{"rendered":"https:\/\/camping-savoie-levaugrais.com\/the-services-of-a-3-star-campsite\/"},"modified":"2025-11-10T18:28:20","modified_gmt":"2025-11-10T17:28:20","slug":"the-services-of-a-3-star-campsite","status":"publish","type":"page","link":"https:\/\/camping-savoie-levaugrais.com\/en\/the-services-of-a-3-star-campsite\/","title":{"rendered":"The services of a 3 star campsite"},"content":{"rendered":"<div class=\"wp-block-image\">\n<figure class=\"aligncenter size-large is-resized\"><img loading=\"lazy\" decoding=\"async\" width=\"1024\" height=\"576\" src=\"https:\/\/camping-savoie-levaugrais.com\/wp-content\/uploads\/2025\/01\/nhesitez-pas-a-nous-contacter-en-anglais-1024x576.jpg\" alt=\"\" class=\"wp-image-16422\" style=\"width:354px;height:auto\" srcset=\"https:\/\/camping-savoie-levaugrais.com\/wp-content\/uploads\/2025\/01\/nhesitez-pas-a-nous-contacter-en-anglais-1024x576.jpg 1024w, https:\/\/camping-savoie-levaugrais.com\/wp-content\/uploads\/2025\/01\/nhesitez-pas-a-nous-contacter-en-anglais-300x169.jpg 300w, https:\/\/camping-savoie-levaugrais.com\/wp-content\/uploads\/2025\/01\/nhesitez-pas-a-nous-contacter-en-anglais-768x432.jpg 768w, https:\/\/camping-savoie-levaugrais.com\/wp-content\/uploads\/2025\/01\/nhesitez-pas-a-nous-contacter-en-anglais-1536x864.jpg 1536w, https:\/\/camping-savoie-levaugrais.com\/wp-content\/uploads\/2025\/01\/nhesitez-pas-a-nous-contacter-en-anglais.jpg 1920w\" sizes=\"auto, (max-width: 1024px) 100vw, 1024px\" \/><\/figure>\n<\/div>\n\n\n<h2 class=\"wp-block-heading\">Campsite near Savoie with 3-star facilities<\/h2>\n\n\n\n<div class=\"wp-block-media-text is-stacked-on-mobile\"><figure class=\"wp-block-media-text__media\"><img loading=\"lazy\" decoding=\"async\" width=\"1200\" height=\"800\" src=\"https:\/\/camping-savoie-levaugrais.com\/wp-content\/uploads\/2025\/11\/accueil-chaleureux-camping-le-vaugrais-brochures-touristiques-terrasse.jpg.webp\" alt=\"Accueil chaleureux au camping Le Vaugrais avec services et informations touristiques\" class=\"wp-image-17754 size-full\"\/><\/figure><div class=\"wp-block-media-text__content\">\n<p class=\"wp-block-paragraph\"><strong>Reception<\/strong><\/p>\n\n\n\n<p class=\"wp-block-paragraph\">Our reception is available to answer any questions you may have about our campsite:<\/p>\n\n\n\n<p class=\"wp-block-paragraph\">From April to September:\nOpen every day from 9:00 a.m. to 12:00 p.m. and from 2:00 p.m. to 7:00 p.m. (10:00 p.m. in July and August)\nFrom October to March:\nWe are available by telephone on 04\/79\/87\/37\/34\nPlease note:\nFor rentals: arrivals are possible from 4 p.m. and departures must be before 10 a.m.\nFor pitches, arrivals are from 2 p.m. and departures before 12 noon.<\/p>\n<\/div><\/div>\n\n\n\n<div class=\"wp-block-media-text has-media-on-the-right is-stacked-on-mobile\"><div class=\"wp-block-media-text__content\">\n<p class=\"wp-block-paragraph\"><strong>Snacks<\/strong><\/p>\n\n\n\n<p class=\"wp-block-paragraph\">You&#8217;re sure to find something to satisfy your cravings.<br>Whether you want to eat in on the terrace or simply take away to make your life easier, we offer a dish of the week and a tempting range of snacks.<\/p>\n\n\n\n<p class=\"wp-block-paragraph\">On the sweet side, our range of ice creams is the perfect way to end your meal, or simply to enjoy at any time of day, accompanied by a cold drink or a coffee on the terrace.<\/p>\n<\/div><figure class=\"wp-block-media-text__media\"><img loading=\"lazy\" decoding=\"async\" width=\"1200\" height=\"800\" src=\"https:\/\/camping-savoie-levaugrais.com\/wp-content\/uploads\/2025\/11\/terrasse-couverte-snack-bar-camping-le-vaugrais-glaces-boisson.jpg.webp\" alt=\"Terrasse couverte du snack bar du camping Le Vaugrais \" class=\"wp-image-17762 size-full\"\/><\/figure><\/div>\n\n\n\n<div class=\"wp-block-media-text is-stacked-on-mobile\"><figure class=\"wp-block-media-text__media\"><img loading=\"lazy\" decoding=\"async\" width=\"1200\" height=\"800\" src=\"https:\/\/camping-savoie-levaugrais.com\/wp-content\/uploads\/2025\/11\/laverie-machines-a-laver-seche-linge-camping-le-vaugrais.jpg.webp\" alt=\"Laverie du Camping Le Vaugrais \u00e0 Artemare : machines \u00e0 laver et s\u00e8che-linge pour plus de confort\" class=\"wp-image-17806 size-full\"\/><\/figure><div class=\"wp-block-media-text__content\">\n<p class=\"wp-block-paragraph\"><strong>For your comfort<\/strong><\/p>\n\n\n\n<p class=\"wp-block-paragraph\">Wi-Fi throughout the grounds (additional charge)\nHairdryer and iron available to borrow\nBaby kit hire: high chair, bath, travel cot (\u20ac15\/stay)\nLaundry: washing machines (8kg) \u20ac5 and tumble dryers (5kg) \u20ac4\nRefrigerator hire (\u20ac8\/day)\nTraditional sheet hire (\u20ac10\/single bed and \u20ac12\/double bed); \u20ac5 for disposable sheet set\nIce packs and bottles can be refrigerated at reception (\u20ac0.20\/bottle)<\/p>\n<\/div><\/div>\n\n\n\n<div class=\"wp-block-media-text has-media-on-the-right is-stacked-on-mobile\"><div class=\"wp-block-media-text__content\">\n<p class=\"wp-block-paragraph\"><strong>Useful information available at the campsite<\/strong><\/p>\n\n\n\n<p class=\"wp-block-paragraph\">At reception, you will find:<\/p>\n\n\n\n<p class=\"wp-block-paragraph\">Campsite rules and regulations\nElectric adapters available to borrow\nTourist information\nHiking and mountain biking guides\nA calendar of local events (market days)\nEmergency numbers\nA first aid kit<\/p>\n<\/div><figure class=\"wp-block-media-text__media\"><img loading=\"lazy\" decoding=\"async\" width=\"1200\" height=\"800\" src=\"https:\/\/camping-savoie-levaugrais.com\/wp-content\/uploads\/2025\/11\/IMG_4356-retouche-site-internet-ok.webp\" alt=\"l'accueil du camping le vaugrais \u00e0 artemare\" class=\"wp-image-17601 size-full\"\/><\/figure><\/div>\n\n\n\n<div class=\"wp-block-media-text is-stacked-on-mobile\"><figure class=\"wp-block-media-text__media\"><img loading=\"lazy\" decoding=\"async\" width=\"1200\" height=\"800\" src=\"https:\/\/camping-savoie-levaugrais.com\/wp-content\/uploads\/2025\/11\/bloc-sanitaire-camping-le-vaugrais.jpg.webp\" alt=\"Bloc sanitaire avec \u00e9viers et installations pour tous au Camping Le Vaugrais \u00e0 Artemare\" class=\"wp-image-17810 size-full\"\/><\/figure><div class=\"wp-block-media-text__content\">\n<p class=\"wp-block-paragraph\"><strong>3 blocs sanitaires sont mis \u00e0 votre disposition sur l\u2019ensemble du camping.<\/strong><\/p>\n\n\n\n<p class=\"wp-block-paragraph\"><strong>Sanitaires <\/strong>(douche, toilette, bac \u00e0 vaisselle et bac \u00e0 linge) adapt\u00e9s aux personnes \u00e0 mobilit\u00e9 r\u00e9duite.<\/p>\n<\/div><\/div>\n\n\n\n<div class=\"wp-block-media-text has-media-on-the-right is-stacked-on-mobile\"><div class=\"wp-block-media-text__content\">\n<p class=\"wp-block-paragraph\"><strong>Shops and services nearby \u2013<\/strong><\/p>\n\n\n\n<p class=\"wp-block-paragraph\">less than 5 minutes by car in Artemare (population 1,000)<\/p>\n\n\n\n<p class=\"wp-block-paragraph\">Auberge du S\u00e9ran<br>Carrefour Contact<br>Bakeries<br>Tobacco\/newsagent<br>Caterer<br>Pharmacy<br>Medical centre: doctors, nurses, physiotherapists<br>Veterinary surgeon<br>Post office<br>Peugeot garage<br>Local grocery store and bulk goods<\/p>\n<\/div><figure class=\"wp-block-media-text__media\"><img loading=\"lazy\" decoding=\"async\" width=\"1200\" height=\"800\" src=\"https:\/\/camping-savoie-levaugrais.com\/wp-content\/uploads\/2025\/11\/vin-du-bugey-comte-fromage-terroir-camping-le-vaugrais.jpg.webp\" alt=\"Produits r\u00e9gionaux du Bugey : fromage Comt\u00e9 et vin du Bugey,\" class=\"wp-image-17750 size-full\"\/><\/figure><\/div>\n\n\n\t\t\t<div id=\"sevgallery-1202896160\" class=\"sev-diaporama sev-diaporama-portfolio\">\n\t\t\t<div class=\"row\">\n\n\t\t\t\n\t\t\t\t\n\t\t\t\t<div class=\"sev-diaporama-portfolio-item col-12 col-lg  col-shrink\">\n\t\t\t\t\t<!--<a href=\"https:\/\/camping-savoie-levaugrais.com\/wp-content\/uploads\/2021\/07\/IMG_9262.jpg\" data-lightbox=\"sevgallery-1202896160\" style=\"background-image: url(https:\/\/camping-savoie-levaugrais.com\/wp-content\/uploads\/2021\/07\/IMG_9262.jpg)\">-->\n\t\t\t\t\t<a href=\"https:\/\/camping-savoie-levaugrais.com\/wp-content\/uploads\/2021\/07\/IMG_9262.jpg\" data-lightbox=\"sevgallery-1202896160\">\n\t\t\t\t\t\t<img decoding=\"async\" src=\"https:\/\/camping-savoie-levaugrais.com\/wp-content\/uploads\/2021\/07\/IMG_9262.jpg\" alt=\"\" loading=\"lazy\">\n\t\t\t\t\t<\/a>\n\t\t\t\t<\/div>\n\n\t\t\t\t\n\t\t\t\t\t\t\t\t\t\t\t\n\t\t\t\t\n\t\t\t\t<div class=\"sev-diaporama-portfolio-item col-12 col-lg \">\n\t\t\t\t\t<!--<a href=\"https:\/\/camping-savoie-levaugrais.com\/wp-content\/uploads\/2021\/07\/IMG_9560.jpg\" data-lightbox=\"sevgallery-1202896160\" style=\"background-image: url(https:\/\/camping-savoie-levaugrais.com\/wp-content\/uploads\/2021\/07\/IMG_9560.jpg)\">-->\n\t\t\t\t\t<a href=\"https:\/\/camping-savoie-levaugrais.com\/wp-content\/uploads\/2021\/07\/IMG_9560.jpg\" data-lightbox=\"sevgallery-1202896160\">\n\t\t\t\t\t\t<img decoding=\"async\" src=\"https:\/\/camping-savoie-levaugrais.com\/wp-content\/uploads\/2021\/07\/IMG_9560.jpg\" alt=\"\" loading=\"lazy\">\n\t\t\t\t\t<\/a>\n\t\t\t\t<\/div>\n\n\t\t\t\t\n\t\t\t\t\t\t\t\t\t\t\t\n\t\t\t\t\n\t\t\t\t<div class=\"sev-diaporama-portfolio-item col-12 col-lg  col-grow\">\n\t\t\t\t\t<!--<a href=\"https:\/\/camping-savoie-levaugrais.com\/wp-content\/uploads\/2021\/07\/barbecue.jpg\" data-lightbox=\"sevgallery-1202896160\" style=\"background-image: url(https:\/\/camping-savoie-levaugrais.com\/wp-content\/uploads\/2021\/07\/barbecue.jpg)\">-->\n\t\t\t\t\t<a href=\"https:\/\/camping-savoie-levaugrais.com\/wp-content\/uploads\/2021\/07\/barbecue.jpg\" data-lightbox=\"sevgallery-1202896160\">\n\t\t\t\t\t\t<img decoding=\"async\" src=\"https:\/\/camping-savoie-levaugrais.com\/wp-content\/uploads\/2021\/07\/barbecue.jpg\" alt=\"\" loading=\"lazy\">\n\t\t\t\t\t<\/a>\n\t\t\t\t<\/div>\n\n\t\t\t\t\t\t\t\t\t<div class=\"w-100\"><\/div>\n\t\t\t\t\t\t\t\t\t\n\t\t\t\t\t\t\t\t\t\t\t\n\t\t\t\t\n\t\t\t\t<div class=\"sev-diaporama-portfolio-item col-12 col-lg \">\n\t\t\t\t\t<!--<a href=\"https:\/\/camping-savoie-levaugrais.com\/wp-content\/uploads\/2024\/09\/IMG_2322-retouche-internet-2.jpg\" data-lightbox=\"sevgallery-1202896160\" style=\"background-image: url(https:\/\/camping-savoie-levaugrais.com\/wp-content\/uploads\/2024\/09\/IMG_2322-retouche-internet-2.jpg)\">-->\n\t\t\t\t\t<a href=\"https:\/\/camping-savoie-levaugrais.com\/wp-content\/uploads\/2024\/09\/IMG_2322-retouche-internet-2.jpg\" data-lightbox=\"sevgallery-1202896160\">\n\t\t\t\t\t\t<img decoding=\"async\" src=\"https:\/\/camping-savoie-levaugrais.com\/wp-content\/uploads\/2024\/09\/IMG_2322-retouche-internet-2.jpg\" alt=\"snack\" loading=\"lazy\">\n\t\t\t\t\t<\/a>\n\t\t\t\t<\/div>\n\n\t\t\t\t\n\t\t\t\t\t\t\t\t\t\t\t\n\t\t\t\t\n\t\t\t\t<div class=\"sev-diaporama-portfolio-item col-12 col-lg \">\n\t\t\t\t\t<!--<a href=\"https:\/\/camping-savoie-levaugrais.com\/wp-content\/uploads\/2024\/09\/IMG_2196-internet.jpg\" data-lightbox=\"sevgallery-1202896160\" style=\"background-image: url(https:\/\/camping-savoie-levaugrais.com\/wp-content\/uploads\/2024\/09\/IMG_2196-internet.jpg)\">-->\n\t\t\t\t\t<a href=\"https:\/\/camping-savoie-levaugrais.com\/wp-content\/uploads\/2024\/09\/IMG_2196-internet.jpg\" data-lightbox=\"sevgallery-1202896160\">\n\t\t\t\t\t\t<img decoding=\"async\" src=\"https:\/\/camping-savoie-levaugrais.com\/wp-content\/uploads\/2024\/09\/IMG_2196-internet.jpg\" alt=\"snack\" loading=\"lazy\">\n\t\t\t\t\t<\/a>\n\t\t\t\t<\/div>\n\n\t\t\t\t\n\t\t\t\t\t\t\t\t\t\t\t\n\t\t\t\t\n\t\t\t\t<div class=\"sev-diaporama-portfolio-item col-12 col-lg \">\n\t\t\t\t\t<!--<a href=\"https:\/\/camping-savoie-levaugrais.com\/wp-content\/uploads\/2022\/10\/Camping-le-Vaugrais_58retoucheweb-2.jpg\" data-lightbox=\"sevgallery-1202896160\" style=\"background-image: url(https:\/\/camping-savoie-levaugrais.com\/wp-content\/uploads\/2022\/10\/Camping-le-Vaugrais_58retoucheweb-2.jpg)\">-->\n\t\t\t\t\t<a href=\"https:\/\/camping-savoie-levaugrais.com\/wp-content\/uploads\/2022\/10\/Camping-le-Vaugrais_58retoucheweb-2.jpg\" data-lightbox=\"sevgallery-1202896160\">\n\t\t\t\t\t\t<img decoding=\"async\" src=\"https:\/\/camping-savoie-levaugrais.com\/wp-content\/uploads\/2022\/10\/Camping-le-Vaugrais_58retoucheweb-2.jpg\" alt=\"Camping le Vaugrais\" loading=\"lazy\">\n\t\t\t\t\t<\/a>\n\t\t\t\t<\/div>\n\n\t\t\t\t\t\t\t\t\t<div class=\"w-100\"><\/div>\n\t\t\t\t\t\t\t\t\t\n\t\t\t\t\t\t\t\t\t\t\t\n\t\t\t\t\n\t\t\t\t<div class=\"sev-diaporama-portfolio-item col-12 col-lg  col-grow\">\n\t\t\t\t\t<!--<a href=\"https:\/\/camping-savoie-levaugrais.com\/wp-content\/uploads\/2022\/10\/Camping-le-Vaugrais_24retoucheweb-1.jpg\" data-lightbox=\"sevgallery-1202896160\" style=\"background-image: url(https:\/\/camping-savoie-levaugrais.com\/wp-content\/uploads\/2022\/10\/Camping-le-Vaugrais_24retoucheweb-1.jpg)\">-->\n\t\t\t\t\t<a href=\"https:\/\/camping-savoie-levaugrais.com\/wp-content\/uploads\/2022\/10\/Camping-le-Vaugrais_24retoucheweb-1.jpg\" data-lightbox=\"sevgallery-1202896160\">\n\t\t\t\t\t\t<img decoding=\"async\" src=\"https:\/\/camping-savoie-levaugrais.com\/wp-content\/uploads\/2022\/10\/Camping-le-Vaugrais_24retoucheweb-1.jpg\" alt=\"Camping le Vaugrais\" loading=\"lazy\">\n\t\t\t\t\t<\/a>\n\t\t\t\t<\/div>\n\n\t\t\t\t\n\t\t\t\t\t\t\t\t\t\t\t\n\t\t\t\t\n\t\t\t\t<div class=\"sev-diaporama-portfolio-item col-12 col-lg  col-grow\">\n\t\t\t\t\t<!--<a href=\"https:\/\/camping-savoie-levaugrais.com\/wp-content\/uploads\/2022\/10\/Camping-le-Vaugrais_22retoucheweb-1.jpg\" data-lightbox=\"sevgallery-1202896160\" style=\"background-image: url(https:\/\/camping-savoie-levaugrais.com\/wp-content\/uploads\/2022\/10\/Camping-le-Vaugrais_22retoucheweb-1.jpg)\">-->\n\t\t\t\t\t<a href=\"https:\/\/camping-savoie-levaugrais.com\/wp-content\/uploads\/2022\/10\/Camping-le-Vaugrais_22retoucheweb-1.jpg\" data-lightbox=\"sevgallery-1202896160\">\n\t\t\t\t\t\t<img decoding=\"async\" src=\"https:\/\/camping-savoie-levaugrais.com\/wp-content\/uploads\/2022\/10\/Camping-le-Vaugrais_22retoucheweb-1.jpg\" alt=\"Camping le Vaugrais\" loading=\"lazy\">\n\t\t\t\t\t<\/a>\n\t\t\t\t<\/div>\n\n\t\t\t\t\n\t\t\t\t\t\t\t\t\t\t\t\n\t\t\t\t\n\t\t\t\t<div class=\"sev-diaporama-portfolio-item col-12 col-lg \">\n\t\t\t\t\t<!--<a href=\"https:\/\/camping-savoie-levaugrais.com\/wp-content\/uploads\/2022\/10\/093-retoucheweb-1.jpg\" data-lightbox=\"sevgallery-1202896160\" style=\"background-image: url(https:\/\/camping-savoie-levaugrais.com\/wp-content\/uploads\/2022\/10\/093-retoucheweb-1.jpg)\">-->\n\t\t\t\t\t<a href=\"https:\/\/camping-savoie-levaugrais.com\/wp-content\/uploads\/2022\/10\/093-retoucheweb-1.jpg\" data-lightbox=\"sevgallery-1202896160\">\n\t\t\t\t\t\t<img decoding=\"async\" src=\"https:\/\/camping-savoie-levaugrais.com\/wp-content\/uploads\/2022\/10\/093-retoucheweb-1.jpg\" alt=\"Camping le Vaugrais\" loading=\"lazy\">\n\t\t\t\t\t<\/a>\n\t\t\t\t<\/div>\n\n\t\t\t\t\t\t\t\t\t<div class=\"w-100\"><\/div>\n\t\t\t\t\t\t\t\t\t\n\t\t\t\t\t\t\t\t\t\t\t\t\t\t<\/div>\n\t\t\t<\/div>\n\n\t\t\t<script>\n\t\t\tjQuery(function($) {\n\n\t\t\t\tvar marginPortfolio = function() {\n\n\t\t\t\t\tvar $diapo          = $('#sevgallery-1202896160');\n\t\t\t\t\tvar container_width = $diapo.parent().outerWidth();\n\t\t\t\t\tvar side            = ( $(window).innerWidth() - container_width ) \/ 2;\n\n\t\t\t\t\t$diapo.css( {\n\t\t\t\t\t\t'margin-left': '-' + side + 'px',\n\t\t\t\t\t\t'margin-right': '-' + side + 'px',\n\t\t\t\t\t} );\n\t\t\t\t};\n\n\t\t\t\t$( window ).resize( function() {\n\t\t\t\t\tmarginPortfolio();\n\t\t\t\t} );\n\t\t\t\tmarginPortfolio();\n\t\t\t});\n\t\t\t<\/script>\n\t\t\t\n\n\n\n<p class=\"wp-block-paragraph\"><\/p>\n","protected":false},"excerpt":{"rendered":"<p>Campsite near Savoie with 3-star facilities Reception Our reception is available to answer any questions you may have about our campsite: From April to September: Open every day from 9:00 a.m. to 12:00 p.m. and from 2:00 p.m. to 7:00 p.m. (10:00 p.m. in July and August) From October to March: We are available by [&hellip;]<\/p>\n","protected":false},"author":1,"featured_media":0,"parent":0,"menu_order":0,"comment_status":"closed","ping_status":"closed","template":"","meta":{"_seopress_robots_primary_cat":"","_seopress_titles_title":"Campsite near Savoie with 3 star services Le Vaugrais","_seopress_titles_desc":"","_seopress_robots_index":"","_crdt_document":"","footnotes":""},"class_list":["post-4820","page","type-page","status-publish","hentry"],"_links":{"self":[{"href":"https:\/\/camping-savoie-levaugrais.com\/en\/wp-json\/wp\/v2\/pages\/4820","targetHints":{"allow":["GET"]}}],"collection":[{"href":"https:\/\/camping-savoie-levaugrais.com\/en\/wp-json\/wp\/v2\/pages"}],"about":[{"href":"https:\/\/camping-savoie-levaugrais.com\/en\/wp-json\/wp\/v2\/types\/page"}],"author":[{"embeddable":true,"href":"https:\/\/camping-savoie-levaugrais.com\/en\/wp-json\/wp\/v2\/users\/1"}],"replies":[{"embeddable":true,"href":"https:\/\/camping-savoie-levaugrais.com\/en\/wp-json\/wp\/v2\/comments?post=4820"}],"version-history":[{"count":11,"href":"https:\/\/camping-savoie-levaugrais.com\/en\/wp-json\/wp\/v2\/pages\/4820\/revisions"}],"predecessor-version":[{"id":17850,"href":"https:\/\/camping-savoie-levaugrais.com\/en\/wp-json\/wp\/v2\/pages\/4820\/revisions\/17850"}],"wp:attachment":[{"href":"https:\/\/camping-savoie-levaugrais.com\/en\/wp-json\/wp\/v2\/media?parent=4820"}],"curies":[{"name":"wp","href":"https:\/\/api.w.org\/{rel}","templated":true}]}}