{"id":4446,"date":"2021-10-08T11:08:08","date_gmt":"2021-10-08T09:08:08","guid":{"rendered":"https:\/\/camping-savoie-levaugrais.com\/nieuwsgierige-familie-ervaring\/de-kleine-ontdekkingsreizigers\/"},"modified":"2025-01-04T11:35:28","modified_gmt":"2025-01-04T10:35:28","slug":"de-kleine-ontdekkingsreizigers","status":"publish","type":"page","link":"https:\/\/camping-savoie-levaugrais.com\/nl\/nieuwsgierige-familie-ervaring\/de-kleine-ontdekkingsreizigers\/","title":{"rendered":"De kleine ontdekkingsreizigers"},"content":{"rendered":"\n<div class=\"wp-block-group\"><div class=\"wp-block-group__inner-container is-layout-flow wp-block-group-is-layout-flow\">\n<h2 class=\"wp-block-heading has-text-align-center\">Wil je leuke tijden delen met je familie?  <\/h2>\n\n\n\n<p class=\"has-text-align-center wp-block-paragraph\">Toegankelijk voor iedereen, kano\u00ebn op de Rh\u00f4ne.<\/p>\n\n\n<div class=\"wp-block-image\">\n<figure class=\"aligncenter size-large is-resized\"><img loading=\"lazy\" decoding=\"async\" width=\"1024\" height=\"576\" src=\"https:\/\/camping-savoie-levaugrais.com\/wp-content\/uploads\/2025\/01\/partez-a-laventure-en-neerlandais-4-1024x576.jpg\" alt=\"\" class=\"wp-image-16126\" style=\"width:277px;height:auto\" srcset=\"https:\/\/camping-savoie-levaugrais.com\/wp-content\/uploads\/2025\/01\/partez-a-laventure-en-neerlandais-4-1024x576.jpg 1024w, https:\/\/camping-savoie-levaugrais.com\/wp-content\/uploads\/2025\/01\/partez-a-laventure-en-neerlandais-4-300x169.jpg 300w, https:\/\/camping-savoie-levaugrais.com\/wp-content\/uploads\/2025\/01\/partez-a-laventure-en-neerlandais-4-768x432.jpg 768w, https:\/\/camping-savoie-levaugrais.com\/wp-content\/uploads\/2025\/01\/partez-a-laventure-en-neerlandais-4-1536x864.jpg 1536w, https:\/\/camping-savoie-levaugrais.com\/wp-content\/uploads\/2025\/01\/partez-a-laventure-en-neerlandais-4.jpg 1920w\" sizes=\"auto, (max-width: 1024px) 100vw, 1024px\" \/><\/figure>\n<\/div>\n\n\n<div class=\"wp-block-media-text is-stacked-on-mobile\"><figure class=\"wp-block-media-text__media\"><img loading=\"lazy\" decoding=\"async\" width=\"1024\" height=\"528\" src=\"https:\/\/camping-savoie-levaugrais.com\/wp-content\/uploads\/2025\/01\/AIN-canoekayak-MC-034-internet-1-1024x528.jpg\" alt=\"\" class=\"wp-image-16131 size-full\" srcset=\"https:\/\/camping-savoie-levaugrais.com\/wp-content\/uploads\/2025\/01\/AIN-canoekayak-MC-034-internet-1-1024x528.jpg 1024w, https:\/\/camping-savoie-levaugrais.com\/wp-content\/uploads\/2025\/01\/AIN-canoekayak-MC-034-internet-1-300x155.jpg 300w, https:\/\/camping-savoie-levaugrais.com\/wp-content\/uploads\/2025\/01\/AIN-canoekayak-MC-034-internet-1-768x396.jpg 768w, https:\/\/camping-savoie-levaugrais.com\/wp-content\/uploads\/2025\/01\/AIN-canoekayak-MC-034-internet-1.jpg 1200w\" sizes=\"auto, (max-width: 1024px) 100vw, 1024px\" \/><\/figure><div class=\"wp-block-media-text__content\">\n<p class=\"has-medium-font-size wp-block-paragraph\"><strong>Prolynx Sport<\/strong>, uw ideale partner voor een onvergetelijk kano- en kajakavontuur, nodigt u uit om de Rh\u00f4ne in een heel nieuw licht te ontdekken.<\/p>\n\n\n\n<p class=\"has-medium-font-size wp-block-paragraph\">Vanaf de basis in Chanaz, op slechts 16 km van de camping, of Seyssel, op 23 km afstand, laat u begeleiden door gepassioneerde professionals die u bij elke stap begeleiden.<\/p>\n\n\n\n<p class=\"has-medium-font-size wp-block-paragraph\">Of je nu kiest voor een tocht van een uur, een volledige dag of een bivak langs de rivier, elke optie is aangepast aan jouw behoeften en uithoudingsvermogen. Geniet van deze unieke onderdompeling in het Natura 2000-reservaat, tussen rust en sereniteit, in alle veiligheid.<\/p>\n\n\n\n<p class=\"has-medium-font-size wp-block-paragraph\">foto credit : @aintourisme<\/p>\n<\/div><\/div>\n\n\n\n<div class=\"wp-block-media-text has-media-on-the-right is-stacked-on-mobile\"><div class=\"wp-block-media-text__content\">\n<p class=\"has-medium-font-size wp-block-paragraph\">Neem je kinderen mee aan boord van een elektrische boot met <strong>Bateau Bleu Canal<\/strong> in Chanaz voor een magische tocht over het kanaal van Savi\u00e8res.<\/p>\n\n\n\n<p class=\"has-medium-font-size wp-block-paragraph\">Laat je wiegen door de zachtheid van het water en bewonder de natuurlijke schoonheid om je heen.<\/p>\n\n\n\n<p class=\"has-medium-font-size wp-block-paragraph\">Onderweg ontdek je een oase van rust voordat je aankomt bij Lac du Bourget, waar je kunt genieten van een verfrissende duik in het kristalheldere water. Een moment van ontspanning, medeplichtigheid en ontdekking om met het gezin te delen, ver van de drukte van alledag.<\/p>\n\n\n\n<p class=\"has-medium-font-size wp-block-paragraph\">photo credit : @bateau bleu kanaal<\/p>\n<\/div><figure class=\"wp-block-media-text__media\"><img loading=\"lazy\" decoding=\"async\" width=\"1024\" height=\"528\" src=\"https:\/\/camping-savoie-levaugrais.com\/wp-content\/uploads\/2025\/01\/bateau-electrique-internet-1-1024x528.jpg\" alt=\"\" class=\"wp-image-16135 size-full\" srcset=\"https:\/\/camping-savoie-levaugrais.com\/wp-content\/uploads\/2025\/01\/bateau-electrique-internet-1-1024x528.jpg 1024w, https:\/\/camping-savoie-levaugrais.com\/wp-content\/uploads\/2025\/01\/bateau-electrique-internet-1-300x155.jpg 300w, https:\/\/camping-savoie-levaugrais.com\/wp-content\/uploads\/2025\/01\/bateau-electrique-internet-1-768x396.jpg 768w, https:\/\/camping-savoie-levaugrais.com\/wp-content\/uploads\/2025\/01\/bateau-electrique-internet-1.jpg 1200w\" sizes=\"auto, (max-width: 1024px) 100vw, 1024px\" \/><\/figure><\/div>\n\n\n\n<div class=\"wp-block-media-text is-stacked-on-mobile\"><figure class=\"wp-block-media-text__media\"><img loading=\"lazy\" decoding=\"async\" width=\"1024\" height=\"528\" src=\"https:\/\/camping-savoie-levaugrais.com\/wp-content\/uploads\/2025\/01\/bateau-canal-internet-1-1024x528.jpg\" alt=\"\" class=\"wp-image-16139 size-full\" srcset=\"https:\/\/camping-savoie-levaugrais.com\/wp-content\/uploads\/2025\/01\/bateau-canal-internet-1-1024x528.jpg 1024w, https:\/\/camping-savoie-levaugrais.com\/wp-content\/uploads\/2025\/01\/bateau-canal-internet-1-300x155.jpg 300w, https:\/\/camping-savoie-levaugrais.com\/wp-content\/uploads\/2025\/01\/bateau-canal-internet-1-768x396.jpg 768w, https:\/\/camping-savoie-levaugrais.com\/wp-content\/uploads\/2025\/01\/bateau-canal-internet-1.jpg 1200w\" sizes=\"auto, (max-width: 1024px) 100vw, 1024px\" \/><\/figure><div class=\"wp-block-media-text__content\">\n<p class=\"has-medium-font-size wp-block-paragraph\">Kom aan boord van een rondvaartboot (<strong>Bateau Canal<\/strong>) voor een uitzonderlijke tocht over het kanaal van Savi\u00e8res. Laat je betoveren door het rustige ritme van het water terwijl je de flora en fauna ontdekt die dit prachtige landschap omringen. <\/p>\n\n\n\n<p class=\"has-medium-font-size wp-block-paragraph\">Bij elke bocht zullen de gidsen hun kennis delen en de natuurlijke schatten van het kanaal onthullen. Een stop bij de sluis is een fascinerend gezicht, een combinatie van techniek en wilde schoonheid. Een perfect moment om te verkennen, te ontspannen en te dromen, met het hele gezin, midden in de natuur.<\/p>\n\n\n\n<p class=\"has-medium-font-size wp-block-paragraph\">photo credit : @Kanaal van Bateau<\/p>\n<\/div><\/div>\n\n\n\t\t\t<div id=\"sevgallery-701685825\" class=\"sev-diaporama sev-diaporama-portfolio\">\n\t\t\t<div class=\"row\">\n\n\t\t\t\n\t\t\t\t\n\t\t\t\t<div class=\"sev-diaporama-portfolio-item col-12 col-lg \">\n\t\t\t\t\t<!--<a href=\"https:\/\/camping-savoie-levaugrais.com\/wp-content\/uploads\/2021\/08\/experience-a-deux.jpg\" data-lightbox=\"sevgallery-701685825\" style=\"background-image: url(https:\/\/camping-savoie-levaugrais.com\/wp-content\/uploads\/2021\/08\/experience-a-deux.jpg)\">-->\n\t\t\t\t\t<a href=\"https:\/\/camping-savoie-levaugrais.com\/wp-content\/uploads\/2021\/08\/experience-a-deux.jpg\" data-lightbox=\"sevgallery-701685825\">\n\t\t\t\t\t\t<img decoding=\"async\" src=\"https:\/\/camping-savoie-levaugrais.com\/wp-content\/uploads\/2021\/08\/experience-a-deux.jpg\" alt=\"\" loading=\"lazy\">\n\t\t\t\t\t<\/a>\n\t\t\t\t<\/div>\n\n\t\t\t\t\n\t\t\t\t\t\t\t\t\t\t\t\n\t\t\t\t\n\t\t\t\t<div class=\"sev-diaporama-portfolio-item col-12 col-lg  col-grow\">\n\t\t\t\t\t<!--<a href=\"https:\/\/camping-savoie-levaugrais.com\/wp-content\/uploads\/2021\/08\/canoe.jpg\" data-lightbox=\"sevgallery-701685825\" style=\"background-image: url(https:\/\/camping-savoie-levaugrais.com\/wp-content\/uploads\/2021\/08\/canoe.jpg)\">-->\n\t\t\t\t\t<a href=\"https:\/\/camping-savoie-levaugrais.com\/wp-content\/uploads\/2021\/08\/canoe.jpg\" data-lightbox=\"sevgallery-701685825\">\n\t\t\t\t\t\t<img decoding=\"async\" src=\"https:\/\/camping-savoie-levaugrais.com\/wp-content\/uploads\/2021\/08\/canoe.jpg\" alt=\"\" loading=\"lazy\">\n\t\t\t\t\t<\/a>\n\t\t\t\t<\/div>\n\n\t\t\t\t\n\t\t\t\t\t\t\t\t\t\t\t\n\t\t\t\t\n\t\t\t\t<div class=\"sev-diaporama-portfolio-item col-12 col-lg  col-shrink\">\n\t\t\t\t\t<!--<a href=\"https:\/\/camping-savoie-levaugrais.com\/wp-content\/uploads\/2021\/09\/SMBT-EB07499-SavoieMontBlanc-Boutet-4000px.jpg\" data-lightbox=\"sevgallery-701685825\" style=\"background-image: url(https:\/\/camping-savoie-levaugrais.com\/wp-content\/uploads\/2021\/09\/SMBT-EB07499-SavoieMontBlanc-Boutet-4000px.jpg)\">-->\n\t\t\t\t\t<a href=\"https:\/\/camping-savoie-levaugrais.com\/wp-content\/uploads\/2021\/09\/SMBT-EB07499-SavoieMontBlanc-Boutet-4000px.jpg\" data-lightbox=\"sevgallery-701685825\">\n\t\t\t\t\t\t<img decoding=\"async\" src=\"https:\/\/camping-savoie-levaugrais.com\/wp-content\/uploads\/2021\/09\/SMBT-EB07499-SavoieMontBlanc-Boutet-4000px.jpg\" alt=\"\" loading=\"lazy\">\n\t\t\t\t\t<\/a>\n\t\t\t\t<\/div>\n\n\t\t\t\t\n\t\t\t\t\t\t\t\t\t\t\t\n\t\t\t\t\n\t\t\t\t<div class=\"sev-diaporama-portfolio-item col-12 col-lg \">\n\t\t\t\t\t<!--<a href=\"https:\/\/camping-savoie-levaugrais.com\/wp-content\/uploads\/2021\/09\/SMBT-SB0056-SavoieMontBlanc-Bijasson-4000px.jpg\" data-lightbox=\"sevgallery-701685825\" style=\"background-image: url(https:\/\/camping-savoie-levaugrais.com\/wp-content\/uploads\/2021\/09\/SMBT-SB0056-SavoieMontBlanc-Bijasson-4000px.jpg)\">-->\n\t\t\t\t\t<a href=\"https:\/\/camping-savoie-levaugrais.com\/wp-content\/uploads\/2021\/09\/SMBT-SB0056-SavoieMontBlanc-Bijasson-4000px.jpg\" data-lightbox=\"sevgallery-701685825\">\n\t\t\t\t\t\t<img decoding=\"async\" src=\"https:\/\/camping-savoie-levaugrais.com\/wp-content\/uploads\/2021\/09\/SMBT-SB0056-SavoieMontBlanc-Bijasson-4000px.jpg\" alt=\"\" loading=\"lazy\">\n\t\t\t\t\t<\/a>\n\t\t\t\t<\/div>\n\n\t\t\t\t\t\t\t\t\t<div class=\"w-100\"><\/div>\n\t\t\t\t\t\t\t\t\t\n\t\t\t\t\t\t\t\t\t\t\t\n\t\t\t\t\n\t\t\t\t<div class=\"sev-diaporama-portfolio-item col-12 col-lg \">\n\t\t\t\t\t<!--<a href=\"https:\/\/camping-savoie-levaugrais.com\/wp-content\/uploads\/2021\/09\/SMBT-SB0057-SavoieMontBlanc-Bijasson-4000px.jpg\" data-lightbox=\"sevgallery-701685825\" style=\"background-image: url(https:\/\/camping-savoie-levaugrais.com\/wp-content\/uploads\/2021\/09\/SMBT-SB0057-SavoieMontBlanc-Bijasson-4000px.jpg)\">-->\n\t\t\t\t\t<a href=\"https:\/\/camping-savoie-levaugrais.com\/wp-content\/uploads\/2021\/09\/SMBT-SB0057-SavoieMontBlanc-Bijasson-4000px.jpg\" data-lightbox=\"sevgallery-701685825\">\n\t\t\t\t\t\t<img decoding=\"async\" src=\"https:\/\/camping-savoie-levaugrais.com\/wp-content\/uploads\/2021\/09\/SMBT-SB0057-SavoieMontBlanc-Bijasson-4000px.jpg\" alt=\"\" loading=\"lazy\">\n\t\t\t\t\t<\/a>\n\t\t\t\t<\/div>\n\n\t\t\t\t\n\t\t\t\t\t\t\t\t\t\t\t\n\t\t\t\t\n\t\t\t\t<div class=\"sev-diaporama-portfolio-item col-12 col-lg  col-grow\">\n\t\t\t\t\t<!--<a href=\"https:\/\/camping-savoie-levaugrais.com\/wp-content\/uploads\/2021\/07\/loisirs-a-deux.jpg\" data-lightbox=\"sevgallery-701685825\" style=\"background-image: url(https:\/\/camping-savoie-levaugrais.com\/wp-content\/uploads\/2021\/07\/loisirs-a-deux.jpg)\">-->\n\t\t\t\t\t<a href=\"https:\/\/camping-savoie-levaugrais.com\/wp-content\/uploads\/2021\/07\/loisirs-a-deux.jpg\" data-lightbox=\"sevgallery-701685825\">\n\t\t\t\t\t\t<img decoding=\"async\" src=\"https:\/\/camping-savoie-levaugrais.com\/wp-content\/uploads\/2021\/07\/loisirs-a-deux.jpg\" alt=\"\" loading=\"lazy\">\n\t\t\t\t\t<\/a>\n\t\t\t\t<\/div>\n\n\t\t\t\t\n\t\t\t\t\t\t\t\t\t\t\t\n\t\t\t\t\n\t\t\t\t<div class=\"sev-diaporama-portfolio-item col-12 col-lg  col-grow\">\n\t\t\t\t\t<!--<a href=\"https:\/\/camping-savoie-levaugrais.com\/wp-content\/uploads\/2021\/07\/experiences-camping.jpg\" data-lightbox=\"sevgallery-701685825\" style=\"background-image: url(https:\/\/camping-savoie-levaugrais.com\/wp-content\/uploads\/2021\/07\/experiences-camping.jpg)\">-->\n\t\t\t\t\t<a href=\"https:\/\/camping-savoie-levaugrais.com\/wp-content\/uploads\/2021\/07\/experiences-camping.jpg\" data-lightbox=\"sevgallery-701685825\">\n\t\t\t\t\t\t<img decoding=\"async\" src=\"https:\/\/camping-savoie-levaugrais.com\/wp-content\/uploads\/2021\/07\/experiences-camping.jpg\" alt=\"\" loading=\"lazy\">\n\t\t\t\t\t<\/a>\n\t\t\t\t<\/div>\n\n\t\t\t\t\n\t\t\t\t\t\t\t\t\t\t\t\n\t\t\t\t\n\t\t\t\t<div class=\"sev-diaporama-portfolio-item col-12 col-lg  col-grow\">\n\t\t\t\t\t<!--<a href=\"https:\/\/camping-savoie-levaugrais.com\/wp-content\/uploads\/2023\/10\/canoe-sur-le-lac-du-bourget-7-site-internet.jpg\" data-lightbox=\"sevgallery-701685825\" style=\"background-image: url(https:\/\/camping-savoie-levaugrais.com\/wp-content\/uploads\/2023\/10\/canoe-sur-le-lac-du-bourget-7-site-internet.jpg)\">-->\n\t\t\t\t\t<a href=\"https:\/\/camping-savoie-levaugrais.com\/wp-content\/uploads\/2023\/10\/canoe-sur-le-lac-du-bourget-7-site-internet.jpg\" data-lightbox=\"sevgallery-701685825\">\n\t\t\t\t\t\t<img decoding=\"async\" src=\"https:\/\/camping-savoie-levaugrais.com\/wp-content\/uploads\/2023\/10\/canoe-sur-le-lac-du-bourget-7-site-internet.jpg\" alt=\"camping le Vaugrais\" loading=\"lazy\">\n\t\t\t\t\t<\/a>\n\t\t\t\t<\/div>\n\n\t\t\t\t\t\t\t\t\t<div class=\"w-100\"><\/div>\n\t\t\t\t\t\t\t\t\t\n\t\t\t\t\t\t\t\t\t\t\t\n\t\t\t\t\n\t\t\t\t<div class=\"sev-diaporama-portfolio-item col-12 col-lg \">\n\t\t\t\t\t<!--<a href=\"https:\/\/camping-savoie-levaugrais.com\/wp-content\/uploads\/2023\/10\/canoe-sur-le-lac-du-bourget-6-site-internet.jpg\" data-lightbox=\"sevgallery-701685825\" style=\"background-image: url(https:\/\/camping-savoie-levaugrais.com\/wp-content\/uploads\/2023\/10\/canoe-sur-le-lac-du-bourget-6-site-internet.jpg)\">-->\n\t\t\t\t\t<a href=\"https:\/\/camping-savoie-levaugrais.com\/wp-content\/uploads\/2023\/10\/canoe-sur-le-lac-du-bourget-6-site-internet.jpg\" data-lightbox=\"sevgallery-701685825\">\n\t\t\t\t\t\t<img decoding=\"async\" src=\"https:\/\/camping-savoie-levaugrais.com\/wp-content\/uploads\/2023\/10\/canoe-sur-le-lac-du-bourget-6-site-internet.jpg\" alt=\"camping le Vaugrais\" loading=\"lazy\">\n\t\t\t\t\t<\/a>\n\t\t\t\t<\/div>\n\n\t\t\t\t\n\t\t\t\t\t\t\t\t\t\t\t\n\t\t\t\t\n\t\t\t\t<div class=\"sev-diaporama-portfolio-item col-12 col-lg \">\n\t\t\t\t\t<!--<a href=\"https:\/\/camping-savoie-levaugrais.com\/wp-content\/uploads\/2023\/10\/canoe-sur-le-lac-du-bourget-5-site-internet.jpg\" data-lightbox=\"sevgallery-701685825\" style=\"background-image: url(https:\/\/camping-savoie-levaugrais.com\/wp-content\/uploads\/2023\/10\/canoe-sur-le-lac-du-bourget-5-site-internet.jpg)\">-->\n\t\t\t\t\t<a href=\"https:\/\/camping-savoie-levaugrais.com\/wp-content\/uploads\/2023\/10\/canoe-sur-le-lac-du-bourget-5-site-internet.jpg\" data-lightbox=\"sevgallery-701685825\">\n\t\t\t\t\t\t<img decoding=\"async\" src=\"https:\/\/camping-savoie-levaugrais.com\/wp-content\/uploads\/2023\/10\/canoe-sur-le-lac-du-bourget-5-site-internet.jpg\" alt=\"camping le Vaugrais\" loading=\"lazy\">\n\t\t\t\t\t<\/a>\n\t\t\t\t<\/div>\n\n\t\t\t\t\n\t\t\t\t\t\t\t\t\t\t\t\n\t\t\t\t\n\t\t\t\t<div class=\"sev-diaporama-portfolio-item col-12 col-lg  col-grow\">\n\t\t\t\t\t<!--<a href=\"https:\/\/camping-savoie-levaugrais.com\/wp-content\/uploads\/2023\/10\/canoe-sur-le-lac-du-bourget-2-site-internet.jpg\" data-lightbox=\"sevgallery-701685825\" style=\"background-image: url(https:\/\/camping-savoie-levaugrais.com\/wp-content\/uploads\/2023\/10\/canoe-sur-le-lac-du-bourget-2-site-internet.jpg)\">-->\n\t\t\t\t\t<a href=\"https:\/\/camping-savoie-levaugrais.com\/wp-content\/uploads\/2023\/10\/canoe-sur-le-lac-du-bourget-2-site-internet.jpg\" data-lightbox=\"sevgallery-701685825\">\n\t\t\t\t\t\t<img decoding=\"async\" src=\"https:\/\/camping-savoie-levaugrais.com\/wp-content\/uploads\/2023\/10\/canoe-sur-le-lac-du-bourget-2-site-internet.jpg\" alt=\"camping le Vaugrais\" loading=\"lazy\">\n\t\t\t\t\t<\/a>\n\t\t\t\t<\/div>\n\n\t\t\t\t\n\t\t\t\t\t\t\t\t\t\t\t\n\t\t\t\t\n\t\t\t\t<div class=\"sev-diaporama-portfolio-item col-12 col-lg  col-shrink\">\n\t\t\t\t\t<!--<a href=\"https:\/\/camping-savoie-levaugrais.com\/wp-content\/uploads\/2023\/10\/canoe-sur-le-lac-du-bourget-1-site-internet.jpg\" data-lightbox=\"sevgallery-701685825\" style=\"background-image: url(https:\/\/camping-savoie-levaugrais.com\/wp-content\/uploads\/2023\/10\/canoe-sur-le-lac-du-bourget-1-site-internet.jpg)\">-->\n\t\t\t\t\t<a href=\"https:\/\/camping-savoie-levaugrais.com\/wp-content\/uploads\/2023\/10\/canoe-sur-le-lac-du-bourget-1-site-internet.jpg\" data-lightbox=\"sevgallery-701685825\">\n\t\t\t\t\t\t<img decoding=\"async\" src=\"https:\/\/camping-savoie-levaugrais.com\/wp-content\/uploads\/2023\/10\/canoe-sur-le-lac-du-bourget-1-site-internet.jpg\" alt=\"camping le Vaugrais\" loading=\"lazy\">\n\t\t\t\t\t<\/a>\n\t\t\t\t<\/div>\n\n\t\t\t\t\t\t\t\t\t<div class=\"w-100\"><\/div>\n\t\t\t\t\t\t\t\t\t\n\t\t\t\t\t\t\t\t\t\t\t\t\t\t<\/div>\n\t\t\t<\/div>\n\n\t\t\t<script>\n\t\t\tjQuery(function($) {\n\n\t\t\t\tvar marginPortfolio = function() {\n\n\t\t\t\t\tvar $diapo          = $('#sevgallery-701685825');\n\t\t\t\t\tvar container_width = $diapo.parent().outerWidth();\n\t\t\t\t\tvar side            = ( $(window).innerWidth() - container_width ) \/ 2;\n\n\t\t\t\t\t$diapo.css( {\n\t\t\t\t\t\t'margin-left': '-' + side + 'px',\n\t\t\t\t\t\t'margin-right': '-' + side + 'px',\n\t\t\t\t\t} );\n\t\t\t\t};\n\n\t\t\t\t$( window ).resize( function() {\n\t\t\t\t\tmarginPortfolio();\n\t\t\t\t} );\n\t\t\t\tmarginPortfolio();\n\t\t\t});\n\t\t\t<\/script>\n\t\t\t\n<\/div><\/div>\n","protected":false},"excerpt":{"rendered":"<p>Wil je leuke tijden delen met je familie? Toegankelijk voor iedereen, kano\u00ebn op de Rh\u00f4ne. Prolynx Sport, uw ideale partner voor een onvergetelijk kano- en kajakavontuur, nodigt u uit om de Rh\u00f4ne in een heel nieuw licht te ontdekken. Vanaf de basis in Chanaz, op slechts 16 km van de camping, of Seyssel, op 23 [&hellip;]<\/p>\n","protected":false},"author":1,"featured_media":0,"parent":4367,"menu_order":0,"comment_status":"closed","ping_status":"closed","template":"","meta":{"_seopress_robots_primary_cat":"","_seopress_titles_title":"Toegankelijk voor iedereen, een kanotocht met het gezin op de Rh\u00f4ne!","_seopress_titles_desc":"","_seopress_robots_index":"","_crdt_document":"","footnotes":""},"class_list":["post-4446","page","type-page","status-publish","hentry"],"_links":{"self":[{"href":"https:\/\/camping-savoie-levaugrais.com\/nl\/wp-json\/wp\/v2\/pages\/4446","targetHints":{"allow":["GET"]}}],"collection":[{"href":"https:\/\/camping-savoie-levaugrais.com\/nl\/wp-json\/wp\/v2\/pages"}],"about":[{"href":"https:\/\/camping-savoie-levaugrais.com\/nl\/wp-json\/wp\/v2\/types\/page"}],"author":[{"embeddable":true,"href":"https:\/\/camping-savoie-levaugrais.com\/nl\/wp-json\/wp\/v2\/users\/1"}],"replies":[{"embeddable":true,"href":"https:\/\/camping-savoie-levaugrais.com\/nl\/wp-json\/wp\/v2\/comments?post=4446"}],"version-history":[{"count":6,"href":"https:\/\/camping-savoie-levaugrais.com\/nl\/wp-json\/wp\/v2\/pages\/4446\/revisions"}],"predecessor-version":[{"id":16641,"href":"https:\/\/camping-savoie-levaugrais.com\/nl\/wp-json\/wp\/v2\/pages\/4446\/revisions\/16641"}],"up":[{"embeddable":true,"href":"https:\/\/camping-savoie-levaugrais.com\/nl\/wp-json\/wp\/v2\/pages\/4367"}],"wp:attachment":[{"href":"https:\/\/camping-savoie-levaugrais.com\/nl\/wp-json\/wp\/v2\/media?parent=4446"}],"curies":[{"name":"wp","href":"https:\/\/api.w.org\/{rel}","templated":true}]}}