{"id":4475,"date":"2021-10-08T11:08:25","date_gmt":"2021-10-08T09:08:25","guid":{"rendered":"https:\/\/camping-savoie-levaugrais.com\/the-grand-dovecote\/"},"modified":"2025-01-02T21:51:47","modified_gmt":"2025-01-02T20:51:47","slug":"the-grand-dovecote","status":"publish","type":"page","link":"https:\/\/camping-savoie-levaugrais.com\/nl\/the-grand-dovecote\/","title":{"rendered":"De Grand Dovecote"},"content":{"rendered":"\n<h2 class=\"wp-block-heading has-text-align-center\">Camping aan de voet van de Col du Colombier<\/h2>\n\n\n<div class=\"wp-block-image\">\n<figure class=\"aligncenter size-large is-resized\"><img loading=\"lazy\" decoding=\"async\" width=\"1024\" height=\"576\" src=\"https:\/\/camping-savoie-levaugrais.com\/wp-content\/uploads\/2025\/01\/partez-a-laventure-en-neerlandais-19-1024x576.jpg\" alt=\"\" class=\"wp-image-16361\" style=\"width:320px;height:auto\" srcset=\"https:\/\/camping-savoie-levaugrais.com\/wp-content\/uploads\/2025\/01\/partez-a-laventure-en-neerlandais-19-1024x576.jpg 1024w, https:\/\/camping-savoie-levaugrais.com\/wp-content\/uploads\/2025\/01\/partez-a-laventure-en-neerlandais-19-300x169.jpg 300w, https:\/\/camping-savoie-levaugrais.com\/wp-content\/uploads\/2025\/01\/partez-a-laventure-en-neerlandais-19-768x432.jpg 768w, https:\/\/camping-savoie-levaugrais.com\/wp-content\/uploads\/2025\/01\/partez-a-laventure-en-neerlandais-19-1536x864.jpg 1536w, https:\/\/camping-savoie-levaugrais.com\/wp-content\/uploads\/2025\/01\/partez-a-laventure-en-neerlandais-19.jpg 1920w\" sizes=\"auto, (max-width: 1024px) 100vw, 1024px\" \/><\/figure>\n<\/div>\n\n\n<p class=\"wp-block-paragraph\">Gelegen op 13 km van de Grand Colombier, vinden rugzaktoeristen, jong en oud, sportievelingen of wandelaars zeker een wandeling binnen hun bereik. U kunt genieten van een 360\u00b0 panorama op de Mont Blanc, het Bauges-massief en het Lac du Bourget.<\/p>\n\n\n\n<p class=\"wp-block-paragraph\">Maar als u besluit <strong>de Col du Colombier met de fiets te beklimmen<\/strong>, langs de kant van Virieu le Petit met hellingen van meer dan 25%, zal zo&#8217;n helling u belonen als u de top bereikt: een adembenemend panorama. In een herberg op de top &#8220;Le Relais du Colombier&#8221; kunt u eten en de heerlijke bosbessentaart ontdekken.<\/p>\n\n\n\n<p class=\"wp-block-paragraph\">De vereniging &#8220;Les F\u00e9l\u00e9s du Colombier&#8221; organiseert elke zaterdag van juni tot september de beklimming van de col per fiets, (de weg is afgesloten voor auto&#8217;s) &#8211; En misschien doet u mee met de F\u00e9l\u00e9s door in \u00e9\u00e9n dag de 4 zijden van de col du Colombier te bedwingen.<\/p>\n\n\n\t\t\t<div id=\"sevgallery-252696415\" class=\"sev-diaporama sev-diaporama-portfolio\">\n\t\t\t<div class=\"row\">\n\n\t\t\t\n\t\t\t\t\n\t\t\t\t<div class=\"sev-diaporama-portfolio-item col-12 col-lg \">\n\t\t\t\t\t<!--<a href=\"https:\/\/camping-savoie-levaugrais.com\/wp-content\/uploads\/2021\/08\/Grand-Colombier.jpg\" data-lightbox=\"sevgallery-252696415\" style=\"background-image: url(https:\/\/camping-savoie-levaugrais.com\/wp-content\/uploads\/2021\/08\/Grand-Colombier.jpg)\">-->\n\t\t\t\t\t<a href=\"https:\/\/camping-savoie-levaugrais.com\/wp-content\/uploads\/2021\/08\/Grand-Colombier.jpg\" data-lightbox=\"sevgallery-252696415\">\n\t\t\t\t\t\t<img decoding=\"async\" src=\"https:\/\/camping-savoie-levaugrais.com\/wp-content\/uploads\/2021\/08\/Grand-Colombier.jpg\" alt=\"\" loading=\"lazy\">\n\t\t\t\t\t<\/a>\n\t\t\t\t<\/div>\n\n\t\t\t\t\n\t\t\t\t\t\t\t\t\t\t\t\n\t\t\t\t\n\t\t\t\t<div class=\"sev-diaporama-portfolio-item col-12 col-lg  col-grow\">\n\t\t\t\t\t<!--<a href=\"https:\/\/camping-savoie-levaugrais.com\/wp-content\/uploads\/2021\/09\/Sommet-Gd-Colombier.jpg\" data-lightbox=\"sevgallery-252696415\" style=\"background-image: url(https:\/\/camping-savoie-levaugrais.com\/wp-content\/uploads\/2021\/09\/Sommet-Gd-Colombier.jpg)\">-->\n\t\t\t\t\t<a href=\"https:\/\/camping-savoie-levaugrais.com\/wp-content\/uploads\/2021\/09\/Sommet-Gd-Colombier.jpg\" data-lightbox=\"sevgallery-252696415\">\n\t\t\t\t\t\t<img decoding=\"async\" src=\"https:\/\/camping-savoie-levaugrais.com\/wp-content\/uploads\/2021\/09\/Sommet-Gd-Colombier.jpg\" alt=\"\" loading=\"lazy\">\n\t\t\t\t\t<\/a>\n\t\t\t\t<\/div>\n\n\t\t\t\t\n\t\t\t\t\t\t\t\t\t\t\t\n\t\t\t\t\n\t\t\t\t<div class=\"sev-diaporama-portfolio-item col-12 col-lg \">\n\t\t\t\t\t<!--<a href=\"https:\/\/camping-savoie-levaugrais.com\/wp-content\/uploads\/2021\/08\/coldugrandcolombier.jpg\" data-lightbox=\"sevgallery-252696415\" style=\"background-image: url(https:\/\/camping-savoie-levaugrais.com\/wp-content\/uploads\/2021\/08\/coldugrandcolombier.jpg)\">-->\n\t\t\t\t\t<a href=\"https:\/\/camping-savoie-levaugrais.com\/wp-content\/uploads\/2021\/08\/coldugrandcolombier.jpg\" data-lightbox=\"sevgallery-252696415\">\n\t\t\t\t\t\t<img decoding=\"async\" src=\"https:\/\/camping-savoie-levaugrais.com\/wp-content\/uploads\/2021\/08\/coldugrandcolombier.jpg\" alt=\"\" loading=\"lazy\">\n\t\t\t\t\t<\/a>\n\t\t\t\t<\/div>\n\n\t\t\t\t\n\t\t\t\t\t\t\t\t\t\t\t\n\t\t\t\t\n\t\t\t\t<div class=\"sev-diaporama-portfolio-item col-12 col-lg \">\n\t\t\t\t\t<!--<a href=\"https:\/\/camping-savoie-levaugrais.com\/wp-content\/uploads\/2021\/07\/AIN-randoGrandColombier-MC-028.jpg_800.jpg\" data-lightbox=\"sevgallery-252696415\" style=\"background-image: url(https:\/\/camping-savoie-levaugrais.com\/wp-content\/uploads\/2021\/07\/AIN-randoGrandColombier-MC-028.jpg_800.jpg)\">-->\n\t\t\t\t\t<a href=\"https:\/\/camping-savoie-levaugrais.com\/wp-content\/uploads\/2021\/07\/AIN-randoGrandColombier-MC-028.jpg_800.jpg\" data-lightbox=\"sevgallery-252696415\">\n\t\t\t\t\t\t<img decoding=\"async\" src=\"https:\/\/camping-savoie-levaugrais.com\/wp-content\/uploads\/2021\/07\/AIN-randoGrandColombier-MC-028.jpg_800.jpg\" alt=\"\" loading=\"lazy\">\n\t\t\t\t\t<\/a>\n\t\t\t\t<\/div>\n\n\t\t\t\t\t\t\t\t\t<div class=\"w-100\"><\/div>\n\t\t\t\t\t\t\t\t\t\n\t\t\t\t\t\t\t\t\t\t\t\n\t\t\t\t\n\t\t\t\t<div class=\"sev-diaporama-portfolio-item col-12 col-lg \">\n\t\t\t\t\t<!--<a href=\"https:\/\/camping-savoie-levaugrais.com\/wp-content\/uploads\/2021\/07\/AIN-randoGrandColombier-MC-032.jpg_800.jpg\" data-lightbox=\"sevgallery-252696415\" style=\"background-image: url(https:\/\/camping-savoie-levaugrais.com\/wp-content\/uploads\/2021\/07\/AIN-randoGrandColombier-MC-032.jpg_800.jpg)\">-->\n\t\t\t\t\t<a href=\"https:\/\/camping-savoie-levaugrais.com\/wp-content\/uploads\/2021\/07\/AIN-randoGrandColombier-MC-032.jpg_800.jpg\" data-lightbox=\"sevgallery-252696415\">\n\t\t\t\t\t\t<img decoding=\"async\" src=\"https:\/\/camping-savoie-levaugrais.com\/wp-content\/uploads\/2021\/07\/AIN-randoGrandColombier-MC-032.jpg_800.jpg\" alt=\"\" loading=\"lazy\">\n\t\t\t\t\t<\/a>\n\t\t\t\t<\/div>\n\n\t\t\t\t\n\t\t\t\t\t\t\t\t\t\t\t\n\t\t\t\t\n\t\t\t\t<div class=\"sev-diaporama-portfolio-item col-12 col-lg \">\n\t\t\t\t\t<!--<a href=\"https:\/\/camping-savoie-levaugrais.com\/wp-content\/uploads\/2023\/10\/IMG_6132web1-site-internet.jpg\" data-lightbox=\"sevgallery-252696415\" style=\"background-image: url(https:\/\/camping-savoie-levaugrais.com\/wp-content\/uploads\/2023\/10\/IMG_6132web1-site-internet.jpg)\">-->\n\t\t\t\t\t<a href=\"https:\/\/camping-savoie-levaugrais.com\/wp-content\/uploads\/2023\/10\/IMG_6132web1-site-internet.jpg\" data-lightbox=\"sevgallery-252696415\">\n\t\t\t\t\t\t<img decoding=\"async\" src=\"https:\/\/camping-savoie-levaugrais.com\/wp-content\/uploads\/2023\/10\/IMG_6132web1-site-internet.jpg\" alt=\"Le Vaugrais - camping nature\" loading=\"lazy\">\n\t\t\t\t\t<\/a>\n\t\t\t\t<\/div>\n\n\t\t\t\t\n\t\t\t\t\t\t\t\t\t\t\t\n\t\t\t\t\n\t\t\t\t<div class=\"sev-diaporama-portfolio-item col-12 col-lg  col-shrink\">\n\t\t\t\t\t<!--<a href=\"https:\/\/camping-savoie-levaugrais.com\/wp-content\/uploads\/2023\/10\/IMG_6154-site-internet.jpg\" data-lightbox=\"sevgallery-252696415\" style=\"background-image: url(https:\/\/camping-savoie-levaugrais.com\/wp-content\/uploads\/2023\/10\/IMG_6154-site-internet.jpg)\">-->\n\t\t\t\t\t<a href=\"https:\/\/camping-savoie-levaugrais.com\/wp-content\/uploads\/2023\/10\/IMG_6154-site-internet.jpg\" data-lightbox=\"sevgallery-252696415\">\n\t\t\t\t\t\t<img decoding=\"async\" src=\"https:\/\/camping-savoie-levaugrais.com\/wp-content\/uploads\/2023\/10\/IMG_6154-site-internet.jpg\" alt=\"Le Vaugrais - camping nature\" loading=\"lazy\">\n\t\t\t\t\t<\/a>\n\t\t\t\t<\/div>\n\n\t\t\t\t\n\t\t\t\t\t\t\t\t\t\t\t\n\t\t\t\t\n\t\t\t\t<div class=\"sev-diaporama-portfolio-item col-12 col-lg \">\n\t\t\t\t\t<!--<a href=\"https:\/\/camping-savoie-levaugrais.com\/wp-content\/uploads\/2023\/10\/IMG_6152web1-site-internet.jpg\" data-lightbox=\"sevgallery-252696415\" style=\"background-image: url(https:\/\/camping-savoie-levaugrais.com\/wp-content\/uploads\/2023\/10\/IMG_6152web1-site-internet.jpg)\">-->\n\t\t\t\t\t<a href=\"https:\/\/camping-savoie-levaugrais.com\/wp-content\/uploads\/2023\/10\/IMG_6152web1-site-internet.jpg\" data-lightbox=\"sevgallery-252696415\">\n\t\t\t\t\t\t<img decoding=\"async\" src=\"https:\/\/camping-savoie-levaugrais.com\/wp-content\/uploads\/2023\/10\/IMG_6152web1-site-internet.jpg\" alt=\"Le Vaugrais - camping nature\" loading=\"lazy\">\n\t\t\t\t\t<\/a>\n\t\t\t\t<\/div>\n\n\t\t\t\t\t\t\t\t\t<div class=\"w-100\"><\/div>\n\t\t\t\t\t\t\t\t\t\n\t\t\t\t\t\t\t\t\t\t\t\n\t\t\t\t\n\t\t\t\t<div class=\"sev-diaporama-portfolio-item col-12 col-lg \">\n\t\t\t\t\t<!--<a href=\"https:\/\/camping-savoie-levaugrais.com\/wp-content\/uploads\/2023\/10\/IMG_6151web1-site-internet.jpg\" data-lightbox=\"sevgallery-252696415\" style=\"background-image: url(https:\/\/camping-savoie-levaugrais.com\/wp-content\/uploads\/2023\/10\/IMG_6151web1-site-internet.jpg)\">-->\n\t\t\t\t\t<a href=\"https:\/\/camping-savoie-levaugrais.com\/wp-content\/uploads\/2023\/10\/IMG_6151web1-site-internet.jpg\" data-lightbox=\"sevgallery-252696415\">\n\t\t\t\t\t\t<img decoding=\"async\" src=\"https:\/\/camping-savoie-levaugrais.com\/wp-content\/uploads\/2023\/10\/IMG_6151web1-site-internet.jpg\" alt=\"Le Vaugrais - camping nature\" loading=\"lazy\">\n\t\t\t\t\t<\/a>\n\t\t\t\t<\/div>\n\n\t\t\t\t\n\t\t\t\t\t\t\t\t\t\t\t\n\t\t\t\t\n\t\t\t\t<div class=\"sev-diaporama-portfolio-item col-12 col-lg  col-grow\">\n\t\t\t\t\t<!--<a href=\"https:\/\/camping-savoie-levaugrais.com\/wp-content\/uploads\/2023\/10\/IMG_6147-site-internet.jpg\" data-lightbox=\"sevgallery-252696415\" style=\"background-image: url(https:\/\/camping-savoie-levaugrais.com\/wp-content\/uploads\/2023\/10\/IMG_6147-site-internet.jpg)\">-->\n\t\t\t\t\t<a href=\"https:\/\/camping-savoie-levaugrais.com\/wp-content\/uploads\/2023\/10\/IMG_6147-site-internet.jpg\" data-lightbox=\"sevgallery-252696415\">\n\t\t\t\t\t\t<img decoding=\"async\" src=\"https:\/\/camping-savoie-levaugrais.com\/wp-content\/uploads\/2023\/10\/IMG_6147-site-internet.jpg\" alt=\"Le Vaugrais - camping nature\" loading=\"lazy\">\n\t\t\t\t\t<\/a>\n\t\t\t\t<\/div>\n\n\t\t\t\t\n\t\t\t\t\t\t\t\t\t\t\t\n\t\t\t\t\n\t\t\t\t<div class=\"sev-diaporama-portfolio-item col-12 col-lg  col-shrink\">\n\t\t\t\t\t<!--<a href=\"https:\/\/camping-savoie-levaugrais.com\/wp-content\/uploads\/2023\/10\/IMG_6143web1-site-internet.jpg\" data-lightbox=\"sevgallery-252696415\" style=\"background-image: url(https:\/\/camping-savoie-levaugrais.com\/wp-content\/uploads\/2023\/10\/IMG_6143web1-site-internet.jpg)\">-->\n\t\t\t\t\t<a href=\"https:\/\/camping-savoie-levaugrais.com\/wp-content\/uploads\/2023\/10\/IMG_6143web1-site-internet.jpg\" data-lightbox=\"sevgallery-252696415\">\n\t\t\t\t\t\t<img decoding=\"async\" src=\"https:\/\/camping-savoie-levaugrais.com\/wp-content\/uploads\/2023\/10\/IMG_6143web1-site-internet.jpg\" alt=\"Le Vaugrais - camping nature\" loading=\"lazy\">\n\t\t\t\t\t<\/a>\n\t\t\t\t<\/div>\n\n\t\t\t\t\n\t\t\t\t\t\t\t\t\t\t\t\n\t\t\t\t\n\t\t\t\t<div class=\"sev-diaporama-portfolio-item col-12 col-lg \">\n\t\t\t\t\t<!--<a href=\"https:\/\/camping-savoie-levaugrais.com\/wp-content\/uploads\/2023\/10\/IMG_6175web1-site-internet.jpg\" data-lightbox=\"sevgallery-252696415\" style=\"background-image: url(https:\/\/camping-savoie-levaugrais.com\/wp-content\/uploads\/2023\/10\/IMG_6175web1-site-internet.jpg)\">-->\n\t\t\t\t\t<a href=\"https:\/\/camping-savoie-levaugrais.com\/wp-content\/uploads\/2023\/10\/IMG_6175web1-site-internet.jpg\" data-lightbox=\"sevgallery-252696415\">\n\t\t\t\t\t\t<img decoding=\"async\" src=\"https:\/\/camping-savoie-levaugrais.com\/wp-content\/uploads\/2023\/10\/IMG_6175web1-site-internet.jpg\" alt=\"Le Vaugrais - camping nature\" loading=\"lazy\">\n\t\t\t\t\t<\/a>\n\t\t\t\t<\/div>\n\n\t\t\t\t\t\t\t\t\t<div class=\"w-100\"><\/div>\n\t\t\t\t\t\t\t\t\t\n\t\t\t\t\t\t\t\t\t\t\t\n\t\t\t\t\n\t\t\t\t<div class=\"sev-diaporama-portfolio-item col-12 col-lg \">\n\t\t\t\t\t<!--<a href=\"https:\/\/camping-savoie-levaugrais.com\/wp-content\/uploads\/2023\/10\/IMG_6133-site-internet.jpg\" data-lightbox=\"sevgallery-252696415\" style=\"background-image: url(https:\/\/camping-savoie-levaugrais.com\/wp-content\/uploads\/2023\/10\/IMG_6133-site-internet.jpg)\">-->\n\t\t\t\t\t<a href=\"https:\/\/camping-savoie-levaugrais.com\/wp-content\/uploads\/2023\/10\/IMG_6133-site-internet.jpg\" data-lightbox=\"sevgallery-252696415\">\n\t\t\t\t\t\t<img decoding=\"async\" src=\"https:\/\/camping-savoie-levaugrais.com\/wp-content\/uploads\/2023\/10\/IMG_6133-site-internet.jpg\" alt=\"Le Vaugrais - camping nature\" loading=\"lazy\">\n\t\t\t\t\t<\/a>\n\t\t\t\t<\/div>\n\n\t\t\t\t\n\t\t\t\t\t\t\t\t\t\t\t\n\t\t\t\t\n\t\t\t\t<div class=\"sev-diaporama-portfolio-item col-12 col-lg  col-grow\">\n\t\t\t\t\t<!--<a href=\"https:\/\/camping-savoie-levaugrais.com\/wp-content\/uploads\/2023\/10\/IMG_6130-site-internet.jpg\" data-lightbox=\"sevgallery-252696415\" style=\"background-image: url(https:\/\/camping-savoie-levaugrais.com\/wp-content\/uploads\/2023\/10\/IMG_6130-site-internet.jpg)\">-->\n\t\t\t\t\t<a href=\"https:\/\/camping-savoie-levaugrais.com\/wp-content\/uploads\/2023\/10\/IMG_6130-site-internet.jpg\" data-lightbox=\"sevgallery-252696415\">\n\t\t\t\t\t\t<img decoding=\"async\" src=\"https:\/\/camping-savoie-levaugrais.com\/wp-content\/uploads\/2023\/10\/IMG_6130-site-internet.jpg\" alt=\"Le Vaugrais - camping nature\" loading=\"lazy\">\n\t\t\t\t\t<\/a>\n\t\t\t\t<\/div>\n\n\t\t\t\t\n\t\t\t\t\t\t\t\t\t\t\t\n\t\t\t\t\n\t\t\t\t<div class=\"sev-diaporama-portfolio-item col-12 col-lg  col-grow\">\n\t\t\t\t\t<!--<a href=\"https:\/\/camping-savoie-levaugrais.com\/wp-content\/uploads\/2023\/10\/IMG_6141web1-site-internet.jpg\" data-lightbox=\"sevgallery-252696415\" style=\"background-image: url(https:\/\/camping-savoie-levaugrais.com\/wp-content\/uploads\/2023\/10\/IMG_6141web1-site-internet.jpg)\">-->\n\t\t\t\t\t<a href=\"https:\/\/camping-savoie-levaugrais.com\/wp-content\/uploads\/2023\/10\/IMG_6141web1-site-internet.jpg\" data-lightbox=\"sevgallery-252696415\">\n\t\t\t\t\t\t<img decoding=\"async\" src=\"https:\/\/camping-savoie-levaugrais.com\/wp-content\/uploads\/2023\/10\/IMG_6141web1-site-internet.jpg\" alt=\"Le Vaugrais - camping nature\" loading=\"lazy\">\n\t\t\t\t\t<\/a>\n\t\t\t\t<\/div>\n\n\t\t\t\t\n\t\t\t\t\t\t\t\t\t\t\t\t\t\t<\/div>\n\t\t\t<\/div>\n\n\t\t\t<script>\n\t\t\tjQuery(function($) {\n\n\t\t\t\tvar marginPortfolio = function() {\n\n\t\t\t\t\tvar $diapo          = $('#sevgallery-252696415');\n\t\t\t\t\tvar container_width = $diapo.parent().outerWidth();\n\t\t\t\t\tvar side            = ( $(window).innerWidth() - container_width ) \/ 2;\n\n\t\t\t\t\t$diapo.css( {\n\t\t\t\t\t\t'margin-left': '-' + side + 'px',\n\t\t\t\t\t\t'margin-right': '-' + side + 'px',\n\t\t\t\t\t} );\n\t\t\t\t};\n\n\t\t\t\t$( window ).resize( function() {\n\t\t\t\t\tmarginPortfolio();\n\t\t\t\t} );\n\t\t\t\tmarginPortfolio();\n\t\t\t});\n\t\t\t<\/script>\n\t\t\t\n","protected":false},"excerpt":{"rendered":"<p>Camping aan de voet van de Col du Colombier Gelegen op 13 km van de Grand Colombier, vinden rugzaktoeristen, jong en oud, sportievelingen of wandelaars zeker een wandeling binnen hun bereik. U kunt genieten van een 360\u00b0 panorama op de Mont Blanc, het Bauges-massief en het Lac du Bourget. Maar als u besluit de Col [&hellip;]<\/p>\n","protected":false},"author":1,"featured_media":0,"parent":0,"menu_order":0,"comment_status":"closed","ping_status":"closed","template":"","meta":{"_seopress_robots_primary_cat":"","_seopress_titles_title":"3 sterren camping le Vaugrais aan de voet van de Col du Colombier","_seopress_titles_desc":"","_seopress_robots_index":"","_crdt_document":"","footnotes":""},"class_list":["post-4475","page","type-page","status-publish","hentry"],"_links":{"self":[{"href":"https:\/\/camping-savoie-levaugrais.com\/nl\/wp-json\/wp\/v2\/pages\/4475","targetHints":{"allow":["GET"]}}],"collection":[{"href":"https:\/\/camping-savoie-levaugrais.com\/nl\/wp-json\/wp\/v2\/pages"}],"about":[{"href":"https:\/\/camping-savoie-levaugrais.com\/nl\/wp-json\/wp\/v2\/types\/page"}],"author":[{"embeddable":true,"href":"https:\/\/camping-savoie-levaugrais.com\/nl\/wp-json\/wp\/v2\/users\/1"}],"replies":[{"embeddable":true,"href":"https:\/\/camping-savoie-levaugrais.com\/nl\/wp-json\/wp\/v2\/comments?post=4475"}],"version-history":[{"count":4,"href":"https:\/\/camping-savoie-levaugrais.com\/nl\/wp-json\/wp\/v2\/pages\/4475\/revisions"}],"predecessor-version":[{"id":16366,"href":"https:\/\/camping-savoie-levaugrais.com\/nl\/wp-json\/wp\/v2\/pages\/4475\/revisions\/16366"}],"wp:attachment":[{"href":"https:\/\/camping-savoie-levaugrais.com\/nl\/wp-json\/wp\/v2\/media?parent=4475"}],"curies":[{"name":"wp","href":"https:\/\/api.w.org\/{rel}","templated":true}]}}