{"id":4546,"date":"2021-10-08T11:09:01","date_gmt":"2021-10-08T09:09:01","guid":{"rendered":"https:\/\/camping-savoie-levaugrais.com\/onze-labels\/"},"modified":"2025-11-10T19:47:19","modified_gmt":"2025-11-10T18:47:19","slug":"onze-labels","status":"publish","type":"page","link":"https:\/\/camping-savoie-levaugrais.com\/nl\/onze-labels\/","title":{"rendered":"Onze Waarden"},"content":{"rendered":"<div class=\"wp-block-image\">\n<figure class=\"aligncenter size-large is-resized\"><img loading=\"lazy\" decoding=\"async\" width=\"1024\" height=\"576\" src=\"https:\/\/camping-savoie-levaugrais.com\/wp-content\/uploads\/2025\/01\/des-vacances-eco-responsables-en-neerlandais-1024x576.jpg\" alt=\"\" class=\"wp-image-16316\" style=\"width:320px;height:auto\" srcset=\"https:\/\/camping-savoie-levaugrais.com\/wp-content\/uploads\/2025\/01\/des-vacances-eco-responsables-en-neerlandais-1024x576.jpg 1024w, https:\/\/camping-savoie-levaugrais.com\/wp-content\/uploads\/2025\/01\/des-vacances-eco-responsables-en-neerlandais-300x169.jpg 300w, https:\/\/camping-savoie-levaugrais.com\/wp-content\/uploads\/2025\/01\/des-vacances-eco-responsables-en-neerlandais-768x432.jpg 768w, https:\/\/camping-savoie-levaugrais.com\/wp-content\/uploads\/2025\/01\/des-vacances-eco-responsables-en-neerlandais-1536x864.jpg 1536w, https:\/\/camping-savoie-levaugrais.com\/wp-content\/uploads\/2025\/01\/des-vacances-eco-responsables-en-neerlandais.jpg 1920w\" sizes=\"auto, (max-width: 1024px) 100vw, 1024px\" \/><\/figure>\n<\/div>\n\n\n<div class=\"wp-block-media-text is-stacked-on-mobile\"><figure class=\"wp-block-media-text__media\"><img loading=\"lazy\" decoding=\"async\" width=\"1200\" height=\"800\" src=\"https:\/\/camping-savoie-levaugrais.com\/wp-content\/uploads\/2025\/11\/helen-pierre-gerants-camping-le-vaugrais-randonnee.jpg.webp\" alt=\"H\u00e9l\u00e8ne et Pierre, g\u00e9rants du camping Le Vaugrais. Photo prise lors d'une randonn\u00e9e pr\u00e8s du camping.\" class=\"wp-image-17745 size-full\"\/><\/figure><div class=\"wp-block-media-text__content\">\n<p class=\"wp-block-paragraph\"><strong>Onze filosofie<\/strong><\/p>\n\n\n\n<p class=\"wp-block-paragraph\">Bij Au Vaugrais telt elk moment. Hier bent u geen nummer, maar een lid van onze grote familie.<\/p>\n\n\n\n<p class=\"wp-block-paragraph\">H\u00e9l\u00e8ne en Pierre, de eigenaars, zetten zich volledig in om u een echte, gezellige vakantie te bezorgen, waarbij elk detail belangrijk is.<br>In onze kleine structuur staan nabijheid en kwaliteit voorop: een warm welkom, een luisterend oor en aandacht voor iedereen.<\/p>\n\n\n\n<p class=\"wp-block-paragraph\">Geen stress, alleen oprechte glimlachen, tijd voor uzelf en herinneringen die blijven.<\/p>\n\n\n\n<p class=\"wp-block-paragraph\"><\/p>\n<\/div><\/div>\n\n\n\n<div class=\"wp-block-media-text has-media-on-the-right is-stacked-on-mobile\"><div class=\"wp-block-media-text__content\">\n<p class=\"wp-block-paragraph\"><strong>Verlichting op de camping:<\/strong><\/p>\n\n\n\n<p class=\"wp-block-paragraph\">Alle buitenverlichting op onze camping werkt op zonne-energie, omdat we vinden dat de natuur moet schijnen zonder dat dit ten koste gaat van je energiebudget! Dankzij deze ecologische oplossing kun je genieten van gezellige verlichte avonden terwijl je het milieu beschermt. Het is onze manier om te zeggen dat we ook &#8217;s nachts verantwoordelijk zijn. Dus laat de sterren hun werk doen terwijl onze straatlantaarns hun werk doen! In de sanitairgebouwen en in al onze accommodaties is de verlichting LED.<\/p>\n<\/div><figure class=\"wp-block-media-text__media\"><img loading=\"lazy\" decoding=\"async\" width=\"1024\" height=\"683\" src=\"https:\/\/camping-savoie-levaugrais.com\/wp-content\/uploads\/2024\/10\/IMG_2010-retouche-1024x683.jpg\" alt=\"fleur\" class=\"wp-image-13701 size-full\" srcset=\"https:\/\/camping-savoie-levaugrais.com\/wp-content\/uploads\/2024\/10\/IMG_2010-retouche-1024x683.jpg 1024w, https:\/\/camping-savoie-levaugrais.com\/wp-content\/uploads\/2024\/10\/IMG_2010-retouche-300x200.jpg 300w, https:\/\/camping-savoie-levaugrais.com\/wp-content\/uploads\/2024\/10\/IMG_2010-retouche-768x512.jpg 768w, https:\/\/camping-savoie-levaugrais.com\/wp-content\/uploads\/2024\/10\/IMG_2010-retouche-1536x1024.jpg 1536w, https:\/\/camping-savoie-levaugrais.com\/wp-content\/uploads\/2024\/10\/IMG_2010-retouche-2048x1365.jpg 2048w\" sizes=\"auto, (max-width: 1024px) 100vw, 1024px\" \/><\/figure><\/div>\n\n\n\n<div class=\"wp-block-media-text is-stacked-on-mobile\"><figure class=\"wp-block-media-text__media\"><img loading=\"lazy\" decoding=\"async\" width=\"1024\" height=\"528\" src=\"https:\/\/camping-savoie-levaugrais.com\/wp-content\/uploads\/2024\/10\/IMG_2170-retouche-internet-1024x528.jpg\" alt=\"emplacements\" class=\"wp-image-13723 size-full\" srcset=\"https:\/\/camping-savoie-levaugrais.com\/wp-content\/uploads\/2024\/10\/IMG_2170-retouche-internet-1024x528.jpg 1024w, https:\/\/camping-savoie-levaugrais.com\/wp-content\/uploads\/2024\/10\/IMG_2170-retouche-internet-300x155.jpg 300w, https:\/\/camping-savoie-levaugrais.com\/wp-content\/uploads\/2024\/10\/IMG_2170-retouche-internet-768x396.jpg 768w, https:\/\/camping-savoie-levaugrais.com\/wp-content\/uploads\/2024\/10\/IMG_2170-retouche-internet.jpg 1200w\" sizes=\"auto, (max-width: 1024px) 100vw, 1024px\" \/><\/figure><div class=\"wp-block-media-text__content\">\n<p class=\"wp-block-paragraph\"><strong>Snoeien op de camping:<\/strong><\/p>\n\n\n\n<p class=\"wp-block-paragraph\">Onze camping heeft een prachtig bladerdak en biedt een zeer gewaardeerde natuurlijke omgeving dankzij onze grote bomen. Elke winter snoeit en onderhoudt Pierre de bomen. Een professionele snoeier inspecteert de morfologie van de bomen en verwijdert de gevaarlijkste takken om de veiligheid te garanderen. De versnipperde takken worden gebruikt als mulch voor bomen, struiken en bloemperken. Dit voorkomt de verspreiding van onkruid en houdt de bodem vochtig. Wij zetten ons in voor een respectvol beheer van ons milieu.<\/p>\n<\/div><\/div>\n\n\n\n<p class=\"wp-block-paragraph\"><\/p>\n\n\n\n<div class=\"wp-block-media-text has-media-on-the-right is-stacked-on-mobile\"><div class=\"wp-block-media-text__content\">\n<p class=\"wp-block-paragraph\"><strong>Mulchen op de camping:<\/strong><\/p>\n\n\n\n<p class=\"wp-block-paragraph\">Ik ben blij jullie te kunnen informeren dat ik sinds 2024 mijn gazon mulch, wat een verstandige, economische en ecologische manier van maaien is. Door regelmatig te maaien, hoef ik niet meer heen en weer om de grasbak te legen. Het gemaaide gras werkt als een natuurlijke meststof en verrijkt de grond. Dankzij mulchen kunnen we allemaal bijdragen aan duurzaam tuinieren met respect voor de natuur.<\/p>\n<\/div><figure class=\"wp-block-media-text__media\"><img loading=\"lazy\" decoding=\"async\" width=\"1024\" height=\"528\" src=\"https:\/\/camping-savoie-levaugrais.com\/wp-content\/uploads\/2024\/10\/IMG_2354-retouche-internet-1-1024x528.jpg\" alt=\"emplacement caravane\" class=\"wp-image-13696 size-full\" srcset=\"https:\/\/camping-savoie-levaugrais.com\/wp-content\/uploads\/2024\/10\/IMG_2354-retouche-internet-1-1024x528.jpg 1024w, https:\/\/camping-savoie-levaugrais.com\/wp-content\/uploads\/2024\/10\/IMG_2354-retouche-internet-1-300x155.jpg 300w, https:\/\/camping-savoie-levaugrais.com\/wp-content\/uploads\/2024\/10\/IMG_2354-retouche-internet-1-768x396.jpg 768w, https:\/\/camping-savoie-levaugrais.com\/wp-content\/uploads\/2024\/10\/IMG_2354-retouche-internet-1.jpg 1200w\" sizes=\"auto, (max-width: 1024px) 100vw, 1024px\" \/><\/figure><\/div>\n\n\n\n<p class=\"wp-block-paragraph\"><\/p>\n\n\n\n<p class=\"wp-block-paragraph\"><\/p>\n\n\n\n<p class=\"wp-block-paragraph\"><\/p>\n\n\n\n<p class=\"wp-block-paragraph\"><\/p>\n\n\n<div class=\"wp-block-image\">\n<figure class=\"aligncenter size-full\"><img loading=\"lazy\" decoding=\"async\" width=\"600\" height=\"400\" src=\"https:\/\/camping-savoie-levaugrais.com\/wp-content\/uploads\/2025\/11\/logo-camping-qualite-retouche-site-internet-ok-1.webp\" alt=\"Logo Camping Qualit\u00e9 certifiant l'engagement du camping Le Vaugrais pour un service de qualit\u00e9 et une exp\u00e9rience authentique.\" class=\"wp-image-17694\"\/><\/figure>\n<\/div>\n\n\n<p class=\"has-text-align-center wp-block-paragraph\">Door een kwaliteitscamping te kiezen, ben je zeker van een geslaagde vakantie.<\/p>\n\n\n\n<p class=\"has-text-align-center wp-block-paragraph\"><\/p>\n\n\n\n<p class=\"wp-block-paragraph\"><strong>een warm welkom:<\/strong><\/p>\n\n\n\n<p class=\"wp-block-paragraph\">De manager en zijn hele team besteden bijzondere aandacht aan gastvrijheid, beschikbaarheid, attentheid en effici\u00ebntie. Zij dragen bij tot een rustig, aangenaam en gezellig verblijf.<\/p>\n\n\n\n<p class=\"wp-block-paragraph\"><strong>onberispelijke netheid<\/strong><\/p>\n\n\n\n<p class=\"wp-block-paragraph\">Tijdens de hele openingsperiode zijn netheid en hygi\u00ebne op de hele camping gegarandeerd. Van de receptie tot het zwembad, en niet te vergeten de toiletten en de gangpaden van de camping, alles is onberispelijk.<\/p>\n\n\n\n<p class=\"wp-block-paragraph\"><strong>correcte en waarheidsgetrouwe informatie<\/strong><\/p>\n\n\n\n<p class=\"wp-block-paragraph\">De campingbeheerder geeft volledige, duidelijke en nauwkeurige informatie over zijn etablissement: een nauwkeurige beschrijving van de voorzieningen, openingstijden en periodes van de receptie, de verschillende diensten en activiteiten. De prijzen worden duidelijk vermeld en strikt toegepast.<\/p>\n\n\n\n<p class=\"wp-block-paragraph\"><strong>een eigen, goed onderhouden staanplaats<\/strong><\/p>\n\n\n\n<p class=\"wp-block-paragraph\">De campingbeheerder neemt alle nodige maatregelen om ervoor te zorgen dat je staanplaats priv\u00e9 en zo rustig mogelijk is. De kampeerplaats is smaakvol en esthetisch ontworpen om te passen in het terrein en de omgeving.<\/p>\n\n\n\n<p class=\"wp-block-paragraph\"><strong>een omgeving die gewaardeerd en gerespecteerd wordt<\/strong><\/p>\n\n\n\n<p class=\"wp-block-paragraph\">Campingbeheerders zetten zich in voor het behoud van de natuur en het milieu en voor de ontwikkeling van hun campings met respect, bescherming en het zoeken naar passende milieuoplossingen. Zo dragen ze bij aan het behoud van een steeds meer bedreigd milieu.<\/p>\n\n\n\n<p class=\"wp-block-paragraph\"><strong>Een duidelijk engagement voor eco-verantwoordelijkheid<\/strong><\/p>\n\n\n\n<p class=\"wp-block-paragraph\">De campingbeheerder runt zijn etablissement op een duurzame en ecologisch verantwoorde manier. Er worden ecologische en milieuvriendelijke oplossingen gebruikt voor de camping: afvalbeheer, energieverbruik, waterbeheer en intern: communicatie, betrokkenheid bij het lokale leven, enz.<\/p>\n","protected":false},"excerpt":{"rendered":"<p>Onze filosofie Bij Au Vaugrais telt elk moment. Hier bent u geen nummer, maar een lid van onze grote familie. H\u00e9l\u00e8ne en Pierre, de eigenaars, zetten zich volledig in om u een echte, gezellige vakantie te bezorgen, waarbij elk detail belangrijk is.In onze kleine structuur staan nabijheid en kwaliteit voorop: een warm welkom, een luisterend [&hellip;]<\/p>\n","protected":false},"author":1,"featured_media":0,"parent":0,"menu_order":0,"comment_status":"closed","ping_status":"closed","template":"","meta":{"_seopress_robots_primary_cat":"","_seopress_titles_title":"De kwaliteitslabels Toerisme en Green Key van de camping","_seopress_titles_desc":"","_seopress_robots_index":"","_crdt_document":"","footnotes":""},"class_list":["post-4546","page","type-page","status-publish","hentry"],"_links":{"self":[{"href":"https:\/\/camping-savoie-levaugrais.com\/nl\/wp-json\/wp\/v2\/pages\/4546","targetHints":{"allow":["GET"]}}],"collection":[{"href":"https:\/\/camping-savoie-levaugrais.com\/nl\/wp-json\/wp\/v2\/pages"}],"about":[{"href":"https:\/\/camping-savoie-levaugrais.com\/nl\/wp-json\/wp\/v2\/types\/page"}],"author":[{"embeddable":true,"href":"https:\/\/camping-savoie-levaugrais.com\/nl\/wp-json\/wp\/v2\/users\/1"}],"replies":[{"embeddable":true,"href":"https:\/\/camping-savoie-levaugrais.com\/nl\/wp-json\/wp\/v2\/comments?post=4546"}],"version-history":[{"count":9,"href":"https:\/\/camping-savoie-levaugrais.com\/nl\/wp-json\/wp\/v2\/pages\/4546\/revisions"}],"predecessor-version":[{"id":17872,"href":"https:\/\/camping-savoie-levaugrais.com\/nl\/wp-json\/wp\/v2\/pages\/4546\/revisions\/17872"}],"wp:attachment":[{"href":"https:\/\/camping-savoie-levaugrais.com\/nl\/wp-json\/wp\/v2\/media?parent=4546"}],"curies":[{"name":"wp","href":"https:\/\/api.w.org\/{rel}","templated":true}]}}