{"id":4568,"date":"2021-10-08T11:09:12","date_gmt":"2021-10-08T09:09:12","guid":{"rendered":"https:\/\/camping-savoie-levaugrais.com\/vissen\/"},"modified":"2021-10-08T11:12:04","modified_gmt":"2021-10-08T09:12:04","slug":"vissen","status":"publish","type":"page","link":"https:\/\/camping-savoie-levaugrais.com\/nl\/vissen\/","title":{"rendered":"Vissen"},"content":{"rendered":"\n<p class=\"wp-block-paragraph\">De vissersfederatie van Ain heeft een departementale wederkerigheid tot stand gebracht waartoe 44 AAPPMA&#8217;s behoren. U kunt op alle banen vissen met de viskaart van een van deze AAPPMA<br\/>De Ain-federatie hanteert een interdepartementaal wederkerigheidsstelsel: EHGO<\/p>\n\n<p class=\"wp-block-paragraph\">Met uw viskaart en de stempel (100\u20ac) kunt u in de 91 departementen vissen op de parcoursen van de aangesloten AAPPMA&#8217;s.<\/p>\n\n<p class=\"wp-block-paragraph\">De APPMA van BAS-Bugey, beheert het visgebied tussen Anglefort en Br\u00e9gnier-cordon, via Virieu le Grand en Champagneux.<\/p>\n\n<p class=\"wp-block-paragraph\">U zult in beheer in deze aappma, vier rivieren van 1ste categorie vinden (de SERAN, de FURAN, de GLAND en de ARENE)<\/p>\n\n<h2 class=\"wp-block-heading\">Er zijn veel vismeren in de regio:<\/h2>\n\n<div class=\"wp-block-columns is-layout-flex wp-container-core-columns-is-layout-8f761849 wp-block-columns-is-layout-flex\">\n<div class=\"wp-block-column is-vertically-aligned-center is-layout-flow wp-block-column-is-layout-flow\">\n<h3 class=\"wp-block-heading\" id=\"justify\">Het meer van Virieu le Grand  <\/h3>\n\n\n\n<p class=\"wp-block-paragraph\" id=\"justify\"><br\/>Het is een meer van de 1e categorie, zeer populair voor vliegvissen van oktober tot maart.  <\/p>\n\n\n\n<p class=\"wp-block-paragraph\" id=\"justify\">U vindt er vooral forel, snoek en snoekbaars.  <\/p>\n\n\n\n<p class=\"wp-block-paragraph\" id=\"justify\">U kunt een dagkaart (10\u20ac) of een seizoenskaart (30\u20ac) kopen, ze worden verkocht bij de perserij in Virieu le Grand of bij het VVV-kantoor in Belley.<\/p>\n<\/div>\n\n\n\n<div class=\"wp-block-column is-vertically-aligned-center is-layout-flow wp-block-column-is-layout-flow\">\n<figure class=\"wp-block-image size-large\"><img loading=\"lazy\" decoding=\"async\" width=\"1024\" height=\"684\" src=\"https:\/\/camping-savoie-levaugrais.com\/wp-content\/uploads\/2021\/09\/Lac-de-Virieu-le-Grand-1024x684.jpg\" alt=\"vismeer van Virieu le Grand\" class=\"wp-image-2550\" srcset=\"https:\/\/camping-savoie-levaugrais.com\/wp-content\/uploads\/2021\/09\/Lac-de-Virieu-le-Grand-1024x684.jpg 1024w, https:\/\/camping-savoie-levaugrais.com\/wp-content\/uploads\/2021\/09\/Lac-de-Virieu-le-Grand-300x200.jpg 300w, https:\/\/camping-savoie-levaugrais.com\/wp-content\/uploads\/2021\/09\/Lac-de-Virieu-le-Grand-768x513.jpg 768w, https:\/\/camping-savoie-levaugrais.com\/wp-content\/uploads\/2021\/09\/Lac-de-Virieu-le-Grand.jpg 1200w\" sizes=\"auto, (max-width: 1024px) 100vw, 1024px\" \/><\/figure><\/div>\n<\/div>\n\n<div class=\"wp-block-columns is-layout-flex wp-container-core-columns-is-layout-8f761849 wp-block-columns-is-layout-flex\">\n<div class=\"wp-block-column is-vertically-aligned-center order-2 order-lg-1 is-layout-flow wp-block-column-is-layout-flow\">\n<figure class=\"wp-block-image size-large\"><img loading=\"lazy\" decoding=\"async\" width=\"1024\" height=\"683\" src=\"https:\/\/camping-savoie-levaugrais.com\/wp-content\/uploads\/2021\/09\/GCAT_056525_HD-1024x683.jpg\" alt=\"vismeer\" class=\"wp-image-2552\" srcset=\"https:\/\/camping-savoie-levaugrais.com\/wp-content\/uploads\/2021\/09\/GCAT_056525_HD-1024x683.jpg 1024w, https:\/\/camping-savoie-levaugrais.com\/wp-content\/uploads\/2021\/09\/GCAT_056525_HD-300x200.jpg 300w, https:\/\/camping-savoie-levaugrais.com\/wp-content\/uploads\/2021\/09\/GCAT_056525_HD-768x512.jpg 768w, https:\/\/camping-savoie-levaugrais.com\/wp-content\/uploads\/2021\/09\/GCAT_056525_HD.jpg 1200w\" sizes=\"auto, (max-width: 1024px) 100vw, 1024px\" \/><\/figure><\/div>\n\n\n\n<div class=\"wp-block-column is-vertically-aligned-center order-1 order-lg-2 is-layout-flow wp-block-column-is-layout-flow\">\n<h3 class=\"wp-block-heading\">Meer van de Ziekenhuizen<\/h3>\n\n\n\n<p class=\"wp-block-paragraph\">Het strekt zich uit over meer dan 17 hectare en is geopend van mei tot december. Dit is een priv\u00e9 site. De kwaliteit van het water is uitzonderlijk, en door de verbinding met het ondergrondse netwerk varieert het niveau ervan naar gelang van de seizoenen en de grillen van het weer.  <\/p>\n\n\n\n<p class=\"wp-block-paragraph\">Zo varieert de hoogte tussen 7 en 13 meter met een betrekkelijk homogene bodem. Voedsel is er in overvloed en de karpers hebben de laatste jaren een gemiddeld gewicht van ongeveer 10 kg bereikt.  <\/p>\n\n\n\n<p class=\"wp-block-paragraph\">Het meer bevordert ook de groei van zeelt, die tot drie kilo kan worden.<\/p>\n\n\n\n<p class=\"wp-block-paragraph\" id=\"justify\"><\/p>\n<\/div>\n<\/div>\n\n<div class=\"wp-block-columns is-layout-flex wp-container-core-columns-is-layout-8f761849 wp-block-columns-is-layout-flex\">\n<div class=\"wp-block-column is-vertically-aligned-center is-layout-flow wp-block-column-is-layout-flow\">\n<h3 class=\"wp-block-heading\">  Meer Barterand  <\/h3>\n\n\n\n<p class=\"wp-block-paragraph\">In dit natuurlijke meer in het hart van de bergen van Bugey kunt u vissen op lavaret, baars, snoek en karper.  <\/p>\n<\/div>\n\n\n\n<div class=\"wp-block-column is-vertically-aligned-center is-layout-flow wp-block-column-is-layout-flow\">\n<figure class=\"wp-block-image size-large\"><img loading=\"lazy\" decoding=\"async\" width=\"1024\" height=\"684\" src=\"https:\/\/camping-savoie-levaugrais.com\/wp-content\/uploads\/2021\/09\/Lac-de-Barterand-1024x684.jpg\" alt=\"Lac-de-Barterand\" class=\"wp-image-1370\" srcset=\"https:\/\/camping-savoie-levaugrais.com\/wp-content\/uploads\/2021\/09\/Lac-de-Barterand-1024x684.jpg 1024w, https:\/\/camping-savoie-levaugrais.com\/wp-content\/uploads\/2021\/09\/Lac-de-Barterand-300x200.jpg 300w, https:\/\/camping-savoie-levaugrais.com\/wp-content\/uploads\/2021\/09\/Lac-de-Barterand-768x513.jpg 768w, https:\/\/camping-savoie-levaugrais.com\/wp-content\/uploads\/2021\/09\/Lac-de-Barterand.jpg 1200w\" sizes=\"auto, (max-width: 1024px) 100vw, 1024px\" \/><\/figure><\/div>\n<\/div>\n\n<div class=\"wp-block-columns are-vertically-aligned-center is-layout-flex wp-container-core-columns-is-layout-8f761849 wp-block-columns-is-layout-flex\">\n<div class=\"wp-block-column is-vertically-aligned-center order-2 order-lg-1 is-layout-flow wp-block-column-is-layout-flow\">\n<figure class=\"wp-block-image size-full\"><img loading=\"lazy\" decoding=\"async\" width=\"1024\" height=\"768\" src=\"https:\/\/camping-savoie-levaugrais.com\/wp-content\/uploads\/2021\/09\/SMBT-VC011969-SavoieMontBlanc-Cervellin-4000px.jpg\" alt=\"vissen lake du bourget\" class=\"wp-image-2352\" srcset=\"https:\/\/camping-savoie-levaugrais.com\/wp-content\/uploads\/2021\/09\/SMBT-VC011969-SavoieMontBlanc-Cervellin-4000px.jpg 1024w, https:\/\/camping-savoie-levaugrais.com\/wp-content\/uploads\/2021\/09\/SMBT-VC011969-SavoieMontBlanc-Cervellin-4000px-300x225.jpg 300w, https:\/\/camping-savoie-levaugrais.com\/wp-content\/uploads\/2021\/09\/SMBT-VC011969-SavoieMontBlanc-Cervellin-4000px-768x576.jpg 768w\" sizes=\"auto, (max-width: 1024px) 100vw, 1024px\" \/><\/figure><\/div>\n\n\n\n<div class=\"wp-block-column is-vertically-aligned-center order-1 order-lg-2 is-layout-flow wp-block-column-is-layout-flow\">\n<h3 class=\"wp-block-heading\">  Het meer van Bourget  <\/h3>\n\n\n\n<p class=\"wp-block-paragraph\">Het is ook een fantastische plek om te vissen, het is het grootste natuurlijke meer in Frankrijk met 4450 hectare, het heeft een opmerkelijke rijkdom aan vis met 33 soorten opgenomen.  <\/p>\n\n\n\n<p class=\"wp-block-paragraph\">Vissen site ingedeeld 1e categorie, vindt u Fario forel, baars, snoekbaars, arctische char&#8230;<\/p>\n\n\n\n<p class=\"wp-block-paragraph\">In Savoie kan de vispas voor een dag (14\u20ac), een week (33\u20ac) of een jaar (94\u20ac) worden gekocht.  <\/p>\n\n\n\n<p class=\"wp-block-paragraph\">U kunt het direct op de website boeken:  <a rel=\"noreferrer noopener\" href=\"http:\/\/www.%20cartedepeche.%20fr\/\" target=\"_blank\">http:\/\/www. cartedepeche. en\/<\/a> <\/p>\n<\/div>\n<\/div>\n\n<h2 class=\"wp-block-heading\">U kunt ook vissen in de rivieren rond de camping:<\/h2>\n\n<div class=\"wp-block-columns are-vertically-aligned-center is-layout-flex wp-container-core-columns-is-layout-8f761849 wp-block-columns-is-layout-flex\">\n<div class=\"wp-block-column is-vertically-aligned-center is-layout-flow wp-block-column-is-layout-flow\">\n<h3 class=\"wp-block-heading\">De S\u00e9ran  <\/h3>\n\n\n\n<p class=\"wp-block-paragraph\"><br\/>De <a href=\"https:\/\/camping-savoie-levaugrais.com\/de-kloven-van-thurignin\/?lang=nl\" data-type=\"page\" data-id=\"1062\">S\u00e9ran <\/a>is een rivier van de eerste categorie voor het vissen op forel. Het laatste gedeelte begint bij Artemare (waterval) tot aan de samenvloeiing met de Rh\u00f4ne.  <\/p>\n\n\n\n<p class=\"wp-block-paragraph\">Na de ineenstorting van de vlagzalmpopulatie is het vissen op vlagzalm sinds 2000 verboden.<\/p>\n<\/div>\n\n\n\n<div class=\"wp-block-column is-vertically-aligned-center is-layout-flow wp-block-column-is-layout-flow\">\n<div class=\"wp-block-image\"><figure class=\"aligncenter size-large is-resized\"><img loading=\"lazy\" decoding=\"async\" src=\"https:\/\/camping-savoie-levaugrais.com\/wp-content\/uploads\/2021\/09\/Sites-et-Paysages-Le-Vaugrais-&#xA9;-2015_Kinaphoto_6-683x1024.jpg\" alt=\"Seran River\" class=\"wp-image-1945\" width=\"342\" height=\"512\"\/><\/figure><\/div>\n<\/div>\n<\/div>\n\n<div class=\"wp-block-columns are-vertically-aligned-center is-layout-flex wp-container-core-columns-is-layout-8f761849 wp-block-columns-is-layout-flex\">\n<div class=\"wp-block-column is-vertically-aligned-center order-2 order-lg-1 is-layout-flow wp-block-column-is-layout-flow\">\n<figure class=\"wp-block-image size-large\"><img loading=\"lazy\" decoding=\"async\" width=\"1024\" height=\"683\" src=\"https:\/\/camping-savoie-levaugrais.com\/wp-content\/uploads\/2021\/08\/Gorges-de-Thurignin-1024x683.jpg\" alt=\"De rivier de S&#xE9;ran om te vissen\" class=\"wp-image-1309\" srcset=\"https:\/\/camping-savoie-levaugrais.com\/wp-content\/uploads\/2021\/08\/Gorges-de-Thurignin-1024x683.jpg 1024w, https:\/\/camping-savoie-levaugrais.com\/wp-content\/uploads\/2021\/08\/Gorges-de-Thurignin-300x200.jpg 300w, https:\/\/camping-savoie-levaugrais.com\/wp-content\/uploads\/2021\/08\/Gorges-de-Thurignin-768x512.jpg 768w, https:\/\/camping-savoie-levaugrais.com\/wp-content\/uploads\/2021\/08\/Gorges-de-Thurignin-1536x1024.jpg 1536w, https:\/\/camping-savoie-levaugrais.com\/wp-content\/uploads\/2021\/08\/Gorges-de-Thurignin.jpg 1600w\" sizes=\"auto, (max-width: 1024px) 100vw, 1024px\" \/><\/figure><\/div>\n\n\n\n<div class=\"wp-block-column is-vertically-aligned-center order-1 order-lg-2 is-layout-flow wp-block-column-is-layout-flow\">\n<h3 class=\"wp-block-heading\">De Arvi\u00e8re  <\/h3>\n\n\n\n<p class=\"wp-block-paragraph\"><br\/>De<a href=\"https:\/\/camping-savoie-levaugrais.com\/de-site-van-arviere\/?lang=nl\" data-type=\"page\" data-id=\"1069\">Arvi\u00e8re <\/a>is de vierde rivier in het departement Ain en de 25e in Frankrijk die het label &#8220;Wild River Site&#8221; heeft gekregen. &#8220;De Arvi\u00e8re is een rivier aan de kop van het stroomgebied van de S\u00e9ran, een zijrivier van de Rh\u00f4ne.  <\/p>\n\n\n\n<p class=\"wp-block-paragraph\">Deze 12,7 km lange waterloop heeft niveau 1 van het label &#8220;Wild River Site&#8221; gekregen. Het maakt deel uit van het ENS (Espace Naturel Sensible) &#8220;Arvi\u00e8re en geologische bezienswaardigheden van Valromey&#8221;.  <\/p>\n\n\n\n<p class=\"wp-block-paragraph\">De bron bevindt zich in de gemeente Br\u00e9naz (Arivi\u00e8re-en-Valromey) op een hoogte van bijna 1220 m.  <\/p>\n\n\n\n<p class=\"wp-block-paragraph\">De samenvloeiing van de Arvi\u00e8re en de Groin ligt in het hart van de gemeente Vieu (Valromey-sur-S\u00e9ran) op een hoogte van 390 m. Het label heeft ook betrekking op de beek Malageriaz en de Groin tot aan de samenvloeiing met de Arvi\u00e8re.<\/p>\n<\/div>\n<\/div>\n","protected":false},"excerpt":{"rendered":"<p>De vissersfederatie van Ain heeft een departementale wederkerigheid tot stand gebracht waartoe 44 AAPPMA&#8217;s behoren. U kunt op alle banen vissen met de viskaart van een van deze AAPPMADe Ain-federatie hanteert een interdepartementaal wederkerigheidsstelsel: EHGO Met uw viskaart en de stempel (100\u20ac) kunt u in de 91 departementen vissen op de parcoursen van de aangesloten [&hellip;]<\/p>\n","protected":false},"author":1,"featured_media":0,"parent":0,"menu_order":0,"comment_status":"closed","ping_status":"closed","template":"","meta":{"_seopress_robots_primary_cat":"","_seopress_titles_title":"Talrijke vismeren en een visrivier in de buurt van camping le Vaugrais","_seopress_titles_desc":"","_seopress_robots_index":"","_crdt_document":"","footnotes":""},"class_list":["post-4568","page","type-page","status-publish","hentry"],"_links":{"self":[{"href":"https:\/\/camping-savoie-levaugrais.com\/nl\/wp-json\/wp\/v2\/pages\/4568","targetHints":{"allow":["GET"]}}],"collection":[{"href":"https:\/\/camping-savoie-levaugrais.com\/nl\/wp-json\/wp\/v2\/pages"}],"about":[{"href":"https:\/\/camping-savoie-levaugrais.com\/nl\/wp-json\/wp\/v2\/types\/page"}],"author":[{"embeddable":true,"href":"https:\/\/camping-savoie-levaugrais.com\/nl\/wp-json\/wp\/v2\/users\/1"}],"replies":[{"embeddable":true,"href":"https:\/\/camping-savoie-levaugrais.com\/nl\/wp-json\/wp\/v2\/comments?post=4568"}],"version-history":[{"count":3,"href":"https:\/\/camping-savoie-levaugrais.com\/nl\/wp-json\/wp\/v2\/pages\/4568\/revisions"}],"predecessor-version":[{"id":4791,"href":"https:\/\/camping-savoie-levaugrais.com\/nl\/wp-json\/wp\/v2\/pages\/4568\/revisions\/4791"}],"wp:attachment":[{"href":"https:\/\/camping-savoie-levaugrais.com\/nl\/wp-json\/wp\/v2\/media?parent=4568"}],"curies":[{"name":"wp","href":"https:\/\/api.w.org\/{rel}","templated":true}]}}