{"id":4603,"date":"2021-10-08T11:09:30","date_gmt":"2021-10-08T09:09:30","guid":{"rendered":"https:\/\/camping-savoie-levaugrais.com\/een-ervaring-voor-ons-tweeen\/weer-verbonden-met-de-natuur\/"},"modified":"2025-01-03T11:13:45","modified_gmt":"2025-01-03T10:13:45","slug":"weer-verbonden-met-de-natuur","status":"publish","type":"page","link":"https:\/\/camping-savoie-levaugrais.com\/nl\/een-ervaring-voor-ons-tweeen\/weer-verbonden-met-de-natuur\/","title":{"rendered":"Weer verbonden met de natuur"},"content":{"rendered":"\n<div id=\"bugey\" class=\"wp-block-group\"><div class=\"wp-block-group__inner-container is-layout-flow wp-block-group-is-layout-flow\">\n<div style=\"height:40px\" aria-hidden=\"true\" class=\"wp-block-spacer\"><\/div>\n\n\n\n<h2 class=\"wp-block-heading has-text-align-center\">En waarom niet een romantisch uitje op de mythische Col du Colombier op 1548 m<\/h2>\n\n\n<div class=\"wp-block-image\">\n<figure class=\"aligncenter size-large is-resized\"><img loading=\"lazy\" decoding=\"async\" width=\"1024\" height=\"576\" src=\"https:\/\/camping-savoie-levaugrais.com\/wp-content\/uploads\/2025\/01\/partez-a-laventure-en-neerlandais-5-1024x576.jpg\" alt=\"\" class=\"wp-image-16168\" style=\"width:359px;height:auto\" srcset=\"https:\/\/camping-savoie-levaugrais.com\/wp-content\/uploads\/2025\/01\/partez-a-laventure-en-neerlandais-5-1024x576.jpg 1024w, https:\/\/camping-savoie-levaugrais.com\/wp-content\/uploads\/2025\/01\/partez-a-laventure-en-neerlandais-5-300x169.jpg 300w, https:\/\/camping-savoie-levaugrais.com\/wp-content\/uploads\/2025\/01\/partez-a-laventure-en-neerlandais-5-768x432.jpg 768w, https:\/\/camping-savoie-levaugrais.com\/wp-content\/uploads\/2025\/01\/partez-a-laventure-en-neerlandais-5-1536x864.jpg 1536w, https:\/\/camping-savoie-levaugrais.com\/wp-content\/uploads\/2025\/01\/partez-a-laventure-en-neerlandais-5.jpg 1920w\" sizes=\"auto, (max-width: 1024px) 100vw, 1024px\" \/><\/figure>\n<\/div><\/div><\/div>\n\n\n\n<div class=\"wp-block-media-text is-stacked-on-mobile\"><figure class=\"wp-block-media-text__media\"><img loading=\"lazy\" decoding=\"async\" width=\"1024\" height=\"528\" src=\"https:\/\/camping-savoie-levaugrais.com\/wp-content\/uploads\/2025\/01\/IMG_6182-internet-1-1024x528.jpg\" alt=\"\" class=\"wp-image-16173 size-full\" srcset=\"https:\/\/camping-savoie-levaugrais.com\/wp-content\/uploads\/2025\/01\/IMG_6182-internet-1-1024x528.jpg 1024w, https:\/\/camping-savoie-levaugrais.com\/wp-content\/uploads\/2025\/01\/IMG_6182-internet-1-300x155.jpg 300w, https:\/\/camping-savoie-levaugrais.com\/wp-content\/uploads\/2025\/01\/IMG_6182-internet-1-768x396.jpg 768w, https:\/\/camping-savoie-levaugrais.com\/wp-content\/uploads\/2025\/01\/IMG_6182-internet-1.jpg 1200w\" sizes=\"auto, (max-width: 1024px) 100vw, 1024px\" \/><\/figure><div class=\"wp-block-media-text__content\">\n<p class=\"has-medium-font-size wp-block-paragraph\"><strong>De Col du Colombier,<\/strong> genesteld in de uitlopers van de Jura, wacht op je voor een magisch avontuur. Op de top ontvouwt zich een adembenemend panorama voor je ogen: de Alpen, de drie meren en het sprankelende water van Lac du Bourget, Annecy en Gen\u00e8ve.<\/p>\n\n\n\n<p class=\"has-medium-font-size wp-block-paragraph\">Het kruis en de ori\u00ebntatietafel leiden je door de bergen, geven waardevolle informatie en, op een heldere dag, de majesteit van de Mont Blanc en de Vercors. Dit gebied is geclassificeerd als kwetsbaar natuurgebied en heeft een uitzonderlijke flora en fauna.<\/p>\n\n\n\n<p class=\"has-medium-font-size wp-block-paragraph\">Bewandel de paden, zoals het Circuit des Sioux of de Cr\u00eates, en laat je betoveren door de kans om een wandelende gems tegen te komen. Laat je voetstappen een droom cre\u00ebren in dit ongerepte landschap.<\/p>\n<\/div><\/div>\n\n\n\n<div class=\"wp-block-media-text has-media-on-the-right is-stacked-on-mobile\"><div class=\"wp-block-media-text__content\">\n<p class=\"has-medium-font-size wp-block-paragraph\">Kruip dicht tegen elkaar aan voor een zonsondergang op de top van de Col du Colombier, een moment dat wordt opgeschort in de tijd. De hemel is gehuld in duizend kleuren als de laatste zonnestralen verdwijnen in de horizon en een zachte, intieme magie cre\u00ebren.<\/p>\n\n\n\n<p class=\"has-medium-font-size wp-block-paragraph\">In deze stilte ontmoeten alleen jullie ogen elkaar, verlicht door de schoonheid van het landschap en de liefde die jullie verenigt. Geniet op een sneetje brood van een stukje Comt\u00e9, een Bleu de Gex en een delicate Pinot (met mate te nuttigen).<\/p>\n\n\n\n<p class=\"has-medium-font-size wp-block-paragraph\">Eindig dit feest met een pralin\u00e9-suikertaart, die je hart een onvergetelijke zoetheid geeft. Een gewoonweg perfect moment.<\/p>\n\n\n\n<p class=\"has-medium-font-size wp-block-paragraph\">foto credit: @chenevert01<\/p>\n<\/div><figure class=\"wp-block-media-text__media\"><img loading=\"lazy\" decoding=\"async\" width=\"1024\" height=\"528\" src=\"https:\/\/camping-savoie-levaugrais.com\/wp-content\/uploads\/2025\/01\/coucher-de-soleil-col-du-colombier-internet-1-1024x528.jpg\" alt=\"\" class=\"wp-image-16177 size-full\" srcset=\"https:\/\/camping-savoie-levaugrais.com\/wp-content\/uploads\/2025\/01\/coucher-de-soleil-col-du-colombier-internet-1-1024x528.jpg 1024w, https:\/\/camping-savoie-levaugrais.com\/wp-content\/uploads\/2025\/01\/coucher-de-soleil-col-du-colombier-internet-1-300x155.jpg 300w, https:\/\/camping-savoie-levaugrais.com\/wp-content\/uploads\/2025\/01\/coucher-de-soleil-col-du-colombier-internet-1-768x396.jpg 768w, https:\/\/camping-savoie-levaugrais.com\/wp-content\/uploads\/2025\/01\/coucher-de-soleil-col-du-colombier-internet-1.jpg 1200w\" sizes=\"auto, (max-width: 1024px) 100vw, 1024px\" \/><\/figure><\/div>\n\n\n\t\t\t<div id=\"sevgallery-1534840182\" class=\"sev-diaporama sev-diaporama-portfolio\">\n\t\t\t<div class=\"row\">\n\n\t\t\t\n\t\t\t\t\n\t\t\t\t<div class=\"sev-diaporama-portfolio-item col-12 col-lg  col-grow\">\n\t\t\t\t\t<!--<a href=\"https:\/\/camping-savoie-levaugrais.com\/wp-content\/uploads\/2021\/09\/GCAT_059285_HD-1.jpg\" data-lightbox=\"sevgallery-1534840182\" style=\"background-image: url(https:\/\/camping-savoie-levaugrais.com\/wp-content\/uploads\/2021\/09\/GCAT_059285_HD-1.jpg)\">-->\n\t\t\t\t\t<a href=\"https:\/\/camping-savoie-levaugrais.com\/wp-content\/uploads\/2021\/09\/GCAT_059285_HD-1.jpg\" data-lightbox=\"sevgallery-1534840182\">\n\t\t\t\t\t\t<img decoding=\"async\" src=\"https:\/\/camping-savoie-levaugrais.com\/wp-content\/uploads\/2021\/09\/GCAT_059285_HD-1.jpg\" alt=\"\" loading=\"lazy\">\n\t\t\t\t\t<\/a>\n\t\t\t\t<\/div>\n\n\t\t\t\t\n\t\t\t\t\t\t\t\t\t\t\t\n\t\t\t\t\n\t\t\t\t<div class=\"sev-diaporama-portfolio-item col-12 col-lg  col-grow\">\n\t\t\t\t\t<!--<a href=\"https:\/\/camping-savoie-levaugrais.com\/wp-content\/uploads\/2021\/09\/GCAT_059362_HD.jpg\" data-lightbox=\"sevgallery-1534840182\" style=\"background-image: url(https:\/\/camping-savoie-levaugrais.com\/wp-content\/uploads\/2021\/09\/GCAT_059362_HD.jpg)\">-->\n\t\t\t\t\t<a href=\"https:\/\/camping-savoie-levaugrais.com\/wp-content\/uploads\/2021\/09\/GCAT_059362_HD.jpg\" data-lightbox=\"sevgallery-1534840182\">\n\t\t\t\t\t\t<img decoding=\"async\" src=\"https:\/\/camping-savoie-levaugrais.com\/wp-content\/uploads\/2021\/09\/GCAT_059362_HD.jpg\" alt=\"\" loading=\"lazy\">\n\t\t\t\t\t<\/a>\n\t\t\t\t<\/div>\n\n\t\t\t\t\n\t\t\t\t\t\t\t\t\t\t\t\n\t\t\t\t\n\t\t\t\t<div class=\"sev-diaporama-portfolio-item col-12 col-lg  col-shrink\">\n\t\t\t\t\t<!--<a href=\"https:\/\/camping-savoie-levaugrais.com\/wp-content\/uploads\/2021\/09\/GCAT_059365_HD.jpg\" data-lightbox=\"sevgallery-1534840182\" style=\"background-image: url(https:\/\/camping-savoie-levaugrais.com\/wp-content\/uploads\/2021\/09\/GCAT_059365_HD.jpg)\">-->\n\t\t\t\t\t<a href=\"https:\/\/camping-savoie-levaugrais.com\/wp-content\/uploads\/2021\/09\/GCAT_059365_HD.jpg\" data-lightbox=\"sevgallery-1534840182\">\n\t\t\t\t\t\t<img decoding=\"async\" src=\"https:\/\/camping-savoie-levaugrais.com\/wp-content\/uploads\/2021\/09\/GCAT_059365_HD.jpg\" alt=\"\" loading=\"lazy\">\n\t\t\t\t\t<\/a>\n\t\t\t\t<\/div>\n\n\t\t\t\t\n\t\t\t\t\t\t\t\t\t\t\t\n\t\t\t\t\n\t\t\t\t<div class=\"sev-diaporama-portfolio-item col-12 col-lg \">\n\t\t\t\t\t<!--<a href=\"https:\/\/camping-savoie-levaugrais.com\/wp-content\/uploads\/2023\/11\/colombier-aintourisme-6.jpg\" data-lightbox=\"sevgallery-1534840182\" style=\"background-image: url(https:\/\/camping-savoie-levaugrais.com\/wp-content\/uploads\/2023\/11\/colombier-aintourisme-6.jpg)\">-->\n\t\t\t\t\t<a href=\"https:\/\/camping-savoie-levaugrais.com\/wp-content\/uploads\/2023\/11\/colombier-aintourisme-6.jpg\" data-lightbox=\"sevgallery-1534840182\">\n\t\t\t\t\t\t<img decoding=\"async\" src=\"https:\/\/camping-savoie-levaugrais.com\/wp-content\/uploads\/2023\/11\/colombier-aintourisme-6.jpg\" alt=\"montagn\" loading=\"lazy\">\n\t\t\t\t\t<\/a>\n\t\t\t\t<\/div>\n\n\t\t\t\t\t\t\t\t\t<div class=\"w-100\"><\/div>\n\t\t\t\t\t\t\t\t\t\n\t\t\t\t\t\t\t\t\t\t\t\n\t\t\t\t\n\t\t\t\t<div class=\"sev-diaporama-portfolio-item col-12 col-lg  col-shrink\">\n\t\t\t\t\t<!--<a href=\"https:\/\/camping-savoie-levaugrais.com\/wp-content\/uploads\/2023\/11\/montagnefamille3jpg-1.jpg\" data-lightbox=\"sevgallery-1534840182\" style=\"background-image: url(https:\/\/camping-savoie-levaugrais.com\/wp-content\/uploads\/2023\/11\/montagnefamille3jpg-1.jpg)\">-->\n\t\t\t\t\t<a href=\"https:\/\/camping-savoie-levaugrais.com\/wp-content\/uploads\/2023\/11\/montagnefamille3jpg-1.jpg\" data-lightbox=\"sevgallery-1534840182\">\n\t\t\t\t\t\t<img decoding=\"async\" src=\"https:\/\/camping-savoie-levaugrais.com\/wp-content\/uploads\/2023\/11\/montagnefamille3jpg-1.jpg\" alt=\"montagne\" loading=\"lazy\">\n\t\t\t\t\t<\/a>\n\t\t\t\t<\/div>\n\n\t\t\t\t\n\t\t\t\t\t\t\t\t\t\t\t\n\t\t\t\t\n\t\t\t\t<div class=\"sev-diaporama-portfolio-item col-12 col-lg \">\n\t\t\t\t\t<!--<a href=\"https:\/\/camping-savoie-levaugrais.com\/wp-content\/uploads\/2024\/12\/GCAT_053747_HD-internet-1.jpg\" data-lightbox=\"sevgallery-1534840182\" style=\"background-image: url(https:\/\/camping-savoie-levaugrais.com\/wp-content\/uploads\/2024\/12\/GCAT_053747_HD-internet-1.jpg)\">-->\n\t\t\t\t\t<a href=\"https:\/\/camping-savoie-levaugrais.com\/wp-content\/uploads\/2024\/12\/GCAT_053747_HD-internet-1.jpg\" data-lightbox=\"sevgallery-1534840182\">\n\t\t\t\t\t\t<img decoding=\"async\" src=\"https:\/\/camping-savoie-levaugrais.com\/wp-content\/uploads\/2024\/12\/GCAT_053747_HD-internet-1.jpg\" alt=\"pique nique savoyard \u00e0 base de fromage , vin , et charcuterie de la r\u00e9gion pour d\u00e9marrer une jolie balade \" loading=\"lazy\">\n\t\t\t\t\t<\/a>\n\t\t\t\t<\/div>\n\n\t\t\t\t\n\t\t\t\t\t\t\t\t\t\t\t\n\t\t\t\t\n\t\t\t\t<div class=\"sev-diaporama-portfolio-item col-12 col-lg \">\n\t\t\t\t\t<!--<a href=\"https:\/\/camping-savoie-levaugrais.com\/wp-content\/uploads\/2024\/12\/GCAT_059351_HD-internet.jpg\" data-lightbox=\"sevgallery-1534840182\" style=\"background-image: url(https:\/\/camping-savoie-levaugrais.com\/wp-content\/uploads\/2024\/12\/GCAT_059351_HD-internet.jpg)\">-->\n\t\t\t\t\t<a href=\"https:\/\/camping-savoie-levaugrais.com\/wp-content\/uploads\/2024\/12\/GCAT_059351_HD-internet.jpg\" data-lightbox=\"sevgallery-1534840182\">\n\t\t\t\t\t\t<img decoding=\"async\" src=\"https:\/\/camping-savoie-levaugrais.com\/wp-content\/uploads\/2024\/12\/GCAT_059351_HD-internet.jpg\" alt=\"balade \u00e0 pied au massif du Colombier\" loading=\"lazy\">\n\t\t\t\t\t<\/a>\n\t\t\t\t<\/div>\n\n\t\t\t\t\n\t\t\t\t\t\t\t\t\t\t\t\n\t\t\t\t\n\t\t\t\t<div class=\"sev-diaporama-portfolio-item col-12 col-lg \">\n\t\t\t\t\t<!--<a href=\"https:\/\/camping-savoie-levaugrais.com\/wp-content\/uploads\/2024\/12\/GCAT_056553_HD-internet.jpg\" data-lightbox=\"sevgallery-1534840182\" style=\"background-image: url(https:\/\/camping-savoie-levaugrais.com\/wp-content\/uploads\/2024\/12\/GCAT_056553_HD-internet.jpg)\">-->\n\t\t\t\t\t<a href=\"https:\/\/camping-savoie-levaugrais.com\/wp-content\/uploads\/2024\/12\/GCAT_056553_HD-internet.jpg\" data-lightbox=\"sevgallery-1534840182\">\n\t\t\t\t\t\t<img decoding=\"async\" src=\"https:\/\/camping-savoie-levaugrais.com\/wp-content\/uploads\/2024\/12\/GCAT_056553_HD-internet.jpg\" alt=\"balade \u00e0 pied au massif du Colombier\" loading=\"lazy\">\n\t\t\t\t\t<\/a>\n\t\t\t\t<\/div>\n\n\t\t\t\t\t\t\t\t\t<div class=\"w-100\"><\/div>\n\t\t\t\t\t\t\t\t\t\n\t\t\t\t\t\t\t\t\t\t\t\n\t\t\t\t\n\t\t\t\t<div class=\"sev-diaporama-portfolio-item col-12 col-lg  col-shrink\">\n\t\t\t\t\t<!--<a href=\"https:\/\/camping-savoie-levaugrais.com\/wp-content\/uploads\/2024\/12\/GCAT_053892_HD-internet.jpg\" data-lightbox=\"sevgallery-1534840182\" style=\"background-image: url(https:\/\/camping-savoie-levaugrais.com\/wp-content\/uploads\/2024\/12\/GCAT_053892_HD-internet.jpg)\">-->\n\t\t\t\t\t<a href=\"https:\/\/camping-savoie-levaugrais.com\/wp-content\/uploads\/2024\/12\/GCAT_053892_HD-internet.jpg\" data-lightbox=\"sevgallery-1534840182\">\n\t\t\t\t\t\t<img decoding=\"async\" src=\"https:\/\/camping-savoie-levaugrais.com\/wp-content\/uploads\/2024\/12\/GCAT_053892_HD-internet.jpg\" alt=\"balade \u00e0 pied au massif du Colombier\" loading=\"lazy\">\n\t\t\t\t\t<\/a>\n\t\t\t\t<\/div>\n\n\t\t\t\t\n\t\t\t\t\t\t\t\t\t\t\t\n\t\t\t\t\n\t\t\t\t<div class=\"sev-diaporama-portfolio-item col-12 col-lg \">\n\t\t\t\t\t<!--<a href=\"https:\/\/camping-savoie-levaugrais.com\/wp-content\/uploads\/2024\/12\/GCAT_056433_HD-internet.jpg\" data-lightbox=\"sevgallery-1534840182\" style=\"background-image: url(https:\/\/camping-savoie-levaugrais.com\/wp-content\/uploads\/2024\/12\/GCAT_056433_HD-internet.jpg)\">-->\n\t\t\t\t\t<a href=\"https:\/\/camping-savoie-levaugrais.com\/wp-content\/uploads\/2024\/12\/GCAT_056433_HD-internet.jpg\" data-lightbox=\"sevgallery-1534840182\">\n\t\t\t\t\t\t<img decoding=\"async\" src=\"https:\/\/camping-savoie-levaugrais.com\/wp-content\/uploads\/2024\/12\/GCAT_056433_HD-internet.jpg\" alt=\"balade en famille sur la sambuy\" loading=\"lazy\">\n\t\t\t\t\t<\/a>\n\t\t\t\t<\/div>\n\n\t\t\t\t\n\t\t\t\t\t\t\t\t\t\t\t\t\t\t<\/div>\n\t\t\t<\/div>\n\n\t\t\t<script>\n\t\t\tjQuery(function($) {\n\n\t\t\t\tvar marginPortfolio = function() {\n\n\t\t\t\t\tvar $diapo          = $('#sevgallery-1534840182');\n\t\t\t\t\tvar container_width = $diapo.parent().outerWidth();\n\t\t\t\t\tvar side            = ( $(window).innerWidth() - container_width ) \/ 2;\n\n\t\t\t\t\t$diapo.css( {\n\t\t\t\t\t\t'margin-left': '-' + side + 'px',\n\t\t\t\t\t\t'margin-right': '-' + side + 'px',\n\t\t\t\t\t} );\n\t\t\t\t};\n\n\t\t\t\t$( window ).resize( function() {\n\t\t\t\t\tmarginPortfolio();\n\t\t\t\t} );\n\t\t\t\tmarginPortfolio();\n\t\t\t});\n\t\t\t<\/script>\n\t\t\t\n","protected":false},"excerpt":{"rendered":"<p>En waarom niet een romantisch uitje op de mythische Col du Colombier op 1548 m De Col du Colombier, genesteld in de uitlopers van de Jura, wacht op je voor een magisch avontuur. Op de top ontvouwt zich een adembenemend panorama voor je ogen: de Alpen, de drie meren en het sprankelende water van Lac [&hellip;]<\/p>\n","protected":false},"author":1,"featured_media":0,"parent":4408,"menu_order":0,"comment_status":"closed","ping_status":"closed","template":"","meta":{"_seopress_robots_primary_cat":"","_seopress_titles_title":"Liefdesuitstapje op de Col du Colombier vanaf de camping","_seopress_titles_desc":"","_seopress_robots_index":"","_crdt_document":"","footnotes":""},"class_list":["post-4603","page","type-page","status-publish","hentry"],"_links":{"self":[{"href":"https:\/\/camping-savoie-levaugrais.com\/nl\/wp-json\/wp\/v2\/pages\/4603","targetHints":{"allow":["GET"]}}],"collection":[{"href":"https:\/\/camping-savoie-levaugrais.com\/nl\/wp-json\/wp\/v2\/pages"}],"about":[{"href":"https:\/\/camping-savoie-levaugrais.com\/nl\/wp-json\/wp\/v2\/types\/page"}],"author":[{"embeddable":true,"href":"https:\/\/camping-savoie-levaugrais.com\/nl\/wp-json\/wp\/v2\/users\/1"}],"replies":[{"embeddable":true,"href":"https:\/\/camping-savoie-levaugrais.com\/nl\/wp-json\/wp\/v2\/comments?post=4603"}],"version-history":[{"count":6,"href":"https:\/\/camping-savoie-levaugrais.com\/nl\/wp-json\/wp\/v2\/pages\/4603\/revisions"}],"predecessor-version":[{"id":16395,"href":"https:\/\/camping-savoie-levaugrais.com\/nl\/wp-json\/wp\/v2\/pages\/4603\/revisions\/16395"}],"up":[{"embeddable":true,"href":"https:\/\/camping-savoie-levaugrais.com\/nl\/wp-json\/wp\/v2\/pages\/4408"}],"wp:attachment":[{"href":"https:\/\/camping-savoie-levaugrais.com\/nl\/wp-json\/wp\/v2\/media?parent=4603"}],"curies":[{"name":"wp","href":"https:\/\/api.w.org\/{rel}","templated":true}]}}