{"id":4622,"date":"2021-10-08T11:09:54","date_gmt":"2021-10-08T09:09:54","guid":{"rendered":"https:\/\/camping-savoie-levaugrais.com\/nieuwsgierige-familie-ervaring\/verandering-van-lucht-op-de-top-van-een-zee-van-dennenbomen\/"},"modified":"2025-01-04T11:37:41","modified_gmt":"2025-01-04T10:37:41","slug":"verandering-van-lucht-op-de-top-van-een-zee-van-dennenbomen","status":"publish","type":"page","link":"https:\/\/camping-savoie-levaugrais.com\/nl\/nieuwsgierige-familie-ervaring\/verandering-van-lucht-op-de-top-van-een-zee-van-dennenbomen\/","title":{"rendered":"Verandering van lucht op de top van een zee van dennenbomen"},"content":{"rendered":"\n<div id=\"sapins\" class=\"wp-block-group\"><div class=\"wp-block-group__inner-container is-layout-flow wp-block-group-is-layout-flow\"><div class=\"wp-block-image\">\n<figure class=\"aligncenter size-large is-resized\"><img loading=\"lazy\" decoding=\"async\" width=\"1024\" height=\"576\" src=\"https:\/\/camping-savoie-levaugrais.com\/wp-content\/uploads\/2025\/01\/partez-a-laventure-en-neerlandais-3-1024x576.jpg\" alt=\"\" class=\"wp-image-16117\" style=\"width:363px;height:auto\" srcset=\"https:\/\/camping-savoie-levaugrais.com\/wp-content\/uploads\/2025\/01\/partez-a-laventure-en-neerlandais-3-1024x576.jpg 1024w, https:\/\/camping-savoie-levaugrais.com\/wp-content\/uploads\/2025\/01\/partez-a-laventure-en-neerlandais-3-300x169.jpg 300w, https:\/\/camping-savoie-levaugrais.com\/wp-content\/uploads\/2025\/01\/partez-a-laventure-en-neerlandais-3-768x432.jpg 768w, https:\/\/camping-savoie-levaugrais.com\/wp-content\/uploads\/2025\/01\/partez-a-laventure-en-neerlandais-3-1536x864.jpg 1536w, https:\/\/camping-savoie-levaugrais.com\/wp-content\/uploads\/2025\/01\/partez-a-laventure-en-neerlandais-3.jpg 1920w\" sizes=\"auto, (max-width: 1024px) 100vw, 1024px\" \/><\/figure>\n<\/div><\/div><\/div>\n\n\n\n<div class=\"wp-block-media-text is-stacked-on-mobile\"><figure class=\"wp-block-media-text__media\"><img loading=\"lazy\" decoding=\"async\" width=\"1024\" height=\"528\" src=\"https:\/\/camping-savoie-levaugrais.com\/wp-content\/uploads\/2025\/01\/les-chevaux-sont-bichonnes-a-la-ferme-equestre-de-lavant-1439145190-internet-1-1024x528.jpg\" alt=\"\" class=\"wp-image-16121 size-full\" srcset=\"https:\/\/camping-savoie-levaugrais.com\/wp-content\/uploads\/2025\/01\/les-chevaux-sont-bichonnes-a-la-ferme-equestre-de-lavant-1439145190-internet-1-1024x528.jpg 1024w, https:\/\/camping-savoie-levaugrais.com\/wp-content\/uploads\/2025\/01\/les-chevaux-sont-bichonnes-a-la-ferme-equestre-de-lavant-1439145190-internet-1-300x155.jpg 300w, https:\/\/camping-savoie-levaugrais.com\/wp-content\/uploads\/2025\/01\/les-chevaux-sont-bichonnes-a-la-ferme-equestre-de-lavant-1439145190-internet-1-768x396.jpg 768w, https:\/\/camping-savoie-levaugrais.com\/wp-content\/uploads\/2025\/01\/les-chevaux-sont-bichonnes-a-la-ferme-equestre-de-lavant-1439145190-internet-1.jpg 1200w\" sizes=\"auto, (max-width: 1024px) 100vw, 1024px\" \/><\/figure><div class=\"wp-block-media-text__content\">\n<p class=\"has-medium-font-size wp-block-paragraph\">Kom aan boord van een rondvaartboot (Bateau Canal) voor een uitzonderlijke tocht over het kanaal van Savi\u00e8res. Laat je betoveren door het rustige ritme van het water terwijl je de flora en fauna ontdekt die dit prachtige landschap omringen.<\/p>\n\n\n\n<p class=\"has-medium-font-size wp-block-paragraph\"> Bij elke bocht zullen de gidsen hun kennis delen en de natuurlijke schatten van het kanaal onthullen. Een stop bij de sluis is een fascinerend gezicht, een combinatie van techniek en wilde schoonheid. Een perfect moment om te verkennen, te ontspannen en te dromen, met het hele gezin, midden in de natuur.<\/p>\n\n\n\n<p class=\"has-medium-font-size wp-block-paragraph\">photo credit : @Kanaal van Bateau<\/p>\n<\/div><\/div>\n\n\n\n<div class=\"wp-block-media-text has-media-on-the-right is-stacked-on-mobile\"><div class=\"wp-block-media-text__content\">\n<p class=\"has-medium-font-size wp-block-paragraph\">Laat je verleiden door een ritje te paard, een onvergetelijk avontuur om te delen met het hele gezin. Stel je voor dat je, zachtjes gewiegd door het ritme van je hoeven, geheime paden verkent, ver van alle drukte, in een adembenemende natuurlijke omgeving.<\/p>\n\n\n\n<p class=\"has-medium-font-size wp-block-paragraph\">Dit uitstapje te paard laat je prachtige landschappen ontdekken die je met de auto of de fiets niet zou kunnen bereiken. De medeplichtigheid met je rijdier, de sereniteit van de natuur en de frisse berglucht zullen je het leven van alledag doen vergeten. Je kunt de schoonheid van het landschap bewonderen, luisteren naar het geluid van de vogels, de zachte bries voelen, en dat alles terwijl je de rust van de plek opsnuift.<\/p>\n\n\n\n<p class=\"has-medium-font-size wp-block-paragraph\">Of je nu een beginner of een ervaren wandelaar bent, deze wandeling is voor iedereen toegankelijk en belooft een moment van totale ontspanning. Een echte terugkeer naar je wortels, een moment van rust en schoonheid dat je niet mag missen. Dit uitstapje te paard zal een gedenkwaardig souvenir zijn om te delen met je geliefden.<\/p>\n\n\n\n<p class=\"has-medium-font-size wp-block-paragraph\">photo credit : @centre \u00e9questre de Lavant \u00e0 Th\u00e9zillieu<\/p>\n<\/div><figure class=\"wp-block-media-text__media\"><img loading=\"lazy\" decoding=\"async\" width=\"800\" height=\"600\" src=\"https:\/\/camping-savoie-levaugrais.com\/wp-content\/uploads\/2024\/12\/fermeequestredelavant-001-2.jpg\" alt=\"\" class=\"wp-image-15386 size-full\" srcset=\"https:\/\/camping-savoie-levaugrais.com\/wp-content\/uploads\/2024\/12\/fermeequestredelavant-001-2.jpg 800w, https:\/\/camping-savoie-levaugrais.com\/wp-content\/uploads\/2024\/12\/fermeequestredelavant-001-2-300x225.jpg 300w, https:\/\/camping-savoie-levaugrais.com\/wp-content\/uploads\/2024\/12\/fermeequestredelavant-001-2-768x576.jpg 768w\" sizes=\"auto, (max-width: 800px) 100vw, 800px\" \/><\/figure><\/div>\n\n\n\t\t\t<div id=\"sevgallery-918344249\" class=\"sev-diaporama sev-diaporama-portfolio\">\n\t\t\t<div class=\"row\">\n\n\t\t\t\n\t\t\t\t\n\t\t\t\t<div class=\"sev-diaporama-portfolio-item col-12 col-lg  col-grow\">\n\t\t\t\t\t<!--<a href=\"https:\/\/camping-savoie-levaugrais.com\/wp-content\/uploads\/2021\/09\/IMG-20210903-WA0000-1.jpg\" data-lightbox=\"sevgallery-918344249\" style=\"background-image: url(https:\/\/camping-savoie-levaugrais.com\/wp-content\/uploads\/2021\/09\/IMG-20210903-WA0000-1.jpg)\">-->\n\t\t\t\t\t<a href=\"https:\/\/camping-savoie-levaugrais.com\/wp-content\/uploads\/2021\/09\/IMG-20210903-WA0000-1.jpg\" data-lightbox=\"sevgallery-918344249\">\n\t\t\t\t\t\t<img decoding=\"async\" src=\"https:\/\/camping-savoie-levaugrais.com\/wp-content\/uploads\/2021\/09\/IMG-20210903-WA0000-1.jpg\" alt=\"\" loading=\"lazy\">\n\t\t\t\t\t<\/a>\n\t\t\t\t<\/div>\n\n\t\t\t\t\n\t\t\t\t\t\t\t\t\t\t\t\n\t\t\t\t\n\t\t\t\t<div class=\"sev-diaporama-portfolio-item col-12 col-lg  col-shrink\">\n\t\t\t\t\t<!--<a href=\"https:\/\/camping-savoie-levaugrais.com\/wp-content\/uploads\/2021\/09\/IMG-20210903-WA0001-1.jpg\" data-lightbox=\"sevgallery-918344249\" style=\"background-image: url(https:\/\/camping-savoie-levaugrais.com\/wp-content\/uploads\/2021\/09\/IMG-20210903-WA0001-1.jpg)\">-->\n\t\t\t\t\t<a href=\"https:\/\/camping-savoie-levaugrais.com\/wp-content\/uploads\/2021\/09\/IMG-20210903-WA0001-1.jpg\" data-lightbox=\"sevgallery-918344249\">\n\t\t\t\t\t\t<img decoding=\"async\" src=\"https:\/\/camping-savoie-levaugrais.com\/wp-content\/uploads\/2021\/09\/IMG-20210903-WA0001-1.jpg\" alt=\"\" loading=\"lazy\">\n\t\t\t\t\t<\/a>\n\t\t\t\t<\/div>\n\n\t\t\t\t\n\t\t\t\t\t\t\t\t\t\t\t\n\t\t\t\t\n\t\t\t\t<div class=\"sev-diaporama-portfolio-item col-12 col-lg  col-shrink\">\n\t\t\t\t\t<!--<a href=\"https:\/\/camping-savoie-levaugrais.com\/wp-content\/uploads\/2021\/09\/IMG-20210903-WA0002-1.jpg\" data-lightbox=\"sevgallery-918344249\" style=\"background-image: url(https:\/\/camping-savoie-levaugrais.com\/wp-content\/uploads\/2021\/09\/IMG-20210903-WA0002-1.jpg)\">-->\n\t\t\t\t\t<a href=\"https:\/\/camping-savoie-levaugrais.com\/wp-content\/uploads\/2021\/09\/IMG-20210903-WA0002-1.jpg\" data-lightbox=\"sevgallery-918344249\">\n\t\t\t\t\t\t<img decoding=\"async\" src=\"https:\/\/camping-savoie-levaugrais.com\/wp-content\/uploads\/2021\/09\/IMG-20210903-WA0002-1.jpg\" alt=\"\" loading=\"lazy\">\n\t\t\t\t\t<\/a>\n\t\t\t\t<\/div>\n\n\t\t\t\t\n\t\t\t\t\t\t\t\t\t\t\t\n\t\t\t\t\n\t\t\t\t<div class=\"sev-diaporama-portfolio-item col-12 col-lg  col-grow\">\n\t\t\t\t\t<!--<a href=\"https:\/\/camping-savoie-levaugrais.com\/wp-content\/uploads\/2021\/09\/IMG-20210903-WA0003-1.jpg\" data-lightbox=\"sevgallery-918344249\" style=\"background-image: url(https:\/\/camping-savoie-levaugrais.com\/wp-content\/uploads\/2021\/09\/IMG-20210903-WA0003-1.jpg)\">-->\n\t\t\t\t\t<a href=\"https:\/\/camping-savoie-levaugrais.com\/wp-content\/uploads\/2021\/09\/IMG-20210903-WA0003-1.jpg\" data-lightbox=\"sevgallery-918344249\">\n\t\t\t\t\t\t<img decoding=\"async\" src=\"https:\/\/camping-savoie-levaugrais.com\/wp-content\/uploads\/2021\/09\/IMG-20210903-WA0003-1.jpg\" alt=\"\" loading=\"lazy\">\n\t\t\t\t\t<\/a>\n\t\t\t\t<\/div>\n\n\t\t\t\t\t\t\t\t\t<div class=\"w-100\"><\/div>\n\t\t\t\t\t\t\t\t\t\n\t\t\t\t\t\t\t\t\t\t\t\n\t\t\t\t\n\t\t\t\t<div class=\"sev-diaporama-portfolio-item col-12 col-lg \">\n\t\t\t\t\t<!--<a href=\"https:\/\/camping-savoie-levaugrais.com\/wp-content\/uploads\/2021\/09\/IMG-20210903-WA0004-1.jpg\" data-lightbox=\"sevgallery-918344249\" style=\"background-image: url(https:\/\/camping-savoie-levaugrais.com\/wp-content\/uploads\/2021\/09\/IMG-20210903-WA0004-1.jpg)\">-->\n\t\t\t\t\t<a href=\"https:\/\/camping-savoie-levaugrais.com\/wp-content\/uploads\/2021\/09\/IMG-20210903-WA0004-1.jpg\" data-lightbox=\"sevgallery-918344249\">\n\t\t\t\t\t\t<img decoding=\"async\" src=\"https:\/\/camping-savoie-levaugrais.com\/wp-content\/uploads\/2021\/09\/IMG-20210903-WA0004-1.jpg\" alt=\"\" loading=\"lazy\">\n\t\t\t\t\t<\/a>\n\t\t\t\t<\/div>\n\n\t\t\t\t\n\t\t\t\t\t\t\t\t\t\t\t\n\t\t\t\t\n\t\t\t\t<div class=\"sev-diaporama-portfolio-item col-12 col-lg \">\n\t\t\t\t\t<!--<a href=\"https:\/\/camping-savoie-levaugrais.com\/wp-content\/uploads\/2021\/09\/IMG-20210903-WA0005-1.jpg\" data-lightbox=\"sevgallery-918344249\" style=\"background-image: url(https:\/\/camping-savoie-levaugrais.com\/wp-content\/uploads\/2021\/09\/IMG-20210903-WA0005-1.jpg)\">-->\n\t\t\t\t\t<a href=\"https:\/\/camping-savoie-levaugrais.com\/wp-content\/uploads\/2021\/09\/IMG-20210903-WA0005-1.jpg\" data-lightbox=\"sevgallery-918344249\">\n\t\t\t\t\t\t<img decoding=\"async\" src=\"https:\/\/camping-savoie-levaugrais.com\/wp-content\/uploads\/2021\/09\/IMG-20210903-WA0005-1.jpg\" alt=\"\" loading=\"lazy\">\n\t\t\t\t\t<\/a>\n\t\t\t\t<\/div>\n\n\t\t\t\t\n\t\t\t\t\t\t\t\t\t\t\t\n\t\t\t\t\n\t\t\t\t<div class=\"sev-diaporama-portfolio-item col-12 col-lg  col-grow\">\n\t\t\t\t\t<!--<a href=\"https:\/\/camping-savoie-levaugrais.com\/wp-content\/uploads\/2021\/09\/IMG-20210903-WA0007-1.jpg\" data-lightbox=\"sevgallery-918344249\" style=\"background-image: url(https:\/\/camping-savoie-levaugrais.com\/wp-content\/uploads\/2021\/09\/IMG-20210903-WA0007-1.jpg)\">-->\n\t\t\t\t\t<a href=\"https:\/\/camping-savoie-levaugrais.com\/wp-content\/uploads\/2021\/09\/IMG-20210903-WA0007-1.jpg\" data-lightbox=\"sevgallery-918344249\">\n\t\t\t\t\t\t<img decoding=\"async\" src=\"https:\/\/camping-savoie-levaugrais.com\/wp-content\/uploads\/2021\/09\/IMG-20210903-WA0007-1.jpg\" alt=\"\" loading=\"lazy\">\n\t\t\t\t\t<\/a>\n\t\t\t\t<\/div>\n\n\t\t\t\t\n\t\t\t\t\t\t\t\t\t\t\t\n\t\t\t\t\n\t\t\t\t<div class=\"sev-diaporama-portfolio-item col-12 col-lg \">\n\t\t\t\t\t<!--<a href=\"https:\/\/camping-savoie-levaugrais.com\/wp-content\/uploads\/2021\/09\/IMG-20210903-WA0008-1.jpg\" data-lightbox=\"sevgallery-918344249\" style=\"background-image: url(https:\/\/camping-savoie-levaugrais.com\/wp-content\/uploads\/2021\/09\/IMG-20210903-WA0008-1.jpg)\">-->\n\t\t\t\t\t<a href=\"https:\/\/camping-savoie-levaugrais.com\/wp-content\/uploads\/2021\/09\/IMG-20210903-WA0008-1.jpg\" data-lightbox=\"sevgallery-918344249\">\n\t\t\t\t\t\t<img decoding=\"async\" src=\"https:\/\/camping-savoie-levaugrais.com\/wp-content\/uploads\/2021\/09\/IMG-20210903-WA0008-1.jpg\" alt=\"\" loading=\"lazy\">\n\t\t\t\t\t<\/a>\n\t\t\t\t<\/div>\n\n\t\t\t\t\t\t\t\t\t<div class=\"w-100\"><\/div>\n\t\t\t\t\t\t\t\t\t\n\t\t\t\t\t\t\t\t\t\t\t\t\t\t<\/div>\n\t\t\t<\/div>\n\n\t\t\t<script>\n\t\t\tjQuery(function($) {\n\n\t\t\t\tvar marginPortfolio = function() {\n\n\t\t\t\t\tvar $diapo          = $('#sevgallery-918344249');\n\t\t\t\t\tvar container_width = $diapo.parent().outerWidth();\n\t\t\t\t\tvar side            = ( $(window).innerWidth() - container_width ) \/ 2;\n\n\t\t\t\t\t$diapo.css( {\n\t\t\t\t\t\t'margin-left': '-' + side + 'px',\n\t\t\t\t\t\t'margin-right': '-' + side + 'px',\n\t\t\t\t\t} );\n\t\t\t\t};\n\n\t\t\t\t$( window ).resize( function() {\n\t\t\t\t\tmarginPortfolio();\n\t\t\t\t} );\n\t\t\t\tmarginPortfolio();\n\t\t\t});\n\t\t\t<\/script>\n\t\t\t\n","protected":false},"excerpt":{"rendered":"<p>Kom aan boord van een rondvaartboot (Bateau Canal) voor een uitzonderlijke tocht over het kanaal van Savi\u00e8res. Laat je betoveren door het rustige ritme van het water terwijl je de flora en fauna ontdekt die dit prachtige landschap omringen. Bij elke bocht zullen de gidsen hun kennis delen en de natuurlijke schatten van het kanaal [&hellip;]<\/p>\n","protected":false},"author":1,"featured_media":0,"parent":4367,"menu_order":0,"comment_status":"closed","ping_status":"closed","template":"","meta":{"_seopress_robots_primary_cat":"","_seopress_titles_title":"Paardrijden voor de Alpen in de buurt van de camping Vaugrais","_seopress_titles_desc":"","_seopress_robots_index":"","_crdt_document":"","footnotes":""},"class_list":["post-4622","page","type-page","status-publish","hentry"],"_links":{"self":[{"href":"https:\/\/camping-savoie-levaugrais.com\/nl\/wp-json\/wp\/v2\/pages\/4622","targetHints":{"allow":["GET"]}}],"collection":[{"href":"https:\/\/camping-savoie-levaugrais.com\/nl\/wp-json\/wp\/v2\/pages"}],"about":[{"href":"https:\/\/camping-savoie-levaugrais.com\/nl\/wp-json\/wp\/v2\/types\/page"}],"author":[{"embeddable":true,"href":"https:\/\/camping-savoie-levaugrais.com\/nl\/wp-json\/wp\/v2\/users\/1"}],"replies":[{"embeddable":true,"href":"https:\/\/camping-savoie-levaugrais.com\/nl\/wp-json\/wp\/v2\/comments?post=4622"}],"version-history":[{"count":5,"href":"https:\/\/camping-savoie-levaugrais.com\/nl\/wp-json\/wp\/v2\/pages\/4622\/revisions"}],"predecessor-version":[{"id":16643,"href":"https:\/\/camping-savoie-levaugrais.com\/nl\/wp-json\/wp\/v2\/pages\/4622\/revisions\/16643"}],"up":[{"embeddable":true,"href":"https:\/\/camping-savoie-levaugrais.com\/nl\/wp-json\/wp\/v2\/pages\/4367"}],"wp:attachment":[{"href":"https:\/\/camping-savoie-levaugrais.com\/nl\/wp-json\/wp\/v2\/media?parent=4622"}],"curies":[{"name":"wp","href":"https:\/\/api.w.org\/{rel}","templated":true}]}}