{"id":4703,"date":"2021-10-08T11:11:07","date_gmt":"2021-10-08T09:11:07","guid":{"rendered":"https:\/\/camping-savoie-levaugrais.com\/verzoek-om-toegang-tot-gegevens\/"},"modified":"2021-10-08T11:12:01","modified_gmt":"2021-10-08T09:12:01","slug":"verzoek-om-toegang-tot-gegevens","status":"publish","type":"page","link":"https:\/\/camping-savoie-levaugrais.com\/nl\/verzoek-om-toegang-tot-gegevens\/","title":{"rendered":"Verzoek om toegang tot gegevens"},"content":{"rendered":"\n\t\t\n\t\t\t<form action=\"\" class=\"form-contact form-accesdonnees\" role=\"form\" method=\"post\">\n\t\t\t\t<p>\n\t\t\t\t\tAls u uw persoonlijke gegevens wilt openen, wijzigen of verwijderen, vult u dit formulier &lt;strong&gt; zo nauwkeurig mogelijk in &lt;\/ strong&gt;.\t\t\t\t\t\n\t\t\t\t<\/p>\n\t\t\t\t<div class=\"form-row\">\n\n\t\t\t\t\t<div class=\"form-group col-md-6 \">\n\t\t\t\t\t\t<label class=\"col-form-label\" for=\"contact-nom\">Name *<\/label>\n\t\t\t\t\t\t<input type=\"text\" id=\"contact-nom\" name=\"nom\" class=\"form-control\" value=\"\" required>\n\t\t\t\t\t\t<span class=\"help-block\"><\/span>\n\t\t\t\t\t<\/div>\n\n\t\t\t\t\t<div class=\"form-group col-md-6 \">\n\t\t\t\t\t\t<label class=\"col-form-label\" for=\"contact-prenom\">First name *<\/label>\n\t\t\t\t\t\t<input type=\"text\" id=\"contact-prenom\" name=\"prenom\" class=\"form-control\" value=\"\" required>\n\t\t\t\t\t\t<span class=\"help-block\"><\/span>\n\t\t\t\t\t<\/div>\n\n\t\t\t\t<\/div>\n\t\t\t\t<div class=\"form-row\">\n\n\t\t\t\t\t<div class=\"form-group col-md-12 \">\n\t\t\t\t\t\t<label class=\"col-form-label\" for=\"contact-email\">E-mail *<\/label>\n\t\t\t\t\t\t<input type=\"email\" name=\"email\" id=\"contact-email\" class=\"form-control\" value=\"\" required>\n\t\t\t\t\t\t<span class=\"help-block\"><\/span>\n\t\t\t\t\t<\/div>\n\n\t\t\t\t<\/div>\n\t\t\t\t<div class=\"form-group\">\n\t\t\t\t\t<label class=\"col-form-label\" for=\"contact-msg\">Geef uw verzoek op *<\/label>\n\t\t\t\t\t<textarea name=\"msg\" id=\"contact-msg\" class=\"form-control\" rows=\"3\" required><\/textarea>\n\t\t\t\t\t<span class=\"help-block\"><\/span>\n\t\t\t\t<\/div>\n\n\t\t\t\t<div class=\"d-flex form-group flex-wrap \" required>\n\t\t\t\t\t<div class=\"form-check\">\n\t\t\t\t\t\t\n\t\t\t\t\t\t<input type=\"checkbox\" class=\"form-check-input\" id=\"contact-rgpd\" name=\"rgpd\">\n\t\t\t\t\t\t<label class=\"col-form-label pt-0\" for=\"contact-rgpd\">\n\t\t\t\t\t\t\tEn soumettant ce formulaire, j&#039;accepte que les informations saisies soient exploit\u00e9es dans le cadre de la demande d&#039;acc\u00e8s, de modification ou de suppression de mes donn\u00e9es personnelles *\n\t\t\t\t\t\t<\/label>\n\t\t\t\t\t\t<span class=\"help-block\"><\/span>\n\t\t\t\t\t<\/div>\n\t\t\t\t<\/div>\n\n\t\t\t\t<div class=\"form-group contact-texte-container\">\n\t\t\t\t\t<input type=\"text\" class=\"contact-texte\" name=\"texte\" value=\"\">\n\t\t\t\t<\/div>\n\n\t\t\t\t<div class=\"form-group text-center\">\n\t\t\t\t\t<input type=\"hidden\" name=\"nonce\" value=\"d144b20f3c\">\n\t\t\t\t\t<button type=\"submit\" name=\"submit\" class=\"btn btn-default\">Send<\/button>\n\t\t\t\t<\/div>\n\n\t\t\t\t<p><small>*Specify your request<\/small><\/p>\n\t\t\t<\/form>\n\n\t\t\n","protected":false},"excerpt":{"rendered":"","protected":false},"author":1,"featured_media":0,"parent":0,"menu_order":0,"comment_status":"closed","ping_status":"closed","template":"","meta":{"_seopress_robots_primary_cat":"","_seopress_titles_title":"Verzoek om toegang tot gegevens - 3 sterren camping le Vaugrais","_seopress_titles_desc":"","_seopress_robots_index":"","_crdt_document":"","footnotes":""},"class_list":["post-4703","page","type-page","status-publish","hentry"],"_links":{"self":[{"href":"https:\/\/camping-savoie-levaugrais.com\/nl\/wp-json\/wp\/v2\/pages\/4703","targetHints":{"allow":["GET"]}}],"collection":[{"href":"https:\/\/camping-savoie-levaugrais.com\/nl\/wp-json\/wp\/v2\/pages"}],"about":[{"href":"https:\/\/camping-savoie-levaugrais.com\/nl\/wp-json\/wp\/v2\/types\/page"}],"author":[{"embeddable":true,"href":"https:\/\/camping-savoie-levaugrais.com\/nl\/wp-json\/wp\/v2\/users\/1"}],"replies":[{"embeddable":true,"href":"https:\/\/camping-savoie-levaugrais.com\/nl\/wp-json\/wp\/v2\/comments?post=4703"}],"version-history":[{"count":3,"href":"https:\/\/camping-savoie-levaugrais.com\/nl\/wp-json\/wp\/v2\/pages\/4703\/revisions"}],"predecessor-version":[{"id":4787,"href":"https:\/\/camping-savoie-levaugrais.com\/nl\/wp-json\/wp\/v2\/pages\/4703\/revisions\/4787"}],"wp:attachment":[{"href":"https:\/\/camping-savoie-levaugrais.com\/nl\/wp-json\/wp\/v2\/media?parent=4703"}],"curies":[{"name":"wp","href":"https:\/\/api.w.org\/{rel}","templated":true}]}}