{"id":4805,"date":"2021-10-08T11:22:51","date_gmt":"2021-10-08T09:22:51","guid":{"rendered":"https:\/\/camping-savoie-levaugrais.com\/activiteiten\/"},"modified":"2025-11-10T19:36:35","modified_gmt":"2025-11-10T18:36:35","slug":"activiteiten","status":"publish","type":"page","link":"https:\/\/camping-savoie-levaugrais.com\/nl\/activiteiten\/","title":{"rendered":"Activiteiten"},"content":{"rendered":"<div class=\"wp-block-image\">\n<figure class=\"aligncenter size-large is-resized\"><img loading=\"lazy\" decoding=\"async\" width=\"1024\" height=\"576\" src=\"https:\/\/camping-savoie-levaugrais.com\/wp-content\/uploads\/2025\/01\/Nature-confort-detente-en-neerlandais-1-1024x576.jpg\" alt=\"\" class=\"wp-image-16306\" style=\"width:338px;height:auto\" srcset=\"https:\/\/camping-savoie-levaugrais.com\/wp-content\/uploads\/2025\/01\/Nature-confort-detente-en-neerlandais-1-1024x576.jpg 1024w, https:\/\/camping-savoie-levaugrais.com\/wp-content\/uploads\/2025\/01\/Nature-confort-detente-en-neerlandais-1-300x169.jpg 300w, https:\/\/camping-savoie-levaugrais.com\/wp-content\/uploads\/2025\/01\/Nature-confort-detente-en-neerlandais-1-768x432.jpg 768w, https:\/\/camping-savoie-levaugrais.com\/wp-content\/uploads\/2025\/01\/Nature-confort-detente-en-neerlandais-1-1536x864.jpg 1536w, https:\/\/camping-savoie-levaugrais.com\/wp-content\/uploads\/2025\/01\/Nature-confort-detente-en-neerlandais-1.jpg 1920w\" sizes=\"auto, (max-width: 1024px) 100vw, 1024px\" \/><\/figure>\n<\/div>\n\n\n<h2 class=\"wp-block-heading\">Voldoening en ontspanning op de camping<\/h2>\n\n\n\n<div class=\"wp-block-media-text is-stacked-on-mobile\"><figure class=\"wp-block-media-text__media\"><img loading=\"lazy\" decoding=\"async\" width=\"900\" height=\"1350\" src=\"https:\/\/camping-savoie-levaugrais.com\/wp-content\/uploads\/2025\/11\/allee-fleurie-geraniums-camping-le-vaugrais.jpg.webp\" alt=\"All\u00e9e fleurie du Camping Le Vaugrais : accueil fleuri et convivial\" class=\"wp-image-17797 size-full\"\/><\/figure><div class=\"wp-block-media-text__content\">\n<p class=\"wp-block-paragraph\"><strong>Bij ons vindt u geen schuimfeesten in het zwembad of een kinderclub.<\/strong><\/p>\n\n\n\n<p class=\"wp-block-paragraph\">Hier is de belangrijkste bezigheid uitrusten onder de bomen, luisteren naar de vogels, een boek lezen. In Le Vaugrais bieden wij u een oase van rust waar de natuur koningin is: onder de bomen kunt u luisteren naar de vogels, de fauna observeren en genieten van momenten van absolute rust. Ver weg van luidruchtige animaties nodigt onze camping, genesteld in een groene omgeving, u uit om volledig tot rust te komen, u onder te dompelen in de biodiversiteit en een onvergetelijke ervaring in harmonie met de natuur te beleven.<\/p>\n\n\n\n<p class=\"wp-block-paragraph\">Om ter plaatse te ontspannen:<\/p>\n\n\n\n<p class=\"wp-block-paragraph\">1 verwarmd zwembad, geopend van 1 juni tot 20 september<br>talrijke wandel- en fietsroutes vanaf de camping<br>2 tafeltennistafels en 1 tafelvoetbaltafel<\/p>\n\n\n\n<p class=\"wp-block-paragraph\">De openingstijden van de receptie vari\u00ebren naargelang de periode. De openingstijden worden op de deur van de receptie aangegeven.<\/p>\n\n\n\n<p class=\"wp-block-paragraph\">In het laagseizoen (april \u2013 mei \u2013 juni en september): van 8.00 tot 12.00 uur en van 14.00 tot 19.00 uur.<\/p>\n\n\n\n<p class=\"wp-block-paragraph\">In het hoogseizoen (juli en augustus): van 8.00 tot 12.00 uur en van 14.00 tot 21.00 uur.<\/p>\n<\/div><\/div>\n\n\n\n<div class=\"wp-block-media-text has-media-on-the-right is-stacked-on-mobile\"><div class=\"wp-block-media-text__content\">\n<p class=\"wp-block-paragraph\"><strong>Ontspanning en gezelligheid: bibliotheek &amp; spelletjes voor jong en oud<\/strong><\/p>\n\n\n\n<p class=\"wp-block-paragraph\">Op camping Le Vaugrais leggen we de nadruk op ontspanning en gezelligheid: duik in een goed boek dankzij onze gedeelde boekenbox, of geniet van onze gezelschapsspellen voor momenten van plezier en gezelligheid met familie of vrienden.<\/p>\n\n\n\n<p class=\"wp-block-paragraph\">Of u nu een fervent lezer bent of een liefhebber van spelletjes, hier vindt u alles wat u nodig heeft om uw verblijf onvergetelijk te maken. Kom en beleef eenvoudige, magische en plezierige momenten met ons! \ud83d\udcda\ud83c\udfb2<\/p>\n<\/div><figure class=\"wp-block-media-text__media\"><img loading=\"lazy\" decoding=\"async\" width=\"1200\" height=\"800\" src=\"https:\/\/camping-savoie-levaugrais.com\/wp-content\/uploads\/2025\/11\/defi-kapla-enfant-snack-bar-camping-le-vaugrais.jpg.webp\" alt=\"Enfant participant au d\u00e9fi Kapla sur la terrasse du Camping Le Vaugrais : animation ludique et cr\u00e9ative\" class=\"wp-image-17777 size-full\"\/><\/figure><\/div>\n\n\n\n<div class=\"wp-block-media-text is-stacked-on-mobile\"><figure class=\"wp-block-media-text__media\"><img loading=\"lazy\" decoding=\"async\" width=\"1200\" height=\"800\" src=\"https:\/\/camping-savoie-levaugrais.com\/wp-content\/uploads\/2025\/11\/IMG_4845-retouche-ok.webp\" alt=\"aire de jeux au camping le vaugrais \" class=\"wp-image-17624 size-full\"\/><\/figure><div class=\"wp-block-media-text__content\">\n<p class=\"wp-block-paragraph\"><strong>Onze speeltuin: ontspanning en gezelligheid<\/strong><\/p>\n\n\n\n<p class=\"wp-block-paragraph\">Glijbaan, veerspeelgoed, apenbrug en klimwand: alles is ontworpen om uw kleintjes veilig te laten spelen. Het is de ideale plek voor hen om zich uit te leven, nieuwe vrienden te maken en urenlang te spelen. Ondertussen kunnen ouders in de buurt ontspannen en genieten van een moment van rust.<\/p>\n\n\n\n<p class=\"wp-block-paragraph\">Kom deze speelruimte ontdekken waar jong en oud hun geluk vinden! \ud83c\udfa0\ud83e\udd38\u200d\u2642\ufe0f\ud83c\udf1e<\/p>\n<\/div><\/div>\n\n\n\n<div class=\"wp-block-media-text has-media-on-the-right is-stacked-on-mobile\"><div class=\"wp-block-media-text__content\">\n<p class=\"wp-block-paragraph\"><strong>Feestelijke sfeer in Le Vaugrais: muzikale avonden die u niet mag missen! \ud83c\udfa4<\/strong><\/p>\n\n\n\n<p class=\"wp-block-paragraph\">Elke zomer, \u00e9\u00e9n keer per week: het terras van de snackbar van Le Vaugrais verandert in een echt feestpodium!<\/p>\n\n\n\n<p class=\"wp-block-paragraph\">Kom luisteren naar uw favoriete liedjes, neurie mee of begeleid de zanger zelfs op de bekendste deuntjes en deel een hoop plezier tijdens onze muzikale avonden.<\/p>\n\n\n\n<p class=\"wp-block-paragraph\">De avonden zijn leuk, levendig en respectvol voor ieders rust, ze eindigen uiterlijk om 22.30 uur.\ud83c\udfb6\ud83c\udfb2\ud83d\udc83<\/p>\n<\/div><figure class=\"wp-block-media-text__media\"><img loading=\"lazy\" decoding=\"async\" width=\"1200\" height=\"800\" src=\"https:\/\/camping-savoie-levaugrais.com\/wp-content\/uploads\/2025\/11\/animation-musicale-guitare-saxophone-terrasse-camping-le-vaugrais.jpg.webp\" alt=\"Animation musicale en live avec guitare et saxophone sur la terrasse du Camping Le Vaugrais : soir\u00e9e lounge estivale\" class=\"wp-image-17785 size-full\"\/><\/figure><\/div>\n\n\n\n<div class=\"wp-block-media-text is-stacked-on-mobile\"><figure class=\"wp-block-media-text__media\"><img loading=\"lazy\" decoding=\"async\" width=\"1200\" height=\"800\" src=\"https:\/\/camping-savoie-levaugrais.com\/wp-content\/uploads\/2025\/11\/balade-participative-camping-le-vaugrais-decouverte-region.jpg.webp\" alt=\"Balade \u00e0 pied avec les campeurs du Camping Le Vaugrais : d\u00e9couvrez la r\u00e9gion\" class=\"wp-image-17789 size-full\"\/><\/figure><div class=\"wp-block-media-text__content\">\n<p class=\"wp-block-paragraph\"><strong>Ontsnappen naar het hart van de natuur<\/strong><\/p>\n\n\n\n<p class=\"wp-block-paragraph\">Laat u elke zomer \u00e9\u00e9n keer per week door H\u00e9l\u00e8ne en Pierre begeleiden tijdens een gratis gezinswandeling, waar jong en oud samen kunnen ontsnappen.<\/p>\n\n\n\n<p class=\"wp-block-paragraph\">Vergeet de toeristische routes, hier nemen we u mee naar geheime plekjes, verborgen in de brochures, waar de natuur in al haar pracht tot bloei komt.<\/p>\n\n\n\n<p class=\"wp-block-paragraph\">Honden mogen ook mee om deze momenten van saamhorigheid te delen.<\/p>\n\n\n\n<p class=\"wp-block-paragraph\">Geen competitie, gewoon een moment om te praten, te ontspannen en nieuwe kampeervrienden te ontmoeten in een serene en vriendelijke sfeer. \ud83c\udf32\ud83d\udc9a<\/p>\n<\/div><\/div>\n\n\n\n<div class=\"wp-block-columns is-layout-flex wp-container-core-columns-is-layout-8f761849 wp-block-columns-is-layout-flex\"><\/div>\n\n\n\t\t\t<div id=\"sevgallery-362734374\" class=\"sev-diaporama sev-diaporama-portfolio\">\n\t\t\t<div class=\"row\">\n\n\t\t\t\n\t\t\t\t\n\t\t\t\t<div class=\"sev-diaporama-portfolio-item col-12 col-lg  col-grow\">\n\t\t\t\t\t<!--<a href=\"https:\/\/camping-savoie-levaugrais.com\/wp-content\/uploads\/2024\/11\/Camping_Le_Vaugrais_128-Personnalise.jpg\" data-lightbox=\"sevgallery-362734374\" style=\"background-image: url(https:\/\/camping-savoie-levaugrais.com\/wp-content\/uploads\/2024\/11\/Camping_Le_Vaugrais_128-Personnalise.jpg)\">-->\n\t\t\t\t\t<a href=\"https:\/\/camping-savoie-levaugrais.com\/wp-content\/uploads\/2024\/11\/Camping_Le_Vaugrais_128-Personnalise.jpg\" data-lightbox=\"sevgallery-362734374\">\n\t\t\t\t\t\t<img decoding=\"async\" src=\"https:\/\/camping-savoie-levaugrais.com\/wp-content\/uploads\/2024\/11\/Camping_Le_Vaugrais_128-Personnalise.jpg\" alt=\"aire de jeux\" loading=\"lazy\">\n\t\t\t\t\t<\/a>\n\t\t\t\t<\/div>\n\n\t\t\t\t\n\t\t\t\t\t\t\t\t\t\t\t\n\t\t\t\t\n\t\t\t\t<div class=\"sev-diaporama-portfolio-item col-12 col-lg  col-shrink\">\n\t\t\t\t\t<!--<a href=\"https:\/\/camping-savoie-levaugrais.com\/wp-content\/uploads\/2021\/07\/web089.jpg\" data-lightbox=\"sevgallery-362734374\" style=\"background-image: url(https:\/\/camping-savoie-levaugrais.com\/wp-content\/uploads\/2021\/07\/web089.jpg)\">-->\n\t\t\t\t\t<a href=\"https:\/\/camping-savoie-levaugrais.com\/wp-content\/uploads\/2021\/07\/web089.jpg\" data-lightbox=\"sevgallery-362734374\">\n\t\t\t\t\t\t<img decoding=\"async\" src=\"https:\/\/camping-savoie-levaugrais.com\/wp-content\/uploads\/2021\/07\/web089.jpg\" alt=\"\" loading=\"lazy\">\n\t\t\t\t\t<\/a>\n\t\t\t\t<\/div>\n\n\t\t\t\t\n\t\t\t\t\t\t\t\t\t\t\t\n\t\t\t\t\n\t\t\t\t<div class=\"sev-diaporama-portfolio-item col-12 col-lg \">\n\t\t\t\t\t<!--<a href=\"https:\/\/camping-savoie-levaugrais.com\/wp-content\/uploads\/2024\/09\/IMG_2213-internet.jpg\" data-lightbox=\"sevgallery-362734374\" style=\"background-image: url(https:\/\/camping-savoie-levaugrais.com\/wp-content\/uploads\/2024\/09\/IMG_2213-internet.jpg)\">-->\n\t\t\t\t\t<a href=\"https:\/\/camping-savoie-levaugrais.com\/wp-content\/uploads\/2024\/09\/IMG_2213-internet.jpg\" data-lightbox=\"sevgallery-362734374\">\n\t\t\t\t\t\t<img decoding=\"async\" src=\"https:\/\/camping-savoie-levaugrais.com\/wp-content\/uploads\/2024\/09\/IMG_2213-internet.jpg\" alt=\"babyfoot\" loading=\"lazy\">\n\t\t\t\t\t<\/a>\n\t\t\t\t<\/div>\n\n\t\t\t\t\n\t\t\t\t\t\t\t\t\t\t\t\n\t\t\t\t\n\t\t\t\t<div class=\"sev-diaporama-portfolio-item col-12 col-lg  col-grow\">\n\t\t\t\t\t<!--<a href=\"https:\/\/camping-savoie-levaugrais.com\/wp-content\/uploads\/2024\/11\/Camping-le-Vaugrais_58-Personnalise.jpg\" data-lightbox=\"sevgallery-362734374\" style=\"background-image: url(https:\/\/camping-savoie-levaugrais.com\/wp-content\/uploads\/2024\/11\/Camping-le-Vaugrais_58-Personnalise.jpg)\">-->\n\t\t\t\t\t<a href=\"https:\/\/camping-savoie-levaugrais.com\/wp-content\/uploads\/2024\/11\/Camping-le-Vaugrais_58-Personnalise.jpg\" data-lightbox=\"sevgallery-362734374\">\n\t\t\t\t\t\t<img decoding=\"async\" src=\"https:\/\/camping-savoie-levaugrais.com\/wp-content\/uploads\/2024\/11\/Camping-le-Vaugrais_58-Personnalise.jpg\" alt=\"aire p\u00e9tanque\" loading=\"lazy\">\n\t\t\t\t\t<\/a>\n\t\t\t\t<\/div>\n\n\t\t\t\t\t\t\t\t\t<div class=\"w-100\"><\/div>\n\t\t\t\t\t\t\t\t\t\n\t\t\t\t\t\t\t\t\t\t\t\n\t\t\t\t\n\t\t\t\t<div class=\"sev-diaporama-portfolio-item col-12 col-lg  col-grow\">\n\t\t\t\t\t<!--<a href=\"https:\/\/camping-savoie-levaugrais.com\/wp-content\/uploads\/2021\/08\/Camping_Le_Vaugrais_114.jpg\" data-lightbox=\"sevgallery-362734374\" style=\"background-image: url(https:\/\/camping-savoie-levaugrais.com\/wp-content\/uploads\/2021\/08\/Camping_Le_Vaugrais_114.jpg)\">-->\n\t\t\t\t\t<a href=\"https:\/\/camping-savoie-levaugrais.com\/wp-content\/uploads\/2021\/08\/Camping_Le_Vaugrais_114.jpg\" data-lightbox=\"sevgallery-362734374\">\n\t\t\t\t\t\t<img decoding=\"async\" src=\"https:\/\/camping-savoie-levaugrais.com\/wp-content\/uploads\/2021\/08\/Camping_Le_Vaugrais_114.jpg\" alt=\"\" loading=\"lazy\">\n\t\t\t\t\t<\/a>\n\t\t\t\t<\/div>\n\n\t\t\t\t\n\t\t\t\t\t\t\t\t\t\t\t\n\t\t\t\t\n\t\t\t\t<div class=\"sev-diaporama-portfolio-item col-12 col-lg \">\n\t\t\t\t\t<!--<a href=\"https:\/\/camping-savoie-levaugrais.com\/wp-content\/uploads\/2024\/11\/Camping_Le_Vaugrais_109-Personnalise.jpg\" data-lightbox=\"sevgallery-362734374\" style=\"background-image: url(https:\/\/camping-savoie-levaugrais.com\/wp-content\/uploads\/2024\/11\/Camping_Le_Vaugrais_109-Personnalise.jpg)\">-->\n\t\t\t\t\t<a href=\"https:\/\/camping-savoie-levaugrais.com\/wp-content\/uploads\/2024\/11\/Camping_Le_Vaugrais_109-Personnalise.jpg\" data-lightbox=\"sevgallery-362734374\">\n\t\t\t\t\t\t<img decoding=\"async\" src=\"https:\/\/camping-savoie-levaugrais.com\/wp-content\/uploads\/2024\/11\/Camping_Le_Vaugrais_109-Personnalise.jpg\" alt=\"piscine\" loading=\"lazy\">\n\t\t\t\t\t<\/a>\n\t\t\t\t<\/div>\n\n\t\t\t\t\n\t\t\t\t\t\t\t\t\t\t\t\n\t\t\t\t\n\t\t\t\t<div class=\"sev-diaporama-portfolio-item col-12 col-lg  col-grow\">\n\t\t\t\t\t<!--<a href=\"https:\/\/camping-savoie-levaugrais.com\/wp-content\/uploads\/2024\/09\/IMG_2334-retouche-internet.jpg\" data-lightbox=\"sevgallery-362734374\" style=\"background-image: url(https:\/\/camping-savoie-levaugrais.com\/wp-content\/uploads\/2024\/09\/IMG_2334-retouche-internet.jpg)\">-->\n\t\t\t\t\t<a href=\"https:\/\/camping-savoie-levaugrais.com\/wp-content\/uploads\/2024\/09\/IMG_2334-retouche-internet.jpg\" data-lightbox=\"sevgallery-362734374\">\n\t\t\t\t\t\t<img decoding=\"async\" src=\"https:\/\/camping-savoie-levaugrais.com\/wp-content\/uploads\/2024\/09\/IMG_2334-retouche-internet.jpg\" alt=\"animation tir \u00e0 l&#039;arc\" loading=\"lazy\">\n\t\t\t\t\t<\/a>\n\t\t\t\t<\/div>\n\n\t\t\t\t\n\t\t\t\t\t\t\t\t\t\t\t\n\t\t\t\t\n\t\t\t\t<div class=\"sev-diaporama-portfolio-item col-12 col-lg  col-grow\">\n\t\t\t\t\t<!--<a href=\"https:\/\/camping-savoie-levaugrais.com\/wp-content\/uploads\/2024\/09\/IMG_2290-retouche-internet.jpg\" data-lightbox=\"sevgallery-362734374\" style=\"background-image: url(https:\/\/camping-savoie-levaugrais.com\/wp-content\/uploads\/2024\/09\/IMG_2290-retouche-internet.jpg)\">-->\n\t\t\t\t\t<a href=\"https:\/\/camping-savoie-levaugrais.com\/wp-content\/uploads\/2024\/09\/IMG_2290-retouche-internet.jpg\" data-lightbox=\"sevgallery-362734374\">\n\t\t\t\t\t\t<img decoding=\"async\" src=\"https:\/\/camping-savoie-levaugrais.com\/wp-content\/uploads\/2024\/09\/IMG_2290-retouche-internet.jpg\" alt=\"activit\u00e9 manuelle au Vaugrais\" loading=\"lazy\">\n\t\t\t\t\t<\/a>\n\t\t\t\t<\/div>\n\n\t\t\t\t\t\t\t\t\t<div class=\"w-100\"><\/div>\n\t\t\t\t\t\t\t\t\t\n\t\t\t\t\t\t\t\t\t\t\t\n\t\t\t\t\n\t\t\t\t<div class=\"sev-diaporama-portfolio-item col-12 col-lg  col-shrink\">\n\t\t\t\t\t<!--<a href=\"https:\/\/camping-savoie-levaugrais.com\/wp-content\/uploads\/2024\/09\/IMG_2286-retouche-internet.jpg\" data-lightbox=\"sevgallery-362734374\" style=\"background-image: url(https:\/\/camping-savoie-levaugrais.com\/wp-content\/uploads\/2024\/09\/IMG_2286-retouche-internet.jpg)\">-->\n\t\t\t\t\t<a href=\"https:\/\/camping-savoie-levaugrais.com\/wp-content\/uploads\/2024\/09\/IMG_2286-retouche-internet.jpg\" data-lightbox=\"sevgallery-362734374\">\n\t\t\t\t\t\t<img decoding=\"async\" src=\"https:\/\/camping-savoie-levaugrais.com\/wp-content\/uploads\/2024\/09\/IMG_2286-retouche-internet.jpg\" alt=\"activit\u00e9 enfant\" loading=\"lazy\">\n\t\t\t\t\t<\/a>\n\t\t\t\t<\/div>\n\n\t\t\t\t\n\t\t\t\t\t\t\t\t\t\t\t\n\t\t\t\t\n\t\t\t\t<div class=\"sev-diaporama-portfolio-item col-12 col-lg \">\n\t\t\t\t\t<!--<a href=\"https:\/\/camping-savoie-levaugrais.com\/wp-content\/uploads\/2024\/09\/IMG_2201-retouche-internet.jpg\" data-lightbox=\"sevgallery-362734374\" style=\"background-image: url(https:\/\/camping-savoie-levaugrais.com\/wp-content\/uploads\/2024\/09\/IMG_2201-retouche-internet.jpg)\">-->\n\t\t\t\t\t<a href=\"https:\/\/camping-savoie-levaugrais.com\/wp-content\/uploads\/2024\/09\/IMG_2201-retouche-internet.jpg\" data-lightbox=\"sevgallery-362734374\">\n\t\t\t\t\t\t<img decoding=\"async\" src=\"https:\/\/camping-savoie-levaugrais.com\/wp-content\/uploads\/2024\/09\/IMG_2201-retouche-internet.jpg\" alt=\"loto\" loading=\"lazy\">\n\t\t\t\t\t<\/a>\n\t\t\t\t<\/div>\n\n\t\t\t\t\n\t\t\t\t\t\t\t\t\t\t\t\n\t\t\t\t\n\t\t\t\t<div class=\"sev-diaporama-portfolio-item col-12 col-lg  col-shrink\">\n\t\t\t\t\t<!--<a href=\"https:\/\/camping-savoie-levaugrais.com\/wp-content\/uploads\/2024\/09\/IMG_1957-retouche-photo-internet.jpg\" data-lightbox=\"sevgallery-362734374\" style=\"background-image: url(https:\/\/camping-savoie-levaugrais.com\/wp-content\/uploads\/2024\/09\/IMG_1957-retouche-photo-internet.jpg)\">-->\n\t\t\t\t\t<a href=\"https:\/\/camping-savoie-levaugrais.com\/wp-content\/uploads\/2024\/09\/IMG_1957-retouche-photo-internet.jpg\" data-lightbox=\"sevgallery-362734374\">\n\t\t\t\t\t\t<img decoding=\"async\" src=\"https:\/\/camping-savoie-levaugrais.com\/wp-content\/uploads\/2024\/09\/IMG_1957-retouche-photo-internet.jpg\" alt=\"ping pong\" loading=\"lazy\">\n\t\t\t\t\t<\/a>\n\t\t\t\t<\/div>\n\n\t\t\t\t\n\t\t\t\t\t\t\t\t\t\t\t\n\t\t\t\t\n\t\t\t\t<div class=\"sev-diaporama-portfolio-item col-12 col-lg  col-grow\">\n\t\t\t\t\t<!--<a href=\"https:\/\/camping-savoie-levaugrais.com\/wp-content\/uploads\/2024\/09\/IMG_2143-retouche-internet.jpg\" data-lightbox=\"sevgallery-362734374\" style=\"background-image: url(https:\/\/camping-savoie-levaugrais.com\/wp-content\/uploads\/2024\/09\/IMG_2143-retouche-internet.jpg)\">-->\n\t\t\t\t\t<a href=\"https:\/\/camping-savoie-levaugrais.com\/wp-content\/uploads\/2024\/09\/IMG_2143-retouche-internet.jpg\" data-lightbox=\"sevgallery-362734374\">\n\t\t\t\t\t\t<img decoding=\"async\" src=\"https:\/\/camping-savoie-levaugrais.com\/wp-content\/uploads\/2024\/09\/IMG_2143-retouche-internet.jpg\" alt=\"concert\" loading=\"lazy\">\n\t\t\t\t\t<\/a>\n\t\t\t\t<\/div>\n\n\t\t\t\t\t\t\t\t\t<div class=\"w-100\"><\/div>\n\t\t\t\t\t\t\t\t\t\n\t\t\t\t\t\t\t\t\t\t\t\n\t\t\t\t\n\t\t\t\t<div class=\"sev-diaporama-portfolio-item col-12 col-lg \">\n\t\t\t\t\t<!--<a href=\"https:\/\/camping-savoie-levaugrais.com\/wp-content\/uploads\/2021\/07\/balade.jpg\" data-lightbox=\"sevgallery-362734374\" style=\"background-image: url(https:\/\/camping-savoie-levaugrais.com\/wp-content\/uploads\/2021\/07\/balade.jpg)\">-->\n\t\t\t\t\t<a href=\"https:\/\/camping-savoie-levaugrais.com\/wp-content\/uploads\/2021\/07\/balade.jpg\" data-lightbox=\"sevgallery-362734374\">\n\t\t\t\t\t\t<img decoding=\"async\" src=\"https:\/\/camping-savoie-levaugrais.com\/wp-content\/uploads\/2021\/07\/balade.jpg\" alt=\"\" loading=\"lazy\">\n\t\t\t\t\t<\/a>\n\t\t\t\t<\/div>\n\n\t\t\t\t\n\t\t\t\t\t\t\t\t\t\t\t\n\t\t\t\t\n\t\t\t\t<div class=\"sev-diaporama-portfolio-item col-12 col-lg  col-shrink\">\n\t\t\t\t\t<!--<a href=\"https:\/\/camping-savoie-levaugrais.com\/wp-content\/uploads\/2021\/07\/montagnefamille3jpg.jpg\" data-lightbox=\"sevgallery-362734374\" style=\"background-image: url(https:\/\/camping-savoie-levaugrais.com\/wp-content\/uploads\/2021\/07\/montagnefamille3jpg.jpg)\">-->\n\t\t\t\t\t<a href=\"https:\/\/camping-savoie-levaugrais.com\/wp-content\/uploads\/2021\/07\/montagnefamille3jpg.jpg\" data-lightbox=\"sevgallery-362734374\">\n\t\t\t\t\t\t<img decoding=\"async\" src=\"https:\/\/camping-savoie-levaugrais.com\/wp-content\/uploads\/2021\/07\/montagnefamille3jpg.jpg\" alt=\"\" loading=\"lazy\">\n\t\t\t\t\t<\/a>\n\t\t\t\t<\/div>\n\n\t\t\t\t\n\t\t\t\t\t\t\t\t\t\t\t\n\t\t\t\t\n\t\t\t\t<div class=\"sev-diaporama-portfolio-item col-12 col-lg  col-grow\">\n\t\t\t\t\t<!--<a href=\"https:\/\/camping-savoie-levaugrais.com\/wp-content\/uploads\/2021\/07\/balade1.jpg\" data-lightbox=\"sevgallery-362734374\" style=\"background-image: url(https:\/\/camping-savoie-levaugrais.com\/wp-content\/uploads\/2021\/07\/balade1.jpg)\">-->\n\t\t\t\t\t<a href=\"https:\/\/camping-savoie-levaugrais.com\/wp-content\/uploads\/2021\/07\/balade1.jpg\" data-lightbox=\"sevgallery-362734374\">\n\t\t\t\t\t\t<img decoding=\"async\" src=\"https:\/\/camping-savoie-levaugrais.com\/wp-content\/uploads\/2021\/07\/balade1.jpg\" alt=\"\" loading=\"lazy\">\n\t\t\t\t\t<\/a>\n\t\t\t\t<\/div>\n\n\t\t\t\t\n\t\t\t\t\t\t\t\t\t\t\t\n\t\t\t\t\n\t\t\t\t<div class=\"sev-diaporama-portfolio-item col-12 col-lg \">\n\t\t\t\t\t<!--<a href=\"https:\/\/camping-savoie-levaugrais.com\/wp-content\/uploads\/2021\/07\/autour-du-camping-1.jpg\" data-lightbox=\"sevgallery-362734374\" style=\"background-image: url(https:\/\/camping-savoie-levaugrais.com\/wp-content\/uploads\/2021\/07\/autour-du-camping-1.jpg)\">-->\n\t\t\t\t\t<a href=\"https:\/\/camping-savoie-levaugrais.com\/wp-content\/uploads\/2021\/07\/autour-du-camping-1.jpg\" data-lightbox=\"sevgallery-362734374\">\n\t\t\t\t\t\t<img decoding=\"async\" src=\"https:\/\/camping-savoie-levaugrais.com\/wp-content\/uploads\/2021\/07\/autour-du-camping-1.jpg\" alt=\"\" loading=\"lazy\">\n\t\t\t\t\t<\/a>\n\t\t\t\t<\/div>\n\n\t\t\t\t\t\t\t\t\t<div class=\"w-100\"><\/div>\n\t\t\t\t\t\t\t\t\t\n\t\t\t\t\t\t\t\t\t\t\t\t\t\t<\/div>\n\t\t\t<\/div>\n\n\t\t\t<script>\n\t\t\tjQuery(function($) {\n\n\t\t\t\tvar marginPortfolio = function() {\n\n\t\t\t\t\tvar $diapo          = $('#sevgallery-362734374');\n\t\t\t\t\tvar container_width = $diapo.parent().outerWidth();\n\t\t\t\t\tvar side            = ( $(window).innerWidth() - container_width ) \/ 2;\n\n\t\t\t\t\t$diapo.css( {\n\t\t\t\t\t\t'margin-left': '-' + side + 'px',\n\t\t\t\t\t\t'margin-right': '-' + side + 'px',\n\t\t\t\t\t} );\n\t\t\t\t};\n\n\t\t\t\t$( window ).resize( function() {\n\t\t\t\t\tmarginPortfolio();\n\t\t\t\t} );\n\t\t\t\tmarginPortfolio();\n\t\t\t});\n\t\t\t<\/script>\n\t\t\t\n","protected":false},"excerpt":{"rendered":"<p>Voldoening en ontspanning op de camping Bij ons vindt u geen schuimfeesten in het zwembad of een kinderclub. Hier is de belangrijkste bezigheid uitrusten onder de bomen, luisteren naar de vogels, een boek lezen. In Le Vaugrais bieden wij u een oase van rust waar de natuur koningin is: onder de bomen kunt u luisteren [&hellip;]<\/p>\n","protected":false},"author":1,"featured_media":0,"parent":0,"menu_order":0,"comment_status":"closed","ping_status":"closed","template":"","meta":{"_seopress_robots_primary_cat":"","_seopress_titles_title":"Camping met gratis activiteiten en animatie overdag en 's avonds","_seopress_titles_desc":"","_seopress_robots_index":"","_crdt_document":"","footnotes":""},"class_list":["post-4805","page","type-page","status-publish","hentry"],"_links":{"self":[{"href":"https:\/\/camping-savoie-levaugrais.com\/nl\/wp-json\/wp\/v2\/pages\/4805","targetHints":{"allow":["GET"]}}],"collection":[{"href":"https:\/\/camping-savoie-levaugrais.com\/nl\/wp-json\/wp\/v2\/pages"}],"about":[{"href":"https:\/\/camping-savoie-levaugrais.com\/nl\/wp-json\/wp\/v2\/types\/page"}],"author":[{"embeddable":true,"href":"https:\/\/camping-savoie-levaugrais.com\/nl\/wp-json\/wp\/v2\/users\/1"}],"replies":[{"embeddable":true,"href":"https:\/\/camping-savoie-levaugrais.com\/nl\/wp-json\/wp\/v2\/comments?post=4805"}],"version-history":[{"count":4,"href":"https:\/\/camping-savoie-levaugrais.com\/nl\/wp-json\/wp\/v2\/pages\/4805\/revisions"}],"predecessor-version":[{"id":17866,"href":"https:\/\/camping-savoie-levaugrais.com\/nl\/wp-json\/wp\/v2\/pages\/4805\/revisions\/17866"}],"wp:attachment":[{"href":"https:\/\/camping-savoie-levaugrais.com\/nl\/wp-json\/wp\/v2\/media?parent=4805"}],"curies":[{"name":"wp","href":"https:\/\/api.w.org\/{rel}","templated":true}]}}