{"id":4818,"date":"2021-10-08T11:23:03","date_gmt":"2021-10-08T09:23:03","guid":{"rendered":"https:\/\/camping-savoie-levaugrais.com\/de-diensten-van-een-3-sterren-camping\/"},"modified":"2025-11-10T19:44:35","modified_gmt":"2025-11-10T18:44:35","slug":"de-diensten-van-een-3-sterren-camping","status":"publish","type":"page","link":"https:\/\/camping-savoie-levaugrais.com\/nl\/de-diensten-van-een-3-sterren-camping\/","title":{"rendered":"De diensten van een 3-sterren camping"},"content":{"rendered":"<div class=\"wp-block-image\">\n<figure class=\"aligncenter size-large is-resized\"><img loading=\"lazy\" decoding=\"async\" width=\"1024\" height=\"576\" src=\"https:\/\/camping-savoie-levaugrais.com\/wp-content\/uploads\/2025\/01\/Nature-confort-detente-en-neerlandais-2-1024x576.jpg\" alt=\"\" class=\"wp-image-16311\" style=\"width:327px;height:auto\" srcset=\"https:\/\/camping-savoie-levaugrais.com\/wp-content\/uploads\/2025\/01\/Nature-confort-detente-en-neerlandais-2-1024x576.jpg 1024w, https:\/\/camping-savoie-levaugrais.com\/wp-content\/uploads\/2025\/01\/Nature-confort-detente-en-neerlandais-2-300x169.jpg 300w, https:\/\/camping-savoie-levaugrais.com\/wp-content\/uploads\/2025\/01\/Nature-confort-detente-en-neerlandais-2-768x432.jpg 768w, https:\/\/camping-savoie-levaugrais.com\/wp-content\/uploads\/2025\/01\/Nature-confort-detente-en-neerlandais-2-1536x864.jpg 1536w, https:\/\/camping-savoie-levaugrais.com\/wp-content\/uploads\/2025\/01\/Nature-confort-detente-en-neerlandais-2.jpg 1920w\" sizes=\"auto, (max-width: 1024px) 100vw, 1024px\" \/><\/figure>\n<\/div>\n\n\n<h2 class=\"wp-block-heading\">Camping in de buurt van Savoie met 3-sterrenservice<\/h2>\n\n\n\n<div class=\"wp-block-media-text is-stacked-on-mobile\"><figure class=\"wp-block-media-text__media\"><img loading=\"lazy\" decoding=\"async\" width=\"1200\" height=\"800\" src=\"https:\/\/camping-savoie-levaugrais.com\/wp-content\/uploads\/2025\/11\/accueil-chaleureux-camping-le-vaugrais-brochures-touristiques-terrasse.jpg.webp\" alt=\"Accueil chaleureux au camping Le Vaugrais avec services et informations touristiques\" class=\"wp-image-17753 size-full\"\/><\/figure><div class=\"wp-block-media-text__content\">\n<p class=\"wp-block-paragraph\"><strong>De receptie<\/strong><\/p>\n\n\n\n<p class=\"wp-block-paragraph\">Onze receptie staat tot uw beschikking om al uw vragen over onze camping te beantwoorden:<\/p>\n\n\n\n<p class=\"wp-block-paragraph\">Van april tot september:\nDagelijks geopend van 9.00 tot 12.00 uur en van 14.00 tot 19.00 uur (22.00 uur in juli en augustus)\nVan oktober tot maart:\nWij zijn telefonisch bereikbaar op 04\/79\/87\/37\/34\nLet op:\nVoor huurwoningen: aankomst is mogelijk vanaf 16.00 uur en vertrek moet voor 10.00 uur plaatsvinden.\nVoor kampeerplaatsen geldt: aankomst is mogelijk vanaf 14.00 uur en vertrek moet voor 12.00 uur plaatsvinden.<\/p>\n<\/div><\/div>\n\n\n\n<div class=\"wp-block-media-text has-media-on-the-right is-stacked-on-mobile\"><div class=\"wp-block-media-text__content\">\n<p class=\"wp-block-paragraph\"><strong>De snackbar<\/strong><\/p>\n\n\n\n<p class=\"wp-block-paragraph\">U vindt hier zeker iets naar uw smaak.<br>Op het terras of gewoon om mee te nemen, wij bieden een weekmenu en een mooi assortiment snacks.<\/p>\n\n\n\n<p class=\"wp-block-paragraph\">Als zoetekauw kunt u uw maaltijd afsluiten met een heerlijk ijsje, of gewoon op elk moment van de dag genieten van een ijsje met een frisdrankje of een kopje koffie op het terras.<\/p>\n<\/div><figure class=\"wp-block-media-text__media\"><img loading=\"lazy\" decoding=\"async\" width=\"1200\" height=\"800\" src=\"https:\/\/camping-savoie-levaugrais.com\/wp-content\/uploads\/2025\/11\/terrasse-couverte-snack-bar-camping-le-vaugrais-glaces-boisson.jpg.webp\" alt=\"Terrasse couverte du snack bar du camping Le Vaugrais \" class=\"wp-image-17761 size-full\"\/><\/figure><\/div>\n\n\n\n<div class=\"wp-block-media-text is-stacked-on-mobile\"><figure class=\"wp-block-media-text__media\"><img loading=\"lazy\" decoding=\"async\" width=\"1200\" height=\"800\" src=\"https:\/\/camping-savoie-levaugrais.com\/wp-content\/uploads\/2025\/11\/laverie-machines-a-laver-seche-linge-camping-le-vaugrais.jpg.webp\" alt=\"Laverie du Camping Le Vaugrais \u00e0 Artemare : machines \u00e0 laver et s\u00e8che-linge pour plus de confort\" class=\"wp-image-17805 size-full\"\/><\/figure><div class=\"wp-block-media-text__content\">\n<p class=\"wp-block-paragraph\"><strong>Voor uw comfort<\/strong><\/p>\n\n\n\n<p class=\"wp-block-paragraph\">Wifi op het hele terrein (tegen betaling)\nVerhuur van haardrogers en strijkplanken\nVerhuur van babyspullen: kinderstoel, badje, reisbedje (\u20ac 15 per verblijf)\nWasruimte: wasmachines (8 kg) \u20ac 5 en drogers (5 kg) \u20ac 4\nVerhuur van koelkasten (\u20ac 8\/dag)\nVerhuur van traditionele lakens (\u20ac 10\/bed\/1 persoon en \u20ac 12\/bed 2 personen); \u20ac 5 per set wegwerplakens\nMogelijkheid om uw blok ijs of fles te koelen bij de receptie (\u20ac 0,20\/fles)<\/p>\n<\/div><\/div>\n\n\n\n<div class=\"wp-block-media-text has-media-on-the-right is-stacked-on-mobile\"><div class=\"wp-block-media-text__content\">\n<p class=\"wp-block-paragraph\"><strong>Handige tips om te ontdekken op de camping<\/strong><\/p>\n\n\n\n<p class=\"wp-block-paragraph\">Bij de receptie vindt u:<\/p>\n\n\n\n<p class=\"wp-block-paragraph\">Het huishoudelijk reglement\nDe uitleen van elektrische adapters\nToeristische documentatie\nWandel- en mountainbikeroutes\nDe agenda met lokale evenementen (marktdagen)\nNoodnummers\nEen EHBO-doos<\/p>\n<\/div><figure class=\"wp-block-media-text__media\"><img loading=\"lazy\" decoding=\"async\" width=\"1200\" height=\"800\" src=\"https:\/\/camping-savoie-levaugrais.com\/wp-content\/uploads\/2025\/11\/accueil-terrasse-ombragee-lauriers-roses-camping-le-vaugrais.jpg.webp\" alt=\"accueil-terrasse-ombrag\u00e9e-lauriers-roses-camping-le-vaugrais.jpg.\" class=\"wp-image-17801 size-full\"\/><\/figure><\/div>\n\n\n\n<div class=\"wp-block-media-text is-stacked-on-mobile\"><figure class=\"wp-block-media-text__media\"><img loading=\"lazy\" decoding=\"async\" width=\"1200\" height=\"800\" src=\"https:\/\/camping-savoie-levaugrais.com\/wp-content\/uploads\/2025\/11\/bloc-sanitaire-camping-le-vaugrais.jpg.webp\" alt=\"Bloc sanitaire avec \u00e9viers et installations pour tous au Camping Le Vaugrais \u00e0 Artemare\" class=\"wp-image-17809 size-full\"\/><\/figure><div class=\"wp-block-media-text__content\">\n<p class=\"wp-block-paragraph\"><strong>Er zijn 3 sanitairgebouwen beschikbaar op de hele camping.<\/strong><\/p>\n\n\n\n<p class=\"wp-block-paragraph\">Sanitair (douche, toilet, afwasbak en wasbak) aangepast voor personen met beperkte mobiliteit.<\/p>\n<\/div><\/div>\n\n\n\n<div class=\"wp-block-media-text has-media-on-the-right is-stacked-on-mobile\"><div class=\"wp-block-media-text__content\">\n<p class=\"wp-block-paragraph\"><strong>Winkels en diensten in de buurt \u2013<\/strong><\/p>\n\n\n\n<p class=\"wp-block-paragraph\">op minder dan 5 minuten rijden in Artemare (1000 inwoners)<\/p>\n\n\n\n<p class=\"wp-block-paragraph\">Auberge du S\u00e9ran\nCarrefour Contact\nBakkerijen\nTabakswinkel\/krantenwinkel\nTraiteur\nApotheek\nDokterspraktijk: artsen, verpleegkundigen, kinesisten\nDierenarts\nPostkantoor\nPeugeot-garage\nLokale kruidenier en bulkwinkel<\/p>\n<\/div><figure class=\"wp-block-media-text__media\"><img loading=\"lazy\" decoding=\"async\" width=\"1200\" height=\"800\" src=\"https:\/\/camping-savoie-levaugrais.com\/wp-content\/uploads\/2025\/11\/vin-du-bugey-comte-fromage-terroir-camping-le-vaugrais.jpg.webp\" alt=\"Produits r\u00e9gionaux du Bugey : fromage Comt\u00e9 et vin du Bugey,\" class=\"wp-image-17749 size-full\"\/><\/figure><\/div>\n\n\n\t\t\t<div id=\"sevgallery-1002345786\" class=\"sev-diaporama sev-diaporama-portfolio\">\n\t\t\t<div class=\"row\">\n\n\t\t\t\n\t\t\t\t\n\t\t\t\t<div class=\"sev-diaporama-portfolio-item col-12 col-lg \">\n\t\t\t\t\t<!--<a href=\"https:\/\/camping-savoie-levaugrais.com\/wp-content\/uploads\/2021\/07\/IMG_9262.jpg\" data-lightbox=\"sevgallery-1002345786\" style=\"background-image: url(https:\/\/camping-savoie-levaugrais.com\/wp-content\/uploads\/2021\/07\/IMG_9262.jpg)\">-->\n\t\t\t\t\t<a href=\"https:\/\/camping-savoie-levaugrais.com\/wp-content\/uploads\/2021\/07\/IMG_9262.jpg\" data-lightbox=\"sevgallery-1002345786\">\n\t\t\t\t\t\t<img decoding=\"async\" src=\"https:\/\/camping-savoie-levaugrais.com\/wp-content\/uploads\/2021\/07\/IMG_9262.jpg\" alt=\"\" loading=\"lazy\">\n\t\t\t\t\t<\/a>\n\t\t\t\t<\/div>\n\n\t\t\t\t\n\t\t\t\t\t\t\t\t\t\t\t\n\t\t\t\t\n\t\t\t\t<div class=\"sev-diaporama-portfolio-item col-12 col-lg  col-shrink\">\n\t\t\t\t\t<!--<a href=\"https:\/\/camping-savoie-levaugrais.com\/wp-content\/uploads\/2021\/07\/IMG_9560.jpg\" data-lightbox=\"sevgallery-1002345786\" style=\"background-image: url(https:\/\/camping-savoie-levaugrais.com\/wp-content\/uploads\/2021\/07\/IMG_9560.jpg)\">-->\n\t\t\t\t\t<a href=\"https:\/\/camping-savoie-levaugrais.com\/wp-content\/uploads\/2021\/07\/IMG_9560.jpg\" data-lightbox=\"sevgallery-1002345786\">\n\t\t\t\t\t\t<img decoding=\"async\" src=\"https:\/\/camping-savoie-levaugrais.com\/wp-content\/uploads\/2021\/07\/IMG_9560.jpg\" alt=\"\" loading=\"lazy\">\n\t\t\t\t\t<\/a>\n\t\t\t\t<\/div>\n\n\t\t\t\t\n\t\t\t\t\t\t\t\t\t\t\t\n\t\t\t\t\n\t\t\t\t<div class=\"sev-diaporama-portfolio-item col-12 col-lg \">\n\t\t\t\t\t<!--<a href=\"https:\/\/camping-savoie-levaugrais.com\/wp-content\/uploads\/2021\/07\/barbecue.jpg\" data-lightbox=\"sevgallery-1002345786\" style=\"background-image: url(https:\/\/camping-savoie-levaugrais.com\/wp-content\/uploads\/2021\/07\/barbecue.jpg)\">-->\n\t\t\t\t\t<a href=\"https:\/\/camping-savoie-levaugrais.com\/wp-content\/uploads\/2021\/07\/barbecue.jpg\" data-lightbox=\"sevgallery-1002345786\">\n\t\t\t\t\t\t<img decoding=\"async\" src=\"https:\/\/camping-savoie-levaugrais.com\/wp-content\/uploads\/2021\/07\/barbecue.jpg\" alt=\"\" loading=\"lazy\">\n\t\t\t\t\t<\/a>\n\t\t\t\t<\/div>\n\n\t\t\t\t\t\t\t\t\t<div class=\"w-100\"><\/div>\n\t\t\t\t\t\t\t\t\t\n\t\t\t\t\t\t\t\t\t\t\t\n\t\t\t\t\n\t\t\t\t<div class=\"sev-diaporama-portfolio-item col-12 col-lg \">\n\t\t\t\t\t<!--<a href=\"https:\/\/camping-savoie-levaugrais.com\/wp-content\/uploads\/2024\/09\/IMG_2322-retouche-internet-2.jpg\" data-lightbox=\"sevgallery-1002345786\" style=\"background-image: url(https:\/\/camping-savoie-levaugrais.com\/wp-content\/uploads\/2024\/09\/IMG_2322-retouche-internet-2.jpg)\">-->\n\t\t\t\t\t<a href=\"https:\/\/camping-savoie-levaugrais.com\/wp-content\/uploads\/2024\/09\/IMG_2322-retouche-internet-2.jpg\" data-lightbox=\"sevgallery-1002345786\">\n\t\t\t\t\t\t<img decoding=\"async\" src=\"https:\/\/camping-savoie-levaugrais.com\/wp-content\/uploads\/2024\/09\/IMG_2322-retouche-internet-2.jpg\" alt=\"snack\" loading=\"lazy\">\n\t\t\t\t\t<\/a>\n\t\t\t\t<\/div>\n\n\t\t\t\t\n\t\t\t\t\t\t\t\t\t\t\t\n\t\t\t\t\n\t\t\t\t<div class=\"sev-diaporama-portfolio-item col-12 col-lg \">\n\t\t\t\t\t<!--<a href=\"https:\/\/camping-savoie-levaugrais.com\/wp-content\/uploads\/2024\/09\/IMG_2196-internet.jpg\" data-lightbox=\"sevgallery-1002345786\" style=\"background-image: url(https:\/\/camping-savoie-levaugrais.com\/wp-content\/uploads\/2024\/09\/IMG_2196-internet.jpg)\">-->\n\t\t\t\t\t<a href=\"https:\/\/camping-savoie-levaugrais.com\/wp-content\/uploads\/2024\/09\/IMG_2196-internet.jpg\" data-lightbox=\"sevgallery-1002345786\">\n\t\t\t\t\t\t<img decoding=\"async\" src=\"https:\/\/camping-savoie-levaugrais.com\/wp-content\/uploads\/2024\/09\/IMG_2196-internet.jpg\" alt=\"snack\" loading=\"lazy\">\n\t\t\t\t\t<\/a>\n\t\t\t\t<\/div>\n\n\t\t\t\t\n\t\t\t\t\t\t\t\t\t\t\t\n\t\t\t\t\n\t\t\t\t<div class=\"sev-diaporama-portfolio-item col-12 col-lg \">\n\t\t\t\t\t<!--<a href=\"https:\/\/camping-savoie-levaugrais.com\/wp-content\/uploads\/2022\/10\/Camping-le-Vaugrais_58retoucheweb-2.jpg\" data-lightbox=\"sevgallery-1002345786\" style=\"background-image: url(https:\/\/camping-savoie-levaugrais.com\/wp-content\/uploads\/2022\/10\/Camping-le-Vaugrais_58retoucheweb-2.jpg)\">-->\n\t\t\t\t\t<a href=\"https:\/\/camping-savoie-levaugrais.com\/wp-content\/uploads\/2022\/10\/Camping-le-Vaugrais_58retoucheweb-2.jpg\" data-lightbox=\"sevgallery-1002345786\">\n\t\t\t\t\t\t<img decoding=\"async\" src=\"https:\/\/camping-savoie-levaugrais.com\/wp-content\/uploads\/2022\/10\/Camping-le-Vaugrais_58retoucheweb-2.jpg\" alt=\"Camping le Vaugrais\" loading=\"lazy\">\n\t\t\t\t\t<\/a>\n\t\t\t\t<\/div>\n\n\t\t\t\t\t\t\t\t\t<div class=\"w-100\"><\/div>\n\t\t\t\t\t\t\t\t\t\n\t\t\t\t\t\t\t\t\t\t\t\n\t\t\t\t\n\t\t\t\t<div class=\"sev-diaporama-portfolio-item col-12 col-lg \">\n\t\t\t\t\t<!--<a href=\"https:\/\/camping-savoie-levaugrais.com\/wp-content\/uploads\/2022\/10\/Camping-le-Vaugrais_24retoucheweb-1.jpg\" data-lightbox=\"sevgallery-1002345786\" style=\"background-image: url(https:\/\/camping-savoie-levaugrais.com\/wp-content\/uploads\/2022\/10\/Camping-le-Vaugrais_24retoucheweb-1.jpg)\">-->\n\t\t\t\t\t<a href=\"https:\/\/camping-savoie-levaugrais.com\/wp-content\/uploads\/2022\/10\/Camping-le-Vaugrais_24retoucheweb-1.jpg\" data-lightbox=\"sevgallery-1002345786\">\n\t\t\t\t\t\t<img decoding=\"async\" src=\"https:\/\/camping-savoie-levaugrais.com\/wp-content\/uploads\/2022\/10\/Camping-le-Vaugrais_24retoucheweb-1.jpg\" alt=\"Camping le Vaugrais\" loading=\"lazy\">\n\t\t\t\t\t<\/a>\n\t\t\t\t<\/div>\n\n\t\t\t\t\n\t\t\t\t\t\t\t\t\t\t\t\n\t\t\t\t\n\t\t\t\t<div class=\"sev-diaporama-portfolio-item col-12 col-lg \">\n\t\t\t\t\t<!--<a href=\"https:\/\/camping-savoie-levaugrais.com\/wp-content\/uploads\/2022\/10\/Camping-le-Vaugrais_22retoucheweb-1.jpg\" data-lightbox=\"sevgallery-1002345786\" style=\"background-image: url(https:\/\/camping-savoie-levaugrais.com\/wp-content\/uploads\/2022\/10\/Camping-le-Vaugrais_22retoucheweb-1.jpg)\">-->\n\t\t\t\t\t<a href=\"https:\/\/camping-savoie-levaugrais.com\/wp-content\/uploads\/2022\/10\/Camping-le-Vaugrais_22retoucheweb-1.jpg\" data-lightbox=\"sevgallery-1002345786\">\n\t\t\t\t\t\t<img decoding=\"async\" src=\"https:\/\/camping-savoie-levaugrais.com\/wp-content\/uploads\/2022\/10\/Camping-le-Vaugrais_22retoucheweb-1.jpg\" alt=\"Camping le Vaugrais\" loading=\"lazy\">\n\t\t\t\t\t<\/a>\n\t\t\t\t<\/div>\n\n\t\t\t\t\n\t\t\t\t\t\t\t\t\t\t\t\n\t\t\t\t\n\t\t\t\t<div class=\"sev-diaporama-portfolio-item col-12 col-lg  col-shrink\">\n\t\t\t\t\t<!--<a href=\"https:\/\/camping-savoie-levaugrais.com\/wp-content\/uploads\/2022\/10\/093-retoucheweb-1.jpg\" data-lightbox=\"sevgallery-1002345786\" style=\"background-image: url(https:\/\/camping-savoie-levaugrais.com\/wp-content\/uploads\/2022\/10\/093-retoucheweb-1.jpg)\">-->\n\t\t\t\t\t<a href=\"https:\/\/camping-savoie-levaugrais.com\/wp-content\/uploads\/2022\/10\/093-retoucheweb-1.jpg\" data-lightbox=\"sevgallery-1002345786\">\n\t\t\t\t\t\t<img decoding=\"async\" src=\"https:\/\/camping-savoie-levaugrais.com\/wp-content\/uploads\/2022\/10\/093-retoucheweb-1.jpg\" alt=\"Camping le Vaugrais\" loading=\"lazy\">\n\t\t\t\t\t<\/a>\n\t\t\t\t<\/div>\n\n\t\t\t\t\t\t\t\t\t<div class=\"w-100\"><\/div>\n\t\t\t\t\t\t\t\t\t\n\t\t\t\t\t\t\t\t\t\t\t\t\t\t<\/div>\n\t\t\t<\/div>\n\n\t\t\t<script>\n\t\t\tjQuery(function($) {\n\n\t\t\t\tvar marginPortfolio = function() {\n\n\t\t\t\t\tvar $diapo          = $('#sevgallery-1002345786');\n\t\t\t\t\tvar container_width = $diapo.parent().outerWidth();\n\t\t\t\t\tvar side            = ( $(window).innerWidth() - container_width ) \/ 2;\n\n\t\t\t\t\t$diapo.css( {\n\t\t\t\t\t\t'margin-left': '-' + side + 'px',\n\t\t\t\t\t\t'margin-right': '-' + side + 'px',\n\t\t\t\t\t} );\n\t\t\t\t};\n\n\t\t\t\t$( window ).resize( function() {\n\t\t\t\t\tmarginPortfolio();\n\t\t\t\t} );\n\t\t\t\tmarginPortfolio();\n\t\t\t});\n\t\t\t<\/script>\n\t\t\t\n\n\n\n<p class=\"wp-block-paragraph\"><\/p>\n","protected":false},"excerpt":{"rendered":"<p>Camping in de buurt van Savoie met 3-sterrenservice De receptie Onze receptie staat tot uw beschikking om al uw vragen over onze camping te beantwoorden: Van april tot september: Dagelijks geopend van 9.00 tot 12.00 uur en van 14.00 tot 19.00 uur (22.00 uur in juli en augustus) Van oktober tot maart: Wij zijn telefonisch [&hellip;]<\/p>\n","protected":false},"author":1,"featured_media":0,"parent":0,"menu_order":0,"comment_status":"closed","ping_status":"closed","template":"","meta":{"_seopress_robots_primary_cat":"","_seopress_titles_title":"Camping in de buurt van Savoie met 3 sterren diensten Le Vaugrais","_seopress_titles_desc":"","_seopress_robots_index":"","_crdt_document":"","footnotes":""},"class_list":["post-4818","page","type-page","status-publish","hentry"],"_links":{"self":[{"href":"https:\/\/camping-savoie-levaugrais.com\/nl\/wp-json\/wp\/v2\/pages\/4818","targetHints":{"allow":["GET"]}}],"collection":[{"href":"https:\/\/camping-savoie-levaugrais.com\/nl\/wp-json\/wp\/v2\/pages"}],"about":[{"href":"https:\/\/camping-savoie-levaugrais.com\/nl\/wp-json\/wp\/v2\/types\/page"}],"author":[{"embeddable":true,"href":"https:\/\/camping-savoie-levaugrais.com\/nl\/wp-json\/wp\/v2\/users\/1"}],"replies":[{"embeddable":true,"href":"https:\/\/camping-savoie-levaugrais.com\/nl\/wp-json\/wp\/v2\/comments?post=4818"}],"version-history":[{"count":9,"href":"https:\/\/camping-savoie-levaugrais.com\/nl\/wp-json\/wp\/v2\/pages\/4818\/revisions"}],"predecessor-version":[{"id":17870,"href":"https:\/\/camping-savoie-levaugrais.com\/nl\/wp-json\/wp\/v2\/pages\/4818\/revisions\/17870"}],"wp:attachment":[{"href":"https:\/\/camping-savoie-levaugrais.com\/nl\/wp-json\/wp\/v2\/media?parent=4818"}],"curies":[{"name":"wp","href":"https:\/\/api.w.org\/{rel}","templated":true}]}}