{"id":4830,"date":"2021-10-08T11:23:12","date_gmt":"2021-10-08T09:23:12","guid":{"rendered":"https:\/\/camping-savoie-levaugrais.com\/neem-contact-op-met\/"},"modified":"2021-10-08T11:24:04","modified_gmt":"2021-10-08T09:24:04","slug":"neem-contact-op-met","status":"publish","type":"page","link":"https:\/\/camping-savoie-levaugrais.com\/nl\/neem-contact-op-met\/","title":{"rendered":"Neem contact op met"},"content":{"rendered":"\n<p class=\"wp-block-paragraph\">\t\t\t\t<form action=\"\" class=\"form-contact sevform needs-validation\" data-form-type=\"contact\" role=\"form\" method=\"post\" novalidate>\n\t\t\t<div class=\"form-row\">\n\t\t\t\t\t\t<div class=\"form-group col-md-6 \">\n\n\t\t\t<label class=\"col-form-label\" for=\"nom_nom\">\n\t\t\t\tNom * \n\t\t\t<\/label>\n\n\t\t\t<input type=\"text\" id=\"nom_nom\" name=\"nom\" class=\"form-control\" value=\"\"  required>\n\n\t\t\t<div class=\"invalid-feedback\">Merci de renseigner votre nom<\/div>\n\t\t<\/div>\n\t\t\t\t<div class=\"form-group col-md-6 \">\n\n\t\t\t<label class=\"col-form-label\" for=\"prenom_prenom\">\n\t\t\t\tPr\u00e9nom \n\t\t\t<\/label>\n\n\t\t\t<input type=\"text\" id=\"prenom_prenom\" name=\"prenom\" class=\"form-control\" value=\"\" >\n\n\t\t\t<div class=\"invalid-feedback\">Merci de renseigner votre pr\u00e9nom<\/div>\n\t\t<\/div>\n\t\t\t\t\t<\/div>\n\t\t\t<div class=\"form-row\">\n\t\t\t\t\t\t<div class=\"form-group col-md-6 \">\n\n\t\t\t<label class=\"col-form-label\" for=\"email_email\">\n\t\t\t\tE-mail * \n\t\t\t<\/label>\n\n\t\t\t<input type=\"email\" id=\"email_email\" name=\"email\" class=\"form-control\" value=\"\"  required>\n\n\t\t\t<div class=\"invalid-feedback\">Merci de renseigner une adresse e-mail valide<\/div>\n\t\t<\/div>\n\t\t\t\t<div class=\"form-group col-md-6 \">\n\n\t\t\t<label class=\"col-form-label\" for=\"tel_tel\">\n\t\t\t\tT\u00e9l\u00e9phone \n\t\t\t<\/label>\n\n\t\t\t<input type=\"tel\" id=\"tel_tel\" name=\"tel\" class=\"form-control\" value=\"\" >\n\n\t\t\t<div class=\"invalid-feedback\">Merci de renseigner un num\u00e9ro de t\u00e9l\u00e9phone valide<\/div>\n\t\t<\/div>\n\t\t\t\t\t<\/div>\n\n\t\t\t\t\t<div class=\"form-group \">\n\n\t\t\t<label class=\"col-form-label\" for=\"adresse_adresse\">\n\t\t\t\tAdresse \n\t\t\t<\/label>\n\n\t\t\t<input type=\"text\" id=\"adresse_adresse\" name=\"adresse\" class=\"form-control\" value=\"\" >\n\n\t\t\t<div class=\"invalid-feedback\">Merci de renseigner votre adresse<\/div>\n\t\t<\/div>\n\t\t\n\t\t\t<div class=\"form-row\">\n\t\t\t\t\t<div class=\"form-group col-md-6 \">\n\n\t\t\t<label class=\"col-form-label\" for=\"cp_cp\">\n\t\t\t\tCode postal \n\t\t\t<\/label>\n\n\t\t\t<input type=\"text\" id=\"cp_cp\" name=\"cp\" class=\"form-control\" value=\"\" >\n\n\t\t\t<div class=\"invalid-feedback\">Merci de renseigner votre code postal<\/div>\n\t\t<\/div>\n\t\t\t\t<div class=\"form-group col-md-6 \">\n\n\t\t\t<label class=\"col-form-label\" for=\"ville_ville\">\n\t\t\t\tVille \n\t\t\t<\/label>\n\n\t\t\t<input type=\"text\" id=\"ville_ville\" name=\"ville\" class=\"form-control\" value=\"\" >\n\n\t\t\t<div class=\"invalid-feedback\">Merci de renseigner votre commune<\/div>\n\t\t<\/div>\n\t\t\t\t\t<\/div>\n\n\t\t\t\t\t<div class=\"form-group \">\n\n\t\t\t<label class=\"col-form-label\" for=\"msg_msg\">\n\t\t\t\tMessage * \n\t\t\t<\/label>\n\n\t\t\t<textarea name=\"msg\" id=\"msg_msg\" class=\"form-control\" rows=\"3\"  required><\/textarea>\n\n\t\t\t<div class=\"invalid-feedback\">Merci de sp\u00e9cifier votre demande<\/div>\n\t\t<\/div>\n\t\t\n\t\t\t\t\t<div class=\"form-group \">\n\n\t\t\t\t\t\t<div class=\"form-check\">\n\n\t\t\t\t\t\t\t\t<input class=\"form-check-input\" type=\"checkbox\" value=\"1\" name=\"rgpd\" id=\"rgpd_rgpd\"  required >\n\n\t\t\t\t<label class=\"form-check-label\" for=\"rgpd_rgpd\">\n\t\t\t\t\tJ&#039;accepte que les informations saisies soient exploit\u00e9es dans le cadre de la demande d&#039;information et de la relation commerciale qui peut en d\u00e9couler  *\t\t\t\t<\/label>\n\n\t\t\t\t<div class=\"invalid-feedback\">Votre consentement est requis<\/div>\n\t\t\t<\/div>\n\t\t\t\t\t<\/div>\n\t\t\n\t\t\t\t\t<div class=\"form-group \">\n\n\t\t\t<div class=\"h-captcha\" data-sitekey=\"1a87f2b1-f697-42de-bdf3-ea88f36c5024\"><\/div>\n\t\t\t<div class=\"invalid-feedback\">La v\u00e9rification du captcha a \u00e9chou\u00e9e. Veuillez essayer de nouveau<\/div>\n\t\t<\/div>\n\t\t\n\t\t\t<div class=\"form-group contact-texte-container\">\n\t\t\t\t<input type=\"text\" class=\"contact-texte\" name=\"texte\" value=\"\">\n\t\t\t<\/div>\n\n\t\t\t<div class=\"form-group text-center\">\n\t\t\t\t<input type=\"hidden\" name=\"nonce\" value=\"d144b20f3c\">\n\t\t\t\t\t\t\t\t<button type=\"submit\" name=\"submit\" class=\"btn btn-primary\">Envoyer<\/button>\n\t\t\t\t<small class=\"ml-3\">*Champ obligatoire<\/small>\n\t\t\t<\/div>\n\n\t\t\t<p><small>\n\t\t\t\tConform\u00e9ment aux dispositions du Code de la Consommation (Article L. 223-2 du code de la consommation) afin d&#039;\u00e9viter tout d\u00e9marchage t\u00e9l\u00e9phonique vous pouvez vous inscrire sur la liste d&#039;opposition au d\u00e9marchage t\u00e9l\u00e9phonique \u00ab Bloctel \u00bb, sur laquelle vous pouvez vous inscrire ici : <a href=\"https:\/\/conso.bloctel.fr\" target=\"_blank\">https:\/\/conso.bloctel.fr<\/a>\n\t\t\t<\/small><\/p>\n\n\t\t\t\t\t<script>\n\t\t\/*jshint esversion: 6 *\/\n\t\t( function() {\n\t\t\t'use strict';\n\t\t\twindow.addEventListener( 'load', function() {\n\n\t\t\t\tvar SEVForms       = document.getElementsByClassName( 'sevform' );\n\t\t\t\tvar submitSevForms = Array.prototype.filter.call( SEVForms, function( form ) {\n\n\t\t\t\t\tform.addEventListener( 'submit', function( event ) {\n\n\t\t\t\t\t\t\/\/ Fields validation.\n\t\t\t\t\t\tif ( form.classList.contains( 'needs-validation' ) ) {\n\n\t\t\t\t\t\t\tform.classList.add('was-validated');\n\n\t\t\t\t\t\t\tif ( form.checkValidity() === false ) {\n\n\t\t\t\t\t\t\t\tevent.preventDefault();\n\t\t\t\t\t\t\t\tevent.stopPropagation();\n\n\t\t\t\t\t\t\t\treturn false;\n\t\t\t\t\t\t\t}\n\t\t\t\t\t\t}\n\n\t\t\t\t\t\t\/\/ AJAX send.\n\t\t\t\t\t\tif ( form.classList.contains( 'send-with-ajax' ) ) {\n\n\t\t\t\t\t\t\tevent.preventDefault();\n\t\t\t\t\t\t\tevent.stopPropagation();\n\n\t\t\t\t\t\t\tvar httpRequest, data, formData, formType;\n\n\t\t\t\t\t\t\thttpRequest = new XMLHttpRequest();\n\t\t\t\t\t\t\tformData    = new FormData( form );\n\t\t\t\t\t\t\tformType    = form.getAttribute( 'data-form-type' );\n\t\t\t\t\t\t\tdata        = 'action=sevform_submit';\n\t\t\t\t\t\t\tdata       += '&type=' + formType;\n\n\t\t\t\t\t\t\tfor( var pair of formData.entries() ) {\n\t\t\t\t\t\t\t\tdata += '&' + pair[0] + '=' + pair[1];\n\t\t\t\t\t\t\t}\n\n\t\t\t\t\t\t\thttpRequest.onreadystatechange = function() {\n\n\t\t\t\t\t\t\t\tif ( httpRequest.readyState === XMLHttpRequest.DONE ) {\n\n\t\t\t\t\t\t\t\t\tif ( httpRequest.status === 200 ) {\n\n\t\t\t\t\t\t\t\t\t\tvar response = JSON.parse( httpRequest.responseText );\n\n\t\t\t\t\t\t\t\t\t\tif ( 'true' == xhr.responseText ) {\n\t\t\t\t\t\t\t\t\t\t\treturn true;\n\t\t\t\t\t\t\t\t\t\t}\n\t\t\t\t\t\t\t\t\t} else {\n\t\t\t\t\t\t\t\t\t\tconsole.log( 'There was a problem with the request.' );\n\t\t\t\t\t\t\t\t\t}\n\t\t\t\t\t\t\t\t}\n\t\t\t\t\t\t\t};\n\t\t\t\t\t\t\thttpRequest.open( 'POST', AjaxVar.ajaxurl );\n\t\t\t\t\t\t\thttpRequest.setRequestHeader( 'Content-Type', 'application\/x-www-form-urlencoded; charset=UTF-8' );\n\t\t\t\t\t\t\thttpRequest.send( data );\n\t\t\t\t\t\t}\n\t\t\t\t\t}, false );\n\t\t\t\t} );\n\t\t\t}, false );\n\t\t} )();\n\t\t<\/script>\n\t\t\t\t<\/form>\n\t\t<\/p>\n","protected":false},"excerpt":{"rendered":"","protected":false},"author":1,"featured_media":0,"parent":0,"menu_order":0,"comment_status":"closed","ping_status":"closed","template":"","meta":{"_seopress_robots_primary_cat":"","_seopress_titles_title":"","_seopress_titles_desc":"","_seopress_robots_index":"","_crdt_document":"","footnotes":""},"class_list":["post-4830","page","type-page","status-publish","hentry"],"_links":{"self":[{"href":"https:\/\/camping-savoie-levaugrais.com\/nl\/wp-json\/wp\/v2\/pages\/4830","targetHints":{"allow":["GET"]}}],"collection":[{"href":"https:\/\/camping-savoie-levaugrais.com\/nl\/wp-json\/wp\/v2\/pages"}],"about":[{"href":"https:\/\/camping-savoie-levaugrais.com\/nl\/wp-json\/wp\/v2\/types\/page"}],"author":[{"embeddable":true,"href":"https:\/\/camping-savoie-levaugrais.com\/nl\/wp-json\/wp\/v2\/users\/1"}],"replies":[{"embeddable":true,"href":"https:\/\/camping-savoie-levaugrais.com\/nl\/wp-json\/wp\/v2\/comments?post=4830"}],"version-history":[{"count":5,"href":"https:\/\/camping-savoie-levaugrais.com\/nl\/wp-json\/wp\/v2\/pages\/4830\/revisions"}],"predecessor-version":[{"id":4871,"href":"https:\/\/camping-savoie-levaugrais.com\/nl\/wp-json\/wp\/v2\/pages\/4830\/revisions\/4871"}],"wp:attachment":[{"href":"https:\/\/camping-savoie-levaugrais.com\/nl\/wp-json\/wp\/v2\/media?parent=4830"}],"curies":[{"name":"wp","href":"https:\/\/api.w.org\/{rel}","templated":true}]}}